{"id":16756,"date":"2025-01-21T05:52:04","date_gmt":"2025-01-21T05:52:04","guid":{"rendered":"https:\/\/www.hydraulic-cylinders.net\/product\/arm-cylinder-for-nante-nt20\/"},"modified":"2025-01-21T05:52:06","modified_gmt":"2025-01-21T05:52:06","slug":"arm-cylinder-for-nante-nt20","status":"publish","type":"product","link":"https:\/\/www.hydraulic-cylinders.net\/pt\/produto\/arm-cylinder-for-nante-nt20\/","title":{"rendered":"Cilindro do bra\u00e7o para Nante NT20"},"content":{"rendered":"<h2>Cilindro do bra\u00e7o para Nante NT20<\/h2>\n<p>O cilindro do bra\u00e7o \u00e9 um cilindro hidr\u00e1ulico especialmente projetado para fornecer movimento linear e pot\u00eancia aos bra\u00e7os de diversos tipos de m\u00e1quinas, como escavadeiras, guindastes e manipuladores. O cilindro do bra\u00e7o desempenha um papel crucial no sistema hidr\u00e1ulico, permitindo que ferramentas ou acess\u00f3rios adicionais se movam e sejam controlados com efic\u00e1cia. Esses cilindros n\u00e3o apenas proporcionam um movimento suave, mas tamb\u00e9m t\u00eam a capacidade de suportar cargas pesadas, garantindo a opera\u00e7\u00e3o eficiente e a confiabilidade da m\u00e1quina em diversas condi\u00e7\u00f5es de trabalho.<\/p>\n<p><img loading=\"lazy\" decoding=\"async\" src=\"https:\/\/www.hydraulic-cylinders.net\/wp-content\/uploads\/2025\/01\/songte-company-2.webp\" alt=\"Cilindro do bra\u00e7o para Nante NT20\" width=\"600\" height=\"400\"><\/p>\n<h2>Caracter\u00edsticas do produto<\/h2>\n<ul>\n<li>\n<h3>Transmiss\u00e3o de energia eficiente<\/h3>\n<p>O cilindro do bra\u00e7o pode fornecer movimento linear e for\u00e7a potentes, garantindo o alto desempenho do manipulador em diversas opera\u00e7\u00f5es.<\/p>\n<\/li>\n<li>\n<h3>Controle preciso<\/h3>\n<p>Por meio do sistema hidr\u00e1ulico, o cilindro do bra\u00e7o consegue um controle preciso do movimento, tornando a opera\u00e7\u00e3o de ferramentas adicionais mais flex\u00edvel e precisa.<\/p>\n<\/li>\n<li>\n<h3>Durabilidade<\/h3>\n<p>O cilindro do bra\u00e7o \u00e9 geralmente feito de materiais de alta resist\u00eancia, com boa resist\u00eancia ao desgaste e \u00e0 corros\u00e3o, adequado para uso prolongado em ambientes agressivos.<\/p>\n<\/li>\n<li>\n<h3>Adaptabilidade multifuncional<\/h3>\n<p>Esses cilindros podem ser amplamente utilizados em diversos equipamentos mec\u00e2nicos, como escavadeiras, guindastes e manipuladores, para se adaptarem a diferentes requisitos de trabalho.<\/p>\n<\/li>\n<li>\n<h3>Manuten\u00e7\u00e3o f\u00e1cil<\/h3>\n<p>O projeto leva em considera\u00e7\u00e3o a facilidade de manuten\u00e7\u00e3o e substitui\u00e7\u00e3o, tornando a inspe\u00e7\u00e3o e a manuten\u00e7\u00e3o regulares mais convenientes e reduzindo o tempo de inatividade do equipamento.<\/p>\n<\/li>\n<\/ul>\n<p>Podemos fabricar este produto, e nossos produtos podem substituir perfeitamente esses cilindros hidr\u00e1ulicos.<\/p>\n<p><img loading=\"lazy\" decoding=\"async\" src=\"https:\/\/www.hydraulic-cylinders.net\/wp-content\/uploads\/2025\/01\/songte-oil-pipes-and-spare-parts.webp\" alt=\"Pe\u00e7as de reposi\u00e7\u00e3o para cilindros hidr\u00e1ulicos\" width=\"600\" height=\"400\"><\/p>\n<h2>Aplica\u00e7\u00f5es<\/h2>\n<ul>\n<li>\n<h3>Engenharia de Constru\u00e7\u00e3o<\/h3>\n<p>Em escavadeiras e guindastes, os cilindros de bra\u00e7o s\u00e3o usados \u200b\u200bpara controlar o movimento das ca\u00e7ambas ou das lan\u00e7as para movimenta\u00e7\u00e3o de terra, manuseio de materiais e instala\u00e7\u00e3o de estruturas.<\/p>\n<\/li>\n<li>\n<h3>Fabrica\u00e7\u00e3o<\/h3>\n<p>Em linhas de produ\u00e7\u00e3o automatizadas, cilindros de bra\u00e7o s\u00e3o usados \u200b\u200bpara movimentar manipuladores, como os utilizados em montagem, soldagem e manuseio de materiais, a fim de melhorar a efici\u00eancia e a precis\u00e3o da produ\u00e7\u00e3o.<\/p>\n<\/li>\n<li>\n<h3>Maquinaria agr\u00edcola<\/h3>\n<p>Em m\u00e1quinas agr\u00edcolas como colheitadeiras e plantadeiras, os cilindros dos bra\u00e7os controlam o movimento dos bra\u00e7os operacionais para realizar tarefas como semear, fertilizar e colher.<\/p>\n<\/li>\n<li>\n<h3>Minera\u00e7\u00e3o<\/h3>\n<p>Em equipamentos de minera\u00e7\u00e3o, os cilindros de bra\u00e7o s\u00e3o usados \u200b\u200bpara controlar o movimento do bra\u00e7o do equipamento durante a extra\u00e7\u00e3o e o transporte de min\u00e9rios.<\/p>\n<\/li>\n<li>\n<h3>Log\u00edstica e Transporte<\/h3>\n<p>Em empilhadeiras e rob\u00f4s de movimenta\u00e7\u00e3o, os cilindros dos bra\u00e7os s\u00e3o usados \u200b\u200bpara controlar o levantamento e o movimento dos garfos para movimenta\u00e7\u00e3o e empilhamento de materiais.<\/p>\n<\/li>\n<\/ul>\n<h2>Considera\u00e7\u00f5es de design e crit\u00e9rios de sele\u00e7\u00e3o<\/h2>\n<ul>\n<li>\n<h3>Capacidade de suporte<\/h3>\n<p>A capacidade de carga do cilindro do bra\u00e7o \u00e9 um fator importante em seu projeto. Ele deve ser capaz de suportar a carga m\u00e1xima que possa encontrar durante a opera\u00e7\u00e3o.<\/p>\n<\/li>\n<li>\n<h3>Selagem<\/h3>\n<p>O cilindro do bra\u00e7o requer um bom projeto de veda\u00e7\u00e3o para evitar vazamentos de \u00f3leo e garantir um funcionamento eficiente.<\/p>\n<\/li>\n<li>\n<h3>Durabilidade<\/h3>\n<p>O cilindro do bra\u00e7o deve ser feito de materiais de alta resist\u00eancia, com boa resist\u00eancia ao desgaste e \u00e0 corros\u00e3o, para garantir o uso a longo prazo em ambientes agressivos.<\/p>\n<\/li>\n<li>\n<h3>Seguran\u00e7a<\/h3>\n<p>O projeto do cilindro do bra\u00e7o deve levar em considera\u00e7\u00e3o aspectos de seguran\u00e7a, como a preven\u00e7\u00e3o de acidentes causados \u200b\u200bpor sobrecarga ou vazamento.<\/p>\n<\/li>\n<li>\n<h3>Manuten\u00e7\u00e3o<\/h3>\n<p>O projeto deve levar em considera\u00e7\u00e3o a facilidade de manuten\u00e7\u00e3o e substitui\u00e7\u00e3o, tornando mais conveniente a inspe\u00e7\u00e3o e manuten\u00e7\u00e3o regulares e reduzindo o tempo de inatividade do equipamento.<\/p>\n<\/li>\n<\/ul>\n<p><img loading=\"lazy\" decoding=\"async\" src=\"https:\/\/www.hydraulic-cylinders.net\/wp-content\/uploads\/2025\/01\/songte-cylinder-head-with-all-kinds-excavator-models.webp\" alt=\"Cabe\u00e7ote de cilindro hidr\u00e1ulico\" width=\"600\" height=\"400\"><\/p>\n<h2>Veda\u00e7\u00e3o e Lubrifica\u00e7\u00e3o<\/h2>\n<p>O cilindro do bra\u00e7o utiliza diversos componentes de veda\u00e7\u00e3o, como veda\u00e7\u00f5es de pist\u00e3o e veda\u00e7\u00f5es de haste, fabricados com materiais resistentes ao desgaste, como poliuretano e borracha nitr\u00edlica. As superf\u00edcies do furo do cilindro e das extremidades da rosca s\u00e3o usinadas com precis\u00e3o para melhorar a resist\u00eancia ao desgaste. O cilindro do bra\u00e7o requer a adi\u00e7\u00e3o regular de \u00f3leo hidr\u00e1ulico apropriado para lubrifica\u00e7\u00e3o.<\/p>\n<p><img loading=\"lazy\" decoding=\"async\" src=\"https:\/\/www.hydraulic-cylinders.net\/wp-content\/uploads\/2025\/01\/songte-chushion-collar.webp\" alt=\"Colar de amortecimento do cilindro hidr\u00e1ulico\" width=\"600\" height=\"400\"><\/p>\n<h2>Manuten\u00e7\u00e3o e Reparo<\/h2>\n<ul>\n<li>\n<h3>Inspe\u00e7\u00e3o regular<\/h3>\n<p>O cilindro do bra\u00e7o precisa ser inspecionado regularmente para verificar desgaste e danos, especialmente nas veda\u00e7\u00f5es e superf\u00edcies de apoio.<\/p>\n<\/li>\n<li>\n<h3>Manuten\u00e7\u00e3o preventiva<\/h3>\n<p>A manuten\u00e7\u00e3o dos cilindros do bra\u00e7o deve ser realizada regularmente para substituir pe\u00e7as desgastadas e prevenir poss\u00edveis problemas.<\/p>\n<\/li>\n<li>\n<h3>Solu\u00e7\u00e3o de problemas<\/h3>\n<p>Problemas comuns em cilindros de bra\u00e7o incluem vazamento de \u00f3leo, press\u00e3o insuficiente e movimento lento. A causa do problema precisa ser identificada e resolvida o mais r\u00e1pido poss\u00edvel para evitar maiores danos ao equipamento.<\/p>\n<\/li>\n<\/ul>\n<p>A manuten\u00e7\u00e3o e o reparo regulares do cilindro do bra\u00e7o podem garantir o funcionamento eficiente e confi\u00e1vel do equipamento e reduzir o tempo de inatividade.<\/p>\n<h2>Guia de instala\u00e7\u00e3o<\/h2>\n<p>A instala\u00e7\u00e3o do cilindro do bra\u00e7o requer habilidades e ferramentas profissionais. Recomenda-se seguir as instru\u00e7\u00f5es do manual do equipamento e utilizar equipamentos de eleva\u00e7\u00e3o adequados para evitar acidentes. Os passos a seguir podem servir de refer\u00eancia:<\/p>\n<ol>\n<li>Remova o cilindro do bra\u00e7o antigo e limpe a superf\u00edcie de instala\u00e7\u00e3o.<\/li>\n<li>Instale o novo cilindro do bra\u00e7o e conecte o sistema hidr\u00e1ulico.<\/li>\n<li>Verifique a posi\u00e7\u00e3o e o alinhamento do cilindro do bra\u00e7o e ajuste-o, se necess\u00e1rio.<\/li>\n<li>Teste o funcionamento do cilindro do bra\u00e7o para garantir que esteja funcionando corretamente.<\/li>\n<\/ol>\n<p><img loading=\"lazy\" decoding=\"async\" src=\"https:\/\/www.hydraulic-cylinders.net\/wp-content\/uploads\/2025\/01\/songte-bushings-with-all-kinds-of-excavator-models.webp\" alt=\"Buchas de cilindro hidr\u00e1ulico\" width=\"600\" height=\"400\"><\/p>\n<h2>Considera\u00e7\u00f5es de seguran\u00e7a e fatores ambientais<\/h2>\n<p>Ao utilizar o cilindro de bra\u00e7o, devem ser tomadas precau\u00e7\u00f5es de seguran\u00e7a para evitar acidentes causados \u200b\u200bpor sobrecarga, vazamento de \u00f3leo ou outros problemas. Fatores ambientais como temperatura, umidade e poeira tamb\u00e9m podem afetar o desempenho do cilindro de bra\u00e7o e devem ser levados em considera\u00e7\u00e3o durante o projeto e uso do equipamento.<\/p>\n<h2>Solu\u00e7\u00e3o de problemas e problemas comuns<\/h2>\n<ul>\n<li>\n<h3>Vazamento de \u00f3leo<\/h3>\n<p>A causa do vazamento de \u00f3leo pode ser uma veda\u00e7\u00e3o do pist\u00e3o ou da biela danificada, uma junta solta ou um cilindro desgastado. O problema precisa ser identificado e resolvido o mais r\u00e1pido poss\u00edvel para evitar maiores danos ao equipamento.<\/p>\n<\/li>\n<li>\n<h3>Press\u00e3o insuficiente<\/h3>\n<p>A causa da press\u00e3o insuficiente pode ser uma bomba ou v\u00e1lvula danificada, um filtro entupido ou veda\u00e7\u00f5es desgastadas. O problema precisa ser identificado e resolvido o mais r\u00e1pido poss\u00edvel para evitar maiores danos ao equipamento.<\/p>\n<\/li>\n<li>\n<h3>Movimento Lento<\/h3>\n<p>A causa da movimenta\u00e7\u00e3o lenta pode ser o fornecimento insuficiente de \u00f3leo hidr\u00e1ulico, veda\u00e7\u00f5es ou rolamentos danificados ou uma v\u00e1lvula obstru\u00edda. O problema precisa ser identificado e resolvido o mais r\u00e1pido poss\u00edvel para evitar maiores danos ao equipamento.<\/p>\n<\/li>\n<\/ul>\n<p>Medidas preventivas, como manuten\u00e7\u00e3o e reparos regulares, podem reduzir a ocorr\u00eancia desses problemas comuns.<\/p>\n<h2>Sobre n\u00f3s<\/h2>\n<p>Somos um fabricante profissional de cilindros hidr\u00e1ulicos de reposi\u00e7\u00e3o com uma ampla variedade de produtos. Tornamo-nos um dos principais fabricantes e distribuidores atacadistas de cilindros hidr\u00e1ulicos nos mercados nacional e internacional. Sempre priorizamos a excel\u00eancia em qualidade e nos apoiamos na estrat\u00e9gia de gest\u00e3o de produ\u00e7\u00e3o industrial de nossa oficina de fabrica\u00e7\u00e3o refinada para aprimorar continuamente nosso n\u00edvel t\u00e9cnico e efici\u00eancia produtiva. Ao introduzir equipamentos de fabrica\u00e7\u00e3o digital de \u00faltima gera\u00e7\u00e3o e sistemas de teste profissionais, otimizamos continuamente nossa plataforma de produ\u00e7\u00e3o, aperfei\u00e7oamos nosso processo de controle de qualidade e desenvolvemos uma forte capacidade de inova\u00e7\u00e3o. Nosso objetivo \u00e9 atender \u00e0s diversas necessidades dos clientes com base nos princ\u00edpios de alta efici\u00eancia, precis\u00e3o e alta qualidade.<\/p>\n<p><img loading=\"lazy\" decoding=\"async\" src=\"https:\/\/www.hydraulic-cylinders.net\/wp-content\/uploads\/2025\/01\/songte-company-4.webp\" alt=\"Empresa Songte\" width=\"600\" height=\"400\"><br \/>\n<img loading=\"lazy\" decoding=\"async\" src=\"https:\/\/www.hydraulic-cylinders.net\/wp-content\/uploads\/2025\/01\/songte-company-3.webp\" alt=\"Empresa Songte\" width=\"600\" height=\"400\"><\/p>\n<p>Oferecemos servi\u00e7os profissionais com certifica\u00e7\u00f5es internacionais, servi\u00e7os personalizados, equipamentos de produ\u00e7\u00e3o avan\u00e7ados e servi\u00e7os p\u00f3s-venda. <\/p>\n<p>Autor: lyl<\/p>","protected":false},"excerpt":{"rendered":"<p>Arm Cylinder For Nante NT20 The arm cylinder is a specially designed hydraulic cylinder used to provide linear motion and power to the arms of various types of machinery such as excavators, cranes, and manipulators. The arm cylinder plays a crucial role in the hydraulic system, enabling additional tools or attachments to move and be [&hellip;]<\/p>","protected":false},"featured_media":14759,"comment_status":"open","ping_status":"closed","template":"","meta":{"_et_pb_use_builder":"","_et_pb_old_content":"","_et_gb_content_width":""},"product_brand":[],"product_cat":[1497],"product_tag":[1498,1496],"class_list":{"0":"post-16756","1":"product","2":"type-product","3":"status-publish","4":"has-post-thumbnail","6":"product_cat-arm-cylinders","7":"product_tag-arm-cylinders","8":"product_tag-hydraulic-cylinders","10":"first","11":"instock","12":"shipping-taxable","13":"product-type-simple"},"amp_enabled":true,"_links":{"self":[{"href":"https:\/\/www.hydraulic-cylinders.net\/pt\/wp-json\/wp\/v2\/product\/16756","targetHints":{"allow":["GET"]}}],"collection":[{"href":"https:\/\/www.hydraulic-cylinders.net\/pt\/wp-json\/wp\/v2\/product"}],"about":[{"href":"https:\/\/www.hydraulic-cylinders.net\/pt\/wp-json\/wp\/v2\/types\/product"}],"replies":[{"embeddable":true,"href":"https:\/\/www.hydraulic-cylinders.net\/pt\/wp-json\/wp\/v2\/comments?post=16756"}],"wp:featuredmedia":[{"embeddable":true,"href":"https:\/\/www.hydraulic-cylinders.net\/pt\/wp-json\/wp\/v2\/media\/14759"}],"wp:attachment":[{"href":"https:\/\/www.hydraulic-cylinders.net\/pt\/wp-json\/wp\/v2\/media?parent=16756"}],"wp:term":[{"taxonomy":"product_brand","embeddable":true,"href":"https:\/\/www.hydraulic-cylinders.net\/pt\/wp-json\/wp\/v2\/product_brand?post=16756"},{"taxonomy":"product_cat","embeddable":true,"href":"https:\/\/www.hydraulic-cylinders.net\/pt\/wp-json\/wp\/v2\/product_cat?post=16756"},{"taxonomy":"product_tag","embeddable":true,"href":"https:\/\/www.hydraulic-cylinders.net\/pt\/wp-json\/wp\/v2\/product_tag?post=16756"}],"curies":[{"name":"wp","href":"https:\/\/api.w.org\/{rel}","templated":true}]}}