{"id":16812,"date":"2025-01-21T05:56:09","date_gmt":"2025-01-21T05:56:09","guid":{"rendered":"https:\/\/www.hydraulic-cylinders.net\/product\/arm-cylinder-for-volwa-small-excavator-dls130-9\/"},"modified":"2025-01-21T05:56:11","modified_gmt":"2025-01-21T05:56:11","slug":"arm-cylinder-for-volwa-small-excavator-dls130-9","status":"publish","type":"product","link":"https:\/\/www.hydraulic-cylinders.net\/pt\/produto\/arm-cylinder-for-volwa-small-excavator-dls130-9\/","title":{"rendered":"Cilindro do bra\u00e7o para mini escavadeira Volwa DLS130-9"},"content":{"rendered":"<p>Cilindro do bra\u00e7o para mini escavadeira Volwa DLS130-9<\/p>\n<p>O cilindro de bra\u00e7o \u00e9 um cilindro hidr\u00e1ulico especialmente projetado para fornecer movimento linear e pot\u00eancia aos bra\u00e7os de diversas m\u00e1quinas, como escavadeiras, guindastes e bra\u00e7os rob\u00f3ticos. Os cilindros de bra\u00e7o desempenham um papel crucial nos sistemas hidr\u00e1ulicos, permitindo o movimento e o controle eficientes das ferramentas ou acess\u00f3rios acoplados. Esses cilindros n\u00e3o apenas proporcionam uma opera\u00e7\u00e3o suave, como tamb\u00e9m suportam cargas pesadas, garantindo alta efici\u00eancia operacional e confiabilidade das m\u00e1quinas em diversas condi\u00e7\u00f5es de trabalho.<\/p>\n<p>Defini\u00e7\u00e3o e Explica\u00e7\u00e3o<\/p>\n<p>Os cilindros hidr\u00e1ulicos s\u00e3o componentes essenciais dos sistemas hidr\u00e1ulicos que utilizam fluido sob press\u00e3o para gerar for\u00e7a e movimento mec\u00e2nico linear. Um cilindro de bra\u00e7o \u00e9 um cilindro hidr\u00e1ulico que aciona os bra\u00e7os de diversas m\u00e1quinas. Ele consiste em um corpo de cilindro, pist\u00e3o, haste do pist\u00e3o, veda\u00e7\u00f5es e outros componentes que trabalham em conjunto para converter energia hidr\u00e1ulica em movimento linear. Os cilindros de bra\u00e7o s\u00e3o amplamente utilizados em diversas aplica\u00e7\u00f5es, como constru\u00e7\u00e3o civil, ind\u00fastria, agricultura, minera\u00e7\u00e3o e log\u00edstica, onde s\u00e3o necess\u00e1rios movimentos precisos e potentes dos bra\u00e7os.<\/p>\n<p><img decoding=\"async\" src=\"https:\/\/www.hydraulic-cylinders.net\/wp-content\/uploads\/2025\/01\/songte-company-2.webp\"><\/p>\n<p>Caracter\u00edsticas<\/p>\n<p>Os cilindros de bra\u00e7o possuem diversas caracter\u00edsticas que os tornam adequados para v\u00e1rias aplica\u00e7\u00f5es:<\/p>\n<p>1) Acionamento de Alta Efici\u00eancia: Os cilindros dos bra\u00e7os podem fornecer movimento linear e for\u00e7a potentes, garantindo alta efici\u00eancia operacional dos bra\u00e7os da m\u00e1quina em diversas opera\u00e7\u00f5es.<\/p>\n<p>2) Controle preciso: Atrav\u00e9s de sistemas hidr\u00e1ulicos, os cilindros do bra\u00e7o podem alcan\u00e7ar um controle preciso do movimento, tornando a opera\u00e7\u00e3o das ferramentas acopladas mais flex\u00edvel e precisa.<\/p>\n<p>3) Alta durabilidade: Os cilindros de bra\u00e7o s\u00e3o normalmente feitos de materiais de alta resist\u00eancia, possuem boa resist\u00eancia ao desgaste e \u00e0 corros\u00e3o, sendo adequados para uso prolongado em ambientes agressivos.<\/p>\n<p>4) Versatilidade: Esses cilindros podem ser amplamente utilizados em diversos equipamentos de m\u00e1quinas, como escavadeiras, guindastes e bra\u00e7os rob\u00f3ticos, para se adaptarem a diferentes requisitos de trabalho.<\/p>\n<p>5) Manuten\u00e7\u00e3o f\u00e1cil: Projetados para facilitar a manuten\u00e7\u00e3o e a substitui\u00e7\u00e3o, os cilindros do bra\u00e7o tornam a inspe\u00e7\u00e3o e a manuten\u00e7\u00e3o regulares mais f\u00e1ceis, reduzindo o tempo de inatividade do equipamento.<\/p>\n<p>Podemos fabricar este produto, e nossos produtos podem substituir perfeitamente esses cilindros hidr\u00e1ulicos.<\/p>\n<p><img decoding=\"async\" src=\"https:\/\/www.hydraulic-cylinders.net\/wp-content\/uploads\/2025\/01\/songte-oil-pipes-and-spare-parts.webp\"><\/p>\n<p>Aplica\u00e7\u00f5es<\/p>\n<p>Os cilindros de bra\u00e7o t\u00eam diversas aplica\u00e7\u00f5es:<\/p>\n<p>1) Constru\u00e7\u00e3o: Em escavadeiras e guindastes, os cilindros de bra\u00e7o s\u00e3o usados \u200b\u200bpara controlar o movimento das ca\u00e7ambas ou lan\u00e7as para movimenta\u00e7\u00e3o de terra, manuseio de materiais e instala\u00e7\u00e3o de estruturas.<\/p>\n<p>2) Fabrica\u00e7\u00e3o: Em linhas de produ\u00e7\u00e3o automatizadas, os cilindros de bra\u00e7o s\u00e3o usados \u200b\u200bpara movimenta\u00e7\u00e3o do bra\u00e7o rob\u00f3tico, montagem, soldagem e manuseio de materiais, melhorando a efici\u00eancia e a precis\u00e3o da produ\u00e7\u00e3o.<\/p>\n<p>3) M\u00e1quinas agr\u00edcolas: Em m\u00e1quinas agr\u00edcolas como colheitadeiras e semeadoras, os cilindros dos bra\u00e7os controlam a opera\u00e7\u00e3o dos bra\u00e7os para tarefas de semeadura, fertiliza\u00e7\u00e3o e colheita.<\/p>\n<p>4) Minera\u00e7\u00e3o: Em equipamentos de minera\u00e7\u00e3o, os cilindros de bra\u00e7o s\u00e3o usados \u200b\u200bpara controlar o movimento do bra\u00e7o do equipamento de minera\u00e7\u00e3o para extra\u00e7\u00e3o e transporte de min\u00e9rio.<\/p>\n<p>5) Log\u00edstica e Transporte: Em empilhadeiras e rob\u00f4s de movimenta\u00e7\u00e3o, cilindros nos bra\u00e7os s\u00e3o usados \u200b\u200bpara controlar o levantamento e o movimento dos garfos, realizando o manuseio e o empilhamento de materiais.<\/p>\n<p>Considera\u00e7\u00f5es de design e crit\u00e9rios de sele\u00e7\u00e3o<\/p>\n<p>Os cilindros dos bra\u00e7os devem ser projetados levando em considera\u00e7\u00e3o os seguintes aspectos:<\/p>\n<p>1) Capacidade de Carga: Os cilindros do bra\u00e7o devem ser capazes de suportar a carga m\u00e1xima do equipamento acoplado e do ambiente em que operam.<\/p>\n<p>2) Veda\u00e7\u00e3o: Os cilindros dos bra\u00e7os devem utilizar veda\u00e7\u00f5es de alta qualidade para evitar vazamentos de fluido e garantir um funcionamento suave.<\/p>\n<p>3) Durabilidade: Os cilindros dos bra\u00e7os devem ser feitos de materiais de alta resist\u00eancia e apresentar boa resist\u00eancia ao desgaste e \u00e0 corros\u00e3o para garantir o uso a longo prazo em condi\u00e7\u00f5es operacionais severas.<\/p>\n<p>4) Seguran\u00e7a: Os cilindros dos bra\u00e7os devem ser projetados com recursos de seguran\u00e7a, como v\u00e1lvulas de al\u00edvio de press\u00e3o e paradas de emerg\u00eancia, para evitar acidentes.<\/p>\n<p>5) Manuten\u00e7\u00e3o: Os cilindros dos bra\u00e7os devem ser projetados para facilitar a manuten\u00e7\u00e3o e a substitui\u00e7\u00e3o de componentes, a fim de reduzir o tempo de inatividade do equipamento.<\/p>\n<p><img decoding=\"async\" src=\"https:\/\/www.hydraulic-cylinders.net\/wp-content\/uploads\/2025\/01\/songte-cylinder-head-with-all-kinds-excavator-models.webp\"><\/p>\n<p>Veda\u00e7\u00e3o e Lubrifica\u00e7\u00e3o<\/p>\n<p>Os cilindros de bra\u00e7o devem utilizar diversos componentes de veda\u00e7\u00e3o, como veda\u00e7\u00f5es de pist\u00e3o e veda\u00e7\u00f5es de haste, fabricados com materiais resistentes ao desgaste, como poliuretano e borracha nitr\u00edlica. O corpo do cilindro e a superf\u00edcie roscada da extremidade devem receber um tratamento fino para melhorar sua resist\u00eancia ao desgaste. A adi\u00e7\u00e3o regular de \u00f3leo hidr\u00e1ulico adequado garante a lubrifica\u00e7\u00e3o do cilindro e previne o desgaste.<\/p>\n<p>Inspe\u00e7\u00e3o regular e manuten\u00e7\u00e3o preventiva<\/p>\n<p>A inspe\u00e7\u00e3o regular e a manuten\u00e7\u00e3o preventiva s\u00e3o cruciais para o desempenho e a confiabilidade a longo prazo dos cilindros de bra\u00e7o. As seguintes medidas devem ser consideradas:<\/p>\n<p>1) Inspe\u00e7\u00e3o e limpeza regulares do cilindro e dos componentes de veda\u00e7\u00e3o.<\/p>\n<p>2) Substitui\u00e7\u00e3o de veda\u00e7\u00f5es e componentes desgastados ou danificados.<\/p>\n<p>3) Manter os n\u00edveis adequados de fluido hidr\u00e1ulico e a limpeza do mesmo.<\/p>\n<p>4) Verificar e ajustar a press\u00e3o e a vaz\u00e3o do sistema hidr\u00e1ulico.<\/p>\n<p>5) Armazenamento e manuseio adequados dos cilindros.<\/p>\n<p><img decoding=\"async\" src=\"https:\/\/www.hydraulic-cylinders.net\/wp-content\/uploads\/2025\/01\/songte-chushion-collar.webp\"><\/p>\n<p>Guia de instala\u00e7\u00e3o do produto<\/p>\n<p>Os seguintes passos devem ser seguidos durante a instala\u00e7\u00e3o do Cilindro do Bra\u00e7o:<\/p>\n<p>1) Identifique o modelo e o tamanho corretos do cilindro do bra\u00e7o para a m\u00e1quina.<\/p>\n<p>2) Remova o cilindro antigo e limpe a superf\u00edcie de montagem do novo cilindro.<\/p>\n<p>3) Instale o novo cilindro e fixe-o com parafusos.<\/p>\n<p>4) Conecte as linhas e conex\u00f5es hidr\u00e1ulicas.<\/p>\n<p>5) Abaste\u00e7a o sistema hidr\u00e1ulico com o \u00f3leo hidr\u00e1ulico recomendado e verifique se h\u00e1 vazamentos.<\/p>\n<p>Considera\u00e7\u00f5es de seguran\u00e7a e fatores ambientais<\/p>\n<p>Os cilindros de bra\u00e7o devem ser utilizados com precau\u00e7\u00f5es de seguran\u00e7a, incluindo o uso de vestu\u00e1rio e equipamento de prote\u00e7\u00e3o, o cumprimento dos procedimentos operacionais recomendados e a realiza\u00e7\u00e3o de manuten\u00e7\u00e3o regular. Fatores ambientais como temperatura, umidade e press\u00e3o tamb\u00e9m devem ser considerados na sele\u00e7\u00e3o e utiliza\u00e7\u00e3o de cilindros de bra\u00e7o.<\/p>\n<p>Solu\u00e7\u00e3o de problemas e problemas comuns<\/p>\n<p>Problemas comuns com cilindros de bra\u00e7o incluem vazamento de fluido, movimento lento ou irregular e for\u00e7a insuficiente. As medidas de solu\u00e7\u00e3o de problemas podem incluir a verifica\u00e7\u00e3o e substitui\u00e7\u00e3o de veda\u00e7\u00f5es danificadas, o ajuste da press\u00e3o e da vaz\u00e3o do sistema hidr\u00e1ulico e a garantia de lubrifica\u00e7\u00e3o e manuten\u00e7\u00e3o adequadas.<\/p>\n<p>Medidas preventivas podem reduzir a probabilidade desses problemas, como inspecionar e manter regularmente o sistema hidr\u00e1ulico, usar \u00f3leo hidr\u00e1ulico e componentes de veda\u00e7\u00e3o recomendados e garantir a instala\u00e7\u00e3o e o uso adequados.<\/p>\n<p><img decoding=\"async\" src=\"https:\/\/www.hydraulic-cylinders.net\/wp-content\/uploads\/2025\/01\/songte-bushings-with-all-kinds-of-excavator-models.webp\"><\/p>\n<p>Sobre n\u00f3s<\/p>\n<p>Somos um fabricante profissional de cilindros hidr\u00e1ulicos de reposi\u00e7\u00e3o adequados para diversas aplica\u00e7\u00f5es. Nossos produtos s\u00e3o diversificados e nos tornamos um dos principais fabricantes e distribuidores atacadistas de cilindros hidr\u00e1ulicos nos mercados nacional e internacional. Primamos pela excel\u00eancia em qualidade e aprimoramos continuamente nosso n\u00edvel tecnol\u00f3gico e efici\u00eancia de produ\u00e7\u00e3o, gra\u00e7as \u00e0s estrat\u00e9gias de gest\u00e3o industrializada de nossas instala\u00e7\u00f5es de fabrica\u00e7\u00e3o. Possu\u00edmos forte capacidade de inova\u00e7\u00e3o, impulsionada pela introdu\u00e7\u00e3o de equipamentos avan\u00e7ados de fabrica\u00e7\u00e3o digital e sistemas de teste profissionais. Nosso objetivo \u00e9 atender \u00e0s diversas necessidades dos clientes com produtos de alta efici\u00eancia, precis\u00e3o e qualidade.<\/p>\n<p>Oferecemos servi\u00e7os profissionais, certifica\u00e7\u00f5es internacionais, servi\u00e7os personalizados, equipamentos de produ\u00e7\u00e3o e servi\u00e7os p\u00f3s-venda.<\/p>\n<p><img decoding=\"async\" src=\"https:\/\/www.hydraulic-cylinders.net\/wp-content\/uploads\/2025\/01\/songte-company-4.webp\"><\/p>\n<p><img decoding=\"async\" src=\"https:\/\/www.hydraulic-cylinders.net\/wp-content\/uploads\/2025\/01\/songte-company-3.webp\"><\/p>\n<p>Autor: lyl<\/p>","protected":false},"excerpt":{"rendered":"<p>Arm Cylinder For Volwa Small Excavator DLS130-9 Arm cylinder is a specially designed hydraulic cylinder that provides linear motion and power to the arms of various machinery, such as excavators, cranes, and robotic arms. Arm cylinders play a crucial role in hydraulic systems, allowing for efficient movement and control of the attached tools or accessories. [&hellip;]<\/p>","protected":false},"featured_media":14772,"comment_status":"open","ping_status":"closed","template":"","meta":{"_et_pb_use_builder":"","_et_pb_old_content":"","_et_gb_content_width":""},"product_brand":[],"product_cat":[1497],"product_tag":[1498,1496],"class_list":{"0":"post-16812","1":"product","2":"type-product","3":"status-publish","4":"has-post-thumbnail","6":"product_cat-arm-cylinders","7":"product_tag-arm-cylinders","8":"product_tag-hydraulic-cylinders","10":"first","11":"instock","12":"shipping-taxable","13":"product-type-simple"},"amp_enabled":true,"_links":{"self":[{"href":"https:\/\/www.hydraulic-cylinders.net\/pt\/wp-json\/wp\/v2\/product\/16812","targetHints":{"allow":["GET"]}}],"collection":[{"href":"https:\/\/www.hydraulic-cylinders.net\/pt\/wp-json\/wp\/v2\/product"}],"about":[{"href":"https:\/\/www.hydraulic-cylinders.net\/pt\/wp-json\/wp\/v2\/types\/product"}],"replies":[{"embeddable":true,"href":"https:\/\/www.hydraulic-cylinders.net\/pt\/wp-json\/wp\/v2\/comments?post=16812"}],"wp:featuredmedia":[{"embeddable":true,"href":"https:\/\/www.hydraulic-cylinders.net\/pt\/wp-json\/wp\/v2\/media\/14772"}],"wp:attachment":[{"href":"https:\/\/www.hydraulic-cylinders.net\/pt\/wp-json\/wp\/v2\/media?parent=16812"}],"wp:term":[{"taxonomy":"product_brand","embeddable":true,"href":"https:\/\/www.hydraulic-cylinders.net\/pt\/wp-json\/wp\/v2\/product_brand?post=16812"},{"taxonomy":"product_cat","embeddable":true,"href":"https:\/\/www.hydraulic-cylinders.net\/pt\/wp-json\/wp\/v2\/product_cat?post=16812"},{"taxonomy":"product_tag","embeddable":true,"href":"https:\/\/www.hydraulic-cylinders.net\/pt\/wp-json\/wp\/v2\/product_tag?post=16812"}],"curies":[{"name":"wp","href":"https:\/\/api.w.org\/{rel}","templated":true}]}}