{"id":16820,"date":"2025-01-21T05:56:48","date_gmt":"2025-01-21T05:56:48","guid":{"rendered":"https:\/\/www.hydraulic-cylinders.net\/product\/arm-cylinder-for-volwa-middle-excavator-dls230-8h\/"},"modified":"2025-01-21T05:56:49","modified_gmt":"2025-01-21T05:56:49","slug":"arm-cylinder-for-volwa-middle-excavator-dls230-8h","status":"publish","type":"product","link":"https:\/\/www.hydraulic-cylinders.net\/pt\/produto\/arm-cylinder-for-volwa-middle-excavator-dls230-8h\/","title":{"rendered":"Cilindro do bra\u00e7o para escavadeira m\u00e9dia Volwa DLS230-8H"},"content":{"rendered":"<h1>Cilindro do bra\u00e7o para escavadeira m\u00e9dia Volwa DLS230-8H<\/h1>\n<h2>Introdu\u00e7\u00e3o<\/h2>\n<p>Um cilindro de bra\u00e7o \u00e9 um cilindro hidr\u00e1ulico especialmente projetado para fornecer movimento linear e pot\u00eancia aos bra\u00e7os de diversas m\u00e1quinas, como escavadeiras, guindastes e bra\u00e7os mec\u00e2nicos. O cilindro de bra\u00e7o desempenha um papel fundamental nos sistemas hidr\u00e1ulicos, permitindo que implementos ou acess\u00f3rios se movam e sejam controlados com efic\u00e1cia. Esses cilindros n\u00e3o apenas proporcionam um movimento suave, mas tamb\u00e9m suportam cargas pesadas, garantindo a opera\u00e7\u00e3o eficiente e a confiabilidade da m\u00e1quina em diversas condi\u00e7\u00f5es de trabalho.<\/p>\n<p><img decoding=\"async\" src=\"https:\/\/www.hydraulic-cylinders.net\/wp-content\/uploads\/2025\/01\/songte-company-2.webp\"><\/p>\n<h3>Defini\u00e7\u00e3o e Explica\u00e7\u00e3o<\/h3>\n<p>Um cilindro de bra\u00e7o \u00e9 um tipo de cilindro hidr\u00e1ulico respons\u00e1vel pelo movimento linear e pela for\u00e7a dos bra\u00e7os de uma m\u00e1quina. O cilindro \u00e9 geralmente fabricado com materiais de alta resist\u00eancia, o que lhe confere excelente durabilidade e resist\u00eancia ao desgaste e \u00e0 corros\u00e3o. Ele \u00e9 capaz de fornecer movimento linear e for\u00e7a potentes, garantindo o desempenho eficiente das opera\u00e7\u00f5es da m\u00e1quina. O controle preciso do movimento pelo cilindro, atrav\u00e9s do sistema hidr\u00e1ulico, proporciona flexibilidade e precis\u00e3o na opera\u00e7\u00e3o de implementos. Cilindros de bra\u00e7o s\u00e3o amplamente utilizados em diversos equipamentos de m\u00e1quinas, como escavadeiras, guindastes e bra\u00e7os mec\u00e2nicos, e s\u00e3o adapt\u00e1veis \u200b\u200ba diferentes requisitos de trabalho. Al\u00e9m disso, seu design facilita a manuten\u00e7\u00e3o, tornando mais conveniente a inspe\u00e7\u00e3o e a manuten\u00e7\u00e3o, reduzindo o tempo de inatividade do equipamento.<\/p>\n<h2>Caracter\u00edsticas<\/h2>\n<p>O cilindro do bra\u00e7o para a escavadeira m\u00e9dia Volwa DLS230-8H possui as seguintes caracter\u00edsticas:<\/p>\n<ol>\n<li><strong>Unidade de alta efici\u00eancia:<\/strong> O cilindro do bra\u00e7o proporciona movimento linear e for\u00e7a potentes, garantindo o desempenho eficiente das opera\u00e7\u00f5es da m\u00e1quina.<\/li>\n<li><strong>Controle preciso:<\/strong> O sistema hidr\u00e1ulico do cilindro do bra\u00e7o permite um controle preciso do movimento, resultando em uma opera\u00e7\u00e3o mais flex\u00edvel e precisa dos implementos.<\/li>\n<li><strong>Durabilidade:<\/strong> Os cilindros de bra\u00e7o s\u00e3o normalmente feitos de materiais de alta resist\u00eancia, o que os torna dur\u00e1veis \u200b\u200be resistentes ao desgaste e \u00e0 corros\u00e3o, sendo adequados para uso prolongado em ambientes agressivos.<\/li>\n<li><strong>Adaptabilidade multifuncional:<\/strong> Esses cilindros podem ser amplamente utilizados em diversos equipamentos de m\u00e1quinas, como escavadeiras, guindastes e bra\u00e7os mec\u00e2nicos, para se adaptarem a diferentes requisitos de trabalho.<\/li>\n<li><strong>F\u00e1cil manuten\u00e7\u00e3o:<\/strong> Os cilindros dos bra\u00e7os s\u00e3o projetados levando em considera\u00e7\u00e3o a facilidade de manuten\u00e7\u00e3o e substitui\u00e7\u00e3o, tornando as inspe\u00e7\u00f5es e manuten\u00e7\u00f5es regulares mais convenientes, o que reduz o tempo de inatividade do equipamento.<\/li>\n<\/ol>\n<p>Podemos fabricar e substituir esses cilindros hidr\u00e1ulicos com nossos produtos. Nossos produtos podem substituir perfeitamente esses cilindros hidr\u00e1ulicos. <\/p>\n<p><img decoding=\"async\" src=\"https:\/\/www.hydraulic-cylinders.net\/wp-content\/uploads\/2025\/01\/songte-oil-pipes-and-spare-parts.webp\"><\/p>\n<h2>Aplica\u00e7\u00f5es<\/h2>\n<p>O cilindro do bra\u00e7o para a escavadeira m\u00e9dia Volwa DLS230-8H tem diversas aplica\u00e7\u00f5es em diferentes ind\u00fastrias, tais como:<\/p>\n<ul>\n<li><strong>Engenharia de Constru\u00e7\u00e3o:<\/strong> Em escavadeiras e guindastes, os cilindros dos bra\u00e7os controlam o movimento das p\u00e1s ou das lan\u00e7as para trabalhos de terraplenagem, movimenta\u00e7\u00e3o de materiais e instala\u00e7\u00e3o de estruturas.<\/li>\n<li><strong>Fabrica\u00e7\u00e3o:<\/strong> Em linhas de produ\u00e7\u00e3o automatizadas, cilindros de bra\u00e7o controlam o movimento de bra\u00e7os mec\u00e2nicos para realizar processos de montagem, soldagem e manuseio, melhorando a efici\u00eancia e a precis\u00e3o da produ\u00e7\u00e3o.<\/li>\n<li><strong>Maquinaria agr\u00edcola:<\/strong> Em m\u00e1quinas agr\u00edcolas como colheitadeiras e semeadoras, os cilindros dos bra\u00e7os controlam o movimento dos bra\u00e7os operacionais para executar tarefas como semear, fertilizar e colher.<\/li>\n<li><strong>Minera\u00e7\u00e3o:<\/strong> Em equipamentos de minera\u00e7\u00e3o, os cilindros dos bra\u00e7os controlam o movimento dos bra\u00e7os do equipamento para extrair e transportar min\u00e9rios.<\/li>\n<li><strong>Log\u00edstica e Transporte:<\/strong> Em empilhadeiras e rob\u00f4s de movimenta\u00e7\u00e3o, os cilindros dos bra\u00e7os controlam o levantamento e o movimento dos garfos para manusear e empilhar materiais.<\/li>\n<\/ul>\n<p>O cilindro do bra\u00e7o para a escavadeira m\u00e9dia Volwa DLS230-8H \u00e9 vers\u00e1til, adapt\u00e1vel a diferentes equipamentos e melhora a efici\u00eancia operacional.<\/p>\n<h2>Considera\u00e7\u00f5es de design e crit\u00e9rios de sele\u00e7\u00e3o<\/h2>\n<p>Ao projetar e selecionar cilindros de bra\u00e7o, v\u00e1rios fatores devem ser considerados, incluindo:<\/p>\n<ul>\n<li><strong>Capacidade de carga:<\/strong> Os cilindros dos bra\u00e7os devem ser capazes de suportar cargas pesadas, garantindo o funcionamento eficiente da m\u00e1quina em diferentes condi\u00e7\u00f5es de trabalho.<\/li>\n<li><strong>Desempenho de veda\u00e7\u00e3o:<\/strong> O cilindro hidr\u00e1ulico deve ter excelente desempenho de veda\u00e7\u00e3o para evitar vazamentos de fluido, o que pode levar \u00e0 redu\u00e7\u00e3o do desempenho, aumento do consumo de energia e desgaste prematuro.<\/li>\n<li><strong>Durabilidade:<\/strong> Os cilindros dos bra\u00e7os devem ser feitos de materiais de alta resist\u00eancia e apresentar excelente resist\u00eancia ao desgaste e \u00e0 corros\u00e3o, tornando-os adequados para uso prolongado em ambientes agressivos.<\/li>\n<li><strong>Seguran\u00e7a:<\/strong> Os cilindros dos bra\u00e7os devem atender aos padr\u00f5es de seguran\u00e7a para evitar acidentes e garantir o funcionamento seguro e confi\u00e1vel das m\u00e1quinas.<\/li>\n<li><strong>Manuten\u00e7\u00e3o:<\/strong> Os cilindros dos bra\u00e7os devem ser projetados para facilitar a manuten\u00e7\u00e3o e a substitui\u00e7\u00e3o, tornando as inspe\u00e7\u00f5es e manuten\u00e7\u00f5es regulares mais convenientes e reduzindo o tempo de inatividade do equipamento.<\/li>\n<\/ul>\n<p><img decoding=\"async\" src=\"https:\/\/www.hydraulic-cylinders.net\/wp-content\/uploads\/2025\/01\/songte-cylinder-head-with-all-kinds-excavator-models.webp\"><\/p>\n<h2>Veda\u00e7\u00e3o e Lubrifica\u00e7\u00e3o<\/h2>\n<p>Os cilindros hidr\u00e1ulicos utilizam diversos tipos de veda\u00e7\u00f5es, como veda\u00e7\u00f5es de pist\u00e3o e veda\u00e7\u00f5es de haste, feitas de materiais resistentes ao desgaste, como poliuretano e borracha nitr\u00edlica. As superf\u00edcies da cabe\u00e7a do cilindro e da extremidade da haste passam por usinagem de precis\u00e3o para melhorar a resist\u00eancia ao desgaste. A lubrifica\u00e7\u00e3o \u00e9 essencial para o bom funcionamento do cilindro, e o \u00f3leo hidr\u00e1ulico deve ser adicionado regularmente na quantidade correta.<\/p>\n<h2>Medidas de Inspe\u00e7\u00e3o e Manuten\u00e7\u00e3o Preventiva<\/h2>\n<p>Inspe\u00e7\u00f5es regulares e manuten\u00e7\u00e3o preventiva podem ajudar a identificar e resolver problemas potenciais precocemente, reduzindo o tempo de inatividade dos equipamentos. As seguintes medidas podem ser tomadas:<\/p>\n<ul>\n<li>Inspecione regularmente o cilindro do bra\u00e7o para verificar vazamentos, danos e desgaste, e substitua imediatamente as pe\u00e7as desgastadas ou danificadas.<\/li>\n<li>Verifique o n\u00edvel do \u00f3leo hidr\u00e1ulico e adicione \u00f3leo, se necess\u00e1rio.<\/li>\n<li>Examine as linhas hidr\u00e1ulicas para verificar se h\u00e1 danos e vazamentos e substitua-as, se necess\u00e1rio.<\/li>\n<li>Verifique regularmente os parafusos de fixa\u00e7\u00e3o do cilindro para garantir que estejam bem apertados.<\/li>\n<li>Inspecione a haste do cilindro quanto a desgaste, danos ou empenamento e repare-a ou substitua-a conforme necess\u00e1rio.<\/li>\n<\/ul>\n<p><img decoding=\"async\" src=\"https:\/\/www.hydraulic-cylinders.net\/wp-content\/uploads\/2025\/01\/songte-chushion-collar.webp\"><\/p>\n<h2>Guia de instala\u00e7\u00e3o do produto<\/h2>\n<p>O cilindro do bra\u00e7o para a escavadeira m\u00e9dia Volwa DLS230-8H \u00e9 f\u00e1cil de instalar. Siga estes passos:<\/p>\n<ol>\n<li>Coloque o cilindro em sua posi\u00e7\u00e3o de montagem e alinhe-o com os orif\u00edcios de montagem.<\/li>\n<li>Fixe o cilindro usando parafusos e porcas.<\/li>\n<li>Conecte as linhas hidr\u00e1ulicas e as conex\u00f5es \u00e0s portas do cilindro.<\/li>\n<li>Encha o sistema com \u00f3leo hidr\u00e1ulico e verifique se h\u00e1 vazamentos.<\/li>\n<\/ol>\n<p>Para obter instru\u00e7\u00f5es de instala\u00e7\u00e3o mais detalhadas, consulte o manual do fabricante.<\/p>\n<p><img decoding=\"async\" src=\"https:\/\/www.hydraulic-cylinders.net\/wp-content\/uploads\/2025\/01\/songte-bushings-with-all-kinds-of-excavator-models.webp\"><\/p>\n<h2>Considera\u00e7\u00f5es de seguran\u00e7a e fatores ambientais<\/h2>\n<p>Ao utilizar cilindros hidr\u00e1ulicos, a seguran\u00e7a deve ser prioridade m\u00e1xima. Siga as normas e diretrizes de seguran\u00e7a para evitar acidentes e garantir a opera\u00e7\u00e3o segura e confi\u00e1vel do equipamento. Al\u00e9m disso, considere fatores ambientais, como o descarte adequado do \u00f3leo hidr\u00e1ulico usado e outros res\u00edduos, para reduzir o impacto ambiental.<\/p>\n<h2>Diagn\u00f3stico de falhas e problemas comuns<\/h2>\n<p>Os cilindros dos bra\u00e7os podem apresentar diversos problemas, incluindo vazamentos, danos e desgaste. Problemas comuns incluem:<\/p>\n<ul>\n<li>For\u00e7a ou pot\u00eancia insuficientes<\/li>\n<li>Movimento lento ou err\u00e1tico<\/li>\n<li>Aumento de ru\u00eddo ou vibra\u00e7\u00e3o<\/li>\n<li>Vazamento<\/li>\n<\/ul>\n<p>Caso algum desses problemas ocorra, siga as orienta\u00e7\u00f5es do manual do fabricante e realize os reparos ou substitui\u00e7\u00f5es necess\u00e1rios para evitar maiores danos.<\/p>\n<h2>Medidas de resolu\u00e7\u00e3o de problemas e preven\u00e7\u00e3o<\/h2>\n<p>A resolu\u00e7\u00e3o eficaz de problemas e medidas preventivas podem ajudar a diagnosticar e solucionar problemas precocemente, reduzindo o tempo de inatividade dos equipamentos. Considere o seguinte:<\/p>\n<ul>\n<li>Inspe\u00e7\u00f5es e manuten\u00e7\u00e3o regulares<\/li>\n<li>Instala\u00e7\u00e3o adequada<\/li>\n<li>Utilizando componentes de alta qualidade<\/li>\n<li>Seguindo as diretrizes e normas de seguran\u00e7a.<\/li>\n<\/ul>\n<p>Ao adotar essas medidas, voc\u00ea pode reduzir a ocorr\u00eancia de problemas e o consequente tempo de inatividade do equipamento, al\u00e9m de prolongar a vida \u00fatil do cilindro do bra\u00e7o.<\/p>\n<p><img decoding=\"async\" src=\"https:\/\/www.hydraulic-cylinders.net\/wp-content\/uploads\/2025\/01\/songte-company-4.webp\"><\/p>\n<h2>Sobre n\u00f3s<\/h2>\n<p>Somos um fabricante profissional de cilindros hidr\u00e1ulicos de reposi\u00e7\u00e3o, oferecendo uma ampla variedade de produtos. Somos um dos principais fabricantes e distribuidores atacadistas de cilindros hidr\u00e1ulicos, tanto no mercado nacional quanto internacional. Sempre priorizamos a excel\u00eancia em qualidade, utilizando estrat\u00e9gias de gest\u00e3o de produ\u00e7\u00e3o industrializada em instala\u00e7\u00f5es de fabrica\u00e7\u00e3o de alta precis\u00e3o, aprimorando continuamente nosso n\u00edvel t\u00e9cnico e efici\u00eancia produtiva. Atrav\u00e9s da introdu\u00e7\u00e3o de equipamentos de fabrica\u00e7\u00e3o digitalizados de \u00faltima gera\u00e7\u00e3o e sistemas de teste profissionais, otimizamos a plataforma de produ\u00e7\u00e3o, aprimoramos o processo de controle de qualidade do produto e possu\u00edmos forte capacidade de inova\u00e7\u00e3o. Nosso objetivo \u00e9 atender \u00e0s diversas necessidades dos clientes, seguindo os princ\u00edpios de efici\u00eancia, precis\u00e3o e alta qualidade.<\/p>\n<h3>Profissionalismo<\/h3>\n<p>Somos uma equipe de profissionais qualificados com vasta experi\u00eancia na fabrica\u00e7\u00e3o, pesquisa e desenvolvimento de cilindros hidr\u00e1ulicos. Nosso compromisso \u00e9 fornecer aos nossos clientes os melhores produtos e servi\u00e7os de forma \u00e1gil e eficiente.<\/p>\n<h3>Certifica\u00e7\u00e3o Internacional<\/h3>\n<p>Nossos produtos possuem certifica\u00e7\u00f5es internacionais como ISO, CE e SGS, o que comprova nosso compromisso com a qualidade e a seguran\u00e7a.<\/p>\n<h3>Servi\u00e7os de Personaliza\u00e7\u00e3o<\/h3>\n<p>Oferecemos cilindros hidr\u00e1ulicos personalizados com base nos requisitos espec\u00edficos do cliente, garantindo que atendam \u00e0s suas necessidades e prefer\u00eancias exclusivas.<\/p>\n<h3>Equipamentos de produ\u00e7\u00e3o<\/h3>\n<p>Utilizamos equipamentos de fabrica\u00e7\u00e3o digitalizados de \u00faltima gera\u00e7\u00e3o para garantir a alta qualidade e precis\u00e3o de nossos produtos, o que tamb\u00e9m melhora a efici\u00eancia da produ\u00e7\u00e3o.<\/p>\n<h3>Servi\u00e7o p\u00f3s-venda<\/h3>\n<p>Oferecemos um excelente servi\u00e7o p\u00f3s-venda, incluindo suporte \u00e0 instala\u00e7\u00e3o, manuten\u00e7\u00e3o e servi\u00e7os de substitui\u00e7\u00e3o, para garantir a satisfa\u00e7\u00e3o do cliente. <\/p>\n<p><img decoding=\"async\" src=\"https:\/\/www.hydraulic-cylinders.net\/wp-content\/uploads\/2025\/01\/songte-company-3.webp\"><\/p>\n<p>Estamos comprometidos em fornecer cilindros hidr\u00e1ulicos de alta qualidade e servi\u00e7os excelentes aos nossos clientes. Nossos produtos s\u00e3o adapt\u00e1veis \u200b\u200ba diferentes equipamentos e atendem a diversas necessidades da ind\u00fastria. <\/p>\n<p>Autor: lyl<\/p>","protected":false},"excerpt":{"rendered":"<p>Arm Cylinder For Volwa Middle Excavator DLS230-8H Introduction An arm cylinder is a specially designed hydraulic cylinder used to provide linear motion and power to the arms of various machinery, such as excavators, cranes, and mechanical arms. The arm cylinder plays a key role in hydraulic systems, enabling attachments or accessories to move and be [&hellip;]<\/p>","protected":false},"featured_media":14777,"comment_status":"open","ping_status":"closed","template":"","meta":{"_et_pb_use_builder":"","_et_pb_old_content":"","_et_gb_content_width":""},"product_brand":[],"product_cat":[1497],"product_tag":[1498,1496],"class_list":{"0":"post-16820","1":"product","2":"type-product","3":"status-publish","4":"has-post-thumbnail","6":"product_cat-arm-cylinders","7":"product_tag-arm-cylinders","8":"product_tag-hydraulic-cylinders","10":"first","11":"instock","12":"shipping-taxable","13":"product-type-simple"},"amp_enabled":true,"_links":{"self":[{"href":"https:\/\/www.hydraulic-cylinders.net\/pt\/wp-json\/wp\/v2\/product\/16820","targetHints":{"allow":["GET"]}}],"collection":[{"href":"https:\/\/www.hydraulic-cylinders.net\/pt\/wp-json\/wp\/v2\/product"}],"about":[{"href":"https:\/\/www.hydraulic-cylinders.net\/pt\/wp-json\/wp\/v2\/types\/product"}],"replies":[{"embeddable":true,"href":"https:\/\/www.hydraulic-cylinders.net\/pt\/wp-json\/wp\/v2\/comments?post=16820"}],"wp:featuredmedia":[{"embeddable":true,"href":"https:\/\/www.hydraulic-cylinders.net\/pt\/wp-json\/wp\/v2\/media\/14777"}],"wp:attachment":[{"href":"https:\/\/www.hydraulic-cylinders.net\/pt\/wp-json\/wp\/v2\/media?parent=16820"}],"wp:term":[{"taxonomy":"product_brand","embeddable":true,"href":"https:\/\/www.hydraulic-cylinders.net\/pt\/wp-json\/wp\/v2\/product_brand?post=16820"},{"taxonomy":"product_cat","embeddable":true,"href":"https:\/\/www.hydraulic-cylinders.net\/pt\/wp-json\/wp\/v2\/product_cat?post=16820"},{"taxonomy":"product_tag","embeddable":true,"href":"https:\/\/www.hydraulic-cylinders.net\/pt\/wp-json\/wp\/v2\/product_tag?post=16820"}],"curies":[{"name":"wp","href":"https:\/\/api.w.org\/{rel}","templated":true}]}}