{"id":16824,"date":"2025-01-21T05:57:05","date_gmt":"2025-01-21T05:57:05","guid":{"rendered":"https:\/\/www.hydraulic-cylinders.net\/product\/arm-cylinder-for-volwa-large-excavator-dls450-8b\/"},"modified":"2025-01-21T05:57:07","modified_gmt":"2025-01-21T05:57:07","slug":"arm-cylinder-for-volwa-large-excavator-dls450-8b","status":"publish","type":"product","link":"https:\/\/www.hydraulic-cylinders.net\/pt\/produto\/arm-cylinder-for-volwa-large-excavator-dls450-8b\/","title":{"rendered":"Cilindro do bra\u00e7o para escavadeira grande Volwa DLS450-8B"},"content":{"rendered":"<h2>Cilindro do bra\u00e7o para escavadeira grande Volwa DLS450-8B<\/h2>\n<h3>Introdu\u00e7\u00e3o<\/h3>\n<p>Um cilindro de bra\u00e7o \u00e9 um cilindro hidr\u00e1ulico especialmente projetado para fornecer movimento linear e pot\u00eancia aos bra\u00e7os de diversos tipos de m\u00e1quinas, como escavadeiras, guindastes e bra\u00e7os rob\u00f3ticos. Os cilindros de bra\u00e7o desempenham um papel vital no sistema hidr\u00e1ulico, permitindo o movimento e o controle eficientes de ferramentas ou acess\u00f3rios acoplados. Esses cilindros n\u00e3o apenas proporcionam um movimento suave, mas tamb\u00e9m suportam cargas pesadas, garantindo a opera\u00e7\u00e3o eficiente e a confiabilidade das m\u00e1quinas em diversas condi\u00e7\u00f5es de trabalho.<\/p>\n<p><img decoding=\"async\" src=\"https:\/\/www.hydraulic-cylinders.net\/wp-content\/uploads\/2025\/01\/songte-company-2.webp\" alt=\"Imagem do Cilindro do Bra\u00e7o\"><\/p>\n<h3>Caracter\u00edsticas<\/h3>\n<p>O cilindro do bra\u00e7o para a escavadeira de grande porte Volwa DLS450-8B possui as seguintes caracter\u00edsticas:<\/p>\n<ul>\n<li>Transmiss\u00e3o de alta efici\u00eancia: O cilindro do bra\u00e7o proporciona movimento linear e for\u00e7a potentes, garantindo o alto desempenho do bra\u00e7o rob\u00f3tico em diversas opera\u00e7\u00f5es.<\/li>\n<li>Controle preciso: O cilindro do bra\u00e7o permite um controle preciso do movimento atrav\u00e9s do sistema hidr\u00e1ulico, tornando a opera\u00e7\u00e3o das ferramentas acopladas mais flex\u00edvel e precisa.<\/li>\n<li>Alta durabilidade: Os cilindros de bra\u00e7o s\u00e3o normalmente feitos de materiais de alta resist\u00eancia e possuem excelente resist\u00eancia ao desgaste e \u00e0 corros\u00e3o, tornando-os adequados para uso prolongado em ambientes agressivos.<\/li>\n<li>Adaptabilidade multifuncional: Esses cilindros podem ser amplamente utilizados em diversos equipamentos mec\u00e2nicos, como escavadeiras, guindastes e bra\u00e7os rob\u00f3ticos, adaptando-se a diferentes requisitos de trabalho.<\/li>\n<li>Manuten\u00e7\u00e3o facilitada: O projeto do cilindro do bra\u00e7o leva em considera\u00e7\u00e3o a facilidade de manuten\u00e7\u00e3o e substitui\u00e7\u00e3o, tornando a inspe\u00e7\u00e3o e a manuten\u00e7\u00e3o regulares mais convenientes e reduzindo o tempo de inatividade do equipamento.<\/li>\n<\/ul>\n<p>Podemos produzir este produto e ele pode substituir perfeitamente esses cilindros hidr\u00e1ulicos.<\/p>\n<p><img decoding=\"async\" src=\"https:\/\/www.hydraulic-cylinders.net\/wp-content\/uploads\/2025\/01\/songte-oil-pipes-and-spare-parts.webp\" alt=\"Imagem do cilindro de substitui\u00e7\u00e3o\"><\/p>\n<h3>Aplica\u00e7\u00f5es<\/h3>\n<p>O cilindro de bra\u00e7o pode ser usado em diversas \u00e1reas, tais como:<\/p>\n<ul>\n<li>Engenharia de constru\u00e7\u00e3o: Em escavadeiras e guindastes, os cilindros de bra\u00e7o s\u00e3o usados \u200b\u200bpara controlar o movimento das p\u00e1s ou lan\u00e7as, realizando trabalhos de terraplenagem, movimenta\u00e7\u00e3o de materiais e instala\u00e7\u00e3o de estruturas.<\/li>\n<li>Fabrica\u00e7\u00e3o: Em linhas de produ\u00e7\u00e3o automatizadas, cilindros de bra\u00e7o s\u00e3o usados \u200b\u200bpara movimentar bra\u00e7os rob\u00f3ticos, realizando processos de montagem, soldagem e manuseio, melhorando a efici\u00eancia e a precis\u00e3o da produ\u00e7\u00e3o.<\/li>\n<li>M\u00e1quinas agr\u00edcolas: Em m\u00e1quinas agr\u00edcolas como colheitadeiras e semeadoras, os cilindros dos bra\u00e7os controlam o movimento dos bra\u00e7os operacionais, realizando tarefas como semeadura, fertiliza\u00e7\u00e3o e colheita.<\/li>\n<li>Minera\u00e7\u00e3o: Em equipamentos de minera\u00e7\u00e3o, os cilindros dos bra\u00e7os s\u00e3o usados \u200b\u200bpara controlar o movimento dos bra\u00e7os dos equipamentos, realizando a extra\u00e7\u00e3o e o transporte de min\u00e9rio.<\/li>\n<li>Log\u00edstica e transporte: Em empilhadeiras e rob\u00f4s de movimenta\u00e7\u00e3o, os cilindros de bra\u00e7o s\u00e3o utilizados para controlar a eleva\u00e7\u00e3o e movimenta\u00e7\u00e3o dos garfos, realizando o manuseio e empilhamento de materiais.<\/li>\n<\/ul>\n<h3>Considera\u00e7\u00f5es de design e crit\u00e9rios de sele\u00e7\u00e3o<\/h3>\n<p>Os cilindros dos bra\u00e7os s\u00e3o componentes cr\u00edticos dos sistemas hidr\u00e1ulicos e exigem considera\u00e7\u00e3o cuidadosa em termos de projeto e crit\u00e9rios de sele\u00e7\u00e3o. As seguintes considera\u00e7\u00f5es de projeto devem ser levadas em conta:<\/p>\n<h4>Capacidade de carga<\/h4>\n<p>O cilindro do bra\u00e7o deve ser capaz de suportar as cargas a que \u00e9 submetido durante a opera\u00e7\u00e3o, as quais podem variar dependendo da aplica\u00e7\u00e3o. O di\u00e2metro do furo e o comprimento do curso do cilindro devem ser escolhidos com base nos requisitos de carga espec\u00edficos da aplica\u00e7\u00e3o.<\/p>\n<h4>Selagem<\/h4>\n<p>O cilindro do bra\u00e7o deve ser vedado de forma eficaz para evitar vazamentos de fluido hidr\u00e1ulico, que podem danificar outros componentes. Devem ser utilizadas veda\u00e7\u00f5es de pist\u00e3o e haste de alta qualidade, feitas de materiais como poliuretano ou borracha nitr\u00edlica, para garantir uma veda\u00e7\u00e3o adequada.<\/p>\n<h4>Durabilidade<\/h4>\n<p>O cilindro do bra\u00e7o deve ser suficientemente resistente para suportar as condi\u00e7\u00f5es operacionais severas, como alta temperatura, umidade e corros\u00e3o. Materiais de alta resist\u00eancia, como a\u00e7o ou liga de alum\u00ednio, devem ser usados \u200b\u200bna constru\u00e7\u00e3o do cilindro para garantir sua durabilidade.<\/p>\n<h4>Seguran\u00e7a<\/h4>\n<p>O cilindro do bra\u00e7o deve ser projetado com foco na seguran\u00e7a para evitar acidentes e les\u00f5es. Recursos de seguran\u00e7a, como v\u00e1lvulas de al\u00edvio de press\u00e3o e bot\u00f5es de parada de emerg\u00eancia, devem ser inclu\u00eddos no projeto para garantir uma opera\u00e7\u00e3o segura.<\/p>\n<h4>Manutenibilidade<\/h4>\n<p>O cilindro do bra\u00e7o deve ser de f\u00e1cil manuten\u00e7\u00e3o e reparo para minimizar o tempo de inatividade e reduzir os custos de manuten\u00e7\u00e3o. Recursos de projeto, como tampas de extremidade remov\u00edveis e veda\u00e7\u00f5es f\u00e1ceis de substituir, devem ser inclu\u00eddos no projeto para simplificar a manuten\u00e7\u00e3o.<\/p>\n<p><img decoding=\"async\" src=\"https:\/\/www.hydraulic-cylinders.net\/wp-content\/uploads\/2025\/01\/songte-cylinder-head-with-all-kinds-excavator-models.webp\" alt=\"Imagem de design cil\u00edndrico\"><\/p>\n<h3>Veda\u00e7\u00e3o e Lubrifica\u00e7\u00e3o<\/h3>\n<p>O cilindro do bra\u00e7o requer veda\u00e7\u00e3o e lubrifica\u00e7\u00e3o adequadas para garantir um funcionamento confi\u00e1vel. Diversos componentes de veda\u00e7\u00e3o, como veda\u00e7\u00f5es do pist\u00e3o e da haste, devem ser selecionados com base nos requisitos espec\u00edficos da aplica\u00e7\u00e3o. O furo do cilindro e a superf\u00edcie da haste devem ser usinados com precis\u00e3o para melhorar a resist\u00eancia ao desgaste. A adi\u00e7\u00e3o regular de \u00f3leo hidr\u00e1ulico apropriado \u00e9 necess\u00e1ria para manter a lubrifica\u00e7\u00e3o e o resfriamento do cilindro.<\/p>\n<h3>Manuten\u00e7\u00e3o e medidas preventivas<\/h3>\n<p>Inspe\u00e7\u00f5es regulares e manuten\u00e7\u00e3o preventiva podem ajudar a prolongar a vida \u00fatil do cilindro do bra\u00e7o. As seguintes medidas devem ser tomadas:<\/p>\n<ul>\n<li>Verifique regularmente o cilindro para detectar quaisquer sinais de danos ou desgaste.<\/li>\n<li>Substitua quaisquer veda\u00e7\u00f5es danificadas ou desgastadas para evitar vazamentos.<\/li>\n<li>Assegure a lubrifica\u00e7\u00e3o adequada do cilindro para minimizar o desgaste.<\/li>\n<li>Mantenha o cilindro e o sistema hidr\u00e1ulico limpos para evitar contamina\u00e7\u00e3o.<\/li>\n<\/ul>\n<p><img decoding=\"async\" src=\"https:\/\/www.hydraulic-cylinders.net\/wp-content\/uploads\/2025\/01\/songte-chushion-collar.webp\" alt=\"Imagem de manuten\u00e7\u00e3o\"><\/p>\n<h3>Guia de instala\u00e7\u00e3o<\/h3>\n<p>Os seguintes passos devem ser seguidos para instalar o cilindro do bra\u00e7o:<\/p>\n<ol>\n<li>Coloque o cilindro no local desejado e fixe-o usando parafusos ou pinos.<\/li>\n<li>Conecte as linhas hidr\u00e1ulicas \u00e0s portas do cilindro.<\/li>\n<li>Certifique-se de que todas as conex\u00f5es hidr\u00e1ulicas estejam firmes e sem vazamentos.<\/li>\n<li>Teste o funcionamento do cilindro e certifique-se de que est\u00e1 funcionando corretamente.<\/li>\n<\/ol>\n<p><img decoding=\"async\" src=\"https:\/\/www.hydraulic-cylinders.net\/wp-content\/uploads\/2025\/01\/songte-bushings-with-all-kinds-of-excavator-models.webp\" alt=\"Imagem de instala\u00e7\u00e3o\"><\/p>\n<h3>Considera\u00e7\u00f5es de seguran\u00e7a e fatores ambientais<\/h3>\n<p>Ao utilizar o cilindro de bra\u00e7o, \u00e9 importante tomar as precau\u00e7\u00f5es de seguran\u00e7a necess\u00e1rias para evitar acidentes e les\u00f5es. Recursos de seguran\u00e7a, como v\u00e1lvulas de al\u00edvio de press\u00e3o e bot\u00f5es de parada de emerg\u00eancia, devem ser inclu\u00eddos no projeto do sistema para garantir uma opera\u00e7\u00e3o segura. Fatores ambientais, como temperatura, umidade e contaminantes, tamb\u00e9m devem ser levados em considera\u00e7\u00e3o para assegurar um funcionamento confi\u00e1vel em diversas condi\u00e7\u00f5es.<\/p>\n<h3>Solu\u00e7\u00e3o de problemas e problemas comuns<\/h3>\n<p>A seguir, apresentamos alguns problemas comuns que podem ocorrer ao usar o cilindro de bra\u00e7o:<\/p>\n<ul>\n<li>Vazamento de fluido hidr\u00e1ulico<\/li>\n<li>Desempenho reduzido<\/li>\n<li>Opera\u00e7\u00e3o ruidosa<\/li>\n<\/ul>\n<p>Para diagnosticar e resolver esses problemas, siga as dicas abaixo:<\/p>\n<ul>\n<li>Inspecione o cilindro e as linhas hidr\u00e1ulicas para verificar se h\u00e1 vazamentos e repare-os conforme necess\u00e1rio.<\/li>\n<li>Verifique o n\u00edvel e a qualidade do fluido hidr\u00e1ulico e adicione ou substitua o fluido conforme necess\u00e1rio.<\/li>\n<li>Inspecione o cilindro para verificar se h\u00e1 sinais de danos ou desgaste e substitua quaisquer pe\u00e7as danificadas ou desgastadas.<\/li>\n<\/ul>\n<p>Para evitar poss\u00edveis problemas, a manuten\u00e7\u00e3o e inspe\u00e7\u00e3o regulares do cilindro s\u00e3o essenciais.<\/p>\n<p><img decoding=\"async\" src=\"https:\/\/www.hydraulic-cylinders.net\/wp-content\/uploads\/2025\/01\/songte-company-4.webp\" alt=\"Imagem da empresa\"><br \/>\n<img decoding=\"async\" src=\"https:\/\/www.hydraulic-cylinders.net\/wp-content\/uploads\/2025\/01\/songte-company-3.webp\" alt=\"Imagem da empresa\"><\/p>\n<h3>Sobre n\u00f3s<\/h3>\n<p>Somos um fabricante profissional de cilindros hidr\u00e1ulicos de reposi\u00e7\u00e3o com uma ampla gama de produtos. Tornamo-nos um dos principais fabricantes e distribuidores atacadistas de cilindros hidr\u00e1ulicos, tanto no mercado nacional quanto internacional. Sempre priorizamos a excel\u00eancia em qualidade e nos apoiamos em estrat\u00e9gias de gest\u00e3o de produ\u00e7\u00e3o em instala\u00e7\u00f5es de fabrica\u00e7\u00e3o refinadas para aprimorar continuamente nosso n\u00edvel t\u00e9cnico e efici\u00eancia produtiva. Ao introduzir equipamentos de fabrica\u00e7\u00e3o digital de \u00faltima gera\u00e7\u00e3o e sistemas de teste profissionais, otimizamos continuamente nossa plataforma de produ\u00e7\u00e3o e aprimoramos nosso processo de controle de qualidade, possuindo forte capacidade de inova\u00e7\u00e3o. Nosso objetivo \u00e9 atender \u00e0s diversas necessidades de nossos clientes com alta efici\u00eancia, precis\u00e3o e alta qualidade.<\/p>\n<p>Oferecemos servi\u00e7os profissionais, com certifica\u00e7\u00e3o internacional e personalizados, al\u00e9m de contarmos com equipamentos de produ\u00e7\u00e3o avan\u00e7ados e um servi\u00e7o p\u00f3s-venda completo.<\/p>\n<p>Autor: lyl.<\/p>","protected":false},"excerpt":{"rendered":"<p>Arm Cylinder For Volwa Large Excavator DLS450-8B Introduction An arm cylinder is a specially designed hydraulic cylinder that is used to provide linear motion and power to the arms of various types of machinery such as excavators, cranes, and robotic arms. Arm cylinders play a vital role in the hydraulic system, enabling the efficient movement [&hellip;]<\/p>","protected":false},"featured_media":14766,"comment_status":"open","ping_status":"closed","template":"","meta":{"_et_pb_use_builder":"","_et_pb_old_content":"","_et_gb_content_width":""},"product_brand":[],"product_cat":[1497],"product_tag":[1498,1496],"class_list":{"0":"post-16824","1":"product","2":"type-product","3":"status-publish","4":"has-post-thumbnail","6":"product_cat-arm-cylinders","7":"product_tag-arm-cylinders","8":"product_tag-hydraulic-cylinders","10":"first","11":"instock","12":"shipping-taxable","13":"product-type-simple"},"amp_enabled":true,"_links":{"self":[{"href":"https:\/\/www.hydraulic-cylinders.net\/pt\/wp-json\/wp\/v2\/product\/16824","targetHints":{"allow":["GET"]}}],"collection":[{"href":"https:\/\/www.hydraulic-cylinders.net\/pt\/wp-json\/wp\/v2\/product"}],"about":[{"href":"https:\/\/www.hydraulic-cylinders.net\/pt\/wp-json\/wp\/v2\/types\/product"}],"replies":[{"embeddable":true,"href":"https:\/\/www.hydraulic-cylinders.net\/pt\/wp-json\/wp\/v2\/comments?post=16824"}],"wp:featuredmedia":[{"embeddable":true,"href":"https:\/\/www.hydraulic-cylinders.net\/pt\/wp-json\/wp\/v2\/media\/14766"}],"wp:attachment":[{"href":"https:\/\/www.hydraulic-cylinders.net\/pt\/wp-json\/wp\/v2\/media?parent=16824"}],"wp:term":[{"taxonomy":"product_brand","embeddable":true,"href":"https:\/\/www.hydraulic-cylinders.net\/pt\/wp-json\/wp\/v2\/product_brand?post=16824"},{"taxonomy":"product_cat","embeddable":true,"href":"https:\/\/www.hydraulic-cylinders.net\/pt\/wp-json\/wp\/v2\/product_cat?post=16824"},{"taxonomy":"product_tag","embeddable":true,"href":"https:\/\/www.hydraulic-cylinders.net\/pt\/wp-json\/wp\/v2\/product_tag?post=16824"}],"curies":[{"name":"wp","href":"https:\/\/api.w.org\/{rel}","templated":true}]}}