{"id":16884,"date":"2025-01-21T06:10:24","date_gmt":"2025-01-21T06:10:24","guid":{"rendered":"https:\/\/www.hydraulic-cylinders.net\/product\/arm-cylinder-for-baoding-wy90d-9\/"},"modified":"2025-01-21T06:10:26","modified_gmt":"2025-01-21T06:10:26","slug":"arm-cylinder-for-baoding-wy90d-9","status":"publish","type":"product","link":"https:\/\/www.hydraulic-cylinders.net\/pt\/produto\/arm-cylinder-for-baoding-wy90d-9\/","title":{"rendered":"Cilindro do bra\u00e7o para Baoding WY90D-9"},"content":{"rendered":"<h1>Cilindro do bra\u00e7o para Baoding WY90D-9<\/h1>\n<h2>Defini\u00e7\u00e3o e explica\u00e7\u00e3o do produto<\/h2>\n<p>Um cilindro de bra\u00e7o \u00e9 um cilindro hidr\u00e1ulico especialmente projetado para fornecer movimento linear e pot\u00eancia a diversos bra\u00e7os mec\u00e2nicos, como escavadeiras, guindastes e bra\u00e7os rob\u00f3ticos. O cilindro de bra\u00e7o desempenha um papel fundamental nos sistemas hidr\u00e1ulicos, permitindo que os implementos se movam e sejam controlados com efic\u00e1cia. Esses cilindros n\u00e3o apenas proporcionam um movimento suave, mas tamb\u00e9m suportam cargas pesadas, garantindo a opera\u00e7\u00e3o eficiente e a confiabilidade das m\u00e1quinas em diversas condi\u00e7\u00f5es de trabalho.<\/p>\n<p><img decoding=\"async\" src=\"https:\/\/www.hydraulic-cylinders.net\/wp-content\/uploads\/2025\/01\/songte-company-2.webp\"><\/p>\n<h2>Caracter\u00edsticas do produto<\/h2>\n<ul>\n<li>\n<h3>Transmiss\u00e3o de energia eficiente<\/h3>\n<p>Os cilindros dos bra\u00e7os proporcionam forte movimento linear e for\u00e7a, garantindo o alto desempenho e efici\u00eancia dos bra\u00e7os das m\u00e1quinas em diversas opera\u00e7\u00f5es.<\/li>\n<li>\n<h3>Controle de precis\u00e3o<\/h3>\n<p>Por meio do sistema hidr\u00e1ulico, o cilindro do bra\u00e7o consegue um controle preciso do movimento, tornando a opera\u00e7\u00e3o das ferramentas acopladas mais flex\u00edvel e precisa.<\/li>\n<li>\n<h3>Forte durabilidade<\/h3>\n<p>Os cilindros dos bra\u00e7os s\u00e3o geralmente feitos de materiais de alta resist\u00eancia, com boa resist\u00eancia ao desgaste e \u00e0 corros\u00e3o, adequados para uso prolongado em ambientes agressivos.<\/li>\n<li>\n<h3>Adaptabilidade multifuncional<\/h3>\n<p>Esses cilindros podem ser amplamente utilizados em diversos equipamentos mec\u00e2nicos, como escavadeiras, guindastes e bra\u00e7os rob\u00f3ticos, para atender a diferentes requisitos de trabalho.<\/li>\n<li>\n<h3>F\u00e1cil manuten\u00e7\u00e3o<\/h3>\n<p>O projeto leva em considera\u00e7\u00e3o a facilidade de manuten\u00e7\u00e3o e substitui\u00e7\u00e3o, tornando a inspe\u00e7\u00e3o e a manuten\u00e7\u00e3o regulares mais convenientes e reduzindo o tempo de inatividade do equipamento.<\/li>\n<\/ul>\n<p>Fabricamos este produto e oferecemos um substituto perfeito para esses cilindros hidr\u00e1ulicos.<\/p>\n<p><img decoding=\"async\" src=\"https:\/\/www.hydraulic-cylinders.net\/wp-content\/uploads\/2025\/01\/songte-oil-pipes-and-spare-parts.webp\"><\/p>\n<h2>Aplica\u00e7\u00f5es do produto<\/h2>\n<p>Cilindros de bra\u00e7o s\u00e3o amplamente utilizados em diversas ind\u00fastrias:<\/p>\n<ul>\n<li>\n<h3>Engenharia de Constru\u00e7\u00e3o<\/h3>\n<p>Os cilindros de bra\u00e7o s\u00e3o usados \u200b\u200bpara controlar o movimento da ca\u00e7amba ou da lan\u00e7a em escavadeiras e guindastes para realizar trabalhos de terraplenagem, movimenta\u00e7\u00e3o de materiais e instala\u00e7\u00e3o de estruturas.<\/li>\n<li>\n<h3>Ind\u00fastria de manufatura<\/h3>\n<p>Os cilindros de bra\u00e7o s\u00e3o utilizados na movimenta\u00e7\u00e3o de bra\u00e7os rob\u00f3ticos em linhas de produ\u00e7\u00e3o automatizadas para realizar processos de montagem, soldagem e manuseio, melhorando a efici\u00eancia e a precis\u00e3o da produ\u00e7\u00e3o.<\/li>\n<li>\n<h3>Maquinaria agr\u00edcola<\/h3>\n<p>Os cilindros dos bra\u00e7os controlam os movimentos dos bra\u00e7os operacionais em m\u00e1quinas agr\u00edcolas, como colheitadeiras e semeadoras, realizando tarefas como semeadura, fertiliza\u00e7\u00e3o e colheita.<\/li>\n<li>\n<h3>Ind\u00fastria de Minera\u00e7\u00e3o<\/h3>\n<p>Os cilindros de bra\u00e7o s\u00e3o usados \u200b\u200bpara controlar os movimentos do bra\u00e7o de equipamentos de minera\u00e7\u00e3o para extra\u00e7\u00e3o e transporte de minerais.<\/li>\n<li>\n<h3>Log\u00edstica e Transporte<\/h3>\n<p>Os cilindros dos bra\u00e7os s\u00e3o usados \u200b\u200bpara controlar o levantamento e o movimento dos garfos em empilhadeiras e rob\u00f4s de movimenta\u00e7\u00e3o para transportar e empilhar materiais.<\/li>\n<\/ul>\n<h2>Considera\u00e7\u00f5es sobre design de produto e crit\u00e9rios de sele\u00e7\u00e3o<\/h2>\n<p>Ao projetar cilindros de bra\u00e7o, v\u00e1rios fatores cr\u00edticos precisam ser considerados:<\/p>\n<ul>\n<li>\n<h3>Capacidade de suporte<\/h3>\n<p>O cilindro do bra\u00e7o deve ter capacidade para suportar cargas pesadas sem sofrer danos.<\/li>\n<li>\n<h3>Selagem<\/h3>\n<p>Diversos elementos de veda\u00e7\u00e3o, como veda\u00e7\u00f5es de pist\u00e3o e veda\u00e7\u00f5es de haste, s\u00e3o utilizados para garantir um cilindro herm\u00e9tico e \u00e0 prova de vazamentos.<\/li>\n<li>\n<h3>Durabilidade<\/h3>\n<p>O corpo do cilindro, o pist\u00e3o e a biela s\u00e3o feitos de materiais de alta resist\u00eancia para garantir durabilidade e resist\u00eancia \u00e0 corros\u00e3o.<\/li>\n<li>\n<h3>Seguran\u00e7a<\/h3>\n<p>O projeto deve levar em considera\u00e7\u00e3o fatores de seguran\u00e7a, como prote\u00e7\u00e3o contra sobrecarga e parada de emerg\u00eancia, para garantir a seguran\u00e7a do pessoal e dos equipamentos.<\/li>\n<li>\n<h3>Manutenibilidade<\/h3>\n<p>O projeto deve levar em considera\u00e7\u00e3o a facilidade de manuten\u00e7\u00e3o e substitui\u00e7\u00e3o de componentes para minimizar o tempo de inatividade e reduzir os custos de manuten\u00e7\u00e3o.<\/li>\n<\/ul>\n<p><img decoding=\"async\" src=\"https:\/\/www.hydraulic-cylinders.net\/wp-content\/uploads\/2025\/01\/songte-cylinder-head-with-all-kinds-excavator-models.webp\"><\/p>\n<h2>Veda\u00e7\u00e3o e Lubrifica\u00e7\u00e3o do Produto<\/h2>\n<p>Diversos elementos de veda\u00e7\u00e3o, como veda\u00e7\u00f5es de pist\u00e3o e veda\u00e7\u00f5es de haste, s\u00e3o utilizados para garantir um cilindro herm\u00e9tico e \u00e0 prova de vazamentos. As pe\u00e7as de veda\u00e7\u00e3o s\u00e3o fabricadas com materiais resistentes ao desgaste, como poliuretano e borracha nitr\u00edlica, para assegurar o uso prolongado em ambientes agressivos. O corpo do cilindro e a superf\u00edcie da extremidade da rosca s\u00e3o usinados com precis\u00e3o para melhorar a resist\u00eancia ao desgaste. O abastecimento regular com a quantidade adequada de \u00f3leo hidr\u00e1ulico \u00e9 necess\u00e1rio para a lubrifica\u00e7\u00e3o.<\/p>\n<p><img decoding=\"async\" src=\"https:\/\/www.hydraulic-cylinders.net\/wp-content\/uploads\/2025\/01\/songte-chushion-collar.webp\"><\/p>\n<h2>Manuten\u00e7\u00e3o e resolu\u00e7\u00e3o de problemas do produto<\/h2>\n<p>A inspe\u00e7\u00e3o regular e a manuten\u00e7\u00e3o preventiva s\u00e3o necess\u00e1rias para garantir o funcionamento eficiente e confi\u00e1vel dos cilindros do bra\u00e7o. A seguir, algumas dicas comuns de manuten\u00e7\u00e3o e solu\u00e7\u00e3o de problemas:<\/p>\n<ul>\n<li>\n<h3>Inspe\u00e7\u00e3o regular<\/h3>\n<p>Verifique se o cilindro apresenta danos, vazamentos ou rachaduras e substitua as pe\u00e7as desgastadas o mais r\u00e1pido poss\u00edvel.<\/li>\n<li>\n<h3>Manuten\u00e7\u00e3o preventiva<\/h3>\n<p>Realize manuten\u00e7\u00e3o preventiva para garantir que o cilindro esteja em boas condi\u00e7\u00f5es de funcionamento.<\/li>\n<li>\n<h3>Solu\u00e7\u00e3o de problemas<\/h3>\n<p>Caso haja algum problema com o cilindro, como vazamento ou ru\u00eddo anormal, realize um diagn\u00f3stico e reparo sistem\u00e1ticos.<\/li>\n<li>\n<h3>Medidas preventivas<\/h3>\n<p>Adote medidas preventivas, como manuten\u00e7\u00e3o regular e substitui\u00e7\u00e3o de pe\u00e7as desgastadas, para minimizar problemas potenciais e prolongar a vida \u00fatil do cilindro.<\/li>\n<\/ul>\n<h2>Guia de instala\u00e7\u00e3o do produto<\/h2>\n<p>Instru\u00e7\u00f5es para instala\u00e7\u00e3o do cilindro do bra\u00e7o para Baoding WY90D-9:<\/p>\n<ol>\n<li>Prepare o local de instala\u00e7\u00e3o e certifique-se de que a superf\u00edcie esteja limpa e livre de detritos.<\/li>\n<li>Instale o cilindro de acordo com as instru\u00e7\u00f5es de instala\u00e7\u00e3o e na dire\u00e7\u00e3o correta.<\/li>\n<li>Conecte a tubula\u00e7\u00e3o hidr\u00e1ulica e aperte as juntas.<\/li>\n<li>Realize um teste de press\u00e3o para garantir que o cilindro funcione corretamente e que n\u00e3o haja vazamentos.<\/li>\n<li>Ap\u00f3s a instala\u00e7\u00e3o, realize manuten\u00e7\u00e3o e inspe\u00e7\u00e3o regulares do cilindro.<\/li>\n<\/ol>\n<p><img decoding=\"async\" src=\"https:\/\/www.hydraulic-cylinders.net\/wp-content\/uploads\/2025\/01\/songte-bushings-with-all-kinds-of-excavator-models.webp\"><\/p>\n<h2>Considera\u00e7\u00f5es sobre seguran\u00e7a do produto e fatores ambientais<\/h2>\n<p>A seguran\u00e7a \u00e9 um fator crucial na utiliza\u00e7\u00e3o de cilindros de bra\u00e7o. Os operadores devem seguir as diretrizes de seguran\u00e7a e tomar as medidas apropriadas para garantir a sua seguran\u00e7a e a de quem est\u00e1 ao seu redor. Al\u00e9m disso, fatores ambientais, como temperatura e umidade, podem afetar o desempenho e a vida \u00fatil do cilindro. Portanto, \u00e9 essencial considerar esses fatores ao selecionar e utilizar cilindros de bra\u00e7o.<\/p>\n<h2>Sobre n\u00f3s<\/h2>\n<p>Somos um fabricante profissional de cilindros hidr\u00e1ulicos de reposi\u00e7\u00e3o com uma ampla gama de produtos e nos tornamos um dos principais fabricantes e distribuidores atacadistas de cilindros hidr\u00e1ulicos nos mercados nacional e internacional. Sempre aderimos ao princ\u00edpio da excel\u00eancia em qualidade, utilizando estrat\u00e9gias de gest\u00e3o de produ\u00e7\u00e3o industrial em instala\u00e7\u00f5es de fabrica\u00e7\u00e3o de alta precis\u00e3o, aprimorando continuamente nosso n\u00edvel t\u00e9cnico e efici\u00eancia produtiva. Atrav\u00e9s da introdu\u00e7\u00e3o de equipamentos de fabrica\u00e7\u00e3o digital de \u00faltima gera\u00e7\u00e3o e sistemas de teste profissionais, otimizamos continuamente a plataforma de produ\u00e7\u00e3o, aprimoramos os processos de controle de qualidade dos produtos e possu\u00edmos uma forte capacidade de inova\u00e7\u00e3o. Nosso objetivo \u00e9 atender \u00e0s diversas necessidades dos clientes com alta efici\u00eancia, precis\u00e3o e alta qualidade.<\/p>\n<p>Oferecemos servi\u00e7os personalizados e possu\u00edmos diversas certifica\u00e7\u00f5es internacionais, como ISO9001, CE e SGS. Contamos com equipamentos de produ\u00e7\u00e3o avan\u00e7ados e fornecemos um servi\u00e7o p\u00f3s-venda eficiente para garantir a satisfa\u00e7\u00e3o do cliente.<\/p>\n<p><img decoding=\"async\" src=\"https:\/\/www.hydraulic-cylinders.net\/wp-content\/uploads\/2025\/01\/songte-company-4.webp\"><br \/>\n<img decoding=\"async\" src=\"https:\/\/www.hydraulic-cylinders.net\/wp-content\/uploads\/2025\/01\/songte-company-3.webp\"><\/p>\n<p>Autor: lyl<\/p>","protected":false},"excerpt":{"rendered":"<p>Arm Cylinder for Baoding WY90D-9 Product Definition and Explanation An arm cylinder is a specially designed hydraulic cylinder used to provide linear motion and power to various mechanical arms, such as excavators, cranes, and robotic arms. The arm cylinder plays a critical role in hydraulic systems, enabling attachments to move and control effectively. These cylinders [&hellip;]<\/p>","protected":false},"featured_media":14770,"comment_status":"open","ping_status":"closed","template":"","meta":{"_et_pb_use_builder":"","_et_pb_old_content":"","_et_gb_content_width":""},"product_brand":[],"product_cat":[1497],"product_tag":[1498,1496],"class_list":{"0":"post-16884","1":"product","2":"type-product","3":"status-publish","4":"has-post-thumbnail","6":"product_cat-arm-cylinders","7":"product_tag-arm-cylinders","8":"product_tag-hydraulic-cylinders","10":"first","11":"instock","12":"shipping-taxable","13":"product-type-simple"},"amp_enabled":true,"_links":{"self":[{"href":"https:\/\/www.hydraulic-cylinders.net\/pt\/wp-json\/wp\/v2\/product\/16884","targetHints":{"allow":["GET"]}}],"collection":[{"href":"https:\/\/www.hydraulic-cylinders.net\/pt\/wp-json\/wp\/v2\/product"}],"about":[{"href":"https:\/\/www.hydraulic-cylinders.net\/pt\/wp-json\/wp\/v2\/types\/product"}],"replies":[{"embeddable":true,"href":"https:\/\/www.hydraulic-cylinders.net\/pt\/wp-json\/wp\/v2\/comments?post=16884"}],"wp:featuredmedia":[{"embeddable":true,"href":"https:\/\/www.hydraulic-cylinders.net\/pt\/wp-json\/wp\/v2\/media\/14770"}],"wp:attachment":[{"href":"https:\/\/www.hydraulic-cylinders.net\/pt\/wp-json\/wp\/v2\/media?parent=16884"}],"wp:term":[{"taxonomy":"product_brand","embeddable":true,"href":"https:\/\/www.hydraulic-cylinders.net\/pt\/wp-json\/wp\/v2\/product_brand?post=16884"},{"taxonomy":"product_cat","embeddable":true,"href":"https:\/\/www.hydraulic-cylinders.net\/pt\/wp-json\/wp\/v2\/product_cat?post=16884"},{"taxonomy":"product_tag","embeddable":true,"href":"https:\/\/www.hydraulic-cylinders.net\/pt\/wp-json\/wp\/v2\/product_tag?post=16884"}],"curies":[{"name":"wp","href":"https:\/\/api.w.org\/{rel}","templated":true}]}}