{"id":16909,"date":"2025-01-21T06:12:13","date_gmt":"2025-01-21T06:12:13","guid":{"rendered":"https:\/\/www.hydraulic-cylinders.net\/product\/arm-cylinder-for-sinomach-zg3365lc-9c\/"},"modified":"2025-01-21T06:12:15","modified_gmt":"2025-01-21T06:12:15","slug":"arm-cylinder-for-sinomach-zg3365lc-9c","status":"publish","type":"product","link":"https:\/\/www.hydraulic-cylinders.net\/pt\/produto\/arm-cylinder-for-sinomach-zg3365lc-9c\/","title":{"rendered":"Cilindro do bra\u00e7o para Sinomach ZG3365LC-9C"},"content":{"rendered":"<h1>Cilindro do bra\u00e7o para Sinomach ZG3365LC-9C<\/h1>\n<h2>Introdu\u00e7\u00e3o<\/h2>\n<p>Um cilindro de bra\u00e7o \u00e9 um cilindro hidr\u00e1ulico especializado, projetado para fornecer movimento linear e pot\u00eancia aos bra\u00e7os de diversas m\u00e1quinas, como escavadeiras, guindastes e bra\u00e7os mec\u00e2nicos. Em sistemas hidr\u00e1ulicos, os cilindros de bra\u00e7o desempenham um papel fundamental, permitindo que implementos ou acess\u00f3rios se movam e sejam controlados com efic\u00e1cia. Esses cilindros n\u00e3o apenas proporcionam um movimento suave, como tamb\u00e9m suportam cargas pesadas, garantindo a opera\u00e7\u00e3o eficiente e a confiabilidade da m\u00e1quina em diversas condi\u00e7\u00f5es de trabalho.<\/p>\n<p><img decoding=\"async\" src=\"https:\/\/www.hydraulic-cylinders.net\/wp-content\/uploads\/2025\/01\/songte-company-2.webp\" alt=\"Imagem do Cilindro do Bra\u00e7o\"><\/p>\n<h3>Caracter\u00edsticas<\/h3>\n<ul>\n<li>Transmiss\u00e3o de alta efici\u00eancia: Os cilindros do bra\u00e7o proporcionam movimento linear e for\u00e7a potentes, garantindo o alto desempenho do bra\u00e7o mec\u00e2nico em diversas opera\u00e7\u00f5es.<\/li>\n<li>Controle preciso: Atrav\u00e9s de sistemas hidr\u00e1ulicos, os cilindros do bra\u00e7o podem alcan\u00e7ar um controle preciso do movimento, tornando a opera\u00e7\u00e3o das ferramentas acopladas mais flex\u00edvel e precisa.<\/li>\n<li>Alta durabilidade: Os cilindros de bra\u00e7o s\u00e3o geralmente feitos de materiais de alta resist\u00eancia, possuem boa resist\u00eancia ao desgaste e \u00e0 corros\u00e3o, sendo adequados para uso prolongado em ambientes agressivos.<\/li>\n<li>Adaptabilidade multifuncional: Esses cilindros podem ser amplamente utilizados em diversos tipos de m\u00e1quinas, como escavadeiras, guindastes e bra\u00e7os mec\u00e2nicos, para atender a diferentes requisitos de trabalho.<\/li>\n<li>F\u00e1cil manuten\u00e7\u00e3o: O design considera f\u00e1cil manuten\u00e7\u00e3o e substitui\u00e7\u00e3o, tornando a inspe\u00e7\u00e3o e manuten\u00e7\u00e3o regulares mais convenientes, reduzindo o tempo de inatividade do equipamento.<\/li>\n<\/ul>\n<p>Podemos produzir este produto, e nosso produto pode substituir perfeitamente esses cilindros hidr\u00e1ulicos.<\/p>\n<p><img decoding=\"async\" src=\"https:\/\/www.hydraulic-cylinders.net\/wp-content\/uploads\/2025\/01\/songte-oil-pipes-and-spare-parts.webp\" alt=\"Imagem de pe\u00e7as de reposi\u00e7\u00e3o\"><\/p>\n<h2>Aplica\u00e7\u00f5es<\/h2>\n<p>O cilindro de bra\u00e7o tem uma ampla gama de aplica\u00e7\u00f5es em diversos setores industriais, tais como:<\/p>\n<ul>\n<li><strong>Engenharia de constru\u00e7\u00e3o:<\/strong> Em escavadeiras e guindastes, o cilindro do bra\u00e7o \u00e9 usado para controlar o movimento da ca\u00e7amba ou da lan\u00e7a, para movimenta\u00e7\u00e3o de terra, manuseio de materiais e instala\u00e7\u00e3o de estruturas.<\/li>\n<li><strong>Ind\u00fastria de manufatura:<\/strong> Em linhas de produ\u00e7\u00e3o automatizadas, o cilindro do bra\u00e7o \u00e9 utilizado para movimentar o bra\u00e7o mec\u00e2nico, em processos de montagem, soldagem e manuseio, melhorando a efici\u00eancia e a precis\u00e3o da produ\u00e7\u00e3o.<\/li>\n<li><strong>Maquinaria agr\u00edcola:<\/strong> Em m\u00e1quinas agr\u00edcolas como colheitadeiras e plantadeiras, o cilindro do bra\u00e7o controla o movimento do bra\u00e7o operacional, realizando tarefas como semear, fertilizar e colher.<\/li>\n<li><strong>Ind\u00fastria de minera\u00e7\u00e3o:<\/strong> Em equipamentos de minera\u00e7\u00e3o, o cilindro do bra\u00e7o \u00e9 usado para controlar o movimento do bra\u00e7o do equipamento, tanto para minera\u00e7\u00e3o quanto para movimenta\u00e7\u00e3o de materiais.<\/li>\n<li><strong>Log\u00edstica e transporte:<\/strong> Em empilhadeiras e rob\u00f4s de movimenta\u00e7\u00e3o, o cilindro do bra\u00e7o \u00e9 usado para controlar o levantamento e o movimento dos garfos, realizando o manuseio e o empilhamento de materiais.<\/li>\n<\/ul>\n<h2>Considera\u00e7\u00f5es de design e crit\u00e9rios de sele\u00e7\u00e3o<\/h2>\n<p>Em rela\u00e7\u00e3o \u00e0s considera\u00e7\u00f5es de projeto, \u00e9 essencial garantir que o cilindro do bra\u00e7o possua as seguintes caracter\u00edsticas:<\/p>\n<h3>Capacidade de carga<\/h3>\n<p>A capacidade de carga do cilindro do bra\u00e7o \u00e9 um fator crucial na sele\u00e7\u00e3o do cilindro apropriado para uma aplica\u00e7\u00e3o espec\u00edfica. Ele deve ser capaz de suportar a carga m\u00e1xima que a m\u00e1quina encontrar\u00e1 durante a opera\u00e7\u00e3o.<\/p>\n<h3>Selagem<\/h3>\n<p>As veda\u00e7\u00f5es utilizadas no cilindro do bra\u00e7o devem ser cuidadosamente selecionadas para garantir que suportem a alta press\u00e3o e o ambiente severo do sistema hidr\u00e1ulico. O anel de veda\u00e7\u00e3o do pist\u00e3o, o anel de veda\u00e7\u00e3o da haste e outras veda\u00e7\u00f5es devem ser feitos de materiais resistentes ao desgaste, como poliuretano e borracha nitr\u00edlica.<\/p>\n<h3>Durabilidade<\/h3>\n<p>O cilindro do bra\u00e7o deve ser fabricado com materiais de alta resist\u00eancia para garantir sua durabilidade. O corpo e a haste do cilindro devem passar por um tratamento de superf\u00edcie preciso para melhorar a resist\u00eancia ao desgaste e \u00e0 corros\u00e3o.<\/p>\n<h3>Seguran\u00e7a<\/h3>\n<p>O cilindro do bra\u00e7o deve possuir recursos de seguran\u00e7a projetados para evitar acidentes causados \u200b\u200bpor falhas no sistema ou outros fatores. Esses recursos incluem v\u00e1lvulas de seguran\u00e7a, v\u00e1lvulas de al\u00edvio de press\u00e3o e outros dispositivos de seguran\u00e7a.<\/p>\n<h3>Manuten\u00e7\u00e3o<\/h3>\n<p>O cilindro do bra\u00e7o deve ser projetado para facilitar a manuten\u00e7\u00e3o e a substitui\u00e7\u00e3o de pe\u00e7as. Inspe\u00e7\u00f5es e manuten\u00e7\u00f5es regulares podem prevenir problemas potenciais e prolongar a vida \u00fatil do cilindro.<\/p>\n<p><img decoding=\"async\" src=\"https:\/\/www.hydraulic-cylinders.net\/wp-content\/uploads\/2025\/01\/songte-cylinder-head-with-all-kinds-excavator-models.webp\" alt=\"Imagem da cabe\u00e7a do cilindro\"><\/p>\n<h2>Veda\u00e7\u00e3o e Lubrifica\u00e7\u00e3o<\/h2>\n<p>Para garantir o funcionamento confi\u00e1vel do cilindro do bra\u00e7o, v\u00e1rios componentes de veda\u00e7\u00e3o, como an\u00e9is de veda\u00e7\u00e3o do pist\u00e3o, an\u00e9is de veda\u00e7\u00e3o da haste e veda\u00e7\u00f5es de outras pe\u00e7as, devem ser instalados e mantidos corretamente. O corpo do cilindro e a superf\u00edcie da haste devem passar por um tratamento superficial preciso para melhorar a resist\u00eancia ao desgaste e \u00e0 corros\u00e3o. A lubrifica\u00e7\u00e3o peri\u00f3dica com o \u00f3leo hidr\u00e1ulico apropriado pode minimizar o atrito e aumentar a vida \u00fatil do cilindro.<\/p>\n<h2>Manuten\u00e7\u00e3o e Medidas Preventivas<\/h2>\n<p>A inspe\u00e7\u00e3o e manuten\u00e7\u00e3o regulares do cilindro do bra\u00e7o podem prolongar sua vida \u00fatil e prevenir problemas potenciais. As seguintes medidas devem ser tomadas:<\/p>\n<ul>\n<li>Verifique regularmente o desempenho da veda\u00e7\u00e3o do cilindro.<\/li>\n<li>Verifique se o corpo do cilindro e a biela apresentam danos ou desgaste.<\/li>\n<li>Adicione periodicamente o \u00f3leo hidr\u00e1ulico apropriado para lubrifica\u00e7\u00e3o do cilindro.<\/li>\n<li>Certifique-se de que os dispositivos de seguran\u00e7a estejam funcionando corretamente.<\/li>\n<\/ul>\n<p><img decoding=\"async\" src=\"https:\/\/www.hydraulic-cylinders.net\/wp-content\/uploads\/2025\/01\/songte-chushion-collar.webp\" alt=\"Imagem de gola almofadada\"><\/p>\n<h2>Guia de instala\u00e7\u00e3o<\/h2>\n<p>Os seguintes passos devem ser seguidos ao instalar o cilindro do bra\u00e7o:<\/p>\n<ol>\n<li>Remova o cilindro antigo e limpe o local de instala\u00e7\u00e3o.<\/li>\n<li>Instale o novo cilindro e certifique-se de que todas as conex\u00f5es estejam devidamente apertadas.<\/li>\n<li>Adicione o \u00f3leo hidr\u00e1ulico apropriado e verifique se h\u00e1 vazamentos.<\/li>\n<li>Realize v\u00e1rios testes para garantir que o cilindro esteja funcionando corretamente.<\/li>\n<\/ol>\n<h2>Considera\u00e7\u00f5es de seguran\u00e7a e fatores ambientais<\/h2>\n<p>Ao utilizar o cilindro de bra\u00e7o, \u00e9 essencial seguir as normas de seguran\u00e7a para prevenir acidentes. As medidas de seguran\u00e7a podem incluir a instala\u00e7\u00e3o de dispositivos de seguran\u00e7a, o fornecimento de treinamento adequado e a garantia de que o equipamento esteja em boas condi\u00e7\u00f5es de funcionamento. Fatores ambientais como temperatura, umidade e subst\u00e2ncias corrosivas podem afetar o desempenho do cilindro, e medidas adequadas devem ser tomadas para garantir que o cilindro funcione corretamente nessas condi\u00e7\u00f5es.<\/p>\n<h2>Solu\u00e7\u00e3o de problemas e problemas comuns<\/h2>\n<p>A seguir, apresentamos alguns dos problemas comuns que podem ocorrer com o cilindro do bra\u00e7o:<\/p>\n<ul>\n<li>Vazamento de \u00f3leo hidr\u00e1ulico<\/li>\n<li>Falha em estender ou retrair<\/li>\n<li>Ru\u00eddo anormal durante o funcionamento<\/li>\n<li>Desgaste excessivo<\/li>\n<\/ul>\n<p>Para diagnosticar e solucionar esses problemas, \u00e9 essencial ter um bom conhecimento da estrutura e dos princ\u00edpios de funcionamento do cilindro. Inspe\u00e7\u00f5es e manuten\u00e7\u00f5es regulares podem, muitas vezes, prevenir o surgimento desses problemas.<\/p>\n<p>Caso surjam problemas, as dicas a seguir podem ajudar a diagnostic\u00e1-los e resolv\u00ea-los:<\/p>\n<ul>\n<li>Verifique o n\u00edvel e a qualidade do \u00f3leo hidr\u00e1ulico.<\/li>\n<li>Verifique se as veda\u00e7\u00f5es do cilindro apresentam danos ou desgaste.<\/li>\n<li>Verifique se o corpo do cilindro e a biela apresentam danos ou desgaste.<\/li>\n<li>Verifique se h\u00e1 vazamentos ou problemas de press\u00e3o no sistema hidr\u00e1ulico.<\/li>\n<\/ul>\n<p>As medidas preventivas podem incluir inspe\u00e7\u00e3o e manuten\u00e7\u00e3o regulares, lubrifica\u00e7\u00e3o adequada e uso apropriado do cilindro.<\/p>\n<p><img decoding=\"async\" src=\"https:\/\/www.hydraulic-cylinders.net\/wp-content\/uploads\/2025\/01\/songte-bushings-with-all-kinds-of-excavator-models.webp\" alt=\"Imagem de buchas\"><\/p>\n<h2>Sobre n\u00f3s<\/h2>\n<p>Somos um fabricante profissional de cilindros hidr\u00e1ulicos de reposi\u00e7\u00e3o com uma ampla gama de produtos, e nos tornamos um dos principais fabricantes e distribuidores atacadistas de cilindros hidr\u00e1ulicos nos mercados nacional e internacional. Sempre aderimos ao princ\u00edpio da excel\u00eancia em qualidade, utilizando estrat\u00e9gias de gest\u00e3o de produ\u00e7\u00e3o industrializada em nossa oficina de fabrica\u00e7\u00e3o refinada, aprimorando continuamente a tecnologia e a efici\u00eancia da produ\u00e7\u00e3o. Ao introduzir equipamentos de fabrica\u00e7\u00e3o digital de \u00faltima gera\u00e7\u00e3o e sistemas de teste profissionais, otimizamos continuamente a plataforma de produ\u00e7\u00e3o, aprimoramos o processo de controle de qualidade e possu\u00edmos forte capacidade de inova\u00e7\u00e3o. Nosso objetivo \u00e9 atender \u00e0s diversas necessidades dos clientes com alta efici\u00eancia, precis\u00e3o e alta qualidade.<\/p>\n<h3>Profissionalismo<\/h3>\n<p>Contamos com uma equipe de engenheiros e t\u00e9cnicos profissionais que podem fornecer servi\u00e7os personalizados para atender \u00e0s necessidades espec\u00edficas dos clientes. Al\u00e9m disso, utilizamos tecnologia e equipamentos de ponta para produzir produtos de alta qualidade.<\/p>\n<h3>Certifica\u00e7\u00e3o Internacional<\/h3>\n<p>Obtivemos diversas certifica\u00e7\u00f5es internacionais, como ISO9001, CE e SGS, que refletem nosso compromisso com a qualidade e a seguran\u00e7a dos produtos.<\/p>\n<h3>Servi\u00e7os personalizados<\/h3>\n<p>Oferecemos um servi\u00e7o personalizado que permite adaptar os produtos \u00e0s necessidades espec\u00edficas dos clientes, incluindo design, produ\u00e7\u00e3o e embalagem.<\/p>\n<h3>Equipamentos de produ\u00e7\u00e3o<\/h3>\n<p>Possu\u00edmos equipamentos de produ\u00e7\u00e3o avan\u00e7ados, como centros de usinagem CNC, tornos CNC e outros equipamentos de fabrica\u00e7\u00e3o de precis\u00e3o, que garantem a exatid\u00e3o e a qualidade dos produtos.<\/p>\n<h3>Servi\u00e7o p\u00f3s-venda<\/h3>\n<p>Oferecemos um servi\u00e7o p\u00f3s-venda completo, incluindo suporte t\u00e9cnico, orienta\u00e7\u00e3o de instala\u00e7\u00e3o e treinamento de manuten\u00e7\u00e3o, para garantir que os clientes possam usar nossos produtos com confian\u00e7a.<\/p>\n<p><img decoding=\"async\" src=\"https:\/\/www.hydraulic-cylinders.net\/wp-content\/uploads\/2025\/01\/songte-company-4.webp\" alt=\"Imagem da empresa\"><br \/>\n<img decoding=\"async\" src=\"https:\/\/www.hydraulic-cylinders.net\/wp-content\/uploads\/2025\/01\/songte-company-3.webp\" alt=\"Imagem da empresa\"><\/p>\n<p>Autor: lyl.<\/p>","protected":false},"excerpt":{"rendered":"<p>Arm Cylinder For Sinomach ZG3365LC-9C Introduction An arm cylinder is a specialized hydraulic cylinder designed to provide linear movement and power to the arms of various machinery, such as excavators, cranes, and mechanical arms. In hydraulic systems, arm cylinders play a critical role in allowing attachments or accessories to move and control effectively. These cylinders [&hellip;]<\/p>","protected":false},"featured_media":14783,"comment_status":"open","ping_status":"closed","template":"","meta":{"_et_pb_use_builder":"","_et_pb_old_content":"","_et_gb_content_width":""},"product_brand":[],"product_cat":[1497],"product_tag":[1498,1496],"class_list":{"0":"post-16909","1":"product","2":"type-product","3":"status-publish","4":"has-post-thumbnail","6":"product_cat-arm-cylinders","7":"product_tag-arm-cylinders","8":"product_tag-hydraulic-cylinders","10":"first","11":"instock","12":"shipping-taxable","13":"product-type-simple"},"amp_enabled":true,"_links":{"self":[{"href":"https:\/\/www.hydraulic-cylinders.net\/pt\/wp-json\/wp\/v2\/product\/16909","targetHints":{"allow":["GET"]}}],"collection":[{"href":"https:\/\/www.hydraulic-cylinders.net\/pt\/wp-json\/wp\/v2\/product"}],"about":[{"href":"https:\/\/www.hydraulic-cylinders.net\/pt\/wp-json\/wp\/v2\/types\/product"}],"replies":[{"embeddable":true,"href":"https:\/\/www.hydraulic-cylinders.net\/pt\/wp-json\/wp\/v2\/comments?post=16909"}],"wp:featuredmedia":[{"embeddable":true,"href":"https:\/\/www.hydraulic-cylinders.net\/pt\/wp-json\/wp\/v2\/media\/14783"}],"wp:attachment":[{"href":"https:\/\/www.hydraulic-cylinders.net\/pt\/wp-json\/wp\/v2\/media?parent=16909"}],"wp:term":[{"taxonomy":"product_brand","embeddable":true,"href":"https:\/\/www.hydraulic-cylinders.net\/pt\/wp-json\/wp\/v2\/product_brand?post=16909"},{"taxonomy":"product_cat","embeddable":true,"href":"https:\/\/www.hydraulic-cylinders.net\/pt\/wp-json\/wp\/v2\/product_cat?post=16909"},{"taxonomy":"product_tag","embeddable":true,"href":"https:\/\/www.hydraulic-cylinders.net\/pt\/wp-json\/wp\/v2\/product_tag?post=16909"}],"curies":[{"name":"wp","href":"https:\/\/api.w.org\/{rel}","templated":true}]}}