{"id":16982,"date":"2025-01-21T08:46:17","date_gmt":"2025-01-21T08:46:17","guid":{"rendered":"https:\/\/www.hydraulic-cylinders.net\/?post_type=product&#038;p=16982"},"modified":"2025-04-11T03:15:39","modified_gmt":"2025-04-11T03:15:39","slug":"hcyy11112002-forklift-steering-cylinder","status":"publish","type":"product","link":"https:\/\/www.hydraulic-cylinders.net\/pt\/produto\/hcyy11112002-forklift-steering-cylinder\/","title":{"rendered":"Cilindro de dire\u00e7\u00e3o para empilhadeira HCYY11112002"},"content":{"rendered":"<h1 style=\"text-align: center;\"><strong>Cilindro de dire\u00e7\u00e3o para empilhadeira HCYY11112002\u00a0<\/strong><\/h1>\n<h1 style=\"text-align: center;\"><strong><img loading=\"lazy\" decoding=\"async\" class=\"alignnone size-full wp-image-16984\" src=\"https:\/\/www.hydraulic-cylinders.net\/wp-content\/uploads\/2025\/01\/hcyy11112002-forklift-lifting-cylinder-2.webp\" alt=\"\" width=\"1496\" height=\"517\" srcset=\"https:\/\/www.hydraulic-cylinders.net\/wp-content\/uploads\/2025\/01\/hcyy11112002-forklift-lifting-cylinder-2.webp 1496w, https:\/\/www.hydraulic-cylinders.net\/wp-content\/uploads\/2025\/01\/hcyy11112002-forklift-lifting-cylinder-2-1280x442.webp 1280w, https:\/\/www.hydraulic-cylinders.net\/wp-content\/uploads\/2025\/01\/hcyy11112002-forklift-lifting-cylinder-2-980x339.webp 980w, https:\/\/www.hydraulic-cylinders.net\/wp-content\/uploads\/2025\/01\/hcyy11112002-forklift-lifting-cylinder-2-480x166.webp 480w\" sizes=\"(min-width: 0px) and (max-width: 480px) 480px, (min-width: 481px) and (max-width: 980px) 980px, (min-width: 981px) and (max-width: 1280px) 1280px, (min-width: 1281px) 1496px, 100vw\" \/> <\/strong><\/h1>\n<p>O Cilindro de Dire\u00e7\u00e3o para Empilhadeiras HCYY11112002 \u00e9 um componente vital que aumenta significativamente a manobrabilidade e o controle das empilhadeiras em diversos ambientes operacionais. Desenvolvido para proporcionar efici\u00eancia e confiabilidade, este cilindro de dire\u00e7\u00e3o permite que os operadores naveguem em espa\u00e7os apertados e gerenciem cargas pesadas sem esfor\u00e7o.<\/p>\n<p>Como parte essencial de qualquer opera\u00e7\u00e3o com empilhadeira, a HCYY11112002 oferece constru\u00e7\u00e3o robusta, capacidade de resposta excepcional e f\u00e1cil manuten\u00e7\u00e3o, tornando-a a escolha ideal para empresas que buscam aprimorar suas capacidades de movimenta\u00e7\u00e3o de materiais. Ao seguir as pr\u00e1ticas adequadas de uso e manuten\u00e7\u00e3o, voc\u00ea pode garantir que o cilindro de dire\u00e7\u00e3o opere de forma suave e eficiente, resultando em opera\u00e7\u00f5es mais seguras e eficazes.<\/p>\n<p>Investir em componentes de alta qualidade como o HCYY11112002 n\u00e3o s\u00f3 aumenta a produtividade como tamb\u00e9m melhora a seguran\u00e7a geral da sua for\u00e7a de trabalho. Experimente a diferen\u00e7a que uma dire\u00e7\u00e3o confi\u00e1vel pode fazer e transforme sua efici\u00eancia operacional hoje mesmo!<\/p>\n<h2><strong>Par\u00e2metro do cilindro de dire\u00e7\u00e3o da empilhadeira HCYY11112002:<\/strong><\/h2>\n<h1 style=\"text-align: center;\"><strong><img loading=\"lazy\" decoding=\"async\" class=\"alignnone size-full wp-image-16983\" src=\"https:\/\/www.hydraulic-cylinders.net\/wp-content\/uploads\/2025\/01\/hcyy11112002-forklift-lifting-cylinder-1.webp\" alt=\"\" width=\"1514\" height=\"142\" srcset=\"https:\/\/www.hydraulic-cylinders.net\/wp-content\/uploads\/2025\/01\/hcyy11112002-forklift-lifting-cylinder-1.webp 1514w, https:\/\/www.hydraulic-cylinders.net\/wp-content\/uploads\/2025\/01\/hcyy11112002-forklift-lifting-cylinder-1-1280x120.webp 1280w, https:\/\/www.hydraulic-cylinders.net\/wp-content\/uploads\/2025\/01\/hcyy11112002-forklift-lifting-cylinder-1-980x92.webp 980w, https:\/\/www.hydraulic-cylinders.net\/wp-content\/uploads\/2025\/01\/hcyy11112002-forklift-lifting-cylinder-1-480x45.webp 480w\" sizes=\"(min-width: 0px) and (max-width: 480px) 480px, (min-width: 481px) and (max-width: 980px) 980px, (min-width: 981px) and (max-width: 1280px) 1280px, (min-width: 1281px) 1514px, 100vw\" \/><\/strong><\/h1>\n<h1 style=\"text-align: center;\"><strong><img loading=\"lazy\" decoding=\"async\" class=\"alignnone size-full wp-image-16985\" src=\"https:\/\/www.hydraulic-cylinders.net\/wp-content\/uploads\/2025\/01\/hcyy11112002-forklift-lifting-cylinder-3.webp\" alt=\"\" width=\"1479\" height=\"707\" srcset=\"https:\/\/www.hydraulic-cylinders.net\/wp-content\/uploads\/2025\/01\/hcyy11112002-forklift-lifting-cylinder-3.webp 1479w, https:\/\/www.hydraulic-cylinders.net\/wp-content\/uploads\/2025\/01\/hcyy11112002-forklift-lifting-cylinder-3-1280x612.webp 1280w, https:\/\/www.hydraulic-cylinders.net\/wp-content\/uploads\/2025\/01\/hcyy11112002-forklift-lifting-cylinder-3-980x468.webp 980w, https:\/\/www.hydraulic-cylinders.net\/wp-content\/uploads\/2025\/01\/hcyy11112002-forklift-lifting-cylinder-3-480x229.webp 480w\" sizes=\"(min-width: 0px) and (max-width: 480px) 480px, (min-width: 481px) and (max-width: 980px) 980px, (min-width: 981px) and (max-width: 1280px) 1280px, (min-width: 1281px) 1479px, 100vw\" \/> <img loading=\"lazy\" decoding=\"async\" class=\"alignnone size-full wp-image-16986\" src=\"https:\/\/www.hydraulic-cylinders.net\/wp-content\/uploads\/2025\/01\/hcyy11112002-forklift-lifting-cylinder-4.webp\" alt=\"\" width=\"1477\" height=\"710\" srcset=\"https:\/\/www.hydraulic-cylinders.net\/wp-content\/uploads\/2025\/01\/hcyy11112002-forklift-lifting-cylinder-4.webp 1477w, https:\/\/www.hydraulic-cylinders.net\/wp-content\/uploads\/2025\/01\/hcyy11112002-forklift-lifting-cylinder-4-1280x615.webp 1280w, https:\/\/www.hydraulic-cylinders.net\/wp-content\/uploads\/2025\/01\/hcyy11112002-forklift-lifting-cylinder-4-980x471.webp 980w, https:\/\/www.hydraulic-cylinders.net\/wp-content\/uploads\/2025\/01\/hcyy11112002-forklift-lifting-cylinder-4-480x231.webp 480w\" sizes=\"(min-width: 0px) and (max-width: 480px) 480px, (min-width: 481px) and (max-width: 980px) 980px, (min-width: 981px) and (max-width: 1280px) 1280px, (min-width: 1281px) 1477px, 100vw\" \/> <img loading=\"lazy\" decoding=\"async\" class=\"alignnone size-full wp-image-16987\" src=\"https:\/\/www.hydraulic-cylinders.net\/wp-content\/uploads\/2025\/01\/hcyy11112002-forklift-lifting-cylinder-5.webp\" alt=\"\" width=\"1495\" height=\"730\" srcset=\"https:\/\/www.hydraulic-cylinders.net\/wp-content\/uploads\/2025\/01\/hcyy11112002-forklift-lifting-cylinder-5.webp 1495w, https:\/\/www.hydraulic-cylinders.net\/wp-content\/uploads\/2025\/01\/hcyy11112002-forklift-lifting-cylinder-5-1280x625.webp 1280w, https:\/\/www.hydraulic-cylinders.net\/wp-content\/uploads\/2025\/01\/hcyy11112002-forklift-lifting-cylinder-5-980x479.webp 980w, https:\/\/www.hydraulic-cylinders.net\/wp-content\/uploads\/2025\/01\/hcyy11112002-forklift-lifting-cylinder-5-480x234.webp 480w\" sizes=\"(min-width: 0px) and (max-width: 480px) 480px, (min-width: 481px) and (max-width: 980px) 980px, (min-width: 981px) and (max-width: 1280px) 1280px, (min-width: 1281px) 1495px, 100vw\" \/><\/strong><\/h1>\n<h1 style=\"text-align: center;\"><\/h1>\n<h2>\u00a0<strong>S\u00e9rie de cilindros para empilhadeiras:\u00a0<\/strong><\/h2>\n<h2><img loading=\"lazy\" decoding=\"async\" class=\"alignnone size-full wp-image-16971\" src=\"https:\/\/www.hydraulic-cylinders.net\/wp-content\/uploads\/2025\/01\/fork-lift-cylinder.webp\" alt=\"\" width=\"2004\" height=\"2529\" srcset=\"https:\/\/www.hydraulic-cylinders.net\/wp-content\/uploads\/2025\/01\/fork-lift-cylinder.webp 2004w, https:\/\/www.hydraulic-cylinders.net\/wp-content\/uploads\/2025\/01\/fork-lift-cylinder-1280x1615.webp 1280w, https:\/\/www.hydraulic-cylinders.net\/wp-content\/uploads\/2025\/01\/fork-lift-cylinder-980x1237.webp 980w, https:\/\/www.hydraulic-cylinders.net\/wp-content\/uploads\/2025\/01\/fork-lift-cylinder-480x606.webp 480w\" sizes=\"(min-width: 0px) and (max-width: 480px) 480px, (min-width: 481px) and (max-width: 980px) 980px, (min-width: 981px) and (max-width: 1280px) 1280px, (min-width: 1281px) 2004px, 100vw\" \/><\/h2>\n<h2><strong>Principais caracter\u00edsticas do cilindro de dire\u00e7\u00e3o para empilhadeira HCYY11112002:<\/strong><\/h2>\n<ul>\n<li><strong>Constru\u00e7\u00e3o dur\u00e1vel<\/strong>: Fabricado com materiais de alta qualidade, o HCYY11112002 foi projetado para suportar as demandas de opera\u00e7\u00f5es pesadas e condi\u00e7\u00f5es de trabalho adversas. Seu design robusto garante longevidade e confiabilidade excepcionais, minimizando a necessidade de substitui\u00e7\u00f5es frequentes.<\/li>\n<li><strong>Alta capacidade de resposta<\/strong>: Experimente um controle incompar\u00e1vel com este cilindro de dire\u00e7\u00e3o, que proporciona respostas r\u00e1pidas e precisas. Os operadores podem navegar por curvas fechadas e tra\u00e7ados complexos sem esfor\u00e7o, resultando em curvas mais suaves e melhor manuseio de cargas. Essa capacidade de resposta n\u00e3o s\u00f3 aumenta a efici\u00eancia, como tamb\u00e9m a seguran\u00e7a geral.<\/li>\n<li><strong>Resist\u00eancia \u00e0 corros\u00e3o<\/strong>: O HCYY11112002 apresenta superf\u00edcies especialmente tratadas que resistem \u00e0 ferrugem e \u00e0 deteriora\u00e7\u00e3o. Essa propriedade anticorrosiva prolonga a vida \u00fatil do cilindro e mant\u00e9m o desempenho ideal, mesmo em ambientes expostos \u00e0 umidade ou a produtos qu\u00edmicos agressivos.<\/li>\n<li><strong>F\u00e1cil instala\u00e7\u00e3o<\/strong>: Projetado para a conveni\u00eancia do usu\u00e1rio, o HCYY11112002 permite uma instala\u00e7\u00e3o simples. Seu processo de configura\u00e7\u00e3o intuitivo minimiza o tempo de inatividade, permitindo substitui\u00e7\u00f5es e reparos r\u00e1pidos. Esse recurso significa menos interrup\u00e7\u00f5es em suas opera\u00e7\u00f5es e mais tempo para produtividade.<\/li>\n<li><strong>Ampla compatibilidade<\/strong>: Versatilidade \u00e9 a marca registrada do HCYY11112002. Projetado para se adaptar a diversos modelos de empilhadeiras, este cilindro de dire\u00e7\u00e3o se adapta perfeitamente a diferentes sistemas, tornando-o a escolha ideal para diversos neg\u00f3cios. Seja para operar um \u00fanico tipo de empilhadeira ou uma frota, este componente atende \u00e0s suas diversas necessidades com facilidade.<\/li>\n<li><strong>Recursos de seguran\u00e7a aprimorados<\/strong>: Incorporando mecanismos de seguran\u00e7a avan\u00e7ados, o HCYY11112002 garante uma opera\u00e7\u00e3o est\u00e1vel sob diversas condi\u00e7\u00f5es. Essa camada adicional de seguran\u00e7a protege tanto os operadores quanto as cargas, aprimorando ainda mais o ambiente geral do local de trabalho.<\/li>\n<li><strong>Baixos requisitos de manuten\u00e7\u00e3o<\/strong>: Projetado para durabilidade e efici\u00eancia, o HCYY11112002 requer manuten\u00e7\u00e3o m\u00ednima. Verifica\u00e7\u00f5es regulares e lubrifica\u00e7\u00e3o ocasional mant\u00eam seu desempenho m\u00e1ximo, permitindo que sua equipe se concentre em suas tarefas sem se preocupar com manuten\u00e7\u00f5es frequentes.<\/li>\n<\/ul>\n<p>Ao escolher o Cilindro de Dire\u00e7\u00e3o para Empilhadeira HCYY11112002, voc\u00ea investe em um produto que aumenta a efici\u00eancia operacional e contribui para um ambiente de trabalho mais seguro e produtivo. Experimente a diferen\u00e7a que esses recursos avan\u00e7ados podem fazer nas suas opera\u00e7\u00f5es de movimenta\u00e7\u00e3o de materiais!<\/p>\n<h2><strong>Quais s\u00e3o os sinais de que o cilindro de dire\u00e7\u00e3o de uma empilhadeira precisa ser substitu\u00eddo?<\/strong><\/h2>\n<p>Um cilindro de dire\u00e7\u00e3o em bom funcionamento \u00e9 crucial para a opera\u00e7\u00e3o segura da sua empilhadeira. Aqui est\u00e3o alguns sinais indicadores de que pode ser hora de substitu\u00ed-lo:<\/p>\n<ol>\n<li><strong>Vazamentos de fluido hidr\u00e1ulico<\/strong><br \/>\nSe voc\u00ea notar po\u00e7as de fluido hidr\u00e1ulico embaixo da empilhadeira, \u00e9 um sinal de alerta. Vazamentos indicam que as veda\u00e7\u00f5es do cilindro de dire\u00e7\u00e3o podem estar desgastadas ou danificadas, comprometendo a integridade do sistema.<\/li>\n<li><strong>Dificuldades de dire\u00e7\u00e3o<\/strong><br \/>\nDificuldade para girar o volante ou sentir uma forte resist\u00eancia podem indicar problemas latentes. Um sistema de dire\u00e7\u00e3o responsivo \u00e9 essencial para efici\u00eancia e seguran\u00e7a, portanto, n\u00e3o ignore esses sintomas.<\/li>\n<li><strong>Ru\u00eddos incomuns<\/strong><br \/>\nPreste aten\u00e7\u00e3o a quaisquer ru\u00eddos de tritura\u00e7\u00e3o, rangidos ou pancadas durante a opera\u00e7\u00e3o. Esses ru\u00eddos podem indicar desgaste mec\u00e2nico ou desalinhamento no cilindro de dire\u00e7\u00e3o, o que pode levar a problemas mais graves se n\u00e3o forem resolvidos.<\/li>\n<li><strong>Selos e buchas desgastados<\/strong><br \/>\nInspecione regularmente as veda\u00e7\u00f5es e buchas em busca de sinais de desgaste. Rachaduras ou desgaste podem causar vazamentos e redu\u00e7\u00e3o do desempenho, tornando a substitui\u00e7\u00e3o oportuna essencial.<\/li>\n<li><strong>Movimento inconsistente<\/strong><br \/>\nSe a dire\u00e7\u00e3o da sua empilhadeira estiver irregular ou inst\u00e1vel, isso pode indicar problemas hidr\u00e1ulicos no cilindro. Uma dire\u00e7\u00e3o suave \u00e9 essencial para manobras precisas, especialmente em espa\u00e7os apertados.<\/li>\n<li><strong>Brincadeira excessiva<\/strong><br \/>\nUm aumento percept\u00edvel na folga ou folga no volante pode indicar que o cilindro de dire\u00e7\u00e3o est\u00e1 com defeito. Isso pode afetar seu controle e aumentar o risco de acidentes.<\/li>\n<li><strong>Luzes de advert\u00eancia<\/strong><br \/>\nMuitas empilhadeiras modernas possuem sistemas de diagn\u00f3stico que alertam sobre poss\u00edveis problemas. Se voc\u00ea vir uma luz de advert\u00eancia relacionada \u00e0 dire\u00e7\u00e3o, leve-a a s\u00e9rio e investigue imediatamente.<\/li>\n<\/ol>\n<p>Ser proativo em rela\u00e7\u00e3o a esses sinais pode evitar reparos caros e condi\u00e7\u00f5es operacionais inseguras. A manuten\u00e7\u00e3o regular e as substitui\u00e7\u00f5es pontuais garantem que sua empilhadeira permane\u00e7a confi\u00e1vel e eficiente. Se voc\u00ea notar algum desses sintomas, consulte um profissional para avaliar a situa\u00e7\u00e3o e considerar a substitui\u00e7\u00e3o do cilindro de dire\u00e7\u00e3o para um desempenho ideal. Sua seguran\u00e7a e produtividade dependem disso!<\/p>\n<h2><strong>\u00c1rea de produ\u00e7\u00e3o de cilindros para empilhadeiras:<\/strong><\/h2>\n<h2><img loading=\"lazy\" decoding=\"async\" class=\"alignnone size-full wp-image-16972\" src=\"https:\/\/www.hydraulic-cylinders.net\/wp-content\/uploads\/2025\/01\/hydraulic-cylinder-factory-1-scaled.webp\" alt=\"\" width=\"2016\" height=\"2560\" srcset=\"https:\/\/www.hydraulic-cylinders.net\/wp-content\/uploads\/2025\/01\/hydraulic-cylinder-factory-1-scaled.webp 2016w, https:\/\/www.hydraulic-cylinders.net\/wp-content\/uploads\/2025\/01\/hydraulic-cylinder-factory-1-1280x1625.webp 1280w, https:\/\/www.hydraulic-cylinders.net\/wp-content\/uploads\/2025\/01\/hydraulic-cylinder-factory-1-980x1244.webp 980w, https:\/\/www.hydraulic-cylinders.net\/wp-content\/uploads\/2025\/01\/hydraulic-cylinder-factory-1-480x610.webp 480w\" sizes=\"(min-width: 0px) and (max-width: 480px) 480px, (min-width: 481px) and (max-width: 980px) 980px, (min-width: 981px) and (max-width: 1280px) 1280px, (min-width: 1281px) 2016px, 100vw\" \/><\/h2>\n<p>Contamos com uma plataforma independente de P&amp;D de primeira classe para montagem. A oficina de produ\u00e7\u00e3o de cilindros para empilhadeiras conta com quatro linhas de montagem de cilindros de eleva\u00e7\u00e3o semiautom\u00e1ticas e uma linha de montagem de cilindros basculantes totalmente autom\u00e1tica, com capacidade de produ\u00e7\u00e3o anual projetada de milh\u00f5es de pe\u00e7as. A oficina de cilindros especiais conta com sistemas de limpeza e montagem semiautom\u00e1ticos de diversas especifica\u00e7\u00f5es, com capacidade de produ\u00e7\u00e3o anual projetada de 200.000 pe\u00e7as. Equipada com equipamentos de usinagem CNC de marcas renomadas, centros de usinagem, equipamentos especiais para processamento de cilindros de alta precis\u00e3o, m\u00e1quinas de solda rob\u00f3tica, m\u00e1quinas de limpeza autom\u00e1tica, m\u00e1quinas de montagem autom\u00e1tica de cilindros e linhas de produ\u00e7\u00e3o autom\u00e1tica de tinta. Contamos com mais de 300 conjuntos de equipamentos essenciais em opera\u00e7\u00e3o. A aloca\u00e7\u00e3o otimizada e a utiliza\u00e7\u00e3o eficiente dos recursos dos equipamentos garantem os requisitos de precis\u00e3o dos produtos e atendem aos altos padr\u00f5es de qualidade dos produtos.<\/p>\n<p>A oficina de usinagem \u00e9 equipada com centros de torneamento de trilhos de inclina\u00e7\u00e3o personalizados, centros de usinagem, m\u00e1quinas de brunimento de alta velocidade, rob\u00f4s de soldagem e outros equipamentos relevantes, que podem lidar com o trabalho de usinagem de tubos cil\u00edndricos com ID m\u00e1ximo de 400 mm e 6 metros de comprimento m\u00e1ximo.<\/p>\n<h2><img loading=\"lazy\" decoding=\"async\" class=\"alignnone size-full wp-image-16973\" src=\"https:\/\/www.hydraulic-cylinders.net\/wp-content\/uploads\/2025\/01\/hydraulic-cylinder-factory-2-scaled.webp\" alt=\"\" width=\"2011\" height=\"2560\" srcset=\"https:\/\/www.hydraulic-cylinders.net\/wp-content\/uploads\/2025\/01\/hydraulic-cylinder-factory-2-scaled.webp 2011w, https:\/\/www.hydraulic-cylinders.net\/wp-content\/uploads\/2025\/01\/hydraulic-cylinder-factory-2-1280x1629.webp 1280w, https:\/\/www.hydraulic-cylinders.net\/wp-content\/uploads\/2025\/01\/hydraulic-cylinder-factory-2-980x1248.webp 980w, https:\/\/www.hydraulic-cylinders.net\/wp-content\/uploads\/2025\/01\/hydraulic-cylinder-factory-2-480x611.webp 480w\" sizes=\"(min-width: 0px) and (max-width: 480px) 480px, (min-width: 481px) and (max-width: 980px) 980px, (min-width: 981px) and (max-width: 1280px) 1280px, (min-width: 1281px) 2011px, 100vw\" \/><\/h2>\n<p>Possu\u00edmos uma linha de revestimento de tinta \u00e0 base de \u00e1gua totalmente autom\u00e1tica para cilindros de pequeno e m\u00e9dio porte, que realiza carregamento e descarregamento autom\u00e1ticos e rob\u00f4s de pulveriza\u00e7\u00e3o autom\u00e1tica, com capacidade de produ\u00e7\u00e3o projetada de 4.000 unidades por turno. Temos outra linha de pintura semiautom\u00e1tica para cilindros de grande porte, acionada por corrente de transmiss\u00e3o, com capacidade projetada de 60 engradados por turno.<\/p>\n<p>Para melhorar ainda mais o desempenho do produto e estabelecer a posi\u00e7\u00e3o de lideran\u00e7a de nossos cilindros hidr\u00e1ulicos no setor, nossa empresa e a zjimee estabeleceram em conjunto um laborat\u00f3rio de desempenho abrangente de cilindros hidr\u00e1ulicos, v\u00e1lvulas hidr\u00e1ulicas e bombas hidr\u00e1ulicas; o laborat\u00f3rio realiza testes assistidos por computador usando tecnologia eletro-hidr\u00e1ulica, as condi\u00e7\u00f5es de teste s\u00e3o predefinidas por um computador, o que melhora a precis\u00e3o do teste e a versatilidade do sistema, al\u00e9m dos dados experimentais.<\/p>\n<p>A coleta autom\u00e1tica \u00e9 realizada por meio da aplica\u00e7\u00e3o de sensores, e os dados de sa\u00edda, como vazamento interno e efici\u00eancia de carga do cilindro ou do cilindro, s\u00e3o processados \u200b\u200bdiretamente pelo computador e convertidos para unidades padr\u00e3o (ml\/min%). Ao mesmo tempo, para garantir a seguran\u00e7a operacional do sistema hidr\u00e1ulico, a fun\u00e7\u00e3o de monitoramento do estado \u00e9 realizada para par\u00e2metros-chave de desempenho, como \"monitoramento da temperatura do \u00f3leo, monitoramento do n\u00edvel do l\u00edquido, monitoramento do dispositivo de filtragem\", etc. Entre eles, a bancada de teste do cilindro hidr\u00e1ulico pode testar o desempenho da \"carga\".<br \/>\nefici\u00eancia \"e\" vazamento interno \"por meio de leituras. Ao mesmo tempo, \u00e9 equipado com um instrumento de medi\u00e7\u00e3o de r\u00e9gua de grade que atende aos requisitos de todos os itens de teste de produtos de cilindros hidr\u00e1ulicos de acordo com a norma nacional.<\/p>","protected":false},"excerpt":{"rendered":"<p>HCYY11112002 Forklift Steering Cylinder\u00a0 The HCYY11112002 Forklift Steering Cylinder stands as a vital component that significantly boosts the maneuverability and control of forklifts across diverse operational environments. Crafted for both efficiency and reliability, this steering cylinder empowers operators to navigate tight spaces and manage heavy loads effortlessly. As an essential part of any forklift operation, [&hellip;]<\/p>","protected":false},"featured_media":16988,"comment_status":"open","ping_status":"closed","template":"","meta":{"_et_pb_use_builder":"","_et_pb_old_content":"","_et_gb_content_width":""},"product_brand":[],"product_cat":[1550,1484,1376],"product_tag":[],"class_list":{"0":"post-16982","1":"product","2":"type-product","3":"status-publish","4":"has-post-thumbnail","6":"product_cat-double-acting-hydraulic-cylinder","7":"product_cat-forklift-hydraulic-cylinders","8":"product_cat-hydraulic-cylinder","10":"first","11":"instock","12":"shipping-taxable","13":"product-type-simple"},"amp_enabled":true,"_links":{"self":[{"href":"https:\/\/www.hydraulic-cylinders.net\/pt\/wp-json\/wp\/v2\/product\/16982","targetHints":{"allow":["GET"]}}],"collection":[{"href":"https:\/\/www.hydraulic-cylinders.net\/pt\/wp-json\/wp\/v2\/product"}],"about":[{"href":"https:\/\/www.hydraulic-cylinders.net\/pt\/wp-json\/wp\/v2\/types\/product"}],"replies":[{"embeddable":true,"href":"https:\/\/www.hydraulic-cylinders.net\/pt\/wp-json\/wp\/v2\/comments?post=16982"}],"wp:featuredmedia":[{"embeddable":true,"href":"https:\/\/www.hydraulic-cylinders.net\/pt\/wp-json\/wp\/v2\/media\/16988"}],"wp:attachment":[{"href":"https:\/\/www.hydraulic-cylinders.net\/pt\/wp-json\/wp\/v2\/media?parent=16982"}],"wp:term":[{"taxonomy":"product_brand","embeddable":true,"href":"https:\/\/www.hydraulic-cylinders.net\/pt\/wp-json\/wp\/v2\/product_brand?post=16982"},{"taxonomy":"product_cat","embeddable":true,"href":"https:\/\/www.hydraulic-cylinders.net\/pt\/wp-json\/wp\/v2\/product_cat?post=16982"},{"taxonomy":"product_tag","embeddable":true,"href":"https:\/\/www.hydraulic-cylinders.net\/pt\/wp-json\/wp\/v2\/product_tag?post=16982"}],"curies":[{"name":"wp","href":"https:\/\/api.w.org\/{rel}","templated":true}]}}