{"id":17032,"date":"2025-01-23T08:17:40","date_gmt":"2025-01-23T08:17:40","guid":{"rendered":"https:\/\/www.hydraulic-cylinders.net\/?post_type=product&#038;p=17032"},"modified":"2025-04-15T05:47:52","modified_gmt":"2025-04-15T05:47:52","slug":"hcyy11112014-swing-arm-cylinder-for-environmental-protection","status":"publish","type":"product","link":"https:\/\/www.hydraulic-cylinders.net\/pt\/produto\/hcyy11112014-swing-arm-cylinder-for-environmental-protection\/","title":{"rendered":"Cilindro de bra\u00e7o oscilante HCYY11112014 para prote\u00e7\u00e3o ambiental"},"content":{"rendered":"<h1 style=\"text-align: center;\"><strong>Cilindro de bra\u00e7o oscilante HCYY11112014 para prote\u00e7\u00e3o ambiental<\/strong><\/h1>\n<h1 style=\"text-align: center;\"><img loading=\"lazy\" decoding=\"async\" class=\"alignnone size-full wp-image-17034\" src=\"https:\/\/www.hydraulic-cylinders.net\/wp-content\/uploads\/2025\/01\/hcyy11112014-swing-arm-cylinder-2.webp\" alt=\"\" width=\"1495\" height=\"516\" srcset=\"https:\/\/www.hydraulic-cylinders.net\/wp-content\/uploads\/2025\/01\/hcyy11112014-swing-arm-cylinder-2.webp 1495w, https:\/\/www.hydraulic-cylinders.net\/wp-content\/uploads\/2025\/01\/hcyy11112014-swing-arm-cylinder-2-1280x442.webp 1280w, https:\/\/www.hydraulic-cylinders.net\/wp-content\/uploads\/2025\/01\/hcyy11112014-swing-arm-cylinder-2-980x338.webp 980w, https:\/\/www.hydraulic-cylinders.net\/wp-content\/uploads\/2025\/01\/hcyy11112014-swing-arm-cylinder-2-480x166.webp 480w\" sizes=\"(min-width: 0px) and (max-width: 480px) 480px, (min-width: 481px) and (max-width: 980px) 980px, (min-width: 981px) and (max-width: 1280px) 1280px, (min-width: 1281px) 1495px, 100vw\" \/><\/h1>\n<p>O Cilindro de Bra\u00e7o Oscilante HCYY11112014 \u00e9 uma solu\u00e7\u00e3o de \u00faltima gera\u00e7\u00e3o que aumenta a efici\u00eancia operacional e prioriza a sustentabilidade ambiental. Este produto inovador atende a diversos setores, proporcionando desempenho confi\u00e1vel com m\u00ednimo impacto ecol\u00f3gico.<\/p>\n<p>Como um avan\u00e7o significativo em tecnologia ecologicamente correta, o Cilindro de Bra\u00e7o Oscilante HCYY11112014 incorpora durabilidade e efici\u00eancia, tornando-o a escolha perfeita para empresas comprometidas com a sustentabilidade. Ao incorporar este produto \u00e0s suas opera\u00e7\u00f5es, voc\u00ea n\u00e3o apenas aumenta a produtividade, mas tamb\u00e9m contribui para um planeta mais saud\u00e1vel. Fa\u00e7a a escolha inteligente hoje mesmo, investindo no HCYY11112014 e experimente as vantagens de uma tecnologia de ponta projetada com a prote\u00e7\u00e3o ambiental em seu cerne.<\/p>\n<h2><strong>Cilindro de bra\u00e7o oscilante HCYY11112014 para prote\u00e7\u00e3o ambiental Par\u00e2metro:<\/strong><\/h2>\n<h1 style=\"text-align: center;\"><img loading=\"lazy\" decoding=\"async\" class=\"alignnone size-full wp-image-17033\" src=\"https:\/\/www.hydraulic-cylinders.net\/wp-content\/uploads\/2025\/01\/hcyy11112014-swing-arm-cylinder-1.webp\" alt=\"\" width=\"1515\" height=\"142\" srcset=\"https:\/\/www.hydraulic-cylinders.net\/wp-content\/uploads\/2025\/01\/hcyy11112014-swing-arm-cylinder-1.webp 1515w, https:\/\/www.hydraulic-cylinders.net\/wp-content\/uploads\/2025\/01\/hcyy11112014-swing-arm-cylinder-1-1280x120.webp 1280w, https:\/\/www.hydraulic-cylinders.net\/wp-content\/uploads\/2025\/01\/hcyy11112014-swing-arm-cylinder-1-980x92.webp 980w, https:\/\/www.hydraulic-cylinders.net\/wp-content\/uploads\/2025\/01\/hcyy11112014-swing-arm-cylinder-1-480x45.webp 480w\" sizes=\"(min-width: 0px) and (max-width: 480px) 480px, (min-width: 481px) and (max-width: 980px) 980px, (min-width: 981px) and (max-width: 1280px) 1280px, (min-width: 1281px) 1515px, 100vw\" \/><\/h1>\n<h1 style=\"text-align: center;\"><img loading=\"lazy\" decoding=\"async\" class=\"alignnone size-full wp-image-17035\" src=\"https:\/\/www.hydraulic-cylinders.net\/wp-content\/uploads\/2025\/01\/hcyy11112014-swing-arm-cylinder-3.webp\" alt=\"\" width=\"1480\" height=\"710\" srcset=\"https:\/\/www.hydraulic-cylinders.net\/wp-content\/uploads\/2025\/01\/hcyy11112014-swing-arm-cylinder-3.webp 1480w, https:\/\/www.hydraulic-cylinders.net\/wp-content\/uploads\/2025\/01\/hcyy11112014-swing-arm-cylinder-3-1280x614.webp 1280w, https:\/\/www.hydraulic-cylinders.net\/wp-content\/uploads\/2025\/01\/hcyy11112014-swing-arm-cylinder-3-980x470.webp 980w, https:\/\/www.hydraulic-cylinders.net\/wp-content\/uploads\/2025\/01\/hcyy11112014-swing-arm-cylinder-3-480x230.webp 480w\" sizes=\"(min-width: 0px) and (max-width: 480px) 480px, (min-width: 481px) and (max-width: 980px) 980px, (min-width: 981px) and (max-width: 1280px) 1280px, (min-width: 1281px) 1480px, 100vw\" \/> <img loading=\"lazy\" decoding=\"async\" class=\"alignnone size-full wp-image-17036\" src=\"https:\/\/www.hydraulic-cylinders.net\/wp-content\/uploads\/2025\/01\/hcyy11112014-swing-arm-cylinder-4.webp\" alt=\"\" width=\"1476\" height=\"707\" srcset=\"https:\/\/www.hydraulic-cylinders.net\/wp-content\/uploads\/2025\/01\/hcyy11112014-swing-arm-cylinder-4.webp 1476w, https:\/\/www.hydraulic-cylinders.net\/wp-content\/uploads\/2025\/01\/hcyy11112014-swing-arm-cylinder-4-1280x613.webp 1280w, https:\/\/www.hydraulic-cylinders.net\/wp-content\/uploads\/2025\/01\/hcyy11112014-swing-arm-cylinder-4-980x469.webp 980w, https:\/\/www.hydraulic-cylinders.net\/wp-content\/uploads\/2025\/01\/hcyy11112014-swing-arm-cylinder-4-480x230.webp 480w\" sizes=\"(min-width: 0px) and (max-width: 480px) 480px, (min-width: 481px) and (max-width: 980px) 980px, (min-width: 981px) and (max-width: 1280px) 1280px, (min-width: 1281px) 1476px, 100vw\" \/> <img loading=\"lazy\" decoding=\"async\" class=\"alignnone size-full wp-image-17037\" src=\"https:\/\/www.hydraulic-cylinders.net\/wp-content\/uploads\/2025\/01\/hcyy11112014-swing-arm-cylinder-5.webp\" alt=\"\" width=\"1411\" height=\"704\" srcset=\"https:\/\/www.hydraulic-cylinders.net\/wp-content\/uploads\/2025\/01\/hcyy11112014-swing-arm-cylinder-5.webp 1411w, https:\/\/www.hydraulic-cylinders.net\/wp-content\/uploads\/2025\/01\/hcyy11112014-swing-arm-cylinder-5-1280x639.webp 1280w, https:\/\/www.hydraulic-cylinders.net\/wp-content\/uploads\/2025\/01\/hcyy11112014-swing-arm-cylinder-5-980x489.webp 980w, https:\/\/www.hydraulic-cylinders.net\/wp-content\/uploads\/2025\/01\/hcyy11112014-swing-arm-cylinder-5-480x239.webp 480w\" sizes=\"(min-width: 0px) and (max-width: 480px) 480px, (min-width: 481px) and (max-width: 980px) 980px, (min-width: 981px) and (max-width: 1280px) 1280px, (min-width: 1281px) 1411px, 100vw\" \/><\/h1>\n<h2><strong>S\u00e9rie de cilindros para prote\u00e7\u00e3o ambiental:<\/strong><\/h2>\n<h2><img loading=\"lazy\" decoding=\"async\" class=\"alignnone size-full wp-image-17030\" src=\"https:\/\/www.hydraulic-cylinders.net\/wp-content\/uploads\/2025\/01\/cylinder-series-for-environmental-protection-scaled.webp\" alt=\"\" width=\"2044\" height=\"2560\" srcset=\"https:\/\/www.hydraulic-cylinders.net\/wp-content\/uploads\/2025\/01\/cylinder-series-for-environmental-protection-scaled.webp 2044w, https:\/\/www.hydraulic-cylinders.net\/wp-content\/uploads\/2025\/01\/cylinder-series-for-environmental-protection-1280x1603.webp 1280w, https:\/\/www.hydraulic-cylinders.net\/wp-content\/uploads\/2025\/01\/cylinder-series-for-environmental-protection-980x1227.webp 980w, https:\/\/www.hydraulic-cylinders.net\/wp-content\/uploads\/2025\/01\/cylinder-series-for-environmental-protection-480x601.webp 480w\" sizes=\"(min-width: 0px) and (max-width: 480px) 480px, (min-width: 481px) and (max-width: 980px) 980px, (min-width: 981px) and (max-width: 1280px) 1280px, (min-width: 1281px) 2044px, 100vw\" \/><\/h2>\n<h2><strong>Principais caracter\u00edsticas do cilindro de bra\u00e7o oscilante HCYY11112014 para prote\u00e7\u00e3o ambiental:<\/strong><\/h2>\n<h4><strong>Materiais ecol\u00f3gicos<\/strong><\/h4>\n<p>O Cilindro de Bra\u00e7o Oscilante HCYY11112014 \u00e9 fabricado com materiais de alta qualidade, recicl\u00e1veis \u200b\u200be sustent\u00e1veis. Este compromisso com a fabrica\u00e7\u00e3o respons\u00e1vel minimiza o impacto ambiental e apoia uma economia circular. Ao escolher este cilindro, voc\u00ea contribui para um futuro onde o desperd\u00edcio \u00e9 reduzido e os recursos s\u00e3o maximizados.<\/p>\n<h4><strong>Baixo consumo de energia<\/strong><\/h4>\n<p>Projetado com foco na efici\u00eancia energ\u00e9tica, o HCYY11112014 reduz significativamente os custos operacionais. Sua engenharia inovadora reduz o consumo de energia, resultando em menores emiss\u00f5es de carbono. Isso significa que voc\u00ea n\u00e3o apenas economiza em despesas, como tamb\u00e9m desempenha um papel vital no combate \u00e0s mudan\u00e7as clim\u00e1ticas. \u00c9 uma situa\u00e7\u00e3o vantajosa para o seu neg\u00f3cio e para o planeta.<\/p>\n<h4><strong>Tecnologia de veda\u00e7\u00e3o avan\u00e7ada<\/strong><\/h4>\n<p>Seguran\u00e7a e prote\u00e7\u00e3o ambiental s\u00e3o primordiais, por isso o HCYY11112014 conta com mecanismos de veda\u00e7\u00e3o de \u00faltima gera\u00e7\u00e3o. Essas veda\u00e7\u00f5es avan\u00e7adas previnem eficazmente vazamentos de subst\u00e2ncias perigosas, garantindo que suas opera\u00e7\u00f5es n\u00e3o comprometam o ecossistema ao redor. Essa tecnologia aumenta a seguran\u00e7a e promove a confian\u00e7a entre as partes interessadas e a comunidade.<\/p>\n<h4><strong>Constru\u00e7\u00e3o dur\u00e1vel<\/strong><\/h4>\n<p>Constru\u00eddo para suportar as condi\u00e7\u00f5es mais desafiadoras, o HCYY11112014 ostenta durabilidade excepcional. Sua constru\u00e7\u00e3o robusta garante uma longa vida \u00fatil, minimizando a necessidade de substitui\u00e7\u00f5es frequentes. Essa durabilidade se traduz em confiabilidade, permitindo que suas opera\u00e7\u00f5es funcionem sem interrup\u00e7\u00f5es e reduzindo os custos gerais de manuten\u00e7\u00e3o.<\/p>\n<h4><strong>Design compacto<\/strong><\/h4>\n<p>O design compacto e inovador do HCYY11112014 o torna uma escolha vers\u00e1til para diversas aplica\u00e7\u00f5es. Seu perfil compacto permite integra\u00e7\u00e3o perfeita com sistemas existentes sem comprometer o desempenho. Essa adaptabilidade permite otimizar seu espa\u00e7o de trabalho, maximizando a efici\u00eancia e a produtividade em suas opera\u00e7\u00f5es.<\/p>\n<p>Ao escolher o Cilindro de Bra\u00e7o Oscilante HCYY11112014, voc\u00ea adota um produto que incorpora sustentabilidade, efici\u00eancia e inova\u00e7\u00e3o. Experimente a diferen\u00e7a que a engenharia ecologicamente correta pode fazer para o seu neg\u00f3cio e para o futuro do nosso planeta.<\/p>\n<h2><strong>O que torna o cilindro de bra\u00e7o oscilante Hcyy11112014 ecol\u00f3gico?<\/strong><\/h2>\n<p>O cilindro de bra\u00e7o oscilante HCYY11112014 se destaca como uma escolha ecol\u00f3gica por v\u00e1rios motivos convincentes:<\/p>\n<h4><strong>1. Materiais sustent\u00e1veis<\/strong><\/h4>\n<p>Feito com materiais recicl\u00e1veis \u200b\u200be sustent\u00e1veis, este cilindro reflete o compromisso com a fabrica\u00e7\u00e3o respons\u00e1vel. Ao escolher este produto, voc\u00ea apoia uma economia circular que prioriza a conserva\u00e7\u00e3o de recursos e reduz o desperd\u00edcio.<\/p>\n<h4><strong>2. Efici\u00eancia Energ\u00e9tica<\/strong><\/h4>\n<p>Projetado com baixo consumo de energia, o HCYY11112014 reduz significativamente os custos operacionais. Sua tecnologia de efici\u00eancia energ\u00e9tica economiza dinheiro e reduz as emiss\u00f5es de carbono, desempenhando um papel crucial no combate \u00e0s mudan\u00e7as clim\u00e1ticas. Isso significa que voc\u00ea pode aumentar a produtividade e, ao mesmo tempo, ser gentil com o planeta.<\/p>\n<h4><strong>3. Tecnologia de veda\u00e7\u00e3o avan\u00e7ada<\/strong><\/h4>\n<p>A seguran\u00e7a \u00e9 primordial, e o HCYY11112014 se destaca nesse quesito. Seus mecanismos de veda\u00e7\u00e3o de \u00faltima gera\u00e7\u00e3o previnem eficazmente vazamentos de subst\u00e2ncias perigosas, protegendo o meio ambiente e garantindo a conformidade com os padr\u00f5es de seguran\u00e7a. Essa tecnologia promove a confian\u00e7a entre as partes interessadas e demonstra o compromisso com a responsabilidade ambiental.<\/p>\n<h4><strong>4. Durabilidade excepcional<\/strong><\/h4>\n<p>Constru\u00eddo para suportar condi\u00e7\u00f5es adversas, o HCYY11112014 oferece uma longa vida \u00fatil. Essa durabilidade reduz a necessidade de substitui\u00e7\u00f5es frequentes, minimizando o desperd\u00edcio e contribuindo para um modelo operacional mais sustent\u00e1vel. Com este cilindro, voc\u00ea se beneficia de confiabilidade e tranquilidade.<\/p>\n<h4><strong>5. Design que economiza espa\u00e7o<\/strong><\/h4>\n<p>Seu design compacto permite f\u00e1cil integra\u00e7\u00e3o em sistemas existentes sem comprometer o desempenho. Essa adaptabilidade otimiza seu espa\u00e7o de trabalho e aumenta a efici\u00eancia geral, tornando-o uma solu\u00e7\u00e3o vers\u00e1til para diversas aplica\u00e7\u00f5es.<\/p>\n<p>Em resumo, o Cilindro de Bra\u00e7o Oscilante HCYY11112014 \u00e9 mais do que apenas um componente funcional; \u00e9 um investimento inovador em sustentabilidade. Ao escolher esta op\u00e7\u00e3o ecol\u00f3gica, voc\u00ea est\u00e1 causando um impacto positivo tanto em suas opera\u00e7\u00f5es quanto no meio ambiente, abrindo caminho para um futuro mais sustent\u00e1vel.<\/p>\n<h2><strong>\u00c1rea de produ\u00e7\u00e3o de cilindros para empilhadeiras:<\/strong><\/h2>\n<h2><img loading=\"lazy\" decoding=\"async\" class=\"alignnone size-full wp-image-16972\" src=\"https:\/\/www.hydraulic-cylinders.net\/wp-content\/uploads\/2025\/01\/hydraulic-cylinder-factory-1-scaled.webp\" alt=\"\" width=\"2016\" height=\"2560\" srcset=\"https:\/\/www.hydraulic-cylinders.net\/wp-content\/uploads\/2025\/01\/hydraulic-cylinder-factory-1-scaled.webp 2016w, https:\/\/www.hydraulic-cylinders.net\/wp-content\/uploads\/2025\/01\/hydraulic-cylinder-factory-1-1280x1625.webp 1280w, https:\/\/www.hydraulic-cylinders.net\/wp-content\/uploads\/2025\/01\/hydraulic-cylinder-factory-1-980x1244.webp 980w, https:\/\/www.hydraulic-cylinders.net\/wp-content\/uploads\/2025\/01\/hydraulic-cylinder-factory-1-480x610.webp 480w\" sizes=\"(min-width: 0px) and (max-width: 480px) 480px, (min-width: 481px) and (max-width: 980px) 980px, (min-width: 981px) and (max-width: 1280px) 1280px, (min-width: 1281px) 2016px, 100vw\" \/><\/h2>\n<p>Contamos com uma plataforma de P&amp;D independente de \u00faltima gera\u00e7\u00e3o dedicada \u00e0 montagem, garantindo inova\u00e7\u00e3o e qualidade de ponta em nossos processos de fabrica\u00e7\u00e3o. Nossa oficina de produ\u00e7\u00e3o de cilindros para empilhadeiras conta com quatro linhas de montagem de cilindros de eleva\u00e7\u00e3o semiautom\u00e1ticas e uma linha de montagem de cilindros de inclina\u00e7\u00e3o totalmente autom\u00e1tica, projetadas para produzir at\u00e9 um milh\u00e3o de unidades por ano.<\/p>\n<p>Al\u00e9m disso, nossa oficina especializada em cilindros est\u00e1 equipada com sistemas semiautom\u00e1ticos de limpeza e montagem, adaptados a diversas especifica\u00e7\u00f5es, com capacidade de produ\u00e7\u00e3o anual de 200.000 pe\u00e7as. Utilizamos equipamentos CNC renomados, centros de usinagem e ferramentas especializadas para o processamento de cilindros de alta precis\u00e3o. Nossas instala\u00e7\u00f5es tamb\u00e9m incluem m\u00e1quinas de solda rob\u00f3tica avan\u00e7adas, sistemas de limpeza autom\u00e1tica e linhas de montagem e pintura de cilindros totalmente automatizadas. Com mais de 300 equipamentos essenciais em opera\u00e7\u00e3o, otimizamos a aloca\u00e7\u00e3o de recursos e garantimos a utiliza\u00e7\u00e3o eficiente, atendendo a rigorosos padr\u00f5es de precis\u00e3o e qualidade.<\/p>\n<p>Nossa oficina de usinagem conta com centros de torneamento de trilhos-guia de inclina\u00e7\u00e3o personalizados, centros de usinagem, brunidoras de alta velocidade, rob\u00f4s de soldagem e outros equipamentos essenciais. Essa configura\u00e7\u00e3o nos permite usinar tubos cil\u00edndricos com di\u00e2metro interno m\u00e1ximo de 400 mm e comprimentos de at\u00e9 6 metros, aprimorando ainda mais nossa capacidade de produ\u00e7\u00e3o.<\/p>\n<h2><img loading=\"lazy\" decoding=\"async\" class=\"alignnone size-full wp-image-16973\" src=\"https:\/\/www.hydraulic-cylinders.net\/wp-content\/uploads\/2025\/01\/hydraulic-cylinder-factory-2-scaled.webp\" alt=\"\" width=\"2011\" height=\"2560\" srcset=\"https:\/\/www.hydraulic-cylinders.net\/wp-content\/uploads\/2025\/01\/hydraulic-cylinder-factory-2-scaled.webp 2011w, https:\/\/www.hydraulic-cylinders.net\/wp-content\/uploads\/2025\/01\/hydraulic-cylinder-factory-2-1280x1629.webp 1280w, https:\/\/www.hydraulic-cylinders.net\/wp-content\/uploads\/2025\/01\/hydraulic-cylinder-factory-2-980x1248.webp 980w, https:\/\/www.hydraulic-cylinders.net\/wp-content\/uploads\/2025\/01\/hydraulic-cylinder-factory-2-480x611.webp 480w\" sizes=\"(min-width: 0px) and (max-width: 480px) 480px, (min-width: 481px) and (max-width: 980px) 980px, (min-width: 981px) and (max-width: 1280px) 1280px, (min-width: 1281px) 2011px, 100vw\" \/><\/h2>\n<p>Operamos uma linha de revestimento de tinta \u00e0 base de \u00e1gua totalmente autom\u00e1tica, projetada especificamente para cilindros de pequeno e m\u00e9dio porte, com rob\u00f4s automatizados de carga, descarga e pulveriza\u00e7\u00e3o. Este sistema de \u00faltima gera\u00e7\u00e3o possui uma capacidade de produ\u00e7\u00e3o de 4.000 unidades por turno. Al\u00e9m disso, possu\u00edmos uma linha de pintura semiautom\u00e1tica para cilindros de grande porte, acionada por corrente, com capacidade projetada para 60 engradados por turno.<\/p>\n<p>Para aprimorar o desempenho dos produtos e consolidar nossa lideran\u00e7a na ind\u00fastria de cilindros hidr\u00e1ulicos, firmamos uma parceria com a ZJIMEE para estabelecer um laborat\u00f3rio de desempenho abrangente dedicado a cilindros hidr\u00e1ulicos, v\u00e1lvulas e bombas. Este laborat\u00f3rio avan\u00e7ado utiliza testes assistidos por computador com tecnologia eletro-hidr\u00e1ulica, permitindo condi\u00e7\u00f5es de teste predefinidas que aumentam a precis\u00e3o e a versatilidade do sistema. O processo automatizado de coleta de dados utiliza sensores para coletar dados de sa\u00edda, como vazamento interno e efici\u00eancia de carga, que s\u00e3o ent\u00e3o processados \u200b\u200bpor um computador e convertidos em unidades padr\u00e3o (ml\/min%).<\/p>\n<p>Al\u00e9m disso, para garantir a seguran\u00e7a de nossos sistemas hidr\u00e1ulicos, implementamos o monitoramento de estado para par\u00e2metros-chave de desempenho, incluindo temperatura do \u00f3leo, n\u00edvel do l\u00edquido e status do dispositivo de filtragem. Nossa bancada de teste de cilindros hidr\u00e1ulicos \u00e9 capaz de avaliar a \"efici\u00eancia de carga\" e o \"vazamento interno\" por meio de leituras precisas. Tamb\u00e9m \u00e9 equipada com um instrumento de medi\u00e7\u00e3o com r\u00e9gua de grade que atende aos padr\u00f5es nacionais, garantindo a conformidade com todos os requisitos de teste para produtos de cilindros hidr\u00e1ulicos.<\/p>\n<p>&nbsp;<\/p>","protected":false},"excerpt":{"rendered":"<p>HCYY11112014 Swing Arm Cylinder For Environmental Protection The HCYY11112014 Swing Arm Cylinder is a state-of-the-art solution that boosts operational efficiency while prioritizing environmental sustainability. This innovative product serves various industries, delivering reliable performance with minimal ecological impact. As a significant advancement in eco-friendly technology, the HCYY11112014 Swing Arm Cylinder embodies durability and efficiency, making it [&hellip;]<\/p>","protected":false},"featured_media":17044,"comment_status":"open","ping_status":"closed","template":"","meta":{"_et_pb_use_builder":"","_et_pb_old_content":"","_et_gb_content_width":""},"product_brand":[],"product_cat":[1550,1486,1552,1376],"product_tag":[],"class_list":{"0":"post-17032","1":"product","2":"type-product","3":"status-publish","4":"has-post-thumbnail","6":"product_cat-double-acting-hydraulic-cylinder","7":"product_cat-sanitation-machinery-hydraulic-cylinders","8":"product_cat-stainless-steel-hydraulic-cylinder","9":"product_cat-hydraulic-cylinder","11":"first","12":"instock","13":"shipping-taxable","14":"product-type-simple"},"amp_enabled":true,"_links":{"self":[{"href":"https:\/\/www.hydraulic-cylinders.net\/pt\/wp-json\/wp\/v2\/product\/17032","targetHints":{"allow":["GET"]}}],"collection":[{"href":"https:\/\/www.hydraulic-cylinders.net\/pt\/wp-json\/wp\/v2\/product"}],"about":[{"href":"https:\/\/www.hydraulic-cylinders.net\/pt\/wp-json\/wp\/v2\/types\/product"}],"replies":[{"embeddable":true,"href":"https:\/\/www.hydraulic-cylinders.net\/pt\/wp-json\/wp\/v2\/comments?post=17032"}],"wp:featuredmedia":[{"embeddable":true,"href":"https:\/\/www.hydraulic-cylinders.net\/pt\/wp-json\/wp\/v2\/media\/17044"}],"wp:attachment":[{"href":"https:\/\/www.hydraulic-cylinders.net\/pt\/wp-json\/wp\/v2\/media?parent=17032"}],"wp:term":[{"taxonomy":"product_brand","embeddable":true,"href":"https:\/\/www.hydraulic-cylinders.net\/pt\/wp-json\/wp\/v2\/product_brand?post=17032"},{"taxonomy":"product_cat","embeddable":true,"href":"https:\/\/www.hydraulic-cylinders.net\/pt\/wp-json\/wp\/v2\/product_cat?post=17032"},{"taxonomy":"product_tag","embeddable":true,"href":"https:\/\/www.hydraulic-cylinders.net\/pt\/wp-json\/wp\/v2\/product_tag?post=17032"}],"curies":[{"name":"wp","href":"https:\/\/api.w.org\/{rel}","templated":true}]}}