{"id":17047,"date":"2025-02-05T02:02:28","date_gmt":"2025-02-05T02:02:28","guid":{"rendered":"https:\/\/www.hydraulic-cylinders.net\/?post_type=product&#038;p=17047"},"modified":"2025-04-02T08:28:41","modified_gmt":"2025-04-02T08:28:41","slug":"lift-cylinder-for-crawler-crane","status":"publish","type":"product","link":"https:\/\/www.hydraulic-cylinders.net\/pt\/produto\/lift-cylinder-for-crawler-crane\/","title":{"rendered":"Cilindro de eleva\u00e7\u00e3o para guindaste sobre esteiras"},"content":{"rendered":"<h1 style=\"text-align: center;\"><strong>Cilindro de eleva\u00e7\u00e3o para guindaste sobre esteiras<\/strong><\/h1>\n<h1 style=\"text-align: center;\"><img loading=\"lazy\" decoding=\"async\" class=\"alignnone size-full wp-image-17048\" src=\"https:\/\/www.hydraulic-cylinders.net\/wp-content\/uploads\/2025\/02\/hcyy11112018-lift-cylinder-2.webp\" alt=\"\" width=\"1524\" height=\"539\" srcset=\"https:\/\/www.hydraulic-cylinders.net\/wp-content\/uploads\/2025\/02\/hcyy11112018-lift-cylinder-2.webp 1524w, https:\/\/www.hydraulic-cylinders.net\/wp-content\/uploads\/2025\/02\/hcyy11112018-lift-cylinder-2-1280x453.webp 1280w, https:\/\/www.hydraulic-cylinders.net\/wp-content\/uploads\/2025\/02\/hcyy11112018-lift-cylinder-2-980x347.webp 980w, https:\/\/www.hydraulic-cylinders.net\/wp-content\/uploads\/2025\/02\/hcyy11112018-lift-cylinder-2-480x170.webp 480w\" sizes=\"(min-width: 0px) and (max-width: 480px) 480px, (min-width: 481px) and (max-width: 980px) 980px, (min-width: 981px) and (max-width: 1280px) 1280px, (min-width: 1281px) 1524px, 100vw\" \/><\/h1>\n<p>Nossos cilindros de eleva\u00e7\u00e3o para guindastes sobre esteiras s\u00e3o projetados para oferecer desempenho de eleva\u00e7\u00e3o potente e confi\u00e1vel para aplica\u00e7\u00f5es de servi\u00e7o pesado. Desenvolvidos especificamente para guindastes sobre esteiras, esses cilindros hidr\u00e1ulicos fornecem a for\u00e7a necess\u00e1ria para elevar os bra\u00e7os (lan\u00e7a) do guindaste com precis\u00e3o, suportando cargas de at\u00e9 590 toneladas em ambientes exigentes, como canteiros de obras, constru\u00e7\u00e3o de pontes e opera\u00e7\u00f5es de minera\u00e7\u00e3o. Constru\u00eddos com a\u00e7o-liga de alta resist\u00eancia e com sistemas de veda\u00e7\u00e3o avan\u00e7ados, nossos cilindros de eleva\u00e7\u00e3o garantem durabilidade e opera\u00e7\u00e3o sem vazamentos, mesmo sob cargas din\u00e2micas extremas e condi\u00e7\u00f5es adversas.<\/p>\n<p>Com uma classifica\u00e7\u00e3o de press\u00e3o de at\u00e9 35 MPa e revestimentos anticorrosivos opcionais, nossos cilindros de eleva\u00e7\u00e3o para guindastes sobre esteiras s\u00e3o projetados para oferecer confiabilidade a longo prazo em terrenos acidentados. Seja para i\u00e7ar vigas de a\u00e7o ou posicionar equipamentos pesados, eles garantem seguran\u00e7a, efici\u00eancia e desempenho inigual\u00e1vel para suas necessidades de eleva\u00e7\u00e3o.<\/p>\n<h2><strong>Par\u00e2metros do cilindro de eleva\u00e7\u00e3o para guindaste sobre esteiras:<\/strong><\/h2>\n<h1 style=\"text-align: center;\"><img loading=\"lazy\" decoding=\"async\" class=\"alignnone size-full wp-image-17049\" src=\"https:\/\/www.hydraulic-cylinders.net\/wp-content\/uploads\/2025\/02\/hcyy11112018-lift-cylinder-1.webp\" alt=\"\" width=\"1515\" height=\"147\" srcset=\"https:\/\/www.hydraulic-cylinders.net\/wp-content\/uploads\/2025\/02\/hcyy11112018-lift-cylinder-1.webp 1515w, https:\/\/www.hydraulic-cylinders.net\/wp-content\/uploads\/2025\/02\/hcyy11112018-lift-cylinder-1-1280x124.webp 1280w, https:\/\/www.hydraulic-cylinders.net\/wp-content\/uploads\/2025\/02\/hcyy11112018-lift-cylinder-1-980x95.webp 980w, https:\/\/www.hydraulic-cylinders.net\/wp-content\/uploads\/2025\/02\/hcyy11112018-lift-cylinder-1-480x47.webp 480w\" sizes=\"(min-width: 0px) and (max-width: 480px) 480px, (min-width: 481px) and (max-width: 980px) 980px, (min-width: 981px) and (max-width: 1280px) 1280px, (min-width: 1281px) 1515px, 100vw\" \/> <img loading=\"lazy\" decoding=\"async\" class=\"alignnone size-full wp-image-17051\" src=\"https:\/\/www.hydraulic-cylinders.net\/wp-content\/uploads\/2025\/02\/hcyy11112018-lift-cylinder-3.webp\" alt=\"\" width=\"1477\" height=\"707\" srcset=\"https:\/\/www.hydraulic-cylinders.net\/wp-content\/uploads\/2025\/02\/hcyy11112018-lift-cylinder-3.webp 1477w, https:\/\/www.hydraulic-cylinders.net\/wp-content\/uploads\/2025\/02\/hcyy11112018-lift-cylinder-3-1280x613.webp 1280w, https:\/\/www.hydraulic-cylinders.net\/wp-content\/uploads\/2025\/02\/hcyy11112018-lift-cylinder-3-980x469.webp 980w, https:\/\/www.hydraulic-cylinders.net\/wp-content\/uploads\/2025\/02\/hcyy11112018-lift-cylinder-3-480x230.webp 480w\" sizes=\"(min-width: 0px) and (max-width: 480px) 480px, (min-width: 481px) and (max-width: 980px) 980px, (min-width: 981px) and (max-width: 1280px) 1280px, (min-width: 1281px) 1477px, 100vw\" \/> <img loading=\"lazy\" decoding=\"async\" class=\"alignnone size-full wp-image-17052\" src=\"https:\/\/www.hydraulic-cylinders.net\/wp-content\/uploads\/2025\/02\/hcyy11112018-lift-cylinder-4.webp\" alt=\"\" width=\"1475\" height=\"711\" srcset=\"https:\/\/www.hydraulic-cylinders.net\/wp-content\/uploads\/2025\/02\/hcyy11112018-lift-cylinder-4.webp 1475w, https:\/\/www.hydraulic-cylinders.net\/wp-content\/uploads\/2025\/02\/hcyy11112018-lift-cylinder-4-1280x617.webp 1280w, https:\/\/www.hydraulic-cylinders.net\/wp-content\/uploads\/2025\/02\/hcyy11112018-lift-cylinder-4-980x472.webp 980w, https:\/\/www.hydraulic-cylinders.net\/wp-content\/uploads\/2025\/02\/hcyy11112018-lift-cylinder-4-480x231.webp 480w\" sizes=\"(min-width: 0px) and (max-width: 480px) 480px, (min-width: 481px) and (max-width: 980px) 980px, (min-width: 981px) and (max-width: 1280px) 1280px, (min-width: 1281px) 1475px, 100vw\" \/> <img loading=\"lazy\" decoding=\"async\" class=\"alignnone size-full wp-image-17053\" src=\"https:\/\/www.hydraulic-cylinders.net\/wp-content\/uploads\/2025\/02\/hcyy11112018-lift-cylinder-5.webp\" alt=\"\" width=\"1451\" height=\"696\" srcset=\"https:\/\/www.hydraulic-cylinders.net\/wp-content\/uploads\/2025\/02\/hcyy11112018-lift-cylinder-5.webp 1451w, https:\/\/www.hydraulic-cylinders.net\/wp-content\/uploads\/2025\/02\/hcyy11112018-lift-cylinder-5-1280x614.webp 1280w, https:\/\/www.hydraulic-cylinders.net\/wp-content\/uploads\/2025\/02\/hcyy11112018-lift-cylinder-5-980x470.webp 980w, https:\/\/www.hydraulic-cylinders.net\/wp-content\/uploads\/2025\/02\/hcyy11112018-lift-cylinder-5-480x230.webp 480w\" sizes=\"(min-width: 0px) and (max-width: 480px) 480px, (min-width: 481px) and (max-width: 980px) 980px, (min-width: 981px) and (max-width: 1280px) 1280px, (min-width: 1281px) 1451px, 100vw\" \/><\/h1>\n<h2><strong>S\u00e9rie de cilindros de guindaste sobre esteiras:<\/strong><\/h2>\n<h2><img loading=\"lazy\" decoding=\"async\" class=\"alignnone size-full wp-image-17054 aligncenter\" src=\"https:\/\/www.hydraulic-cylinders.net\/wp-content\/uploads\/2025\/02\/cylinder-series-of-crawler-crane-1.webp\" alt=\"\" width=\"709\" height=\"791\" srcset=\"https:\/\/www.hydraulic-cylinders.net\/wp-content\/uploads\/2025\/02\/cylinder-series-of-crawler-crane-1.webp 709w, https:\/\/www.hydraulic-cylinders.net\/wp-content\/uploads\/2025\/02\/cylinder-series-of-crawler-crane-1-480x536.webp 480w\" sizes=\"(min-width: 0px) and (max-width: 480px) 480px, (min-width: 481px) 709px, 100vw\" \/><\/h2>\n<h2><strong>Principais caracter\u00edsticas do cilindro de eleva\u00e7\u00e3o para guindaste sobre esteiras:<\/strong><\/h2>\n<h4><strong>Alta durabilidade<\/strong><\/h4>\n<p>O cilindro de eleva\u00e7\u00e3o \u00e9 fabricado com materiais de alta qualidade, escolhidos especificamente pela sua resist\u00eancia e durabilidade. Seu design robusto permite que o cilindro suporte condi\u00e7\u00f5es de trabalho severas e cargas pesadas, tornando-o a escolha ideal para ambientes de constru\u00e7\u00e3o exigentes. Os usu\u00e1rios podem contar com seu desempenho duradouro, reduzindo a necessidade de substitui\u00e7\u00f5es frequentes e garantindo opera\u00e7\u00f5es ininterruptas, mesmo nos cen\u00e1rios mais desafiadores.<\/p>\n<h4><strong>Engenharia de precis\u00e3o<\/strong><\/h4>\n<p>Projetado com meticulosa aten\u00e7\u00e3o aos detalhes, o cilindro apresenta toler\u00e2ncias de fabrica\u00e7\u00e3o precisas. Esse n\u00edvel de precis\u00e3o permite uma opera\u00e7\u00e3o suave e aumenta a precis\u00e3o da eleva\u00e7\u00e3o, permitindo que os operadores manuseiem cargas com confian\u00e7a. Seja para levantar materiais delicados ou m\u00e1quinas pesadas, este cilindro garante que cada movimento seja controlado e confi\u00e1vel, minimizando o risco de acidentes e melhorando a efici\u00eancia geral.<\/p>\n<h4><strong>Resist\u00eancia \u00e0 corros\u00e3o<\/strong><\/h4>\n<p>Para combater os efeitos da exposi\u00e7\u00e3o \u00e0 umidade e a condi\u00e7\u00f5es clim\u00e1ticas adversas, o cilindro de eleva\u00e7\u00e3o passa por um tratamento de superf\u00edcie especializado. Essa camada protetora protege contra ferrugem e corros\u00e3o, prolongando significativamente a vida \u00fatil do cilindro. Ao manter o desempenho ideal ao longo do tempo, esse recurso n\u00e3o s\u00f3 aumenta a confiabilidade do cilindro, como tamb\u00e9m contribui para a redu\u00e7\u00e3o dos custos de manuten\u00e7\u00e3o e o aumento da efici\u00eancia operacional.<\/p>\n<h4><strong>Design compacto<\/strong><\/h4>\n<p>O design compacto do Cilindro de Eleva\u00e7\u00e3o o diferencia dos demais, permitindo f\u00e1cil instala\u00e7\u00e3o e integra\u00e7\u00e3o perfeita em diversos modelos de guindastes sobre esteiras. Suas dimens\u00f5es reduzidas permitem que os operadores maximizem a efici\u00eancia de suas m\u00e1quinas sem sacrificar a pot\u00eancia. Essa versatilidade o torna uma excelente op\u00e7\u00e3o para projetos com espa\u00e7o limitado, garantindo que a capacidade de eleva\u00e7\u00e3o de cargas pesadas nunca seja comprometida.<\/p>\n<h4><strong>Capacidade de alta press\u00e3o<\/strong><\/h4>\n<p>Projetado para suportar altas press\u00f5es hidr\u00e1ulicas, o Cilindro de Eleva\u00e7\u00e3o se destaca por proporcionar opera\u00e7\u00f5es de eleva\u00e7\u00e3o eficientes. Essa capacidade garante que o cilindro possa lidar com cargas substanciais com seguran\u00e7a e efic\u00e1cia, proporcionando tranquilidade aos operadores. Ao priorizar a seguran\u00e7a e maximizar o desempenho, este cilindro atende a uma ampla gama de aplica\u00e7\u00f5es, desde constru\u00e7\u00e3o civil at\u00e9 tarefas de eleva\u00e7\u00e3o industrial, tornando-se uma escolha confi\u00e1vel para qualquer opera\u00e7\u00e3o pesada.<\/p>\n<h2><strong>O que torna o cilindro de eleva\u00e7\u00e3o adequado para levantamento de cargas pesadas?<\/strong><\/h2>\n<p>Segue uma explica\u00e7\u00e3o mais detalhada de por que o Cilindro de Eleva\u00e7\u00e3o \u00e9 adequado para levantamento de cargas pesadas:<\/p>\n<ol>\n<li><strong>Durabilidade Excepcional<\/strong>:<br \/>\nO cilindro de eleva\u00e7\u00e3o \u00e9 fabricado com materiais de alta qualidade, especificamente selecionados por sua resist\u00eancia e durabilidade. Essa robustez permite que o cilindro suporte condi\u00e7\u00f5es extremas, como vibra\u00e7\u00f5es intensas, impactos e fatores ambientais severos t\u00edpicos de ambientes industriais e de constru\u00e7\u00e3o. A durabilidade minimiza o desgaste, resultando em menos quebras e menor tempo de inatividade, o que \u00e9 fundamental para manter a produtividade nos canteiros de obras.<\/li>\n<li><strong>Capacidade de alta press\u00e3o<\/strong>:<br \/>\nEste cilindro de eleva\u00e7\u00e3o foi projetado para suportar altas press\u00f5es hidr\u00e1ulicas, cruciais para o levantamento seguro e eficiente de cargas significativas. Seu design incorpora princ\u00edpios avan\u00e7ados de engenharia que permitem seu funcionamento sob intensa press\u00e3o sem comprometer a integridade estrutural. Essa alta capacidade de press\u00e3o garante que o cilindro possa levantar m\u00e1quinas e materiais pesados \u200b\u200bcom confiabilidade, tornando-o adequado para diversas aplica\u00e7\u00f5es, desde a constru\u00e7\u00e3o civil at\u00e9 a ind\u00fastria pesada.<\/li>\n<li><strong>Engenharia de precis\u00e3o<\/strong>:<br \/>\nOs componentes possuem toler\u00e2ncias de fabrica\u00e7\u00e3o de \u00faltima gera\u00e7\u00e3o que garantem alinhamento e opera\u00e7\u00e3o precisos. Esse n\u00edvel de precis\u00e3o \u00e9 vital para tarefas que exigem manuseio delicado ou posicionamento exato, pois minimiza o risco de acidentes e aumenta a precis\u00e3o geral da eleva\u00e7\u00e3o. Os operadores podem confiar que o cilindro ter\u00e1 um desempenho consistente, resultando em maior confian\u00e7a nas opera\u00e7\u00f5es de eleva\u00e7\u00e3o e maior seguran\u00e7a tanto para o pessoal quanto para o equipamento.<\/li>\n<li><strong>Resist\u00eancia superior \u00e0 corros\u00e3o<\/strong>:<br \/>\nPara combater os efeitos da umidade, produtos qu\u00edmicos e outros elementos corrosivos, o cilindro passa por um tratamento de superf\u00edcie especializado. Essa camada protetora reduz significativamente o risco de ferrugem e corros\u00e3o, que podem levar a falhas mec\u00e2nicas. Ao aumentar a resist\u00eancia do cilindro a fatores ambientais, esse recurso garante confiabilidade e desempenho a longo prazo, reduzindo os custos de manuten\u00e7\u00e3o e prolongando a vida \u00fatil do equipamento.<\/li>\n<li><strong>Design compacto<\/strong>:<br \/>\nO design compacto do cilindro de eleva\u00e7\u00e3o permite f\u00e1cil instala\u00e7\u00e3o e integra\u00e7\u00e3o em diversos modelos de guindastes sobre esteiras. Essa caracter\u00edstica que economiza espa\u00e7o \u00e9 especialmente ben\u00e9fica em ambientes com espa\u00e7o limitado, onde maximizar as capacidades operacionais do guindaste \u00e9 essencial. O design simplificado n\u00e3o compromete a capacidade de eleva\u00e7\u00e3o, garantindo que os operadores possam manusear cargas pesadas com efici\u00eancia, sem o volume excessivo associado aos cilindros tradicionais.<\/li>\n<\/ol>\n<p>Em conjunto, esses recursos aprimorados fazem do Cilindro de Eleva\u00e7\u00e3o a melhor op\u00e7\u00e3o para aplica\u00e7\u00f5es de eleva\u00e7\u00e3o de cargas pesadas, garantindo confiabilidade, efici\u00eancia e seguran\u00e7a no trabalho.<\/p>\n<h2><strong>\u00c1rea de produ\u00e7\u00e3o de cilindros para empilhadeiras:<\/strong><\/h2>\n<h2><img loading=\"lazy\" decoding=\"async\" class=\"alignnone size-full wp-image-16972\" src=\"https:\/\/www.hydraulic-cylinders.net\/wp-content\/uploads\/2025\/01\/hydraulic-cylinder-factory-1-scaled.webp\" alt=\"\" width=\"2016\" height=\"2560\" srcset=\"https:\/\/www.hydraulic-cylinders.net\/wp-content\/uploads\/2025\/01\/hydraulic-cylinder-factory-1-scaled.webp 2016w, https:\/\/www.hydraulic-cylinders.net\/wp-content\/uploads\/2025\/01\/hydraulic-cylinder-factory-1-1280x1625.webp 1280w, https:\/\/www.hydraulic-cylinders.net\/wp-content\/uploads\/2025\/01\/hydraulic-cylinder-factory-1-980x1244.webp 980w, https:\/\/www.hydraulic-cylinders.net\/wp-content\/uploads\/2025\/01\/hydraulic-cylinder-factory-1-480x610.webp 480w\" sizes=\"(min-width: 0px) and (max-width: 480px) 480px, (min-width: 481px) and (max-width: 980px) 980px, (min-width: 981px) and (max-width: 1280px) 1280px, (min-width: 1281px) 2016px, 100vw\" \/><\/h2>\n<p>Contamos com uma plataforma de P&amp;D independente de \u00faltima gera\u00e7\u00e3o dedicada \u00e0 montagem, garantindo inova\u00e7\u00e3o e qualidade de ponta em nossos processos de fabrica\u00e7\u00e3o. Nossa oficina de produ\u00e7\u00e3o de cilindros para empilhadeiras conta com quatro linhas de montagem de cilindros de eleva\u00e7\u00e3o semiautom\u00e1ticas e uma linha de montagem de cilindros de inclina\u00e7\u00e3o totalmente autom\u00e1tica, projetadas para produzir at\u00e9 um milh\u00e3o de unidades por ano.<\/p>\n<p>Al\u00e9m disso, nossa oficina especializada em cilindros est\u00e1 equipada com sistemas semiautom\u00e1ticos de limpeza e montagem, adaptados a diversas especifica\u00e7\u00f5es, com capacidade de produ\u00e7\u00e3o anual de 200.000 pe\u00e7as. Utilizamos equipamentos CNC renomados, centros de usinagem e ferramentas especializadas para o processamento de cilindros de alta precis\u00e3o. Nossas instala\u00e7\u00f5es tamb\u00e9m incluem m\u00e1quinas de solda rob\u00f3tica avan\u00e7adas, sistemas de limpeza autom\u00e1tica e linhas de montagem e pintura de cilindros totalmente automatizadas. Com mais de 300 equipamentos essenciais em opera\u00e7\u00e3o, otimizamos a aloca\u00e7\u00e3o de recursos e garantimos a utiliza\u00e7\u00e3o eficiente, atendendo a rigorosos padr\u00f5es de precis\u00e3o e qualidade.<\/p>\n<p>Nossa oficina de usinagem conta com centros de torneamento de trilhos-guia de inclina\u00e7\u00e3o personalizados, centros de usinagem, brunidoras de alta velocidade, rob\u00f4s de soldagem e outros equipamentos essenciais. Essa configura\u00e7\u00e3o nos permite usinar tubos cil\u00edndricos com di\u00e2metro interno m\u00e1ximo de 400 mm e comprimentos de at\u00e9 6 metros, aprimorando ainda mais nossa capacidade de produ\u00e7\u00e3o.<\/p>\n<h2><img loading=\"lazy\" decoding=\"async\" class=\"alignnone size-full wp-image-16973\" src=\"https:\/\/www.hydraulic-cylinders.net\/wp-content\/uploads\/2025\/01\/hydraulic-cylinder-factory-2-scaled.webp\" alt=\"\" width=\"2011\" height=\"2560\" srcset=\"https:\/\/www.hydraulic-cylinders.net\/wp-content\/uploads\/2025\/01\/hydraulic-cylinder-factory-2-scaled.webp 2011w, https:\/\/www.hydraulic-cylinders.net\/wp-content\/uploads\/2025\/01\/hydraulic-cylinder-factory-2-1280x1629.webp 1280w, https:\/\/www.hydraulic-cylinders.net\/wp-content\/uploads\/2025\/01\/hydraulic-cylinder-factory-2-980x1248.webp 980w, https:\/\/www.hydraulic-cylinders.net\/wp-content\/uploads\/2025\/01\/hydraulic-cylinder-factory-2-480x611.webp 480w\" sizes=\"(min-width: 0px) and (max-width: 480px) 480px, (min-width: 481px) and (max-width: 980px) 980px, (min-width: 981px) and (max-width: 1280px) 1280px, (min-width: 1281px) 2011px, 100vw\" \/><\/h2>\n<p>Operamos uma linha de revestimento de tinta \u00e0 base de \u00e1gua totalmente autom\u00e1tica, projetada especificamente para cilindros de pequeno e m\u00e9dio porte, com rob\u00f4s automatizados de carga, descarga e pulveriza\u00e7\u00e3o. Este sistema de \u00faltima gera\u00e7\u00e3o possui uma capacidade de produ\u00e7\u00e3o de 4.000 unidades por turno. Al\u00e9m disso, possu\u00edmos uma linha de pintura semiautom\u00e1tica para cilindros de grande porte, acionada por corrente, com capacidade projetada para 60 engradados por turno.<\/p>\n<p>Para aprimorar o desempenho dos produtos e consolidar nossa lideran\u00e7a na ind\u00fastria de cilindros hidr\u00e1ulicos, firmamos uma parceria com a ZJIMEE para estabelecer um laborat\u00f3rio de desempenho abrangente dedicado a cilindros hidr\u00e1ulicos, v\u00e1lvulas e bombas. Este laborat\u00f3rio avan\u00e7ado utiliza testes assistidos por computador com tecnologia eletro-hidr\u00e1ulica, permitindo condi\u00e7\u00f5es de teste predefinidas que aumentam a precis\u00e3o e a versatilidade do sistema. O processo automatizado de coleta de dados utiliza sensores para coletar dados de sa\u00edda, como vazamento interno e efici\u00eancia de carga, que s\u00e3o ent\u00e3o processados \u200b\u200bpor um computador e convertidos em unidades padr\u00e3o (ml\/min%).<\/p>\n<p>Al\u00e9m disso, para garantir a seguran\u00e7a de nossos sistemas hidr\u00e1ulicos, implementamos o monitoramento de estado para par\u00e2metros-chave de desempenho, incluindo temperatura do \u00f3leo, n\u00edvel do l\u00edquido e status do dispositivo de filtragem. Nossa bancada de teste de cilindros hidr\u00e1ulicos \u00e9 capaz de avaliar a \"efici\u00eancia de carga\" e o \"vazamento interno\" por meio de leituras precisas. Tamb\u00e9m \u00e9 equipada com um instrumento de medi\u00e7\u00e3o com r\u00e9gua de grade que atende aos padr\u00f5es nacionais, garantindo a conformidade com todos os requisitos de teste para produtos de cilindros hidr\u00e1ulicos.<\/p>\n<p>&nbsp;<\/p>","protected":false},"excerpt":{"rendered":"<p>Lift Cylinder For Crawler Crane Our Lift Cylinders for Crawler Cranes are designed to deliver powerful and reliable lifting performance for heavy-duty applications. Engineered specifically for crawler cranes, these hydraulic cylinders provide the force needed to elevate crane arms (booms) with precision, supporting loads up to 590 tons in demanding environments such as construction sites, [&hellip;]<\/p>","protected":false},"featured_media":17055,"comment_status":"open","ping_status":"closed","template":"","meta":{"_et_pb_use_builder":"","_et_pb_old_content":"","_et_gb_content_width":""},"product_brand":[],"product_cat":[1376,1514],"product_tag":[],"class_list":{"0":"post-17047","1":"product","2":"type-product","3":"status-publish","4":"has-post-thumbnail","6":"product_cat-hydraulic-cylinder","7":"product_cat-mobile-crane-hydraulic-cylinders","9":"first","10":"instock","11":"shipping-taxable","12":"product-type-simple"},"amp_enabled":true,"_links":{"self":[{"href":"https:\/\/www.hydraulic-cylinders.net\/pt\/wp-json\/wp\/v2\/product\/17047","targetHints":{"allow":["GET"]}}],"collection":[{"href":"https:\/\/www.hydraulic-cylinders.net\/pt\/wp-json\/wp\/v2\/product"}],"about":[{"href":"https:\/\/www.hydraulic-cylinders.net\/pt\/wp-json\/wp\/v2\/types\/product"}],"replies":[{"embeddable":true,"href":"https:\/\/www.hydraulic-cylinders.net\/pt\/wp-json\/wp\/v2\/comments?post=17047"}],"wp:featuredmedia":[{"embeddable":true,"href":"https:\/\/www.hydraulic-cylinders.net\/pt\/wp-json\/wp\/v2\/media\/17055"}],"wp:attachment":[{"href":"https:\/\/www.hydraulic-cylinders.net\/pt\/wp-json\/wp\/v2\/media?parent=17047"}],"wp:term":[{"taxonomy":"product_brand","embeddable":true,"href":"https:\/\/www.hydraulic-cylinders.net\/pt\/wp-json\/wp\/v2\/product_brand?post=17047"},{"taxonomy":"product_cat","embeddable":true,"href":"https:\/\/www.hydraulic-cylinders.net\/pt\/wp-json\/wp\/v2\/product_cat?post=17047"},{"taxonomy":"product_tag","embeddable":true,"href":"https:\/\/www.hydraulic-cylinders.net\/pt\/wp-json\/wp\/v2\/product_tag?post=17047"}],"curies":[{"name":"wp","href":"https:\/\/api.w.org\/{rel}","templated":true}]}}