{"id":17065,"date":"2025-02-05T07:37:55","date_gmt":"2025-02-05T07:37:55","guid":{"rendered":"https:\/\/www.hydraulic-cylinders.net\/?post_type=product&#038;p=17065"},"modified":"2025-04-11T01:53:48","modified_gmt":"2025-04-11T01:53:48","slug":"support-hydraulic-cylinders-for-crawler-crane","status":"publish","type":"product","link":"https:\/\/www.hydraulic-cylinders.net\/pt\/produto\/support-hydraulic-cylinders-for-crawler-crane\/","title":{"rendered":"Cilindros hidr\u00e1ulicos de suporte para guindaste sobre esteiras"},"content":{"rendered":"<h1 style=\"text-align: center;\"><strong>Cilindros hidr\u00e1ulicos de suporte para guindaste sobre esteiras<\/strong><\/h1>\n<h1 style=\"text-align: center;\"><img loading=\"lazy\" decoding=\"async\" class=\"alignnone size-full wp-image-17068\" src=\"https:\/\/www.hydraulic-cylinders.net\/wp-content\/uploads\/2025\/02\/hcyy11112020-cylinder-for-frame-support-2.webp\" alt=\"\" width=\"1497\" height=\"520\" srcset=\"https:\/\/www.hydraulic-cylinders.net\/wp-content\/uploads\/2025\/02\/hcyy11112020-cylinder-for-frame-support-2.webp 1497w, https:\/\/www.hydraulic-cylinders.net\/wp-content\/uploads\/2025\/02\/hcyy11112020-cylinder-for-frame-support-2-1280x445.webp 1280w, https:\/\/www.hydraulic-cylinders.net\/wp-content\/uploads\/2025\/02\/hcyy11112020-cylinder-for-frame-support-2-980x340.webp 980w, https:\/\/www.hydraulic-cylinders.net\/wp-content\/uploads\/2025\/02\/hcyy11112020-cylinder-for-frame-support-2-480x167.webp 480w\" sizes=\"(min-width: 0px) and (max-width: 480px) 480px, (min-width: 481px) and (max-width: 980px) 980px, (min-width: 981px) and (max-width: 1280px) 1280px, (min-width: 1281px) 1497px, 100vw\" \/><\/h1>\n<div>Nosso <strong>Cilindros hidr\u00e1ulicos de suporte para guindastes sobre esteiras<\/strong> Projetados para i\u00e7amento e estabiliza\u00e7\u00e3o de cargas pesadas em ambientes exigentes, nossos cilindros hidr\u00e1ulicos s\u00e3o concebidos para suportar a estrutura do bra\u00e7o treli\u00e7ado, garantindo estabilidade e seguran\u00e7a ideais durante opera\u00e7\u00f5es com cargas elevadas. S\u00e3o perfeitos para guindastes sobre esteiras utilizados em constru\u00e7\u00e3o civil, opera\u00e7\u00f5es portu\u00e1rias e projetos industriais. Com foco em durabilidade e precis\u00e3o, nossos cilindros hidr\u00e1ulicos s\u00e3o constru\u00eddos para suportar cargas din\u00e2micas e condi\u00e7\u00f5es adversas, proporcionando desempenho confi\u00e1vel para seu guindaste sobre esteiras.<\/div>\n<h2><strong>Par\u00e2metros dos cilindros hidr\u00e1ulicos de suporte para guindaste sobre esteiras:<\/strong><\/h2>\n<h1 style=\"text-align: center;\"><img loading=\"lazy\" decoding=\"async\" class=\"alignnone size-full wp-image-17067\" src=\"https:\/\/www.hydraulic-cylinders.net\/wp-content\/uploads\/2025\/02\/hcyy11112020-cylinder-for-frame-support-1.webp\" alt=\"\" width=\"1512\" height=\"150\" srcset=\"https:\/\/www.hydraulic-cylinders.net\/wp-content\/uploads\/2025\/02\/hcyy11112020-cylinder-for-frame-support-1.webp 1512w, https:\/\/www.hydraulic-cylinders.net\/wp-content\/uploads\/2025\/02\/hcyy11112020-cylinder-for-frame-support-1-1280x127.webp 1280w, https:\/\/www.hydraulic-cylinders.net\/wp-content\/uploads\/2025\/02\/hcyy11112020-cylinder-for-frame-support-1-980x97.webp 980w, https:\/\/www.hydraulic-cylinders.net\/wp-content\/uploads\/2025\/02\/hcyy11112020-cylinder-for-frame-support-1-480x48.webp 480w\" sizes=\"(min-width: 0px) and (max-width: 480px) 480px, (min-width: 481px) and (max-width: 980px) 980px, (min-width: 981px) and (max-width: 1280px) 1280px, (min-width: 1281px) 1512px, 100vw\" \/><img loading=\"lazy\" decoding=\"async\" class=\"alignnone size-full wp-image-17069\" src=\"https:\/\/www.hydraulic-cylinders.net\/wp-content\/uploads\/2025\/02\/hcyy11112020-cylinder-for-frame-support-3.webp\" alt=\"\" width=\"1475\" height=\"710\" srcset=\"https:\/\/www.hydraulic-cylinders.net\/wp-content\/uploads\/2025\/02\/hcyy11112020-cylinder-for-frame-support-3.webp 1475w, https:\/\/www.hydraulic-cylinders.net\/wp-content\/uploads\/2025\/02\/hcyy11112020-cylinder-for-frame-support-3-1280x616.webp 1280w, https:\/\/www.hydraulic-cylinders.net\/wp-content\/uploads\/2025\/02\/hcyy11112020-cylinder-for-frame-support-3-980x472.webp 980w, https:\/\/www.hydraulic-cylinders.net\/wp-content\/uploads\/2025\/02\/hcyy11112020-cylinder-for-frame-support-3-480x231.webp 480w\" sizes=\"(min-width: 0px) and (max-width: 480px) 480px, (min-width: 481px) and (max-width: 980px) 980px, (min-width: 981px) and (max-width: 1280px) 1280px, (min-width: 1281px) 1475px, 100vw\" \/> <img loading=\"lazy\" decoding=\"async\" class=\"alignnone size-full wp-image-17070\" src=\"https:\/\/www.hydraulic-cylinders.net\/wp-content\/uploads\/2025\/02\/hcyy11112020-cylinder-for-frame-support-4.webp\" alt=\"\" width=\"1479\" height=\"717\" srcset=\"https:\/\/www.hydraulic-cylinders.net\/wp-content\/uploads\/2025\/02\/hcyy11112020-cylinder-for-frame-support-4.webp 1479w, https:\/\/www.hydraulic-cylinders.net\/wp-content\/uploads\/2025\/02\/hcyy11112020-cylinder-for-frame-support-4-1280x621.webp 1280w, https:\/\/www.hydraulic-cylinders.net\/wp-content\/uploads\/2025\/02\/hcyy11112020-cylinder-for-frame-support-4-980x475.webp 980w, https:\/\/www.hydraulic-cylinders.net\/wp-content\/uploads\/2025\/02\/hcyy11112020-cylinder-for-frame-support-4-480x233.webp 480w\" sizes=\"(min-width: 0px) and (max-width: 480px) 480px, (min-width: 481px) and (max-width: 980px) 980px, (min-width: 981px) and (max-width: 1280px) 1280px, (min-width: 1281px) 1479px, 100vw\" \/> <img loading=\"lazy\" decoding=\"async\" class=\"alignnone size-full wp-image-17071\" src=\"https:\/\/www.hydraulic-cylinders.net\/wp-content\/uploads\/2025\/02\/hcyy11112020-cylinder-for-frame-support-5.webp\" alt=\"\" width=\"1421\" height=\"704\" srcset=\"https:\/\/www.hydraulic-cylinders.net\/wp-content\/uploads\/2025\/02\/hcyy11112020-cylinder-for-frame-support-5.webp 1421w, https:\/\/www.hydraulic-cylinders.net\/wp-content\/uploads\/2025\/02\/hcyy11112020-cylinder-for-frame-support-5-1280x634.webp 1280w, https:\/\/www.hydraulic-cylinders.net\/wp-content\/uploads\/2025\/02\/hcyy11112020-cylinder-for-frame-support-5-980x486.webp 980w, https:\/\/www.hydraulic-cylinders.net\/wp-content\/uploads\/2025\/02\/hcyy11112020-cylinder-for-frame-support-5-480x238.webp 480w\" sizes=\"(min-width: 0px) and (max-width: 480px) 480px, (min-width: 481px) and (max-width: 980px) 980px, (min-width: 981px) and (max-width: 1280px) 1280px, (min-width: 1281px) 1421px, 100vw\" \/><\/h1>\n<h2><strong>S\u00e9rie de cilindros de guindaste sobre esteiras:<\/strong><\/h2>\n<h2><img loading=\"lazy\" decoding=\"async\" class=\"alignnone size-full wp-image-17054 aligncenter\" src=\"https:\/\/www.hydraulic-cylinders.net\/wp-content\/uploads\/2025\/02\/cylinder-series-of-crawler-crane-1.webp\" alt=\"\" width=\"709\" height=\"791\" srcset=\"https:\/\/www.hydraulic-cylinders.net\/wp-content\/uploads\/2025\/02\/cylinder-series-of-crawler-crane-1.webp 709w, https:\/\/www.hydraulic-cylinders.net\/wp-content\/uploads\/2025\/02\/cylinder-series-of-crawler-crane-1-480x536.webp 480w\" sizes=\"(min-width: 0px) and (max-width: 480px) 480px, (min-width: 481px) 709px, 100vw\" \/><\/h2>\n<h2><strong>Principais caracter\u00edsticas dos cilindros hidr\u00e1ulicos de suporte para guindaste sobre esteiras com bra\u00e7o treli\u00e7ado:<\/strong><\/h2>\n<h4><strong>Alta capacidade de carga<\/strong><\/h4>\n<p>O <strong>Cilindro de suporte<\/strong> Destaca-se pela sua impressionante capacidade de carga, permitindo-lhe suportar pesos consider\u00e1veis \u200b\u200bsem esfor\u00e7o. Esta caracter\u00edstica torna-a ideal para aplica\u00e7\u00f5es de servi\u00e7o pesado, como grandes projetos de constru\u00e7\u00e3o e desenvolvimento de infraestruturas. Os operadores podem levantar e manobrar cargas significativas com confian\u00e7a, sabendo que disp\u00f5em de um componente fi\u00e1vel que satisfaz as exig\u00eancias das suas tarefas mais desafiantes. Esta capacidade n\u00e3o s\u00f3 maximiza a produtividade, como tamb\u00e9m aumenta a efici\u00eancia geral das opera\u00e7\u00f5es do guindaste.<\/p>\n<h4><strong>Constru\u00e7\u00e3o dur\u00e1vel<\/strong><\/h4>\n<p>Fabricado com materiais de alta resist\u00eancia, o Cilindro de Suporte foi projetado para suportar as condi\u00e7\u00f5es mais exigentes. Sua constru\u00e7\u00e3o robusta resiste ao desgaste, garantindo um desempenho confi\u00e1vel ao longo do tempo. Essa resili\u00eancia significa menos substitui\u00e7\u00f5es e reparos, permitindo que as equipes de constru\u00e7\u00e3o se concentrem em seu trabalho em vez de problemas de manuten\u00e7\u00e3o. A longa vida \u00fatil deste cilindro contribui para a redu\u00e7\u00e3o do tempo de inatividade, tornando-o um investimento inteligente para qualquer opera\u00e7\u00e3o.<\/p>\n<h4><strong>Resist\u00eancia \u00e0 corros\u00e3o<\/strong><\/h4>\n<p>A corros\u00e3o pode representar uma amea\u00e7a significativa para os componentes hidr\u00e1ulicos, mas o Cilindro de Suporte possui tratamentos de superf\u00edcie avan\u00e7ados que o protegem contra ferrugem e corros\u00e3o. Essa camada adicional de prote\u00e7\u00e3o garante que o cilindro permane\u00e7a em excelentes condi\u00e7\u00f5es, mesmo em condi\u00e7\u00f5es clim\u00e1ticas adversas ou ambientes agressivos. Ao prolongar sua vida \u00fatil, essa resist\u00eancia \u00e0 corros\u00e3o n\u00e3o s\u00f3 aumenta a confiabilidade, como tamb\u00e9m minimiza a necessidade de reparos ou substitui\u00e7\u00f5es dispendiosas, aumentando, em \u00faltima an\u00e1lise, a efici\u00eancia operacional.<\/p>\n<h4><strong>Design compacto<\/strong><\/h4>\n<p>O design compacto do Cilindro de Suporte aumenta sua versatilidade, permitindo f\u00e1cil integra\u00e7\u00e3o em diversos modelos de guindastes sobre esteiras. Essa caracter\u00edstica, que otimiza o espa\u00e7o, significa que os operadores podem maximizar as capacidades do guindaste sem volume desnecess\u00e1rio. O design simplificado facilita a instala\u00e7\u00e3o e a opera\u00e7\u00e3o r\u00e1pidas, permitindo que as equipes se adaptem perfeitamente a diferentes requisitos de projeto. Essa adaptabilidade proporciona maior flexibilidade no canteiro de obras, facilitando a execu\u00e7\u00e3o de uma ampla gama de tarefas de i\u00e7amento.<\/p>\n<h4><strong>Engenharia de precis\u00e3o<\/strong><\/h4>\n<p>A precis\u00e3o \u00e9 crucial nas opera\u00e7\u00f5es de eleva\u00e7\u00e3o, e o Cilindro de Suporte \u00e9 meticulosamente projetado para proporcionar uma opera\u00e7\u00e3o suave e um posicionamento preciso da carga. Com toler\u00e2ncias de fabrica\u00e7\u00e3o rigorosas, este cilindro garante que cada eleva\u00e7\u00e3o seja executada com a m\u00e1xima precis\u00e3o, melhorando significativamente a seguran\u00e7a geral. Os operadores podem confiar que suas cargas ser\u00e3o posicionadas com precis\u00e3o, minimizando o risco de acidentes e aumentando a efici\u00eancia do fluxo de trabalho. Esse n\u00edvel de precis\u00e3o n\u00e3o s\u00f3 protege equipamentos valiosos, como tamb\u00e9m contribui para um ambiente de trabalho mais seguro para todos.<\/p>\n<p>Em resumo, o Cilindro de Suporte destaca-se pela sua excepcional capacidade de carga, constru\u00e7\u00e3o robusta, resist\u00eancia \u00e0 corros\u00e3o, design compacto e engenharia de precis\u00e3o. Cada uma dessas caracter\u00edsticas se combina para oferecer uma solu\u00e7\u00e3o confi\u00e1vel e eficiente para projetos de constru\u00e7\u00e3o, tornando-o um recurso indispens\u00e1vel para profissionais do setor.<\/p>\n<h2><strong>Como o cilindro para evitar a inclina\u00e7\u00e3o traseira aumenta a seguran\u00e7a das opera\u00e7\u00f5es de guindastes sobre esteiras?<\/strong><\/h2>\n<p>O projeto do <strong>Apoiar<\/strong> <strong>Cilindro<\/strong> \u00c9 uma obra-prima da engenharia que aumenta significativamente a estabilidade durante opera\u00e7\u00f5es de levantamento de cargas pesadas. Veja como cada caracter\u00edstica contribui para seu desempenho excepcional:<\/p>\n<h4><strong>1. Capacidade de carga impressionante<\/strong><\/h4>\n<p>O cilindro de suporte foi projetado especificamente para suportar pesos consider\u00e1veis, tornando-o ideal para aplica\u00e7\u00f5es de alta exig\u00eancia. Essa impressionante capacidade de carga garante que at\u00e9 mesmo as cargas mais pesadas possam ser levantadas com seguran\u00e7a, reduzindo significativamente o risco de tombamento ou oscila\u00e7\u00e3o. Ao fornecer uma base s\u00f3lida, este cilindro permite que os operadores se concentrem em suas tarefas sem a preocupa\u00e7\u00e3o constante com a estabilidade, aumentando assim a produtividade geral.<\/p>\n<h4><strong>2. Constru\u00e7\u00e3o Robusta<\/strong><\/h4>\n<p>Fabricado com materiais de alta resist\u00eancia, o cilindro foi projetado para suportar as condi\u00e7\u00f5es mais exigentes. Sua constru\u00e7\u00e3o robusta garante a manuten\u00e7\u00e3o da integridade estrutural sob intensa press\u00e3o, proporcionando um sistema de suporte confi\u00e1vel capaz de lidar com for\u00e7as din\u00e2micas durante opera\u00e7\u00f5es de eleva\u00e7\u00e3o. A durabilidade dos materiais utilizados n\u00e3o s\u00f3 prolonga a vida \u00fatil do cilindro, como tamb\u00e9m aumenta sua capacidade de desempenho consistente, mesmo nas situa\u00e7\u00f5es mais desafiadoras.<\/p>\n<h4><strong>3. Design compacto<\/strong><\/h4>\n<p>Uma das caracter\u00edsticas mais marcantes do Cilindro de Suporte \u00e9 seu design compacto, que permite um posicionamento ideal dentro da estrutura do guindaste. Esse posicionamento estrat\u00e9gico reduz o centro de gravidade, melhorando significativamente a estabilidade geral durante as opera\u00e7\u00f5es. Um centro de gravidade mais baixo diminui a probabilidade de tombamento, especialmente ao manobrar cargas pesadas, tornando o cilindro um componente essencial para i\u00e7amento seguro e eficiente.<\/p>\n<h4><strong>4. Engenharia de Precis\u00e3o<\/strong><\/h4>\n<p>A precis\u00e3o \u00e9 fundamental nas opera\u00e7\u00f5es de eleva\u00e7\u00e3o, e o Cilindro de Suporte se destaca nesse aspecto. Com toler\u00e2ncias de fabrica\u00e7\u00e3o rigorosas, este cilindro garante movimentos suaves e controlados. Essa precis\u00e3o n\u00e3o s\u00f3 melhora a exatid\u00e3o do posicionamento da carga, como tamb\u00e9m minimiza as chances de deslocamentos repentinos que poderiam comprometer a estabilidade. Os operadores podem confiar que suas cargas ser\u00e3o manuseadas com cuidado e precis\u00e3o, aumentando a seguran\u00e7a no local de trabalho.<\/p>\n<h4><strong>5. Resist\u00eancia \u00e0 corros\u00e3o<\/strong><\/h4>\n<p>A corros\u00e3o pode ser uma preocupa\u00e7\u00e3o significativa para componentes hidr\u00e1ulicos, especialmente em ambientes agressivos. O cilindro de suporte possui tratamentos de superf\u00edcie avan\u00e7ados que o protegem contra ferrugem e degrada\u00e7\u00e3o. Essa resist\u00eancia \u00e0 corros\u00e3o garante que o cilindro mantenha seu desempenho ao longo do tempo, mesmo em condi\u00e7\u00f5es adversas. Ao prevenir o desgaste, esse recurso aumenta a confiabilidade e prolonga a vida \u00fatil do cilindro, contribuindo para a estabilidade cont\u00ednua durante tarefas de eleva\u00e7\u00e3o de cargas pesadas.<\/p>\n<p>Em resumo, o <strong>Cilindro de suporte<\/strong> Destaca-se como um pilar de estabilidade e confiabilidade em opera\u00e7\u00f5es de i\u00e7amento de cargas pesadas. Sua impressionante capacidade de carga, constru\u00e7\u00e3o robusta, design compacto, engenharia de precis\u00e3o e resist\u00eancia \u00e0 corros\u00e3o criam um poderoso sistema de suporte. Este cilindro n\u00e3o s\u00f3 aumenta a seguran\u00e7a, como tamb\u00e9m impulsiona a efici\u00eancia, tornando-se um recurso indispens\u00e1vel para profissionais da constru\u00e7\u00e3o civil. Ao investir no Cilindro de Suporte, os operadores podem elevar seu desempenho com confian\u00e7a e enfrentar at\u00e9 mesmo os projetos mais exigentes.<\/p>\n<h2><strong>\u00c1rea de produ\u00e7\u00e3o de cilindros para empilhadeiras:<\/strong><\/h2>\n<h2><img loading=\"lazy\" decoding=\"async\" class=\"alignnone size-full wp-image-16972\" src=\"https:\/\/www.hydraulic-cylinders.net\/wp-content\/uploads\/2025\/01\/hydraulic-cylinder-factory-1-scaled.webp\" alt=\"\" width=\"2016\" height=\"2560\" srcset=\"https:\/\/www.hydraulic-cylinders.net\/wp-content\/uploads\/2025\/01\/hydraulic-cylinder-factory-1-scaled.webp 2016w, https:\/\/www.hydraulic-cylinders.net\/wp-content\/uploads\/2025\/01\/hydraulic-cylinder-factory-1-1280x1625.webp 1280w, https:\/\/www.hydraulic-cylinders.net\/wp-content\/uploads\/2025\/01\/hydraulic-cylinder-factory-1-980x1244.webp 980w, https:\/\/www.hydraulic-cylinders.net\/wp-content\/uploads\/2025\/01\/hydraulic-cylinder-factory-1-480x610.webp 480w\" sizes=\"(min-width: 0px) and (max-width: 480px) 480px, (min-width: 481px) and (max-width: 980px) 980px, (min-width: 981px) and (max-width: 1280px) 1280px, (min-width: 1281px) 2016px, 100vw\" \/><\/h2>\n<p>Contamos com uma plataforma de P&amp;D independente de \u00faltima gera\u00e7\u00e3o dedicada \u00e0 montagem, garantindo inova\u00e7\u00e3o e qualidade de ponta em nossos processos de fabrica\u00e7\u00e3o. Nossa oficina de produ\u00e7\u00e3o de cilindros para empilhadeiras conta com quatro linhas de montagem de cilindros de eleva\u00e7\u00e3o semiautom\u00e1ticas e uma linha de montagem de cilindros de inclina\u00e7\u00e3o totalmente autom\u00e1tica, projetadas para produzir at\u00e9 um milh\u00e3o de unidades por ano.<\/p>\n<p>Al\u00e9m disso, nossa oficina especializada em cilindros est\u00e1 equipada com sistemas semiautom\u00e1ticos de limpeza e montagem, adaptados a diversas especifica\u00e7\u00f5es, com capacidade de produ\u00e7\u00e3o anual de 200.000 pe\u00e7as. Utilizamos equipamentos CNC renomados, centros de usinagem e ferramentas especializadas para o processamento de cilindros de alta precis\u00e3o. Nossas instala\u00e7\u00f5es tamb\u00e9m incluem m\u00e1quinas de solda rob\u00f3tica avan\u00e7adas, sistemas de limpeza autom\u00e1tica e linhas de montagem e pintura de cilindros totalmente automatizadas. Com mais de 300 equipamentos essenciais em opera\u00e7\u00e3o, otimizamos a aloca\u00e7\u00e3o de recursos e garantimos a utiliza\u00e7\u00e3o eficiente, atendendo a rigorosos padr\u00f5es de precis\u00e3o e qualidade.<\/p>\n<p>Nossa oficina de usinagem conta com centros de torneamento de trilhos-guia de inclina\u00e7\u00e3o personalizados, centros de usinagem, brunidoras de alta velocidade, rob\u00f4s de soldagem e outros equipamentos essenciais. Essa configura\u00e7\u00e3o nos permite usinar tubos cil\u00edndricos com di\u00e2metro interno m\u00e1ximo de 400 mm e comprimentos de at\u00e9 6 metros, aprimorando ainda mais nossa capacidade de produ\u00e7\u00e3o.<\/p>\n<h2><img loading=\"lazy\" decoding=\"async\" class=\"alignnone size-full wp-image-16973\" src=\"https:\/\/www.hydraulic-cylinders.net\/wp-content\/uploads\/2025\/01\/hydraulic-cylinder-factory-2-scaled.webp\" alt=\"\" width=\"2011\" height=\"2560\" srcset=\"https:\/\/www.hydraulic-cylinders.net\/wp-content\/uploads\/2025\/01\/hydraulic-cylinder-factory-2-scaled.webp 2011w, https:\/\/www.hydraulic-cylinders.net\/wp-content\/uploads\/2025\/01\/hydraulic-cylinder-factory-2-1280x1629.webp 1280w, https:\/\/www.hydraulic-cylinders.net\/wp-content\/uploads\/2025\/01\/hydraulic-cylinder-factory-2-980x1248.webp 980w, https:\/\/www.hydraulic-cylinders.net\/wp-content\/uploads\/2025\/01\/hydraulic-cylinder-factory-2-480x611.webp 480w\" sizes=\"(min-width: 0px) and (max-width: 480px) 480px, (min-width: 481px) and (max-width: 980px) 980px, (min-width: 981px) and (max-width: 1280px) 1280px, (min-width: 1281px) 2011px, 100vw\" \/><\/h2>\n<p>Operamos uma linha de revestimento de tinta \u00e0 base de \u00e1gua totalmente autom\u00e1tica, projetada especificamente para cilindros de pequeno e m\u00e9dio porte, com rob\u00f4s automatizados de carga, descarga e pulveriza\u00e7\u00e3o. Este sistema de \u00faltima gera\u00e7\u00e3o possui uma capacidade de produ\u00e7\u00e3o de 4.000 unidades por turno. Al\u00e9m disso, possu\u00edmos uma linha de pintura semiautom\u00e1tica para cilindros de grande porte, acionada por corrente, com capacidade projetada para 60 engradados por turno.<\/p>\n<p>Para aprimorar o desempenho dos produtos e consolidar nossa lideran\u00e7a na ind\u00fastria de cilindros hidr\u00e1ulicos, firmamos uma parceria com a ZJIMEE para estabelecer um laborat\u00f3rio de desempenho abrangente dedicado a cilindros hidr\u00e1ulicos, v\u00e1lvulas e bombas. Este laborat\u00f3rio avan\u00e7ado utiliza testes assistidos por computador com tecnologia eletro-hidr\u00e1ulica, permitindo condi\u00e7\u00f5es de teste predefinidas que aumentam a precis\u00e3o e a versatilidade do sistema. O processo automatizado de coleta de dados utiliza sensores para coletar dados de sa\u00edda, como vazamento interno e efici\u00eancia de carga, que s\u00e3o ent\u00e3o processados \u200b\u200bpor um computador e convertidos em unidades padr\u00e3o (ml\/min%).<\/p>\n<p>Al\u00e9m disso, para garantir a seguran\u00e7a de nossos sistemas hidr\u00e1ulicos, implementamos o monitoramento de estado para par\u00e2metros-chave de desempenho, incluindo temperatura do \u00f3leo, n\u00edvel do l\u00edquido e status do dispositivo de filtragem. Nossa bancada de teste de cilindros hidr\u00e1ulicos \u00e9 capaz de avaliar a \"efici\u00eancia de carga\" e o \"vazamento interno\" por meio de leituras precisas. Tamb\u00e9m \u00e9 equipada com um instrumento de medi\u00e7\u00e3o com r\u00e9gua de grade que atende aos padr\u00f5es nacionais, garantindo a conformidade com todos os requisitos de teste para produtos de cilindros hidr\u00e1ulicos.<\/p>\n<p>&nbsp;<\/p>","protected":false},"excerpt":{"rendered":"<p>Support Hydraulic Cylinders For Crawler Crane Our support hydraulic cylinders for crawler cranes are engineered for heavy-duty lifting and stabilization in demanding environments. Designed to support the truss arm structure, these cylinders ensure optimal stability and safety during high-load operations, making them ideal for crawler cranes used in construction, port operations, and industrial projects. With [&hellip;]<\/p>","protected":false},"featured_media":17072,"comment_status":"open","ping_status":"closed","template":"","meta":{"_et_pb_use_builder":"","_et_pb_old_content":"","_et_gb_content_width":""},"product_brand":[],"product_cat":[1514,1549,1376],"product_tag":[],"class_list":{"0":"post-17065","1":"product","2":"type-product","3":"status-publish","4":"has-post-thumbnail","6":"product_cat-mobile-crane-hydraulic-cylinders","7":"product_cat-single-acting-hydraulic-cylinder","8":"product_cat-hydraulic-cylinder","10":"first","11":"instock","12":"shipping-taxable","13":"product-type-simple"},"amp_enabled":true,"_links":{"self":[{"href":"https:\/\/www.hydraulic-cylinders.net\/pt\/wp-json\/wp\/v2\/product\/17065","targetHints":{"allow":["GET"]}}],"collection":[{"href":"https:\/\/www.hydraulic-cylinders.net\/pt\/wp-json\/wp\/v2\/product"}],"about":[{"href":"https:\/\/www.hydraulic-cylinders.net\/pt\/wp-json\/wp\/v2\/types\/product"}],"replies":[{"embeddable":true,"href":"https:\/\/www.hydraulic-cylinders.net\/pt\/wp-json\/wp\/v2\/comments?post=17065"}],"wp:featuredmedia":[{"embeddable":true,"href":"https:\/\/www.hydraulic-cylinders.net\/pt\/wp-json\/wp\/v2\/media\/17072"}],"wp:attachment":[{"href":"https:\/\/www.hydraulic-cylinders.net\/pt\/wp-json\/wp\/v2\/media?parent=17065"}],"wp:term":[{"taxonomy":"product_brand","embeddable":true,"href":"https:\/\/www.hydraulic-cylinders.net\/pt\/wp-json\/wp\/v2\/product_brand?post=17065"},{"taxonomy":"product_cat","embeddable":true,"href":"https:\/\/www.hydraulic-cylinders.net\/pt\/wp-json\/wp\/v2\/product_cat?post=17065"},{"taxonomy":"product_tag","embeddable":true,"href":"https:\/\/www.hydraulic-cylinders.net\/pt\/wp-json\/wp\/v2\/product_tag?post=17065"}],"curies":[{"name":"wp","href":"https:\/\/api.w.org\/{rel}","templated":true}]}}