{"id":17180,"date":"2025-02-21T06:35:36","date_gmt":"2025-02-21T06:35:36","guid":{"rendered":"https:\/\/www.hydraulic-cylinders.net\/?post_type=product&#038;p=17180"},"modified":"2025-04-23T08:40:36","modified_gmt":"2025-04-23T08:40:36","slug":"lifting-cylinder-for-scissor-type-aerial-work-vehicles","status":"publish","type":"product","link":"https:\/\/www.hydraulic-cylinders.net\/pt\/produto\/lifting-cylinder-for-scissor-type-aerial-work-vehicles\/","title":{"rendered":"Cilindro de eleva\u00e7\u00e3o para ve\u00edculos a\u00e9reos de trabalho tipo tesoura"},"content":{"rendered":"<h1 style=\"text-align: center;\"><strong>Cilindro de eleva\u00e7\u00e3o de alto desempenho para ve\u00edculos de trabalho a\u00e9reo tipo tesoura.<\/strong><\/h1>\n<h1 style=\"text-align: center;\"><img loading=\"lazy\" decoding=\"async\" class=\"alignnone wp-image-17183 size-full\" src=\"https:\/\/www.hydraulic-cylinders.net\/wp-content\/uploads\/2025\/02\/hcyy11112003-lift-cylinder-2.webp\" alt=\"Cilindro de eleva\u00e7\u00e3o para ve\u00edculos de trabalho a\u00e9reo tipo bra\u00e7o\" width=\"1497\" height=\"520\" srcset=\"https:\/\/www.hydraulic-cylinders.net\/wp-content\/uploads\/2025\/02\/hcyy11112003-lift-cylinder-2.webp 1497w, https:\/\/www.hydraulic-cylinders.net\/wp-content\/uploads\/2025\/02\/hcyy11112003-lift-cylinder-2-1280x445.webp 1280w, https:\/\/www.hydraulic-cylinders.net\/wp-content\/uploads\/2025\/02\/hcyy11112003-lift-cylinder-2-980x340.webp 980w, https:\/\/www.hydraulic-cylinders.net\/wp-content\/uploads\/2025\/02\/hcyy11112003-lift-cylinder-2-480x167.webp 480w\" sizes=\"(min-width: 0px) and (max-width: 480px) 480px, (min-width: 481px) and (max-width: 980px) 980px, (min-width: 981px) and (max-width: 1280px) 1280px, (min-width: 1281px) 1497px, 100vw\" \/><\/h1>\n<p>Nosso cilindro de eleva\u00e7\u00e3o para plataformas elevat\u00f3rias tipo tesoura oferece for\u00e7a e precis\u00e3o excepcionais para tarefas exigentes em grandes alturas. Projetados para plataformas articuladas e telesc\u00f3picas, nossos cilindros hidr\u00e1ulicos garantem eleva\u00e7\u00e3o suave e controlada, al\u00e9m de estabilidade inabal\u00e1vel, tornando-os uma escolha confi\u00e1vel para plataformas a\u00e9reas. Projetados para compatibilidade perfeita com os principais equipamentos, eles se destacam na constru\u00e7\u00e3o civil, manuten\u00e7\u00e3o predial e servi\u00e7os municipais, aumentando a efici\u00eancia operacional.<\/p>\n<p>Com constru\u00e7\u00e3o robusta e veda\u00e7\u00f5es avan\u00e7adas, nossos cilindros minimizam as necessidades de manuten\u00e7\u00e3o e maximizam a durabilidade em ambientes agressivos. Certificados pela ISO e respaldados por nossa expertise, cada cilindro de eleva\u00e7\u00e3o para plataformas elevat\u00f3rias tipo tesoura \u00e9 personalizado para atender \u00e0s suas necessidades espec\u00edficas, oferecendo desempenho confi\u00e1vel por anos. Seja para acionar uma plataforma elevat\u00f3ria articulada ou para dar suporte a projetos de infraestrutura cr\u00edtica, nossas solu\u00e7\u00f5es elevam a produtividade e a seguran\u00e7a. Escolha a Huachang para cilindros hidr\u00e1ulicos de alto desempenho que definem o padr\u00e3o em aplica\u00e7\u00f5es de trabalho em altura.<\/p>\n<h2><strong>Cilindro de eleva\u00e7\u00e3o para plataformas elevat\u00f3rias tipo tesoura - Par\u00e2metros:<\/strong><\/h2>\n<h1 style=\"text-align: center;\"><img loading=\"lazy\" decoding=\"async\" class=\"alignnone wp-image-17182 size-full\" src=\"https:\/\/www.hydraulic-cylinders.net\/wp-content\/uploads\/2025\/02\/hcyy11112003-lift-cylinder-1.webp\" alt=\"Par\u00e2metros do cilindro de eleva\u00e7\u00e3o para ve\u00edculos de trabalho a\u00e9reo tipo bra\u00e7o\" width=\"1520\" height=\"145\" srcset=\"https:\/\/www.hydraulic-cylinders.net\/wp-content\/uploads\/2025\/02\/hcyy11112003-lift-cylinder-1.webp 1520w, https:\/\/www.hydraulic-cylinders.net\/wp-content\/uploads\/2025\/02\/hcyy11112003-lift-cylinder-1-1280x122.webp 1280w, https:\/\/www.hydraulic-cylinders.net\/wp-content\/uploads\/2025\/02\/hcyy11112003-lift-cylinder-1-980x93.webp 980w, https:\/\/www.hydraulic-cylinders.net\/wp-content\/uploads\/2025\/02\/hcyy11112003-lift-cylinder-1-480x46.webp 480w\" sizes=\"(min-width: 0px) and (max-width: 480px) 480px, (min-width: 481px) and (max-width: 980px) 980px, (min-width: 981px) and (max-width: 1280px) 1280px, (min-width: 1281px) 1520px, 100vw\" \/> \u00a0<img loading=\"lazy\" decoding=\"async\" class=\"alignnone wp-image-17184 size-full\" src=\"https:\/\/www.hydraulic-cylinders.net\/wp-content\/uploads\/2025\/02\/hcyy11112003-lift-cylinder-3.webp\" alt=\"Par\u00e2metros do cilindro de eleva\u00e7\u00e3o para ve\u00edculos de trabalho a\u00e9reo tipo bra\u00e7o\" width=\"1481\" height=\"710\" srcset=\"https:\/\/www.hydraulic-cylinders.net\/wp-content\/uploads\/2025\/02\/hcyy11112003-lift-cylinder-3.webp 1481w, https:\/\/www.hydraulic-cylinders.net\/wp-content\/uploads\/2025\/02\/hcyy11112003-lift-cylinder-3-1280x614.webp 1280w, https:\/\/www.hydraulic-cylinders.net\/wp-content\/uploads\/2025\/02\/hcyy11112003-lift-cylinder-3-980x470.webp 980w, https:\/\/www.hydraulic-cylinders.net\/wp-content\/uploads\/2025\/02\/hcyy11112003-lift-cylinder-3-480x230.webp 480w\" sizes=\"(min-width: 0px) and (max-width: 480px) 480px, (min-width: 481px) and (max-width: 980px) 980px, (min-width: 981px) and (max-width: 1280px) 1280px, (min-width: 1281px) 1481px, 100vw\" \/> <img loading=\"lazy\" decoding=\"async\" class=\"alignnone wp-image-17185 size-full\" src=\"https:\/\/www.hydraulic-cylinders.net\/wp-content\/uploads\/2025\/02\/hcyy11112003-lift-cylinder-4.webp\" alt=\"Par\u00e2metros do cilindro de eleva\u00e7\u00e3o para ve\u00edculos de trabalho a\u00e9reo tipo bra\u00e7o\" width=\"1476\" height=\"711\" srcset=\"https:\/\/www.hydraulic-cylinders.net\/wp-content\/uploads\/2025\/02\/hcyy11112003-lift-cylinder-4.webp 1476w, https:\/\/www.hydraulic-cylinders.net\/wp-content\/uploads\/2025\/02\/hcyy11112003-lift-cylinder-4-1280x617.webp 1280w, https:\/\/www.hydraulic-cylinders.net\/wp-content\/uploads\/2025\/02\/hcyy11112003-lift-cylinder-4-980x472.webp 980w, https:\/\/www.hydraulic-cylinders.net\/wp-content\/uploads\/2025\/02\/hcyy11112003-lift-cylinder-4-480x231.webp 480w\" sizes=\"(min-width: 0px) and (max-width: 480px) 480px, (min-width: 481px) and (max-width: 980px) 980px, (min-width: 981px) and (max-width: 1280px) 1280px, (min-width: 1281px) 1476px, 100vw\" \/> <img loading=\"lazy\" decoding=\"async\" class=\"alignnone wp-image-17186 size-full\" src=\"https:\/\/www.hydraulic-cylinders.net\/wp-content\/uploads\/2025\/02\/hcyy11112003-lift-cylinder-5.webp\" alt=\"Par\u00e2metros do cilindro de eleva\u00e7\u00e3o para ve\u00edculos de trabalho a\u00e9reo tipo bra\u00e7o\" width=\"1649\" height=\"742\" srcset=\"https:\/\/www.hydraulic-cylinders.net\/wp-content\/uploads\/2025\/02\/hcyy11112003-lift-cylinder-5.webp 1649w, https:\/\/www.hydraulic-cylinders.net\/wp-content\/uploads\/2025\/02\/hcyy11112003-lift-cylinder-5-1280x576.webp 1280w, https:\/\/www.hydraulic-cylinders.net\/wp-content\/uploads\/2025\/02\/hcyy11112003-lift-cylinder-5-980x441.webp 980w, https:\/\/www.hydraulic-cylinders.net\/wp-content\/uploads\/2025\/02\/hcyy11112003-lift-cylinder-5-480x216.webp 480w\" sizes=\"(min-width: 0px) and (max-width: 480px) 480px, (min-width: 481px) and (max-width: 980px) 980px, (min-width: 981px) and (max-width: 1280px) 1280px, (min-width: 1281px) 1649px, 100vw\" \/><\/h1>\n<p><strong>Fun\u00e7\u00e3o:<\/strong> Execute os movimentos ascendentes e descendentes do garfo de tesoura<br \/>\n<strong>Di\u00e2metro do cilindro:<\/strong> 55 mm - 380 mm<br \/>\n<strong>Di\u00e2metro da haste:<\/strong> 40 mm - 200 mm<br \/>\n<strong>Viagem:<\/strong> 280 mm - 2193 mm<br \/>\n<strong>Press\u00e3o M\u00e1xima:<\/strong> 25 MPa<br \/>\n<strong>Impulso m\u00e1ximo:<\/strong> 2835 kN<\/p>\n<h2><strong>S\u00e9rie de cilindros para ve\u00edculos de trabalho a\u00e9reo tipo tesoura:<\/strong><\/h2>\n<h1 style=\"text-align: center;\"><img loading=\"lazy\" decoding=\"async\" class=\"alignnone size-full wp-image-20043\" src=\"https:\/\/www.hydraulic-cylinders.net\/wp-content\/uploads\/2025\/04\/arm-type-aerial-work-vehicle-hydraulic-cylinder-construction.jpg\" alt=\"Constru\u00e7\u00e3o de cilindro hidr\u00e1ulico para trabalho a\u00e9reo tipo bra\u00e7o\" width=\"640\" height=\"358\" srcset=\"https:\/\/www.hydraulic-cylinders.net\/wp-content\/uploads\/2025\/04\/arm-type-aerial-work-vehicle-hydraulic-cylinder-construction.jpg 640w, https:\/\/www.hydraulic-cylinders.net\/wp-content\/uploads\/2025\/04\/arm-type-aerial-work-vehicle-hydraulic-cylinder-construction-480x269.jpg 480w\" sizes=\"(min-width: 0px) and (max-width: 480px) 480px, (min-width: 481px) 640px, 100vw\" \/><\/h1>\n<h2><strong>Principais caracter\u00edsticas do cilindro de eleva\u00e7\u00e3o para ve\u00edculos de trabalho a\u00e9reo tipo tesoura:<\/strong><\/h2>\n<div>\n<p class=\"break-words\" dir=\"auto\">de Huahang <strong>Cilindro de eleva\u00e7\u00e3o para ve\u00edculos de trabalho a\u00e9reo tipo tesoura<\/strong> Projetados com tecnologia de ponta para oferecer desempenho excepcional em opera\u00e7\u00f5es em grandes altitudes, esses cilindros hidr\u00e1ulicos s\u00e3o ideais para plataformas elevat\u00f3rias articuladas e telesc\u00f3picas, oferecendo a combina\u00e7\u00e3o perfeita de for\u00e7a, precis\u00e3o e durabilidade. Descubra os principais recursos que fazem de nossos cilindros a escolha preferida para aplica\u00e7\u00f5es de constru\u00e7\u00e3o, manuten\u00e7\u00e3o e servi\u00e7os p\u00fablicos.<\/p>\n<ul class=\"marker:text-secondary\" dir=\"auto\">\n<li class=\"break-words\"><strong>Alta capacidade de carga<\/strong>Constru\u00eddo para suportar cargas substanciais, este <strong>Cilindro hidr\u00e1ulico dur\u00e1vel para plataforma elevat\u00f3ria<\/strong> Suporta plataformas elevat\u00f3rias de grande porte com facilidade. Seu design robusto garante eleva\u00e7\u00e3o confi\u00e1vel para tarefas exigentes, como movimenta\u00e7\u00e3o de materiais de constru\u00e7\u00e3o ou manuten\u00e7\u00e3o de servi\u00e7os p\u00fablicos, maximizando a produtividade sem comprometer a seguran\u00e7a.<\/li>\n<li class=\"break-words\"><strong>Controle de precis\u00e3o<\/strong>Obtenha um posicionamento preciso com extens\u00e3o e retra\u00e7\u00e3o suaves. O sistema hidr\u00e1ulico avan\u00e7ado do cilindro permite uma opera\u00e7\u00e3o cont\u00ednua, possibilitando que os operadores manobrem plataformas a\u00e9reas com precis\u00e3o milim\u00e9trica, ideal para tarefas como instala\u00e7\u00f5es de telecomunica\u00e7\u00f5es ou reparos em instala\u00e7\u00f5es que exigem posicionamento exato.<\/li>\n<li class=\"break-words\"><strong>Materiais dur\u00e1veis<\/strong>Fabricado em a\u00e7o de alta qualidade, este <strong>Cilindro hidr\u00e1ulico para plataforma de trabalho a\u00e9reo<\/strong> Resiste a ambientes agressivos, incluindo condi\u00e7\u00f5es clim\u00e1ticas extremas e corrosivas. Sua constru\u00e7\u00e3o robusta garante confiabilidade a longo prazo, reduzindo os custos de substitui\u00e7\u00e3o para setores como servi\u00e7os municipais e constru\u00e7\u00e3o civil.<\/li>\n<li class=\"break-words\"><strong>Vedantes \u00e0 prova de vazamentos<\/strong>Equipado com veda\u00e7\u00f5es avan\u00e7adas, este cilindro evita vazamentos de fluido, minimizando o tempo de inatividade e os custos de manuten\u00e7\u00e3o. <strong>Cilindro de eleva\u00e7\u00e3o confi\u00e1vel para ve\u00edculos de trabalho a\u00e9reo<\/strong> Garante desempenho consistente, mesmo sob alta press\u00e3o, tornando-se uma solu\u00e7\u00e3o de baixa manuten\u00e7\u00e3o para opera\u00e7\u00f5es com grande volume de trabalho.<\/li>\n<li class=\"break-words\"><strong>Design personaliz\u00e1vel<\/strong>Dispon\u00edvel em v\u00e1rios comprimentos de curso e configura\u00e7\u00f5es de montagem, este produto <strong>Cilindro de eleva\u00e7\u00e3o personalizado para plataforma a\u00e9rea<\/strong> Atende a diversas especifica\u00e7\u00f5es de equipamentos. Projetado para se adaptar \u00e0s principais plataformas elevat\u00f3rias articuladas e telesc\u00f3picas, oferece flexibilidade para requisitos exclusivos de projetos em aplica\u00e7\u00f5es de manuten\u00e7\u00e3o ou infraestrutura.<\/li>\n<li class=\"break-words\"><strong>F\u00e1cil manuten\u00e7\u00e3o<\/strong>Projetado com componentes acess\u00edveis, este cilindro simplifica inspe\u00e7\u00f5es e reparos. Os t\u00e9cnicos podem verificar rapidamente as veda\u00e7\u00f5es, limpar as hastes ou substituir pe\u00e7as, reduzindo o tempo de inatividade. <strong>Cilindro hidr\u00e1ulico de baixa manuten\u00e7\u00e3o para plataforma elevat\u00f3ria<\/strong> Mant\u00e9m suas plataformas a\u00e9reas operacionais com o m\u00ednimo esfor\u00e7o.<\/li>\n<li class=\"break-words\"><strong>Qualidade certificada pela ISO<\/strong>Fabricado em conformidade com as normas internacionais ISO 9001, 14001 e 45001, este cilindro garante seguran\u00e7a e desempenho. O rigoroso controle de qualidade da Huachang assegura a excel\u00eancia de cada unidade. <strong>Cilindro de eleva\u00e7\u00e3o para ve\u00edculos de trabalho a\u00e9reo tipo tesoura<\/strong> Oferece confiabilidade incompar\u00e1vel, sendo a escolha de operadores de plataformas a\u00e9reas em todo o mundo.<\/li>\n<\/ul>\n<div>Al\u00e9m do nosso <strong>Cilindro de eleva\u00e7\u00e3o para ve\u00edculos de trabalho a\u00e9reo tipo bra\u00e7o.<\/strong>Huachang oferece uma gama diversificada de <a href=\"https:\/\/www.hydraulic-cylinders.net\/pt\/aerial-work-vehicle-hydraulic-cylinder\/\"><strong>cilindros hidr\u00e1ulicos de ve\u00edculos de trabalho a\u00e9reo<\/strong><\/a>Incluindo cilindros de inclina\u00e7\u00e3o, dire\u00e7\u00e3o e estabiliza\u00e7\u00e3o para plataformas elevat\u00f3rias articuladas e tesoura. Projetadas para compatibilidade e desempenho, nossas solu\u00e7\u00f5es atendem \u00e0s suas necessidades espec\u00edficas. Encontre o sistema hidr\u00e1ulico perfeito para voc\u00ea.<\/div>\n<\/div>\n<h2><strong>Como a capacidade de carga de um cilindro de eleva\u00e7\u00e3o impacta a seguran\u00e7a em aplica\u00e7\u00f5es de trabalho em altura?<\/strong><\/h2>\n<p>Certamente! Aqui est\u00e1 uma vers\u00e3o ampliada e otimizada de cada ponto sobre como a capacidade de carga de um cilindro de eleva\u00e7\u00e3o impacta a seguran\u00e7a em trabalhos em altura:<\/p>\n<h4><strong>Preven\u00e7\u00e3o de sobrecarga:<\/strong><\/h4>\n<p>Um cilindro de eleva\u00e7\u00e3o projetado com capacidade de carga adequada \u00e9 essencial para elevar e suportar com seguran\u00e7a os pesos pretendidos. Quando um cilindro \u00e9 sobrecarregado, corre o risco de falha catastr\u00f3fica, o que pode resultar em acidentes graves, ferimentos ou danos tanto ao equipamento quanto \u00e0 \u00e1rea circundante. Garantir que as especifica\u00e7\u00f5es do cilindro correspondam \u00e0 carga esperada \u00e9 crucial para manter um ambiente de trabalho seguro e evitar incidentes dispendiosos.<\/p>\n<h4><strong>Estabilidade:<\/strong><\/h4>\n<p>A capacidade de carga de um cilindro de eleva\u00e7\u00e3o contribui significativamente para a estabilidade das plataformas a\u00e9reas. Quando o cilindro consegue suportar adequadamente o peso a ser i\u00e7ado, ele ajuda a manter o equil\u00edbrio da plataforma, evitando que ela tombe ou oscile. Essa estabilidade \u00e9 vital, especialmente em trabalhos em altura, pois minimiza o risco de quedas ou acidentes que possam colocar em perigo operadores e pessoas pr\u00f3ximas.<\/p>\n<h4><strong>Opera\u00e7\u00f5es Controladas:<\/strong><\/h4>\n<p>Um cilindro com capacidade de carga suficiente permite opera\u00e7\u00f5es de eleva\u00e7\u00e3o e abaixamento mais suaves, possibilitando movimentos precisos. Esse controle \u00e9 crucial para evitar movimentos bruscos ou repentinos que podem causar acidentes, danos ao equipamento ou perda de carga. Ao garantir que o cilindro de eleva\u00e7\u00e3o suporte o peso com seguran\u00e7a, os operadores podem executar tarefas com maior confian\u00e7a e precis\u00e3o, aumentando a seguran\u00e7a geral durante as opera\u00e7\u00f5es.<\/p>\n<h4><strong>Longevidade e confiabilidade:<\/strong><\/h4>\n<p>Cilindros de eleva\u00e7\u00e3o que operam dentro de sua capacidade de carga especificada sofrem menor desgaste e estresse, contribuindo para sua longevidade e confiabilidade. Ao longo do tempo, a opera\u00e7\u00e3o consistente dentro de limites seguros ajuda a manter a integridade do cilindro, resultando em menos quebras e necessidades de manuten\u00e7\u00e3o. Um cilindro de eleva\u00e7\u00e3o confi\u00e1vel \u00e9 essencial para a seguran\u00e7a, pois minimiza as chances de falhas inesperadas durante tarefas cr\u00edticas de eleva\u00e7\u00e3o, garantindo opera\u00e7\u00f5es tranquilas.<\/p>\n<h4><strong>Conformidade com os regulamentos:<\/strong><\/h4>\n<p>O cumprimento dos requisitos de capacidade de carga \u00e9 frequentemente uma exig\u00eancia legal, visto que muitas normas e regulamentos de seguran\u00e7a definem limites de carga espec\u00edficos para equipamentos de eleva\u00e7\u00e3o. Garantir que o cilindro de eleva\u00e7\u00e3o atenda ou exceda esses requisitos regulamentares n\u00e3o s\u00f3 promove opera\u00e7\u00f5es seguras, como tamb\u00e9m protege as empresas de responsabilidades e penalidades legais. A conformidade fomenta uma cultura de seguran\u00e7a dentro da organiza\u00e7\u00e3o, refor\u00e7ando a import\u00e2ncia de utilizar equipamentos confi\u00e1veis \u200b\u200be em conformidade com as normas do setor.<\/p>\n<p>Em conclus\u00e3o, a capacidade de carga de um cilindro de eleva\u00e7\u00e3o \u00e9 fundamental para a seguran\u00e7a em trabalhos em altura, influenciando a preven\u00e7\u00e3o de sobrecargas, a estabilidade, o controle operacional, a vida \u00fatil do equipamento e a conformidade com as normas. Ao priorizar esses fatores, os operadores podem criar um ambiente de trabalho mais seguro e aumentar a efici\u00eancia operacional geral.<\/p>\n<h2><strong>\u00c1rea de produ\u00e7\u00e3o de cilindros para empilhadeiras:<\/strong><\/h2>\n<h2><img loading=\"lazy\" decoding=\"async\" class=\"alignnone size-full wp-image-16972\" src=\"https:\/\/www.hydraulic-cylinders.net\/wp-content\/uploads\/2025\/01\/hydraulic-cylinder-factory-1-scaled.webp\" alt=\"\" width=\"2016\" height=\"2560\" srcset=\"https:\/\/www.hydraulic-cylinders.net\/wp-content\/uploads\/2025\/01\/hydraulic-cylinder-factory-1-scaled.webp 2016w, https:\/\/www.hydraulic-cylinders.net\/wp-content\/uploads\/2025\/01\/hydraulic-cylinder-factory-1-1280x1625.webp 1280w, https:\/\/www.hydraulic-cylinders.net\/wp-content\/uploads\/2025\/01\/hydraulic-cylinder-factory-1-980x1244.webp 980w, https:\/\/www.hydraulic-cylinders.net\/wp-content\/uploads\/2025\/01\/hydraulic-cylinder-factory-1-480x610.webp 480w\" sizes=\"(min-width: 0px) and (max-width: 480px) 480px, (min-width: 481px) and (max-width: 980px) 980px, (min-width: 981px) and (max-width: 1280px) 1280px, (min-width: 1281px) 2016px, 100vw\" \/><\/h2>\n<p>Contamos com uma plataforma de P&amp;D independente de \u00faltima gera\u00e7\u00e3o dedicada \u00e0 montagem, garantindo inova\u00e7\u00e3o e qualidade de ponta em nossos processos de fabrica\u00e7\u00e3o. Nossa oficina de produ\u00e7\u00e3o de cilindros para empilhadeiras conta com quatro linhas de montagem de cilindros de eleva\u00e7\u00e3o semiautom\u00e1ticas e uma linha de montagem de cilindros de inclina\u00e7\u00e3o totalmente autom\u00e1tica, projetadas para produzir at\u00e9 um milh\u00e3o de unidades por ano.<\/p>\n<p>Al\u00e9m disso, nossa oficina especializada em cilindros est\u00e1 equipada com sistemas semiautom\u00e1ticos de limpeza e montagem, adaptados a diversas especifica\u00e7\u00f5es, com capacidade de produ\u00e7\u00e3o anual de 200.000 pe\u00e7as. Utilizamos equipamentos CNC renomados, centros de usinagem e ferramentas especializadas para o processamento de cilindros de alta precis\u00e3o. Nossas instala\u00e7\u00f5es tamb\u00e9m incluem m\u00e1quinas de solda rob\u00f3tica avan\u00e7adas, sistemas de limpeza autom\u00e1tica e linhas de montagem e pintura de cilindros totalmente automatizadas. Com mais de 300 equipamentos essenciais em opera\u00e7\u00e3o, otimizamos a aloca\u00e7\u00e3o de recursos e garantimos a utiliza\u00e7\u00e3o eficiente, atendendo a rigorosos padr\u00f5es de precis\u00e3o e qualidade.<\/p>\n<p>Nossa oficina de usinagem conta com centros de torneamento de trilhos-guia de inclina\u00e7\u00e3o personalizados, centros de usinagem, brunidoras de alta velocidade, rob\u00f4s de soldagem e outros equipamentos essenciais. Essa configura\u00e7\u00e3o nos permite usinar tubos cil\u00edndricos com di\u00e2metro interno m\u00e1ximo de 400 mm e comprimentos de at\u00e9 6 metros, aprimorando ainda mais nossa capacidade de produ\u00e7\u00e3o.<\/p>\n<h2><img loading=\"lazy\" decoding=\"async\" class=\"alignnone size-full wp-image-16973\" src=\"https:\/\/www.hydraulic-cylinders.net\/wp-content\/uploads\/2025\/01\/hydraulic-cylinder-factory-2-scaled.webp\" alt=\"\" width=\"2011\" height=\"2560\" srcset=\"https:\/\/www.hydraulic-cylinders.net\/wp-content\/uploads\/2025\/01\/hydraulic-cylinder-factory-2-scaled.webp 2011w, https:\/\/www.hydraulic-cylinders.net\/wp-content\/uploads\/2025\/01\/hydraulic-cylinder-factory-2-1280x1629.webp 1280w, https:\/\/www.hydraulic-cylinders.net\/wp-content\/uploads\/2025\/01\/hydraulic-cylinder-factory-2-980x1248.webp 980w, https:\/\/www.hydraulic-cylinders.net\/wp-content\/uploads\/2025\/01\/hydraulic-cylinder-factory-2-480x611.webp 480w\" sizes=\"(min-width: 0px) and (max-width: 480px) 480px, (min-width: 481px) and (max-width: 980px) 980px, (min-width: 981px) and (max-width: 1280px) 1280px, (min-width: 1281px) 2011px, 100vw\" \/><\/h2>\n<p>Operamos uma linha de revestimento de tinta \u00e0 base de \u00e1gua totalmente autom\u00e1tica, projetada especificamente para cilindros de pequeno e m\u00e9dio porte, com rob\u00f4s automatizados de carga, descarga e pulveriza\u00e7\u00e3o. Este sistema de \u00faltima gera\u00e7\u00e3o possui uma capacidade de produ\u00e7\u00e3o de 4.000 unidades por turno. Al\u00e9m disso, possu\u00edmos uma linha de pintura semiautom\u00e1tica para cilindros de grande porte, acionada por corrente, com capacidade projetada para 60 engradados por turno.<\/p>\n<p>Para aprimorar o desempenho dos produtos e consolidar nossa lideran\u00e7a na ind\u00fastria de cilindros hidr\u00e1ulicos, firmamos uma parceria com a ZJIMEE para estabelecer um laborat\u00f3rio de desempenho abrangente dedicado a cilindros hidr\u00e1ulicos, v\u00e1lvulas e bombas. Este laborat\u00f3rio avan\u00e7ado utiliza testes assistidos por computador com tecnologia eletro-hidr\u00e1ulica, permitindo condi\u00e7\u00f5es de teste predefinidas que aumentam a precis\u00e3o e a versatilidade do sistema. O processo automatizado de coleta de dados utiliza sensores para coletar dados de sa\u00edda, como vazamento interno e efici\u00eancia de carga, que s\u00e3o ent\u00e3o processados \u200b\u200bpor um computador e convertidos em unidades padr\u00e3o (ml\/min%).<\/p>\n<p>Al\u00e9m disso, para garantir a seguran\u00e7a de nossos sistemas hidr\u00e1ulicos, implementamos o monitoramento de estado para par\u00e2metros-chave de desempenho, incluindo temperatura do \u00f3leo, n\u00edvel do l\u00edquido e status do dispositivo de filtragem. Nossa bancada de teste de cilindros hidr\u00e1ulicos \u00e9 capaz de avaliar a \"efici\u00eancia de carga\" e o \"vazamento interno\" por meio de leituras precisas. Tamb\u00e9m \u00e9 equipada com um instrumento de medi\u00e7\u00e3o com r\u00e9gua de grade que atende aos padr\u00f5es nacionais, garantindo a conformidade com todos os requisitos de teste para produtos de cilindros hidr\u00e1ulicos.<\/p>\n<p>&nbsp;<\/p>","protected":false},"excerpt":{"rendered":"<p>High-Performance Lifting Cylinder for Scissor Type Aerial Work Vehicles Our lifting cylinder for scissor type aerial work vehicles delivers exceptional strength and precision for demanding high-altitude tasks. Engineered for articulated and telescopic boom lifts, our hydraulic cylinders ensure smooth, controlled lifting and unwavering stability, making them a trusted choice for aerial platforms. Designed for seamless [&hellip;]<\/p>","protected":false},"featured_media":17489,"comment_status":"open","ping_status":"closed","template":"","meta":{"_et_pb_use_builder":"","_et_pb_old_content":"","_et_gb_content_width":""},"product_brand":[],"product_cat":[1500,1549,1376],"product_tag":[],"class_list":{"0":"post-17180","1":"product","2":"type-product","3":"status-publish","4":"has-post-thumbnail","6":"product_cat-aerial-work-vehicle-hydraulic-cylinder","7":"product_cat-single-acting-hydraulic-cylinder","8":"product_cat-hydraulic-cylinder","10":"first","11":"instock","12":"shipping-taxable","13":"product-type-simple"},"amp_enabled":true,"_links":{"self":[{"href":"https:\/\/www.hydraulic-cylinders.net\/pt\/wp-json\/wp\/v2\/product\/17180","targetHints":{"allow":["GET"]}}],"collection":[{"href":"https:\/\/www.hydraulic-cylinders.net\/pt\/wp-json\/wp\/v2\/product"}],"about":[{"href":"https:\/\/www.hydraulic-cylinders.net\/pt\/wp-json\/wp\/v2\/types\/product"}],"replies":[{"embeddable":true,"href":"https:\/\/www.hydraulic-cylinders.net\/pt\/wp-json\/wp\/v2\/comments?post=17180"}],"wp:featuredmedia":[{"embeddable":true,"href":"https:\/\/www.hydraulic-cylinders.net\/pt\/wp-json\/wp\/v2\/media\/17489"}],"wp:attachment":[{"href":"https:\/\/www.hydraulic-cylinders.net\/pt\/wp-json\/wp\/v2\/media?parent=17180"}],"wp:term":[{"taxonomy":"product_brand","embeddable":true,"href":"https:\/\/www.hydraulic-cylinders.net\/pt\/wp-json\/wp\/v2\/product_brand?post=17180"},{"taxonomy":"product_cat","embeddable":true,"href":"https:\/\/www.hydraulic-cylinders.net\/pt\/wp-json\/wp\/v2\/product_cat?post=17180"},{"taxonomy":"product_tag","embeddable":true,"href":"https:\/\/www.hydraulic-cylinders.net\/pt\/wp-json\/wp\/v2\/product_tag?post=17180"}],"curies":[{"name":"wp","href":"https:\/\/api.w.org\/{rel}","templated":true}]}}