{"id":17316,"date":"2025-03-06T08:26:04","date_gmt":"2025-03-06T08:26:04","guid":{"rendered":"https:\/\/www.hydraulic-cylinders.net\/?post_type=product&#038;p=17316"},"modified":"2025-04-11T05:27:11","modified_gmt":"2025-04-11T05:27:11","slug":"hsg-series-hydraulic-cylinders-for-harvesting-machinery","status":"publish","type":"product","link":"https:\/\/www.hydraulic-cylinders.net\/pt\/produto\/hsg-series-hydraulic-cylinders-for-harvesting-machinery\/","title":{"rendered":"Cilindros hidr\u00e1ulicos da s\u00e9rie HSG para m\u00e1quinas de colheita"},"content":{"rendered":"<h1 style=\"text-align: center;\"><strong>Cilindros hidr\u00e1ulicos da s\u00e9rie HSG para m\u00e1quinas de colheita<br \/>\n<\/strong><\/h1>\n<h1 style=\"text-align: center;\"><strong><img loading=\"lazy\" decoding=\"async\" class=\"alignnone wp-image-17302\" src=\"https:\/\/www.hydraulic-cylinders.net\/wp-content\/uploads\/2025\/03\/Zg-And-Hsg-Series-Hydraulic-Cylinders-For-Harvesting-Machinery-2.webp\" alt=\"\" width=\"500\" height=\"500\" \/><\/strong><\/h1>\n<h1 style=\"text-align: center;\"><strong>\u00a0<\/strong><\/h1>\n<p>Os cilindros hidr\u00e1ulicos da S\u00e9rie HSG s\u00e3o projetados especificamente para m\u00e1quinas de colheita, fornecendo a pot\u00eancia e a precis\u00e3o necess\u00e1rias para as opera\u00e7\u00f5es agr\u00edcolas modernas. Esses cilindros aumentam a efici\u00eancia de diversas tarefas de colheita, desde o levantamento e abaixamento de equipamentos at\u00e9 a manobra precisa de m\u00e1quinas. Projetada para suportar os rigores dos ambientes agr\u00edcolas, a S\u00e9rie HSG garante desempenho confi\u00e1vel e durabilidade, tornando-se um componente indispens\u00e1vel para qualquer opera\u00e7\u00e3o de colheita.<br \/>\nOs cilindros hidr\u00e1ulicos da s\u00e9rie HSG para m\u00e1quinas de colheita oferecem uma solu\u00e7\u00e3o potente e confi\u00e1vel para as necessidades da agricultura moderna. Com sua alta capacidade de carga, constru\u00e7\u00e3o robusta e tecnologia de veda\u00e7\u00e3o avan\u00e7ada, esses cilindros aprimoram o desempenho dos equipamentos de colheita. Seguindo as pr\u00e1ticas recomendadas de uso e manuten\u00e7\u00e3o, os operadores podem garantir o melhor desempenho de suas m\u00e1quinas, contribuindo para colheitas bem-sucedidas e maior produtividade no campo. Investir em cilindros hidr\u00e1ulicos da s\u00e9rie HSG significa escolher efici\u00eancia, durabilidade e precis\u00e3o para suas opera\u00e7\u00f5es agr\u00edcolas.<\/p>\n<h2><strong>Cilindros hidr\u00e1ulicos da s\u00e9rie HSG para m\u00e1quinas de constru\u00e7\u00e3o <\/strong><strong>Par\u00e2metros:<\/strong><\/h2>\n<h1 style=\"text-align: center;\"><strong><img loading=\"lazy\" decoding=\"async\" class=\"alignnone size-full wp-image-17300\" src=\"https:\/\/www.hydraulic-cylinders.net\/wp-content\/uploads\/2025\/03\/Zg-And-Hsg-Series-Hydraulic-Cylinders-For-Harvesting-Machinery-parameter.webp\" alt=\"\" width=\"2265\" height=\"607\" srcset=\"https:\/\/www.hydraulic-cylinders.net\/wp-content\/uploads\/2025\/03\/Zg-And-Hsg-Series-Hydraulic-Cylinders-For-Harvesting-Machinery-parameter.webp 2265w, https:\/\/www.hydraulic-cylinders.net\/wp-content\/uploads\/2025\/03\/Zg-And-Hsg-Series-Hydraulic-Cylinders-For-Harvesting-Machinery-parameter-1280x343.webp 1280w, https:\/\/www.hydraulic-cylinders.net\/wp-content\/uploads\/2025\/03\/Zg-And-Hsg-Series-Hydraulic-Cylinders-For-Harvesting-Machinery-parameter-980x263.webp 980w, https:\/\/www.hydraulic-cylinders.net\/wp-content\/uploads\/2025\/03\/Zg-And-Hsg-Series-Hydraulic-Cylinders-For-Harvesting-Machinery-parameter-480x129.webp 480w\" sizes=\"(min-width: 0px) and (max-width: 480px) 480px, (min-width: 481px) and (max-width: 980px) 980px, (min-width: 981px) and (max-width: 1280px) 1280px, (min-width: 1281px) 2265px, 100vw\" \/><\/strong><\/h1>\n<h2><strong>Cilindros hidr\u00e1ulicos da s\u00e9rie HSG para m\u00e1quinas de constru\u00e7\u00e3o <\/strong><strong> Principais caracter\u00edsticas:<\/strong><\/h2>\n<h4><strong>Manuseio de carga excepcional<\/strong><\/h4>\n<p>Os Cilindros Hidr\u00e1ulicos da S\u00e9rie HSG se destacam no manuseio de cargas pesadas, permitindo que m\u00e1quinas de colheita levantem e manobrem componentes substanciais com facilidade. Essa poderosa capacidade aumenta a efici\u00eancia operacional e permite que os operadores realizem tarefas com rapidez, maximizando a produtividade durante as temporadas de colheita mais movimentadas.<\/p>\n<h4><strong>Design robusto e resiliente<\/strong><\/h4>\n<p>Fabricados com materiais de alta qualidade, esses cilindros hidr\u00e1ulicos s\u00e3o projetados para suportar as condi\u00e7\u00f5es exigentes dos ambientes agr\u00edcolas. Seu design dur\u00e1vel minimiza o desgaste, garantindo desempenho de longa dura\u00e7\u00e3o e reduzindo as interrup\u00e7\u00f5es para manuten\u00e7\u00e3o. Essa confiabilidade mant\u00e9m as opera\u00e7\u00f5es funcionando sem problemas, permitindo que os agricultores se concentrem em seu trabalho sem tempo de inatividade desnecess\u00e1rio.<\/p>\n<h4><strong>Engenharia de Precis\u00e3o Superior<\/strong><\/h4>\n<p>Cada cilindro da S\u00e9rie HSG passa por processos de fabrica\u00e7\u00e3o meticulosos que garantem dimens\u00f5es precisas. Essa aten\u00e7\u00e3o aos detalhes otimiza o desempenho hidr\u00e1ulico, resultando em uma opera\u00e7\u00e3o mais suave e maior controle durante as tarefas de colheita. Os operadores se beneficiam de uma resposta mais r\u00e1pida, tornando as manobras complexas mais f\u00e1ceis e eficientes.<\/p>\n<h4><strong>Ampla compatibilidade<\/strong><\/h4>\n<p>Os cilindros da s\u00e9rie HSG foram projetados para se integrarem perfeitamente a uma ampla variedade de modelos de m\u00e1quinas agr\u00edcolas. Essa versatilidade facilita a adapta\u00e7\u00e3o dos operadores a diferentes aplica\u00e7\u00f5es agr\u00edcolas sem a necessidade de grandes modifica\u00e7\u00f5es. Tal compatibilidade simplifica as atualiza\u00e7\u00f5es e garante que o equipamento permane\u00e7a flex\u00edvel e eficaz em diversas tarefas.<\/p>\n<h4><strong>Preven\u00e7\u00e3o inovadora de vazamentos<\/strong><\/h4>\n<p>Com tecnologia de veda\u00e7\u00e3o avan\u00e7ada, esses cilindros hidr\u00e1ulicos minimizam significativamente o risco de vazamentos de fluido hidr\u00e1ulico. Essa inova\u00e7\u00e3o n\u00e3o s\u00f3 aumenta a efici\u00eancia, como tamb\u00e9m reduz os custos de manuten\u00e7\u00e3o, permitindo que os operadores se concentrem nas tarefas de colheita. Ao garantir um sistema hidr\u00e1ulico confi\u00e1vel, esses cilindros aprimoram a efic\u00e1cia operacional geral.<\/p>\n<p>Os cilindros hidr\u00e1ulicos da S\u00e9rie HSG destacam-se pela sua excepcional capacidade de carga, design robusto, precis\u00e3o superior, ampla compatibilidade e sistema inovador de preven\u00e7\u00e3o de vazamentos. Essas caracter\u00edsticas os tornam um recurso essencial para qualquer opera\u00e7\u00e3o de colheita, garantindo efici\u00eancia e confiabilidade no campo. Ao escolher os cilindros da S\u00e9rie HSG, os operadores investem em uma solu\u00e7\u00e3o que aumenta a produtividade e contribui para o sucesso das colheitas.<\/p>\n<h2><strong>Cilindros hidr\u00e1ulicos da s\u00e9rie HSG para m\u00e1quinas de constru\u00e7\u00e3o <\/strong><strong> Aplicativo:<\/strong><\/h2>\n<h1 style=\"text-align: center;\"><strong><img loading=\"lazy\" decoding=\"async\" class=\"alignnone size-full wp-image-17301\" src=\"https:\/\/www.hydraulic-cylinders.net\/wp-content\/uploads\/2025\/03\/Zg-And-Hsg-Series-Hydraulic-Cylinders-For-Harvesting-Machinery-1.webp\" alt=\"\" width=\"2481\" height=\"685\" srcset=\"https:\/\/www.hydraulic-cylinders.net\/wp-content\/uploads\/2025\/03\/Zg-And-Hsg-Series-Hydraulic-Cylinders-For-Harvesting-Machinery-1.webp 2481w, https:\/\/www.hydraulic-cylinders.net\/wp-content\/uploads\/2025\/03\/Zg-And-Hsg-Series-Hydraulic-Cylinders-For-Harvesting-Machinery-1-1280x353.webp 1280w, https:\/\/www.hydraulic-cylinders.net\/wp-content\/uploads\/2025\/03\/Zg-And-Hsg-Series-Hydraulic-Cylinders-For-Harvesting-Machinery-1-980x271.webp 980w, https:\/\/www.hydraulic-cylinders.net\/wp-content\/uploads\/2025\/03\/Zg-And-Hsg-Series-Hydraulic-Cylinders-For-Harvesting-Machinery-1-480x133.webp 480w\" sizes=\"(min-width: 0px) and (max-width: 480px) 480px, (min-width: 481px) and (max-width: 980px) 980px, (min-width: 981px) and (max-width: 1280px) 1280px, (min-width: 1281px) 2481px, 100vw\" \/><\/strong><\/h1>\n<h2><strong>Cilindros hidr\u00e1ulicos da s\u00e9rie HSG para m\u00e1quinas de constru\u00e7\u00e3o <\/strong><strong> M\u00e9todo de utiliza\u00e7\u00e3o:<\/strong><\/h2>\n<p>A utiliza\u00e7\u00e3o de cilindros hidr\u00e1ulicos da s\u00e9rie HSG \u00e9 um processo simples que melhora significativamente o desempenho das m\u00e1quinas de colheita. Siga estes passos para maximizar a sua efic\u00e1cia e garantir um funcionamento fi\u00e1vel:<\/p>\n<h4><strong>Instala\u00e7\u00e3o<\/strong><\/h4>\n<p>Comece fixando os cilindros hidr\u00e1ulicos na m\u00e1quina de colheita usando conex\u00f5es padr\u00e3o. Certifique-se de que todas as conex\u00f5es estejam bem apertadas, pois mesmo pequenos vazamentos podem causar problemas significativos de desempenho. Uma instala\u00e7\u00e3o bem-feita n\u00e3o s\u00f3 garante a seguran\u00e7a, como tamb\u00e9m prepara o terreno para o funcionamento hidr\u00e1ulico ideal. Verificar o trabalho duas vezes antes de prosseguir pode evitar dores de cabe\u00e7a futuras.<\/p>\n<h4><strong>Conex\u00e3o de linhas hidr\u00e1ulicas<\/strong><\/h4>\n<p>Em seguida, conecte as linhas hidr\u00e1ulicas aos cilindros, seguindo cuidadosamente o sentido correto do fluxo, conforme indicado no manual do equipamento. Conex\u00f5es adequadas s\u00e3o essenciais para obter o m\u00e1ximo desempenho hidr\u00e1ulico; configura\u00e7\u00f5es incorretas podem dificultar o fluxo do fluido e at\u00e9 mesmo danificar o sistema. Certifique-se de que as linhas estejam livres de dobras ou obstru\u00e7\u00f5es para facilitar o fluxo suave do fluido. Essa aten\u00e7\u00e3o aos detalhes garante que o sistema hidr\u00e1ulico opere com efici\u00eancia, permitindo uma opera\u00e7\u00e3o \u00e1gil e potente da m\u00e1quina.<\/p>\n<h4><strong>Opera\u00e7\u00e3o<\/strong><\/h4>\n<p>Ap\u00f3s a instala\u00e7\u00e3o e as conex\u00f5es estarem conclu\u00eddas, os operadores podem assumir o controle total dos movimentos da colheitadeira. O sistema hidr\u00e1ulico permite que os usu\u00e1rios levantem, abaixem e manobrem o equipamento com not\u00e1vel precis\u00e3o. Esse n\u00edvel de controle simplifica diversas tarefas, seja ajustar a altura dos implementos de corte ou navegar por espa\u00e7os apertados no campo. Com a S\u00e9rie HSG, os operadores podem executar manobras complexas com confian\u00e7a, resultando em maior efici\u00eancia e produtividade durante as \u00e9pocas de colheita mais intensas.<\/p>\n<h4><strong>Monitoramento de desempenho<\/strong><\/h4>\n<p>Monitorar regularmente o sistema hidr\u00e1ulico \u00e9 crucial para manter o desempenho ideal. Crie o h\u00e1bito de verificar frequentemente os n\u00edveis do fluido hidr\u00e1ulico e os man\u00f4metros. Manter-se dentro dos par\u00e2metros recomendados pelo fabricante ajuda a identificar problemas potenciais antes que se transformem em reparos dispendiosos. Essa abordagem proativa n\u00e3o s\u00f3 garante que a m\u00e1quina opere da melhor forma poss\u00edvel, como tamb\u00e9m prolonga a vida \u00fatil dos componentes hidr\u00e1ulicos. Ao acompanhar de perto o desempenho do sistema, os operadores podem manter um processo de colheita confi\u00e1vel e eficiente.<\/p>\n<p>Seguindo estes passos simples de instala\u00e7\u00e3o, conex\u00e3o das linhas hidr\u00e1ulicas, opera\u00e7\u00e3o e monitoramento de desempenho, os operadores podem explorar todo o potencial dos cilindros hidr\u00e1ulicos da S\u00e9rie HSG em suas colheitadeiras. Essa abordagem n\u00e3o s\u00f3 aumenta a produtividade, como tamb\u00e9m garante uma opera\u00e7\u00e3o confi\u00e1vel, resultando em colheitas mais eficientes. Adotar essas pr\u00e1ticas significa investir em uma experi\u00eancia de colheita mais tranquila e produtiva.<\/p>\n<h2><strong>Equipamento de teste:<\/strong><\/h2>\n<p><strong><img loading=\"lazy\" decoding=\"async\" class=\"alignnone size-full wp-image-17293\" src=\"https:\/\/www.hydraulic-cylinders.net\/wp-content\/uploads\/2025\/03\/test-equipment.webp-2.webp\" alt=\"\" width=\"1932\" height=\"1741\" srcset=\"https:\/\/www.hydraulic-cylinders.net\/wp-content\/uploads\/2025\/03\/test-equipment.webp-2.webp 1932w, https:\/\/www.hydraulic-cylinders.net\/wp-content\/uploads\/2025\/03\/test-equipment.webp-2-1280x1153.webp 1280w, https:\/\/www.hydraulic-cylinders.net\/wp-content\/uploads\/2025\/03\/test-equipment.webp-2-980x883.webp 980w, https:\/\/www.hydraulic-cylinders.net\/wp-content\/uploads\/2025\/03\/test-equipment.webp-2-480x433.webp 480w\" sizes=\"(min-width: 0px) and (max-width: 480px) 480px, (min-width: 481px) and (max-width: 980px) 980px, (min-width: 981px) and (max-width: 1280px) 1280px, (min-width: 1281px) 1932px, 100vw\" \/><\/strong><\/p>\n<ul>\n<li>1: C\u00e2mara de teste de n\u00e9voa salina<\/li>\n<li>2: An\u00e1lise Qu\u00edmica<\/li>\n<li>3: M\u00e1quina de ensaio de tra\u00e7\u00e3o<\/li>\n<li>4: Testador de dureza Rockwell<\/li>\n<li>5: M\u00e1quina de teste de limpeza<\/li>\n<li>6: Testador de dureza de rebote TH110<\/li>\n<li>7: Medidor de espessura de revestimento<\/li>\n<li>8: Teste de Impacto do P\u00eandulo<\/li>\n<\/ul>\n<p><img loading=\"lazy\" decoding=\"async\" class=\"alignnone size-full wp-image-17292\" src=\"https:\/\/www.hydraulic-cylinders.net\/wp-content\/uploads\/2025\/03\/test-equipment.webp-1.webp\" alt=\"\" width=\"1600\" height=\"1216\" srcset=\"https:\/\/www.hydraulic-cylinders.net\/wp-content\/uploads\/2025\/03\/test-equipment.webp-1.webp 1600w, https:\/\/www.hydraulic-cylinders.net\/wp-content\/uploads\/2025\/03\/test-equipment.webp-1-1280x973.webp 1280w, https:\/\/www.hydraulic-cylinders.net\/wp-content\/uploads\/2025\/03\/test-equipment.webp-1-980x745.webp 980w, https:\/\/www.hydraulic-cylinders.net\/wp-content\/uploads\/2025\/03\/test-equipment.webp-1-480x365.webp 480w\" sizes=\"(min-width: 0px) and (max-width: 480px) 480px, (min-width: 481px) and (max-width: 980px) 980px, (min-width: 981px) and (max-width: 1280px) 1280px, (min-width: 1281px) 1600px, 100vw\" \/><\/p>\n<p>Nossa empresa considera a qualidade a base do nosso sucesso. Para manter esse compromisso, investimos em equipamentos nacionais de teste e laborat\u00f3rio de \u00faltima gera\u00e7\u00e3o, apoiados por uma equipe de profissionais altamente qualificados em ci\u00eancia e tecnologia.<\/p>\n<p>Mantemos um rigoroso sistema de gest\u00e3o da qualidade em conformidade com os padr\u00f5es da ind\u00fastria, garantindo que cada lote de produtos que produzimos atenda aos mais altos crit\u00e9rios de qualidade. Padronizando nossas opera\u00e7\u00f5es e monitorando continuamente nossos processos, garantimos que nossos clientes recebam apenas o melhor.<\/p>\n<p>Essa dedica\u00e7\u00e3o inabal\u00e1vel \u00e0 qualidade n\u00e3o apenas aumenta a confiabilidade dos nossos produtos, mas tamb\u00e9m gera confian\u00e7a e satisfa\u00e7\u00e3o entre nossos clientes. Acreditamos que, ao priorizar a excel\u00eancia em todas as facetas da nossa produ\u00e7\u00e3o, contribu\u00edmos para o sucesso dos nossos parceiros e da ind\u00fastria como um todo. Juntos, buscamos inova\u00e7\u00e3o e qualidade que perdurem ao longo do tempo.<\/p>\n<h2><strong>Local de produ\u00e7\u00e3o de cilindros hidr\u00e1ulicos:<\/strong><\/h2>\n<p>Nossa empresa \u00e9 l\u00edder na fabrica\u00e7\u00e3o de cilindros hidr\u00e1ulicos, com o respaldo de nossa pr\u00f3pria capacidade independente de pesquisa, desenvolvimento e design. Com instala\u00e7\u00f5es de \u00faltima gera\u00e7\u00e3o que abrigam mais de 170 m\u00e1quinas-ferramentas gerais, m\u00e1quinas CNC, centros de usinagem, equipamentos de soldagem e ferramentas especializadas de teste e inspe\u00e7\u00e3o, estamos bem equipados para atender \u00e0s diversas demandas industriais.<\/p>\n<p>Ao longo de anos de experi\u00eancia tecnol\u00f3gica acumulada e aprimoramento de processos, estabelecemos um processo de produ\u00e7\u00e3o maduro que integra perfeitamente P&amp;D com a fabrica\u00e7\u00e3o. Essa integra\u00e7\u00e3o se tornou nossa principal vantagem competitiva, permitindo-nos projetar e produzir uma ampla gama de cilindros hidr\u00e1ulicos personalizados para atender \u00e0s necessidades espec\u00edficas dos clientes.<\/p>\n<p>Nossos produtos s\u00e3o amplamente utilizados em diversos setores, incluindo m\u00e1quinas agr\u00edcolas, equipamentos de constru\u00e7\u00e3o, ve\u00edculos, engenharia rodovi\u00e1ria e m\u00e1quinas especializadas. Temos orgulho de oferecer suporte a diversos fabricantes de equipamentos originais (OEMs), incluindo Bonong Xingda, Bojin Hummer, Jilin Ruifeng, Debang Dawei, Shandong Yineng Heavy Industry, Tai'an Modern Heavy Industry e Shifeng Group, entre outros.<\/p>\n<p><img loading=\"lazy\" decoding=\"async\" class=\"alignnone size-full wp-image-17290\" src=\"https:\/\/www.hydraulic-cylinders.net\/wp-content\/uploads\/2025\/03\/production-site-1.webp\" alt=\"\" width=\"1971\" height=\"2253\" srcset=\"https:\/\/www.hydraulic-cylinders.net\/wp-content\/uploads\/2025\/03\/production-site-1.webp 1971w, https:\/\/www.hydraulic-cylinders.net\/wp-content\/uploads\/2025\/03\/production-site-1-1280x1463.webp 1280w, https:\/\/www.hydraulic-cylinders.net\/wp-content\/uploads\/2025\/03\/production-site-1-980x1120.webp 980w, https:\/\/www.hydraulic-cylinders.net\/wp-content\/uploads\/2025\/03\/production-site-1-480x549.webp 480w\" sizes=\"(min-width: 0px) and (max-width: 480px) 480px, (min-width: 481px) and (max-width: 980px) 980px, (min-width: 981px) and (max-width: 1280px) 1280px, (min-width: 1281px) 1971px, 100vw\" \/><\/p>\n<p>Dedicamo-nos a fornecer um servi\u00e7o excepcional por meio de uma forte pol\u00edtica de qualidade que prioriza a inova\u00e7\u00e3o cont\u00ednua em pesquisa e desenvolvimento, gest\u00e3o, controle de qualidade e atendimento ao cliente. Nosso compromisso com a qualidade foi reconhecido com a certifica\u00e7\u00e3o ISO\/TS16949, que garante que n\u00e3o apenas atendemos, mas superamos consistentemente as expectativas de nossos clientes.<\/p>\n<p>Olhando para o futuro, continuaremos a aprimorar nossa tecnologia e ampliar nossas capacidades, sempre buscando oferecer produtos e servi\u00e7os da mais alta qualidade aos nossos clientes. Juntos, estamos construindo um legado de excel\u00eancia na ind\u00fastria de cilindros hidr\u00e1ulicos.<\/p>\n<p><strong>\u00a0<\/strong><\/p>","protected":false},"excerpt":{"rendered":"<p>HSG Series Hydraulic Cylinders For Harvesting Machinery \u00a0 The HSG Series Hydraulic Cylinders are engineered specifically for harvesting machinery, providing the power and precision necessary for modern agricultural operations. These cylinders enhance the efficiency of various harvesting tasks, from lifting and lowering equipment to precise maneuvering of machinery. Designed to withstand the rigors of agricultural [&hellip;]<\/p>","protected":false},"featured_media":17312,"comment_status":"open","ping_status":"closed","template":"","meta":{"_et_pb_use_builder":"","_et_pb_old_content":"","_et_gb_content_width":""},"product_brand":[],"product_cat":[1550,1528,1376],"product_tag":[],"class_list":{"0":"post-17316","1":"product","2":"type-product","3":"status-publish","4":"has-post-thumbnail","6":"product_cat-double-acting-hydraulic-cylinder","7":"product_cat-harvesting-machinery-hydraulic-cylinders","8":"product_cat-hydraulic-cylinder","10":"first","11":"instock","12":"shipping-taxable","13":"product-type-simple"},"amp_enabled":true,"_links":{"self":[{"href":"https:\/\/www.hydraulic-cylinders.net\/pt\/wp-json\/wp\/v2\/product\/17316","targetHints":{"allow":["GET"]}}],"collection":[{"href":"https:\/\/www.hydraulic-cylinders.net\/pt\/wp-json\/wp\/v2\/product"}],"about":[{"href":"https:\/\/www.hydraulic-cylinders.net\/pt\/wp-json\/wp\/v2\/types\/product"}],"replies":[{"embeddable":true,"href":"https:\/\/www.hydraulic-cylinders.net\/pt\/wp-json\/wp\/v2\/comments?post=17316"}],"wp:featuredmedia":[{"embeddable":true,"href":"https:\/\/www.hydraulic-cylinders.net\/pt\/wp-json\/wp\/v2\/media\/17312"}],"wp:attachment":[{"href":"https:\/\/www.hydraulic-cylinders.net\/pt\/wp-json\/wp\/v2\/media?parent=17316"}],"wp:term":[{"taxonomy":"product_brand","embeddable":true,"href":"https:\/\/www.hydraulic-cylinders.net\/pt\/wp-json\/wp\/v2\/product_brand?post=17316"},{"taxonomy":"product_cat","embeddable":true,"href":"https:\/\/www.hydraulic-cylinders.net\/pt\/wp-json\/wp\/v2\/product_cat?post=17316"},{"taxonomy":"product_tag","embeddable":true,"href":"https:\/\/www.hydraulic-cylinders.net\/pt\/wp-json\/wp\/v2\/product_tag?post=17316"}],"curies":[{"name":"wp","href":"https:\/\/api.w.org\/{rel}","templated":true}]}}