{"id":17554,"date":"2025-03-17T07:34:13","date_gmt":"2025-03-17T07:34:13","guid":{"rendered":"https:\/\/www.hydraulic-cylinders.net\/?post_type=product&#038;p=17554"},"modified":"2025-04-11T03:15:35","modified_gmt":"2025-04-11T03:15:35","slug":"side-shift-hydraulic-cylinders-for-small-forklift","status":"publish","type":"product","link":"https:\/\/www.hydraulic-cylinders.net\/pt\/produto\/side-shift-hydraulic-cylinders-for-small-forklift\/","title":{"rendered":"Cilindros hidr\u00e1ulicos com deslocamento lateral para empilhadeiras pequenas"},"content":{"rendered":"<h1 style=\"text-align: center;\"><strong>Cilindros hidr\u00e1ulicos com deslocamento lateral para empilhadeiras de pequeno porte.<\/strong><\/h1>\n<p><img loading=\"lazy\" decoding=\"async\" class=\"aligncenter wp-image-17556\" src=\"https:\/\/www.hydraulic-cylinders.net\/wp-content\/uploads\/2025\/03\/side-shift-hydraulic-cylinders-for-small-toongae-forklift.webp\" alt=\"Cilindro hidr\u00e1ulico de deslocamento lateral para empilhadeiras pequenas\" width=\"500\" height=\"500\" srcset=\"https:\/\/www.hydraulic-cylinders.net\/wp-content\/uploads\/2025\/03\/side-shift-hydraulic-cylinders-for-small-toongae-forklift.webp 500w, https:\/\/www.hydraulic-cylinders.net\/wp-content\/uploads\/2025\/03\/side-shift-hydraulic-cylinders-for-small-toongae-forklift-480x480.webp 480w\" sizes=\"(min-width: 0px) and (max-width: 480px) 480px, (min-width: 481px) 500px, 100vw\" \/><\/p>\n<p>Nossos cilindros hidr\u00e1ulicos de deslocamento lateral s\u00e3o projetados para proporcionar um posicionamento lateral preciso da carga, tornando-os ideais para empilhadeiras de pequeno porte que operam em espa\u00e7os confinados. Com um design robusto e f\u00e1cil instala\u00e7\u00e3o, esses cilindros aumentam a efici\u00eancia e a seguran\u00e7a nas tarefas de movimenta\u00e7\u00e3o de materiais.<\/p>\n<p><span class=\"break-words bg-yellow-50\">Os cilindros hidr\u00e1ulicos de deslocamento lateral s\u00e3o indispens\u00e1veis \u200b\u200bpara melhorar a funcionalidade e o desempenho de empilhadeiras de pequeno porte.<\/span>\u00a0<span class=\"break-words bg-yellow-50\">Essas pe\u00e7as especializadas facilitam a movimenta\u00e7\u00e3o horizontal de cargas, permitindo que os operadores posicionem as mercadorias com precis\u00e3o sem precisar reposicionar a pr\u00f3pria empilhadeira.<\/span>\u00a0<span class=\"break-words bg-yellow-50\">Essa capacidade \u00e9 especialmente vantajosa em espa\u00e7os reduzidos, simplificando as tarefas de movimenta\u00e7\u00e3o de materiais e aumentando a efici\u00eancia geral.<\/span><\/p>\n<p><span class=\"break-words bg-yellow-50\">Para empilhadeiras de pequeno porte, os cilindros hidr\u00e1ulicos com deslocamento lateral representam um avan\u00e7o significativo, aumentando consideravelmente a efici\u00eancia e a seguran\u00e7a.<\/span>\u00a0<span class=\"break-words bg-yellow-50\">Sua capacidade de garantir a coloca\u00e7\u00e3o precisa da carga e melhorar a manobrabilidade as torna um aprimoramento vital para qualquer sistema de empilhadeira.<\/span>\u00a0<span class=\"break-words\">Seguindo rotinas regulares de manuten\u00e7\u00e3o e pr\u00e1ticas operacionais adequadas, os usu\u00e1rios podem garantir que essas pe\u00e7as hidr\u00e1ulicas mantenham um desempenho est\u00e1vel e confi\u00e1vel, resultando em maior produtividade e menos interrup\u00e7\u00f5es.<\/span>\u00a0<span class=\"break-words\">Optar por cilindros hidr\u00e1ulicos com deslocamento lateral \u00e9 uma medida estrat\u00e9gica para otimizar as opera\u00e7\u00f5es da sua empilhadeira.<\/span><\/p>\n<h2><strong>S\u00e9rie de cilindros hidr\u00e1ulicos para empilhadeiras de pequeno porte:\u00a0<\/strong><\/h2>\n<h2><img loading=\"lazy\" decoding=\"async\" class=\"aligncenter wp-image-17558 size-full\" src=\"https:\/\/www.hydraulic-cylinders.net\/wp-content\/uploads\/2025\/03\/forklift-hydraulic-cylinder-construction.webp\" alt=\"cilindro hidr\u00e1ulico pequeno para empilhadeira\" width=\"640\" height=\"358\" srcset=\"https:\/\/www.hydraulic-cylinders.net\/wp-content\/uploads\/2025\/03\/forklift-hydraulic-cylinder-construction.webp 640w, https:\/\/www.hydraulic-cylinders.net\/wp-content\/uploads\/2025\/03\/forklift-hydraulic-cylinder-construction-480x269.webp 480w\" sizes=\"(min-width: 0px) and (max-width: 480px) 480px, (min-width: 481px) 640px, 100vw\" \/><\/h2>\n<h2><strong>Cilindros hidr\u00e1ulicos com deslocamento lateral para empilhadeiras pequenas <\/strong><strong>Especifica\u00e7\u00f5es t\u00e9cnicas<\/strong><strong>:<\/strong><\/h2>\n<p><strong>Fun\u00e7\u00e3o:<\/strong> Utilizado para realizar o movimento geral da forquilha para a esquerda e para a direita<br \/>\n<strong>Di\u00e2metro do cilindro:<\/strong> 50 mm<br \/>\n<strong>Di\u00e2metro da haste:<\/strong> 25 mm<br \/>\n<strong>Viagem:<\/strong> 200 mm<br \/>\n<strong>Press\u00e3o m\u00e1xima em MPa:<\/strong> 17,5MPa<br \/>\n<strong>Empuxo m\u00e1ximo em kN:<\/strong> 34 kN<\/p>\n<h2><strong>Principais caracter\u00edsticas do <\/strong><strong>Cilindros hidr\u00e1ulicos com deslocamento lateral para empilhadeiras pequenas<\/strong><strong>:<\/strong><\/h2>\n<h3><strong>1. Controle de Precis\u00e3o<\/strong><\/h3>\n<p><strong>Conte\u00fado expandido<\/strong>:<br \/>\nNossos cilindros hidr\u00e1ulicos para empilhadeiras s\u00e3o projetados para oferecer o m\u00e1ximo desempenho. <strong>precis\u00e3o milim\u00e9trica<\/strong>\u00a0no posicionamento de cargas. Seja trabalhando em corredores estreitos de armaz\u00e9ns ou em canteiros de obras confinados, esses cilindros permitem que os operadores\u00a0<strong>ajustar cargas lateralmente<\/strong>\u00a0sem a necessidade de reposicionar toda a empilhadeira. Essa funcionalidade n\u00e3o s\u00f3 economiza tempo, como tamb\u00e9m minimiza o risco de danos ao produto causados \u200b\u200bpor movimentos desnecess\u00e1rios. Com controles suaves e responsivos, os operadores podem alcan\u00e7ar\u00a0<strong>precis\u00e3o em n\u00edvel milim\u00e9trico<\/strong>, garantindo que cada carga seja colocada exatamente onde precisa estar.<\/p>\n<h3><strong>2. Constru\u00e7\u00e3o Dur\u00e1vel<\/strong><\/h3>\n<p><strong>Conte\u00fado expandido<\/strong>:<br \/>\nProjetados para suportar as condi\u00e7\u00f5es de trabalho mais exigentes, nossos cilindros hidr\u00e1ulicos de deslocamento lateral s\u00e3o fabricados com...\u00a0<strong>materiais de alta qualidade<\/strong>, incluindo a\u00e7o refor\u00e7ado e revestimentos resistentes \u00e0 corros\u00e3o. Cada cilindro passa por testes rigorosos para garantir sua capacidade de suportar\u00a0<strong>cargas pesadas<\/strong>\u00a0e\u00a0<strong>uso frequente<\/strong>\u00a0sem comprometer o desempenho. O design robusto garante um\u00a0<strong>longa vida \u00fatil<\/strong>, mesmo em ambientes exigentes como canteiros de obras ou instala\u00e7\u00f5es de produ\u00e7\u00e3o.<\/p>\n<h3><strong>3. F\u00e1cil instala\u00e7\u00e3o<\/strong><\/h3>\n<p><strong>Conte\u00fado expandido<\/strong>:<br \/>\nProjetados pensando na conveni\u00eancia do usu\u00e1rio, nossos cilindros hidr\u00e1ulicos de deslocamento lateral s\u00e3o\u00a0<strong>totalmente compat\u00edvel<\/strong> com empilhadeiras pequenas. O processo de instala\u00e7\u00e3o \u00e9 simples, exigindo <strong>ferramentas m\u00ednimas e tempo de inatividade reduzido<\/strong>Instru\u00e7\u00f5es detalhadas e pontos de montagem pr\u00e9-perfurados facilitam a instala\u00e7\u00e3o r\u00e1pida dos cilindros pelos t\u00e9cnicos, garantindo que sua empilhadeira volte a operar em pouco tempo. Al\u00e9m disso, nossos cilindros hidr\u00e1ulicos para empilhadeiras s\u00e3o projetados para se integrarem perfeitamente aos sistemas hidr\u00e1ulicos existentes, eliminando a necessidade de modifica\u00e7\u00f5es dispendiosas.<\/p>\n<h3><strong>4. Recursos de seguran\u00e7a<\/strong><\/h3>\n<p><strong>Conte\u00fado expandido<\/strong>:<br \/>\nA seguran\u00e7a \u00e9 uma prioridade m\u00e1xima na movimenta\u00e7\u00e3o de materiais, e nossos cilindros hidr\u00e1ulicos de deslocamento lateral s\u00e3o projetados para aprimorar tanto a seguran\u00e7a quanto o desempenho.\u00a0<strong>seguran\u00e7a do operador<\/strong>\u00a0e\u00a0<strong>efici\u00eancia no local de trabalho<\/strong>Ao permitir movimentos laterais precisos, esses cilindros reduzem a necessidade de manobras arriscadas em espa\u00e7os confinados, diminuindo significativamente o risco de acidentes. O design ergon\u00f4mico tamb\u00e9m minimiza...\u00a0<strong>fadiga do operador<\/strong>, permitindo turnos mais longos e produtivos. Al\u00e9m disso, os cilindros est\u00e3o equipados com\u00a0<strong>v\u00e1lvulas de seguran\u00e7a<\/strong>\u00a0Para evitar sobrecargas e garantir o funcionamento est\u00e1vel sob cargas pesadas.<\/p>\n<h3><strong>5. Custo-benef\u00edcio<\/strong><\/h3>\n<p><strong>Conte\u00fado expandido<\/strong>:<br \/>\nNossos cilindros hidr\u00e1ulicos de deslocamento lateral s\u00e3o projetados para serem\u00a0<strong>baixa manuten\u00e7\u00e3o<\/strong>\u00a0e\u00a0<strong>altamente confi\u00e1vel<\/strong>, ajudando voc\u00ea a economizar em custos operacionais ao longo do tempo. O uso de materiais de alta qualidade e t\u00e9cnicas avan\u00e7adas de fabrica\u00e7\u00e3o garante que os cilindros atendam aos requisitos\u00a0<strong>manuten\u00e7\u00e3o m\u00ednima<\/strong>, enquanto sua durabilidade reduz a frequ\u00eancia de substitui\u00e7\u00f5es. Al\u00e9m disso, a maior efici\u00eancia e precis\u00e3o que proporcionam podem levar a\u00a0<strong>economia de custos significativa<\/strong>\u00a0em m\u00e3o de obra e movimenta\u00e7\u00e3o de materiais. Ao investir em nossos cilindros, voc\u00ea n\u00e3o est\u00e1 apenas comprando um produto \u2014 voc\u00ea est\u00e1 investindo em\u00a0<strong>efici\u00eancia operacional a longo prazo<\/strong>.<\/p>\n<h2><strong>Cilindros hidr\u00e1ulicos com deslocamento lateral para empilhadeiras pequenas <\/strong><strong>Casos de uso:<\/strong><\/h2>\n<p><img loading=\"lazy\" decoding=\"async\" class=\"alignnone wp-image-17572 size-full\" src=\"https:\/\/www.hydraulic-cylinders.net\/wp-content\/uploads\/2025\/03\/Side-shift-cylinder-in-action-on-a-small-Toongae-forklift.webp\" alt=\"Cilindro de deslocamento lateral em a\u00e7\u00e3o em uma pequena empilhadeira.\" width=\"2320\" height=\"1340\" srcset=\"https:\/\/www.hydraulic-cylinders.net\/wp-content\/uploads\/2025\/03\/Side-shift-cylinder-in-action-on-a-small-Toongae-forklift.webp 2320w, https:\/\/www.hydraulic-cylinders.net\/wp-content\/uploads\/2025\/03\/Side-shift-cylinder-in-action-on-a-small-Toongae-forklift-1280x739.webp 1280w, https:\/\/www.hydraulic-cylinders.net\/wp-content\/uploads\/2025\/03\/Side-shift-cylinder-in-action-on-a-small-Toongae-forklift-980x566.webp 980w, https:\/\/www.hydraulic-cylinders.net\/wp-content\/uploads\/2025\/03\/Side-shift-cylinder-in-action-on-a-small-Toongae-forklift-480x277.webp 480w\" sizes=\"(min-width: 0px) and (max-width: 480px) 480px, (min-width: 481px) and (max-width: 980px) 980px, (min-width: 981px) and (max-width: 1280px) 1280px, (min-width: 1281px) 2320px, 100vw\" \/><\/p>\n<ul>\n<li><strong>Armazenagem<\/strong>Ideal para corredores estreitos e armazenamento de alta densidade.<\/li>\n<li><strong>Constru\u00e7\u00e3o<\/strong>Ideal para posicionamento preciso de materiais em canteiros de obras.<\/li>\n<li><strong>Fabrica\u00e7\u00e3o<\/strong>Aumenta a efici\u00eancia nas opera\u00e7\u00f5es da linha de montagem.<\/li>\n<\/ul>\n<h3><strong>Como funcionam os cilindros hidr\u00e1ulicos de deslocamento lateral?<\/strong><\/h3>\n<p>Os cilindros hidr\u00e1ulicos de deslocamento lateral operam utilizando <strong>press\u00e3o hidr\u00e1ulica<\/strong>\u00a0Para mover o carro da empilhadeira lateralmente. Quando o operador aciona a alavanca de controle, o fluido hidr\u00e1ulico \u00e9 bombeado para o cilindro, empurrando o pist\u00e3o e fazendo com que o carro se desloque para a esquerda ou para a direita. Esse movimento lateral permite\u00a0<strong>posicionamento preciso da carga<\/strong>\u00a0sem necessidade de reposicionar toda a empilhadeira. O sistema foi projetado para ser\u00a0<strong>suave e responsivo<\/strong>, garantindo o m\u00ednimo esfor\u00e7o do operador e maximizando a precis\u00e3o.<\/p>\n<p><strong>Componentes principais<\/strong>:<\/p>\n<ul>\n<li><strong>Cilindro Cano<\/strong>: Abriga o pist\u00e3o e o fluido hidr\u00e1ulico.<\/li>\n<li><strong>Biela do Pist\u00e3o<\/strong>Transmite for\u00e7a para mover o carro.<\/li>\n<li><strong>Veda\u00e7\u00f5es hidr\u00e1ulicas<\/strong>Prevenir vazamentos de fluidos e garantir o funcionamento eficiente.<\/li>\n<li><strong>V\u00e1lvula de controle<\/strong>Regula o fluxo de fluido hidr\u00e1ulico para movimentos precisos.<\/li>\n<\/ul>\n<h2><strong>\u00c1rea de produ\u00e7\u00e3o de cilindros para empilhadeiras:<\/strong><\/h2>\n<h2><img loading=\"lazy\" decoding=\"async\" class=\"alignnone size-full wp-image-16972\" src=\"https:\/\/www.hydraulic-cylinders.net\/wp-content\/uploads\/2025\/01\/hydraulic-cylinder-factory-1-scaled.webp\" alt=\"\" width=\"2016\" height=\"2560\" srcset=\"https:\/\/www.hydraulic-cylinders.net\/wp-content\/uploads\/2025\/01\/hydraulic-cylinder-factory-1-scaled.webp 2016w, https:\/\/www.hydraulic-cylinders.net\/wp-content\/uploads\/2025\/01\/hydraulic-cylinder-factory-1-1280x1625.webp 1280w, https:\/\/www.hydraulic-cylinders.net\/wp-content\/uploads\/2025\/01\/hydraulic-cylinder-factory-1-980x1244.webp 980w, https:\/\/www.hydraulic-cylinders.net\/wp-content\/uploads\/2025\/01\/hydraulic-cylinder-factory-1-480x610.webp 480w\" sizes=\"(min-width: 0px) and (max-width: 480px) 480px, (min-width: 481px) and (max-width: 980px) 980px, (min-width: 981px) and (max-width: 1280px) 1280px, (min-width: 1281px) 2016px, 100vw\" \/><\/h2>\n<p>Contamos com uma plataforma independente de P&amp;D de primeira classe para montagem. A oficina de produ\u00e7\u00e3o de cilindros para empilhadeiras conta com quatro linhas de montagem de cilindros de eleva\u00e7\u00e3o semiautom\u00e1ticas e uma linha de montagem de cilindros basculantes totalmente autom\u00e1tica, com capacidade de produ\u00e7\u00e3o anual projetada de milh\u00f5es de pe\u00e7as. A oficina de cilindros especiais conta com sistemas de limpeza e montagem semiautom\u00e1ticos de diversas especifica\u00e7\u00f5es, com capacidade de produ\u00e7\u00e3o anual projetada de 200.000 pe\u00e7as. Equipada com equipamentos de usinagem CNC de marcas renomadas, centros de usinagem, equipamentos especiais para processamento de cilindros de alta precis\u00e3o, m\u00e1quinas de solda rob\u00f3tica, m\u00e1quinas de limpeza autom\u00e1tica, m\u00e1quinas de montagem autom\u00e1tica de cilindros e linhas de produ\u00e7\u00e3o autom\u00e1tica de tinta. Contamos com mais de 300 conjuntos de equipamentos essenciais em opera\u00e7\u00e3o. A aloca\u00e7\u00e3o otimizada e a utiliza\u00e7\u00e3o eficiente dos recursos dos equipamentos garantem os requisitos de precis\u00e3o dos produtos e atendem aos altos padr\u00f5es de qualidade dos produtos.<\/p>\n<p>A oficina de usinagem \u00e9 equipada com centros de torneamento de trilhos de inclina\u00e7\u00e3o personalizados, centros de usinagem, m\u00e1quinas de brunimento de alta velocidade, rob\u00f4s de soldagem e outros equipamentos relevantes, que podem lidar com o trabalho de usinagem de tubos cil\u00edndricos com ID m\u00e1ximo de 400 mm e 6 metros de comprimento m\u00e1ximo.<\/p>\n<h2><img loading=\"lazy\" decoding=\"async\" class=\"alignnone size-full wp-image-16973\" src=\"https:\/\/www.hydraulic-cylinders.net\/wp-content\/uploads\/2025\/01\/hydraulic-cylinder-factory-2-scaled.webp\" alt=\"\" width=\"2011\" height=\"2560\" srcset=\"https:\/\/www.hydraulic-cylinders.net\/wp-content\/uploads\/2025\/01\/hydraulic-cylinder-factory-2-scaled.webp 2011w, https:\/\/www.hydraulic-cylinders.net\/wp-content\/uploads\/2025\/01\/hydraulic-cylinder-factory-2-1280x1629.webp 1280w, https:\/\/www.hydraulic-cylinders.net\/wp-content\/uploads\/2025\/01\/hydraulic-cylinder-factory-2-980x1248.webp 980w, https:\/\/www.hydraulic-cylinders.net\/wp-content\/uploads\/2025\/01\/hydraulic-cylinder-factory-2-480x611.webp 480w\" sizes=\"(min-width: 0px) and (max-width: 480px) 480px, (min-width: 481px) and (max-width: 980px) 980px, (min-width: 981px) and (max-width: 1280px) 1280px, (min-width: 1281px) 2011px, 100vw\" \/><\/h2>\n<p>Possu\u00edmos uma linha de revestimento de tinta \u00e0 base de \u00e1gua totalmente autom\u00e1tica para cilindros de pequeno e m\u00e9dio porte, que realiza carregamento e descarregamento autom\u00e1ticos e rob\u00f4s de pulveriza\u00e7\u00e3o autom\u00e1tica, com capacidade de produ\u00e7\u00e3o projetada de 4.000 unidades por turno. Temos outra linha de pintura semiautom\u00e1tica para cilindros de grande porte, acionada por corrente de transmiss\u00e3o, com capacidade projetada de 60 engradados por turno.<\/p>\n<p>Para melhorar ainda mais o desempenho do produto e estabelecer a posi\u00e7\u00e3o de lideran\u00e7a de nossos cilindros hidr\u00e1ulicos no setor, nossa empresa e a zjimee estabeleceram em conjunto um laborat\u00f3rio de desempenho abrangente de cilindros hidr\u00e1ulicos, v\u00e1lvulas hidr\u00e1ulicas e bombas hidr\u00e1ulicas; o laborat\u00f3rio realiza testes assistidos por computador usando tecnologia eletro-hidr\u00e1ulica, as condi\u00e7\u00f5es de teste s\u00e3o predefinidas por um computador, o que melhora a precis\u00e3o do teste e a versatilidade do sistema, al\u00e9m dos dados experimentais.<\/p>\n<p>A coleta autom\u00e1tica \u00e9 realizada por meio da aplica\u00e7\u00e3o de sensores, e os dados de sa\u00edda, como vazamento interno e efici\u00eancia de carga do cilindro ou do cilindro, s\u00e3o processados \u200b\u200bdiretamente pelo computador e convertidos para unidades padr\u00e3o (ml\/min%). Ao mesmo tempo, para garantir a seguran\u00e7a operacional do sistema hidr\u00e1ulico, a fun\u00e7\u00e3o de monitoramento do estado \u00e9 realizada para par\u00e2metros-chave de desempenho, como \"monitoramento da temperatura do \u00f3leo, monitoramento do n\u00edvel do l\u00edquido, monitoramento do dispositivo de filtragem\", etc. Entre eles, a bancada de teste do cilindro hidr\u00e1ulico pode testar o desempenho da \"carga\".<br \/>\nefici\u00eancia \"e\" vazamento interno \"por meio de leituras. Ao mesmo tempo, \u00e9 equipado com um instrumento de medi\u00e7\u00e3o de r\u00e9gua de grade que atende aos requisitos de todos os itens de teste de produtos de cilindros hidr\u00e1ulicos de acordo com a norma nacional.<\/p>\n<h3><strong>Se\u00e7\u00e3o de perguntas frequentes:<\/strong><\/h3>\n<p><strong>P: Esses cilindros s\u00e3o compat\u00edveis com todos os modelos de empilhadeira?<\/strong><br \/>\nA: Sim, elas s\u00e3o projetadas especificamente para empilhadeiras pequenas. Por favor, verifique o n\u00famero do modelo para garantir a compatibilidade.<\/p>\n<p><strong>P: Qual \u00e9 o per\u00edodo de garantia?<\/strong><br \/>\nA: Oferecemos 2 anos de garantia em todos os cilindros hidr\u00e1ulicos de deslocamento lateral.<\/p>\n<p><strong>P: Posso instalar o cilindro sozinho?<\/strong><br \/>\nR: Sim, os cilindros v\u00eam com um guia de instala\u00e7\u00e3o f\u00e1cil de seguir. No entanto, a instala\u00e7\u00e3o profissional \u00e9 recomendada para um desempenho ideal.<\/p>","protected":false},"excerpt":{"rendered":"<p>Side Shift Hydraulic Cylinders For Small Forklifts Our side shift hydraulic cylinders are engineered to provide precise lateral load positioning, making them ideal for small forklifts operating in confined spaces. With a robust design and easy installation, these cylinders enhance efficiency and safety in material handling tasks. Side shift hydraulic cylinders are indispensable for enhancing [&hellip;]<\/p>","protected":false},"featured_media":17557,"comment_status":"open","ping_status":"closed","template":"","meta":{"_et_pb_use_builder":"","_et_pb_old_content":"","_et_gb_content_width":""},"product_brand":[],"product_cat":[1484,1550],"product_tag":[],"class_list":{"0":"post-17554","1":"product","2":"type-product","3":"status-publish","4":"has-post-thumbnail","6":"product_cat-forklift-hydraulic-cylinders","7":"product_cat-double-acting-hydraulic-cylinder","9":"first","10":"instock","11":"shipping-taxable","12":"product-type-simple"},"amp_enabled":true,"_links":{"self":[{"href":"https:\/\/www.hydraulic-cylinders.net\/pt\/wp-json\/wp\/v2\/product\/17554","targetHints":{"allow":["GET"]}}],"collection":[{"href":"https:\/\/www.hydraulic-cylinders.net\/pt\/wp-json\/wp\/v2\/product"}],"about":[{"href":"https:\/\/www.hydraulic-cylinders.net\/pt\/wp-json\/wp\/v2\/types\/product"}],"replies":[{"embeddable":true,"href":"https:\/\/www.hydraulic-cylinders.net\/pt\/wp-json\/wp\/v2\/comments?post=17554"}],"wp:featuredmedia":[{"embeddable":true,"href":"https:\/\/www.hydraulic-cylinders.net\/pt\/wp-json\/wp\/v2\/media\/17557"}],"wp:attachment":[{"href":"https:\/\/www.hydraulic-cylinders.net\/pt\/wp-json\/wp\/v2\/media?parent=17554"}],"wp:term":[{"taxonomy":"product_brand","embeddable":true,"href":"https:\/\/www.hydraulic-cylinders.net\/pt\/wp-json\/wp\/v2\/product_brand?post=17554"},{"taxonomy":"product_cat","embeddable":true,"href":"https:\/\/www.hydraulic-cylinders.net\/pt\/wp-json\/wp\/v2\/product_cat?post=17554"},{"taxonomy":"product_tag","embeddable":true,"href":"https:\/\/www.hydraulic-cylinders.net\/pt\/wp-json\/wp\/v2\/product_tag?post=17554"}],"curies":[{"name":"wp","href":"https:\/\/api.w.org\/{rel}","templated":true}]}}