{"id":17579,"date":"2025-03-18T05:32:03","date_gmt":"2025-03-18T05:32:03","guid":{"rendered":"https:\/\/www.hydraulic-cylinders.net\/?post_type=product&#038;p=17579"},"modified":"2025-04-11T03:15:32","modified_gmt":"2025-04-11T03:15:32","slug":"side-shift-hydraulic-cylinders-large-forklift","status":"publish","type":"product","link":"https:\/\/www.hydraulic-cylinders.net\/pt\/produto\/side-shift-hydraulic-cylinders-large-forklift\/","title":{"rendered":"Cilindros hidr\u00e1ulicos com deslocamento lateral para empilhadeiras de grande porte"},"content":{"rendered":"<h1 style=\"text-align: center;\"><strong>Cilindros hidr\u00e1ulicos com deslocamento lateral para empilhadeiras de grande porte<\/strong><\/h1>\n<p>Procuro algu\u00e9m confi\u00e1vel e eficiente.\u00a0<strong>Cilindros hidr\u00e1ulicos com deslocamento lateral para empilhadeiras de grande porte.<\/strong>? Nosso alto desempenho\u00a0<strong>Cilindros hidr\u00e1ulicos para deslocamento lateral de empilhadeiras<\/strong>\u00a0S\u00e3o projetadas para atender \u00e0s demandas de empilhadeiras compactas, oferecendo deslocamento lateral preciso para maior manobrabilidade em espa\u00e7os apertados. Constru\u00eddas com\u00a0<strong>constru\u00e7\u00e3o dur\u00e1vel<\/strong>Esses cilindros garantem um desempenho duradouro mesmo nas condi\u00e7\u00f5es de trabalho mais dif\u00edceis.<\/p>\n<p>Se voc\u00ea precisar\u00a0<strong>Cilindros de deslocamento lateral para empilhadeiras compactas<\/strong>\u00a0Para opera\u00e7\u00f5es de baixa exig\u00eancia ou solu\u00e7\u00f5es acess\u00edveis para sua frota, nossos produtos s\u00e3o\u00a0<strong>F\u00e1cil de instalar e manter.<\/strong>, reduzindo significativamente o tempo de inatividade e aumentando a produtividade. Escolha entre as op\u00e7\u00f5es\u00a0<strong>Melhores cilindros hidr\u00e1ulicos para empilhadeiras de grande porte<\/strong>\u00a0que combinam qualidade, durabilidade e pre\u00e7o acess\u00edvel.<\/p>\n<p>Atualize sua empilhadeira hoje mesmo com nossos produtos.\u00a0<strong>Cilindros hidr\u00e1ulicos de deslocamento lateral dur\u00e1veis \u200b\u200bpara empilhadeiras leves.<\/strong>\u00a0e experimente efici\u00eancia e confiabilidade incompar\u00e1veis!<\/p>\n<h1 style=\"text-align: center;\"><img loading=\"lazy\" decoding=\"async\" class=\"alignnone wp-image-17586\" src=\"https:\/\/www.hydraulic-cylinders.net\/wp-content\/uploads\/2025\/03\/Side-shift-hydraulic-cylinders-for-large-forklift-1.webp\" alt=\"Cilindro hidr\u00e1ulico com deslocamento lateral para empilhadeira pequena\" width=\"500\" height=\"500\" srcset=\"https:\/\/www.hydraulic-cylinders.net\/wp-content\/uploads\/2025\/03\/Side-shift-hydraulic-cylinders-for-large-forklift-1.webp 500w, https:\/\/www.hydraulic-cylinders.net\/wp-content\/uploads\/2025\/03\/Side-shift-hydraulic-cylinders-for-large-forklift-1-480x480.webp 480w\" sizes=\"(min-width: 0px) and (max-width: 480px) 480px, (min-width: 481px) 500px, 100vw\" \/><\/h1>\n<p style=\"text-align: center;\"><strong>Cilindro de deslocamento lateral para empilhadeira de grande porte<\/strong><\/p>\n<h2><strong>Cilindros hidr\u00e1ulicos com deslocamento lateral para empilhadeiras de grande porte <\/strong><strong>Especifica\u00e7\u00f5es t\u00e9cnicas<\/strong><strong>:<\/strong><\/h2>\n<p><strong>Fun\u00e7\u00e3o:<\/strong> Utilizado para realizar o movimento geral da forquilha para a esquerda e para a direita<br \/>\n<strong>Di\u00e2metro do cilindro:<\/strong> 70 mm - 120 mm<br \/>\n<strong>Di\u00e2metro da haste:<\/strong> 30 mm - 60 mm<br \/>\n<strong>Viagem:<\/strong> 300 mm - 1025 mm<br \/>\n<strong>Press\u00e3o m\u00e1xima:<\/strong> 21MPa<br \/>\n<strong>Impulso m\u00e1ximo:<\/strong> 238 kN<\/p>\n<h2><strong>S\u00e9rie de cilindros hidr\u00e1ulicos para empilhadeiras de grande porte:\u00a0<\/strong><\/h2>\n<h2><img loading=\"lazy\" decoding=\"async\" class=\"alignnone size-full wp-image-17582\" src=\"https:\/\/www.hydraulic-cylinders.net\/wp-content\/uploads\/2025\/03\/large-forklift-hydraulic-cylinder-construction.webp\" alt=\"\" width=\"1100\" height=\"615\" srcset=\"https:\/\/www.hydraulic-cylinders.net\/wp-content\/uploads\/2025\/03\/large-forklift-hydraulic-cylinder-construction.webp 1100w, https:\/\/www.hydraulic-cylinders.net\/wp-content\/uploads\/2025\/03\/large-forklift-hydraulic-cylinder-construction-980x548.webp 980w, https:\/\/www.hydraulic-cylinders.net\/wp-content\/uploads\/2025\/03\/large-forklift-hydraulic-cylinder-construction-480x268.webp 480w\" sizes=\"(min-width: 0px) and (max-width: 480px) 480px, (min-width: 481px) and (max-width: 980px) 980px, (min-width: 981px) 1100px, 100vw\" \/><\/h2>\n<h2><strong>Principais caracter\u00edsticas do\u00a0<\/strong><strong>Cilindros hidr\u00e1ulicos de deslocamento lateral para <\/strong><strong>Grande <\/strong><strong>Empilhadeira<\/strong><strong>:<\/strong><\/h2>\n<p>Nosso\u00a0<strong>Cilindros hidr\u00e1ulicos com deslocamento lateral para empilhadeiras de grande porte.<\/strong>\u00a0S\u00e3o projetados para oferecer desempenho e confiabilidade excepcionais nos ambientes industriais mais exigentes. Veja o que os diferencia:<\/p>\n<ul>\n<li><strong>Deslocamento lateral preciso<\/strong>Projetados especificamente para empilhadeiras de grande porte, esses cilindros proporcionam deslocamento lateral preciso e suave, melhorando a manobrabilidade e a efici\u00eancia em opera\u00e7\u00f5es pesadas.<\/li>\n<li><strong>Constru\u00e7\u00e3o dur\u00e1vel<\/strong>:Constru\u00eddos com materiais de alta qualidade, nossos\u00a0<strong>Cilindros hidr\u00e1ulicos para empilhadeiras grandes com deslocamento lateral<\/strong>\u00a0S\u00e3o projetados para suportar condi\u00e7\u00f5es extremas, garantindo desempenho duradouro e desgaste m\u00ednimo.<\/li>\n<li><strong>F\u00e1cil instala\u00e7\u00e3o e manuten\u00e7\u00e3o<\/strong>Com um design f\u00e1cil de usar, estes\u00a0<strong>Cilindros de deslocamento lateral para empilhadeiras de servi\u00e7o pesado<\/strong>\u00a0S\u00e3o r\u00e1pidas de instalar e f\u00e1ceis de manter, reduzindo o tempo de inatividade e maximizando a produtividade.<\/li>\n<li><strong>Otimizado para uso pesado<\/strong>Projetados especificamente para empilhadeiras de grande porte, esses cilindros s\u00e3o perfeitos para aplica\u00e7\u00f5es industriais, oferecendo resist\u00eancia e confiabilidade incompar\u00e1veis.<\/li>\n<li><strong>Solu\u00e7\u00e3o econ\u00f4mica<\/strong>Como um dos mais\u00a0<strong>Cilindros de deslocamento lateral acess\u00edveis para empilhadeiras de servi\u00e7o pesado<\/strong>Nossos produtos oferecem um valor excepcional sem comprometer a qualidade.<\/li>\n<\/ul>\n<p>Aprimore sua empilhadeira grande com nossos produtos.\u00a0<strong>Cilindros hidr\u00e1ulicos com deslocamento lateral para empilhadeiras de grande porte.<\/strong>\u00a0e experimente desempenho, durabilidade e facilidade de uso superiores!<\/p>\n<h2><strong>Casos de uso: Cilindros hidr\u00e1ulicos com deslocamento lateral para empilhadeiras de grande porte:<\/strong><\/h2>\n<p>Nosso\u00a0<strong>Cilindros hidr\u00e1ulicos com deslocamento lateral para empilhadeiras de grande porte.<\/strong>\u00a0S\u00e3o projetados para atender \u00e0s demandas de aplica\u00e7\u00f5es industriais pesadas. Aqui est\u00e3o alguns exemplos de uso importantes em que esses cilindros se destacam:<\/p>\n<h3><strong>1. Opera\u00e7\u00f5es de Armaz\u00e9m<\/strong><\/h3>\n<p><img loading=\"lazy\" decoding=\"async\" class=\"alignnone size-full wp-image-17583\" src=\"https:\/\/www.hydraulic-cylinders.net\/wp-content\/uploads\/2025\/03\/heavy-duty-forklift-side-shift-cylinder-application.webp\" alt=\"Cilindro hidr\u00e1ulico com deslocamento lateral para empilhadeira de grande porte em armaz\u00e9m.\" width=\"2320\" height=\"1340\" srcset=\"https:\/\/www.hydraulic-cylinders.net\/wp-content\/uploads\/2025\/03\/heavy-duty-forklift-side-shift-cylinder-application.webp 2320w, https:\/\/www.hydraulic-cylinders.net\/wp-content\/uploads\/2025\/03\/heavy-duty-forklift-side-shift-cylinder-application-1280x739.webp 1280w, https:\/\/www.hydraulic-cylinders.net\/wp-content\/uploads\/2025\/03\/heavy-duty-forklift-side-shift-cylinder-application-980x566.webp 980w, https:\/\/www.hydraulic-cylinders.net\/wp-content\/uploads\/2025\/03\/heavy-duty-forklift-side-shift-cylinder-application-480x277.webp 480w\" sizes=\"(min-width: 0px) and (max-width: 480px) 480px, (min-width: 481px) and (max-width: 980px) 980px, (min-width: 981px) and (max-width: 1280px) 1280px, (min-width: 1281px) 2320px, 100vw\" \/><\/p>\n<ul>\n<li><strong>Deslocamento lateral preciso<\/strong>Em armaz\u00e9ns movimentados, nossos\u00a0<strong>Cilindros hidr\u00e1ulicos para empilhadeiras grandes com deslocamento lateral<\/strong>\u00a0Permitem que os operadores manobrem cargas pesadas com precis\u00e3o, mesmo em corredores estreitos e espa\u00e7os apertados.<\/li>\n<li><strong>Efici\u00eancia aprimorada<\/strong>Ao melhorar a agilidade das empilhadeiras, esses cilindros ajudam a agilizar os processos de carga e descarga, reduzindo o tempo de inatividade operacional.<\/li>\n<\/ul>\n<h3><strong>2. Canteiros de Obras<\/strong><\/h3>\n<ul>\n<li><strong>Constru\u00e7\u00e3o dur\u00e1vel<\/strong>Constru\u00eddos para resistir a condi\u00e7\u00f5es adversas, nossos\u00a0<strong>Cilindros de deslocamento lateral para empilhadeiras de servi\u00e7o pesado<\/strong>\u00a0S\u00e3o perfeitas para canteiros de obras, onde os equipamentos ficam expostos a poeira, detritos e cargas pesadas.<\/li>\n<li><strong>Desempenho confi\u00e1vel<\/strong>Esses cilindros garantem um desempenho consistente, mesmo ao manusear materiais volumosos como vigas de a\u00e7o ou blocos de concreto.<\/li>\n<\/ul>\n<h3><strong>3. Instala\u00e7\u00f5es de Fabrica\u00e7\u00e3o<\/strong><\/h3>\n<ul>\n<li><strong>F\u00e1cil instala\u00e7\u00e3o e manuten\u00e7\u00e3o<\/strong>Em ambientes de produ\u00e7\u00e3o, onde o tempo de inatividade pode ser dispendioso, nossos cilindros de deslocamento lateral s\u00e3o r\u00e1pidos de instalar e f\u00e1ceis de manter, garantindo o m\u00ednimo de interrup\u00e7\u00e3o nos cronogramas de produ\u00e7\u00e3o.<\/li>\n<li><strong>Seguran\u00e7a aprimorada<\/strong>O controle preciso oferecido por esses cilindros reduz o risco de acidentes ao movimentar m\u00e1quinas ou materiais pesados.<\/li>\n<\/ul>\n<h3><strong>4. Centros de Log\u00edstica e Distribui\u00e7\u00e3o<\/strong><\/h3>\n<ul>\n<li><strong>Capacidade para trabalhos pesados<\/strong>: Nosso\u00a0<strong>Cilindros hidr\u00e1ulicos com deslocamento lateral para empilhadeiras de grande porte.<\/strong>\u00a0S\u00e3o ideais para o manuseio de paletes, cont\u00eaineres e cargas superdimensionadas em centros de distribui\u00e7\u00e3o de alto volume.<\/li>\n<li><strong>Solu\u00e7\u00e3o econ\u00f4mica<\/strong>Ao melhorar a efici\u00eancia das empilhadeiras e reduzir as necessidades de manuten\u00e7\u00e3o, esses cilindros ajudam a diminuir os custos operacionais ao longo do tempo.<\/li>\n<\/ul>\n<h4><strong>5. Portos e Estaleiros<\/strong><\/h4>\n<ul>\n<li><strong>Desempenho duradouro<\/strong>Projetados para uso intenso, esses cilindros s\u00e3o perfeitos para opera\u00e7\u00f5es portu\u00e1rias, onde empilhadeiras movimentam constantemente grandes cont\u00eaineres e cargas pesadas.<\/li>\n<li><strong>Design resistente \u00e0s intemp\u00e9ries<\/strong>A constru\u00e7\u00e3o robusta garante um desempenho confi\u00e1vel em ambientes externos, mesmo em condi\u00e7\u00f5es clim\u00e1ticas adversas.<\/li>\n<\/ul>\n<h4><strong>6. Reciclagem e Gest\u00e3o de Res\u00edduos<\/strong><\/h4>\n<ul>\n<li><strong>Robusto e confi\u00e1vel<\/strong>: Nosso\u00a0<strong>Cilindros de deslocamento lateral para empilhadeiras de servi\u00e7o pesado<\/strong>\u00a0S\u00e3o constru\u00eddas para suportar os rigores das instala\u00e7\u00f5es de reciclagem, onde empilhadeiras movimentam fardos pesados \u200b\u200bde materiais recicl\u00e1veis.<\/li>\n<li><strong>Tempo de inatividade reduzido<\/strong>Recursos de f\u00e1cil manuten\u00e7\u00e3o e reparo garantem que o equipamento permane\u00e7a operacional, mesmo em ambientes exigentes de gerenciamento de res\u00edduos.<\/li>\n<\/ul>\n<h2><strong>Por que escolher nossos cilindros hidr\u00e1ulicos com deslocamento lateral?<\/strong><\/h2>\n<p>Quando se trata de\u00a0<strong>acess\u00f3rios para empilhadeira<\/strong>, nosso\u00a0<strong>Cilindros hidr\u00e1ulicos com deslocamento lateral para empilhadeiras de grande porte.<\/strong>\u00a0S\u00e3o um divisor de \u00e1guas. Projetados para otimizar o desempenho e a efici\u00eancia, esses cilindros s\u00e3o o complemento perfeito para seus equipamentos pesados.<\/p>\n<ul>\n<li><strong>Deslocamento lateral preciso<\/strong>Projetados para empilhadeiras de grande porte, esses cilindros proporcionam um deslocamento lateral suave e preciso, tornando-os ideais para o manuseio de cargas pesadas em espa\u00e7os confinados.<\/li>\n<li><strong>Constru\u00e7\u00e3o dur\u00e1vel<\/strong>Constru\u00eddo para durar, o nosso\u00a0<strong>Cilindros hidr\u00e1ulicos para empilhadeiras grandes com deslocamento lateral<\/strong>\u00a0S\u00e3o fabricados com materiais de alta qualidade, garantindo um desempenho confi\u00e1vel mesmo nos ambientes industriais mais exigentes.<\/li>\n<li><strong>F\u00e1cil instala\u00e7\u00e3o e manuten\u00e7\u00e3o<\/strong>Projetados pensando na conveni\u00eancia do usu\u00e1rio, estes\u00a0<strong>Cilindros de deslocamento lateral para empilhadeiras de servi\u00e7o pesado<\/strong>\u00a0S\u00e3o r\u00e1pidos de instalar e f\u00e1ceis de manter, reduzindo o tempo de inatividade e mantendo suas opera\u00e7\u00f5es funcionando sem problemas.<\/li>\n<\/ul>\n<p>Procurando cilindros hidr\u00e1ulicos para empilhadeiras de alta resist\u00eancia? Confira nossa linha de produtos. <a href=\"https:\/\/www.hydraulic-cylinders.net\/pt\/forklift-hydraulic-cylinder\/\">Cilindros hidr\u00e1ulicos para servi\u00e7o pesado<\/a>.<\/p>\n<h3><strong>Ideal para manuten\u00e7\u00e3o e reparo de empilhadeiras.<\/strong><\/h3>\n<p>Seja voc\u00ea realizando uma rotina\u00a0<strong>manuten\u00e7\u00e3o de empilhadeiras<\/strong>\u00a0ou precisa de uma solu\u00e7\u00e3o confi\u00e1vel para\u00a0<strong>reparo de cilindro hidr\u00e1ulico<\/strong>Nossos cilindros de deslocamento lateral s\u00e3o projetados para minimizar interrup\u00e7\u00f5es e prolongar a vida \u00fatil de seus equipamentos. Seu design robusto garante que eles suportem as demandas de aplica\u00e7\u00f5es pesadas, tornando-os uma escolha econ\u00f4mica para opera\u00e7\u00f5es industriais.<\/p>\n<h2><strong>\u00c1rea de produ\u00e7\u00e3o de cilindros para empilhadeiras:<\/strong><\/h2>\n<h2><img loading=\"lazy\" decoding=\"async\" class=\"alignnone size-full wp-image-16972\" src=\"https:\/\/www.hydraulic-cylinders.net\/wp-content\/uploads\/2025\/01\/hydraulic-cylinder-factory-1-scaled.webp\" sizes=\"(min-width: 0px) and (max-width: 480px) 480px, (min-width: 481px) and (max-width: 980px) 980px, (min-width: 981px) and (max-width: 1280px) 1280px, (min-width: 1281px) 2016px, 100vw\" srcset=\"https:\/\/www.hydraulic-cylinders.net\/wp-content\/uploads\/2025\/01\/hydraulic-cylinder-factory-1-scaled.webp 2016w, https:\/\/www.hydraulic-cylinders.net\/wp-content\/uploads\/2025\/01\/hydraulic-cylinder-factory-1-1280x1625.webp 1280w, https:\/\/www.hydraulic-cylinders.net\/wp-content\/uploads\/2025\/01\/hydraulic-cylinder-factory-1-980x1244.webp 980w, https:\/\/www.hydraulic-cylinders.net\/wp-content\/uploads\/2025\/01\/hydraulic-cylinder-factory-1-480x610.webp 480w\" alt=\"\" width=\"2016\" height=\"2560\" \/><\/h2>\n<p>Contamos com uma plataforma independente de P&amp;D de primeira classe para montagem. A oficina de produ\u00e7\u00e3o de cilindros para empilhadeiras conta com quatro linhas de montagem de cilindros de eleva\u00e7\u00e3o semiautom\u00e1ticas e uma linha de montagem de cilindros basculantes totalmente autom\u00e1tica, com capacidade de produ\u00e7\u00e3o anual projetada de milh\u00f5es de pe\u00e7as. A oficina de cilindros especiais conta com sistemas de limpeza e montagem semiautom\u00e1ticos de diversas especifica\u00e7\u00f5es, com capacidade de produ\u00e7\u00e3o anual projetada de 200.000 pe\u00e7as. Equipada com equipamentos de usinagem CNC de marcas renomadas, centros de usinagem, equipamentos especiais para processamento de cilindros de alta precis\u00e3o, m\u00e1quinas de solda rob\u00f3tica, m\u00e1quinas de limpeza autom\u00e1tica, m\u00e1quinas de montagem autom\u00e1tica de cilindros e linhas de produ\u00e7\u00e3o autom\u00e1tica de tinta. Contamos com mais de 300 conjuntos de equipamentos essenciais em opera\u00e7\u00e3o. A aloca\u00e7\u00e3o otimizada e a utiliza\u00e7\u00e3o eficiente dos recursos dos equipamentos garantem os requisitos de precis\u00e3o dos produtos e atendem aos altos padr\u00f5es de qualidade dos produtos.<\/p>\n<p>A oficina de usinagem \u00e9 equipada com centros de torneamento de trilhos de inclina\u00e7\u00e3o personalizados, centros de usinagem, m\u00e1quinas de brunimento de alta velocidade, rob\u00f4s de soldagem e outros equipamentos relevantes, que podem lidar com o trabalho de usinagem de tubos cil\u00edndricos com ID m\u00e1ximo de 400 mm e 6 metros de comprimento m\u00e1ximo.<\/p>\n<h2><img loading=\"lazy\" decoding=\"async\" class=\"alignnone size-full wp-image-16973\" src=\"https:\/\/www.hydraulic-cylinders.net\/wp-content\/uploads\/2025\/01\/hydraulic-cylinder-factory-2-scaled.webp\" sizes=\"(min-width: 0px) and (max-width: 480px) 480px, (min-width: 481px) and (max-width: 980px) 980px, (min-width: 981px) and (max-width: 1280px) 1280px, (min-width: 1281px) 2011px, 100vw\" srcset=\"https:\/\/www.hydraulic-cylinders.net\/wp-content\/uploads\/2025\/01\/hydraulic-cylinder-factory-2-scaled.webp 2011w, https:\/\/www.hydraulic-cylinders.net\/wp-content\/uploads\/2025\/01\/hydraulic-cylinder-factory-2-1280x1629.webp 1280w, https:\/\/www.hydraulic-cylinders.net\/wp-content\/uploads\/2025\/01\/hydraulic-cylinder-factory-2-980x1248.webp 980w, https:\/\/www.hydraulic-cylinders.net\/wp-content\/uploads\/2025\/01\/hydraulic-cylinder-factory-2-480x611.webp 480w\" alt=\"\" width=\"2011\" height=\"2560\" \/><\/h2>\n<p>Possu\u00edmos uma linha de revestimento de tinta \u00e0 base de \u00e1gua totalmente autom\u00e1tica para cilindros de pequeno e m\u00e9dio porte, que realiza carregamento e descarregamento autom\u00e1ticos e rob\u00f4s de pulveriza\u00e7\u00e3o autom\u00e1tica, com capacidade de produ\u00e7\u00e3o projetada de 4.000 unidades por turno. Temos outra linha de pintura semiautom\u00e1tica para cilindros de grande porte, acionada por corrente de transmiss\u00e3o, com capacidade projetada de 60 engradados por turno.<\/p>\n<p>Para melhorar ainda mais o desempenho do produto e estabelecer a posi\u00e7\u00e3o de lideran\u00e7a de nossos cilindros hidr\u00e1ulicos no setor, nossa empresa e a zjimee estabeleceram em conjunto um laborat\u00f3rio de desempenho abrangente de cilindros hidr\u00e1ulicos, v\u00e1lvulas hidr\u00e1ulicas e bombas hidr\u00e1ulicas; o laborat\u00f3rio realiza testes assistidos por computador usando tecnologia eletro-hidr\u00e1ulica, as condi\u00e7\u00f5es de teste s\u00e3o predefinidas por um computador, o que melhora a precis\u00e3o do teste e a versatilidade do sistema, al\u00e9m dos dados experimentais.<\/p>\n<p>A coleta autom\u00e1tica \u00e9 realizada por meio da aplica\u00e7\u00e3o de sensores, e os dados de sa\u00edda, como vazamento interno e efici\u00eancia de carga do cilindro ou da v\u00e1lvula, s\u00e3o processados \u200b\u200bdiretamente pelo computador e convertidos em unidades padr\u00e3o (ml\/min). Ao mesmo tempo, para garantir a seguran\u00e7a operacional do sistema hidr\u00e1ulico, a fun\u00e7\u00e3o de monitoramento de estado \u00e9 executada para par\u00e2metros de desempenho chave, como \"monitoramento da temperatura do \u00f3leo, monitoramento do n\u00edvel do fluido, monitoramento do dispositivo de filtragem\", etc. Entre eles, o banco de testes de cilindro hidr\u00e1ulico pode testar o desempenho da \"carga\".<br \/>\nA efici\u00eancia e o vazamento interno s\u00e3o medidos por meio de leituras. Ao mesmo tempo, o equipamento possui um instrumento de medi\u00e7\u00e3o com r\u00e9gua de grade que atende aos requisitos de todos os itens de teste de produtos de cilindros hidr\u00e1ulicos, de acordo com a norma nacional.<\/p>\n<h3><strong>Se\u00e7\u00e3o de perguntas frequentes:<\/strong><\/h3>\n<p><strong>P: Quais s\u00e3o as principais caracter\u00edsticas dos cilindros hidr\u00e1ulicos com deslocamento lateral para empilhadeiras de grande porte?<\/strong><br \/>\nA: Nossos cilindros hidr\u00e1ulicos de deslocamento lateral s\u00e3o projetados para empilhadeiras de grande porte, oferecendo deslocamento lateral preciso, constru\u00e7\u00e3o dur\u00e1vel para desempenho de longa dura\u00e7\u00e3o e f\u00e1cil instala\u00e7\u00e3o para reduzir o tempo de inatividade.<\/p>\n<p><strong>P: Esses cilindros suportam aplica\u00e7\u00f5es de alta exig\u00eancia?<\/strong><br \/>\nA: Sim, esses cilindros s\u00e3o projetados especificamente para uso pesado, o que os torna ideais para ambientes industriais como canteiros de obras, armaz\u00e9ns e portos.<\/p>\n<p><strong>P: Esses cilindros hidr\u00e1ulicos s\u00e3o f\u00e1ceis de instalar?<\/strong><br \/>\nA: Com certeza! Nossos cilindros de deslocamento lateral s\u00e3o projetados para uma instala\u00e7\u00e3o r\u00e1pida e sem complica\u00e7\u00f5es, minimizando o tempo de inatividade e garantindo que sua empilhadeira volte a operar rapidamente.<\/p>\n<p>&nbsp;<\/p>","protected":false},"excerpt":{"rendered":"<p>Side Shift Hydraulic Cylinders For Large Forklift Looking for reliable and efficient\u00a0Side Shift Hydraulic Cylinders for Large Forklifts? Our high-performance\u00a0Hydraulic Cylinders for Forklift Side Shifting\u00a0are designed to meet the demands of compact forklifts, offering precise side shifting for enhanced maneuverability in tight spaces. Built with\u00a0durable construction, these cylinders ensure long-lasting performance even in the toughest [&hellip;]<\/p>","protected":false},"featured_media":17581,"comment_status":"open","ping_status":"closed","template":"","meta":{"_et_pb_use_builder":"","_et_pb_old_content":"","_et_gb_content_width":""},"product_brand":[],"product_cat":[1550,1484,1376],"product_tag":[],"class_list":{"0":"post-17579","1":"product","2":"type-product","3":"status-publish","4":"has-post-thumbnail","6":"product_cat-double-acting-hydraulic-cylinder","7":"product_cat-forklift-hydraulic-cylinders","8":"product_cat-hydraulic-cylinder","10":"first","11":"instock","12":"shipping-taxable","13":"product-type-simple"},"amp_enabled":true,"_links":{"self":[{"href":"https:\/\/www.hydraulic-cylinders.net\/pt\/wp-json\/wp\/v2\/product\/17579","targetHints":{"allow":["GET"]}}],"collection":[{"href":"https:\/\/www.hydraulic-cylinders.net\/pt\/wp-json\/wp\/v2\/product"}],"about":[{"href":"https:\/\/www.hydraulic-cylinders.net\/pt\/wp-json\/wp\/v2\/types\/product"}],"replies":[{"embeddable":true,"href":"https:\/\/www.hydraulic-cylinders.net\/pt\/wp-json\/wp\/v2\/comments?post=17579"}],"wp:featuredmedia":[{"embeddable":true,"href":"https:\/\/www.hydraulic-cylinders.net\/pt\/wp-json\/wp\/v2\/media\/17581"}],"wp:attachment":[{"href":"https:\/\/www.hydraulic-cylinders.net\/pt\/wp-json\/wp\/v2\/media?parent=17579"}],"wp:term":[{"taxonomy":"product_brand","embeddable":true,"href":"https:\/\/www.hydraulic-cylinders.net\/pt\/wp-json\/wp\/v2\/product_brand?post=17579"},{"taxonomy":"product_cat","embeddable":true,"href":"https:\/\/www.hydraulic-cylinders.net\/pt\/wp-json\/wp\/v2\/product_cat?post=17579"},{"taxonomy":"product_tag","embeddable":true,"href":"https:\/\/www.hydraulic-cylinders.net\/pt\/wp-json\/wp\/v2\/product_tag?post=17579"}],"curies":[{"name":"wp","href":"https:\/\/api.w.org\/{rel}","templated":true}]}}