{"id":17585,"date":"2025-03-18T05:51:01","date_gmt":"2025-03-18T05:51:01","guid":{"rendered":"https:\/\/www.hydraulic-cylinders.net\/?post_type=product&#038;p=17585"},"modified":"2025-04-11T03:15:29","modified_gmt":"2025-04-11T03:15:29","slug":"tilt-hydraulic-cylinders-for-large-forklift","status":"publish","type":"product","link":"https:\/\/www.hydraulic-cylinders.net\/pt\/produto\/tilt-hydraulic-cylinders-for-large-forklift\/","title":{"rendered":"Cilindros hidr\u00e1ulicos de inclina\u00e7\u00e3o para empilhadeiras de grande porte"},"content":{"rendered":"<h1 style=\"text-align: center;\"><strong>Cilindros hidr\u00e1ulicos de inclina\u00e7\u00e3o para empilhadeiras de grande porte<\/strong><\/h1>\n<p>Os cilindros hidr\u00e1ulicos de inclina\u00e7\u00e3o s\u00e3o componentes essenciais em empilhadeiras de grande porte, projetados para aprimorar suas capacidades operacionais. Esses cilindros permitem a inclina\u00e7\u00e3o precisa dos garfos da empilhadeira, facilitando o carregamento e descarregamento de materiais com seguran\u00e7a e efici\u00eancia. Com sua constru\u00e7\u00e3o robusta e tecnologia avan\u00e7ada, os cilindros hidr\u00e1ulicos de inclina\u00e7\u00e3o melhoram significativamente a produtividade em armaz\u00e9ns e canteiros de obras.<\/p>\n<p>Os cilindros hidr\u00e1ulicos de inclina\u00e7\u00e3o s\u00e3o vitais para melhorar a funcionalidade de empilhadeiras de grande porte. Sua capacidade de facilitar movimentos precisos n\u00e3o s\u00f3 aumenta a efici\u00eancia, como tamb\u00e9m garante a seguran\u00e7a durante a movimenta\u00e7\u00e3o de materiais. Ao compreender suas caracter\u00edsticas, m\u00e9todos de uso e requisitos de manuten\u00e7\u00e3o, os operadores podem maximizar os benef\u00edcios desses componentes essenciais. Investir em cilindros hidr\u00e1ulicos de inclina\u00e7\u00e3o de alta qualidade garante melhor desempenho e confiabilidade em qualquer aplica\u00e7\u00e3o de servi\u00e7o pesado.<\/p>\n<h1 style=\"text-align: center;\"><img loading=\"lazy\" decoding=\"async\" class=\"alignnone wp-image-17587\" src=\"https:\/\/www.hydraulic-cylinders.net\/wp-content\/uploads\/2025\/03\/Tilt-hydraulic-cylinders-for-large-forklift.webp\" alt=\"Cilindros hidr\u00e1ulicos de inclina\u00e7\u00e3o para empilhadeiras de grande porte\" width=\"500\" height=\"500\" srcset=\"https:\/\/www.hydraulic-cylinders.net\/wp-content\/uploads\/2025\/03\/Tilt-hydraulic-cylinders-for-large-forklift.webp 500w, https:\/\/www.hydraulic-cylinders.net\/wp-content\/uploads\/2025\/03\/Tilt-hydraulic-cylinders-for-large-forklift-480x480.webp 480w\" sizes=\"(min-width: 0px) and (max-width: 480px) 480px, (min-width: 481px) 500px, 100vw\" \/><\/h1>\n<p style=\"text-align: center;\"><strong>Cilindros hidr\u00e1ulicos de inclina\u00e7\u00e3o para empilhadeiras de grande porte<\/strong><\/p>\n<h2><strong>Cilindros hidr\u00e1ulicos de inclina\u00e7\u00e3o para empilhadeiras de grande porte <\/strong><strong>Especifica\u00e7\u00f5es t\u00e9cnicas<\/strong><strong>:<\/strong><\/h2>\n<div class=\"Message_messageTextContainer__w64Sc\">\n<div>\n<div class=\"Markdown_markdownContainer__Tz3HQ\">\n<p><strong>Fun\u00e7\u00e3o:<\/strong> Implemente a a\u00e7\u00e3o de inclina\u00e7\u00e3o para frente e para tr\u00e1s do p\u00f3rtico da empilhadeira.<br \/>\n<strong>Di\u00e2metro do cilindro:<\/strong> 90 mm - 220 mm<br \/>\n<strong>Di\u00e2metro da haste:<\/strong> 45 mm - 100 mm<br \/>\n<strong>Viagem:<\/strong> 37 mm - 363 mm<br \/>\n<strong>Press\u00e3o m\u00e1xima:<\/strong> 27MPa<br \/>\n<strong>Impulso m\u00e1ximo:<\/strong> 1026 kN<\/p>\n<\/div>\n<\/div>\n<\/div>\n<h2><strong>S\u00e9rie de cilindros hidr\u00e1ulicos para empilhadeiras de grande porte:\u00a0<\/strong><\/h2>\n<h2><img loading=\"lazy\" decoding=\"async\" class=\"alignnone size-full wp-image-17582\" src=\"https:\/\/www.hydraulic-cylinders.net\/wp-content\/uploads\/2025\/03\/large-forklift-hydraulic-cylinder-construction.webp\" alt=\"\" width=\"1100\" height=\"615\" srcset=\"https:\/\/www.hydraulic-cylinders.net\/wp-content\/uploads\/2025\/03\/large-forklift-hydraulic-cylinder-construction.webp 1100w, https:\/\/www.hydraulic-cylinders.net\/wp-content\/uploads\/2025\/03\/large-forklift-hydraulic-cylinder-construction-980x548.webp 980w, https:\/\/www.hydraulic-cylinders.net\/wp-content\/uploads\/2025\/03\/large-forklift-hydraulic-cylinder-construction-480x268.webp 480w\" sizes=\"(min-width: 0px) and (max-width: 480px) 480px, (min-width: 481px) and (max-width: 980px) 980px, (min-width: 981px) 1100px, 100vw\" \/><\/h2>\n<h2><strong>Principais caracter\u00edsticas dos cilindros hidr\u00e1ulicos de inclina\u00e7\u00e3o para empilhadeiras de grande porte<\/strong><strong>:<\/strong><\/h2>\n<ul>\n<li><strong>Alta capacidade de carga:<\/strong> Os cilindros hidr\u00e1ulicos de inclina\u00e7\u00e3o s\u00e3o projetados para suportar pesos significativos, tornando-os cruciais para aplica\u00e7\u00f5es de servi\u00e7o pesado. Seu design robusto garante uma opera\u00e7\u00e3o segura e eficiente, mesmo ao levantar cargas pesadas, reduzindo assim o risco de acidentes e aumentando a produtividade no local de trabalho.<\/li>\n<li><strong>Materiais dur\u00e1veis:<\/strong> Esses cilindros s\u00e3o fabricados com a\u00e7o de alta resist\u00eancia e outros materiais resilientes, que proporcionam excepcional resist\u00eancia ao desgaste. Essa durabilidade n\u00e3o s\u00f3 prolonga a vida \u00fatil do cilindro, como tamb\u00e9m minimiza a necessidade de substitui\u00e7\u00f5es frequentes, economizando tempo e custos a longo prazo.<\/li>\n<li><strong>Design compacto:<\/strong> O design simplificado dos cilindros hidr\u00e1ulicos de inclina\u00e7\u00e3o facilita a integra\u00e7\u00e3o em sistemas de empilhadeiras j\u00e1 existentes. Essa compacta\u00e7\u00e3o permite otimizar o uso do espa\u00e7o sem comprometer o desempenho, facilitando as manobras dos operadores em espa\u00e7os reduzidos.<\/li>\n<li><strong>\u00c2ngulo de inclina\u00e7\u00e3o ajust\u00e1vel:<\/strong> Uma das caracter\u00edsticas mais marcantes \u00e9 a capacidade dos operadores ajustarem o \u00e2ngulo de inclina\u00e7\u00e3o sem esfor\u00e7o. Essa flexibilidade permite diversas aplica\u00e7\u00f5es, desde o empilhamento at\u00e9 o transporte de diferentes tipos de materiais, garantindo que a empilhadeira possa se adaptar a tarefas espec\u00edficas com facilidade.<\/li>\n<li><strong>Componentes selados:<\/strong> O design selado desses cilindros protege eficazmente os componentes internos contra sujeira e umidade. Essa caracter\u00edstica \u00e9 particularmente importante em ambientes desafiadores, pois garante uma opera\u00e7\u00e3o confi\u00e1vel e minimiza o risco de falhas, resultando em custos de manuten\u00e7\u00e3o mais baixos e maior tempo de atividade.<\/li>\n<\/ul>\n<h2><strong>Aplica\u00e7\u00f5es de cilindros hidr\u00e1ulicos de inclina\u00e7\u00e3o para empilhadeiras de grande porte:<\/strong><\/h2>\n<p>Os cilindros hidr\u00e1ulicos de inclina\u00e7\u00e3o desempenham um papel crucial em diversos setores industriais, aumentando a efici\u00eancia e a seguran\u00e7a das tarefas de movimenta\u00e7\u00e3o de materiais. Aqui est\u00e3o algumas aplica\u00e7\u00f5es principais:<\/p>\n<h4>1. <strong>Armazenagem e Distribui\u00e7\u00e3o<\/strong><\/h4>\n<p>Em armaz\u00e9ns, os cilindros hidr\u00e1ulicos de inclina\u00e7\u00e3o permitem que as empilhadeiras ajustem facilmente o \u00e2ngulo dos garfos. Essa capacidade \u00e9 essencial para o empilhamento de paletes, possibilitando a coloca\u00e7\u00e3o e a retirada precisas de mercadorias. Isso otimiza o aproveitamento do espa\u00e7o e agiliza as opera\u00e7\u00f5es durante os processos de carga e descarga.<\/p>\n<h4>2. <strong>Canteiros de obras<\/strong><\/h4>\n<p>Em canteiros de obras, esses cilindros facilitam a movimenta\u00e7\u00e3o de materiais pesados, como blocos de concreto e vigas de a\u00e7o. A capacidade de inclinar os garfos ajuda a fixar as cargas durante o transporte e garante a entrega segura em locais espec\u00edficos, reduzindo o risco de acidentes.<\/p>\n<h4>3. <strong>Fabrica\u00e7\u00e3o<\/strong><\/h4>\n<p>Em ambientes de produ\u00e7\u00e3o, os cilindros hidr\u00e1ulicos de inclina\u00e7\u00e3o auxiliam na montagem e no transporte de pe\u00e7as. Eles permitem que os trabalhadores posicionem os componentes com precis\u00e3o, o que \u00e9 vital para manter o controle de qualidade e a efici\u00eancia durante os processos de produ\u00e7\u00e3o.<\/p>\n<h4>4. <strong>Agricultura<\/strong><\/h4>\n<p>Em ambientes agr\u00edcolas, cilindros hidr\u00e1ulicos de inclina\u00e7\u00e3o s\u00e3o usados \u200b\u200bcom empilhadeiras para manusear fardos, caixas e outros produtos agr\u00edcolas. O \u00e2ngulo de inclina\u00e7\u00e3o ajust\u00e1vel ajuda os agricultores a carregar e descarregar materiais com rapidez e seguran\u00e7a, otimizando seu fluxo de trabalho durante os per\u00edodos de pico da colheita.<\/p>\n<h4>5. <strong>Reciclagem e Gest\u00e3o de Res\u00edduos<\/strong><\/h4>\n<p>Esses cilindros s\u00e3o fundamentais em instala\u00e7\u00f5es de reciclagem, onde auxiliam na movimenta\u00e7\u00e3o e empilhamento de materiais recicl\u00e1veis. A capacidade de inclina\u00e7\u00e3o permite uma melhor triagem e compacta\u00e7\u00e3o dos res\u00edduos, melhorando a efici\u00eancia operacional e o aproveitamento do espa\u00e7o.<\/p>\n<p>Procurando cilindros hidr\u00e1ulicos para empilhadeiras de alta resist\u00eancia? Confira nossa linha de produtos. <a href=\"https:\/\/www.hydraulic-cylinders.net\/pt\/forklift-hydraulic-cylinder\/\">Cilindros hidr\u00e1ulicos para servi\u00e7o pesado<\/a>.<\/p>\n<h2><strong>\u00c1rea de produ\u00e7\u00e3o de cilindros para empilhadeiras:<\/strong><\/h2>\n<h2><img loading=\"lazy\" decoding=\"async\" class=\"alignnone size-full wp-image-16972\" src=\"https:\/\/www.hydraulic-cylinders.net\/wp-content\/uploads\/2025\/01\/hydraulic-cylinder-factory-1-scaled.webp\" sizes=\"(min-width: 0px) and (max-width: 480px) 480px, (min-width: 481px) and (max-width: 980px) 980px, (min-width: 981px) and (max-width: 1280px) 1280px, (min-width: 1281px) 2016px, 100vw\" srcset=\"https:\/\/www.hydraulic-cylinders.net\/wp-content\/uploads\/2025\/01\/hydraulic-cylinder-factory-1-scaled.webp 2016w, https:\/\/www.hydraulic-cylinders.net\/wp-content\/uploads\/2025\/01\/hydraulic-cylinder-factory-1-1280x1625.webp 1280w, https:\/\/www.hydraulic-cylinders.net\/wp-content\/uploads\/2025\/01\/hydraulic-cylinder-factory-1-980x1244.webp 980w, https:\/\/www.hydraulic-cylinders.net\/wp-content\/uploads\/2025\/01\/hydraulic-cylinder-factory-1-480x610.webp 480w\" alt=\"\" width=\"2016\" height=\"2560\" \/><\/h2>\n<p>Contamos com uma plataforma independente de P&amp;D de primeira classe para montagem. A oficina de produ\u00e7\u00e3o de cilindros para empilhadeiras conta com quatro linhas de montagem de cilindros de eleva\u00e7\u00e3o semiautom\u00e1ticas e uma linha de montagem de cilindros basculantes totalmente autom\u00e1tica, com capacidade de produ\u00e7\u00e3o anual projetada de milh\u00f5es de pe\u00e7as. A oficina de cilindros especiais conta com sistemas de limpeza e montagem semiautom\u00e1ticos de diversas especifica\u00e7\u00f5es, com capacidade de produ\u00e7\u00e3o anual projetada de 200.000 pe\u00e7as. Equipada com equipamentos de usinagem CNC de marcas renomadas, centros de usinagem, equipamentos especiais para processamento de cilindros de alta precis\u00e3o, m\u00e1quinas de solda rob\u00f3tica, m\u00e1quinas de limpeza autom\u00e1tica, m\u00e1quinas de montagem autom\u00e1tica de cilindros e linhas de produ\u00e7\u00e3o autom\u00e1tica de tinta. Contamos com mais de 300 conjuntos de equipamentos essenciais em opera\u00e7\u00e3o. A aloca\u00e7\u00e3o otimizada e a utiliza\u00e7\u00e3o eficiente dos recursos dos equipamentos garantem os requisitos de precis\u00e3o dos produtos e atendem aos altos padr\u00f5es de qualidade dos produtos.<\/p>\n<p>A oficina de usinagem \u00e9 equipada com centros de torneamento de trilhos de inclina\u00e7\u00e3o personalizados, centros de usinagem, m\u00e1quinas de brunimento de alta velocidade, rob\u00f4s de soldagem e outros equipamentos relevantes, que podem lidar com o trabalho de usinagem de tubos cil\u00edndricos com ID m\u00e1ximo de 400 mm e 6 metros de comprimento m\u00e1ximo.<\/p>\n<h2><img loading=\"lazy\" decoding=\"async\" class=\"alignnone size-full wp-image-16973\" src=\"https:\/\/www.hydraulic-cylinders.net\/wp-content\/uploads\/2025\/01\/hydraulic-cylinder-factory-2-scaled.webp\" sizes=\"(min-width: 0px) and (max-width: 480px) 480px, (min-width: 481px) and (max-width: 980px) 980px, (min-width: 981px) and (max-width: 1280px) 1280px, (min-width: 1281px) 2011px, 100vw\" srcset=\"https:\/\/www.hydraulic-cylinders.net\/wp-content\/uploads\/2025\/01\/hydraulic-cylinder-factory-2-scaled.webp 2011w, https:\/\/www.hydraulic-cylinders.net\/wp-content\/uploads\/2025\/01\/hydraulic-cylinder-factory-2-1280x1629.webp 1280w, https:\/\/www.hydraulic-cylinders.net\/wp-content\/uploads\/2025\/01\/hydraulic-cylinder-factory-2-980x1248.webp 980w, https:\/\/www.hydraulic-cylinders.net\/wp-content\/uploads\/2025\/01\/hydraulic-cylinder-factory-2-480x611.webp 480w\" alt=\"\" width=\"2011\" height=\"2560\" \/><\/h2>\n<p>Possu\u00edmos uma linha de revestimento de tinta \u00e0 base de \u00e1gua totalmente autom\u00e1tica para cilindros de pequeno e m\u00e9dio porte, que realiza carregamento e descarregamento autom\u00e1ticos e rob\u00f4s de pulveriza\u00e7\u00e3o autom\u00e1tica, com capacidade de produ\u00e7\u00e3o projetada de 4.000 unidades por turno. Temos outra linha de pintura semiautom\u00e1tica para cilindros de grande porte, acionada por corrente de transmiss\u00e3o, com capacidade projetada de 60 engradados por turno.<\/p>\n<p>Para melhorar ainda mais o desempenho do produto e estabelecer a posi\u00e7\u00e3o de lideran\u00e7a de nossos cilindros hidr\u00e1ulicos no setor, nossa empresa e a zjimee estabeleceram em conjunto um laborat\u00f3rio de desempenho abrangente de cilindros hidr\u00e1ulicos, v\u00e1lvulas hidr\u00e1ulicas e bombas hidr\u00e1ulicas; o laborat\u00f3rio realiza testes assistidos por computador usando tecnologia eletro-hidr\u00e1ulica, as condi\u00e7\u00f5es de teste s\u00e3o predefinidas por um computador, o que melhora a precis\u00e3o do teste e a versatilidade do sistema, al\u00e9m dos dados experimentais.<\/p>\n<p>A coleta autom\u00e1tica \u00e9 realizada por meio da aplica\u00e7\u00e3o de sensores, e os dados de sa\u00edda, como vazamento interno e efici\u00eancia de carga do cilindro ou da v\u00e1lvula, s\u00e3o processados \u200b\u200bdiretamente pelo computador e convertidos em unidades padr\u00e3o (ml\/min). Ao mesmo tempo, para garantir a seguran\u00e7a operacional do sistema hidr\u00e1ulico, a fun\u00e7\u00e3o de monitoramento de estado \u00e9 executada para par\u00e2metros de desempenho chave, como \"monitoramento da temperatura do \u00f3leo, monitoramento do n\u00edvel do fluido, monitoramento do dispositivo de filtragem\", etc. Entre eles, o banco de testes de cilindro hidr\u00e1ulico pode testar o desempenho da \"carga\".<br \/>\nA efici\u00eancia e o vazamento interno s\u00e3o medidos por meio de leituras. Ao mesmo tempo, o equipamento possui um instrumento de medi\u00e7\u00e3o com r\u00e9gua de grade que atende aos requisitos de todos os itens de teste de produtos de cilindros hidr\u00e1ulicos, de acordo com a norma nacional.<\/p>\n<p>&nbsp;<\/p>","protected":false},"excerpt":{"rendered":"<p>Tilt Hydraulic Cylinders For Large Forklift Tilt hydraulic cylinders are essential components in large forklifts, designed to enhance their operational capabilities. These cylinders allow for precise tilting of the forklift&#8217;s forks, facilitating safe and efficient loading and unloading of materials. With their robust construction and advanced technology, tilt hydraulic cylinders significantly improve productivity in warehouses [&hellip;]<\/p>","protected":false},"featured_media":17588,"comment_status":"open","ping_status":"closed","template":"","meta":{"_et_pb_use_builder":"","_et_pb_old_content":"","_et_gb_content_width":""},"product_brand":[],"product_cat":[1484,1550],"product_tag":[],"class_list":{"0":"post-17585","1":"product","2":"type-product","3":"status-publish","4":"has-post-thumbnail","6":"product_cat-forklift-hydraulic-cylinders","7":"product_cat-double-acting-hydraulic-cylinder","9":"first","10":"instock","11":"shipping-taxable","12":"product-type-simple"},"amp_enabled":true,"_links":{"self":[{"href":"https:\/\/www.hydraulic-cylinders.net\/pt\/wp-json\/wp\/v2\/product\/17585","targetHints":{"allow":["GET"]}}],"collection":[{"href":"https:\/\/www.hydraulic-cylinders.net\/pt\/wp-json\/wp\/v2\/product"}],"about":[{"href":"https:\/\/www.hydraulic-cylinders.net\/pt\/wp-json\/wp\/v2\/types\/product"}],"replies":[{"embeddable":true,"href":"https:\/\/www.hydraulic-cylinders.net\/pt\/wp-json\/wp\/v2\/comments?post=17585"}],"wp:featuredmedia":[{"embeddable":true,"href":"https:\/\/www.hydraulic-cylinders.net\/pt\/wp-json\/wp\/v2\/media\/17588"}],"wp:attachment":[{"href":"https:\/\/www.hydraulic-cylinders.net\/pt\/wp-json\/wp\/v2\/media?parent=17585"}],"wp:term":[{"taxonomy":"product_brand","embeddable":true,"href":"https:\/\/www.hydraulic-cylinders.net\/pt\/wp-json\/wp\/v2\/product_brand?post=17585"},{"taxonomy":"product_cat","embeddable":true,"href":"https:\/\/www.hydraulic-cylinders.net\/pt\/wp-json\/wp\/v2\/product_cat?post=17585"},{"taxonomy":"product_tag","embeddable":true,"href":"https:\/\/www.hydraulic-cylinders.net\/pt\/wp-json\/wp\/v2\/product_tag?post=17585"}],"curies":[{"name":"wp","href":"https:\/\/api.w.org\/{rel}","templated":true}]}}