{"id":17596,"date":"2025-03-18T06:28:26","date_gmt":"2025-03-18T06:28:26","guid":{"rendered":"https:\/\/www.hydraulic-cylinders.net\/?post_type=product&#038;p=17596"},"modified":"2025-04-11T01:44:52","modified_gmt":"2025-04-11T01:44:52","slug":"lifting-hydraulic-cylinders-storage-handling-vehicles","status":"publish","type":"product","link":"https:\/\/www.hydraulic-cylinders.net\/pt\/produto\/lifting-hydraulic-cylinders-storage-handling-vehicles\/","title":{"rendered":"Cilindros hidr\u00e1ulicos de eleva\u00e7\u00e3o para armazenamento e movimenta\u00e7\u00e3o de ve\u00edculos."},"content":{"rendered":"<h1 style=\"text-align: center;\"><strong>Cilindros hidr\u00e1ulicos de eleva\u00e7\u00e3o para armazenamento e movimenta\u00e7\u00e3o de ve\u00edculos.<\/strong><\/h1>\n<p>Os cilindros hidr\u00e1ulicos de eleva\u00e7\u00e3o s\u00e3o componentes essenciais em ve\u00edculos de armazenagem e movimenta\u00e7\u00e3o de materiais, permitindo o levantamento e abaixamento eficientes de cargas pesadas. Esses cilindros convertem a press\u00e3o hidr\u00e1ulica em for\u00e7a mec\u00e2nica, fornecendo a pot\u00eancia necess\u00e1ria para realizar diversas tarefas em armaz\u00e9ns, centros de distribui\u00e7\u00e3o e instala\u00e7\u00f5es fabris. Sua confiabilidade e efici\u00eancia os tornam cruciais para otimizar as opera\u00e7\u00f5es de movimenta\u00e7\u00e3o de materiais.<\/p>\n<p>Os cilindros hidr\u00e1ulicos de eleva\u00e7\u00e3o s\u00e3o vitais para a opera\u00e7\u00e3o eficiente de ve\u00edculos de armazenagem e movimenta\u00e7\u00e3o de materiais. Sua constru\u00e7\u00e3o robusta, alta capacidade de carga e funcionamento suave os tornam indispens\u00e1veis \u200b\u200bem diversas aplica\u00e7\u00f5es industriais. Ao compreender suas caracter\u00edsticas, m\u00e9todos de uso adequados e requisitos de manuten\u00e7\u00e3o, os operadores podem maximizar o desempenho e a seguran\u00e7a de seus equipamentos de eleva\u00e7\u00e3o, aumentando, em \u00faltima an\u00e1lise, a produtividade nas tarefas de movimenta\u00e7\u00e3o de materiais. Investir em cilindros hidr\u00e1ulicos de eleva\u00e7\u00e3o de alta qualidade garante opera\u00e7\u00f5es confi\u00e1veis \u200b\u200be eficientes, cruciais para o sucesso em qualquer neg\u00f3cio.<\/p>\n<h1 style=\"text-align: center;\"><img loading=\"lazy\" decoding=\"async\" class=\"alignnone wp-image-17598\" src=\"https:\/\/www.hydraulic-cylinders.net\/wp-content\/uploads\/2025\/03\/Lifting-hydraulic-cylinders-for-Storage-and-handling-vehicle.jpg\" alt=\"\" width=\"500\" height=\"500\" srcset=\"https:\/\/www.hydraulic-cylinders.net\/wp-content\/uploads\/2025\/03\/Lifting-hydraulic-cylinders-for-Storage-and-handling-vehicle.jpg 500w, https:\/\/www.hydraulic-cylinders.net\/wp-content\/uploads\/2025\/03\/Lifting-hydraulic-cylinders-for-Storage-and-handling-vehicle-480x480.jpg 480w\" sizes=\"(min-width: 0px) and (max-width: 480px) 480px, (min-width: 481px) 500px, 100vw\" \/><\/h1>\n<p style=\"text-align: center;\"><strong>Cilindros hidr\u00e1ulicos de eleva\u00e7\u00e3o para armazenamento e movimenta\u00e7\u00e3o de ve\u00edculos.<\/strong><\/p>\n<h2><strong>Cilindros hidr\u00e1ulicos de eleva\u00e7\u00e3o para armazenamento e movimenta\u00e7\u00e3o de ve\u00edculos. <\/strong><strong>Especifica\u00e7\u00f5es t\u00e9cnicas<\/strong><strong>:<\/strong><\/h2>\n<p><strong>Fun\u00e7\u00e3o:<\/strong> Utilizado para realizar o movimento geral da forquilha para a esquerda e para a direita<br \/>\n<strong>Di\u00e2metro do cilindro:<\/strong> 70 mm - 120 mm<br \/>\n<strong>Di\u00e2metro da haste:<\/strong> 30 mm - 60 mm<br \/>\n<strong>Viagem:<\/strong> 300 mm - 1025 mm<br \/>\n<strong>Press\u00e3o m\u00e1xima:<\/strong> 21MPa<br \/>\n<strong>Impulso m\u00e1ximo:<\/strong> 238 kN<\/p>\n<h2><strong>S\u00e9rie de cilindros hidr\u00e1ulicos para ve\u00edculos de armazenamento e movimenta\u00e7\u00e3o:\u00a0<\/strong><\/h2>\n<h2><img loading=\"lazy\" decoding=\"async\" class=\"aligncenter wp-image-17600 size-full\" src=\"https:\/\/www.hydraulic-cylinders.net\/wp-content\/uploads\/2025\/03\/Storage-and-handling-vehicle-hydraulic-cylinders-construction.webp\" alt=\"\" width=\"640\" height=\"358\" srcset=\"https:\/\/www.hydraulic-cylinders.net\/wp-content\/uploads\/2025\/03\/Storage-and-handling-vehicle-hydraulic-cylinders-construction.webp 640w, https:\/\/www.hydraulic-cylinders.net\/wp-content\/uploads\/2025\/03\/Storage-and-handling-vehicle-hydraulic-cylinders-construction-480x269.webp 480w\" sizes=\"(min-width: 0px) and (max-width: 480px) 480px, (min-width: 481px) 640px, 100vw\" \/><\/h2>\n<h2><strong>Principais caracter\u00edsticas dos cilindros hidr\u00e1ulicos de eleva\u00e7\u00e3o para ve\u00edculos de armazenamento e movimenta\u00e7\u00e3o<\/strong><strong>:<\/strong><\/h2>\n<ul>\n<li><strong>Alta capacidade de carga:<\/strong> Os cilindros hidr\u00e1ulicos de eleva\u00e7\u00e3o s\u00e3o projetados para suportar pesos consider\u00e1veis, garantindo uma opera\u00e7\u00e3o segura e eficaz mesmo nas condi\u00e7\u00f5es mais desafiadoras. Essa capacidade \u00e9 essencial para movimentar com efici\u00eancia paletes grandes, cont\u00eaineres e equipamentos pesados, tornando-os indispens\u00e1veis \u200b\u200bem armaz\u00e9ns e centros de distribui\u00e7\u00e3o. Ao fornecer pot\u00eancia de eleva\u00e7\u00e3o confi\u00e1vel, esses cilindros aumentam a produtividade e a seguran\u00e7a no trabalho.<\/li>\n<li><strong>Constru\u00e7\u00e3o dur\u00e1vel:<\/strong> Fabricados com materiais de alta resist\u00eancia, os cilindros hidr\u00e1ulicos de eleva\u00e7\u00e3o s\u00e3o projetados para suportar uso rigoroso e resistir ao desgaste. Sua constru\u00e7\u00e3o robusta n\u00e3o s\u00f3 prolonga sua vida \u00fatil, como tamb\u00e9m reduz a necessidade de substitui\u00e7\u00f5es frequentes, tornando-os uma solu\u00e7\u00e3o econ\u00f4mica para empresas que dependem de i\u00e7amento de cargas pesadas. Investir em cilindros dur\u00e1veis \u200b\u200bsignifica menos tempo de inatividade e menores custos de manuten\u00e7\u00e3o, contribuindo para uma opera\u00e7\u00e3o mais eficiente.<\/li>\n<li><strong>Funcionamento sem problemas:<\/strong> O sistema hidr\u00e1ulico desses cilindros proporciona movimentos de eleva\u00e7\u00e3o suaves e consistentes, minimizando significativamente solavancos e vibra\u00e7\u00f5es durante a opera\u00e7\u00e3o. Essa suavidade aumenta a seguran\u00e7a, proporcionando maior estabilidade da carga e reduzindo o risco de acidentes ou danos \u00e0s mercadorias. Os operadores podem confiar nesses cilindros para executar tarefas com precis\u00e3o, garantindo que as cargas sejam manuseadas com cuidado e efici\u00eancia.<\/li>\n<li><strong>Design compacto:<\/strong> Lifting hydraulic cylinders feature a compact design that allows for seamless integration into various types of storage and handling vehicles. This space-saving design maximizes the vehicle&#8217;s agility, enabling it to navigate tight spaces with ease. Operators benefit from a streamlined setup that enhances overall efficiency, allowing for quicker responses in fast-paced environments.<\/li>\n<li><strong>Aplica\u00e7\u00f5es vers\u00e1teis:<\/strong> Esses cilindros hidr\u00e1ulicos s\u00e3o compat\u00edveis com uma ampla gama de tipos de ve\u00edculos, incluindo empilhadeiras, transpaleteiras e elevadores hidr\u00e1ulicos. Essa versatilidade os torna adequados para diversos setores, da log\u00edstica e manufatura \u00e0 constru\u00e7\u00e3o civil e agricultura. Sua capacidade de adapta\u00e7\u00e3o a diferentes necessidades de equipamentos permite que as empresas padronizem seus componentes, simplificando a manuten\u00e7\u00e3o e melhorando a efici\u00eancia operacional.<\/li>\n<\/ul>\n<h2><strong>Casos de uso para cilindros hidr\u00e1ulicos de eleva\u00e7\u00e3o para armazenamento e movimenta\u00e7\u00e3o de ve\u00edculos<\/strong><strong>:<\/strong><\/h2>\n<p>Os cilindros hidr\u00e1ulicos de eleva\u00e7\u00e3o s\u00e3o essenciais para a opera\u00e7\u00e3o eficiente de ve\u00edculos de armazenamento e movimenta\u00e7\u00e3o. Sua capacidade de elevar e abaixar cargas pesadas de forma suave e segura os torna indispens\u00e1veis \u200b\u200bem diversas aplica\u00e7\u00f5es industriais. Aqui est\u00e3o alguns exemplos de uso:<\/p>\n<h4>1. <strong>Opera\u00e7\u00f5es de Armaz\u00e9m<\/strong><\/h4>\n<p>Em armaz\u00e9ns, os cilindros hidr\u00e1ulicos de eleva\u00e7\u00e3o s\u00e3o cruciais para movimentar e empilhar paletes. Eles permitem que empilhadeiras e transpaleteiras elevem cargas pesadas at\u00e9 prateleiras altas, otimizando o espa\u00e7o de armazenamento vertical e facilitando o acesso ao estoque.<\/p>\n<h4>2. <strong>Carregamento e descarregamento<\/strong><\/h4>\n<p>Durante o carregamento e descarregamento de caminh\u00f5es, esses cilindros fornecem a pot\u00eancia necess\u00e1ria para elevar e abaixar a carga com efici\u00eancia. Essa capacidade reduz o tempo gasto nessas tarefas e minimiza o risco de danos \u00e0s mercadorias.<\/p>\n<h4>3. <strong>Instala\u00e7\u00f5es de fabrica\u00e7\u00e3o<\/strong><\/h4>\n<p>Em ambientes de produ\u00e7\u00e3o, os cilindros hidr\u00e1ulicos de eleva\u00e7\u00e3o auxiliam no transporte de componentes entre diferentes etapas do processo produtivo. Eles permitem o posicionamento preciso dos materiais, otimizando o fluxo de trabalho e aumentando a produtividade nas linhas de montagem.<\/p>\n<h4>4. <strong>Canteiros de obras<\/strong><\/h4>\n<p>Em canteiros de obras, esses cilindros s\u00e3o essenciais para o i\u00e7amento de materiais pesados, como vigas, blocos de concreto e equipamentos. Eles permitem o posicionamento preciso das cargas, melhorando a seguran\u00e7a e a efici\u00eancia durante as tarefas de constru\u00e7\u00e3o.<\/p>\n<h4>5. <strong>Ind\u00fastria Automotiva<\/strong><\/h4>\n<p>Cilindros hidr\u00e1ulicos de eleva\u00e7\u00e3o s\u00e3o utilizados em linhas de montagem automotiva para levantar ve\u00edculos ou componentes durante a fabrica\u00e7\u00e3o e reparos. Sua capacidade de proporcionar eleva\u00e7\u00e3o est\u00e1vel os torna ideais para tarefas que exigem precis\u00e3o.<\/p>\n<p>Procurando cilindros hidr\u00e1ulicos para empilhadeiras de alta resist\u00eancia? Confira nossa linha de produtos. <a href=\"https:\/\/www.hydraulic-cylinders.net\/pt\/forklift-hydraulic-cylinder\/\">Cilindros hidr\u00e1ulicos para servi\u00e7o pesado<\/a>.<\/p>\n<h2><strong>\u00c1rea de produ\u00e7\u00e3o de cilindros para empilhadeiras:<\/strong><\/h2>\n<h2><img loading=\"lazy\" decoding=\"async\" class=\"alignnone size-full wp-image-16972\" src=\"https:\/\/www.hydraulic-cylinders.net\/wp-content\/uploads\/2025\/01\/hydraulic-cylinder-factory-1-scaled.webp\" sizes=\"(min-width: 0px) and (max-width: 480px) 480px, (min-width: 481px) and (max-width: 980px) 980px, (min-width: 981px) and (max-width: 1280px) 1280px, (min-width: 1281px) 2016px, 100vw\" srcset=\"https:\/\/www.hydraulic-cylinders.net\/wp-content\/uploads\/2025\/01\/hydraulic-cylinder-factory-1-scaled.webp 2016w, https:\/\/www.hydraulic-cylinders.net\/wp-content\/uploads\/2025\/01\/hydraulic-cylinder-factory-1-1280x1625.webp 1280w, https:\/\/www.hydraulic-cylinders.net\/wp-content\/uploads\/2025\/01\/hydraulic-cylinder-factory-1-980x1244.webp 980w, https:\/\/www.hydraulic-cylinders.net\/wp-content\/uploads\/2025\/01\/hydraulic-cylinder-factory-1-480x610.webp 480w\" alt=\"\" width=\"2016\" height=\"2560\" \/><\/h2>\n<p>Contamos com uma plataforma independente de P&amp;D de primeira classe para montagem. A oficina de produ\u00e7\u00e3o de cilindros para empilhadeiras conta com quatro linhas de montagem de cilindros de eleva\u00e7\u00e3o semiautom\u00e1ticas e uma linha de montagem de cilindros basculantes totalmente autom\u00e1tica, com capacidade de produ\u00e7\u00e3o anual projetada de milh\u00f5es de pe\u00e7as. A oficina de cilindros especiais conta com sistemas de limpeza e montagem semiautom\u00e1ticos de diversas especifica\u00e7\u00f5es, com capacidade de produ\u00e7\u00e3o anual projetada de 200.000 pe\u00e7as. Equipada com equipamentos de usinagem CNC de marcas renomadas, centros de usinagem, equipamentos especiais para processamento de cilindros de alta precis\u00e3o, m\u00e1quinas de solda rob\u00f3tica, m\u00e1quinas de limpeza autom\u00e1tica, m\u00e1quinas de montagem autom\u00e1tica de cilindros e linhas de produ\u00e7\u00e3o autom\u00e1tica de tinta. Contamos com mais de 300 conjuntos de equipamentos essenciais em opera\u00e7\u00e3o. A aloca\u00e7\u00e3o otimizada e a utiliza\u00e7\u00e3o eficiente dos recursos dos equipamentos garantem os requisitos de precis\u00e3o dos produtos e atendem aos altos padr\u00f5es de qualidade dos produtos.<\/p>\n<p>A oficina de usinagem \u00e9 equipada com centros de torneamento de trilhos de inclina\u00e7\u00e3o personalizados, centros de usinagem, m\u00e1quinas de brunimento de alta velocidade, rob\u00f4s de soldagem e outros equipamentos relevantes, que podem lidar com o trabalho de usinagem de tubos cil\u00edndricos com ID m\u00e1ximo de 400 mm e 6 metros de comprimento m\u00e1ximo.<\/p>\n<h2><img loading=\"lazy\" decoding=\"async\" class=\"alignnone size-full wp-image-16973\" src=\"https:\/\/www.hydraulic-cylinders.net\/wp-content\/uploads\/2025\/01\/hydraulic-cylinder-factory-2-scaled.webp\" sizes=\"(min-width: 0px) and (max-width: 480px) 480px, (min-width: 481px) and (max-width: 980px) 980px, (min-width: 981px) and (max-width: 1280px) 1280px, (min-width: 1281px) 2011px, 100vw\" srcset=\"https:\/\/www.hydraulic-cylinders.net\/wp-content\/uploads\/2025\/01\/hydraulic-cylinder-factory-2-scaled.webp 2011w, https:\/\/www.hydraulic-cylinders.net\/wp-content\/uploads\/2025\/01\/hydraulic-cylinder-factory-2-1280x1629.webp 1280w, https:\/\/www.hydraulic-cylinders.net\/wp-content\/uploads\/2025\/01\/hydraulic-cylinder-factory-2-980x1248.webp 980w, https:\/\/www.hydraulic-cylinders.net\/wp-content\/uploads\/2025\/01\/hydraulic-cylinder-factory-2-480x611.webp 480w\" alt=\"\" width=\"2011\" height=\"2560\" \/><\/h2>\n<p>Possu\u00edmos uma linha de revestimento de tinta \u00e0 base de \u00e1gua totalmente autom\u00e1tica para cilindros de pequeno e m\u00e9dio porte, que realiza carregamento e descarregamento autom\u00e1ticos e rob\u00f4s de pulveriza\u00e7\u00e3o autom\u00e1tica, com capacidade de produ\u00e7\u00e3o projetada de 4.000 unidades por turno. Temos outra linha de pintura semiautom\u00e1tica para cilindros de grande porte, acionada por corrente de transmiss\u00e3o, com capacidade projetada de 60 engradados por turno.<\/p>\n<p>Para melhorar ainda mais o desempenho do produto e estabelecer a posi\u00e7\u00e3o de lideran\u00e7a de nossos cilindros hidr\u00e1ulicos no setor, nossa empresa e a zjimee estabeleceram em conjunto um laborat\u00f3rio de desempenho abrangente de cilindros hidr\u00e1ulicos, v\u00e1lvulas hidr\u00e1ulicas e bombas hidr\u00e1ulicas; o laborat\u00f3rio realiza testes assistidos por computador usando tecnologia eletro-hidr\u00e1ulica, as condi\u00e7\u00f5es de teste s\u00e3o predefinidas por um computador, o que melhora a precis\u00e3o do teste e a versatilidade do sistema, al\u00e9m dos dados experimentais.<\/p>\n<p>A coleta autom\u00e1tica \u00e9 realizada por meio da aplica\u00e7\u00e3o de sensores, e os dados de sa\u00edda, como vazamento interno e efici\u00eancia de carga do cilindro ou da v\u00e1lvula, s\u00e3o processados \u200b\u200bdiretamente pelo computador e convertidos em unidades padr\u00e3o (ml\/min). Ao mesmo tempo, para garantir a seguran\u00e7a operacional do sistema hidr\u00e1ulico, a fun\u00e7\u00e3o de monitoramento de estado \u00e9 executada para par\u00e2metros de desempenho chave, como \"monitoramento da temperatura do \u00f3leo, monitoramento do n\u00edvel do fluido, monitoramento do dispositivo de filtragem\", etc. Entre eles, o banco de testes de cilindro hidr\u00e1ulico pode testar o desempenho da \"carga\".<br \/>\nA efici\u00eancia e o vazamento interno s\u00e3o medidos por meio de leituras. Ao mesmo tempo, o equipamento possui um instrumento de medi\u00e7\u00e3o com r\u00e9gua de grade que atende aos requisitos de todos os itens de teste de produtos de cilindros hidr\u00e1ulicos, de acordo com a norma nacional.<\/p>\n<p>&nbsp;<\/p>","protected":false},"excerpt":{"rendered":"<p>Lifting Hydraulic Cylinders for Storage and Handling Vehicles Lifting hydraulic cylinders are essential components in storage and handling vehicles, enabling efficient lifting and lowering of heavy loads. These cylinders convert hydraulic pressure into mechanical force, providing the power necessary to perform a variety of tasks in warehouses, distribution centers, and manufacturing facilities. Their reliability and [&hellip;]<\/p>","protected":false},"featured_media":17599,"comment_status":"open","ping_status":"closed","template":"","meta":{"_et_pb_use_builder":"","_et_pb_old_content":"","_et_gb_content_width":""},"product_brand":[],"product_cat":[1484,1549],"product_tag":[],"class_list":{"0":"post-17596","1":"product","2":"type-product","3":"status-publish","4":"has-post-thumbnail","6":"product_cat-forklift-hydraulic-cylinders","7":"product_cat-single-acting-hydraulic-cylinder","9":"first","10":"instock","11":"shipping-taxable","12":"product-type-simple"},"amp_enabled":true,"_links":{"self":[{"href":"https:\/\/www.hydraulic-cylinders.net\/pt\/wp-json\/wp\/v2\/product\/17596","targetHints":{"allow":["GET"]}}],"collection":[{"href":"https:\/\/www.hydraulic-cylinders.net\/pt\/wp-json\/wp\/v2\/product"}],"about":[{"href":"https:\/\/www.hydraulic-cylinders.net\/pt\/wp-json\/wp\/v2\/types\/product"}],"replies":[{"embeddable":true,"href":"https:\/\/www.hydraulic-cylinders.net\/pt\/wp-json\/wp\/v2\/comments?post=17596"}],"wp:featuredmedia":[{"embeddable":true,"href":"https:\/\/www.hydraulic-cylinders.net\/pt\/wp-json\/wp\/v2\/media\/17599"}],"wp:attachment":[{"href":"https:\/\/www.hydraulic-cylinders.net\/pt\/wp-json\/wp\/v2\/media?parent=17596"}],"wp:term":[{"taxonomy":"product_brand","embeddable":true,"href":"https:\/\/www.hydraulic-cylinders.net\/pt\/wp-json\/wp\/v2\/product_brand?post=17596"},{"taxonomy":"product_cat","embeddable":true,"href":"https:\/\/www.hydraulic-cylinders.net\/pt\/wp-json\/wp\/v2\/product_cat?post=17596"},{"taxonomy":"product_tag","embeddable":true,"href":"https:\/\/www.hydraulic-cylinders.net\/pt\/wp-json\/wp\/v2\/product_tag?post=17596"}],"curies":[{"name":"wp","href":"https:\/\/api.w.org\/{rel}","templated":true}]}}