{"id":1761,"date":"2023-10-13T05:50:50","date_gmt":"2023-10-13T05:50:50","guid":{"rendered":"https:\/\/hydraulic-cylinders.net\/?post_type=product&#038;p=1761"},"modified":"2025-04-15T05:55:24","modified_gmt":"2025-04-15T05:55:24","slug":"cutter-suction-dredger-inverted-pile-cylinder","status":"publish","type":"product","link":"https:\/\/www.hydraulic-cylinders.net\/pt\/produto\/cutter-suction-dredger-inverted-pile-cylinder\/","title":{"rendered":"Draga de suc\u00e7\u00e3o e cortadora, cilindro de pilha invertida"},"content":{"rendered":"<h1 style=\"text-align: center;\"><strong>Draga de suc\u00e7\u00e3o e cortadora, cilindro de pilha invertida<\/strong><\/h1>\n<p><img loading=\"lazy\" decoding=\"async\" class=\"aligncenter wp-image-1763\" src=\"https:\/\/hydraulic-cylinders.net\/wp-content\/uploads\/2023\/10\/cutter-suction-dredger-inverted-pile-cylinder-1-300x300.webp\" alt=\"\" width=\"400\" height=\"400\" \/><\/p>\n<p>O cilindro de estacas invertidas para draga de suc\u00e7\u00e3o com cortador \u00e9 um dispositivo hidr\u00e1ulico inovador que est\u00e1 transformando projetos de constru\u00e7\u00e3o mar\u00edtima. Com seu design inovador e desempenho excepcional, este cilindro \u00e9 crucial para as opera\u00e7\u00f5es de dragagem modernas.<\/p>\n<p>O cilindro de estacas invertido para draga de suc\u00e7\u00e3o com cortador revolucionou a constru\u00e7\u00e3o mar\u00edtima, oferecendo desempenho excepcional em opera\u00e7\u00f5es de crava\u00e7\u00e3o de estacas. Seu design invertido, alta capacidade de press\u00e3o e resist\u00eancia \u00e0 corros\u00e3o o tornam um dispositivo hidr\u00e1ulico confi\u00e1vel e dur\u00e1vel. Seguindo os m\u00e9todos de uso adequados e realizando manuten\u00e7\u00e3o regular, os profissionais da constru\u00e7\u00e3o mar\u00edtima podem maximizar a efici\u00eancia e a precis\u00e3o de seus projetos. Aproveite o poder do cilindro de estacas invertido para draga de suc\u00e7\u00e3o com cortador e experimente a diferen\u00e7a que ele pode fazer em seus empreendimentos de constru\u00e7\u00e3o mar\u00edtima.<\/p>\n<p>Caracter\u00edsticas principais da draga de suc\u00e7\u00e3o com cortador e cilindro de estacas invertido:<\/p>\n<ul>\n<li>Design invertido: O cilindro de crava\u00e7\u00e3o de estacas invertido da draga de suc\u00e7\u00e3o com cortador possui uma configura\u00e7\u00e3o invertida exclusiva, com a haste do pist\u00e3o estendendo-se para baixo a partir do cilindro. Esse design permite opera\u00e7\u00f5es de crava\u00e7\u00e3o de estacas eficientes e precisas em ambientes marinhos.<\/li>\n<li>Capacidade de Alta Press\u00e3o: Este cilindro foi projetado para suportar condi\u00e7\u00f5es de alta press\u00e3o, garantindo um desempenho confi\u00e1vel e robusto mesmo em projetos de constru\u00e7\u00e3o mar\u00edtima desafiadores. Ele fornece a pot\u00eancia e a for\u00e7a necess\u00e1rias para cravar estacas no leito marinho com excepcional precis\u00e3o.<\/li>\n<li>Resist\u00eancia \u00e0 corros\u00e3o: Fabricado com materiais de alta qualidade, o cilindro de estaca invertida apresenta excelente resist\u00eancia \u00e0 corros\u00e3o, ferrugem e abras\u00e3o. Essa caracter\u00edstica aumenta sua durabilidade, tornando-o adequado para uso prolongado em condi\u00e7\u00f5es mar\u00edtimas adversas.<\/li>\n<\/ul>\n<h2><strong>Par\u00e2metros do cilindro de estacas invertidas da draga de suc\u00e7\u00e3o com cortador:<\/strong><\/h2>\n<table border=\"1\" cellspacing=\"0\" cellpadding=\"0\">\n<tbody>\n<tr>\n<td>Nome do produto<\/td>\n<td>Draga de suc\u00e7\u00e3o e cortadora, cilindro de pilha invertida<\/td>\n<\/tr>\n<tr>\n<td>Caracter\u00edsticas:<\/td>\n<td>Fornecer for\u00e7a de tra\u00e7\u00e3o e compress\u00e3o para retrair e desdobrar a estaca de a\u00e7o.<\/td>\n<\/tr>\n<tr>\n<td>Di\u00e2metro do furo:<\/td>\n<td>At\u00e9 620 mm<\/td>\n<\/tr>\n<tr>\n<td>Di\u00e2metro da haste:<\/td>\n<td>At\u00e9 360 mm<br \/>\nCurso de at\u00e9 5200 mm<\/td>\n<\/tr>\n<tr>\n<td>Press\u00e3o:<\/td>\n<td>at\u00e9 32 MPa<\/td>\n<\/tr>\n<tr>\n<td>For\u00e7a de empuxo:<\/td>\n<td>M\u00e1ximo 7500 kN<\/td>\n<\/tr>\n<tr>\n<td>For\u00e7a de tra\u00e7\u00e3o:<\/td>\n<td>M\u00e1ximo 5000 kN<\/td>\n<\/tr>\n<tr>\n<td>Aplica\u00e7\u00f5es:<\/td>\n<td>Draga de suc\u00e7\u00e3o com cortador<\/td>\n<\/tr>\n<\/tbody>\n<\/table>\n<div><\/div>\n<div>\n<div class=\"txtboxL\">Caracter\u00edsticas:<\/div>\n<div class=\"txtboxR\">Fornecer for\u00e7a de tra\u00e7\u00e3o e compress\u00e3o para retrair e desdobrar a estaca de a\u00e7o.<\/div>\n<div class=\"txtboxL\">Especifica\u00e7\u00e3o:<\/div>\n<div class=\"txtboxR\">Di\u00e2metro do furo: at\u00e9 620 mm<br \/>\nDi\u00e2metro da haste: at\u00e9 360 mm<br \/>\nCurso de at\u00e9 5200 mm<\/div>\n<div class=\"txtboxL\">Press\u00e3o:<\/div>\n<div class=\"txtboxR\">at\u00e9 32 MPa<\/div>\n<div class=\"txtboxL\">For\u00e7a de empuxo:<\/div>\n<div class=\"txtboxR\">M\u00e1ximo 7500 kN<\/div>\n<div class=\"txtboxL\">For\u00e7a de tra\u00e7\u00e3o:<\/div>\n<div class=\"txtboxR\">M\u00e1ximo 5000 kN<\/div>\n<\/div>\n<h2><strong>Aplica\u00e7\u00e3o de cilindros de suc\u00e7\u00e3o e cortadores de tanques de draga:<\/strong><\/h2>\n<p><img loading=\"lazy\" decoding=\"async\" class=\"alignnone wp-image-1757 size-full\" src=\"https:\/\/hydraulic-cylinders.net\/wp-content\/uploads\/2023\/10\/dredger-tank-cylinder-1.webp\" alt=\"\" width=\"600\" height=\"400\" srcset=\"https:\/\/hydraulic-cylinders.net\/wp-content\/uploads\/2023\/10\/dredger-tank-cylinder-1.webp 600w, https:\/\/hydraulic-cylinders.net\/wp-content\/uploads\/2023\/10\/dredger-tank-cylinder-1-480x320.webp 480w\" sizes=\"(min-width: 0px) and (max-width: 480px) 480px, (min-width: 481px) 600px, 100vw\" \/><\/p>\n<h2><strong>M\u00e9todo de utiliza\u00e7\u00e3o da draga de suc\u00e7\u00e3o com cortador e cilindro de estacas invertido<\/strong><strong>:<\/strong><\/h2>\n<ul>\n<li><strong>Prepara\u00e7\u00e3o:<\/strong> Antes de utilizar o cilindro de perfura\u00e7\u00e3o invertido da draga de suc\u00e7\u00e3o com cortador, certifique-se de que todas as precau\u00e7\u00f5es de seguran\u00e7a estejam em vigor. Realize uma inspe\u00e7\u00e3o visual para verificar se o cilindro e seus componentes est\u00e3o em boas condi\u00e7\u00f5es, sem sinais de danos ou vazamentos.<\/li>\n<li><strong>Posicionamento:<\/strong> Posicione o cilindro no local desejado para a crava\u00e7\u00e3o das estacas. Certifique-se de que esteja firmemente preso \u00e0 draga ou outro equipamento, proporcionando estabilidade e suporte durante a opera\u00e7\u00e3o.<\/li>\n<li><strong>Conex\u00e3o:<\/strong> Conecte as mangueiras ou conex\u00f5es hidr\u00e1ulicas \u00e0s portas apropriadas no cilindro e na fonte de energia hidr\u00e1ulica. Verifique se as conex\u00f5es est\u00e3o seguras, sem vazamentos e devidamente alinhadas.<\/li>\n<li><strong>Ajustando o comprimento do curso:<\/strong> Ajuste o curso do cilindro de acordo com a profundidade de crava\u00e7\u00e3o necess\u00e1ria. Normalmente, isso pode ser feito utilizando os controles ou mecanismos fornecidos. Siga as instru\u00e7\u00f5es do fabricante para garantir um ajuste preciso.<\/li>\n<li><strong>Opera\u00e7\u00e3o de crava\u00e7\u00e3o de estacas:<\/strong> Acione a fonte de energia hidr\u00e1ulica para iniciar a opera\u00e7\u00e3o de crava\u00e7\u00e3o de estacas. O cilindro de crava\u00e7\u00e3o invertido da draga de suc\u00e7\u00e3o com cortador exercer\u00e1 for\u00e7a controlada para cravar as estacas no leito marinho. Monitore o processo atentamente, garantindo que a profundidade e a precis\u00e3o desejadas sejam alcan\u00e7adas.<\/li>\n<\/ul>\n<h2><strong>Como substituir os retentores de um cilindro hidr\u00e1ulico?<\/strong><\/h2>\n<p>A substitui\u00e7\u00e3o dos retentores de um cilindro hidr\u00e1ulico \u00e9 uma tarefa comum de manuten\u00e7\u00e3o que ajuda a restaurar seu desempenho e a evitar vazamentos. Aqui est\u00e1 um guia passo a passo sobre como substituir os retentores de um cilindro hidr\u00e1ulico:<\/p>\n<ol>\n<li><strong>Precau\u00e7\u00f5es de seguran\u00e7a:<\/strong>\n<ul>\n<li>Certifique-se de que o sistema hidr\u00e1ulico esteja despressurizado e o cilindro esteja totalmente estendido.<\/li>\n<li>Siga os procedimentos adequados de bloqueio\/etiquetagem para evitar a ativa\u00e7\u00e3o acidental do sistema.<\/li>\n<\/ul>\n<\/li>\n<li><strong>Remo\u00e7\u00e3o do cilindro:<\/strong>\n<ul>\n<li>Desconecte todas as mangueiras ou conex\u00f5es hidr\u00e1ulicas ligadas ao cilindro.<\/li>\n<li>Remova quaisquer pinos ou parafusos de reten\u00e7\u00e3o que prendam o cilindro ao equipamento.<\/li>\n<li>Deslize ou manobre cuidadosamente o cilindro para fora de seus suportes ou conex\u00f5es de montagem.<\/li>\n<\/ul>\n<\/li>\n<li><strong>Identifica\u00e7\u00e3o de focas:<\/strong>\n<ul>\n<li>Identifique os tipos e tamanhos das veda\u00e7\u00f5es que precisam ser substitu\u00eddas. Essas informa\u00e7\u00f5es podem ser encontradas na documenta\u00e7\u00e3o do cilindro ou medindo as veda\u00e7\u00f5es antigas.<\/li>\n<\/ul>\n<\/li>\n<li><strong>Desmontagem:<\/strong>\n<ul>\n<li>Coloque o cilindro sobre uma superf\u00edcie de trabalho limpa.<\/li>\n<li>Remova a(s) tampa(s) da extremidade do cilindro usando ferramentas apropriadas, como chaves ou jogos de soquetes.<\/li>\n<li>Remova cuidadosamente o pist\u00e3o, a biela e as veda\u00e7\u00f5es antigas do cilindro.<\/li>\n<li>Ao desmont\u00e1-los, preste aten\u00e7\u00e3o \u00e0 ordem e \u00e0 orienta\u00e7\u00e3o dos componentes.<\/li>\n<\/ul>\n<\/li>\n<li><strong>Remo\u00e7\u00e3o do selo:<\/strong>\n<ul>\n<li>Remova cuidadosamente as veda\u00e7\u00f5es antigas de seus respectivos encaixes usando ferramentas ou palitos de remo\u00e7\u00e3o de veda\u00e7\u00f5es.<\/li>\n<li>Tenha cuidado para n\u00e3o danificar o cilindro ou outras superf\u00edcies durante este processo.<\/li>\n<\/ul>\n<\/li>\n<li><strong>Limpeza e Inspe\u00e7\u00e3o:<\/strong>\n<ul>\n<li>Limpe o cilindro, o pist\u00e3o, a haste e outros componentes usando um solvente de limpeza adequado para remover sujeira, detritos e res\u00edduos de fluido hidr\u00e1ulico.<\/li>\n<li>Inspecione todas as pe\u00e7as em busca de sinais de danos ou desgaste, como riscos, corros\u00e3o ou rachaduras.<\/li>\n<li>Substitua quaisquer componentes danificados ou desgastados, conforme necess\u00e1rio.<\/li>\n<\/ul>\n<\/li>\n<li><strong>Nova Instala\u00e7\u00e3o de Veda\u00e7\u00e3o:<\/strong>\n<ul>\n<li>Lubrifique as novas veda\u00e7\u00f5es com \u00f3leo hidr\u00e1ulico antes de instal\u00e1-las.<\/li>\n<li>Insira cuidadosamente as novas veda\u00e7\u00f5es em seus respectivos sulcos, certificando-se de que estejam devidamente encaixadas.<\/li>\n<li>Utilize ferramentas de instala\u00e7\u00e3o de veda\u00e7\u00f5es ou m\u00e9todos improvisados \u200b\u200badequados para pressionar as veda\u00e7\u00f5es uniformemente no lugar.<\/li>\n<li>Tenha cuidado para n\u00e3o danificar as veda\u00e7\u00f5es durante o processo de instala\u00e7\u00e3o.<\/li>\n<\/ul>\n<\/li>\n<li><strong>Remontagem:<\/strong>\n<ul>\n<li>Reinstale o pist\u00e3o, a biela e as veda\u00e7\u00f5es no cilindro, seguindo a ordem e a orienta\u00e7\u00e3o corretas.<\/li>\n<li>Aplique uma fina camada de \u00f3leo hidr\u00e1ulico nas veda\u00e7\u00f5es e em outras superf\u00edcies de contato.<\/li>\n<li>Recoloque cuidadosamente a(s) tampa(s) da extremidade e aperte-as firmemente de acordo com as especifica\u00e7\u00f5es do fabricante.<\/li>\n<li>Certifique-se de que todas as conex\u00f5es roscadas estejam devidamente alinhadas e apertadas.<\/li>\n<\/ul>\n<\/li>\n<li><strong>Reinstala\u00e7\u00e3o do cilindro:<\/strong>\n<ul>\n<li>Deslize ou manobre o cilindro remontado de volta para seus suportes ou conex\u00f5es de montagem.<\/li>\n<li>Recoloque os pinos ou parafusos de reten\u00e7\u00e3o para fixar o cilindro no lugar.<\/li>\n<li>Reconecte as mangueiras ou conex\u00f5es hidr\u00e1ulicas ao cilindro, garantindo o alinhamento e o aperto adequados.<\/li>\n<\/ul>\n<\/li>\n<li><strong>Teste e inspe\u00e7\u00e3o:<\/strong>\n<ul>\n<li>Repressurize o sistema hidr\u00e1ulico e verifique se h\u00e1 vazamentos ou funcionamento anormal.<\/li>\n<li>Estenda e retraia totalmente o cilindro para garantir um movimento suave e o funcionamento adequado.<\/li>\n<li>Inspecione o cilindro e suas conex\u00f5es para verificar se h\u00e1 sinais de vazamento ou outros problemas.<\/li>\n<\/ul>\n<\/li>\n<\/ol>\n<h2><strong>Aptid\u00e3o e capacidade da f\u00e1brica:<\/strong><\/h2>\n<h3>(1) Montagem<\/h3>\n<p>Temos uma plataforma de montagem de pesquisa e desenvolvimento independente de primeira classe. A oficina de produ\u00e7\u00e3o de cilindros hidr\u00e1ulicos tem quatro linhas de montagem semiautom\u00e1ticas de cilindros de eleva\u00e7\u00e3o e uma linha de montagem autom\u00e1tica de cilindros de inclina\u00e7\u00e3o, com uma capacidade de produ\u00e7\u00e3o anual projetada de 1 milh\u00e3o de pe\u00e7as. A oficina de cilindros especiais \u00e9 equipada com v\u00e1rias especifica\u00e7\u00f5es de um sistema de montagem de limpeza semiautom\u00e1tica com uma capacidade de produ\u00e7\u00e3o anual projetada de 200.000 pe\u00e7as e equipada com famosos equipamentos de usinagem CNC, um centro de usinagem, um equipamento especial de processamento de cilindros de alta precis\u00e3o, uma m\u00e1quina de solda robotizada, uma m\u00e1quina de limpeza autom\u00e1tica, uma m\u00e1quina de montagem autom\u00e1tica de cilindros e uma linha de produ\u00e7\u00e3o de pintura autom\u00e1tica. O equipamento cr\u00edtico existente \u00e9 de mais de 300 conjuntos (conjuntos). A aloca\u00e7\u00e3o ideal e o uso eficiente dos recursos do equipamento garantem os requisitos de precis\u00e3o dos produtos e atendem \u00e0s necessidades de alta qualidade dos produtos.<\/p>\n<p><img loading=\"lazy\" decoding=\"async\" class=\"alignnone wp-image-626\" src=\"https:\/\/hydraulic-cylinders.net\/wp-content\/uploads\/2023\/08\/hydraulic-cylinder-product-1-300x158.webp\" alt=\"\" width=\"495\" height=\"260\" srcset=\"https:\/\/hydraulic-cylinders.net\/wp-content\/uploads\/2023\/08\/hydraulic-cylinder-product-1-300x158.webp 495w, https:\/\/hydraulic-cylinders.net\/wp-content\/uploads\/2023\/08\/hydraulic-cylinder-product-1-480x252.webp 480w\" sizes=\"(min-width: 0px) and (max-width: 480px) 480px, (min-width: 481px) 495px, 100vw\" \/> <img loading=\"lazy\" decoding=\"async\" class=\"alignnone wp-image-627\" src=\"https:\/\/hydraulic-cylinders.net\/wp-content\/uploads\/2023\/08\/hydraulic-cylinder-product-2-300x189.webp\" alt=\"\" width=\"413\" height=\"260\" \/><\/p>\n<h3>(2) Usinagem<\/h3>\n<p>A oficina de usinagem \u00e9 equipada com um centro de torneamento de trilho inclinado personalizado, um centro de usinagem, uma m\u00e1quina de brunimento de alta velocidade, um rob\u00f4 de soldagem e outros equipamentos relacionados, que podem lidar com o processamento de tubos de cilindros com di\u00e2metro interno m\u00e1ximo de 400 mm e comprimento m\u00e1ximo de 6 metros.<\/p>\n<p><img loading=\"lazy\" decoding=\"async\" class=\"alignnone wp-image-628 size-large\" src=\"https:\/\/hydraulic-cylinders.net\/wp-content\/uploads\/2023\/08\/hydraulic-cylinder-product-3-1024x391.webp\" alt=\"\" width=\"1024\" height=\"391\" srcset=\"https:\/\/hydraulic-cylinders.net\/wp-content\/uploads\/2023\/08\/hydraulic-cylinder-product-3-980x374.webp 980w, https:\/\/hydraulic-cylinders.net\/wp-content\/uploads\/2023\/08\/hydraulic-cylinder-product-3-480x183.webp 480w\" sizes=\"(min-width: 0px) and (max-width: 480px) 480px, (min-width: 481px) and (max-width: 980px) 980px, (min-width: 981px) 1024px, 100vw\" \/><\/p>\n<h3>(3) Soldagem<\/h3>\n<p><img loading=\"lazy\" decoding=\"async\" class=\"alignnone wp-image-629 size-large\" src=\"https:\/\/hydraulic-cylinders.net\/wp-content\/uploads\/2023\/08\/hydraulic-cylinder-product-4-1024x510.webp\" alt=\"\" width=\"1024\" height=\"510\" srcset=\"https:\/\/hydraulic-cylinders.net\/wp-content\/uploads\/2023\/08\/hydraulic-cylinder-product-4-980x488.webp 980w, https:\/\/hydraulic-cylinders.net\/wp-content\/uploads\/2023\/08\/hydraulic-cylinder-product-4-480x239.webp 480w\" sizes=\"(min-width: 0px) and (max-width: 480px) 480px, (min-width: 481px) and (max-width: 980px) 980px, (min-width: 981px) 1024px, 100vw\" \/><\/p>\n<h3>(4) Pintura e revestimento<\/h3>\n<p>Com linhas de revestimento de tinta \u00e0 base de \u00e1gua autom\u00e1ticas de cilindros de pequeno e m\u00e9dio porte, para obter carregamento e descarregamento autom\u00e1ticos de rob\u00f4s e pulveriza\u00e7\u00e3o autom\u00e1tica, a capacidade projetada \u00e9 de 4.000 pe\u00e7as por turno;<br \/>\nTamb\u00e9m temos uma linha de produ\u00e7\u00e3o de tinta semiautom\u00e1tica para cilindros grandes, acionada por uma corrente el\u00e9trica, com capacidade de projeto de 60 caixas por turno.<\/p>\n<p><img loading=\"lazy\" decoding=\"async\" class=\"alignnone wp-image-630\" src=\"https:\/\/hydraulic-cylinders.net\/wp-content\/uploads\/2023\/08\/hydraulic-cylinder-product-5-300x213.webp\" alt=\"\" width=\"366\" height=\"260\" \/> <img loading=\"lazy\" decoding=\"async\" class=\"alignnone wp-image-631\" src=\"https:\/\/hydraulic-cylinders.net\/wp-content\/uploads\/2023\/08\/hydraulic-cylinder-product-6-300x225.webp\" alt=\"\" width=\"347\" height=\"260\" \/><\/p>\n<h3>(5) Testes<\/h3>\n<p>Temos instala\u00e7\u00f5es de inspe\u00e7\u00e3o e bancos de teste de primeira classe para garantir que o desempenho do cilindro atenda aos requisitos.<\/p>\n<p><img loading=\"lazy\" decoding=\"async\" class=\"alignnone wp-image-632\" src=\"https:\/\/hydraulic-cylinders.net\/wp-content\/uploads\/2023\/08\/hydraulic-cylinder-product-8-300x200.webp\" alt=\"\" width=\"389\" height=\"260\" \/><\/p>\n<p>&nbsp;<\/p>\n<p>&nbsp;<\/p>\n<p>Somos um dos melhores fabricantes de cilindros hidr\u00e1ulicos. Oferecemos cilindros hidr\u00e1ulicos completos. Tamb\u00e9m fornecemos os correspondentes <a href=\"https:\/\/hzpt.com\/agricultural-pto-gearbox\/\" target=\"_blank\" rel=\"noopener\">caixas de c\u00e2mbio agr\u00edcolas<\/a>. Exportamos nossos produtos para clientes em todo o mundo e conquistamos uma boa reputa\u00e7\u00e3o devido \u00e0 qualidade superior de nossos produtos e ao servi\u00e7o p\u00f3s-venda. Convidamos clientes nacionais e estrangeiros a entrar em contato conosco para negociar neg\u00f3cios, trocar informa\u00e7\u00f5es e <a href=\"https:\/\/www.hydraulic-cylinders.net\/pt\/contact-us\/\">cooperar conosco<\/a>!<\/p>","protected":false},"excerpt":{"rendered":"<p>Cutter Suction Dredger Inverted Pile Cylinder The cutter suction dredger inverted pile cylinder is a groundbreaking hydraulic device transforming marine construction projects. With its innovative design and exceptional performance, this cylinder is crucial to modern dredging operations. The cutter suction dredger inverted pile cylinder has revolutionized marine construction by offering exceptional performance in piling operations. [&hellip;]<\/p>","protected":false},"featured_media":1764,"comment_status":"open","ping_status":"closed","template":"","meta":{"_et_pb_use_builder":"","_et_pb_old_content":"","_et_gb_content_width":""},"product_brand":[],"product_cat":[1535,1549,1552,1376],"product_tag":[1380],"class_list":{"0":"post-1761","1":"product","2":"type-product","3":"status-publish","4":"has-post-thumbnail","6":"product_cat-dredger-hydraulic-cylinders","7":"product_cat-single-acting-hydraulic-cylinder","8":"product_cat-stainless-steel-hydraulic-cylinder","9":"product_cat-hydraulic-cylinder","10":"product_tag-hydraulic-cylinder","12":"first","13":"instock","14":"shipping-taxable","15":"product-type-simple"},"amp_enabled":true,"_links":{"self":[{"href":"https:\/\/www.hydraulic-cylinders.net\/pt\/wp-json\/wp\/v2\/product\/1761","targetHints":{"allow":["GET"]}}],"collection":[{"href":"https:\/\/www.hydraulic-cylinders.net\/pt\/wp-json\/wp\/v2\/product"}],"about":[{"href":"https:\/\/www.hydraulic-cylinders.net\/pt\/wp-json\/wp\/v2\/types\/product"}],"replies":[{"embeddable":true,"href":"https:\/\/www.hydraulic-cylinders.net\/pt\/wp-json\/wp\/v2\/comments?post=1761"}],"wp:featuredmedia":[{"embeddable":true,"href":"https:\/\/www.hydraulic-cylinders.net\/pt\/wp-json\/wp\/v2\/media\/1764"}],"wp:attachment":[{"href":"https:\/\/www.hydraulic-cylinders.net\/pt\/wp-json\/wp\/v2\/media?parent=1761"}],"wp:term":[{"taxonomy":"product_brand","embeddable":true,"href":"https:\/\/www.hydraulic-cylinders.net\/pt\/wp-json\/wp\/v2\/product_brand?post=1761"},{"taxonomy":"product_cat","embeddable":true,"href":"https:\/\/www.hydraulic-cylinders.net\/pt\/wp-json\/wp\/v2\/product_cat?post=1761"},{"taxonomy":"product_tag","embeddable":true,"href":"https:\/\/www.hydraulic-cylinders.net\/pt\/wp-json\/wp\/v2\/product_tag?post=1761"}],"curies":[{"name":"wp","href":"https:\/\/api.w.org\/{rel}","templated":true}]}}