{"id":1768,"date":"2023-10-13T06:16:16","date_gmt":"2023-10-13T06:16:16","guid":{"rendered":"https:\/\/hydraulic-cylinders.net\/?post_type=product&#038;p=1768"},"modified":"2025-04-15T05:55:00","modified_gmt":"2025-04-15T05:55:00","slug":"trailing-suction-dredger-hanger-cylinder","status":"publish","type":"product","link":"https:\/\/www.hydraulic-cylinders.net\/pt\/produto\/trailing-suction-dredger-hanger-cylinder\/","title":{"rendered":"Cilindro de suporte de draga de suc\u00e7\u00e3o de arrasto"},"content":{"rendered":"<h1 style=\"text-align: center;\"><strong>Cilindro de suporte de draga de suc\u00e7\u00e3o de arrasto<\/strong><\/h1>\n<p><img loading=\"lazy\" decoding=\"async\" class=\"aligncenter wp-image-1771\" src=\"https:\/\/hydraulic-cylinders.net\/wp-content\/uploads\/2023\/10\/trailing-suction-dredger-hanger-cylinder-1-2-300x300.webp\" alt=\"\" width=\"400\" height=\"400\" \/><\/p>\n<p>O cilindro do suporte de suc\u00e7\u00e3o da draga de arrasto \u00e9 um componente hidr\u00e1ulico crucial que otimiza significativamente a efici\u00eancia e a efic\u00e1cia das opera\u00e7\u00f5es de dragagem. Projetado para fornecer suporte e controle confi\u00e1veis, este cilindro garante o posicionamento preciso e a estabilidade do sistema de suporte de suc\u00e7\u00e3o.<\/p>\n<p>O cilindro de suspens\u00e3o da draga de suc\u00e7\u00e3o arrast\u00e3o \u00e9 vital para otimizar a efici\u00eancia e a produtividade das opera\u00e7\u00f5es de dragagem. Com sua constru\u00e7\u00e3o robusta, posicionamento preciso e capacidade de carga, este cilindro hidr\u00e1ulico fornece o suporte e o controle necess\u00e1rios para o sistema de suspens\u00e3o da draga de suc\u00e7\u00e3o arrast\u00e3o. Seguindo os m\u00e9todos de uso adequados e aderindo \u00e0s pr\u00e1ticas regulares de manuten\u00e7\u00e3o, os profissionais de dragagem podem maximizar o desempenho e a vida \u00fatil deste produto excepcional. Aproveite o poder do cilindro de suspens\u00e3o da draga de suc\u00e7\u00e3o arrast\u00e3o e sinta a diferen\u00e7a que ele pode fazer em seus projetos de dragagem.<\/p>\n<p>Principais caracter\u00edsticas do cilindro do suporte da draga de suc\u00e7\u00e3o de arrasto:<\/p>\n<ol>\n<li>Constru\u00e7\u00e3o robusta: O cilindro suspensor da draga de suc\u00e7\u00e3o arrast\u00e1vel \u00e9 constru\u00eddo com materiais de alta qualidade que oferecem resist\u00eancia e durabilidade excepcionais. Ele foi projetado para suportar o ambiente marinho hostil, garantindo desempenho confi\u00e1vel e longevidade.<\/li>\n<li>Posicionamento Preciso: Este cilindro permite o posicionamento preciso do sistema de suc\u00e7\u00e3o de arrasto, permitindo opera\u00e7\u00f5es de dragagem precisas. Seu controle hidr\u00e1ulico precisamente ajustado garante estabilidade e controle durante o processo de dragagem.<\/li>\n<li>Capacidade de carga: O cilindro suspensor foi projetado para suportar cargas significativas associadas ao sistema de suspens\u00e3o de suc\u00e7\u00e3o. Ele fornece a for\u00e7a e o suporte necess\u00e1rios para levantar e manobrar a cabe\u00e7a de suc\u00e7\u00e3o, aumentando a efici\u00eancia da dragagem.<\/li>\n<\/ol>\n<h2><strong>Par\u00e2metro do cilindro do suporte da draga de suc\u00e7\u00e3o de arrasto:<\/strong><\/h2>\n<table border=\"1\" cellspacing=\"0\" cellpadding=\"0\">\n<tbody>\n<tr>\n<td>Nome do produto<\/td>\n<td>Cilindro de suporte de draga de suc\u00e7\u00e3o de arrasto<\/td>\n<\/tr>\n<tr>\n<td>Caracter\u00edsticas:<\/td>\n<td>Fornece for\u00e7a de tra\u00e7\u00e3o para retrair e desdobrar o cabide<\/td>\n<\/tr>\n<tr>\n<td>Di\u00e2metro do furo:<\/td>\n<td>450 mm<\/td>\n<\/tr>\n<tr>\n<td>Di\u00e2metro da haste:<\/td>\n<td>220 mm<br \/>\nCurso: 3630 mm<\/td>\n<\/tr>\n<tr>\n<td>Press\u00e3o:<\/td>\n<td>at\u00e9 32 MPa<\/td>\n<\/tr>\n<tr>\n<td>For\u00e7a de tra\u00e7\u00e3o:<\/td>\n<td>M\u00e1ximo 3000KN<\/td>\n<\/tr>\n<tr>\n<td>Aplica\u00e7\u00f5es:<\/td>\n<td>Draga de suc\u00e7\u00e3o de arrasto<\/td>\n<\/tr>\n<\/tbody>\n<\/table>\n<div><\/div>\n<div>\n<div class=\"txtboxL\">\n<div class=\"txtboxL\">\n<div class=\"txtboxL\">Caracter\u00edsticas:<\/div>\n<div class=\"txtboxR\">Fornece for\u00e7a de tra\u00e7\u00e3o para retrair e desdobrar o cabide<\/div>\n<div class=\"txtboxL\">Especifica\u00e7\u00e3o:<\/div>\n<div class=\"txtboxR\">Di\u00e2metro do furo: 450 mm<br \/>\nDi\u00e2metro da haste: 220 mm<br \/>\nCurso: 3630 mm<\/div>\n<div class=\"txtboxL\">Press\u00e3o:<\/div>\n<div class=\"txtboxR\">at\u00e9 32 MPa<\/div>\n<div class=\"txtboxL\">For\u00e7a de tra\u00e7\u00e3o:<\/div>\n<div class=\"txtboxR\">M\u00e1ximo 3000KN<\/div>\n<\/div>\n<\/div>\n<\/div>\n<h2><strong>Aplica\u00e7\u00e3o de cilindros de suc\u00e7\u00e3o e cortadores de tanques de draga:<\/strong><\/h2>\n<p><img loading=\"lazy\" decoding=\"async\" class=\"alignnone wp-image-1757 size-full\" src=\"https:\/\/hydraulic-cylinders.net\/wp-content\/uploads\/2023\/10\/dredger-tank-cylinder-1.webp\" alt=\"\" width=\"600\" height=\"400\" srcset=\"https:\/\/hydraulic-cylinders.net\/wp-content\/uploads\/2023\/10\/dredger-tank-cylinder-1.webp 600w, https:\/\/hydraulic-cylinders.net\/wp-content\/uploads\/2023\/10\/dredger-tank-cylinder-1-480x320.webp 480w\" sizes=\"(min-width: 0px) and (max-width: 480px) 480px, (min-width: 481px) 600px, 100vw\" \/><\/p>\n<h2><strong>M\u00e9todo de uso do cilindro de suporte de draga de suc\u00e7\u00e3o de arrasto<\/strong><strong>:<\/strong><\/h2>\n<ol>\n<li><strong>Instala\u00e7\u00e3o:<\/strong>\u00a0 Fixe com seguran\u00e7a o cilindro do gancho de suc\u00e7\u00e3o \u00e0 estrutura ou equipamento da draga. Garanta o alinhamento adequado e a fixa\u00e7\u00e3o segura para garantir estabilidade durante a opera\u00e7\u00e3o.<\/li>\n<li><strong>Conex\u00f5es hidr\u00e1ulicas:<\/strong> Conecte o cilindro \u00e0 fonte de energia hidr\u00e1ulica usando mangueiras ou conex\u00f5es compat\u00edveis. Verifique se as conex\u00f5es est\u00e3o bem presas e sem vazamentos.<\/li>\n<li><strong>Ajuste de posicionamento:<\/strong> Ajuste a posi\u00e7\u00e3o do cilindro do suspensor para atingir a altura e o \u00e2ngulo desejados para o sistema de suc\u00e7\u00e3o do suspensor. Utilize os mecanismos de controle hidr\u00e1ulico fornecidos para ajustar o posicionamento.<\/li>\n<li><strong>Suporte de carga:<\/strong> Acione a fonte de energia hidr\u00e1ulica para aplicar a for\u00e7a necess\u00e1ria para levantar e controlar a cabe\u00e7a de suc\u00e7\u00e3o. O cilindro suspensor fornece suporte de carga robusto, garantindo estabilidade e controle durante as opera\u00e7\u00f5es de dragagem.<\/li>\n<\/ol>\n<h2><strong>Como funciona o cilindro hidr\u00e1ulico?<\/strong><\/h2>\n<p>Um cilindro hidr\u00e1ulico \u00e9 um atuador mec\u00e2nico que converte press\u00e3o hidr\u00e1ulica em for\u00e7a e movimento linear. Consiste em um cilindro cil\u00edndrico, um pist\u00e3o, uma haste, veda\u00e7\u00f5es e entradas para fluido hidr\u00e1ulico. Veja como funciona um cilindro hidr\u00e1ulico:<\/p>\n<ol>\n<li><strong>Fornecimento de fluido hidr\u00e1ulico:<\/strong> Um cilindro hidr\u00e1ulico \u00e9 conectado a uma unidade de pot\u00eancia hidr\u00e1ulica ou bomba que fornece fluido hidr\u00e1ulico pressurizado. O fluido normalmente \u00e9 \u00e0 base de \u00f3leo.<\/li>\n<li><strong>Estrutura do cilindro:<\/strong> O cilindro possui um cilindro oco com um pist\u00e3o instalado em seu interior. O pist\u00e3o divide o cilindro em duas c\u00e2maras: a c\u00e2mara da extremidade da haste e a c\u00e2mara da extremidade da tampa.<\/li>\n<li><strong>Aplica\u00e7\u00e3o de press\u00e3o:<\/strong> O fluido hidr\u00e1ulico \u00e9 direcionado para uma das c\u00e2maras do cilindro, seja a c\u00e2mara da extremidade da haste ou a c\u00e2mara da extremidade da tampa, dependendo da dire\u00e7\u00e3o de movimento desejada.<\/li>\n<li><strong>Diferen\u00e7a de press\u00e3o:<\/strong> O fluido hidr\u00e1ulico pressurizado atua na superf\u00edcie do pist\u00e3o, criando uma for\u00e7a que o impulsiona na dire\u00e7\u00e3o designada. A diferen\u00e7a de press\u00e3o entre as duas c\u00e2maras faz com que o pist\u00e3o se mova.<\/li>\n<li><strong>Movimento Linear:<\/strong> \u00c0 medida que o fluido hidr\u00e1ulico empurra o pist\u00e3o, a haste do pist\u00e3o acoplada a ele se estende ou retrai linearmente, dependendo da dire\u00e7\u00e3o do fluxo do fluido. Esse movimento linear transfere for\u00e7a para a carga ou mecanismo conectado \u00e0 haste do pist\u00e3o.<\/li>\n<li><strong>Mecanismo de veda\u00e7\u00e3o:<\/strong> O cilindro hidr\u00e1ulico \u00e9 equipado com veda\u00e7\u00f5es, como veda\u00e7\u00f5es de pist\u00e3o e veda\u00e7\u00f5es de biela, para evitar vazamentos de fluido hidr\u00e1ulico. Essas veda\u00e7\u00f5es mant\u00eam a press\u00e3o dentro do cilindro e garantem uma opera\u00e7\u00e3o suave, evitando o vazamento de fluido.<\/li>\n<li><strong>V\u00e1lvulas de controle:<\/strong> V\u00e1lvulas de controle s\u00e3o usadas para controlar a dire\u00e7\u00e3o e o fluxo do fluido hidr\u00e1ulico. Essas v\u00e1lvulas direcionam o fluxo de fluido hidr\u00e1ulico para a c\u00e2mara apropriada do cilindro, permitindo a extens\u00e3o ou retra\u00e7\u00e3o do pist\u00e3o.<\/li>\n<li><strong>Al\u00edvio de press\u00e3o:<\/strong> Para controlar a velocidade e a for\u00e7a do cilindro hidr\u00e1ulico, v\u00e1lvulas de al\u00edvio de press\u00e3o ou v\u00e1lvulas de controle de fluxo podem ser incorporadas ao sistema hidr\u00e1ulico. Essas v\u00e1lvulas regulam a press\u00e3o e o fluxo do fluido hidr\u00e1ulico, evitando o ac\u00famulo excessivo de press\u00e3o e garantindo uma opera\u00e7\u00e3o segura.<\/li>\n<li><strong>Carregar aplica\u00e7\u00e3o:<\/strong> A haste do pist\u00e3o do cilindro hidr\u00e1ulico \u00e9 conectada \u00e0 carga ou ao mecanismo que requer for\u00e7a ou movimento. \u00c0 medida que o pist\u00e3o se estende ou retrai, a for\u00e7a gerada \u00e9 transferida atrav\u00e9s da haste do pist\u00e3o para a carga, permitindo que ela se mova ou exer\u00e7a for\u00e7a.<\/li>\n<\/ol>\n<h2><strong>Aptid\u00e3o e capacidade da f\u00e1brica:<\/strong><\/h2>\n<h3>(1) Montagem<\/h3>\n<p>Temos uma plataforma de montagem de pesquisa e desenvolvimento independente de primeira classe. A oficina de produ\u00e7\u00e3o de cilindros hidr\u00e1ulicos tem quatro linhas de montagem semiautom\u00e1ticas de cilindros de eleva\u00e7\u00e3o e uma linha de montagem autom\u00e1tica de cilindros de inclina\u00e7\u00e3o, com uma capacidade de produ\u00e7\u00e3o anual projetada de 1 milh\u00e3o de pe\u00e7as. A oficina de cilindros especiais \u00e9 equipada com v\u00e1rias especifica\u00e7\u00f5es de um sistema de montagem de limpeza semiautom\u00e1tica com uma capacidade de produ\u00e7\u00e3o anual projetada de 200.000 pe\u00e7as e equipada com famosos equipamentos de usinagem CNC, um centro de usinagem, um equipamento especial de processamento de cilindros de alta precis\u00e3o, uma m\u00e1quina de solda robotizada, uma m\u00e1quina de limpeza autom\u00e1tica, uma m\u00e1quina de montagem autom\u00e1tica de cilindros e uma linha de produ\u00e7\u00e3o de pintura autom\u00e1tica. O equipamento cr\u00edtico existente \u00e9 de mais de 300 conjuntos (conjuntos). A aloca\u00e7\u00e3o ideal e o uso eficiente dos recursos do equipamento garantem os requisitos de precis\u00e3o dos produtos e atendem \u00e0s necessidades de alta qualidade dos produtos.<\/p>\n<p><img loading=\"lazy\" decoding=\"async\" class=\"alignnone wp-image-626\" src=\"https:\/\/hydraulic-cylinders.net\/wp-content\/uploads\/2023\/08\/hydraulic-cylinder-product-1-300x158.webp\" alt=\"\" width=\"495\" height=\"260\" srcset=\"https:\/\/hydraulic-cylinders.net\/wp-content\/uploads\/2023\/08\/hydraulic-cylinder-product-1-300x158.webp 495w, https:\/\/hydraulic-cylinders.net\/wp-content\/uploads\/2023\/08\/hydraulic-cylinder-product-1-480x252.webp 480w\" sizes=\"(min-width: 0px) and (max-width: 480px) 480px, (min-width: 481px) 495px, 100vw\" \/> <img loading=\"lazy\" decoding=\"async\" class=\"alignnone wp-image-627\" src=\"https:\/\/hydraulic-cylinders.net\/wp-content\/uploads\/2023\/08\/hydraulic-cylinder-product-2-300x189.webp\" alt=\"\" width=\"413\" height=\"260\" \/><\/p>\n<h3>(2) Usinagem<\/h3>\n<p>A oficina de usinagem \u00e9 equipada com um centro de torneamento de trilho inclinado personalizado, um centro de usinagem, uma m\u00e1quina de brunimento de alta velocidade, um rob\u00f4 de soldagem e outros equipamentos relacionados, que podem lidar com o processamento de tubos de cilindros com di\u00e2metro interno m\u00e1ximo de 400 mm e comprimento m\u00e1ximo de 6 metros.<\/p>\n<p><img loading=\"lazy\" decoding=\"async\" class=\"alignnone wp-image-628 size-large\" src=\"https:\/\/hydraulic-cylinders.net\/wp-content\/uploads\/2023\/08\/hydraulic-cylinder-product-3-1024x391.webp\" alt=\"\" width=\"1024\" height=\"391\" srcset=\"https:\/\/hydraulic-cylinders.net\/wp-content\/uploads\/2023\/08\/hydraulic-cylinder-product-3-980x374.webp 980w, https:\/\/hydraulic-cylinders.net\/wp-content\/uploads\/2023\/08\/hydraulic-cylinder-product-3-480x183.webp 480w\" sizes=\"(min-width: 0px) and (max-width: 480px) 480px, (min-width: 481px) and (max-width: 980px) 980px, (min-width: 981px) 1024px, 100vw\" \/><\/p>\n<h3>(3) Soldagem<\/h3>\n<p><img loading=\"lazy\" decoding=\"async\" class=\"alignnone wp-image-629 size-large\" src=\"https:\/\/hydraulic-cylinders.net\/wp-content\/uploads\/2023\/08\/hydraulic-cylinder-product-4-1024x510.webp\" alt=\"\" width=\"1024\" height=\"510\" srcset=\"https:\/\/hydraulic-cylinders.net\/wp-content\/uploads\/2023\/08\/hydraulic-cylinder-product-4-980x488.webp 980w, https:\/\/hydraulic-cylinders.net\/wp-content\/uploads\/2023\/08\/hydraulic-cylinder-product-4-480x239.webp 480w\" sizes=\"(min-width: 0px) and (max-width: 480px) 480px, (min-width: 481px) and (max-width: 980px) 980px, (min-width: 981px) 1024px, 100vw\" \/><\/p>\n<h3>(4) Pintura e revestimento<\/h3>\n<p>Com linhas de revestimento de tinta \u00e0 base de \u00e1gua autom\u00e1ticas de cilindros de pequeno e m\u00e9dio porte, para obter carregamento e descarregamento autom\u00e1ticos de rob\u00f4s e pulveriza\u00e7\u00e3o autom\u00e1tica, a capacidade projetada \u00e9 de 4.000 pe\u00e7as por turno;<br \/>\nTamb\u00e9m temos uma linha de produ\u00e7\u00e3o de tinta semiautom\u00e1tica para cilindros grandes, acionada por uma corrente el\u00e9trica, com capacidade de projeto de 60 caixas por turno.<\/p>\n<p><img loading=\"lazy\" decoding=\"async\" class=\"alignnone wp-image-630\" src=\"https:\/\/hydraulic-cylinders.net\/wp-content\/uploads\/2023\/08\/hydraulic-cylinder-product-5-300x213.webp\" alt=\"\" width=\"366\" height=\"260\" \/> <img loading=\"lazy\" decoding=\"async\" class=\"alignnone wp-image-631\" src=\"https:\/\/hydraulic-cylinders.net\/wp-content\/uploads\/2023\/08\/hydraulic-cylinder-product-6-300x225.webp\" alt=\"\" width=\"347\" height=\"260\" \/><\/p>\n<h3>(5) Testes<\/h3>\n<p>Temos instala\u00e7\u00f5es de inspe\u00e7\u00e3o e bancos de teste de primeira classe para garantir que o desempenho do cilindro atenda aos requisitos.<\/p>\n<p><img loading=\"lazy\" decoding=\"async\" class=\"alignnone wp-image-632\" src=\"https:\/\/hydraulic-cylinders.net\/wp-content\/uploads\/2023\/08\/hydraulic-cylinder-product-8-300x200.webp\" alt=\"\" width=\"389\" height=\"260\" \/><\/p>\n<p>&nbsp;<\/p>\n<p>&nbsp;<\/p>\n<p>Somos um dos melhores fabricantes de cilindros hidr\u00e1ulicos. Oferecemos cilindros hidr\u00e1ulicos completos. Tamb\u00e9m fornecemos os correspondentes <a href=\"https:\/\/hzpt.com\/agricultural-pto-gearbox\/\" target=\"_blank\" rel=\"noopener\">caixas de c\u00e2mbio agr\u00edcolas<\/a>. Exportamos nossos produtos para clientes em todo o mundo e conquistamos uma boa reputa\u00e7\u00e3o devido \u00e0 qualidade superior de nossos produtos e ao servi\u00e7o p\u00f3s-venda. Convidamos clientes nacionais e estrangeiros a entrar em contato conosco para negociar neg\u00f3cios, trocar informa\u00e7\u00f5es e <a href=\"https:\/\/www.hydraulic-cylinders.net\/pt\/contact-us\/\">cooperar conosco<\/a>!<\/p>","protected":false},"excerpt":{"rendered":"<p>Trailing Suction Dredger Hanger Cylinder The trailing suction dredger hanger cylinder is a crucial hydraulic component that significantly optimizes the efficiency and effectiveness of dredging operations. Designed to provide reliable support and control, this cylinder ensures precise positioning and stability of the trailing suction hanger system. The trailing suction dredger hanger cylinder is vital in [&hellip;]<\/p>","protected":false},"featured_media":1769,"comment_status":"open","ping_status":"closed","template":"","meta":{"_et_pb_use_builder":"","_et_pb_old_content":"","_et_gb_content_width":""},"product_brand":[],"product_cat":[1535,1549,1552,1376],"product_tag":[1380],"class_list":{"0":"post-1768","1":"product","2":"type-product","3":"status-publish","4":"has-post-thumbnail","6":"product_cat-dredger-hydraulic-cylinders","7":"product_cat-single-acting-hydraulic-cylinder","8":"product_cat-stainless-steel-hydraulic-cylinder","9":"product_cat-hydraulic-cylinder","10":"product_tag-hydraulic-cylinder","12":"first","13":"instock","14":"shipping-taxable","15":"product-type-simple"},"amp_enabled":true,"_links":{"self":[{"href":"https:\/\/www.hydraulic-cylinders.net\/pt\/wp-json\/wp\/v2\/product\/1768","targetHints":{"allow":["GET"]}}],"collection":[{"href":"https:\/\/www.hydraulic-cylinders.net\/pt\/wp-json\/wp\/v2\/product"}],"about":[{"href":"https:\/\/www.hydraulic-cylinders.net\/pt\/wp-json\/wp\/v2\/types\/product"}],"replies":[{"embeddable":true,"href":"https:\/\/www.hydraulic-cylinders.net\/pt\/wp-json\/wp\/v2\/comments?post=1768"}],"wp:featuredmedia":[{"embeddable":true,"href":"https:\/\/www.hydraulic-cylinders.net\/pt\/wp-json\/wp\/v2\/media\/1769"}],"wp:attachment":[{"href":"https:\/\/www.hydraulic-cylinders.net\/pt\/wp-json\/wp\/v2\/media?parent=1768"}],"wp:term":[{"taxonomy":"product_brand","embeddable":true,"href":"https:\/\/www.hydraulic-cylinders.net\/pt\/wp-json\/wp\/v2\/product_brand?post=1768"},{"taxonomy":"product_cat","embeddable":true,"href":"https:\/\/www.hydraulic-cylinders.net\/pt\/wp-json\/wp\/v2\/product_cat?post=1768"},{"taxonomy":"product_tag","embeddable":true,"href":"https:\/\/www.hydraulic-cylinders.net\/pt\/wp-json\/wp\/v2\/product_tag?post=1768"}],"curies":[{"name":"wp","href":"https:\/\/api.w.org\/{rel}","templated":true}]}}