{"id":1778,"date":"2023-10-13T07:48:25","date_gmt":"2023-10-13T07:48:25","guid":{"rendered":"https:\/\/hydraulic-cylinders.net\/?post_type=product&#038;p=1778"},"modified":"2025-04-15T05:54:51","modified_gmt":"2025-04-15T05:54:51","slug":"barge-split-cylinder","status":"publish","type":"product","link":"https:\/\/www.hydraulic-cylinders.net\/pt\/produto\/barge-split-cylinder\/","title":{"rendered":"Cilindro dividido para barca\u00e7a"},"content":{"rendered":"<h1 style=\"text-align: center;\"><strong>Cilindro dividido para barca\u00e7a<\/strong><\/h1>\n<h1 style=\"text-align: center;\"><img loading=\"lazy\" decoding=\"async\" class=\"alignnone size-medium wp-image-1782\" src=\"https:\/\/hydraulic-cylinders.net\/wp-content\/uploads\/2023\/10\/split-cylinder-1-0-300x300.webp\" alt=\"\" width=\"300\" height=\"300\" \/><\/h1>\n<p>O cilindro bipartido para barca\u00e7as \u00e9 um produto revolucion\u00e1rio projetado para otimizar as opera\u00e7\u00f5es mar\u00edtimas, especialmente no transporte e manuseio de mercadorias e materiais. Este cilindro hidr\u00e1ulico inovador oferece uma gama de recursos e benef\u00edcios que aumentam a efici\u00eancia, a seguran\u00e7a e a produtividade.<\/p>\n<p>O cilindro bipartido para barca\u00e7as oferece uma gama de recursos e benef\u00edcios que aumentam a efici\u00eancia, a seguran\u00e7a e a produtividade nas opera\u00e7\u00f5es mar\u00edtimas. Seu design bipartido, alta capacidade de carga, controle preciso e sistema hidr\u00e1ulico confi\u00e1vel o tornam valioso para movimenta\u00e7\u00e3o de cargas, dragagem e atividades de constru\u00e7\u00e3o offshore. Seguindo os m\u00e9todos de uso e pr\u00e1ticas de manuten\u00e7\u00e3o recomendados, os operadores podem maximizar o desempenho e a longevidade do cilindro bipartido para barca\u00e7as, melhorando, em \u00faltima an\u00e1lise, a efici\u00eancia e a efic\u00e1cia das opera\u00e7\u00f5es mar\u00edtimas.<\/p>\n<p>Principais caracter\u00edsticas do cilindro bipartido para barca\u00e7a:<\/p>\n<ol>\n<li>Design dividido para versatilidade:<\/li>\n<\/ol>\n<ul>\n<li>O cilindro bipartido para barca\u00e7a apresenta um design bipartido exclusivo, permitindo f\u00e1cil instala\u00e7\u00e3o e remo\u00e7\u00e3o.<\/li>\n<li>Este design permite a fixa\u00e7\u00e3o ou desmontagem r\u00e1pida e eficiente do cilindro, garantindo flexibilidade e adaptabilidade para diversas aplica\u00e7\u00f5es mar\u00edtimas.<\/li>\n<\/ul>\n<ol start=\"2\">\n<li>Alta capacidade de carga:<\/li>\n<\/ol>\n<ul>\n<li>O cilindro possui uma constru\u00e7\u00e3o robusta, capaz de suportar cargas pesadas e condi\u00e7\u00f5es mar\u00edtimas adversas.<\/li>\n<li>Sua alta capacidade de carga o torna adequado para opera\u00e7\u00f5es mar\u00edtimas, incluindo movimenta\u00e7\u00e3o de carga, dragagem e constru\u00e7\u00e3o offshore.<\/li>\n<\/ul>\n<ol start=\"3\">\n<li>Controle e posicionamento precisos:<\/li>\n<\/ol>\n<ul>\n<li>O cilindro dividido da barca\u00e7a oferece controle preciso e recursos de posicionamento, permitindo a manipula\u00e7\u00e3o precisa de cargas ou materiais.<\/li>\n<li>Os operadores podem obter movimentos suaves e controlados, garantindo posicionamento e alinhamento precisos durante o manuseio de carga ou outras opera\u00e7\u00f5es mar\u00edtimas.<\/li>\n<\/ul>\n<ol start=\"4\">\n<li>Sistema hidr\u00e1ulico confi\u00e1vel:<\/li>\n<\/ol>\n<ul>\n<li>Equipado com um sistema hidr\u00e1ulico confi\u00e1vel, o cilindro garante desempenho consistente e opera\u00e7\u00e3o suave.<\/li>\n<li>O sistema hidr\u00e1ulico fornece pot\u00eancia e controle suficientes, facilitando a opera\u00e7\u00e3o perfeita e eficiente do cilindro em ambientes marinhos exigentes.<\/li>\n<\/ul>\n<h2><strong>Par\u00e2metro do cilindro dividido da barca\u00e7a:<\/strong><\/h2>\n<table border=\"1\" cellspacing=\"0\" cellpadding=\"0\">\n<tbody>\n<tr>\n<td>Nome do produto<\/td>\n<td>Cilindro dividido em barca\u00e7a dividida<\/td>\n<\/tr>\n<tr>\n<td>Caracter\u00edsticas:<\/td>\n<td>Casco fechado<\/td>\n<\/tr>\n<tr>\n<td>Di\u00e2metro do furo:<\/td>\n<td>At\u00e9 550 mm<\/td>\n<\/tr>\n<tr>\n<td>Di\u00e2metro da haste:<\/td>\n<td>At\u00e9 280 mm<br \/>\nCurso\u22641000mm<\/td>\n<\/tr>\n<tr>\n<td>For\u00e7a de tra\u00e7\u00e3o:<\/td>\n<td>At\u00e9 6000KN<\/td>\n<\/tr>\n<tr>\n<td>Press\u00e3o:<\/td>\n<td>At\u00e9 38 MPa<\/td>\n<\/tr>\n<tr>\n<td>Aplica\u00e7\u00f5es:<\/td>\n<td>Barca\u00e7a dividida<\/td>\n<\/tr>\n<\/tbody>\n<\/table>\n<div><\/div>\n<div>\n<div class=\"txtboxL\">\n<div class=\"txtboxL\">\n<div class=\"txtboxL\">\n<div class=\"txtboxL\">\n<div class=\"txtboxL\">Caracter\u00edsticas:<\/div>\n<div class=\"txtboxR\">Casco fechado<\/div>\n<div class=\"txtboxL\">Especifica\u00e7\u00e3o:<\/div>\n<div class=\"txtboxR\">Di\u00e2metro do furo: at\u00e9 550 mm<br \/>\nDi\u00e2metro da haste: at\u00e9 280 mm<br \/>\nCurso\u22641000mm<\/div>\n<div class=\"txtboxL\">For\u00e7a de tra\u00e7\u00e3o:<\/div>\n<div class=\"txtboxR\">at\u00e9 6000KN<\/div>\n<div class=\"txtboxL\">press\u00e3o:<\/div>\n<div class=\"txtboxR\">at\u00e9 38 MPa<\/div>\n<\/div>\n<\/div>\n<\/div>\n<\/div>\n<\/div>\n<h2><strong>Aplica\u00e7\u00e3o do cilindro bipartido para barca\u00e7a:<\/strong><\/h2>\n<p><img loading=\"lazy\" decoding=\"async\" class=\"alignnone wp-image-1780 size-full\" src=\"https:\/\/hydraulic-cylinders.net\/wp-content\/uploads\/2023\/10\/split-barge-cylinder-1.webp\" alt=\"\" width=\"1418\" height=\"946\" srcset=\"https:\/\/hydraulic-cylinders.net\/wp-content\/uploads\/2023\/10\/split-barge-cylinder-1.webp 1418w, https:\/\/hydraulic-cylinders.net\/wp-content\/uploads\/2023\/10\/split-barge-cylinder-1-1280x854.webp 1280w, https:\/\/hydraulic-cylinders.net\/wp-content\/uploads\/2023\/10\/split-barge-cylinder-1-980x654.webp 980w, https:\/\/hydraulic-cylinders.net\/wp-content\/uploads\/2023\/10\/split-barge-cylinder-1-480x320.webp 480w\" sizes=\"(min-width: 0px) and (max-width: 480px) 480px, (min-width: 481px) and (max-width: 980px) 980px, (min-width: 981px) and (max-width: 1280px) 1280px, (min-width: 1281px) 1418px, 100vw\" \/><\/p>\n<h2><strong>M\u00e9todo de uso do cilindro dividido em barca\u00e7a<\/strong><strong>:<\/strong><\/h2>\n<ol>\n<li><strong>Instala\u00e7\u00e3o:<\/strong><\/li>\n<\/ol>\n<ul>\n<li>Comece garantindo uma base segura e est\u00e1vel para a barca\u00e7a ou embarca\u00e7\u00e3o.<\/li>\n<li>Posicione o cilindro dividido da barca\u00e7a no local desejado na barca\u00e7a, garantindo o alinhamento adequado com a carga ou material a ser manuseado.<\/li>\n<li>Fixe o cilindro com seguran\u00e7a usando o hardware de montagem apropriado e siga as diretrizes do fabricante para especifica\u00e7\u00f5es de torque.<\/li>\n<\/ul>\n<ol start=\"2\">\n<li><strong>Conex\u00f5es hidr\u00e1ulicas:<\/strong><\/li>\n<\/ol>\n<ul>\n<li>Conecte as mangueiras hidr\u00e1ulicas do sistema da barca\u00e7a ao cilindro dividido da barca\u00e7a.<\/li>\n<li>Certifique-se de que as conex\u00f5es estejam firmes e sem vazamentos.<\/li>\n<li>Verifique as configura\u00e7\u00f5es de press\u00e3o e fluxo do sistema hidr\u00e1ulico para garantir a compatibilidade com os requisitos do cilindro.<\/li>\n<\/ul>\n<ol start=\"3\">\n<li><strong>Manuseio de carga:<\/strong><\/li>\n<\/ol>\n<ul>\n<li>Ative o sistema hidr\u00e1ulico da barca\u00e7a e opere os controles para estender ou retrair o cilindro dividido da barca\u00e7a, conforme necess\u00e1rio.<\/li>\n<li>Utilize os recursos de controle precisos para manipular a carga ou o material com precis\u00e3o e efici\u00eancia.<\/li>\n<li>Monitore a carga durante o manuseio para garantir uma opera\u00e7\u00e3o segura.<\/li>\n<\/ul>\n<h2><strong>Como remover o cilindro hidr\u00e1ulico da cadeira?<\/strong><\/h2>\n<p>Para remover um cilindro hidr\u00e1ulico de uma cadeira, voc\u00ea precisar\u00e1 de algumas ferramentas essenciais e seguir estas instru\u00e7\u00f5es passo a passo:<\/p>\n<ol>\n<li><strong>Re\u00fana as ferramentas necess\u00e1rias:<\/strong>\n<ul>\n<li>Chave ajust\u00e1vel ou chave de tubo<\/li>\n<li>Martelo ou ma\u00e7o de borracha<\/li>\n<li>Chave de fenda (se necess\u00e1rio)<\/li>\n<\/ul>\n<\/li>\n<li><strong>Prepare a \u00e1rea de trabalho:<\/strong>\n<ul>\n<li>Certifique-se de ter um espa\u00e7o limpo e bem iluminado para trabalhar.<\/li>\n<li>Coloque um pano ou cobertura protetora no ch\u00e3o para evitar danos \u00e0 cadeira ou \u00e0 \u00e1rea ao redor.<\/li>\n<\/ul>\n<\/li>\n<li><strong>Localize os pontos de fixa\u00e7\u00e3o:<\/strong>\n<ul>\n<li>Examine a cadeira para identificar os pontos de fixa\u00e7\u00e3o do cilindro hidr\u00e1ulico. Eles geralmente est\u00e3o localizados abaixo do assento da cadeira.<\/li>\n<li>Procure por quaisquer tampas ou protetores que possam estar escondendo os pontos de fixa\u00e7\u00e3o.<\/li>\n<\/ul>\n<\/li>\n<li><strong>Remova quaisquer tampas ou coberturas:<\/strong>\n<ul>\n<li>Se houver alguma tampa ou cobertura sobre os pontos de fixa\u00e7\u00e3o, use uma chave de fenda ou os dedos para remov\u00ea-las.<\/li>\n<li>Coloque as tampas ou tampas em um local seguro.<\/li>\n<\/ul>\n<\/li>\n<li><strong>Solte a porca de reten\u00e7\u00e3o:<\/strong>\n<ul>\n<li>Use uma chave ajust\u00e1vel ou uma chave de tubo para segurar a porca de reten\u00e7\u00e3o na parte superior do cilindro hidr\u00e1ulico.<\/li>\n<li>Gire a chave no sentido anti-hor\u00e1rio para soltar a porca.<\/li>\n<li>Observe que algumas cadeiras podem ter um clipe de reten\u00e7\u00e3o em vez de uma porca. Nesses casos, pode ser necess\u00e1rio remover o clipe usando um alicate ou uma chave de fenda.<\/li>\n<\/ul>\n<\/li>\n<li><strong>Remova o cilindro da base da cadeira:<\/strong>\n<ul>\n<li>Ap\u00f3s soltar a porca de reten\u00e7\u00e3o, segure firmemente o assento da cadeira com uma m\u00e3o para estabiliz\u00e1-lo.<\/li>\n<li>Com a outra m\u00e3o, segure firmemente a parte superior do cilindro hidr\u00e1ulico.<\/li>\n<li>Aplique for\u00e7a para cima enquanto gira e puxa o cilindro para separ\u00e1-lo da base da cadeira.<\/li>\n<li>Se o cilindro estiver preso, voc\u00ea pode bater levemente nele com um martelo ou martelo de borracha para ajudar a solt\u00e1-lo.<\/li>\n<\/ul>\n<\/li>\n<li><strong>Inspecionar e limpar:<\/strong>\n<ul>\n<li>Ap\u00f3s remover o cilindro hidr\u00e1ulico, inspecione-o para verificar se h\u00e1 sinais de danos ou desgaste.<\/li>\n<li>Limpe o cilindro e a base da cadeira usando um pano ou uma solu\u00e7\u00e3o de limpeza suave, se necess\u00e1rio.<\/li>\n<li>Verifique os pontos de fixa\u00e7\u00e3o na cadeira para garantir que estejam limpos e livres de detritos.<\/li>\n<\/ul>\n<\/li>\n<li><strong>Substitui\u00e7\u00e3o ou manuten\u00e7\u00e3o:<\/strong>\n<ul>\n<li>Se voc\u00ea estiver removendo o cilindro hidr\u00e1ulico para fins de manuten\u00e7\u00e3o ou substitui\u00e7\u00e3o, siga as instru\u00e7\u00f5es do fabricante para o modelo espec\u00edfico da cadeira.<\/li>\n<li>Se o cilindro estiver danificado ou com defeito, entre em contato com o fabricante ou um especialista em reparos de cadeiras para obter uma substitui\u00e7\u00e3o adequada.<\/li>\n<\/ul>\n<\/li>\n<\/ol>\n<h2><strong>Aptid\u00e3o e capacidade da f\u00e1brica:<\/strong><\/h2>\n<h3>(1) Montagem<\/h3>\n<p>Temos uma plataforma de montagem de pesquisa e desenvolvimento independente de primeira classe. A oficina de produ\u00e7\u00e3o de cilindros hidr\u00e1ulicos tem quatro linhas de montagem semiautom\u00e1ticas de cilindros de eleva\u00e7\u00e3o e uma linha de montagem autom\u00e1tica de cilindros de inclina\u00e7\u00e3o, com uma capacidade de produ\u00e7\u00e3o anual projetada de 1 milh\u00e3o de pe\u00e7as. A oficina de cilindros especiais \u00e9 equipada com v\u00e1rias especifica\u00e7\u00f5es de um sistema de montagem de limpeza semiautom\u00e1tica com uma capacidade de produ\u00e7\u00e3o anual projetada de 200.000 pe\u00e7as e equipada com famosos equipamentos de usinagem CNC, um centro de usinagem, um equipamento especial de processamento de cilindros de alta precis\u00e3o, uma m\u00e1quina de solda robotizada, uma m\u00e1quina de limpeza autom\u00e1tica, uma m\u00e1quina de montagem autom\u00e1tica de cilindros e uma linha de produ\u00e7\u00e3o de pintura autom\u00e1tica. O equipamento cr\u00edtico existente \u00e9 de mais de 300 conjuntos (conjuntos). A aloca\u00e7\u00e3o ideal e o uso eficiente dos recursos do equipamento garantem os requisitos de precis\u00e3o dos produtos e atendem \u00e0s necessidades de alta qualidade dos produtos.<\/p>\n<p><img loading=\"lazy\" decoding=\"async\" class=\"alignnone wp-image-626\" src=\"https:\/\/hydraulic-cylinders.net\/wp-content\/uploads\/2023\/08\/hydraulic-cylinder-product-1-300x158.webp\" alt=\"\" width=\"495\" height=\"260\" srcset=\"https:\/\/hydraulic-cylinders.net\/wp-content\/uploads\/2023\/08\/hydraulic-cylinder-product-1-300x158.webp 495w, https:\/\/hydraulic-cylinders.net\/wp-content\/uploads\/2023\/08\/hydraulic-cylinder-product-1-480x252.webp 480w\" sizes=\"(min-width: 0px) and (max-width: 480px) 480px, (min-width: 481px) 495px, 100vw\" \/> <img loading=\"lazy\" decoding=\"async\" class=\"alignnone wp-image-627\" src=\"https:\/\/hydraulic-cylinders.net\/wp-content\/uploads\/2023\/08\/hydraulic-cylinder-product-2-300x189.webp\" alt=\"\" width=\"413\" height=\"260\" \/><\/p>\n<h3>(2) Usinagem<\/h3>\n<p>A oficina de usinagem \u00e9 equipada com um centro de torneamento de trilho inclinado personalizado, um centro de usinagem, uma m\u00e1quina de brunimento de alta velocidade, um rob\u00f4 de soldagem e outros equipamentos relacionados, que podem lidar com o processamento de tubos de cilindros com di\u00e2metro interno m\u00e1ximo de 400 mm e comprimento m\u00e1ximo de 6 metros.<\/p>\n<p><img loading=\"lazy\" decoding=\"async\" class=\"alignnone wp-image-628 size-large\" src=\"https:\/\/hydraulic-cylinders.net\/wp-content\/uploads\/2023\/08\/hydraulic-cylinder-product-3-1024x391.webp\" alt=\"\" width=\"1024\" height=\"391\" srcset=\"https:\/\/hydraulic-cylinders.net\/wp-content\/uploads\/2023\/08\/hydraulic-cylinder-product-3-980x374.webp 980w, https:\/\/hydraulic-cylinders.net\/wp-content\/uploads\/2023\/08\/hydraulic-cylinder-product-3-480x183.webp 480w\" sizes=\"(min-width: 0px) and (max-width: 480px) 480px, (min-width: 481px) and (max-width: 980px) 980px, (min-width: 981px) 1024px, 100vw\" \/><\/p>\n<h3>(3) Soldagem<\/h3>\n<p><img loading=\"lazy\" decoding=\"async\" class=\"alignnone wp-image-629 size-large\" src=\"https:\/\/hydraulic-cylinders.net\/wp-content\/uploads\/2023\/08\/hydraulic-cylinder-product-4-1024x510.webp\" alt=\"\" width=\"1024\" height=\"510\" srcset=\"https:\/\/hydraulic-cylinders.net\/wp-content\/uploads\/2023\/08\/hydraulic-cylinder-product-4-980x488.webp 980w, https:\/\/hydraulic-cylinders.net\/wp-content\/uploads\/2023\/08\/hydraulic-cylinder-product-4-480x239.webp 480w\" sizes=\"(min-width: 0px) and (max-width: 480px) 480px, (min-width: 481px) and (max-width: 980px) 980px, (min-width: 981px) 1024px, 100vw\" \/><\/p>\n<h3>(4) Pintura e revestimento<\/h3>\n<p>Com linhas de revestimento de tinta \u00e0 base de \u00e1gua autom\u00e1ticas de cilindros de pequeno e m\u00e9dio porte, para obter carregamento e descarregamento autom\u00e1ticos de rob\u00f4s e pulveriza\u00e7\u00e3o autom\u00e1tica, a capacidade projetada \u00e9 de 4.000 pe\u00e7as por turno;<br \/>\nTamb\u00e9m temos uma linha de produ\u00e7\u00e3o de tinta semiautom\u00e1tica para cilindros grandes, acionada por uma corrente el\u00e9trica, com capacidade de projeto de 60 caixas por turno.<\/p>\n<p><img loading=\"lazy\" decoding=\"async\" class=\"alignnone wp-image-630\" src=\"https:\/\/hydraulic-cylinders.net\/wp-content\/uploads\/2023\/08\/hydraulic-cylinder-product-5-300x213.webp\" alt=\"\" width=\"366\" height=\"260\" \/> <img loading=\"lazy\" decoding=\"async\" class=\"alignnone wp-image-631\" src=\"https:\/\/hydraulic-cylinders.net\/wp-content\/uploads\/2023\/08\/hydraulic-cylinder-product-6-300x225.webp\" alt=\"\" width=\"347\" height=\"260\" \/><\/p>\n<h3>(5) Testes<\/h3>\n<p>Temos instala\u00e7\u00f5es de inspe\u00e7\u00e3o e bancos de teste de primeira classe para garantir que o desempenho do cilindro atenda aos requisitos.<\/p>\n<p><img loading=\"lazy\" decoding=\"async\" class=\"alignnone wp-image-632\" src=\"https:\/\/hydraulic-cylinders.net\/wp-content\/uploads\/2023\/08\/hydraulic-cylinder-product-8-300x200.webp\" alt=\"\" width=\"389\" height=\"260\" \/><\/p>\n<p>&nbsp;<\/p>\n<p>&nbsp;<\/p>\n<p>Somos um dos melhores fabricantes de cilindros hidr\u00e1ulicos. Oferecemos cilindros hidr\u00e1ulicos completos. Tamb\u00e9m fornecemos os correspondentes <a href=\"https:\/\/hzpt.com\/agricultural-pto-gearbox\/\" target=\"_blank\" rel=\"noopener\">caixas de c\u00e2mbio agr\u00edcolas<\/a>. Exportamos nossos produtos para clientes em todo o mundo e conquistamos uma boa reputa\u00e7\u00e3o devido \u00e0 qualidade superior de nossos produtos e ao servi\u00e7o p\u00f3s-venda. Convidamos clientes nacionais e estrangeiros a entrar em contato conosco para negociar neg\u00f3cios, trocar informa\u00e7\u00f5es e <a href=\"https:\/\/www.hydraulic-cylinders.net\/pt\/contact-us\/\">cooperar conosco<\/a>!<\/p>","protected":false},"excerpt":{"rendered":"<p>Barge Split Cylinder The barge split cylinder is a revolutionary product designed to optimize marine operations, particularly in transporting and handling goods and materials. This innovative hydraulic cylinder offers a range of features and benefits that enhance efficiency, safety, and productivity. The barge split cylinder offers a range of features and benefits that enhance efficiency, [&hellip;]<\/p>","protected":false},"featured_media":1783,"comment_status":"open","ping_status":"closed","template":"","meta":{"_et_pb_use_builder":"","_et_pb_old_content":"","_et_gb_content_width":""},"product_brand":[],"product_cat":[1550,1536,1552,1376],"product_tag":[1380],"class_list":{"0":"post-1778","1":"product","2":"type-product","3":"status-publish","4":"has-post-thumbnail","6":"product_cat-double-acting-hydraulic-cylinder","7":"product_cat-offshore-platform-hydraulic-cylinders","8":"product_cat-stainless-steel-hydraulic-cylinder","9":"product_cat-hydraulic-cylinder","10":"product_tag-hydraulic-cylinder","12":"first","13":"instock","14":"shipping-taxable","15":"product-type-simple"},"amp_enabled":true,"_links":{"self":[{"href":"https:\/\/www.hydraulic-cylinders.net\/pt\/wp-json\/wp\/v2\/product\/1778","targetHints":{"allow":["GET"]}}],"collection":[{"href":"https:\/\/www.hydraulic-cylinders.net\/pt\/wp-json\/wp\/v2\/product"}],"about":[{"href":"https:\/\/www.hydraulic-cylinders.net\/pt\/wp-json\/wp\/v2\/types\/product"}],"replies":[{"embeddable":true,"href":"https:\/\/www.hydraulic-cylinders.net\/pt\/wp-json\/wp\/v2\/comments?post=1778"}],"wp:featuredmedia":[{"embeddable":true,"href":"https:\/\/www.hydraulic-cylinders.net\/pt\/wp-json\/wp\/v2\/media\/1783"}],"wp:attachment":[{"href":"https:\/\/www.hydraulic-cylinders.net\/pt\/wp-json\/wp\/v2\/media?parent=1778"}],"wp:term":[{"taxonomy":"product_brand","embeddable":true,"href":"https:\/\/www.hydraulic-cylinders.net\/pt\/wp-json\/wp\/v2\/product_brand?post=1778"},{"taxonomy":"product_cat","embeddable":true,"href":"https:\/\/www.hydraulic-cylinders.net\/pt\/wp-json\/wp\/v2\/product_cat?post=1778"},{"taxonomy":"product_tag","embeddable":true,"href":"https:\/\/www.hydraulic-cylinders.net\/pt\/wp-json\/wp\/v2\/product_tag?post=1778"}],"curies":[{"name":"wp","href":"https:\/\/api.w.org\/{rel}","templated":true}]}}