{"id":18886,"date":"2025-04-07T06:00:26","date_gmt":"2025-04-07T06:00:26","guid":{"rendered":"https:\/\/www.hydraulic-cylinders.net\/product\/boom-cylinder-for-sumitomo-small-excavator-sh100a1a2a3\/"},"modified":"2025-04-07T06:00:29","modified_gmt":"2025-04-07T06:00:29","slug":"boom-cylinder-for-sumitomo-small-excavator-sh100a1a2a3","status":"publish","type":"product","link":"https:\/\/www.hydraulic-cylinders.net\/pt\/produto\/boom-cylinder-for-sumitomo-small-excavator-sh100a1a2a3\/","title":{"rendered":"Cilindro da lan\u00e7a para mini escavadeira Sumitomo SH100A1A2A3"},"content":{"rendered":"<h1>Cilindro da lan\u00e7a para mini escavadeira Sumitomo SH100A1A2A3<\/h1>\n<h2>Introdu\u00e7\u00e3o ao Cilindro de Lan\u00e7a<\/h2>\n<p>O <strong>Cilindro de lan\u00e7a<\/strong> O cilindro da ca\u00e7amba \u00e9 um componente hidr\u00e1ulico crucial, amplamente utilizado em m\u00e1quinas pesadas como escavadeiras, retroescavadeiras e p\u00e1s carregadeiras. Projetado especificamente para controlar o movimento da ca\u00e7amba, esse cilindro permite a\u00e7\u00f5es precisas de eleva\u00e7\u00e3o, abaixamento e inclina\u00e7\u00e3o, facilitando, assim, tarefas eficazes de movimenta\u00e7\u00e3o de materiais. O cilindro da ca\u00e7amba opera dentro de um sistema hidr\u00e1ulico, aproveitando a for\u00e7a do fluido hidr\u00e1ulico para gerar a energia necess\u00e1ria para que a ca\u00e7amba execute suas fun\u00e7\u00f5es com efici\u00eancia.<\/p>\n<p>Em ess\u00eancia, o cilindro da lan\u00e7a \u00e9 um atuador hidr\u00e1ulico que converte energia hidr\u00e1ulica em movimento mec\u00e2nico. Sua funcionalidade \u00e9 vital nos setores da constru\u00e7\u00e3o civil e da agricultura, onde o levantamento de cargas pesadas e a movimenta\u00e7\u00e3o de materiais s\u00e3o rotineiros. Ao permitir que a ca\u00e7amba escave, levante e transporte materiais, o cilindro da lan\u00e7a aumenta significativamente as capacidades operacionais de m\u00e1quinas pesadas.<\/p>\n<p><img decoding=\"async\" src=\"https:\/\/www.hydraulic-cylinders.net\/wp-content\/uploads\/2025\/04\/songte-company-1.webp\" alt=\"Cilindro de lan\u00e7a\"><\/p>\n<h2>Caracter\u00edsticas do cilindro da lan\u00e7a<\/h2>\n<ul>\n<li>\n<h3>Alta resist\u00eancia e durabilidade<\/h3>\n<p>Fabricado em a\u00e7o de alta resist\u00eancia ou alum\u00ednio, o cilindro da lan\u00e7a foi projetado para suportar alta press\u00e3o e cargas pesadas. Sua constru\u00e7\u00e3o considera a resist\u00eancia ao desgaste e a preven\u00e7\u00e3o da corros\u00e3o, o que prolonga sua vida \u00fatil mesmo em ambientes agressivos.<\/p>\n<\/li>\n<li>\n<h3>Opera\u00e7\u00e3o Hidr\u00e1ulica Eficiente<\/h3>\n<p>O cilindro utiliza press\u00e3o de \u00f3leo hidr\u00e1ulico para realizar movimentos telesc\u00f3picos suaves, respondendo rapidamente aos comandos de controle. Essa caracter\u00edstica proporciona for\u00e7as de tra\u00e7\u00e3o e empuxo potentes, tornando-o adequado para lidar com tarefas pesadas e complexas.<\/p>\n<\/li>\n<li>\n<h3>Tipos diversos<\/h3>\n<p>Dispon\u00edvel nas configura\u00e7\u00f5es de a\u00e7\u00e3o simples (utilizando for\u00e7a hidr\u00e1ulica em uma dire\u00e7\u00e3o) e de a\u00e7\u00e3o dupla (utilizando for\u00e7a hidr\u00e1ulica em ambas as dire\u00e7\u00f5es), o cilindro da lan\u00e7a pode ser adaptado para atender a requisitos operacionais espec\u00edficos. Alguns modelos s\u00e3o telesc\u00f3picos, permitindo maior alcance sem aumentar suas dimens\u00f5es externas, o que \u00e9 ideal para aplica\u00e7\u00f5es com espa\u00e7o limitado.<\/p>\n<\/li>\n<\/ul>\n<p>Somos especializados na fabrica\u00e7\u00e3o de cilindros de lan\u00e7a de alta qualidade que podem substituir perfeitamente os cilindros hidr\u00e1ulicos existentes em diversas m\u00e1quinas.<\/p>\n<p><img decoding=\"async\" src=\"https:\/\/www.hydraulic-cylinders.net\/wp-content\/uploads\/2025\/04\/songte-cylinder-head-with-all-kinds-excavator-models.webp\" alt=\"Cilindro modelo escavadeira\"><\/p>\n<h2>Aplica\u00e7\u00f5es do cilindro da lan\u00e7a<\/h2>\n<ul>\n<li>\n<h3>Equipamentos de constru\u00e7\u00e3o<\/h3>\n<p>Em escavadeiras, os cilindros da lan\u00e7a s\u00e3o essenciais para escavar, carregar e movimentar terra ou entulho. Eles facilitam os movimentos da ca\u00e7amba tanto para escava\u00e7\u00e3o quanto para eleva\u00e7\u00e3o, sendo indispens\u00e1veis \u200b\u200bem canteiros de obras onde a movimenta\u00e7\u00e3o de terra \u00e9 uma necessidade constante.<\/p>\n<\/li>\n<li>\n<h3>Maquinaria agr\u00edcola<\/h3>\n<p>As p\u00e1s carregadeiras utilizam cilindros na lan\u00e7a para recolher, levantar e transportar terra, feno e outros materiais. Sua capacidade de gerenciar com efici\u00eancia os processos de movimenta\u00e7\u00e3o de materiais as torna um recurso valioso nas opera\u00e7\u00f5es agr\u00edcolas.<\/p>\n<\/li>\n<li>\n<h3>Escavadeiras<\/h3>\n<p>Em escavadeiras, o cilindro da lan\u00e7a permite que a ca\u00e7amba penetre no solo, possibilitando uma escava\u00e7\u00e3o eficaz. Essa funcionalidade \u00e9 crucial para diversos projetos de escava\u00e7\u00e3o, aumentando a produtividade no local.<\/p>\n<\/li>\n<li>\n<h3>Carregadores<\/h3>\n<p>Em carregadeiras frontais, os cilindros da lan\u00e7a auxiliam no levantamento e despejo eficientes de cargas. Seu controle preciso permite que os operadores gerenciem a movimenta\u00e7\u00e3o de materiais de forma eficaz, melhorando o fluxo de trabalho geral em canteiros de obras e na agricultura.<\/p>\n<\/li>\n<\/ul>\n<h2>Considera\u00e7\u00f5es de design e crit\u00e9rios de sele\u00e7\u00e3o<\/h2>\n<ul>\n<li>\n<h3>Capacidade de carga<\/h3>\n<p>Ao selecionar um cilindro de lan\u00e7a, \u00e9 fundamental compreender sua capacidade de carga. O cilindro deve ser capaz de suportar a carga m\u00e1xima que encontrar\u00e1 durante a opera\u00e7\u00e3o. Isso inclui n\u00e3o apenas o peso do material movimentado, mas tamb\u00e9m as for\u00e7as din\u00e2micas exercidas durante o i\u00e7amento e o abaixamento. Os fabricantes fornecem especifica\u00e7\u00f5es que definem as capacidades m\u00e1ximas de carga, as quais devem sempre ser respeitadas para garantir a seguran\u00e7a e a efici\u00eancia das opera\u00e7\u00f5es.<\/p>\n<\/li>\n<li>\n<h3>Integridade de veda\u00e7\u00e3o<\/h3>\n<p>Os sistemas de veda\u00e7\u00e3o em cilindros hidr\u00e1ulicos s\u00e3o vitais para evitar vazamentos de fluido e manter o desempenho. Veda\u00e7\u00f5es de alta qualidade impedem o escape do fluido hidr\u00e1ulico, garantindo uma opera\u00e7\u00e3o eficiente e reduzindo o risco de contamina\u00e7\u00e3o. A escolha de cilindros com tecnologias de veda\u00e7\u00e3o robustas, como veda\u00e7\u00f5es multian\u00e9is e an\u00e9is O fabricados com materiais dur\u00e1veis, pode prolongar significativamente a vida \u00fatil do sistema hidr\u00e1ulico.<\/p>\n<\/li>\n<li>\n<h3>Durabilidade<\/h3>\n<p>A durabilidade \u00e9 um fator crucial no projeto de cilindros de lan\u00e7a. Eles s\u00e3o frequentemente submetidos a condi\u00e7\u00f5es severas e devem ser capazes de suportar o desgaste ao longo do tempo. Os fabricantes empregam materiais e revestimentos avan\u00e7ados que aumentam a resist\u00eancia \u00e0 abras\u00e3o e \u00e0 corros\u00e3o, garantindo que os cilindros possam ter um desempenho ideal por per\u00edodos prolongados, mesmo em ambientes de trabalho adversos.<\/p>\n<\/li>\n<li>\n<h3>Recursos de seguran\u00e7a<\/h3>\n<p>A seguran\u00e7a \u00e9 fundamental no projeto hidr\u00e1ulico. Os cilindros da lan\u00e7a devem incorporar mecanismos de seguran\u00e7a, como v\u00e1lvulas de al\u00edvio de press\u00e3o, para evitar sobrecargas e poss\u00edveis falhas do sistema. Auditorias de seguran\u00e7a regulares e a ades\u00e3o aos protocolos de seguran\u00e7a durante a opera\u00e7\u00e3o s\u00e3o essenciais para mitigar os riscos associados a m\u00e1quinas hidr\u00e1ulicas.<\/p>\n<\/li>\n<li>\n<h3>Acessibilidade de Manuten\u00e7\u00e3o<\/h3>\n<p>Projetar cilindros hidr\u00e1ulicos para facilitar a manuten\u00e7\u00e3o \u00e9 essencial para garantir sua longevidade. Os componentes devem ser acess\u00edveis para inspe\u00e7\u00e3o, reparos e substitui\u00e7\u00f5es. Pr\u00e1ticas de manuten\u00e7\u00e3o eficientes prolongam a vida \u00fatil do cilindro e aumentam a confiabilidade operacional. Os fabricantes que priorizam a facilidade de manuten\u00e7\u00e3o em seus projetos contribuem para minimizar o tempo de inatividade e melhorar a produtividade.<\/p>\n<\/li>\n<\/ul>\n<p><img decoding=\"async\" src=\"https:\/\/www.hydraulic-cylinders.net\/wp-content\/uploads\/2025\/04\/songte-oil-pipes-and-spare-parts.webp\" alt=\"Tubos de \u00f3leo e pe\u00e7as de reposi\u00e7\u00e3o\"><\/p>\n<h2>Veda\u00e7\u00e3o e Lubrifica\u00e7\u00e3o<\/h2>\n<p>A integridade dos sistemas de veda\u00e7\u00e3o e lubrifica\u00e7\u00e3o em cilindros hidr\u00e1ulicos \u00e9 fundamental para o seu funcionamento. Diversos componentes de veda\u00e7\u00e3o, como veda\u00e7\u00f5es de pist\u00e3o e de haste, s\u00e3o essenciais para manter a press\u00e3o hidr\u00e1ulica e evitar vazamentos de fluido. A sele\u00e7\u00e3o de materiais dur\u00e1veis, como poliuretano e borracha nitr\u00edlica, para essas veda\u00e7\u00f5es \u00e9 crucial, pois devem suportar o fluido hidr\u00e1ulico e as condi\u00e7\u00f5es ambientais.<\/p>\n<p>Al\u00e9m disso, o corpo do cilindro e as superf\u00edcies roscadas das extremidades passam por processos de usinagem de precis\u00e3o para aumentar a resist\u00eancia ao desgaste, garantindo longa vida \u00fatil sob condi\u00e7\u00f5es operacionais severas. A lubrifica\u00e7\u00e3o regular com \u00f3leo hidr\u00e1ulico \u00e9 essencial para o bom funcionamento das pe\u00e7as m\u00f3veis, reduzindo o atrito e o desgaste. \u00c9 fundamental seguir os cronogramas de lubrifica\u00e7\u00e3o adequados, garantindo n\u00edveis de \u00f3leo suficientes e o desempenho correto do sistema.<\/p>\n<h2>Inspe\u00e7\u00e3o regular e manuten\u00e7\u00e3o preventiva<\/h2>\n<ul>\n<li>\n<h3>Inspe\u00e7\u00f5es regulares<\/h3>\n<p>Realizar inspe\u00e7\u00f5es regulares no cilindro da lan\u00e7a \u00e9 essencial para identificar problemas potenciais antes que se agravem. Os operadores devem verificar se h\u00e1 desgaste vis\u00edvel, vazamentos de fluido e ru\u00eddos anormais durante a opera\u00e7\u00e3o. A detec\u00e7\u00e3o precoce de falhas pode evitar reparos dispendiosos e tempo de inatividade.<\/p>\n<\/li>\n<li>\n<h3>Lubrifica\u00e7\u00e3o adequada<\/h3>\n<p>Garantir que o cilindro hidr\u00e1ulico esteja bem lubrificado \u00e9 vital para a efici\u00eancia operacional. Os operadores devem seguir as recomenda\u00e7\u00f5es do fabricante quanto aos tipos de lubrificante e frequ\u00eancia de aplica\u00e7\u00e3o. A lubrifica\u00e7\u00e3o adequada reduz o atrito e prolonga a vida \u00fatil dos componentes do cilindro.<\/p>\n<\/li>\n<li>\n<h3>Substitui\u00e7\u00e3o e calibra\u00e7\u00e3o de selos<\/h3>\n<p>A substitui\u00e7\u00e3o regular de veda\u00e7\u00f5es desgastadas e a calibra\u00e7\u00e3o do cilindro s\u00e3o essenciais para manter o desempenho ideal. Os operadores devem manter um registro das substitui\u00e7\u00f5es de veda\u00e7\u00f5es e calibra\u00e7\u00f5es para garantir o cumprimento dos cronogramas de manuten\u00e7\u00e3o. O alinhamento correto durante a instala\u00e7\u00e3o tamb\u00e9m \u00e9 crucial para evitar o desgaste prematuro e garantir uma opera\u00e7\u00e3o suave.<\/p>\n<\/li>\n<\/ul>\n<p><img decoding=\"async\" src=\"https:\/\/www.hydraulic-cylinders.net\/wp-content\/uploads\/2025\/04\/songte-chushion-collar.webp\" alt=\"Coleira almofadada\"><\/p>\n<h2>Considera\u00e7\u00f5es de seguran\u00e7a e fatores ambientais<\/h2>\n<p>Ao operar cilindros hidr\u00e1ulicos, as medidas de seguran\u00e7a devem ser rigorosamente seguidas para mitigar os riscos associados a m\u00e1quinas hidr\u00e1ulicas. Os operadores devem ser treinados em pr\u00e1ticas de manuseio seguro e procedimentos de emerg\u00eancia para lidar com poss\u00edveis falhas. Al\u00e9m disso, considera\u00e7\u00f5es ambientais, como o gerenciamento de derramamentos de fluido hidr\u00e1ulico, s\u00e3o essenciais para prevenir a contamina\u00e7\u00e3o. M\u00e9todos adequados de descarte de fluidos hidr\u00e1ulicos e o conhecimento das normas ambientais s\u00e3o cruciais para manter a conformidade e proteger o ecossistema.<\/p>\n<h2>Solu\u00e7\u00e3o de problemas e problemas comuns<\/h2>\n<ul>\n<li>\n<h3>Vazamento de fluido<\/h3>\n<p>Vazamentos de fluido s\u00e3o um dos problemas mais comuns em cilindros hidr\u00e1ulicos. Podem ser causados \u200b\u200bpor veda\u00e7\u00f5es desgastadas, conectores danificados ou instala\u00e7\u00e3o incorreta. Para solucionar esse problema, inspecione regularmente todas as veda\u00e7\u00f5es e conex\u00f5es, substituindo quaisquer componentes defeituosos e garantindo o alinhamento correto durante a instala\u00e7\u00e3o.<\/p>\n<\/li>\n<li>\n<h3>Desempenho inconsistente<\/h3>\n<p>Se o cilindro da lan\u00e7a apresentar desempenho inconsistente, isso pode indicar a presen\u00e7a de ar no fluido hidr\u00e1ulico ou n\u00edveis baixos de fluido. Sangrar o sistema para remover bolhas de ar e verificar os n\u00edveis de fluido s\u00e3o etapas essenciais para restabelecer o funcionamento normal.<\/p>\n<\/li>\n<li>\n<h3>Superaquecimento<\/h3>\n<p>O sobreaquecimento pode resultar de carga excessiva ou lubrifica\u00e7\u00e3o insuficiente. Monitorar as cargas operacionais e garantir a lubrifica\u00e7\u00e3o regular s\u00e3o pr\u00e1ticas essenciais para prevenir o sobreaquecimento e prolongar a vida \u00fatil do cilindro. Verifica\u00e7\u00f5es de manuten\u00e7\u00e3o regulares tamb\u00e9m devem ser programadas para evitar esse problema.<\/p>\n<\/li>\n<\/ul>\n<p><img decoding=\"async\" src=\"https:\/\/www.hydraulic-cylinders.net\/wp-content\/uploads\/2025\/04\/songte-bushings-with-all-kinds-of-excavator-models.webp\" alt=\"Buchas com modelos de escavadeira\"><\/p>\n<h2>Conclus\u00e3o<\/h2>\n<p>Nossa empresa \u00e9 especializada na fabrica\u00e7\u00e3o de cilindros hidr\u00e1ulicos de alta qualidade que atendem a diversas necessidades industriais. Como um dos principais fabricantes e distribuidores nos mercados nacional e internacional, prezamos pela excel\u00eancia em qualidade por meio de estrat\u00e9gias de fabrica\u00e7\u00e3o refinadas. Nosso investimento em pessoal qualificado, equipamentos de fabrica\u00e7\u00e3o digital de ponta e sistemas de teste profissionais aprimora nossa capacidade produtiva.<\/p>\n<p>Orgulhamo-nos da nossa capacidade de atender \u00e0s diversas demandas dos clientes com efici\u00eancia, precis\u00e3o e alta qualidade. Nosso compromisso com a inova\u00e7\u00e3o e a adaptabilidade garante que permane\u00e7amos na vanguarda da ind\u00fastria de cilindros hidr\u00e1ulicos, fornecendo solu\u00e7\u00f5es personalizadas e um excepcional suporte p\u00f3s-venda.<\/p>\n<p><img decoding=\"async\" src=\"https:\/\/www.hydraulic-cylinders.net\/wp-content\/uploads\/2025\/04\/songte-company-4.webp\" alt=\"Vis\u00e3o geral da empresa\"><br \/>\n<img decoding=\"async\" src=\"https:\/\/www.hydraulic-cylinders.net\/wp-content\/uploads\/2025\/04\/songte-company-3.webp\" alt=\"Empresa de equipamentos de fabrica\u00e7\u00e3o\"><\/p>\n<p>Autor: lyl<\/p>","protected":false},"excerpt":{"rendered":"<p>Boom Cylinder For Sumitomo Small Excavator SH100A1A2A3 Introduction to Boom Cylinder The Boom Cylinder is a crucial hydraulic component used extensively in heavy machinery such as excavators, backhoes, and front loaders. Specifically designed to control the movement of the bucket, these cylinders allow for precise lifting, lowering, and tilting actions, thereby facilitating effective material handling [&hellip;]<\/p>","protected":false},"featured_media":17873,"comment_status":"open","ping_status":"closed","template":"","meta":{"_et_pb_use_builder":"","_et_pb_old_content":"","_et_gb_content_width":""},"product_brand":[],"product_cat":[1546],"product_tag":[1547,1496],"class_list":{"0":"post-18886","1":"product","2":"type-product","3":"status-publish","4":"has-post-thumbnail","6":"product_cat-boom-cylinders","7":"product_tag-boom-cylinders","8":"product_tag-hydraulic-cylinders","10":"first","11":"instock","12":"shipping-taxable","13":"product-type-simple"},"amp_enabled":true,"_links":{"self":[{"href":"https:\/\/www.hydraulic-cylinders.net\/pt\/wp-json\/wp\/v2\/product\/18886","targetHints":{"allow":["GET"]}}],"collection":[{"href":"https:\/\/www.hydraulic-cylinders.net\/pt\/wp-json\/wp\/v2\/product"}],"about":[{"href":"https:\/\/www.hydraulic-cylinders.net\/pt\/wp-json\/wp\/v2\/types\/product"}],"replies":[{"embeddable":true,"href":"https:\/\/www.hydraulic-cylinders.net\/pt\/wp-json\/wp\/v2\/comments?post=18886"}],"wp:featuredmedia":[{"embeddable":true,"href":"https:\/\/www.hydraulic-cylinders.net\/pt\/wp-json\/wp\/v2\/media\/17873"}],"wp:attachment":[{"href":"https:\/\/www.hydraulic-cylinders.net\/pt\/wp-json\/wp\/v2\/media?parent=18886"}],"wp:term":[{"taxonomy":"product_brand","embeddable":true,"href":"https:\/\/www.hydraulic-cylinders.net\/pt\/wp-json\/wp\/v2\/product_brand?post=18886"},{"taxonomy":"product_cat","embeddable":true,"href":"https:\/\/www.hydraulic-cylinders.net\/pt\/wp-json\/wp\/v2\/product_cat?post=18886"},{"taxonomy":"product_tag","embeddable":true,"href":"https:\/\/www.hydraulic-cylinders.net\/pt\/wp-json\/wp\/v2\/product_tag?post=18886"}],"curies":[{"name":"wp","href":"https:\/\/api.w.org\/{rel}","templated":true}]}}