{"id":18932,"date":"2025-04-07T06:02:50","date_gmt":"2025-04-07T06:02:50","guid":{"rendered":"https:\/\/www.hydraulic-cylinders.net\/product\/boom-cylinder-for-caterpillar-small-excavator-e304ecr\/"},"modified":"2025-04-07T06:02:53","modified_gmt":"2025-04-07T06:02:53","slug":"boom-cylinder-for-caterpillar-small-excavator-e304ecr","status":"publish","type":"product","link":"https:\/\/www.hydraulic-cylinders.net\/pt\/produto\/boom-cylinder-for-caterpillar-small-excavator-e304ecr\/","title":{"rendered":"Cilindro da lan\u00e7a para escavadeira pequena Caterpillar E304ECR"},"content":{"rendered":"<h1>Cilindro da lan\u00e7a para escavadeira pequena Caterpillar E304ECR<\/h1>\n<h2>Vis\u00e3o geral do cilindro de lan\u00e7a<\/h2>\n<p>O cilindro da lan\u00e7a \u00e9 um componente cr\u00edtico em muitas aplica\u00e7\u00f5es de m\u00e1quinas pesadas, particularmente em escavadeiras como a Caterpillar Small Excavator E304ECR. Em sistemas hidr\u00e1ulicos, um cilindro de ca\u00e7amba \u00e9 projetado para controlar o movimento da ca\u00e7amba, permitindo que ela suba, des\u00e7a e incline. Essa funcionalidade \u00e9 essencial para tarefas eficazes de movimenta\u00e7\u00e3o de materiais, permitindo que os operadores escavem, carreguem e transportem solo e detritos com efici\u00eancia. Os cilindros de ca\u00e7amba s\u00e3o cilindros hidr\u00e1ulicos projetados especificamente para essa finalidade, fornecendo a for\u00e7a necess\u00e1ria para realizar diversas opera\u00e7\u00f5es. Eles desempenham um papel vital no aumento da produtividade e do desempenho na constru\u00e7\u00e3o civil e em outras tarefas pesadas.<\/p>\n<p><img decoding=\"async\" src=\"https:\/\/www.hydraulic-cylinders.net\/wp-content\/uploads\/2025\/04\/songte-company-1.webp\" alt=\"Cilindro da lan\u00e7a para escavadeiras\" \/><\/p>\n<h2>Principais caracter\u00edsticas do produto<\/h2>\n<ul>\n<li><strong>Alta resist\u00eancia e durabilidade:<\/strong> Fabricado em a\u00e7o de alta resist\u00eancia ou alum\u00ednio, o cilindro da lan\u00e7a foi projetado para suportar alta press\u00e3o e cargas pesadas, tornando-o adequado para ambientes de trabalho severos. Seu design incorpora caracter\u00edsticas resistentes ao desgaste e \u00e0 corros\u00e3o para prolongar sua vida \u00fatil.<\/li>\n<li><strong>Opera\u00e7\u00e3o hidr\u00e1ulica eficiente:<\/strong> O cilindro utiliza press\u00e3o de \u00f3leo hidr\u00e1ulico para obter extens\u00e3o e retra\u00e7\u00e3o suaves, permitindo uma resposta r\u00e1pida aos comandos do operador e proporcionando capacidades de empurrar e puxar potentes, ideais para manusear materiais pesados \u200b\u200be realizar tarefas complexas.<\/li>\n<li><strong>Variedade de tipos:<\/strong> Dispon\u00edvel em vers\u00f5es de a\u00e7\u00e3o simples (operando em uma dire\u00e7\u00e3o) e de a\u00e7\u00e3o dupla (operando em ambas as dire\u00e7\u00f5es), o cilindro da lan\u00e7a pode ser selecionado com base em necessidades operacionais espec\u00edficas. Alguns modelos apresentam design telesc\u00f3pico, permitindo maior extens\u00e3o sem aumentar as dimens\u00f5es externas, o que os torna perfeitos para aplica\u00e7\u00f5es com espa\u00e7o limitado.<\/li>\n<li><strong>Engenharia de Precis\u00e3o:<\/strong> Cada cilindro da lan\u00e7a \u00e9 projetado para atender a rigorosos padr\u00f5es de qualidade, garantindo confiabilidade e desempenho consistente em diversas condi\u00e7\u00f5es.<\/li>\n<li><strong>Fabrica\u00e7\u00e3o personalizada:<\/strong> Nossa empresa \u00e9 especializada na produ\u00e7\u00e3o de cilindros de lan\u00e7a de alta qualidade que podem substituir perfeitamente os cilindros hidr\u00e1ulicos existentes, sendo fabricados sob medida para atender \u00e0s especifica\u00e7\u00f5es do cliente.<\/li>\n<\/ul>\n<p><img decoding=\"async\" src=\"https:\/\/www.hydraulic-cylinders.net\/wp-content\/uploads\/2025\/04\/songte-cylinder-head-with-all-kinds-excavator-models.webp\" alt=\"Modelos de Escavadeiras\" \/><\/p>\n<h2>Cen\u00e1rios de Aplica\u00e7\u00e3o<\/h2>\n<h3>Equipamentos de constru\u00e7\u00e3o<\/h3>\n<p>Em escavadeiras, os cilindros da lan\u00e7a s\u00e3o vitais para escavar, carregar e movimentar terra ou entulho. Eles permitem que a ca\u00e7amba penetre no solo de forma eficaz, tornando as tarefas de escava\u00e7\u00e3o mais eficientes. Em retroescavadeiras, o cilindro da lan\u00e7a auxilia tanto nas opera\u00e7\u00f5es de escava\u00e7\u00e3o quanto nas de eleva\u00e7\u00e3o, garantindo versatilidade nas tarefas de constru\u00e7\u00e3o.<\/p>\n<h3>Maquinaria agr\u00edcola<\/h3>\n<p>Com carregadeiras frontais, os cilindros da lan\u00e7a s\u00e3o utilizados para escavar, levantar e transportar terra, feno e outros materiais. Sua efici\u00eancia no levantamento de cargas pesadas as torna indispens\u00e1veis \u200b\u200bem opera\u00e7\u00f5es agr\u00edcolas, melhorando a produtividade e reduzindo o trabalho manual.<\/p>\n<h3>Opera\u00e7\u00f5es de escava\u00e7\u00e3o<\/h3>\n<p>Em escavadeiras, o cilindro da ca\u00e7amba facilita a escava\u00e7\u00e3o, permitindo que a ca\u00e7amba penetre e quebre o solo, melhorando significativamente o processo. Isso \u00e9 crucial para diversos projetos, incluindo paisagismo, escava\u00e7\u00e3o de funda\u00e7\u00f5es e abertura de valas.<\/p>\n<h3>Aplica\u00e7\u00f5es de carregadeira<\/h3>\n<p>Em carregadeiras frontais, os cilindros da lan\u00e7a ajudam a levantar e despejar cargas com efici\u00eancia. Seu design robusto garante um desempenho confi\u00e1vel no transporte de materiais, tornando-os essenciais para uma ampla gama de opera\u00e7\u00f5es de carregamento.<\/p>\n<h2>Considera\u00e7\u00f5es de design e crit\u00e9rios de sele\u00e7\u00e3o<\/h2>\n<h3>Capacidade de carga<\/h3>\n<p>Ao selecionar um cilindro para guindaste, a capacidade de carga \u00e9 fundamental. O projeto deve suportar o peso m\u00e1ximo que ser\u00e1 i\u00e7ado ou movimentado. Os fabricantes geralmente fornecem especifica\u00e7\u00f5es detalhadas para garantir que o cilindro escolhido atenda \u00e0s demandas operacionais.<\/p>\n<h3>Veda\u00e7\u00e3o e durabilidade<\/h3>\n<p>Uma veda\u00e7\u00e3o eficaz \u00e9 crucial para manter a press\u00e3o hidr\u00e1ulica e evitar vazamentos. Veda\u00e7\u00f5es de alta qualidade, como as de pist\u00e3o e haste, feitas de materiais dur\u00e1veis \u200b\u200b(por exemplo, poliuretano, borracha nitr\u00edlica), aumentam a vida \u00fatil e a efici\u00eancia do cilindro. Verifica\u00e7\u00f5es de manuten\u00e7\u00e3o regulares s\u00e3o necess\u00e1rias para garantir que as veda\u00e7\u00f5es permane\u00e7am intactas.<\/p>\n<h3>Recursos de seguran\u00e7a<\/h3>\n<p>A seguran\u00e7a deve ser uma prioridade m\u00e1xima nas considera\u00e7\u00f5es de projeto. Os cilindros da lan\u00e7a devem incluir dispositivos de seguran\u00e7a e v\u00e1lvulas de al\u00edvio de press\u00e3o para evitar acidentes. Medidas de seguran\u00e7a adequadas protegem tanto o equipamento quanto os operadores durante a opera\u00e7\u00e3o.<\/p>\n<h3>Acessibilidade de Manuten\u00e7\u00e3o<\/h3>\n<p>Um cilindro de lan\u00e7a bem projetado deve permitir f\u00e1cil manuten\u00e7\u00e3o e reparos. Isso inclui recursos que facilitem o acesso a componentes-chave para inspe\u00e7\u00e3o e manuten\u00e7\u00e3o, garantindo que o tempo de inatividade seja minimizado e a confiabilidade maximizada.<\/p>\n<p><img decoding=\"async\" src=\"https:\/\/www.hydraulic-cylinders.net\/wp-content\/uploads\/2025\/04\/songte-oil-pipes-and-spare-parts.webp\" alt=\"Componentes hidr\u00e1ulicos\" \/><\/p>\n<h2>Veda\u00e7\u00e3o e Lubrifica\u00e7\u00e3o<\/h2>\n<p>A veda\u00e7\u00e3o e a lubrifica\u00e7\u00e3o eficazes s\u00e3o cruciais para o desempenho e a vida \u00fatil dos cilindros da lan\u00e7a. Diversos componentes de veda\u00e7\u00e3o, como veda\u00e7\u00f5es de pist\u00e3o e veda\u00e7\u00f5es de haste, s\u00e3o utilizados para evitar vazamentos de fluido hidr\u00e1ulico. Essas veda\u00e7\u00f5es s\u00e3o geralmente fabricadas com materiais resistentes ao desgaste, como poliuretano e borracha nitr\u00edlica, garantindo sua resist\u00eancia \u00e0s severas condi\u00e7\u00f5es de opera\u00e7\u00e3o. Al\u00e9m disso, o corpo do cilindro e as extremidades roscadas passam por usinagem de precis\u00e3o para melhorar a resist\u00eancia ao desgaste.<\/p>\n<p>A lubrifica\u00e7\u00e3o regular com \u00f3leo hidr\u00e1ulico \u00e9 essencial para manter o bom funcionamento. Os operadores devem garantir que uma quantidade adequada de \u00f3leo hidr\u00e1ulico seja injetada periodicamente, facilitando o funcionamento ideal das veda\u00e7\u00f5es do cilindro e prevenindo o desgaste ao longo do tempo.<\/p>\n<h2>Inspe\u00e7\u00e3o regular e manuten\u00e7\u00e3o preventiva<\/h2>\n<ul>\n<li><strong>Inspe\u00e7\u00f5es de rotina:<\/strong> Agende inspe\u00e7\u00f5es regulares para verificar vazamentos, desgaste e quaisquer sinais de danos. Identificar problemas precocemente pode evitar reparos dispendiosos e tempo de inatividade.<\/li>\n<li><strong>Lubrifica\u00e7\u00e3o adequada:<\/strong> Assegure-se de que a lubrifica\u00e7\u00e3o seja aplicada nos intervalos recomendados para manter o desempenho do cilindro e evitar o superaquecimento.<\/li>\n<li><strong>Substitui\u00e7\u00e3o da veda\u00e7\u00e3o:<\/strong> Monitore a integridade das veda\u00e7\u00f5es e substitua-as conforme necess\u00e1rio para garantir o funcionamento ideal e evitar vazamentos de fluido hidr\u00e1ulico.<\/li>\n<\/ul>\n<h2>Diretrizes de instala\u00e7\u00e3o adequadas<\/h2>\n<p>Para instalar corretamente o cilindro da lan\u00e7a, siga estas orienta\u00e7\u00f5es:<\/p>\n<p>1. Certifique-se de que o cilindro esteja alinhado corretamente com os suportes de montagem para evitar tens\u00e3o desigual durante a opera\u00e7\u00e3o.<\/p>\n<p>2. Utilize suportes de montagem adequados para fixar o cilindro firmemente, o que ajuda a manter a estabilidade durante a opera\u00e7\u00e3o.<\/p>\n<p>3. Siga as instru\u00e7\u00f5es do fabricante quanto \u00e0s especifica\u00e7\u00f5es de torque para evitar apertar demais ou de menos os fixadores.<\/p>\n<p>4. Ap\u00f3s a instala\u00e7\u00e3o, realize uma inspe\u00e7\u00e3o minuciosa para garantir que todos os componentes estejam firmemente encaixados antes de operar o equipamento.<\/p>\n<p>5. Verifique regularmente o alinhamento durante a opera\u00e7\u00e3o, especialmente nos est\u00e1gios iniciais, para garantir um desempenho suave.<\/p>\n<h2>Tarefas comuns de manuten\u00e7\u00e3o<\/h2>\n<ul>\n<li><strong>Inspe\u00e7\u00f5es regulares:<\/strong> Verificar se h\u00e1 vazamentos, desgaste e alinhamento correto no cilindro \u00e9 crucial. Avalia\u00e7\u00f5es regulares ajudam a identificar problemas potenciais antes que se agravem, garantindo que o equipamento permane\u00e7a em \u00f3timas condi\u00e7\u00f5es.<\/li>\n<li><strong>Lubrifica\u00e7\u00e3o adequada:<\/strong> A lubrifica\u00e7\u00e3o frequente \u00e9 essencial para minimizar o atrito entre as pe\u00e7as m\u00f3veis. Certifique-se de que os n\u00edveis de \u00f3leo hidr\u00e1ulico estejam adequados e que o tipo correto de lubrificante seja utilizado, conforme especificado pelo fabricante.<\/li>\n<li><strong>Substitui\u00e7\u00e3o de veda\u00e7\u00f5es e verifica\u00e7\u00f5es de calibra\u00e7\u00e3o:<\/strong> Inspecione regularmente as veda\u00e7\u00f5es quanto ao desgaste e substitua-as conforme necess\u00e1rio. As verifica\u00e7\u00f5es de calibra\u00e7\u00e3o garantem que o sistema hidr\u00e1ulico opere dentro dos par\u00e2metros especificados, evitando falhas no sistema.<\/li>\n<\/ul>\n<p><img decoding=\"async\" src=\"https:\/\/www.hydraulic-cylinders.net\/wp-content\/uploads\/2025\/04\/songte-chushion-collar.webp\" alt=\"Coleira almofadada\" \/><\/p>\n<h2>Considera\u00e7\u00f5es de seguran\u00e7a e fatores ambientais<\/h2>\n<p>Ao operar cilindros de lan\u00e7a, a implementa\u00e7\u00e3o de medidas de seguran\u00e7a \u00e9 crucial. Certifique-se de que todos os operadores sejam treinados em t\u00e9cnicas adequadas de manuseio e compreendam os riscos associados aos sistemas hidr\u00e1ulicos. Os equipamentos devem ser inspecionados regularmente para verificar sinais de desgaste ou danos, e os operadores devem estar equipados com equipamentos de prote\u00e7\u00e3o individual (EPI) para aumentar a seguran\u00e7a. Al\u00e9m disso, considere o impacto ambiental dos fluidos hidr\u00e1ulicos, optando por op\u00e7\u00f5es biodegrad\u00e1veis \u200b\u200bsempre que poss\u00edvel para minimizar a pegada ecol\u00f3gica.<\/p>\n<h2>Solu\u00e7\u00e3o de problemas e problemas comuns<\/h2>\n<ul>\n<li><strong>Vazamento:<\/strong> Caso haja sinais de vazamento de fluido hidr\u00e1ulico, inspecione as veda\u00e7\u00f5es e conex\u00f5es. Substitua as veda\u00e7\u00f5es desgastadas e aperte as conex\u00f5es conforme necess\u00e1rio.<\/li>\n<li><strong>Desempenho ruim:<\/strong> Se o cilindro n\u00e3o estiver respondendo de forma eficiente, verifique os n\u00edveis do fluido hidr\u00e1ulico e assegure-se de que a lubrifica\u00e7\u00e3o esteja adequada. A presen\u00e7a de ar no sistema hidr\u00e1ulico tamb\u00e9m pode ser um fator e, se necess\u00e1rio, deve ser eliminada.<\/li>\n<li><strong>Ru\u00eddos incomuns:<\/strong> Ru\u00eddos durante o funcionamento podem indicar desgaste de componentes. Examine o cilindro em busca de sinais de desgaste ou danos e considere a possibilidade de manuten\u00e7\u00e3o ou substitui\u00e7\u00e3o das pe\u00e7as afetadas.<\/li>\n<\/ul>\n<p>A implementa\u00e7\u00e3o de estrat\u00e9gias de interven\u00e7\u00e3o precoce pode ajudar a mitigar esses problemas, garantindo um funcionamento tranquilo e eficiente.<\/p>\n<p><img decoding=\"async\" src=\"https:\/\/www.hydraulic-cylinders.net\/wp-content\/uploads\/2025\/04\/songte-bushings-with-all-kinds-of-excavator-models.webp\" alt=\"Buchas de escavadeira\" \/><\/p>\n<h2>perfil de companhia<\/h2>\n<p>Somos fabricantes de cilindros hidr\u00e1ulicos de reposi\u00e7\u00e3o, oferecendo uma linha completa de produtos que nos posicionaram como um dos principais fabricantes e distribuidores de cilindros hidr\u00e1ulicos nos mercados nacional e internacional. Nosso compromisso com a excel\u00eancia \u00e9 sustentado por uma estrat\u00e9gia de gest\u00e3o de produ\u00e7\u00e3o refinada, que utiliza equipamentos de fabrica\u00e7\u00e3o de \u00faltima gera\u00e7\u00e3o e sistemas de teste profissionais. Nossa equipe t\u00e9cnica qualificada aprimora continuamente nossas capacidades de produ\u00e7\u00e3o, garantindo que atendamos \u00e0s diversas necessidades de nossos clientes com alta efici\u00eancia, precis\u00e3o e qualidade.<\/p>\n<p>Nossos servi\u00e7os incluem personaliza\u00e7\u00e3o profissional, certifica\u00e7\u00f5es internacionais e um s\u00f3lido suporte p\u00f3s-venda, garantindo que nossos clientes recebam os melhores produtos, adaptados \u00e0s suas necessidades espec\u00edficas.<\/p>\n<p><img decoding=\"async\" src=\"https:\/\/www.hydraulic-cylinders.net\/wp-content\/uploads\/2025\/04\/songte-company-4.webp\" alt=\"Vis\u00e3o geral da empresa\" \/><br \/>\n<img decoding=\"async\" src=\"https:\/\/www.hydraulic-cylinders.net\/wp-content\/uploads\/2025\/04\/songte-company-3.webp\" alt=\"Equipamentos de fabrica\u00e7\u00e3o\" \/><\/p>\n<p>Autor: lyl<\/p>","protected":false},"excerpt":{"rendered":"<p>Boom Cylinder For Caterpillar Small Excavator E304ECR Overview of Boom Cylinder The Boom Cylinder is a critical component in many heavy machinery applications, particularly in excavators like the Caterpillar Small Excavator E304ECR. In hydraulic systems, a bucket cylinder is designed to control the movement of the bucket, allowing it to lift, lower, and tilt. This [&hellip;]<\/p>","protected":false},"featured_media":17874,"comment_status":"open","ping_status":"closed","template":"","meta":{"_et_pb_use_builder":"","_et_pb_old_content":"","_et_gb_content_width":""},"product_brand":[],"product_cat":[1546],"product_tag":[1547,1496],"class_list":{"0":"post-18932","1":"product","2":"type-product","3":"status-publish","4":"has-post-thumbnail","6":"product_cat-boom-cylinders","7":"product_tag-boom-cylinders","8":"product_tag-hydraulic-cylinders","10":"first","11":"instock","12":"shipping-taxable","13":"product-type-simple"},"amp_enabled":true,"_links":{"self":[{"href":"https:\/\/www.hydraulic-cylinders.net\/pt\/wp-json\/wp\/v2\/product\/18932","targetHints":{"allow":["GET"]}}],"collection":[{"href":"https:\/\/www.hydraulic-cylinders.net\/pt\/wp-json\/wp\/v2\/product"}],"about":[{"href":"https:\/\/www.hydraulic-cylinders.net\/pt\/wp-json\/wp\/v2\/types\/product"}],"replies":[{"embeddable":true,"href":"https:\/\/www.hydraulic-cylinders.net\/pt\/wp-json\/wp\/v2\/comments?post=18932"}],"wp:featuredmedia":[{"embeddable":true,"href":"https:\/\/www.hydraulic-cylinders.net\/pt\/wp-json\/wp\/v2\/media\/17874"}],"wp:attachment":[{"href":"https:\/\/www.hydraulic-cylinders.net\/pt\/wp-json\/wp\/v2\/media?parent=18932"}],"wp:term":[{"taxonomy":"product_brand","embeddable":true,"href":"https:\/\/www.hydraulic-cylinders.net\/pt\/wp-json\/wp\/v2\/product_brand?post=18932"},{"taxonomy":"product_cat","embeddable":true,"href":"https:\/\/www.hydraulic-cylinders.net\/pt\/wp-json\/wp\/v2\/product_cat?post=18932"},{"taxonomy":"product_tag","embeddable":true,"href":"https:\/\/www.hydraulic-cylinders.net\/pt\/wp-json\/wp\/v2\/product_tag?post=18932"}],"curies":[{"name":"wp","href":"https:\/\/api.w.org\/{rel}","templated":true}]}}