{"id":18958,"date":"2025-04-07T06:04:16","date_gmt":"2025-04-07T06:04:16","guid":{"rendered":"https:\/\/www.hydraulic-cylinders.net\/product\/boom-cylinder-for-caterpillar-large-excavator-e326dl\/"},"modified":"2025-04-07T06:04:19","modified_gmt":"2025-04-07T06:04:19","slug":"boom-cylinder-for-caterpillar-large-excavator-e326dl","status":"publish","type":"product","link":"https:\/\/www.hydraulic-cylinders.net\/pt\/produto\/boom-cylinder-for-caterpillar-large-excavator-e326dl\/","title":{"rendered":"Cilindro da lan\u00e7a para escavadeira grande Caterpillar E326DL"},"content":{"rendered":"<h1>Cilindro da lan\u00e7a para escavadeira grande Caterpillar E326DL<\/h1>\n<h2>Introdu\u00e7\u00e3o aos Cilindros de Lan\u00e7a<\/h2>\n<p>O cilindro da lan\u00e7a, tamb\u00e9m conhecido como cilindro da ca\u00e7amba, \u00e9 um cilindro hidr\u00e1ulico especializado projetado para controlar o movimento das ca\u00e7ambas em diversas m\u00e1quinas pesadas, incluindo escavadeiras, retroescavadeiras e p\u00e1s carregadeiras. Este componente crucial permite que a ca\u00e7amba suba, des\u00e7a e incline, sendo essencial para tarefas de movimenta\u00e7\u00e3o de materiais. A efici\u00eancia dos sistemas hidr\u00e1ulicos torna os cilindros da lan\u00e7a vitais em aplica\u00e7\u00f5es de constru\u00e7\u00e3o e agricultura, garantindo movimentos suaves e potentes.<\/p>\n<p><img decoding=\"async\" src=\"https:\/\/www.hydraulic-cylinders.net\/wp-content\/uploads\/2025\/04\/songte-company-1.webp\" alt=\"Cilindro da lan\u00e7a para escavadeira\" \/><\/p>\n<h2>Principais caracter\u00edsticas do cilindro de lan\u00e7a<\/h2>\n<ul>\n<li><strong>Alta resist\u00eancia e durabilidade:<\/strong> Normalmente fabricados em a\u00e7o de alta resist\u00eancia ou alum\u00ednio, esses cilindros s\u00e3o projetados para suportar alta press\u00e3o e cargas pesadas, sendo adequados para ambientes de trabalho severos.<\/li>\n<li><strong>Opera\u00e7\u00e3o hidr\u00e1ulica eficiente:<\/strong> Utilizando press\u00e3o de \u00f3leo hidr\u00e1ulico para extens\u00e3o e retra\u00e7\u00e3o suaves, oferecem resposta r\u00e1pida aos comandos de controle, proporcionando for\u00e7as de empuxo e tra\u00e7\u00e3o potentes para o manuseio de materiais pesados.<\/li>\n<li><strong>Tipos diversos:<\/strong> Dispon\u00edveis em cilindros de a\u00e7\u00e3o simples (operando o sistema hidr\u00e1ulico em uma dire\u00e7\u00e3o) ou de a\u00e7\u00e3o dupla (operando em ambas as dire\u00e7\u00f5es), atendem a diversas necessidades operacionais. Alguns modelos apresentam design telesc\u00f3pico, permitindo maior extens\u00e3o sem aumentar as dimens\u00f5es externas.<\/li>\n<li><strong>Design compacto:<\/strong> As considera\u00e7\u00f5es de design desses cilindros garantem que eles se encaixem em espa\u00e7os apertados sem comprometer o desempenho, tornando-os ideais para aplica\u00e7\u00f5es com espa\u00e7o limitado.<\/li>\n<li><strong>Resist\u00eancia \u00e0 corros\u00e3o:<\/strong> Projetados com materiais resistentes ao desgaste e \u00e0 corros\u00e3o, esses cilindros garantem longa vida \u00fatil mesmo em ambientes desafiadores.<\/li>\n<\/ul>\n<h3>Nossas capacidades de produ\u00e7\u00e3o<\/h3>\n<p>Fabricamos cilindros de lan\u00e7a de alta qualidade que substituem perfeitamente os cilindros hidr\u00e1ulicos existentes no mercado.<\/p>\n<p><img decoding=\"async\" src=\"https:\/\/www.hydraulic-cylinders.net\/wp-content\/uploads\/2025\/04\/songte-cylinder-head-with-all-kinds-excavator-models.webp\" alt=\"Modelos de Escavadeiras\" \/><\/p>\n<h2>Aplica\u00e7\u00f5es de Cilindros de Lan\u00e7a<\/h2>\n<h3>Equipamentos de constru\u00e7\u00e3o<\/h3>\n<p>Em escavadeiras, os cilindros da lan\u00e7a s\u00e3o cruciais para escavar, carregar e movimentar terra ou entulho. Eles permitem que a ca\u00e7amba penetre no solo de forma eficaz, garantindo uma escava\u00e7\u00e3o eficiente. Em retroescavadeiras, os cilindros da lan\u00e7a auxiliam tanto nas opera\u00e7\u00f5es de escava\u00e7\u00e3o quanto nas de eleva\u00e7\u00e3o, tornando-as ferramentas vers\u00e1teis para canteiros de obras.<\/p>\n<h3>Maquinaria agr\u00edcola<\/h3>\n<p>Utilizados em p\u00e1s carregadeiras, os cilindros da lan\u00e7a facilitam a raspagem, o levantamento e o transporte de terra, feno e outros materiais. Seu funcionamento potente permite que os agricultores manuseiem materiais a granel com facilidade, melhorando a produtividade nas tarefas agr\u00edcolas.<\/p>\n<h3>Escavadeiras<\/h3>\n<p>O cilindro da ca\u00e7amba permite que a escavadeira execute a\u00e7\u00f5es de escava\u00e7\u00e3o, penetrando o solo com a ca\u00e7amba. Essa funcionalidade \u00e9 essencial para opera\u00e7\u00f5es de constru\u00e7\u00e3o e paisagismo, tornando a escavadeira uma m\u00e1quina vital nesses ambientes.<\/p>\n<h3>Carregadores<\/h3>\n<p>Em carregadeiras frontais, os cilindros da lan\u00e7a auxiliam no levantamento e despejo de cargas com efici\u00eancia. Sua capacidade de fornecer grande for\u00e7a de eleva\u00e7\u00e3o garante que os materiais possam ser movimentados de forma r\u00e1pida e eficiente, otimizando o fluxo de trabalho nos canteiros de obras.<\/p>\n<h2>Considera\u00e7\u00f5es de design e crit\u00e9rios de sele\u00e7\u00e3o<\/h2>\n<ul>\n<li><strong>Capacidade de carga:<\/strong> A capacidade de carga do cilindro da lan\u00e7a \u00e9 crucial. Ele deve ser capaz de suportar o peso dos materiais que ir\u00e1 movimentar, bem como resistir \u00e0s for\u00e7as exercidas durante a opera\u00e7\u00e3o. A sobrecarga pode levar \u00e0 falha do cilindro, tornando essencial a escolha de um cilindro que exceda os requisitos operacionais.<\/li>\n<li><strong>Integridade do Selo:<\/strong> As veda\u00e7\u00f5es desempenham um papel vital na manuten\u00e7\u00e3o da press\u00e3o hidr\u00e1ulica e na preven\u00e7\u00e3o de vazamentos. \u00c9 fundamental selecionar veda\u00e7\u00f5es de qualidade, garantindo sua resist\u00eancia \u00e0s press\u00f5es e temperaturas de opera\u00e7\u00e3o. A escolha dos materiais, como poliuretano ou borracha nitr\u00edlica, pode impactar significativamente a durabilidade e o desempenho das veda\u00e7\u00f5es.<\/li>\n<li><strong>Durabilidade:<\/strong> O cilindro deve ser constru\u00eddo com materiais resistentes ao desgaste e \u00e0 corros\u00e3o. A incorpora\u00e7\u00e3o de revestimentos duros ou tratamentos de superf\u00edcie pode aumentar a durabilidade, principalmente em ambientes abrasivos. Isso garante uma vida \u00fatil mais longa, reduzindo a frequ\u00eancia de substitui\u00e7\u00f5es e reparos.<\/li>\n<li><strong>Recursos de seguran\u00e7a:<\/strong> A seguran\u00e7a \u00e9 fundamental em sistemas hidr\u00e1ulicos. O projeto deve incluir recursos como v\u00e1lvulas de al\u00edvio de press\u00e3o que impedem o ac\u00famulo excessivo de press\u00e3o, protegendo assim todo o sistema contra poss\u00edveis falhas que poderiam levar a acidentes.<\/li>\n<li><strong>Acessibilidade para manuten\u00e7\u00e3o:<\/strong> O projeto deve permitir f\u00e1cil manuten\u00e7\u00e3o e reparos. Isso inclui fornecer pontos de acesso suficientes para inspe\u00e7\u00e3o e manuten\u00e7\u00e3o, facilitando a garantia de que o cilindro permane\u00e7a em \u00f3timas condi\u00e7\u00f5es de funcionamento.<\/li>\n<\/ul>\n<p><img decoding=\"async\" src=\"https:\/\/www.hydraulic-cylinders.net\/wp-content\/uploads\/2025\/04\/songte-oil-pipes-and-spare-parts.webp\" alt=\"Pe\u00e7as Hidr\u00e1ulicas\" \/><\/p>\n<h2>Veda\u00e7\u00e3o e lubrifica\u00e7\u00e3o do cilindro<\/h2>\n<p>A integridade de um cilindro hidr\u00e1ulico depende fortemente de uma veda\u00e7\u00e3o e lubrifica\u00e7\u00e3o eficazes. Diversos componentes de veda\u00e7\u00e3o, incluindo veda\u00e7\u00f5es de pist\u00e3o e veda\u00e7\u00f5es de haste, s\u00e3o utilizados para manter a press\u00e3o dentro do cilindro. As veda\u00e7\u00f5es s\u00e3o frequentemente fabricadas com materiais dur\u00e1veis, como poliuretano e borracha nitr\u00edlica, que oferecem resist\u00eancia ao desgaste e garantem uma veda\u00e7\u00e3o herm\u00e9tica. O corpo do cilindro e as superf\u00edcies roscadas das extremidades passam por um processo de usinagem refinado para aumentar sua resist\u00eancia ao desgaste. A lubrifica\u00e7\u00e3o regular com \u00f3leo hidr\u00e1ulico apropriado \u00e9 essencial para reduzir o atrito, prevenir o desgaste e manter o desempenho ideal ao longo do tempo.<\/p>\n<h2>Inspe\u00e7\u00e3o regular e manuten\u00e7\u00e3o preventiva<\/h2>\n<ul>\n<li><strong>Inspe\u00e7\u00f5es regulares:<\/strong> Realize verifica\u00e7\u00f5es de rotina para identificar quaisquer sinais de desgaste ou vazamento. A detec\u00e7\u00e3o precoce de problemas como vazamentos de \u00f3leo pode evitar reparos mais significativos posteriormente.<\/li>\n<li><strong>Lubrifica\u00e7\u00e3o adequada:<\/strong> Mantenha um cronograma regular de lubrifica\u00e7\u00e3o para garantir que as veda\u00e7\u00f5es e as pe\u00e7as m\u00f3veis permane\u00e7am adequadamente lubrificadas, reduzindo o atrito e o desgaste.<\/li>\n<li><strong>Substitui\u00e7\u00e3o da veda\u00e7\u00e3o:<\/strong> Avalie regularmente o estado das veda\u00e7\u00f5es e substitua-as conforme necess\u00e1rio. Veda\u00e7\u00f5es desgastadas podem levar \u00e0 redu\u00e7\u00e3o da efici\u00eancia e ao aumento dos custos operacionais.<\/li>\n<\/ul>\n<h2>Diretrizes de instala\u00e7\u00e3o<\/h2>\n<p>A instala\u00e7\u00e3o correta do cilindro da lan\u00e7a \u00e9 crucial para o desempenho ideal. Comece certificando-se de que o cilindro esteja alinhado corretamente com os pontos de montagem na m\u00e1quina. Utilize suportes de montagem adequados para fixar o cilindro firmemente no lugar. \u00c9 essencial apertar todos os parafusos de acordo com as especifica\u00e7\u00f5es do fabricante para evitar qualquer movimento durante a opera\u00e7\u00e3o. Ap\u00f3s a instala\u00e7\u00e3o, verifique se h\u00e1 algum desalinhamento e ajuste conforme necess\u00e1rio. Al\u00e9m disso, certifique-se de que as mangueiras hidr\u00e1ulicas estejam conectadas corretamente para evitar vazamentos. Por fim, teste o sistema hidr\u00e1ulico, observando o desempenho do cilindro para garantir que tudo funcione sem problemas.<\/p>\n<h2>Tarefas comuns de manuten\u00e7\u00e3o<\/h2>\n<ul>\n<li><strong>Inspe\u00e7\u00f5es regulares:<\/strong> Inspe\u00e7\u00f5es frequentes podem ajudar a detectar vazamentos ou sinais de desgaste precocemente, permitindo reparos oportunos que prolongam a vida \u00fatil do cilindro. Preste aten\u00e7\u00e3o especial \u00e0s veda\u00e7\u00f5es e \u00e0 haste, verificando se h\u00e1 danos.<\/li>\n<li><strong>Lubrifica\u00e7\u00e3o adequada:<\/strong> Garantir que os n\u00edveis de \u00f3leo hidr\u00e1ulico estejam adequados e que os pontos de lubrifica\u00e7\u00e3o sejam limpos regularmente \u00e9 essencial. Utilize os fluidos hidr\u00e1ulicos recomendados para manter a efici\u00eancia do sistema e reduzir o desgaste.<\/li>\n<li><strong>Substitui\u00e7\u00e3o de veda\u00e7\u00f5es e verifica\u00e7\u00f5es de calibra\u00e7\u00e3o:<\/strong> A substitui\u00e7\u00e3o regular das veda\u00e7\u00f5es pode prevenir vazamentos de \u00f3leo e manter a press\u00e3o do sistema. Al\u00e9m disso, realize verifica\u00e7\u00f5es de calibra\u00e7\u00e3o para garantir que o cilindro opere dentro das especifica\u00e7\u00f5es exigidas.<\/li>\n<\/ul>\n<p><img decoding=\"async\" src=\"https:\/\/www.hydraulic-cylinders.net\/wp-content\/uploads\/2025\/04\/songte-chushion-collar.webp\" alt=\"Coleira almofadada\" \/><\/p>\n<h2>Considera\u00e7\u00f5es de seguran\u00e7a e fatores ambientais<\/h2>\n<p>As medidas de seguran\u00e7a s\u00e3o cruciais ao utilizar sistemas hidr\u00e1ulicos. Os operadores devem ser treinados para reconhecer os riscos potenciais associados aos equipamentos hidr\u00e1ulicos, como movimentos bruscos ou falhas. A implementa\u00e7\u00e3o de protocolos de seguran\u00e7a, como o uso de equipamentos de prote\u00e7\u00e3o individual e a garantia de que as \u00e1reas de trabalho estejam livres de obst\u00e1culos, pode minimizar os riscos. Al\u00e9m disso, considere o impacto ambiental dos fluidos hidr\u00e1ulicos. Opte por \u00f3leos biodegrad\u00e1veis \u200b\u200bsempre que poss\u00edvel para reduzir a pegada ecol\u00f3gica e assegure-se de que os res\u00edduos gerados durante a manuten\u00e7\u00e3o sejam descartados corretamente.<\/p>\n<h2>Solu\u00e7\u00e3o de problemas e problemas comuns<\/h2>\n<ul>\n<li><strong>Vazamento:<\/strong> Um dos problemas mais comuns em cilindros hidr\u00e1ulicos \u00e9 o vazamento. Verifique se h\u00e1 veda\u00e7\u00f5es danificadas ou conex\u00f5es soltas e substitua as veda\u00e7\u00f5es conforme necess\u00e1rio para resolver o problema.<\/li>\n<li><strong>Opera\u00e7\u00e3o lenta:<\/strong> Se o cilindro estiver funcionando lentamente, verifique os n\u00edveis do fluido hidr\u00e1ulico e certifique-se de que n\u00e3o haja obstru\u00e7\u00f5es no sistema. A presen\u00e7a de ar no sistema tamb\u00e9m pode causar lentid\u00e3o; nesse caso, pode ser necess\u00e1rio sangrar o sistema.<\/li>\n<li><strong>Movimento inesperado:<\/strong> Isso pode indicar uma falha nas veda\u00e7\u00f5es ou uma v\u00e1lvula de controle com defeito. Inspecione as veda\u00e7\u00f5es em busca de danos e certifique-se de que os sistemas de controle estejam funcionando corretamente.<\/li>\n<\/ul>\n<p>Para diagnosticar e resolver problemas com efic\u00e1cia, os operadores devem manter um registro de manuten\u00e7\u00e3o detalhado, anotando quaisquer problemas encontrados e as solu\u00e7\u00f5es aplicadas. A preven\u00e7\u00e3o \u00e9 fundamental; verifica\u00e7\u00f5es de manuten\u00e7\u00e3o regulares podem reduzir significativamente a probabilidade de recorr\u00eancia de problemas.<\/p>\n<p><img decoding=\"async\" src=\"https:\/\/www.hydraulic-cylinders.net\/wp-content\/uploads\/2025\/04\/songte-bushings-with-all-kinds-of-excavator-models.webp\" alt=\"Buchas para Escavadeiras\" \/><\/p>\n<h2>Vis\u00e3o geral da empresa<\/h2>\n<p>Somos um fabricante l\u00edder de cilindros hidr\u00e1ulicos de reposi\u00e7\u00e3o, oferecendo uma ampla gama de produtos que atendem aos mercados nacional e internacional. Nosso compromisso com a excel\u00eancia nos impulsiona a aderir a altos padr\u00f5es de qualidade, apoiados por uma sofisticada estrat\u00e9gia de gest\u00e3o de produ\u00e7\u00e3o. Aproveitamos tecnologia de ponta e pessoal qualificado para aprimorar nossas capacidades de produ\u00e7\u00e3o, garantindo que atendemos \u00e0s diversas necessidades de nossos clientes com efici\u00eancia e efic\u00e1cia.<\/p>\n<h3>Nossas especialidades<\/h3>\n<ul>\n<li><strong>Experi\u00eancia profissional:<\/strong> Nossa equipe \u00e9 formada por profissionais altamente qualificados com amplo conhecimento em sistemas hidr\u00e1ulicos, garantindo que oferecemos as melhores solu\u00e7\u00f5es para nossos clientes.<\/li>\n<li><strong>Certifica\u00e7\u00f5es Internacionais:<\/strong> Possu\u00edmos diversas certifica\u00e7\u00f5es internacionais que atestam a qualidade e a confiabilidade de nossos produtos.<\/li>\n<li><strong>Solu\u00e7\u00f5es personalizadas:<\/strong> Oferecemos servi\u00e7os de fabrica\u00e7\u00e3o personalizada para atender \u00e0s necessidades espec\u00edficas de cada cliente, garantindo que cada produto seja adaptado \u00e0s suas exig\u00eancias.<\/li>\n<li><strong>Equipamentos de produ\u00e7\u00e3o avan\u00e7ados:<\/strong> Nossos equipamentos de produ\u00e7\u00e3o de \u00faltima gera\u00e7\u00e3o nos permitem manter alta precis\u00e3o e efici\u00eancia em nossos processos de fabrica\u00e7\u00e3o.<\/li>\n<li><strong>Servi\u00e7o p\u00f3s-venda completo:<\/strong> Oferecemos um s\u00f3lido suporte p\u00f3s-venda, garantindo que nossos clientes estejam satisfeitos com suas compras e recebam assist\u00eancia sempre que necess\u00e1rio.<\/li>\n<\/ul>\n<p><img decoding=\"async\" src=\"https:\/\/www.hydraulic-cylinders.net\/wp-content\/uploads\/2025\/04\/songte-company-4.webp\" alt=\"Vis\u00e3o geral da empresa 1\" \/><br \/>\n<img decoding=\"async\" src=\"https:\/\/www.hydraulic-cylinders.net\/wp-content\/uploads\/2025\/04\/songte-company-3.webp\" alt=\"Vis\u00e3o geral da empresa 2\" \/><\/p>\n<p>Autor: lyl<\/p>","protected":false},"excerpt":{"rendered":"<p>Boom Cylinder For Caterpillar Large Excavator E326DL Introduction to Boom Cylinders The boom cylinder, also known as the bucket cylinder, is a specialized hydraulic cylinder designed to control the movement of buckets in various heavy machinery, including excavators, backhoe loaders, and front loaders. This crucial component allows the bucket to lift, lower, and tilt, making [&hellip;]<\/p>","protected":false},"featured_media":17870,"comment_status":"open","ping_status":"closed","template":"","meta":{"_et_pb_use_builder":"","_et_pb_old_content":"","_et_gb_content_width":""},"product_brand":[],"product_cat":[1546],"product_tag":[1547,1496],"class_list":{"0":"post-18958","1":"product","2":"type-product","3":"status-publish","4":"has-post-thumbnail","6":"product_cat-boom-cylinders","7":"product_tag-boom-cylinders","8":"product_tag-hydraulic-cylinders","10":"first","11":"instock","12":"shipping-taxable","13":"product-type-simple"},"amp_enabled":true,"_links":{"self":[{"href":"https:\/\/www.hydraulic-cylinders.net\/pt\/wp-json\/wp\/v2\/product\/18958","targetHints":{"allow":["GET"]}}],"collection":[{"href":"https:\/\/www.hydraulic-cylinders.net\/pt\/wp-json\/wp\/v2\/product"}],"about":[{"href":"https:\/\/www.hydraulic-cylinders.net\/pt\/wp-json\/wp\/v2\/types\/product"}],"replies":[{"embeddable":true,"href":"https:\/\/www.hydraulic-cylinders.net\/pt\/wp-json\/wp\/v2\/comments?post=18958"}],"wp:featuredmedia":[{"embeddable":true,"href":"https:\/\/www.hydraulic-cylinders.net\/pt\/wp-json\/wp\/v2\/media\/17870"}],"wp:attachment":[{"href":"https:\/\/www.hydraulic-cylinders.net\/pt\/wp-json\/wp\/v2\/media?parent=18958"}],"wp:term":[{"taxonomy":"product_brand","embeddable":true,"href":"https:\/\/www.hydraulic-cylinders.net\/pt\/wp-json\/wp\/v2\/product_brand?post=18958"},{"taxonomy":"product_cat","embeddable":true,"href":"https:\/\/www.hydraulic-cylinders.net\/pt\/wp-json\/wp\/v2\/product_cat?post=18958"},{"taxonomy":"product_tag","embeddable":true,"href":"https:\/\/www.hydraulic-cylinders.net\/pt\/wp-json\/wp\/v2\/product_tag?post=18958"}],"curies":[{"name":"wp","href":"https:\/\/api.w.org\/{rel}","templated":true}]}}