{"id":18971,"date":"2025-04-07T06:04:50","date_gmt":"2025-04-07T06:04:50","guid":{"rendered":"https:\/\/www.hydraulic-cylinders.net\/product\/boom-cylinder-for-caterpillar-large-excavator-e450\/"},"modified":"2025-04-07T06:04:53","modified_gmt":"2025-04-07T06:04:53","slug":"boom-cylinder-for-caterpillar-large-excavator-e450","status":"publish","type":"product","link":"https:\/\/www.hydraulic-cylinders.net\/pt\/produto\/boom-cylinder-for-caterpillar-large-excavator-e450\/","title":{"rendered":"Cilindro da lan\u00e7a para escavadeira grande Caterpillar E450"},"content":{"rendered":"<h1>Cilindro da lan\u00e7a para escavadeira grande Caterpillar E450<\/h1>\n<h2>Entendendo os Cilindros da Lan\u00e7a<\/h2>\n<p>O cilindro da lan\u00e7a \u00e9 um tipo de cilindro hidr\u00e1ulico projetado especificamente para controlar o movimento da lan\u00e7a em m\u00e1quinas pesadas, como escavadeiras, retroescavadeiras e p\u00e1s carregadeiras. Ele permite que a lan\u00e7a se levante, abaixe e incline, facilitando as tarefas de movimenta\u00e7\u00e3o de materiais com efici\u00eancia. O cilindro da lan\u00e7a \u00e9 um componente essencial em sistemas hidr\u00e1ulicos, pois converte a press\u00e3o hidr\u00e1ulica em for\u00e7a mec\u00e2nica, permitindo movimentos precisos da lan\u00e7a da escavadeira.<\/p>\n<p><img decoding=\"async\" src=\"https:\/\/www.hydraulic-cylinders.net\/wp-content\/uploads\/2025\/04\/songte-company-1.webp\" alt=\"Imagem do Cilindro da Lan\u00e7a\" \/><\/p>\n<h3>Principais caracter\u00edsticas do cilindro de lan\u00e7a<\/h3>\n<ul>\n<li><strong>Alta resist\u00eancia e durabilidade:<\/strong> Normalmente fabricados em a\u00e7o de alta resist\u00eancia ou alum\u00ednio, esses cilindros podem suportar altas press\u00f5es e cargas pesadas, tornando-os adequados para ambientes de trabalho severos.<\/li>\n<li><strong>Opera\u00e7\u00e3o hidr\u00e1ulica eficiente:<\/strong> Utilizando press\u00e3o de \u00f3leo hidr\u00e1ulico para extens\u00e3o e retra\u00e7\u00e3o suaves, permitindo resposta r\u00e1pida aos comandos de controle e proporcionando poderosas capacidades de empurrar e puxar.<\/li>\n<li><strong>Variedade de tipos:<\/strong> Dispon\u00edvel em vers\u00f5es de a\u00e7\u00e3o simples (utiliza for\u00e7a hidr\u00e1ulica em uma dire\u00e7\u00e3o) ou de a\u00e7\u00e3o dupla (utiliza for\u00e7a hidr\u00e1ulica em ambas as dire\u00e7\u00f5es) para atender a diversas necessidades operacionais. Alguns modelos s\u00e3o telesc\u00f3picos, permitindo maior extens\u00e3o sem aumentar o tamanho externo, ideal para aplica\u00e7\u00f5es com espa\u00e7o limitado.<\/li>\n<\/ul>\n<p>Fabricamos cilindros de lan\u00e7a de alta qualidade que substituem perfeitamente os cilindros hidr\u00e1ulicos existentes.<\/p>\n<p><img decoding=\"async\" src=\"https:\/\/www.hydraulic-cylinders.net\/wp-content\/uploads\/2025\/04\/songte-cylinder-head-with-all-kinds-excavator-models.webp\" alt=\"Modelos de Escavadeiras\" \/><\/p>\n<h2>Aplica\u00e7\u00f5es do Cilindro de Lan\u00e7a<\/h2>\n<h3>Equipamentos de constru\u00e7\u00e3o<\/h3>\n<p>Em escavadeiras, os cilindros da lan\u00e7a s\u00e3o cruciais para escavar, carregar e movimentar terra ou entulho. Eles fornecem a for\u00e7a necess\u00e1ria para que a ca\u00e7amba penetre no solo, tornando as tarefas de escava\u00e7\u00e3o eficientes. Em retroescavadeiras, auxiliam tanto nas opera\u00e7\u00f5es de escava\u00e7\u00e3o quanto nas de eleva\u00e7\u00e3o, permitindo uma funcionalidade vers\u00e1til nos canteiros de obras.<\/p>\n<h3>Maquinaria agr\u00edcola<\/h3>\n<p>Em carregadeiras frontais, os cilindros da lan\u00e7a s\u00e3o essenciais para escavar, levantar e transportar terra, feno e outros materiais. Seu design garante que essas carregadeiras possam executar uma variedade de tarefas, desde o carregamento de caminh\u00f5es at\u00e9 o nivelamento do terreno, aumentando efetivamente a produtividade agr\u00edcola.<\/p>\n<h3>Escavadeiras<\/h3>\n<p>Os cilindros da lan\u00e7a permitem que as escavadeiras realizem a\u00e7\u00f5es de escava\u00e7\u00e3o, possibilitando que a ca\u00e7amba penetre no solo de forma eficaz. Essa capacidade \u00e9 vital para diversas tarefas, incluindo abertura de valas e prepara\u00e7\u00e3o do terreno, onde precis\u00e3o e pot\u00eancia s\u00e3o necess\u00e1rias.<\/p>\n<h3>Carregadores<\/h3>\n<p>Em carregadeiras frontais, esses cilindros auxiliam no levantamento e despejo eficientes de cargas. Eles garantem que os materiais possam ser movidos rapidamente de um local para outro, facilitando opera\u00e7\u00f5es mais \u00e1geis em canteiros de obras.<\/p>\n<h2>Considera\u00e7\u00f5es de projeto para cilindros de lan\u00e7a<\/h2>\n<h3>Capacidade de carga<\/h3>\n<p>A capacidade de carga do cilindro da lan\u00e7a \u00e9 um fator cr\u00edtico em seu projeto. Ele deve ser capaz de suportar o peso m\u00e1ximo que encontrar\u00e1 durante a opera\u00e7\u00e3o, sem comprometer a seguran\u00e7a ou o desempenho. Os engenheiros devem calcular os limites de carga adequados com base no uso pretendido da m\u00e1quina e no ambiente operacional.<\/p>\n<h3>Selagem<\/h3>\n<p>Uma veda\u00e7\u00e3o eficaz \u00e9 vital para evitar vazamentos de fluido hidr\u00e1ulico, que podem levar \u00e0 redu\u00e7\u00e3o do desempenho e a riscos ambientais. A escolha dos materiais de veda\u00e7\u00e3o, como poliuretano e borracha nitr\u00edlica, \u00e9 essencial para garantir durabilidade e compatibilidade com os fluidos hidr\u00e1ulicos.<\/p>\n<h3>Durabilidade<\/h3>\n<p>A durabilidade \u00e9 fundamental no projeto dos cilindros da lan\u00e7a. Eles devem resistir ao desgaste causado por condi\u00e7\u00f5es operacionais severas, incluindo exposi\u00e7\u00e3o \u00e0 sujeira, umidade e temperaturas extremas. Materiais de alta qualidade e revestimentos protetores s\u00e3o frequentemente utilizados para aumentar a vida \u00fatil.<\/p>\n<h3>Seguran\u00e7a<\/h3>\n<p>Os recursos de seguran\u00e7a s\u00e3o essenciais no projeto de cilindros hidr\u00e1ulicos. Estes podem incluir v\u00e1lvulas de al\u00edvio de press\u00e3o para evitar sobrecargas e garantir a opera\u00e7\u00e3o segura em diversas condi\u00e7\u00f5es. Verifica\u00e7\u00f5es de seguran\u00e7a regulares e o cumprimento de protocolos operacionais s\u00e3o necess\u00e1rios para mitigar os riscos.<\/p>\n<h3>Manuten\u00e7\u00e3o<\/h3>\n<p>As considera\u00e7\u00f5es de manuten\u00e7\u00e3o desempenham um papel crucial no projeto dos cilindros da lan\u00e7a. Isso inclui a facilidade de acesso para inspe\u00e7\u00f5es, reparos e substitui\u00e7\u00f5es de componentes desgastados. Um cilindro bem projetado simplifica as tarefas de manuten\u00e7\u00e3o, garantindo que o equipamento permane\u00e7a operacional e eficiente.<\/p>\n<p><img decoding=\"async\" src=\"https:\/\/www.hydraulic-cylinders.net\/wp-content\/uploads\/2025\/04\/songte-oil-pipes-and-spare-parts.webp\" alt=\"Pe\u00e7as Hidr\u00e1ulicas\" \/><\/p>\n<h2>Veda\u00e7\u00e3o e Lubrifica\u00e7\u00e3o de Cilindros de Lan\u00e7a<\/h2>\n<p>A veda\u00e7\u00e3o e a lubrifica\u00e7\u00e3o adequadas s\u00e3o vitais para o funcionamento ideal dos cilindros da lan\u00e7a. Diversos componentes de veda\u00e7\u00e3o, como veda\u00e7\u00f5es de pist\u00e3o e veda\u00e7\u00f5es de haste, s\u00e3o utilizados para evitar vazamentos de fluido hidr\u00e1ulico. Veda\u00e7\u00f5es feitas de materiais resistentes ao desgaste, como poliuretano e borracha nitr\u00edlica, garantem durabilidade e confiabilidade.<\/p>\n<p>O cilindro e as superf\u00edcies roscadas das extremidades passam por um tratamento de precis\u00e3o para aumentar a resist\u00eancia ao desgaste. A lubrifica\u00e7\u00e3o regular com \u00f3leo hidr\u00e1ulico \u00e9 necess\u00e1ria para manter o funcionamento suave, reduzir o atrito e prolongar a vida \u00fatil do cilindro.<\/p>\n<h2>Inspe\u00e7\u00e3o regular e manuten\u00e7\u00e3o preventiva<\/h2>\n<ul>\n<li><strong>Verifica\u00e7\u00f5es frequentes:<\/strong> Inspe\u00e7\u00f5es regulares s\u00e3o essenciais para identificar quaisquer sinais de desgaste ou danos. Estas devem incluir a verifica\u00e7\u00e3o de vazamentos de fluidos, integridade das veda\u00e7\u00f5es e condi\u00e7\u00e3o geral do cilindro.<\/li>\n<li><strong>Lubrifica\u00e7\u00e3o correta:<\/strong> Garantir que o cilindro esteja devidamente lubrificado com o tipo e a quantidade corretos de \u00f3leo hidr\u00e1ulico \u00e9 crucial para evitar falhas e manter o desempenho.<\/li>\n<li><strong>Substitui\u00e7\u00e3o da veda\u00e7\u00e3o:<\/strong> As veda\u00e7\u00f5es devem ser trocadas periodicamente, dependendo do uso e das condi\u00e7\u00f5es ambientais, para evitar vazamentos e manter a efic\u00e1cia.<\/li>\n<\/ul>\n<h2>Diretrizes de instala\u00e7\u00e3o adequadas<\/h2>\n<p>A instala\u00e7\u00e3o correta do cilindro da lan\u00e7a \u00e9 fundamental para seu desempenho e durabilidade. Comece certificando-se de que o cilindro esteja alinhado corretamente com os suportes de montagem para evitar tens\u00e3o excessiva nas veda\u00e7\u00f5es e conex\u00f5es. Utilize os suportes de montagem adequados para fixar o cilindro na posi\u00e7\u00e3o correta, permitindo movimento e funcionamento ideais.<\/p>\n<p>\u00c9 importante tamb\u00e9m verificar se todas as conex\u00f5es hidr\u00e1ulicas est\u00e3o bem apertadas para evitar vazamentos. Ap\u00f3s a instala\u00e7\u00e3o, realize uma inspe\u00e7\u00e3o completa para garantir que tudo esteja funcionando corretamente antes de colocar o equipamento em opera\u00e7\u00e3o.<\/p>\n<h2>Tarefas comuns de manuten\u00e7\u00e3o<\/h2>\n<ul>\n<li><strong>Inspe\u00e7\u00e3o regular:<\/strong> A realiza\u00e7\u00e3o de verifica\u00e7\u00f5es de rotina para detectar sinais de desgaste, vazamentos e danos garante que quaisquer problemas potenciais sejam resolvidos prontamente.<\/li>\n<li><strong>Lubrifica\u00e7\u00e3o adequada:<\/strong> A lubrifica\u00e7\u00e3o regular do cilindro ajuda a manter o seu bom funcionamento e prolongar a sua vida \u00fatil. Isto consiste em adicionar o tipo correto de \u00f3leo hidr\u00e1ulico ao cilindro conforme necess\u00e1rio.<\/li>\n<li><strong>Substitui\u00e7\u00e3o de veda\u00e7\u00f5es e verifica\u00e7\u00f5es de calibra\u00e7\u00e3o:<\/strong> A substitui\u00e7\u00e3o peri\u00f3dica das veda\u00e7\u00f5es e a verifica\u00e7\u00e3o da calibra\u00e7\u00e3o s\u00e3o essenciais para manter a efici\u00eancia do cilindro. Esse processo inclui garantir que todos os componentes estejam alinhados corretamente para um funcionamento ideal.<\/li>\n<\/ul>\n<h2>Considera\u00e7\u00f5es de seguran\u00e7a e fatores ambientais<\/h2>\n<p>Ao utilizar cilindros de lan\u00e7a, as medidas de seguran\u00e7a s\u00e3o fundamentais. Os operadores devem ser treinados no uso correto de equipamentos hidr\u00e1ulicos para minimizar os riscos. Al\u00e9m disso, o uso adequado de equipamentos de prote\u00e7\u00e3o individual (EPI) ao operar m\u00e1quinas garante um ambiente de trabalho mais seguro.<\/p>\n<h2>Solu\u00e7\u00e3o de problemas e problemas comuns<\/h2>\n<ul>\n<li><strong>Vazamentos de fluido hidr\u00e1ulico:<\/strong> Se notar vazamento de fluido hidr\u00e1ulico, verifique se h\u00e1 danos ou desgaste nas veda\u00e7\u00f5es e conex\u00f5es. A substitui\u00e7\u00e3o imediata de veda\u00e7\u00f5es desgastadas pode evitar vazamentos futuros.<\/li>\n<li><strong>Desempenho ruim:<\/strong> Se o cilindro da lan\u00e7a n\u00e3o estiver respondendo corretamente, inspecione o n\u00edvel do fluido e verifique se h\u00e1 ar no sistema hidr\u00e1ulico, o que pode exigir sangria.<\/li>\n<li><strong>Superaquecimento:<\/strong> Se o sistema hidr\u00e1ulico estiver superaquecendo, verifique se h\u00e1 obstru\u00e7\u00f5es nas linhas hidr\u00e1ulicas ou n\u00edveis insuficientes de fluido, o que pode causar problemas operacionais.<\/li>\n<\/ul>\n<h2>Dicas para solu\u00e7\u00e3o de problemas<\/h2>\n<p>Para diagnosticar e resolver problemas com o cilindro da sua lan\u00e7a de forma eficaz, \u00e9 importante seguir uma abordagem sistem\u00e1tica. Comece com inspe\u00e7\u00f5es visuais para identificar vazamentos ou danos \u00f3bvios. Certifique-se de verificar os n\u00edveis do fluido hidr\u00e1ulico e o estado das mangueiras e conex\u00f5es. A manuten\u00e7\u00e3o regular pode ajudar a identificar problemas potenciais antes que se agravem, garantindo a longevidade e a efici\u00eancia do seu equipamento.<\/p>\n<p><img decoding=\"async\" src=\"https:\/\/www.hydraulic-cylinders.net\/wp-content\/uploads\/2025\/04\/songte-bushings-with-all-kinds-of-excavator-models.webp\" alt=\"Buchas para Escavadeiras\" \/><\/p>\n<h2>Sobre nossa empresa<\/h2>\n<p>Somos um fabricante l\u00edder de cilindros hidr\u00e1ulicos de reposi\u00e7\u00e3o, oferecendo uma gama completa de produtos para os mercados nacional e internacional. Nosso compromisso com a excel\u00eancia \u00e9 sustentado por uma estrat\u00e9gia de fabrica\u00e7\u00e3o refinada que utiliza talentos t\u00e9cnicos qualificados, equipamentos de fabrica\u00e7\u00e3o digital de ponta e sistemas de teste profissionais.<\/p>\n<p>Aprimoramos continuamente nossa plataforma de fabrica\u00e7\u00e3o, garantindo linhas de produ\u00e7\u00e3o de alta qualidade. Nossas capacidades nos permitem atender \u00e0s diversas necessidades dos clientes com efici\u00eancia e precis\u00e3o, mantendo altos padr\u00f5es de qualidade, efici\u00eancia e precis\u00e3o.<\/p>\n<p><img decoding=\"async\" src=\"https:\/\/www.hydraulic-cylinders.net\/wp-content\/uploads\/2025\/04\/songte-company-4.webp\" alt=\"Vis\u00e3o geral da empresa\" \/><br \/>\n<img decoding=\"async\" src=\"https:\/\/www.hydraulic-cylinders.net\/wp-content\/uploads\/2025\/04\/songte-company-3.webp\" alt=\"Instala\u00e7\u00e3o de Fabrica\u00e7\u00e3o\" \/><\/p>\n<p>Nossas \u00e1reas de atua\u00e7\u00e3o incluem fabrica\u00e7\u00e3o especializada, certifica\u00e7\u00f5es internacionais, servi\u00e7os personalizados, equipamentos de produ\u00e7\u00e3o avan\u00e7ados e suporte p\u00f3s-venda excepcional.<\/p>\n<p>Autor: lyl<\/p>","protected":false},"excerpt":{"rendered":"<p>Boom Cylinder For Caterpillar Large Excavator E450 Understanding Boom Cylinders A boom cylinder is a type of hydraulic cylinder specifically designed to control the movement of the boom on heavy machinery like excavators, backhoes, and front loaders. It enables the boom to lift, lower, and tilt, facilitating material handling tasks efficiently. The boom cylinder is [&hellip;]<\/p>","protected":false},"featured_media":17868,"comment_status":"open","ping_status":"closed","template":"","meta":{"_et_pb_use_builder":"","_et_pb_old_content":"","_et_gb_content_width":""},"product_brand":[],"product_cat":[1546],"product_tag":[1547,1496],"class_list":{"0":"post-18971","1":"product","2":"type-product","3":"status-publish","4":"has-post-thumbnail","6":"product_cat-boom-cylinders","7":"product_tag-boom-cylinders","8":"product_tag-hydraulic-cylinders","10":"first","11":"instock","12":"shipping-taxable","13":"product-type-simple"},"amp_enabled":true,"_links":{"self":[{"href":"https:\/\/www.hydraulic-cylinders.net\/pt\/wp-json\/wp\/v2\/product\/18971","targetHints":{"allow":["GET"]}}],"collection":[{"href":"https:\/\/www.hydraulic-cylinders.net\/pt\/wp-json\/wp\/v2\/product"}],"about":[{"href":"https:\/\/www.hydraulic-cylinders.net\/pt\/wp-json\/wp\/v2\/types\/product"}],"replies":[{"embeddable":true,"href":"https:\/\/www.hydraulic-cylinders.net\/pt\/wp-json\/wp\/v2\/comments?post=18971"}],"wp:featuredmedia":[{"embeddable":true,"href":"https:\/\/www.hydraulic-cylinders.net\/pt\/wp-json\/wp\/v2\/media\/17868"}],"wp:attachment":[{"href":"https:\/\/www.hydraulic-cylinders.net\/pt\/wp-json\/wp\/v2\/media?parent=18971"}],"wp:term":[{"taxonomy":"product_brand","embeddable":true,"href":"https:\/\/www.hydraulic-cylinders.net\/pt\/wp-json\/wp\/v2\/product_brand?post=18971"},{"taxonomy":"product_cat","embeddable":true,"href":"https:\/\/www.hydraulic-cylinders.net\/pt\/wp-json\/wp\/v2\/product_cat?post=18971"},{"taxonomy":"product_tag","embeddable":true,"href":"https:\/\/www.hydraulic-cylinders.net\/pt\/wp-json\/wp\/v2\/product_tag?post=18971"}],"curies":[{"name":"wp","href":"https:\/\/api.w.org\/{rel}","templated":true}]}}