{"id":18980,"date":"2025-04-07T06:05:32","date_gmt":"2025-04-07T06:05:32","guid":{"rendered":"https:\/\/www.hydraulic-cylinders.net\/product\/boom-cylinder-for-caterpillar-wheel-excavator-m322d\/"},"modified":"2025-04-07T06:05:35","modified_gmt":"2025-04-07T06:05:35","slug":"boom-cylinder-for-caterpillar-wheel-excavator-m322d","status":"publish","type":"product","link":"https:\/\/www.hydraulic-cylinders.net\/pt\/produto\/boom-cylinder-for-caterpillar-wheel-excavator-m322d\/","title":{"rendered":"Cilindro da lan\u00e7a para escavadeira de rodas Caterpillar M322D"},"content":{"rendered":"<h1>Cilindro da lan\u00e7a para escavadeira de rodas Caterpillar M322D<\/h1>\n<h2>Vis\u00e3o geral do produto<\/h2>\n<p>O cilindro da lan\u00e7a \u00e9 um componente crucial da escavadeira de rodas Caterpillar M322D, projetado para controlar o movimento do bra\u00e7o da lan\u00e7a com precis\u00e3o e efici\u00eancia. Este cilindro hidr\u00e1ulico permite que a lan\u00e7a se eleve, abaixe e incline, o que \u00e9 essencial para diversas tarefas de movimenta\u00e7\u00e3o de materiais. Como parte do sistema hidr\u00e1ulico, o cilindro da lan\u00e7a desempenha um papel significativo na melhoria do desempenho de m\u00e1quinas pesadas, fornecendo a for\u00e7a necess\u00e1ria para manusear cargas pesadas com seguran\u00e7a e efic\u00e1cia.<\/p>\n<p><img decoding=\"async\" src=\"https:\/\/www.hydraulic-cylinders.net\/wp-content\/uploads\/2025\/04\/songte-company-1.webp\" alt=\"Imagem do Cilindro da Lan\u00e7a\"><\/p>\n<h3>Defini\u00e7\u00e3o e fun\u00e7\u00e3o do cilindro da lan\u00e7a<\/h3>\n<p>Um cilindro de lan\u00e7a \u00e9 um tipo de cilindro hidr\u00e1ulico projetado especificamente para controlar o movimento da lan\u00e7a em diversas m\u00e1quinas pesadas, como escavadeiras, retroescavadeiras e p\u00e1s carregadeiras. Ele permite que os operadores realizem tarefas como levantar, abaixar e inclinar a lan\u00e7a, facilitando assim o manuseio eficiente de materiais. O sistema hidr\u00e1ulico utiliza fluido pressurizado para possibilitar movimentos suaves e controlados, tornando-o indispens\u00e1vel em aplica\u00e7\u00f5es de constru\u00e7\u00e3o e agricultura.<\/p>\n<h2>Principais caracter\u00edsticas do cilindro de lan\u00e7a<\/h2>\n<ul>\n<li><strong>Alta resist\u00eancia e durabilidade:<\/strong> Fabricado em a\u00e7o de alta resist\u00eancia ou alum\u00ednio, o cilindro da lan\u00e7a \u00e9 projetado para suportar alta press\u00e3o e cargas pesadas, tornando-o adequado para condi\u00e7\u00f5es de trabalho severas, ao mesmo tempo que garante longa vida \u00fatil atrav\u00e9s da resist\u00eancia ao desgaste e prote\u00e7\u00e3o contra corros\u00e3o.<\/li>\n<li><strong>Opera\u00e7\u00e3o hidr\u00e1ulica eficiente:<\/strong> O cilindro utiliza a press\u00e3o do fluido hidr\u00e1ulico para uma extens\u00e3o e retra\u00e7\u00e3o suaves, permitindo uma resposta r\u00e1pida aos comandos do operador e fornecendo uma for\u00e7a de empurrar e puxar potente para lidar com tarefas pesadas e complexas.<\/li>\n<li><strong>Diversos tipos dispon\u00edveis:<\/strong> As op\u00e7\u00f5es incluem cilindros de a\u00e7\u00e3o simples (operando em uma dire\u00e7\u00e3o) ou de a\u00e7\u00e3o dupla (operando em ambas as dire\u00e7\u00f5es), atendendo a diversas necessidades operacionais. Alguns modelos s\u00e3o telesc\u00f3picos, permitindo maior alcance sem aumentar as dimens\u00f5es externas, ideais para aplica\u00e7\u00f5es com espa\u00e7o limitado.<\/li>\n<li><strong>Fabrica\u00e7\u00e3o personalizada:<\/strong> Podemos fabricar este produto para substituir perfeitamente os cilindros hidr\u00e1ulicos existentes, garantindo compatibilidade e desempenho.<\/li>\n<\/ul>\n<p><img decoding=\"async\" src=\"https:\/\/www.hydraulic-cylinders.net\/wp-content\/uploads\/2025\/04\/songte-cylinder-head-with-all-kinds-excavator-models.webp\" alt=\"Compatibilidade com escavadeiras\"><\/p>\n<h2>Aplica\u00e7\u00f5es do cilindro da lan\u00e7a<\/h2>\n<h3>Equipamentos de constru\u00e7\u00e3o<\/h3>\n<p>Em escavadeiras, os cilindros da lan\u00e7a s\u00e3o vitais para escavar, carregar e movimentar terra ou entulho. Eles fornecem a for\u00e7a necess\u00e1ria para que a lan\u00e7a penetre no solo, tornando as tarefas de escava\u00e7\u00e3o mais eficientes. Em retroescavadeiras, eles auxiliam tanto nas opera\u00e7\u00f5es de escava\u00e7\u00e3o quanto nas de eleva\u00e7\u00e3o, aumentando a produtividade em canteiros de obras.<\/p>\n<h3>Maquinaria agr\u00edcola<\/h3>\n<p>Em carregadeiras frontais, os cilindros da lan\u00e7a s\u00e3o essenciais para escavar, levantar e transportar terra, feno e outros materiais. Seu design robusto garante que eles possam lidar com as tarefas exigentes frequentemente encontradas em ambientes agr\u00edcolas, proporcionando aos operadores um desempenho confi\u00e1vel para uma variedade de aplica\u00e7\u00f5es.<\/p>\n<h3>Escavadeiras<\/h3>\n<p>Os cilindros da lan\u00e7a da escavadeira permitem que a ca\u00e7amba penetre no solo, facilitando assim a\u00e7\u00f5es de escava\u00e7\u00e3o eficazes. A energia hidr\u00e1ulica permite que os operadores manobrem a escavadeira com precis\u00e3o, otimizando o desempenho em diversas tarefas de escava\u00e7\u00e3o.<\/p>\n<h3>Carregadores<\/h3>\n<p>Em carregadeiras frontais, os cilindros da lan\u00e7a auxiliam no levantamento e despejo eficientes de cargas. Sua for\u00e7a e capacidade de resposta os tornam indispens\u00e1veis \u200b\u200bpara tarefas que envolvem levantamento de peso e deposi\u00e7\u00e3o de materiais, garantindo que as opera\u00e7\u00f5es ocorram sem problemas.<\/p>\n<h2>Considera\u00e7\u00f5es de design e crit\u00e9rios de sele\u00e7\u00e3o<\/h2>\n<h3>Capacidade de carga<\/h3>\n<p>Ao projetar um cilindro de lan\u00e7a, a capacidade de carga \u00e9 um fator cr\u00edtico. Ela determina quanto peso o cilindro pode levantar e abaixar com seguran\u00e7a. Os fabricantes geralmente realizam testes rigorosos para garantir que seus cilindros atendam \u00e0s especifica\u00e7\u00f5es exigidas para diferentes m\u00e1quinas e aplica\u00e7\u00f5es.<\/p>\n<h3>Veda\u00e7\u00e3o e durabilidade<\/h3>\n<p>Uma veda\u00e7\u00e3o eficaz \u00e9 fundamental para evitar vazamentos de fluido hidr\u00e1ulico, que podem levar \u00e0 diminui\u00e7\u00e3o da efici\u00eancia e a poss\u00edveis danos. A escolha de veda\u00e7\u00f5es de alta qualidade, feitas de materiais como poliuretano e borracha nitr\u00edlica, garante durabilidade e confiabilidade em ambientes exigentes.<\/p>\n<h3>Recursos de seguran\u00e7a<\/h3>\n<p>A seguran\u00e7a \u00e9 uma prioridade m\u00e1xima no projeto do cilindro da lan\u00e7a. Recursos como v\u00e1lvulas de seguran\u00e7a e v\u00e1lvulas de al\u00edvio de press\u00e3o s\u00e3o incorporados para evitar sobrecargas e falhas do sistema, garantindo a seguran\u00e7a do usu\u00e1rio durante a opera\u00e7\u00e3o.<\/p>\n<h3>Manuten\u00e7\u00e3o e facilidade de manuten\u00e7\u00e3o<\/h3>\n<p>Projetar o cilindro da lan\u00e7a facilitando a manuten\u00e7\u00e3o \u00e9 crucial para garantir sua longa vida \u00fatil. Incorporar pontos de servi\u00e7o acess\u00edveis e indicadores claros para verifica\u00e7\u00f5es de manuten\u00e7\u00e3o pode ajudar os operadores a realizar manuten\u00e7\u00f5es regulares, prolongando a vida \u00fatil do cilindro.<\/p>\n<p><img decoding=\"async\" src=\"https:\/\/www.hydraulic-cylinders.net\/wp-content\/uploads\/2025\/04\/songte-oil-pipes-and-spare-parts.webp\" alt=\"Componentes hidr\u00e1ulicos\"><\/p>\n<h2>Veda\u00e7\u00e3o e Lubrifica\u00e7\u00e3o<\/h2>\n<p>A utiliza\u00e7\u00e3o de diversos componentes de veda\u00e7\u00e3o, como veda\u00e7\u00f5es de pist\u00e3o e de haste, \u00e9 crucial para manter a integridade dos cilindros hidr\u00e1ulicos. Veda\u00e7\u00f5es fabricadas com materiais resistentes ao desgaste, como poliuretano e borracha nitr\u00edlica, s\u00e3o selecionadas para aumentar a durabilidade e o desempenho. O acabamento superficial do corpo do cilindro e das extremidades roscadas \u00e9 meticulosamente processado para melhorar a resist\u00eancia ao desgaste e garantir um encaixe perfeito das veda\u00e7\u00f5es. A lubrifica\u00e7\u00e3o regular com \u00f3leo hidr\u00e1ulico \u00e9 essencial para minimizar o atrito e o desgaste, contribuindo para a efici\u00eancia geral do sistema hidr\u00e1ulico.<\/p>\n<h2>Inspe\u00e7\u00e3o regular e manuten\u00e7\u00e3o preventiva<\/h2>\n<ul>\n<li><strong>Inspe\u00e7\u00f5es regulares:<\/strong> A realiza\u00e7\u00e3o de inspe\u00e7\u00f5es de rotina em cilindros hidr\u00e1ulicos \u00e9 essencial para identificar quaisquer sinais de desgaste, vazamento ou danos. A detec\u00e7\u00e3o precoce pode prevenir falhas graves e prolongar a vida \u00fatil do equipamento.<\/li>\n<li><strong>Manuten\u00e7\u00e3o preventiva:<\/strong> Implementar um plano de manuten\u00e7\u00e3o preventiva ajuda a garantir que todos os componentes do sistema hidr\u00e1ulico estejam funcionando corretamente, reduzindo o risco de paradas inesperadas.<\/li>\n<li><strong>Verifica\u00e7\u00f5es de lubrifica\u00e7\u00e3o:<\/strong> Garantir que o fluido hidr\u00e1ulico esteja no n\u00edvel adequado e que as veda\u00e7\u00f5es estejam bem lubrificadas \u00e9 vital para o bom funcionamento e a longevidade do equipamento.<\/li>\n<\/ul>\n<h2>Diretrizes de instala\u00e7\u00e3o<\/h2>\n<p>A instala\u00e7\u00e3o correta do cilindro da lan\u00e7a \u00e9 crucial para o desempenho ideal. Comece certificando-se de que o cilindro e seus componentes estejam limpos e livres de detritos. Alinhe o cilindro corretamente, garantindo que esteja paralelo aos suportes de montagem. Utilize os suportes de instala\u00e7\u00e3o apropriados para fixar o cilindro no lugar. Aperte todos os fixadores com o torque recomendado para evitar que se soltem durante a opera\u00e7\u00e3o. Ap\u00f3s a instala\u00e7\u00e3o, realize uma inspe\u00e7\u00e3o completa para verificar o alinhamento e a funcionalidade antes de colocar o equipamento em servi\u00e7o.<\/p>\n<h2>Tarefas comuns de manuten\u00e7\u00e3o<\/h2>\n<ul>\n<li><strong>Verifica\u00e7\u00f5es regulares:<\/strong> Agende verifica\u00e7\u00f5es de rotina para avaliar a condi\u00e7\u00e3o do cilindro da lan\u00e7a e dos componentes ao redor. Isso inclui inspecionar vazamentos, desgaste e problemas de alinhamento.<\/li>\n<li><strong>Lubrifica\u00e7\u00e3o adequada:<\/strong> Assegure-se de que os n\u00edveis de \u00f3leo hidr\u00e1ulico sejam mantidos e que as veda\u00e7\u00f5es estejam adequadamente lubrificadas para evitar atrito e desgaste nas pe\u00e7as m\u00f3veis.<\/li>\n<li><strong>Substitui\u00e7\u00e3o da veda\u00e7\u00e3o:<\/strong> Monitore regularmente as veda\u00e7\u00f5es para detectar sinais de desgaste ou danos. Substitua as veda\u00e7\u00f5es conforme necess\u00e1rio para manter o desempenho ideal e evitar vazamentos.<\/li>\n<\/ul>\n<h2>Considera\u00e7\u00f5es de seguran\u00e7a e fatores ambientais<\/h2>\n<p>Ao utilizar cilindros hidr\u00e1ulicos, as medidas de seguran\u00e7a s\u00e3o fundamentais. Os operadores devem sempre ser treinados e estar cientes dos riscos potenciais associados aos equipamentos hidr\u00e1ulicos. O uso correto de Equipamentos de Prote\u00e7\u00e3o Individual (EPI) \u00e9 essencial para minimizar os riscos. Al\u00e9m disso, fatores ambientais como a exposi\u00e7\u00e3o a temperaturas extremas e subst\u00e2ncias corrosivas devem ser considerados durante a opera\u00e7\u00e3o e o armazenamento para prolongar a vida \u00fatil dos componentes hidr\u00e1ulicos.<\/p>\n<h2>Diagn\u00f3stico de falhas e problemas comuns<\/h2>\n<ul>\n<li><strong>Vazamentos de fluido hidr\u00e1ulico:<\/strong> Muitas vezes, os vazamentos podem ser causados \u200b\u200bpor veda\u00e7\u00f5es desgastadas ou mangueiras danificadas. Inspe\u00e7\u00f5es regulares podem ajudar a identificar vazamentos precocemente, evitando danos maiores.<\/li>\n<li><strong>Pot\u00eancia ou resposta reduzidas:<\/strong> Se o cilindro da lan\u00e7a estiver respondendo lentamente, isso pode indicar baixo n\u00edvel de fluido hidr\u00e1ulico ou ar no sistema hidr\u00e1ulico. Sangrar o sistema e garantir o n\u00edvel correto de fluido pode resolver esses problemas.<\/li>\n<li><strong>Superaquecimento:<\/strong> O sobreaquecimento pode resultar do uso excessivo ou da lubrifica\u00e7\u00e3o inadequada. Monitorar a temperatura e garantir uma lubrifica\u00e7\u00e3o adequada pode ajudar a prevenir o sobreaquecimento.<\/li>\n<\/ul>\n<h2>Dicas para solu\u00e7\u00e3o de problemas<\/h2>\n<p>Para diagnosticar e resolver problemas com o cilindro da lan\u00e7a de forma eficaz, os operadores devem seguir procedimentos sistem\u00e1ticos de solu\u00e7\u00e3o de problemas. Comece verificando os n\u00edveis do fluido hidr\u00e1ulico e inspecionando se h\u00e1 vazamentos. Em seguida, examine as veda\u00e7\u00f5es e mangueiras em busca de sinais de desgaste ou danos. Pr\u00e1ticas regulares de manuten\u00e7\u00e3o, como lubrifica\u00e7\u00e3o das veda\u00e7\u00f5es e substitui\u00e7\u00e3o de componentes desgastados, podem minimizar ainda mais os problemas potenciais. A implementa\u00e7\u00e3o de um cronograma de manuten\u00e7\u00e3o estruturado ajudar\u00e1 na detec\u00e7\u00e3o precoce de problemas, garantindo uma opera\u00e7\u00e3o suave e aumentando a vida \u00fatil do cilindro da lan\u00e7a.<\/p>\n<p><img decoding=\"async\" src=\"https:\/\/www.hydraulic-cylinders.net\/wp-content\/uploads\/2025\/04\/songte-bushings-with-all-kinds-of-excavator-models.webp\" alt=\"Buchas de escavadeira\"><\/p>\n<h2>Sobre nossa empresa<\/h2>\n<p>Somos um fabricante l\u00edder de cilindros hidr\u00e1ulicos de reposi\u00e7\u00e3o, oferecendo uma gama completa de produtos que atendem aos mercados nacional e internacional. Nosso compromisso com a excel\u00eancia \u00e9 evidente em nossos processos de fabrica\u00e7\u00e3o refinados e rigorosas medidas de controle de qualidade. Utilizamos tecnologias de fabrica\u00e7\u00e3o avan\u00e7adas, profissionais qualificados e sistemas de teste rigorosos para aprimorar nossas capacidades de produ\u00e7\u00e3o. Com foco em alta efici\u00eancia, precis\u00e3o e qualidade, buscamos atender \u00e0s diversas necessidades de nossos clientes.<\/p>\n<p><img decoding=\"async\" src=\"https:\/\/www.hydraulic-cylinders.net\/wp-content\/uploads\/2025\/04\/songte-company-4.webp\" alt=\"Imagem da empresa 1\"><br \/>\n<img decoding=\"async\" src=\"https:\/\/www.hydraulic-cylinders.net\/wp-content\/uploads\/2025\/04\/songte-company-3.webp\" alt=\"Imagem da empresa 2\"><\/p>\n<p>Nossa dedica\u00e7\u00e3o ao profissionalismo, \u00e0s certifica\u00e7\u00f5es internacionais, aos servi\u00e7os personalizados, aos equipamentos de produ\u00e7\u00e3o de \u00faltima gera\u00e7\u00e3o e ao suporte p\u00f3s-venda confi\u00e1vel nos diferencia na ind\u00fastria de cilindros hidr\u00e1ulicos.<\/p>\n<p>Autor: lyl<\/p>","protected":false},"excerpt":{"rendered":"<p>Boom Cylinder For Caterpillar Wheel Excavator M322D Product Overview The Boom Cylinder is a crucial component for the Caterpillar Wheel Excavator M322D, designed to control the movement of the boom arm with precision and efficiency. This hydraulic cylinder enables the boom to elevate, lower, and tilt, which is essential for various material handling tasks. As [&hellip;]<\/p>","protected":false},"featured_media":17877,"comment_status":"open","ping_status":"closed","template":"","meta":{"_et_pb_use_builder":"","_et_pb_old_content":"","_et_gb_content_width":""},"product_brand":[],"product_cat":[1546],"product_tag":[1547,1496],"class_list":{"0":"post-18980","1":"product","2":"type-product","3":"status-publish","4":"has-post-thumbnail","6":"product_cat-boom-cylinders","7":"product_tag-boom-cylinders","8":"product_tag-hydraulic-cylinders","10":"first","11":"instock","12":"shipping-taxable","13":"product-type-simple"},"amp_enabled":true,"_links":{"self":[{"href":"https:\/\/www.hydraulic-cylinders.net\/pt\/wp-json\/wp\/v2\/product\/18980","targetHints":{"allow":["GET"]}}],"collection":[{"href":"https:\/\/www.hydraulic-cylinders.net\/pt\/wp-json\/wp\/v2\/product"}],"about":[{"href":"https:\/\/www.hydraulic-cylinders.net\/pt\/wp-json\/wp\/v2\/types\/product"}],"replies":[{"embeddable":true,"href":"https:\/\/www.hydraulic-cylinders.net\/pt\/wp-json\/wp\/v2\/comments?post=18980"}],"wp:featuredmedia":[{"embeddable":true,"href":"https:\/\/www.hydraulic-cylinders.net\/pt\/wp-json\/wp\/v2\/media\/17877"}],"wp:attachment":[{"href":"https:\/\/www.hydraulic-cylinders.net\/pt\/wp-json\/wp\/v2\/media?parent=18980"}],"wp:term":[{"taxonomy":"product_brand","embeddable":true,"href":"https:\/\/www.hydraulic-cylinders.net\/pt\/wp-json\/wp\/v2\/product_brand?post=18980"},{"taxonomy":"product_cat","embeddable":true,"href":"https:\/\/www.hydraulic-cylinders.net\/pt\/wp-json\/wp\/v2\/product_cat?post=18980"},{"taxonomy":"product_tag","embeddable":true,"href":"https:\/\/www.hydraulic-cylinders.net\/pt\/wp-json\/wp\/v2\/product_tag?post=18980"}],"curies":[{"name":"wp","href":"https:\/\/api.w.org\/{rel}","templated":true}]}}