{"id":18983,"date":"2025-04-07T06:05:40","date_gmt":"2025-04-07T06:05:40","guid":{"rendered":"https:\/\/www.hydraulic-cylinders.net\/product\/boom-cylinder-for-caterpillar-wheel-excavator-m217dz\/"},"modified":"2025-04-07T06:05:43","modified_gmt":"2025-04-07T06:05:43","slug":"boom-cylinder-for-caterpillar-wheel-excavator-m217dz","status":"publish","type":"product","link":"https:\/\/www.hydraulic-cylinders.net\/pt\/produto\/boom-cylinder-for-caterpillar-wheel-excavator-m217dz\/","title":{"rendered":"Cilindro da lan\u00e7a para escavadeira de rodas Caterpillar M217DZ"},"content":{"rendered":"<h1>Cilindro da lan\u00e7a para escavadeira de rodas Caterpillar M217DZ<\/h1>\n<h2>Introdu\u00e7\u00e3o aos Cilindros de Lan\u00e7a<\/h2>\n<p>O cilindro da lan\u00e7a, projetado especificamente para m\u00e1quinas pesadas como a escavadeira de rodas Caterpillar M217DZ, \u00e9 um componente crucial em sistemas hidr\u00e1ulicos. Este cilindro hidr\u00e1ulico controla o movimento da ca\u00e7amba em diversas aplica\u00e7\u00f5es de equipamentos pesados, incluindo escavadeiras, retroescavadeiras e p\u00e1s carregadeiras. Ele permite que a ca\u00e7amba suba, des\u00e7a e incline, facilitando as tarefas de movimenta\u00e7\u00e3o de materiais com precis\u00e3o e efici\u00eancia. O funcionamento do cilindro da lan\u00e7a \u00e9 fundamental para o sistema hidr\u00e1ulico, pois converte a press\u00e3o hidr\u00e1ulica em for\u00e7a mec\u00e2nica, permitindo que os operadores executem tarefas como escavar, levantar e transportar materiais com efic\u00e1cia.<\/p>\n<p><img decoding=\"async\" src=\"https:\/\/www.hydraulic-cylinders.net\/wp-content\/uploads\/2025\/04\/songte-company-1.webp\" alt=\"Imagem do Cilindro da Lan\u00e7a\"><\/p>\n<h2>Caracter\u00edsticas do cilindro da lan\u00e7a<\/h2>\n<ul>\n<li>\n<h3>Alta resist\u00eancia e durabilidade<\/h3>\n<p>Fabricado em a\u00e7o de alta resist\u00eancia ou alum\u00ednio, o cilindro da lan\u00e7a \u00e9 projetado para suportar alta press\u00e3o e cargas pesadas, tornando-o adequado para ambientes de trabalho severos. Seu design tamb\u00e9m leva em considera\u00e7\u00e3o a resist\u00eancia ao desgaste e a prote\u00e7\u00e3o contra corros\u00e3o, prolongando significativamente sua vida \u00fatil.<\/p>\n<\/li>\n<li>\n<h3>Opera\u00e7\u00e3o Hidr\u00e1ulica Eficiente<\/h3>\n<p>O cilindro da lan\u00e7a utiliza press\u00e3o de \u00f3leo hidr\u00e1ulico para obter movimentos de extens\u00e3o e retra\u00e7\u00e3o suaves e precisos, permitindo uma resposta r\u00e1pida aos comandos do operador e fornecendo uma for\u00e7a substancial de empuxo e tra\u00e7\u00e3o para lidar com tarefas pesadas e complexas.<\/p>\n<\/li>\n<li>\n<h3>Tipos diversos<\/h3>\n<p>Dispon\u00edvel em configura\u00e7\u00f5es de a\u00e7\u00e3o simples (opera em uma dire\u00e7\u00e3o) ou de a\u00e7\u00e3o dupla (opera em ambas as dire\u00e7\u00f5es) para atender a diversos requisitos operacionais. Alguns modelos apresentam design telesc\u00f3pico, permitindo maior extens\u00e3o sem aumentar as dimens\u00f5es externas, ideal para aplica\u00e7\u00f5es com espa\u00e7o limitado.<\/p>\n<\/li>\n<li>\n<h3>Engenharia de precis\u00e3o<\/h3>\n<p>Cada cilindro da lan\u00e7a passa por rigorosos processos de controle de qualidade e engenharia de precis\u00e3o, garantindo alto desempenho, confiabilidade e compatibilidade com diferentes modelos de escavadeiras.<\/p>\n<\/li>\n<li>\n<h3>Op\u00e7\u00f5es personaliz\u00e1veis<\/h3>\n<p>Oferecemos op\u00e7\u00f5es personaliz\u00e1veis \u200b\u200bpara cilindros hidr\u00e1ulicos, garantindo que eles substituam perfeitamente as unidades existentes, atendendo a requisitos de desempenho espec\u00edficos.<\/p>\n<\/li>\n<\/ul>\n<p><img decoding=\"async\" src=\"https:\/\/www.hydraulic-cylinders.net\/wp-content\/uploads\/2025\/04\/songte-cylinder-head-with-all-kinds-excavator-models.webp\" alt=\"Imagem de modelos de escavadeiras\"><\/p>\n<h2>Aplica\u00e7\u00f5es de Cilindros de Lan\u00e7a<\/h2>\n<h3>Equipamentos de constru\u00e7\u00e3o<\/h3>\n<p>Em equipamentos de constru\u00e7\u00e3o, os cilindros da lan\u00e7a s\u00e3o componentes vitais das escavadeiras, facilitando as tarefas de escava\u00e7\u00e3o, carregamento e movimenta\u00e7\u00e3o de materiais. Eles permitem que a ca\u00e7amba penetre no solo de forma eficaz, garantindo opera\u00e7\u00f5es de escava\u00e7\u00e3o eficientes. Al\u00e9m disso, em retroescavadeiras, esses cilindros auxiliam tanto na escava\u00e7\u00e3o quanto no levantamento, contribuindo para a versatilidade em diversos projetos de constru\u00e7\u00e3o.<\/p>\n<h3>Maquinaria agr\u00edcola<\/h3>\n<p>Em ambientes agr\u00edcolas, os cilindros da lan\u00e7a s\u00e3o comumente usados \u200b\u200bem p\u00e1s carregadeiras frontais para tarefas como escavar, levantar e transportar terra, feno e outros materiais. Seu design robusto e desempenho confi\u00e1vel aumentam a produtividade, tornando-os essenciais para as opera\u00e7\u00f5es agr\u00edcolas modernas.<\/p>\n<h3>Escavadeiras<\/h3>\n<p>Em escavadeiras, os cilindros da lan\u00e7a permitem que a ca\u00e7amba penetre no solo, facilitando as opera\u00e7\u00f5es de escava\u00e7\u00e3o. Essa capacidade \u00e9 crucial para tarefas como abertura de valas, escava\u00e7\u00e3o de funda\u00e7\u00f5es e prepara\u00e7\u00e3o do terreno, tornando-as indispens\u00e1veis \u200b\u200bem projetos de constru\u00e7\u00e3o civil e engenharia.<\/p>\n<h3>Carregadores<\/h3>\n<p>Em carregadeiras frontais, os cilindros da lan\u00e7a desempenham um papel crucial no levantamento e despejo eficiente de materiais. Eles aumentam a efici\u00eancia no manuseio de materiais, tornando-os essenciais para diversos setores, incluindo constru\u00e7\u00e3o civil, paisagismo e gest\u00e3o de res\u00edduos.<\/p>\n<h2>Considera\u00e7\u00f5es de design e crit\u00e9rios de sele\u00e7\u00e3o<\/h2>\n<h3>Capacidade de carga<\/h3>\n<p>Ao selecionar um cilindro para lan\u00e7a, \u00e9 fundamental compreender sua capacidade de carga. Isso determina o peso m\u00e1ximo que o cilindro pode suportar sem falhar. Os fabricantes geralmente especificam as classifica\u00e7\u00f5es de carga com base em procedimentos de teste padr\u00e3o. Escolher um cilindro com capacidade de carga adequada garante seguran\u00e7a e efici\u00eancia operacional.<\/p>\n<h3>Mecanismos de veda\u00e7\u00e3o<\/h3>\n<p>Uma veda\u00e7\u00e3o eficaz \u00e9 vital para evitar vazamentos de fluido hidr\u00e1ulico e manter a press\u00e3o dentro do cilindro. Veda\u00e7\u00f5es de alta qualidade, feitas de materiais como poliuretano e borracha nitr\u00edlica, aumentam a durabilidade e a resist\u00eancia ao desgaste. A inspe\u00e7\u00e3o regular das veda\u00e7\u00f5es \u00e9 necess\u00e1ria para evitar problemas operacionais e prolongar a vida \u00fatil do cilindro.<\/p>\n<h3>Durabilidade<\/h3>\n<p>A durabilidade do projeto garante que o cilindro da lan\u00e7a suporte condi\u00e7\u00f5es de trabalho severas sem desgaste significativo. Isso inclui o uso de materiais resistentes \u00e0 corros\u00e3o e a aplica\u00e7\u00e3o de tratamentos de superf\u00edcie para aumentar a resist\u00eancia ao desgaste. Um cilindro dur\u00e1vel se traduz em menores custos de manuten\u00e7\u00e3o e per\u00edodos operacionais prolongados.<\/p>\n<h3>Recursos de seguran\u00e7a<\/h3>\n<p>A seguran\u00e7a \u00e9 fundamental na opera\u00e7\u00e3o de m\u00e1quinas hidr\u00e1ulicas. Os cilindros da lan\u00e7a devem incorporar recursos de seguran\u00e7a, como v\u00e1lvulas de al\u00edvio de press\u00e3o para evitar sobrecarga e sistemas que garantam opera\u00e7\u00e3o \u00e0 prova de falhas em caso de mau funcionamento. A manuten\u00e7\u00e3o regular e o cumprimento das normas de seguran\u00e7a s\u00e3o essenciais para a preven\u00e7\u00e3o de acidentes.<\/p>\n<h3>Acessibilidade de Manuten\u00e7\u00e3o<\/h3>\n<p>Os projetos devem permitir f\u00e1cil acesso aos componentes para manuten\u00e7\u00e3o e inspe\u00e7\u00f5es. Isso inclui considera\u00e7\u00f5es sobre como o cilindro \u00e9 montado e onde as conex\u00f5es hidr\u00e1ulicas est\u00e3o localizadas. Manter a acessibilidade reduz o tempo de inatividade e garante que o sistema hidr\u00e1ulico opere de forma confi\u00e1vel.<\/p>\n<p><img decoding=\"async\" src=\"https:\/\/www.hydraulic-cylinders.net\/wp-content\/uploads\/2025\/04\/songte-oil-pipes-and-spare-parts.webp\" alt=\"Imagem de tubos de \u00f3leo e pe\u00e7as de reposi\u00e7\u00e3o\"><\/p>\n<h2>Veda\u00e7\u00e3o e lubrifica\u00e7\u00e3o do cilindro<\/h2>\n<p>Garantir uma veda\u00e7\u00e3o e lubrifica\u00e7\u00e3o eficazes \u00e9 essencial para o funcionamento adequado dos cilindros hidr\u00e1ulicos. Diversos tipos de veda\u00e7\u00f5es, incluindo veda\u00e7\u00f5es de pist\u00e3o e veda\u00e7\u00f5es de haste, s\u00e3o utilizados para manter a press\u00e3o e evitar vazamentos de fluido. Veda\u00e7\u00f5es feitas de materiais dur\u00e1veis, como poliuretano e borracha nitr\u00edlica, s\u00e3o preferidas devido \u00e0 sua resist\u00eancia ao desgaste.<\/p>\n<p>O corpo do cilindro e as superf\u00edcies roscadas das extremidades devem passar por processos de usinagem de precis\u00e3o para melhorar a resist\u00eancia ao desgaste. A lubrifica\u00e7\u00e3o regular com \u00f3leo hidr\u00e1ulico \u00e9 crucial para minimizar o atrito e o desgaste das pe\u00e7as m\u00f3veis. Essa etapa de manuten\u00e7\u00e3o garante o funcionamento suave e prolonga a vida \u00fatil do cilindro.<\/p>\n<h2>Inspe\u00e7\u00e3o regular e manuten\u00e7\u00e3o preventiva<\/h2>\n<p>Implementar um cronograma de inspe\u00e7\u00f5es de rotina \u00e9 vital para a manuten\u00e7\u00e3o de cilindros hidr\u00e1ulicos. Algumas medidas preventivas incluem:<\/p>\n<ul>\n<li>\n<h3>Inspe\u00e7\u00f5es visuais<\/h3>\n<p>Verifique regularmente se h\u00e1 sinais de desgaste, vazamentos ou danos. Resolver esses problemas precocemente pode evitar falhas graves.<\/p>\n<\/li>\n<li>\n<h3>Verifica\u00e7\u00f5es de n\u00edvel de fluido<\/h3>\n<p>Certifique-se de que os n\u00edveis de fluido hidr\u00e1ulico estejam dentro da faixa recomendada. N\u00edveis baixos de fluido podem levar a inefici\u00eancias e poss\u00edveis danos.<\/p>\n<\/li>\n<li>\n<h3>Monitoramento da condi\u00e7\u00e3o da veda\u00e7\u00e3o<\/h3>\n<p>Inspecione as veda\u00e7\u00f5es frequentemente para verificar sinais de desgaste ou deteriora\u00e7\u00e3o. Substitua as veda\u00e7\u00f5es conforme necess\u00e1rio para manter a integridade do sistema.<\/p>\n<\/li>\n<\/ul>\n<h2>Diretrizes de instala\u00e7\u00e3o<\/h2>\n<p>A instala\u00e7\u00e3o correta dos cilindros da lan\u00e7a \u00e9 crucial para a efici\u00eancia operacional e a seguran\u00e7a. Siga estas orienta\u00e7\u00f5es:<\/p>\n<ul>\n<li>\n<h3>Alinhamento<\/h3>\n<p>Certifique-se de que o cilindro esteja devidamente alinhado com os pontos de montagem. O desalinhamento pode levar ao desgaste prematuro e \u00e0 falha.<\/p>\n<\/li>\n<li>\n<h3>Utiliza\u00e7\u00e3o de suportes de montagem adequados<\/h3>\n<p>Utilize suportes de montagem adequados para fixar o cilindro firmemente. Isso evita movimentos durante a opera\u00e7\u00e3o, aumentando a seguran\u00e7a.<\/p>\n<\/li>\n<li>\n<h3>Conex\u00f5es hidr\u00e1ulicas<\/h3>\n<p>Conecte as mangueiras hidr\u00e1ulicas com cuidado, garantindo que n\u00e3o haja vazamentos. Verifique novamente as conex\u00f5es antes de pressurizar o sistema.<\/p>\n<\/li>\n<li>\n<h3>Testes iniciais<\/h3>\n<p>Ap\u00f3s a instala\u00e7\u00e3o, realize um teste completo do sistema para garantir que o cilindro funcione corretamente, sem vazamentos ou mau funcionamento.<\/p>\n<\/li>\n<\/ul>\n<p><img decoding=\"async\" src=\"https:\/\/www.hydraulic-cylinders.net\/wp-content\/uploads\/2025\/04\/songte-chushion-collar.webp\" alt=\"Imagem de gola almofadada\"><\/p>\n<h2>Considera\u00e7\u00f5es de seguran\u00e7a e fatores ambientais<\/h2>\n<p>Ao operar cilindros hidr\u00e1ulicos, as medidas de seguran\u00e7a s\u00e3o fundamentais. Certifique-se de que todos os funcion\u00e1rios sejam treinados em procedimentos operacionais seguros e estejam cientes dos riscos potenciais associados aos sistemas hidr\u00e1ulicos. Utilize equipamentos de prote\u00e7\u00e3o individual (EPI) e mantenha um ambiente de trabalho limpo para reduzir os riscos. Al\u00e9m disso, considere fatores ambientais, como o descarte de fluidos e materiais hidr\u00e1ulicos. Siga as normas locais para res\u00edduos perigosos a fim de minimizar o impacto ambiental.<\/p>\n<h2>Solu\u00e7\u00e3o de problemas e problemas comuns<\/h2>\n<ul>\n<li>\n<h3>Vazamentos de fluido hidr\u00e1ulico<\/h3>\n<p>Vazamentos de fluido hidr\u00e1ulico podem indicar danos em uma veda\u00e7\u00e3o ou conex\u00e3o. Inspecione as veda\u00e7\u00f5es e conex\u00f5es e substitua quaisquer componentes defeituosos.<\/p>\n<\/li>\n<li>\n<h3>Movimento inconsistente do cilindro<\/h3>\n<p>Se o cilindro n\u00e3o se estender ou retrair suavemente, verifique se h\u00e1 obstru\u00e7\u00f5es nas linhas hidr\u00e1ulicas ou se o n\u00edvel do fluido est\u00e1 baixo.<\/p>\n<\/li>\n<li>\n<h3>Quedas de press\u00e3o inesperadas<\/h3>\n<p>Quedas repentinas de press\u00e3o podem indicar vazamentos ou danos internos no cilindro. Realize uma inspe\u00e7\u00e3o completa para identificar a causa.<\/p>\n<\/li>\n<\/ul>\n<h2>Dicas para solu\u00e7\u00e3o de problemas<\/h2>\n<p>Para diagnosticar e resolver problemas com o cilindro da sua lan\u00e7a de forma eficaz:<\/p>\n<ul>\n<li>\n<h3>Manuten\u00e7\u00e3o regular<\/h3>\n<p>Implementar um cronograma de manuten\u00e7\u00e3o regular pode prevenir o surgimento de muitos problemas comuns.<\/p>\n<\/li>\n<li>\n<h3>Fique de olho nos n\u00edveis de fluidos.<\/h3>\n<p>Monitore atentamente os n\u00edveis de fluido hidr\u00e1ulico para evitar problemas operacionais causados \u200b\u200bpela falta de fluido.<\/p>\n<\/li>\n<li>\n<h3>Inspe\u00e7\u00f5es de Documentos<\/h3>\n<p>Mantenha registros de inspe\u00e7\u00f5es e trabalhos de manuten\u00e7\u00e3o para acompanhar a condi\u00e7\u00e3o do cilindro ao longo do tempo e identificar problemas recorrentes.<\/p>\n<\/li>\n<\/ul>\n<p><img decoding=\"async\" src=\"https:\/\/www.hydraulic-cylinders.net\/wp-content\/uploads\/2025\/04\/songte-bushings-with-all-kinds-of-excavator-models.webp\" alt=\"Buchas com modelos de escavadeira (imagem)\"><\/p>\n<h2>Vis\u00e3o geral da empresa<\/h2>\n<p>Somos um fabricante l\u00edder de cilindros hidr\u00e1ulicos de reposi\u00e7\u00e3o, oferecendo uma gama completa de produtos. Nossa empresa se consolidou como uma das principais fabricantes e distribuidoras de cilindros hidr\u00e1ulicos nos mercados nacional e internacional. Seguimos rigorosos padr\u00f5es de qualidade, respaldados por uma estrat\u00e9gia de gest\u00e3o de produ\u00e7\u00e3o refinada em nossas instala\u00e7\u00f5es fabris. Nossa equipe qualificada, equipamentos de fabrica\u00e7\u00e3o digital de \u00faltima gera\u00e7\u00e3o e sistemas de teste profissionais aprimoram constantemente nossa capacidade produtiva, garantindo alta efici\u00eancia, precis\u00e3o e qualidade para atender \u00e0s diversas necessidades de nossos clientes.<\/p>\n<p>Nosso compromisso com o profissionalismo se reflete em nossas certifica\u00e7\u00f5es internacionais, op\u00e7\u00f5es de servi\u00e7os personalizados e equipamentos de fabrica\u00e7\u00e3o de \u00faltima gera\u00e7\u00e3o. Orgulhamo-nos de oferecer um suporte p\u00f3s-venda excepcional para garantir a satisfa\u00e7\u00e3o do cliente e a confiabilidade a longo prazo de nossos produtos.<\/p>\n<p><img decoding=\"async\" src=\"https:\/\/www.hydraulic-cylinders.net\/wp-content\/uploads\/2025\/04\/songte-company-4.webp\" alt=\"Imagem da empresa 1\"><br \/>\n<img decoding=\"async\" src=\"https:\/\/www.hydraulic-cylinders.net\/wp-content\/uploads\/2025\/04\/songte-company-3.webp\" alt=\"Imagem da empresa 2\"><\/p>\n<p>Autor: lyl<\/p>","protected":false},"excerpt":{"rendered":"<p>Boom Cylinder For Caterpillar Wheel Excavator M217DZ Introduction to Boom Cylinders A boom cylinder, specifically designed for heavy machinery like the Caterpillar Wheel Excavator M217DZ, is a crucial component in hydraulic systems. This hydraulic cylinder functions to control the movement of the bucket in various heavy equipment applications, including excavators, backhoe loaders, and front loaders. [&hellip;]<\/p>","protected":false},"featured_media":17880,"comment_status":"open","ping_status":"closed","template":"","meta":{"_et_pb_use_builder":"","_et_pb_old_content":"","_et_gb_content_width":""},"product_brand":[],"product_cat":[1546],"product_tag":[1547,1496],"class_list":{"0":"post-18983","1":"product","2":"type-product","3":"status-publish","4":"has-post-thumbnail","6":"product_cat-boom-cylinders","7":"product_tag-boom-cylinders","8":"product_tag-hydraulic-cylinders","10":"first","11":"instock","12":"shipping-taxable","13":"product-type-simple"},"amp_enabled":true,"_links":{"self":[{"href":"https:\/\/www.hydraulic-cylinders.net\/pt\/wp-json\/wp\/v2\/product\/18983","targetHints":{"allow":["GET"]}}],"collection":[{"href":"https:\/\/www.hydraulic-cylinders.net\/pt\/wp-json\/wp\/v2\/product"}],"about":[{"href":"https:\/\/www.hydraulic-cylinders.net\/pt\/wp-json\/wp\/v2\/types\/product"}],"replies":[{"embeddable":true,"href":"https:\/\/www.hydraulic-cylinders.net\/pt\/wp-json\/wp\/v2\/comments?post=18983"}],"wp:featuredmedia":[{"embeddable":true,"href":"https:\/\/www.hydraulic-cylinders.net\/pt\/wp-json\/wp\/v2\/media\/17880"}],"wp:attachment":[{"href":"https:\/\/www.hydraulic-cylinders.net\/pt\/wp-json\/wp\/v2\/media?parent=18983"}],"wp:term":[{"taxonomy":"product_brand","embeddable":true,"href":"https:\/\/www.hydraulic-cylinders.net\/pt\/wp-json\/wp\/v2\/product_brand?post=18983"},{"taxonomy":"product_cat","embeddable":true,"href":"https:\/\/www.hydraulic-cylinders.net\/pt\/wp-json\/wp\/v2\/product_cat?post=18983"},{"taxonomy":"product_tag","embeddable":true,"href":"https:\/\/www.hydraulic-cylinders.net\/pt\/wp-json\/wp\/v2\/product_tag?post=18983"}],"curies":[{"name":"wp","href":"https:\/\/api.w.org\/{rel}","templated":true}]}}