{"id":19002,"date":"2025-04-07T06:06:36","date_gmt":"2025-04-07T06:06:36","guid":{"rendered":"https:\/\/www.hydraulic-cylinders.net\/product\/boom-cylinder-for-doosan-middle-excavator-dx260lc\/"},"modified":"2025-04-07T06:06:39","modified_gmt":"2025-04-07T06:06:39","slug":"boom-cylinder-for-doosan-middle-excavator-dx260lc","status":"publish","type":"product","link":"https:\/\/www.hydraulic-cylinders.net\/pt\/produto\/boom-cylinder-for-doosan-middle-excavator-dx260lc\/","title":{"rendered":"Cilindro da lan\u00e7a para escavadeira m\u00e9dia Doosan DX260LC"},"content":{"rendered":"<h1>Cilindro da lan\u00e7a para escavadeira m\u00e9dia Doosan DX260LC<\/h1>\n<h2>Vis\u00e3o geral do produto<\/h2>\n<p>O cilindro da lan\u00e7a para a escavadeira de m\u00e9dio porte Doosan DX260LC \u00e9 um componente cr\u00edtico no sistema hidr\u00e1ulico da escavadeira. Projetado especificamente para controlar o movimento da lan\u00e7a, este cilindro hidr\u00e1ulico permite que a escavadeira execute fun\u00e7\u00f5es essenciais, como levantar, abaixar e inclinar a lan\u00e7a para diversas tarefas de movimenta\u00e7\u00e3o de materiais. O cilindro da ca\u00e7amba \u00e9 especialmente projetado para m\u00e1quinas pesadas, garantindo opera\u00e7\u00e3o eficiente em ambientes exigentes. <\/p>\n<p><img decoding=\"async\" src=\"https:\/\/www.hydraulic-cylinders.net\/wp-content\/uploads\/2025\/04\/songte-company-1.webp\" alt=\"Imagem do Cilindro da Lan\u00e7a\"\/><\/p>\n<h3>Defini\u00e7\u00e3o e fun\u00e7\u00e3o do cilindro de ca\u00e7amba<\/h3>\n<p>Um cilindro de ca\u00e7amba \u00e9 um tipo de cilindro hidr\u00e1ulico que desempenha um papel fundamental na movimenta\u00e7\u00e3o de ca\u00e7ambas de diversas m\u00e1quinas pesadas, incluindo escavadeiras, retroescavadeiras e p\u00e1s carregadeiras. Ao facilitar a extens\u00e3o e a retra\u00e7\u00e3o da ca\u00e7amba, esses cilindros s\u00e3o essenciais para a execu\u00e7\u00e3o de tarefas como escava\u00e7\u00e3o, carregamento e transporte de materiais. O sistema hidr\u00e1ulico utiliza \u00f3leo hidr\u00e1ulico pressurizado para permitir um movimento suave e controlado, tornando-se um elemento indispens\u00e1vel em opera\u00e7\u00f5es de constru\u00e7\u00e3o e terraplenagem.<\/p>\n<h2>Principais caracter\u00edsticas do cilindro de lan\u00e7a<\/h2>\n<ul>\n<li><strong>Alta resist\u00eancia e durabilidade:<\/strong> Normalmente constru\u00eddos em a\u00e7o de alta resist\u00eancia ou alum\u00ednio, esses cilindros s\u00e3o projetados para suportar alta press\u00e3o e cargas pesadas, adaptando-se a ambientes de trabalho severos. Considera\u00e7\u00f5es sobre resist\u00eancia ao desgaste e prote\u00e7\u00e3o contra corros\u00e3o prolongam sua vida \u00fatil.<\/li>\n<li><strong>Opera\u00e7\u00e3o hidr\u00e1ulica eficiente:<\/strong> O projeto utiliza press\u00e3o de \u00f3leo hidr\u00e1ulico para extens\u00e3o e retra\u00e7\u00e3o suaves, permitindo uma resposta r\u00e1pida aos comandos do operador, fornecendo for\u00e7as de empurrar e puxar potentes, adequadas para lidar com cargas pesadas e tarefas complexas.<\/li>\n<li><strong>Diversos tipos dispon\u00edveis:<\/strong> Os clientes podem escolher entre cilindros de a\u00e7\u00e3o simples (que utilizam press\u00e3o hidr\u00e1ulica em uma dire\u00e7\u00e3o) ou de a\u00e7\u00e3o dupla (que utilizam press\u00e3o hidr\u00e1ulica em ambas as dire\u00e7\u00f5es) para atender a diversas necessidades operacionais. Alguns modelos apresentam designs telesc\u00f3picos que permitem maior extens\u00e3o sem aumentar as dimens\u00f5es externas, ideais para aplica\u00e7\u00f5es com limita\u00e7\u00f5es de espa\u00e7o.<\/li>\n<li><strong>Op\u00e7\u00f5es de personaliza\u00e7\u00e3o:<\/strong> Podemos fabricar este produto de acordo com requisitos espec\u00edficos, garantindo uma substitui\u00e7\u00e3o perfeita para diversos cilindros hidr\u00e1ulicos.<\/li>\n<\/ul>\n<p><img decoding=\"async\" src=\"https:\/\/www.hydraulic-cylinders.net\/wp-content\/uploads\/2025\/04\/songte-cylinder-head-with-all-kinds-excavator-models.webp\" alt=\"Imagem de modelos de escavadeiras\"\/><\/p>\n<h2>Aplica\u00e7\u00f5es do Cilindro de Lan\u00e7a<\/h2>\n<h3>Equipamentos de constru\u00e7\u00e3o<\/h3>\n<p>Em escavadeiras, os cilindros da lan\u00e7a s\u00e3o vitais para escavar, carregar e movimentar terra ou entulho. Eles fornecem a for\u00e7a e o controle necess\u00e1rios para opera\u00e7\u00f5es precisas. Em retroescavadeiras, o cilindro da ca\u00e7amba auxilia tanto na escava\u00e7\u00e3o quanto no levantamento, contribuindo para a versatilidade nos canteiros de obras.<\/p>\n<h3>Maquinaria agr\u00edcola<\/h3>\n<p>Em carregadeiras frontais, esses cilindros facilitam a raspagem, o levantamento e o transporte de solo, feno e outros materiais. Seu design robusto garante uma opera\u00e7\u00e3o eficaz em ambientes agr\u00edcolas, onde a confiabilidade \u00e9 crucial para a produtividade.<\/p>\n<h3>Escavadeiras<\/h3>\n<p>Os cilindros da ca\u00e7amba permitem que as escavadeiras penetrem no solo com efic\u00e1cia, melhorando o desempenho da escava\u00e7\u00e3o. A for\u00e7a hidr\u00e1ulica gerada por esses cilindros se traduz em uma vantagem mec\u00e2nica significativa durante a escava\u00e7\u00e3o, tornando-os indispens\u00e1veis \u200b\u200bem projetos de paisagismo e constru\u00e7\u00e3o.<\/p>\n<h3>Carregadores<\/h3>\n<p>Nas p\u00e1s carregadeiras frontais, os cilindros da lan\u00e7a auxiliam no levantamento e despejo de cargas com efici\u00eancia. Suas capacidades hidr\u00e1ulicas permitem uma opera\u00e7\u00e3o suave, essencial para o manuseio de diversos materiais, garantindo o desempenho ideal da p\u00e1 carregadeira em diferentes condi\u00e7\u00f5es.<\/p>\n<h2>Considera\u00e7\u00f5es de design e crit\u00e9rios de sele\u00e7\u00e3o<\/h2>\n<h3>Capacidade de carga<\/h3>\n<p>A capacidade de carga \u00e9 um fator crucial no projeto dos cilindros da lan\u00e7a. Cada cilindro deve ser projetado para suportar o peso m\u00e1ximo que encontrar\u00e1 em opera\u00e7\u00e3o. Isso envolve testes rigorosos e o cumprimento de normas de seguran\u00e7a para evitar falhas durante o uso. Uma maior capacidade de carga geralmente implica em um cilindro maior, o que deve ser equilibrado com as dimens\u00f5es gerais da m\u00e1quina e seus limites operacionais.<\/p>\n<h3>Tecnologia de veda\u00e7\u00e3o<\/h3>\n<p>Uma veda\u00e7\u00e3o eficaz \u00e9 fundamental para garantir a longevidade e a confiabilidade dos cilindros hidr\u00e1ulicos. Veda\u00e7\u00f5es de alta qualidade impedem vazamentos de fluido hidr\u00e1ulico, mantendo a press\u00e3o e a efici\u00eancia. Diversas tecnologias de veda\u00e7\u00e3o, como veda\u00e7\u00f5es de pist\u00e3o e veda\u00e7\u00f5es de haste feitas de materiais como poliuretano e borracha nitr\u00edlica, s\u00e3o empregadas para melhorar o desempenho e a durabilidade.<\/p>\n<h3>Durabilidade e manuten\u00e7\u00e3o<\/h3>\n<p>A durabilidade do cilindro da lan\u00e7a \u00e9 crucial para seu ciclo de vida. Fatores como os materiais utilizados, o projeto do cilindro e as condi\u00e7\u00f5es ambientais em que opera contribuem para sua longevidade. A manuten\u00e7\u00e3o regular, incluindo inspe\u00e7\u00f5es e substitui\u00e7\u00f5es oportunas de veda\u00e7\u00f5es e outros componentes sujeitos a desgaste, pode prolongar significativamente a vida \u00fatil do cilindro.<\/p>\n<h2>Veda\u00e7\u00e3o e Lubrifica\u00e7\u00e3o<\/h2>\n<p>A utiliza\u00e7\u00e3o de diversos tipos de veda\u00e7\u00f5es, como veda\u00e7\u00f5es de pist\u00e3o e de haste, \u00e9 essencial para cilindros hidr\u00e1ulicos. Essas veda\u00e7\u00f5es s\u00e3o geralmente fabricadas com materiais resistentes ao desgaste, como poliuretano e borracha nitr\u00edlica, garantindo sua resist\u00eancia \u00e0s condi\u00e7\u00f5es severas das opera\u00e7\u00f5es hidr\u00e1ulicas. O usinagem do corpo do cilindro e das superf\u00edcies roscadas das extremidades \u00e9 realizada meticulosamente para aumentar a resist\u00eancia ao desgaste. Al\u00e9m disso, a lubrifica\u00e7\u00e3o regular com \u00f3leo hidr\u00e1ulico \u00e9 necess\u00e1ria para manter o desempenho ideal e reduzir o atrito, garantindo a longevidade do cilindro.<\/p>\n<h2>Medidas de Manuten\u00e7\u00e3o Preventiva<\/h2>\n<ul>\n<li><strong>Inspe\u00e7\u00f5es regulares:<\/strong> Realize inspe\u00e7\u00f5es de rotina para identificar quaisquer sinais de desgaste ou danos. Isso inclui verificar vazamentos, sinais de corros\u00e3o ou ru\u00eddos incomuns durante o funcionamento.<\/li>\n<li><strong>Lubrifica\u00e7\u00e3o adequada:<\/strong> Certifique-se de que o n\u00edvel do \u00f3leo hidr\u00e1ulico esteja correto e que ele seja trocado nos intervalos recomendados para evitar a degrada\u00e7\u00e3o do desempenho.<\/li>\n<li><strong>Substitui\u00e7\u00e3o da veda\u00e7\u00e3o:<\/strong> Avalie regularmente o estado das veda\u00e7\u00f5es e substitua-as conforme necess\u00e1rio para manter a press\u00e3o hidr\u00e1ulica e evitar vazamentos.<\/li>\n<\/ul>\n<h2>Diretrizes de instala\u00e7\u00e3o para o cilindro da lan\u00e7a<\/h2>\n<p>A instala\u00e7\u00e3o correta do cilindro da lan\u00e7a \u00e9 essencial para o desempenho ideal. Primeiramente, certifique-se de que todos os componentes estejam limpos e livres de detritos antes de iniciar o processo de instala\u00e7\u00e3o. Alinhe o cilindro com precis\u00e3o com os pontos de montagem na escavadeira, utilizando suportes de montagem adequados. Aperte todos os parafusos e conex\u00f5es de acordo com as especifica\u00e7\u00f5es do fabricante, garantindo o aperto correto sem excesso de torque. Ap\u00f3s a instala\u00e7\u00e3o, verifique o funcionamento do sistema hidr\u00e1ulico e procure por vazamentos antes de iniciar as opera\u00e7\u00f5es.<\/p>\n<h2>Tarefas comuns de manuten\u00e7\u00e3o<\/h2>\n<h3>Inspe\u00e7\u00e3o regular<\/h3>\n<p>Isso envolve verificar sinais de desgaste, vazamentos e o estado geral do equipamento. A detec\u00e7\u00e3o precoce de problemas pode evitar danos significativos e reparos dispendiosos. Familiarize-se com o manual de opera\u00e7\u00e3o da m\u00e1quina para os intervalos de inspe\u00e7\u00e3o espec\u00edficos.<\/p>\n<h3>Lubrifica\u00e7\u00e3o adequada<\/h3>\n<p>Manter a lubrifica\u00e7\u00e3o adequada \u00e9 crucial para evitar o desgaste. Verifique regularmente os n\u00edveis do fluido hidr\u00e1ulico e certifique-se de que o fluido esteja limpo. O fluido contaminado pode levar \u00e0 falha prematura dos componentes hidr\u00e1ulicos.<\/p>\n<h3>Substitui\u00e7\u00e3o de selos e verifica\u00e7\u00f5es de calibra\u00e7\u00e3o<\/h3>\n<p>Avalie e substitua as veda\u00e7\u00f5es regularmente para manter a efici\u00eancia hidr\u00e1ulica. As verifica\u00e7\u00f5es de calibra\u00e7\u00e3o garantem que o cilindro opere dentro dos par\u00e2metros especificados, promovendo seguran\u00e7a e efic\u00e1cia durante o uso.<\/p>\n<p><img decoding=\"async\" src=\"https:\/\/www.hydraulic-cylinders.net\/wp-content\/uploads\/2025\/04\/songte-chushion-collar.webp\" alt=\"Imagem de gola almofadada\"\/><\/p>\n<h2>Considera\u00e7\u00f5es de seguran\u00e7a e fatores ambientais<\/h2>\n<p>Ao utilizar o cilindro da lan\u00e7a, as medidas de seguran\u00e7a s\u00e3o fundamentais. Os operadores devem ser treinados e estar cientes dos riscos potenciais associados aos sistemas hidr\u00e1ulicos. Auditorias de seguran\u00e7a regulares e o cumprimento das diretrizes do fabricante podem ajudar a mitigar os riscos relacionados \u00e0 opera\u00e7\u00e3o. Al\u00e9m disso, fatores ambientais como excesso de poeira, umidade e temperaturas extremas devem ser considerados, pois podem afetar o desempenho e a vida \u00fatil dos cilindros hidr\u00e1ulicos.<\/p>\n<h2>Solu\u00e7\u00e3o de problemas e problemas comuns<\/h2>\n<ul>\n<li><strong>Vazamento de fluido hidr\u00e1ulico:<\/strong> Se notar vazamentos de fluido, inspecione as veda\u00e7\u00f5es e conex\u00f5es em busca de danos. Substitua as veda\u00e7\u00f5es desgastadas ou danificadas para resolver o problema.<\/li>\n<li><strong>Cilindro sem resposta:<\/strong> Se o cilindro n\u00e3o responder adequadamente aos comandos, verifique o n\u00edvel do fluido hidr\u00e1ulico e certifique-se de que n\u00e3o haja obstru\u00e7\u00f5es nas linhas hidr\u00e1ulicas.<\/li>\n<li><strong>Movimento inconsistente:<\/strong> Se a lan\u00e7a estiver funcionando de forma irregular, isso pode ser devido \u00e0 contamina\u00e7\u00e3o do fluido hidr\u00e1ulico ou \u00e0 presen\u00e7a de ar no sistema. Sangre o sistema hidr\u00e1ulico e substitua o fluido contaminado, se necess\u00e1rio.<\/li>\n<\/ul>\n<p>Seguindo essas dicas de solu\u00e7\u00e3o de problemas, os operadores podem diagnosticar e resolver problemas comuns com efic\u00e1cia, garantindo um funcionamento tranquilo e minimizando o tempo de inatividade.<\/p>\n<p><img decoding=\"async\" src=\"https:\/\/www.hydraulic-cylinders.net\/wp-content\/uploads\/2025\/04\/songte-bushings-with-all-kinds-of-excavator-models.webp\" alt=\"Imagem da bucha\"\/><\/p>\n<h2>Sobre nossa empresa<\/h2>\n<p>Somos um fabricante especializado em cilindros hidr\u00e1ulicos alternativos, oferecendo uma gama completa de produtos que nos consolidaram como um dos principais fabricantes e distribuidores nos mercados nacional e internacional. Primamos pela excel\u00eancia em qualidade, utilizando estrat\u00e9gias de fabrica\u00e7\u00e3o meticulosas e gest\u00e3o de produ\u00e7\u00e3o avan\u00e7ada para aprimorar continuamente nossa plataforma de produ\u00e7\u00e3o. Com forte foco em talentos tecnol\u00f3gicos, equipamentos de fabrica\u00e7\u00e3o digital de ponta e sistemas de teste profissionais, buscamos constantemente aprimorar a qualidade de nossos produtos e servi\u00e7os.<\/p>\n<p><img decoding=\"async\" src=\"https:\/\/www.hydraulic-cylinders.net\/wp-content\/uploads\/2025\/04\/songte-company-4.webp\" alt=\"Imagem da empresa\"\/><br \/>\n<img decoding=\"async\" src=\"https:\/\/www.hydraulic-cylinders.net\/wp-content\/uploads\/2025\/04\/songte-company-3.webp\" alt=\"Imagem da empresa\"\/><\/p>\n<p>Com foco em profissionalismo, certifica\u00e7\u00f5es internacionais e servi\u00e7os personalizados, estamos comprometidos em fornecer solu\u00e7\u00f5es robustas, sob medida para atender \u00e0s diversas necessidades de nossos clientes.<\/p>\n<p>Autor: lyl<\/p>","protected":false},"excerpt":{"rendered":"<p>Boom Cylinder For Doosan Middle Excavator DX260LC Product Overview The Boom Cylinder for Doosan Middle Excavator DX260LC is a critical component in the hydraulic system of excavators. Designed specifically to control the movement of the boom, this hydraulic cylinder enables the excavator to perform essential functions such as lifting, lowering, and tilting the boom for [&hellip;]<\/p>","protected":false},"featured_media":17869,"comment_status":"open","ping_status":"closed","template":"","meta":{"_et_pb_use_builder":"","_et_pb_old_content":"","_et_gb_content_width":""},"product_brand":[],"product_cat":[1546],"product_tag":[1547,1496],"class_list":{"0":"post-19002","1":"product","2":"type-product","3":"status-publish","4":"has-post-thumbnail","6":"product_cat-boom-cylinders","7":"product_tag-boom-cylinders","8":"product_tag-hydraulic-cylinders","10":"first","11":"instock","12":"shipping-taxable","13":"product-type-simple"},"amp_enabled":true,"_links":{"self":[{"href":"https:\/\/www.hydraulic-cylinders.net\/pt\/wp-json\/wp\/v2\/product\/19002","targetHints":{"allow":["GET"]}}],"collection":[{"href":"https:\/\/www.hydraulic-cylinders.net\/pt\/wp-json\/wp\/v2\/product"}],"about":[{"href":"https:\/\/www.hydraulic-cylinders.net\/pt\/wp-json\/wp\/v2\/types\/product"}],"replies":[{"embeddable":true,"href":"https:\/\/www.hydraulic-cylinders.net\/pt\/wp-json\/wp\/v2\/comments?post=19002"}],"wp:featuredmedia":[{"embeddable":true,"href":"https:\/\/www.hydraulic-cylinders.net\/pt\/wp-json\/wp\/v2\/media\/17869"}],"wp:attachment":[{"href":"https:\/\/www.hydraulic-cylinders.net\/pt\/wp-json\/wp\/v2\/media?parent=19002"}],"wp:term":[{"taxonomy":"product_brand","embeddable":true,"href":"https:\/\/www.hydraulic-cylinders.net\/pt\/wp-json\/wp\/v2\/product_brand?post=19002"},{"taxonomy":"product_cat","embeddable":true,"href":"https:\/\/www.hydraulic-cylinders.net\/pt\/wp-json\/wp\/v2\/product_cat?post=19002"},{"taxonomy":"product_tag","embeddable":true,"href":"https:\/\/www.hydraulic-cylinders.net\/pt\/wp-json\/wp\/v2\/product_tag?post=19002"}],"curies":[{"name":"wp","href":"https:\/\/api.w.org\/{rel}","templated":true}]}}