{"id":19015,"date":"2025-04-07T06:07:12","date_gmt":"2025-04-07T06:07:12","guid":{"rendered":"https:\/\/www.hydraulic-cylinders.net\/product\/boom-cylinder-for-doosan-large-excavator-dh420lc-7\/"},"modified":"2025-04-07T06:07:16","modified_gmt":"2025-04-07T06:07:16","slug":"boom-cylinder-for-doosan-large-excavator-dh420lc-7","status":"publish","type":"product","link":"https:\/\/www.hydraulic-cylinders.net\/pt\/produto\/boom-cylinder-for-doosan-large-excavator-dh420lc-7\/","title":{"rendered":"Cilindro da lan\u00e7a para escavadeira grande Doosan DH420LC-7"},"content":{"rendered":"<h1>Cilindro da lan\u00e7a para escavadeira grande Doosan DH420LC-7<\/h1>\n<h2>Compreendendo o Cilindro da Lan\u00e7a<\/h2>\n<p>O cilindro da lan\u00e7a \u00e9 um componente hidr\u00e1ulico projetado especificamente para controlar o movimento da ca\u00e7amba em diversas m\u00e1quinas pesadas, incluindo escavadeiras, retroescavadeiras e p\u00e1s carregadeiras. Este cilindro hidr\u00e1ulico vital permite que a ca\u00e7amba suba, des\u00e7a e incline, facilitando tarefas eficientes de movimenta\u00e7\u00e3o de materiais. O cilindro da lan\u00e7a \u00e9 crucial em sistemas hidr\u00e1ulicos, pois converte a press\u00e3o hidr\u00e1ulica em energia mec\u00e2nica, permitindo que os operadores executem uma ampla gama de tarefas de escava\u00e7\u00e3o e eleva\u00e7\u00e3o com efic\u00e1cia.<\/p>\n<p><img decoding=\"async\" src=\"https:\/\/www.hydraulic-cylinders.net\/wp-content\/uploads\/2025\/04\/songte-company-1.webp\" alt=\"Cilindro de lan\u00e7a\"><\/p>\n<h2>Caracter\u00edsticas do Cilindro de Lan\u00e7a<\/h2>\n<ul>\n<li>\n<h3>Alta resist\u00eancia e durabilidade<\/h3>\n<p>Normalmente fabricado em a\u00e7o de alta resist\u00eancia ou alum\u00ednio, o cilindro da lan\u00e7a \u00e9 projetado para suportar alta press\u00e3o e cargas pesadas, tornando-o adequado para ambientes de trabalho severos. Seu design prioriza a resist\u00eancia ao desgaste e a prote\u00e7\u00e3o contra corros\u00e3o, prolongando sua vida \u00fatil.<\/p>\n<\/li>\n<li>\n<h3>Opera\u00e7\u00e3o Hidr\u00e1ulica Eficiente<\/h3>\n<p>O cilindro da lan\u00e7a utiliza press\u00e3o de \u00f3leo hidr\u00e1ulico para obter uma extens\u00e3o e retra\u00e7\u00e3o suaves, proporcionando uma resposta r\u00e1pida aos comandos de controle e oferecendo for\u00e7as de empuxo e tra\u00e7\u00e3o potentes, ideais para o manuseio de materiais pesados \u200b\u200be opera\u00e7\u00f5es complexas.<\/p>\n<\/li>\n<li>\n<h3>Tipos diversos<\/h3>\n<p>Dispon\u00edvel em configura\u00e7\u00f5es de a\u00e7\u00e3o simples (acionamento hidr\u00e1ulico em uma dire\u00e7\u00e3o) ou de a\u00e7\u00e3o dupla (acionamento hidr\u00e1ulico em ambas as dire\u00e7\u00f5es), o cilindro da lan\u00e7a pode ser adaptado para atender a necessidades operacionais espec\u00edficas. Alguns modelos apresentam design telesc\u00f3pico, permitindo maior extens\u00e3o sem aumentar as dimens\u00f5es externas, ideal para aplica\u00e7\u00f5es com espa\u00e7o limitado.<\/p>\n<\/li>\n<\/ul>\n<p>Nossa empresa fabrica este produto, e nossos cilindros podem substituir perfeitamente esses cilindros hidr\u00e1ulicos.<\/p>\n<p><img decoding=\"async\" src=\"https:\/\/www.hydraulic-cylinders.net\/wp-content\/uploads\/2025\/04\/songte-cylinder-head-with-all-kinds-excavator-models.webp\" alt=\"Cilindro hidr\u00e1ulico\"><\/p>\n<h2>Aplica\u00e7\u00f5es do Cilindro de Lan\u00e7a<\/h2>\n<ul>\n<li>\n<h3>Equipamentos de constru\u00e7\u00e3o<\/h3>\n<p>Em escavadeiras, os cilindros da lan\u00e7a s\u00e3o essenciais para escavar, carregar e movimentar terra ou entulho. Eles fornecem a for\u00e7a necess\u00e1ria para penetrar no solo, permitindo processos de escava\u00e7\u00e3o eficientes. Em retroescavadeiras, o cilindro da lan\u00e7a auxilia tanto na escava\u00e7\u00e3o quanto no levantamento, possibilitando uma opera\u00e7\u00e3o vers\u00e1til em canteiros de obras.<\/p>\n<\/li>\n<li>\n<h3>Maquinaria agr\u00edcola<\/h3>\n<p>As p\u00e1s carregadeiras utilizam cilindros hidr\u00e1ulicos na lan\u00e7a para recolher, levantar e transportar terra, feno e outros materiais. A efici\u00eancia desses cilindros hidr\u00e1ulicos permite que os agricultores realizem tarefas como carregar, transportar e descarregar materiais de forma r\u00e1pida e eficaz, aumentando a produtividade nas opera\u00e7\u00f5es agr\u00edcolas.<\/p>\n<\/li>\n<li>\n<h3>Escavadeiras<\/h3>\n<p>Em escavadeiras, o cilindro da lan\u00e7a permite que a ca\u00e7amba penetre no solo, facilitando a escava\u00e7\u00e3o necess\u00e1ria para diversos projetos. Esses cilindros s\u00e3o essenciais para garantir que a escavadeira possa executar suas fun\u00e7\u00f5es principais de forma eficiente e eficaz.<\/p>\n<\/li>\n<li>\n<h3>Carregadores<\/h3>\n<p>Em carregadeiras frontais, os cilindros da lan\u00e7a ajudam a levantar e despejar cargas com efici\u00eancia. A capacidade de elevar e abaixar a ca\u00e7amba proporciona aos operadores a flexibilidade necess\u00e1ria para movimentar materiais e concluir tarefas com efic\u00e1cia, como carregar caminh\u00f5es ou distribuir materiais no local.<\/p>\n<\/li>\n<\/ul>\n<h2>Considera\u00e7\u00f5es de design e crit\u00e9rios de sele\u00e7\u00e3o<\/h2>\n<ul>\n<li>\n<h3>Capacidade de carga<\/h3>\n<p>Ao projetar um cilindro de lan\u00e7a, \u00e9 essencial considerar sua capacidade de carga. O cilindro deve ser capaz de suportar o peso m\u00e1ximo que encontrar\u00e1 durante a opera\u00e7\u00e3o. Isso envolve a sele\u00e7\u00e3o de materiais e dimens\u00f5es apropriadas para garantir que ele possa suportar essas for\u00e7as sem deformar ou falhar.<\/p>\n<\/li>\n<li>\n<h3>Selagem<\/h3>\n<p>Uma veda\u00e7\u00e3o eficaz \u00e9 crucial para evitar vazamentos de fluido hidr\u00e1ulico e manter a press\u00e3o ideal dentro do sistema. Veda\u00e7\u00f5es de alta qualidade, como veda\u00e7\u00f5es de pist\u00e3o e de haste, devem ser escolhidas para garantir durabilidade e desempenho. A manuten\u00e7\u00e3o regular dessas veda\u00e7\u00f5es \u00e9 necess\u00e1ria para prolongar a vida \u00fatil do cilindro.<\/p>\n<\/li>\n<li>\n<h3>Durabilidade<\/h3>\n<p>O cilindro da lan\u00e7a deve ser projetado para longa durabilidade, especialmente em ambientes exigentes onde o desgaste \u00e9 comum. Isso pode incluir o uso de revestimentos ou tratamentos especiais para aumentar a resist\u00eancia \u00e0 abras\u00e3o e a elementos corrosivos, garantindo que o cilindro suporte condi\u00e7\u00f5es adversas ao longo do tempo.<\/p>\n<\/li>\n<li>\n<h3>Seguran\u00e7a<\/h3>\n<p>Os recursos de seguran\u00e7a devem ser integrados ao projeto do cilindro da lan\u00e7a para proteger tanto o equipamento quanto o operador. Isso pode incluir v\u00e1lvulas de al\u00edvio de press\u00e3o e mecanismos de seguran\u00e7a para evitar falhas catastr\u00f3ficas durante a opera\u00e7\u00e3o, garantindo que o equipamento opere com seguran\u00e7a em diversas condi\u00e7\u00f5es.<\/p>\n<\/li>\n<li>\n<h3>Manuten\u00e7\u00e3o<\/h3>\n<p>Projetar para facilitar a manuten\u00e7\u00e3o \u00e9 vital, pois verifica\u00e7\u00f5es e reparos regulares aumentar\u00e3o a vida \u00fatil e o desempenho do cilindro. Recursos que facilitam inspe\u00e7\u00f5es e reparos r\u00e1pidos podem minimizar o tempo de inatividade, garantindo que o equipamento permane\u00e7a operacional quando necess\u00e1rio.<\/p>\n<\/li>\n<\/ul>\n<p><img decoding=\"async\" src=\"https:\/\/www.hydraulic-cylinders.net\/wp-content\/uploads\/2025\/04\/songte-oil-pipes-and-spare-parts.webp\" alt=\"Pe\u00e7as de reposi\u00e7\u00e3o para cilindros hidr\u00e1ulicos\"><\/p>\n<h2>Veda\u00e7\u00e3o e Lubrifica\u00e7\u00e3o do Cilindro Hidr\u00e1ulico<\/h2>\n<p>O desempenho e a confiabilidade de um cilindro de lan\u00e7a dependem muito de seus sistemas de veda\u00e7\u00e3o e lubrifica\u00e7\u00e3o. Diversas veda\u00e7\u00f5es, como as de pist\u00e3o e de haste, desempenham um papel crucial na conten\u00e7\u00e3o do fluido hidr\u00e1ulico e na preven\u00e7\u00e3o de vazamentos. Materiais como poliuretano e borracha nitr\u00edlica s\u00e3o frequentemente utilizados para veda\u00e7\u00f5es devido \u00e0 sua resist\u00eancia ao desgaste e durabilidade. Al\u00e9m disso, o corpo do cilindro e as superf\u00edcies roscadas das extremidades devem passar por um processo de usinagem preciso para aumentar a resist\u00eancia ao desgaste. A lubrifica\u00e7\u00e3o regular com \u00f3leo hidr\u00e1ulico adequado \u00e9 essencial para manter o funcionamento suave e evitar o desgaste excessivo das superf\u00edcies internas do cilindro.<\/p>\n<h2>Medidas de Manuten\u00e7\u00e3o Preventiva<\/h2>\n<ul>\n<li>\n<h3>Inspe\u00e7\u00f5es regulares<\/h3>\n<p>Realizar inspe\u00e7\u00f5es regulares \u00e9 fundamental para identificar problemas potenciais antes que se tornem graves. Isso inclui verificar sinais de desgaste, vazamentos e garantir que todas as conex\u00f5es estejam seguras. Manter um registro de manuten\u00e7\u00e3o pode ajudar a acompanhar a condi\u00e7\u00e3o do cilindro ao longo do tempo.<\/p>\n<\/li>\n<li>\n<h3>Lubrifica\u00e7\u00e3o<\/h3>\n<p>A lubrifica\u00e7\u00e3o adequada do cilindro \u00e9 essencial para garantir um funcionamento suave. Os operadores devem seguir as recomenda\u00e7\u00f5es do fabricante quanto ao tipo e \u00e0 quantidade de \u00f3leo hidr\u00e1ulico a ser utilizado. A lubrifica\u00e7\u00e3o insuficiente pode levar ao aumento do atrito e do desgaste, reduzindo, em \u00faltima an\u00e1lise, a vida \u00fatil do cilindro.<\/p>\n<\/li>\n<li>\n<h3>Substitui\u00e7\u00e3o da veda\u00e7\u00e3o<\/h3>\n<p>As veda\u00e7\u00f5es est\u00e3o sujeitas a desgaste e devem ser substitu\u00eddas periodicamente para evitar vazamentos e manter a efici\u00eancia hidr\u00e1ulica. Verificar regularmente as veda\u00e7\u00f5es quanto a sinais de danos ou desgaste ajudar\u00e1 a garantir que sejam substitu\u00eddas em tempo h\u00e1bil, mantendo o desempenho ideal do cilindro da lan\u00e7a.<\/p>\n<\/li>\n<\/ul>\n<h2>Diretrizes de instala\u00e7\u00e3o<\/h2>\n<p>A instala\u00e7\u00e3o correta do cilindro da lan\u00e7a \u00e9 fundamental para o funcionamento ideal. Primeiramente, certifique-se de que as superf\u00edcies de montagem estejam limpas e livres de detritos. O alinhamento correto do cilindro \u00e9 crucial; o desalinhamento pode causar desgaste prematuro ou falha. Recomenda-se o uso de suportes de montagem adequados para fixar o cilindro no lugar. Al\u00e9m disso, siga as especifica\u00e7\u00f5es do fabricante quanto ao torque de aperto de todos os fixadores. Ap\u00f3s a instala\u00e7\u00e3o, \u00e9 importante testar o sistema sob baixa press\u00e3o antes da opera\u00e7\u00e3o completa para garantir que tudo esteja funcionando corretamente. Verifique regularmente se h\u00e1 vazamentos e monitore o funcionamento do cilindro para garantir que ele permane\u00e7a em \u00f3timas condi\u00e7\u00f5es.<\/p>\n<h2>Tarefas comuns de manuten\u00e7\u00e3o<\/h2>\n<ul>\n<li>\n<h3>Inspe\u00e7\u00f5es regulares<\/h3>\n<p>Inspe\u00e7\u00f5es regulares do cilindro da lan\u00e7a s\u00e3o essenciais para identificar desgastes e problemas potenciais precocemente. Os operadores devem procurar sinais de vazamentos, danos ou ru\u00eddos incomuns durante a opera\u00e7\u00e3o. Manter uma lista de verifica\u00e7\u00e3o para as inspe\u00e7\u00f5es pode ajudar a garantir que nada seja esquecido.<\/p>\n<\/li>\n<li>\n<h3>Lubrifica\u00e7\u00e3o adequada<\/h3>\n<p>Utilizar o tipo correto de \u00f3leo hidr\u00e1ulico e garantir que o cilindro esteja adequadamente lubrificado ajudar\u00e1 a reduzir o desgaste e prolongar sua vida \u00fatil. Os operadores devem familiarizar-se com o cronograma de lubrifica\u00e7\u00e3o recomendado pelo fabricante para manter o desempenho ideal.<\/p>\n<\/li>\n<li>\n<h3>Substitui\u00e7\u00e3o e calibra\u00e7\u00e3o de selos<\/h3>\n<p>A substitui\u00e7\u00e3o regular das veda\u00e7\u00f5es \u00e0 medida que se desgastam \u00e9 crucial para evitar vazamentos. Os operadores tamb\u00e9m devem calibrar o cilindro para garantir que ele funcione dentro dos par\u00e2metros especificados. Isso pode envolver o ajuste das configura\u00e7\u00f5es de press\u00e3o hidr\u00e1ulica e a verifica\u00e7\u00e3o de que todos os componentes estejam funcionando corretamente.<\/p>\n<\/li>\n<\/ul>\n<p><img decoding=\"async\" src=\"https:\/\/www.hydraulic-cylinders.net\/wp-content\/uploads\/2025\/04\/songte-chushion-collar.webp\" alt=\"Coleira almofadada\"><\/p>\n<h2>Considera\u00e7\u00f5es de seguran\u00e7a e fatores ambientais<\/h2>\n<p>Ao utilizar cilindros hidr\u00e1ulicos, a observ\u00e2ncia das medidas de seguran\u00e7a \u00e9 fundamental. Os operadores devem ser treinados no manuseio e opera\u00e7\u00e3o adequados dos sistemas hidr\u00e1ulicos para prevenir acidentes. Garantir que todas as prote\u00e7\u00f5es de seguran\u00e7a estejam instaladas e funcionando corretamente pode minimizar o risco de les\u00f5es durante a opera\u00e7\u00e3o. Al\u00e9m disso, o descarte adequado de fluidos e componentes hidr\u00e1ulicos \u00e9 essencial para reduzir o impacto ambiental. Seguir as normas locais relativas a materiais perigosos ajudar\u00e1 a manter a conformidade e a proteger o meio ambiente.<\/p>\n<h2>Diagn\u00f3stico de falhas e problemas comuns<\/h2>\n<ul>\n<li>\n<h3>Problemas de vazamento<\/h3>\n<p>Vazamentos s\u00e3o um problema comum que pode surgir devido ao desgaste de veda\u00e7\u00f5es ou conex\u00f5es. Se houver vazamento de fluido hidr\u00e1ulico, \u00e9 essencial inspecionar a integridade das veda\u00e7\u00f5es e das conex\u00f5es. Identificar a origem do vazamento rapidamente pode evitar maiores danos e manter a efici\u00eancia hidr\u00e1ulica.<\/p>\n<\/li>\n<li>\n<h3>Desempenho reduzido<\/h3>\n<p>Se o cilindro da lan\u00e7a n\u00e3o estiver funcionando como esperado, isso pode ser devido a n\u00edveis baixos de fluido hidr\u00e1ulico, ar no sistema ou danos mec\u00e2nicos. Verificar os n\u00edveis de fluido e eliminar o ar do sistema s\u00e3o etapas iniciais cruciais para diagnosticar problemas de desempenho.<\/p>\n<\/li>\n<li>\n<h3>Opera\u00e7\u00e3o ruidosa<\/h3>\n<p>Ru\u00eddos incomuns durante o funcionamento podem indicar desgaste interno ou ar no fluido hidr\u00e1ulico. \u00c9 importante investigar a origem do ru\u00eddo imediatamente, pois pode sinalizar que o cilindro precisa de manuten\u00e7\u00e3o ou substitui\u00e7\u00e3o.<\/p>\n<\/li>\n<\/ul>\n<p>Ao solucionar esses problemas comuns de forma r\u00e1pida e eficiente, os operadores podem manter o desempenho ideal do cilindro da lan\u00e7a e evitar paradas dispendiosas.<\/p>\n<p><img decoding=\"async\" src=\"https:\/\/www.hydraulic-cylinders.net\/wp-content\/uploads\/2025\/04\/songte-bushings-with-all-kinds-of-excavator-models.webp\" alt=\"Buchas para Escavadeiras\"><\/p>\n<h2>Vis\u00e3o geral da empresa<\/h2>\n<p>Somos um fabricante l\u00edder de cilindros hidr\u00e1ulicos de reposi\u00e7\u00e3o, com uma linha completa de produtos que nos posiciona como um dos principais fornecedores nos mercados nacional e internacional. Nosso compromisso com a excel\u00eancia em qualidade \u00e9 sustentado por uma sofisticada estrat\u00e9gia de gest\u00e3o de produ\u00e7\u00e3o. Aproveitamos t\u00e9cnicos qualificados, equipamentos de fabrica\u00e7\u00e3o digital de ponta e sistemas de teste especializados para aprimorar nossas capacidades de produ\u00e7\u00e3o. Ao melhorar continuamente nossos processos produtivos, garantimos alta efici\u00eancia, precis\u00e3o e qualidade para atender \u00e0s diversas necessidades de nossos clientes.<\/p>\n<p>Nossa empresa se dedica ao atendimento profissional, possuindo certifica\u00e7\u00f5es internacionais que garantem qualidade e confiabilidade. Oferecemos solu\u00e7\u00f5es personalizadas para atender \u00e0s necessidades espec\u00edficas de cada cliente, com suporte p\u00f3s-venda robusto para assegurar a satisfa\u00e7\u00e3o e o sucesso operacional cont\u00ednuo.<\/p>\n<p><img decoding=\"async\" src=\"https:\/\/www.hydraulic-cylinders.net\/wp-content\/uploads\/2025\/04\/songte-company-4.webp\" alt=\"Vis\u00e3o geral da empresa\"><br \/>\n<img decoding=\"async\" src=\"https:\/\/www.hydraulic-cylinders.net\/wp-content\/uploads\/2025\/04\/songte-company-3.webp\" alt=\"Empresa de fabrica\u00e7\u00e3o\"><\/p>\n<p>Autor: lyl<\/p>","protected":false},"excerpt":{"rendered":"<p>Boom Cylinder For Doosan Large Excavator DH420LC-7 Understanding the Boom Cylinder The boom cylinder is a hydraulic component specifically designed to control the movement of the bucket in various heavy machinery, including excavators, backhoe loaders, and front-end loaders. This vital hydraulic cylinder enables the bucket to lift, lower, and tilt, facilitating efficient material handling tasks. [&hellip;]<\/p>","protected":false},"featured_media":17867,"comment_status":"open","ping_status":"closed","template":"","meta":{"_et_pb_use_builder":"","_et_pb_old_content":"","_et_gb_content_width":""},"product_brand":[],"product_cat":[1546],"product_tag":[1547,1496],"class_list":{"0":"post-19015","1":"product","2":"type-product","3":"status-publish","4":"has-post-thumbnail","6":"product_cat-boom-cylinders","7":"product_tag-boom-cylinders","8":"product_tag-hydraulic-cylinders","10":"first","11":"instock","12":"shipping-taxable","13":"product-type-simple"},"amp_enabled":true,"_links":{"self":[{"href":"https:\/\/www.hydraulic-cylinders.net\/pt\/wp-json\/wp\/v2\/product\/19015","targetHints":{"allow":["GET"]}}],"collection":[{"href":"https:\/\/www.hydraulic-cylinders.net\/pt\/wp-json\/wp\/v2\/product"}],"about":[{"href":"https:\/\/www.hydraulic-cylinders.net\/pt\/wp-json\/wp\/v2\/types\/product"}],"replies":[{"embeddable":true,"href":"https:\/\/www.hydraulic-cylinders.net\/pt\/wp-json\/wp\/v2\/comments?post=19015"}],"wp:featuredmedia":[{"embeddable":true,"href":"https:\/\/www.hydraulic-cylinders.net\/pt\/wp-json\/wp\/v2\/media\/17867"}],"wp:attachment":[{"href":"https:\/\/www.hydraulic-cylinders.net\/pt\/wp-json\/wp\/v2\/media?parent=19015"}],"wp:term":[{"taxonomy":"product_brand","embeddable":true,"href":"https:\/\/www.hydraulic-cylinders.net\/pt\/wp-json\/wp\/v2\/product_brand?post=19015"},{"taxonomy":"product_cat","embeddable":true,"href":"https:\/\/www.hydraulic-cylinders.net\/pt\/wp-json\/wp\/v2\/product_cat?post=19015"},{"taxonomy":"product_tag","embeddable":true,"href":"https:\/\/www.hydraulic-cylinders.net\/pt\/wp-json\/wp\/v2\/product_tag?post=19015"}],"curies":[{"name":"wp","href":"https:\/\/api.w.org\/{rel}","templated":true}]}}