{"id":19096,"date":"2025-04-07T06:12:34","date_gmt":"2025-04-07T06:12:34","guid":{"rendered":"https:\/\/www.hydraulic-cylinders.net\/product\/boom-cylinder-for-yugong-wy135-8\/"},"modified":"2025-04-07T06:12:40","modified_gmt":"2025-04-07T06:12:40","slug":"boom-cylinder-for-yugong-wy135-8","status":"publish","type":"product","link":"https:\/\/www.hydraulic-cylinders.net\/pt\/produto\/boom-cylinder-for-yugong-wy135-8\/","title":{"rendered":"Cilindro da lan\u00e7a para Yugong WY135-8"},"content":{"rendered":"<h1>Cilindro da lan\u00e7a para Yugong WY135-8<\/h1>\n<h2>Vis\u00e3o geral do produto<\/h2>\n<p>O cilindro da lan\u00e7a para Yugong WY135-8 \u00e9 um cilindro hidr\u00e1ulico especializado, projetado para controlar o movimento do bra\u00e7o da lan\u00e7a em diversas m\u00e1quinas pesadas, como escavadeiras, retroescavadeiras e p\u00e1s carregadeiras. Esses cilindros permitem o levantamento, abaixamento e inclina\u00e7\u00e3o precisos do equipamento, facilitando, assim, tarefas eficientes de movimenta\u00e7\u00e3o de materiais. Como um componente crucial dos sistemas hidr\u00e1ulicos, o cilindro da lan\u00e7a opera convertendo energia hidr\u00e1ulica em energia mec\u00e2nica, possibilitando movimentos potentes e controlados.<\/p>\n<p><img decoding=\"async\" src=\"https:\/\/www.hydraulic-cylinders.net\/wp-content\/uploads\/2025\/04\/songte-company-1.webp\" alt=\"Imagem do Cilindro da Lan\u00e7a\" \/><\/p>\n<h2>Principais caracter\u00edsticas<\/h2>\n<ul>\n<li>\n<h3>Alta resist\u00eancia e durabilidade<\/h3>\n<p>Fabricado em a\u00e7o de alta resist\u00eancia ou alum\u00ednio, o cilindro da lan\u00e7a foi projetado para suportar alta press\u00e3o e cargas pesadas, tornando-o adequado para ambientes de trabalho exigentes. Seu design incorpora resist\u00eancia ao desgaste e prote\u00e7\u00e3o contra corros\u00e3o para prolongar a vida \u00fatil do produto.<\/p>\n<\/li>\n<li>\n<h3>Opera\u00e7\u00e3o Hidr\u00e1ulica Eficiente<\/h3>\n<p>O cilindro utiliza press\u00e3o de \u00f3leo hidr\u00e1ulico para obter extens\u00e3o e retra\u00e7\u00e3o suaves, respondendo rapidamente aos comandos do operador e fornecendo for\u00e7a robusta de tra\u00e7\u00e3o e compress\u00e3o. Essa efici\u00eancia \u00e9 essencial para o manuseio de materiais pesados \u200b\u200be tarefas operacionais complexas.<\/p>\n<\/li>\n<li>\n<h3>Diversas configura\u00e7\u00f5es<\/h3>\n<p>Dispon\u00edvel em vers\u00f5es de a\u00e7\u00e3o simples (operando em uma dire\u00e7\u00e3o) e de a\u00e7\u00e3o dupla (operando em duas dire\u00e7\u00f5es), o cilindro da lan\u00e7a atende a diversas necessidades operacionais. Alguns modelos apresentam um design telesc\u00f3pico, permitindo maior extens\u00e3o sem aumentar as dimens\u00f5es externas, ideal para aplica\u00e7\u00f5es com restri\u00e7\u00f5es de espa\u00e7o.<\/p>\n<\/li>\n<li>\n<h3>Produ\u00e7\u00e3o personaliz\u00e1vel<\/h3>\n<p>Temos capacidade para fabricar este produto, e nossos cilindros podem substituir perfeitamente os cilindros hidr\u00e1ulicos existentes no mercado.<\/p>\n<\/li>\n<\/ul>\n<p><img decoding=\"async\" src=\"https:\/\/www.hydraulic-cylinders.net\/wp-content\/uploads\/2025\/04\/songte-cylinder-head-with-all-kinds-excavator-models.webp\" alt=\"Modelo de Escavadeira\" \/><\/p>\n<h2>Aplica\u00e7\u00f5es<\/h2>\n<ul>\n<li>\n<h3>Equipamentos de constru\u00e7\u00e3o<\/h3>\n<p>Em escavadeiras, os cilindros da lan\u00e7a s\u00e3o vitais para escavar, carregar e movimentar terra ou entulho. Eles n\u00e3o apenas auxiliam na escava\u00e7\u00e3o, mas tamb\u00e9m no levantamento de materiais, aumentando significativamente a produtividade da m\u00e1quina. Seu desempenho confi\u00e1vel \u00e9 crucial para as opera\u00e7\u00f5es di\u00e1rias da ind\u00fastria da constru\u00e7\u00e3o.<\/p>\n<\/li>\n<li>\n<h3>Maquinaria agr\u00edcola<\/h3>\n<p>Utilizados em p\u00e1s carregadeiras, esses cilindros s\u00e3o respons\u00e1veis \u200b\u200bpor escavar, levantar e transportar terra, feno e outros materiais. Seu design permite uma opera\u00e7\u00e3o eficiente em diversas tarefas agr\u00edcolas, garantindo que os agricultores possam manusear os materiais de forma eficaz e aumentar sua produtividade.<\/p>\n<\/li>\n<li>\n<h3>Escavadeiras<\/h3>\n<p>O cilindro da lan\u00e7a permite que a ca\u00e7amba penetre no solo durante as escava\u00e7\u00f5es, possibilitando que os operadores trabalhem com efici\u00eancia. O controle preciso do movimento da lan\u00e7a garante que as escavadeiras possam escavar mais fundo e com maior precis\u00e3o, tornando-as essenciais em projetos de constru\u00e7\u00e3o e paisagismo.<\/p>\n<\/li>\n<li>\n<h3>Carregadores<\/h3>\n<p>Em carregadeiras frontais, os cilindros da lan\u00e7a ajudam a elevar e despejar cargas com efici\u00eancia. Sua a\u00e7\u00e3o \u00e1gil e for\u00e7a garantem que as carregadeiras possam manusear diversos materiais, desde terra at\u00e9 agregados, com facilidade, contribuindo para a efici\u00eancia geral do processo de carregamento.<\/p>\n<\/li>\n<\/ul>\n<h2>Considera\u00e7\u00f5es de design e crit\u00e9rios de sele\u00e7\u00e3o<\/h2>\n<ul>\n<li>\n<h3>Capacidade de carga<\/h3>\n<p>Ao selecionar um cilindro para lan\u00e7a, \u00e9 crucial considerar a capacidade de carga. O cilindro deve ser capaz de suportar a carga m\u00e1xima esperada sem comprometer a seguran\u00e7a ou o desempenho. Isso envolve avaliar o peso dos materiais a serem movimentados e os requisitos espec\u00edficos da m\u00e1quina.<\/p>\n<\/li>\n<li>\n<h3>Desempenho de veda\u00e7\u00e3o<\/h3>\n<p>Uma veda\u00e7\u00e3o eficaz \u00e9 essencial para manter a press\u00e3o hidr\u00e1ulica e evitar vazamentos. Veda\u00e7\u00f5es de alta qualidade, feitas com materiais dur\u00e1veis, s\u00e3o vitais para garantir a longevidade e a confiabilidade do cilindro. Uma veda\u00e7\u00e3o adequada reduz a necessidade de manuten\u00e7\u00e3o e aumenta a efici\u00eancia operacional.<\/p>\n<\/li>\n<li>\n<h3>Durabilidade<\/h3>\n<p>A durabilidade \u00e9 um fator crucial no projeto de cilindros hidr\u00e1ulicos. O cilindro deve suportar condi\u00e7\u00f5es de trabalho severas, incluindo exposi\u00e7\u00e3o a sujeira, detritos e temperaturas extremas. A escolha de materiais e acabamentos que ofere\u00e7am resist\u00eancia \u00e0 corros\u00e3o e prote\u00e7\u00e3o contra o desgaste \u00e9 essencial para prolongar a vida \u00fatil do cilindro.<\/p>\n<\/li>\n<li>\n<h3>Recursos de seguran\u00e7a<\/h3>\n<p>A seguran\u00e7a deve ser sempre uma prioridade no projeto de cilindros hidr\u00e1ulicos. A incorpora\u00e7\u00e3o de recursos de seguran\u00e7a, como v\u00e1lvulas de al\u00edvio de press\u00e3o e inv\u00f3lucros de prote\u00e7\u00e3o, garante que o sistema possa lidar com circunst\u00e2ncias imprevistas sem riscos para os operadores ou equipamentos.<\/p>\n<\/li>\n<li>\n<h3>Acessibilidade de Manuten\u00e7\u00e3o<\/h3>\n<p>O projeto tamb\u00e9m deve levar em considera\u00e7\u00e3o a facilidade de manuten\u00e7\u00e3o. Deve permitir inspe\u00e7\u00e3o, lubrifica\u00e7\u00e3o e substitui\u00e7\u00e3o de pe\u00e7as de forma simples. A acessibilidade \u00e9 fundamental para garantir que a manuten\u00e7\u00e3o regular possa ser realizada com efici\u00eancia, prolongando assim a vida \u00fatil do cilindro.<\/p>\n<\/li>\n<\/ul>\n<p><img decoding=\"async\" src=\"https:\/\/www.hydraulic-cylinders.net\/wp-content\/uploads\/2025\/04\/songte-oil-pipes-and-spare-parts.webp\" alt=\"Pe\u00e7as Hidr\u00e1ulicas\" \/><\/p>\n<h2>Veda\u00e7\u00e3o e Lubrifica\u00e7\u00e3o<\/h2>\n<p>A veda\u00e7\u00e3o e a lubrifica\u00e7\u00e3o adequadas s\u00e3o essenciais para o funcionamento eficaz dos cilindros hidr\u00e1ulicos. Diversos componentes de veda\u00e7\u00e3o, como veda\u00e7\u00f5es de pist\u00e3o e veda\u00e7\u00f5es de haste, s\u00e3o utilizados para manter a press\u00e3o dentro do sistema. Veda\u00e7\u00f5es feitas de materiais resistentes ao desgaste, como poliuretano e borracha nitr\u00edlica, s\u00e3o comumente usadas para aumentar a durabilidade.<\/p>\n<p>O corpo do cilindro e as extremidades roscadas recebem um acabamento cuidadoso para melhorar a resist\u00eancia ao desgaste, garantindo que as veda\u00e7\u00f5es mantenham sua integridade ao longo do tempo. A lubrifica\u00e7\u00e3o regular com \u00f3leo hidr\u00e1ulico \u00e9 necess\u00e1ria para reduzir o atrito e evitar o desgaste entre as pe\u00e7as m\u00f3veis. Seguir um cronograma de lubrifica\u00e7\u00e3o rigoroso ajuda a manter a efici\u00eancia operacional e prolongar a vida \u00fatil do cilindro.<\/p>\n<h2>Inspe\u00e7\u00e3o regular e manuten\u00e7\u00e3o preventiva<\/h2>\n<ul>\n<li>\n<h3>Inspe\u00e7\u00f5es regulares<\/h3>\n<p>A realiza\u00e7\u00e3o de inspe\u00e7\u00f5es de rotina \u00e9 vital para identificar problemas potenciais antes que se agravem. Os operadores devem verificar visualmente vazamentos, desgaste e danos no cilindro e seus componentes para garantir o desempenho ideal.<\/p>\n<\/li>\n<li>\n<h3>Lubrifica\u00e7\u00e3o adequada<\/h3>\n<p>Garantir que o cilindro hidr\u00e1ulico esteja adequadamente lubrificado \u00e9 essencial para o seu bom funcionamento. Os operadores devem seguir as orienta\u00e7\u00f5es do fabricante quanto aos intervalos de lubrifica\u00e7\u00e3o e usar o \u00f3leo hidr\u00e1ulico recomendado para evitar desgaste.<\/p>\n<\/li>\n<li>\n<h3>Substitui\u00e7\u00e3o da veda\u00e7\u00e3o<\/h3>\n<p>As veda\u00e7\u00f5es devem ser substitu\u00eddas em intervalos regulares para manter a integridade hidr\u00e1ulica. Os operadores devem estar atentos ao monitoramento do desempenho das veda\u00e7\u00f5es e solucionar prontamente quaisquer sinais de desgaste ou vazamentos para evitar falhas no sistema.<\/p>\n<\/li>\n<\/ul>\n<h2>Diretrizes de instala\u00e7\u00e3o<\/h2>\n<p>A instala\u00e7\u00e3o correta do cilindro da lan\u00e7a \u00e9 crucial para um desempenho ideal. Aqui est\u00e3o alguns passos essenciais a seguir:<\/p>\n<ol>\n<li>Certifique-se de que as superf\u00edcies de montagem estejam limpas e livres de detritos.<\/li>\n<li>Alinhe o cilindro corretamente para evitar desalinhamentos que podem levar ao desgaste prematuro.<\/li>\n<li>Utilize suportes de montagem adequados para fixar o cilindro, garantindo que ele esteja est\u00e1vel e posicionado corretamente.<\/li>\n<li>Ap\u00f3s a instala\u00e7\u00e3o, verifique se o cilindro se move corretamente e fa\u00e7a os ajustes necess\u00e1rios.<\/li>\n<li>Siga as instru\u00e7\u00f5es do fabricante quanto \u00e0s especifica\u00e7\u00f5es de torque ao apertar parafusos e conex\u00f5es.<\/li>\n<\/ol>\n<h2>Tarefas comuns de manuten\u00e7\u00e3o<\/h2>\n<ul>\n<li>\n<h3>Verifica\u00e7\u00f5es regulares<\/h3>\n<p>A realiza\u00e7\u00e3o de verifica\u00e7\u00f5es regulares no sistema hidr\u00e1ulico, incluindo o cilindro da lan\u00e7a, \u00e9 crucial para identificar quaisquer problemas precocemente. Os operadores devem avaliar o estado geral do cilindro e dos componentes circundantes para garantir que tudo esteja funcionando corretamente.<\/p>\n<\/li>\n<li>\n<h3>Lubrifica\u00e7\u00e3o adequada<\/h3>\n<p>A lubrifica\u00e7\u00e3o \u00e9 vital para reduzir o atrito e o desgaste em sistemas hidr\u00e1ulicos. Os operadores devem seguir os cronogramas de lubrifica\u00e7\u00e3o e usar \u00f3leos hidr\u00e1ulicos adequados para garantir a longevidade e a efici\u00eancia do cilindro da lan\u00e7a.<\/p>\n<\/li>\n<li>\n<h3>Substitui\u00e7\u00e3o de selos e verifica\u00e7\u00f5es de calibra\u00e7\u00e3o<\/h3>\n<p>A substitui\u00e7\u00e3o regular das veda\u00e7\u00f5es e a verifica\u00e7\u00e3o da calibra\u00e7\u00e3o do cilindro s\u00e3o tarefas essenciais de manuten\u00e7\u00e3o. Os operadores devem monitorar o desempenho das veda\u00e7\u00f5es e substitu\u00ed-las conforme necess\u00e1rio para evitar vazamentos e manter a press\u00e3o. As verifica\u00e7\u00f5es de calibra\u00e7\u00e3o garantem que o cilindro opere dentro dos par\u00e2metros especificados.<\/p>\n<\/li>\n<\/ul>\n<p><img decoding=\"async\" src=\"https:\/\/www.hydraulic-cylinders.net\/wp-content\/uploads\/2025\/04\/songte-chushion-collar.webp\" alt=\"Coleira almofadada\" \/><\/p>\n<h2>Considera\u00e7\u00f5es sobre seguran\u00e7a e meio ambiente<\/h2>\n<p>Ao utilizar cilindros hidr\u00e1ulicos, \u00e9 essencial implementar medidas de seguran\u00e7a para proteger os operadores e o meio ambiente. O treinamento adequado em procedimentos operacionais e protocolos de seguran\u00e7a minimiza o risco de acidentes. Al\u00e9m disso, o uso de \u00f3leos hidr\u00e1ulicos ecologicamente corretos e a garantia de m\u00e9todos adequados de descarte de res\u00edduos contribuem para reduzir o impacto ambiental das opera\u00e7\u00f5es hidr\u00e1ulicas.<\/p>\n<h2>Solu\u00e7\u00e3o de problemas e problemas comuns<\/h2>\n<ul>\n<li>\n<h3>Vazamento<\/h3>\n<p>Um problema comum em cilindros hidr\u00e1ulicos \u00e9 o vazamento. Isso pode ocorrer devido a veda\u00e7\u00f5es desgastadas ou componentes danificados. Os operadores devem inspecionar as veda\u00e7\u00f5es regularmente e substitu\u00ed-las ao primeiro sinal de desgaste para evitar danos maiores.<\/p>\n<\/li>\n<li>\n<h3>Movimento Lento<\/h3>\n<p>Se o cilindro estiver funcionando lentamente, isso pode indicar n\u00edveis baixos de fluido hidr\u00e1ulico ou obstru\u00e7\u00f5es no sistema. Verificar os n\u00edveis de fluido e garantir que n\u00e3o haja obstru\u00e7\u00f5es nas linhas hidr\u00e1ulicas pode ajudar a resolver esse problema.<\/p>\n<\/li>\n<li>\n<h3>Ru\u00eddos incomuns<\/h3>\n<p>Ru\u00eddos incomuns durante o funcionamento podem indicar desgaste interno ou falta de lubrifica\u00e7\u00e3o. Os operadores devem investigar quaisquer sons estranhos e realizar a manuten\u00e7\u00e3o necess\u00e1ria para evitar falhas maiores.<\/p>\n<\/li>\n<\/ul>\n<p><img decoding=\"async\" src=\"https:\/\/www.hydraulic-cylinders.net\/wp-content\/uploads\/2025\/04\/songte-bushings-with-all-kinds-of-excavator-models.webp\" alt=\"Buchas\" \/><\/p>\n<h2>Conclus\u00e3o<\/h2>\n<p>Nossa empresa \u00e9 especializada na produ\u00e7\u00e3o de cilindros hidr\u00e1ulicos de alta qualidade, incluindo o cilindro da lan\u00e7a para o modelo Yugong WY135-8. Estamos comprometidos em fornecer uma ampla gama de solu\u00e7\u00f5es hidr\u00e1ulicas, o que nos torna um fabricante e distribuidor atacadista l\u00edder nos mercados nacional e internacional. Nosso foco na excel\u00eancia, aliado a estrat\u00e9gias de fabrica\u00e7\u00e3o avan\u00e7adas, garante que atendemos \u00e0s diversas necessidades de nossos clientes com alta efici\u00eancia, precis\u00e3o e qualidade.<\/p>\n<p>Com conhecimento especializado, certifica\u00e7\u00f5es internacionais, servi\u00e7os personalizados, equipamentos de produ\u00e7\u00e3o avan\u00e7ados e suporte p\u00f3s-venda confi\u00e1vel, dedicamo-nos a fornecer produtos e servi\u00e7os de alta qualidade aos nossos clientes.<\/p>\n<p><img decoding=\"async\" src=\"https:\/\/www.hydraulic-cylinders.net\/wp-content\/uploads\/2025\/04\/songte-company-4.webp\" alt=\"Imagem da empresa 1\" \/><br \/>\n<img decoding=\"async\" src=\"https:\/\/www.hydraulic-cylinders.net\/wp-content\/uploads\/2025\/04\/songte-company-3.webp\" alt=\"Imagem da empresa 2\" \/><\/p>\n<p>Autor: lyl<\/p>","protected":false},"excerpt":{"rendered":"<p>Boom Cylinder For Yugong WY135-8 Product Overview The Boom Cylinder for Yugong WY135-8 is a specialized hydraulic cylinder designed to control the movement of the boom arm in various heavy machinery such as excavators, backhoe loaders, and front loaders. These cylinders enable the precise lifting, lowering, and tilting of equipment, thus facilitating efficient material handling [&hellip;]<\/p>","protected":false},"featured_media":17872,"comment_status":"open","ping_status":"closed","template":"","meta":{"_et_pb_use_builder":"","_et_pb_old_content":"","_et_gb_content_width":""},"product_brand":[],"product_cat":[1546],"product_tag":[1547,1496],"class_list":{"0":"post-19096","1":"product","2":"type-product","3":"status-publish","4":"has-post-thumbnail","6":"product_cat-boom-cylinders","7":"product_tag-boom-cylinders","8":"product_tag-hydraulic-cylinders","10":"first","11":"instock","12":"shipping-taxable","13":"product-type-simple"},"amp_enabled":true,"_links":{"self":[{"href":"https:\/\/www.hydraulic-cylinders.net\/pt\/wp-json\/wp\/v2\/product\/19096","targetHints":{"allow":["GET"]}}],"collection":[{"href":"https:\/\/www.hydraulic-cylinders.net\/pt\/wp-json\/wp\/v2\/product"}],"about":[{"href":"https:\/\/www.hydraulic-cylinders.net\/pt\/wp-json\/wp\/v2\/types\/product"}],"replies":[{"embeddable":true,"href":"https:\/\/www.hydraulic-cylinders.net\/pt\/wp-json\/wp\/v2\/comments?post=19096"}],"wp:featuredmedia":[{"embeddable":true,"href":"https:\/\/www.hydraulic-cylinders.net\/pt\/wp-json\/wp\/v2\/media\/17872"}],"wp:attachment":[{"href":"https:\/\/www.hydraulic-cylinders.net\/pt\/wp-json\/wp\/v2\/media?parent=19096"}],"wp:term":[{"taxonomy":"product_brand","embeddable":true,"href":"https:\/\/www.hydraulic-cylinders.net\/pt\/wp-json\/wp\/v2\/product_brand?post=19096"},{"taxonomy":"product_cat","embeddable":true,"href":"https:\/\/www.hydraulic-cylinders.net\/pt\/wp-json\/wp\/v2\/product_cat?post=19096"},{"taxonomy":"product_tag","embeddable":true,"href":"https:\/\/www.hydraulic-cylinders.net\/pt\/wp-json\/wp\/v2\/product_tag?post=19096"}],"curies":[{"name":"wp","href":"https:\/\/api.w.org\/{rel}","templated":true}]}}