{"id":19126,"date":"2025-04-07T06:14:09","date_gmt":"2025-04-07T06:14:09","guid":{"rendered":"https:\/\/www.hydraulic-cylinders.net\/product\/boom-cylinder-for-volvo-large-excavator-ec460b\/"},"modified":"2025-04-07T06:14:11","modified_gmt":"2025-04-07T06:14:11","slug":"boom-cylinder-for-volvo-large-excavator-ec460b","status":"publish","type":"product","link":"https:\/\/www.hydraulic-cylinders.net\/pt\/produto\/boom-cylinder-for-volvo-large-excavator-ec460b\/","title":{"rendered":"Cilindro da lan\u00e7a para escavadeira grande Volvo EC460B"},"content":{"rendered":"<h1>Cilindro da lan\u00e7a para escavadeira grande Volvo EC460B<\/h1>\n<h2>Vis\u00e3o geral do produto<\/h2>\n<p>O cilindro da lan\u00e7a para a escavadeira de grande porte Volvo EC460B \u00e9 um componente hidr\u00e1ulico essencial projetado para controlar o movimento da lan\u00e7a em m\u00e1quinas pesadas. Este cilindro hidr\u00e1ulico especializado permite que a lan\u00e7a suba, des\u00e7a e incline, facilitando tarefas eficientes de movimenta\u00e7\u00e3o de materiais em opera\u00e7\u00f5es de constru\u00e7\u00e3o e escava\u00e7\u00e3o. Como um tipo de cilindro hidr\u00e1ulico, ele desempenha um papel fundamental no sistema hidr\u00e1ulico de escavadeiras, retroescavadeiras e p\u00e1s carregadeiras, garantindo opera\u00e7\u00e3o suave e controle sobre cargas pesadas.<\/p>\n<p><img decoding=\"async\" src=\"https:\/\/www.hydraulic-cylinders.net\/wp-content\/uploads\/2025\/04\/songte-company-1.webp\" alt=\"Cilindro da lan\u00e7a para escavadeiras\" \/><\/p>\n<h2>Caracter\u00edsticas do Cilindro de Lan\u00e7a<\/h2>\n<ul>\n<li><strong>Alta resist\u00eancia e durabilidade:<\/strong> Fabricado em a\u00e7o de alta resist\u00eancia ou alum\u00ednio, este cilindro foi projetado para suportar alta press\u00e3o e cargas pesadas, tornando-o adequado para ambientes de trabalho severos. Seu design considera a resist\u00eancia ao desgaste e \u00e0 corros\u00e3o, prolongando sua vida \u00fatil.<\/li>\n<li><strong>Opera\u00e7\u00e3o hidr\u00e1ulica eficiente:<\/strong> A utiliza\u00e7\u00e3o da press\u00e3o do \u00f3leo hidr\u00e1ulico permite uma extens\u00e3o e retra\u00e7\u00e3o suaves, respondendo rapidamente aos comandos do operador e proporcionando uma for\u00e7a substancial de empurrar e puxar, ideal para manusear materiais pesados \u200b\u200be realizar tarefas complexas.<\/li>\n<li><strong>Tipos diversos:<\/strong> Dispon\u00edvel como cilindros de a\u00e7\u00e3o simples (utilizando press\u00e3o hidr\u00e1ulica em uma dire\u00e7\u00e3o) ou de a\u00e7\u00e3o dupla (utilizando press\u00e3o hidr\u00e1ulica em ambas as dire\u00e7\u00f5es), este produto atende a diversas necessidades operacionais. Alguns modelos tamb\u00e9m oferecem recursos telesc\u00f3picos para maior extens\u00e3o sem aumentar as dimens\u00f5es externas, sendo ideais para aplica\u00e7\u00f5es com espa\u00e7o limitado.<\/li>\n<li><strong>Fabrica\u00e7\u00e3o personalizada:<\/strong> Podemos fabricar este produto para substituir perfeitamente os cilindros hidr\u00e1ulicos existentes, garantindo compatibilidade e confiabilidade.<\/li>\n<li><strong>Garantia de Qualidade Profissional:<\/strong> Nosso processo de fabrica\u00e7\u00e3o segue rigorosos padr\u00f5es de qualidade, garantindo que cada cilindro atenda \u00e0s exig\u00eancias de desempenho das m\u00e1quinas pesadas modernas.<\/li>\n<\/ul>\n<p><img decoding=\"async\" src=\"https:\/\/www.hydraulic-cylinders.net\/wp-content\/uploads\/2025\/04\/songte-cylinder-head-with-all-kinds-excavator-models.webp\" alt=\"Modelos de Escavadeiras\" \/><\/p>\n<h2>Cen\u00e1rios de Aplica\u00e7\u00e3o<\/h2>\n<h3>Equipamentos de constru\u00e7\u00e3o<\/h3>\n<p>Em escavadeiras, os cilindros da lan\u00e7a s\u00e3o cruciais para escavar, carregar e movimentar solo ou entulho. Eles permitem que a lan\u00e7a alcance diversas profundidades e \u00e2ngulos, maximizando a efici\u00eancia da escava\u00e7\u00e3o. Em retroescavadeiras, o cilindro da lan\u00e7a auxilia tanto nas opera\u00e7\u00f5es de escava\u00e7\u00e3o quanto nas de eleva\u00e7\u00e3o, permitindo que os operadores executem as tarefas de forma eficaz e r\u00e1pida.<\/p>\n<h3>Maquinaria agr\u00edcola<\/h3>\n<p>Em carregadeiras frontais, os cilindros da lan\u00e7a s\u00e3o essenciais para escavar, levantar e transportar terra, feno e outros materiais. Suas capacidades hidr\u00e1ulicas aprimoram o desempenho da carregadeira, tornando-a uma ferramenta indispens\u00e1vel em opera\u00e7\u00f5es agr\u00edcolas, onde efici\u00eancia e confiabilidade s\u00e3o fundamentais.<\/p>\n<h3>Escavadeiras<\/h3>\n<p>Os cilindros da lan\u00e7a permitem que a ca\u00e7amba da escavadeira penetre no solo, facilitando uma escava\u00e7\u00e3o eficaz. Eles fornecem a for\u00e7a necess\u00e1ria para romper terrenos dif\u00edceis, tornando-os vitais para aplica\u00e7\u00f5es de constru\u00e7\u00e3o e minera\u00e7\u00e3o onde a escava\u00e7\u00e3o \u00e9 necess\u00e1ria.<\/p>\n<h3>Carregadores<\/h3>\n<p>Em carregadeiras frontais, os cilindros da lan\u00e7a contribuem para o levantamento e despejo eficientes de materiais. Sua a\u00e7\u00e3o hidr\u00e1ulica garante que as cargas sejam levantadas suavemente e despejadas com precis\u00e3o, melhorando a produtividade nos canteiros de obras.<\/p>\n<h2>Considera\u00e7\u00f5es de design e crit\u00e9rios de sele\u00e7\u00e3o<\/h2>\n<h3>Capacidade de carga<\/h3>\n<p>Ao selecionar um cilindro para lan\u00e7a, \u00e9 essencial considerar sua capacidade de carga. O cilindro deve ser capaz de suportar o peso m\u00e1ximo dos materiais que est\u00e3o sendo i\u00e7ados ou escavados. Um cilindro com dimens\u00f5es inadequadas pode levar a inefici\u00eancias operacionais ou at\u00e9 mesmo \u00e0 falha do equipamento, o que pode ser dispendioso e perigoso.<\/p>\n<h3>Integridade de veda\u00e7\u00e3o<\/h3>\n<p>A veda\u00e7\u00e3o \u00e9 fundamental em sistemas hidr\u00e1ulicos para evitar vazamentos e manter a press\u00e3o. O projeto do cilindro deve incluir veda\u00e7\u00f5es de alta qualidade que suportem a press\u00e3o do fluido hidr\u00e1ulico e condi\u00e7\u00f5es ambientais potencialmente adversas. Verifica\u00e7\u00f5es e manuten\u00e7\u00f5es regulares das veda\u00e7\u00f5es s\u00e3o necess\u00e1rias para garantir um desempenho duradouro.<\/p>\n<h3>Durabilidade<\/h3>\n<p>O cilindro da lan\u00e7a deve ser constru\u00eddo para durar, com materiais resistentes ao desgaste e \u00e0 corros\u00e3o. Isso \u00e9 especialmente importante em aplica\u00e7\u00f5es onde se espera exposi\u00e7\u00e3o a condi\u00e7\u00f5es clim\u00e1ticas adversas. O projeto deve incorporar caracter\u00edsticas que aumentem a durabilidade, como estruturas refor\u00e7adas e revestimentos protetores.<\/p>\n<h3>Recursos de seguran\u00e7a<\/h3>\n<p>A seguran\u00e7a \u00e9 fundamental na opera\u00e7\u00e3o de m\u00e1quinas pesadas. Os cilindros da lan\u00e7a devem incluir recursos de seguran\u00e7a, como v\u00e1lvulas de al\u00edvio de press\u00e3o e mecanismos \u00e0 prova de falhas, para evitar acidentes durante a opera\u00e7\u00e3o. Recursos de seguran\u00e7a adequadamente projetados ajudam a garantir que os operadores possam trabalhar sem riscos.<\/p>\n<h3>Acessibilidade de Manuten\u00e7\u00e3o<\/h3>\n<p>O f\u00e1cil acesso aos pontos de manuten\u00e7\u00e3o \u00e9 crucial para garantir a longevidade do cilindro da lan\u00e7a. Projetos que facilitem inspe\u00e7\u00f5es, reparos e substitui\u00e7\u00e3o de pe\u00e7as podem reduzir significativamente o tempo de inatividade e os custos de manuten\u00e7\u00e3o. Considerar a facilidade de manuten\u00e7\u00e3o na fase de projeto pode levar a uma vida \u00fatil operacional mais eficiente.<\/p>\n<p><img decoding=\"async\" src=\"https:\/\/www.hydraulic-cylinders.net\/wp-content\/uploads\/2025\/04\/songte-oil-pipes-and-spare-parts.webp\" alt=\"Componentes hidr\u00e1ulicos\" \/><\/p>\n<h2>Veda\u00e7\u00e3o e Lubrifica\u00e7\u00e3o<\/h2>\n<p>A veda\u00e7\u00e3o e a lubrifica\u00e7\u00e3o eficazes s\u00e3o essenciais para o desempenho ideal dos cilindros hidr\u00e1ulicos. Diversos tipos de veda\u00e7\u00f5es, como as de pist\u00e3o e as de haste, s\u00e3o utilizados para evitar vazamentos de fluido hidr\u00e1ulico. Materiais de alta qualidade, como poliuretano e borracha nitr\u00edlica, s\u00e3o frequentemente escolhidos devido \u00e0 sua resist\u00eancia ao desgaste e durabilidade. O corpo do cilindro e as superf\u00edcies roscadas das extremidades devem ser usinados com precis\u00e3o para aumentar a resist\u00eancia ao desgaste. A lubrifica\u00e7\u00e3o regular com \u00f3leo hidr\u00e1ulico \u00e9 necess\u00e1ria para garantir o funcionamento suave e reduzir o atrito, que pode levar ao desgaste prematuro dos componentes.<\/p>\n<h2>Medidas de inspe\u00e7\u00e3o regular e manuten\u00e7\u00e3o preventiva<\/h2>\n<ul>\n<li><strong>Inspe\u00e7\u00f5es regulares:<\/strong> Realize verifica\u00e7\u00f5es de rotina para detectar vazamentos, desgaste e danos. Inspecione as veda\u00e7\u00f5es e procure por quaisquer sinais de perda de fluido hidr\u00e1ulico para identificar problemas potenciais precocemente.<\/li>\n<li><strong>Lubrifica\u00e7\u00e3o adequada:<\/strong> Certifique-se de que o cilindro esteja adequadamente lubrificado com o \u00f3leo hidr\u00e1ulico correto para manter o funcionamento suave e evitar o desgaste.<\/li>\n<li><strong>Substitui\u00e7\u00e3o da veda\u00e7\u00e3o:<\/strong> Verifique regularmente as veda\u00e7\u00f5es quanto a sinais de deteriora\u00e7\u00e3o ou desgaste, substituindo-as conforme necess\u00e1rio para evitar vazamentos e manter a press\u00e3o do sistema.<\/li>\n<\/ul>\n<h2>Diretrizes de instala\u00e7\u00e3o adequadas<\/h2>\n<p>A instala\u00e7\u00e3o correta do cilindro da lan\u00e7a \u00e9 crucial para seu desempenho e vida \u00fatil. Comece alinhando o cilindro com precis\u00e3o aos pontos de montagem para evitar desalinhamentos durante a opera\u00e7\u00e3o. Utilize suportes de montagem adequados para fixar o cilindro no lugar, garantindo que ele suporte as for\u00e7as operacionais a que ser\u00e1 submetido. \u00c9 essencial usar os parafusos e parafusos corretos e seguir as especifica\u00e7\u00f5es de torque descritas nas instru\u00e7\u00f5es do fabricante. Ap\u00f3s a instala\u00e7\u00e3o, verifique cuidadosamente se todas as conex\u00f5es est\u00e3o seguras e se n\u00e3o h\u00e1 vazamentos. Verifique o alinhamento regularmente e ajuste conforme necess\u00e1rio para manter o funcionamento ideal.<\/p>\n<p><img decoding=\"async\" src=\"https:\/\/www.hydraulic-cylinders.net\/wp-content\/uploads\/2025\/04\/songte-chushion-collar.webp\" alt=\"Instala\u00e7\u00e3o do cilindro\" \/><\/p>\n<h2>Tarefas comuns de manuten\u00e7\u00e3o<\/h2>\n<ul>\n<li><strong>Inspe\u00e7\u00f5es regulares:<\/strong> Inspecione regularmente o cilindro da lan\u00e7a para verificar vazamentos e desgaste. Identificar problemas precocemente pode evitar o desenvolvimento de problemas maiores, garantindo uma opera\u00e7\u00e3o segura.<\/li>\n<li><strong>Lubrifica\u00e7\u00e3o adequada:<\/strong> Lubrifique o cilindro hidr\u00e1ulico com o \u00f3leo hidr\u00e1ulico recomendado. A lubrifica\u00e7\u00e3o adequada reduz o atrito e prolonga a vida \u00fatil do cilindro.<\/li>\n<li><strong>Substitui\u00e7\u00e3o de veda\u00e7\u00f5es e verifica\u00e7\u00f5es de calibra\u00e7\u00e3o:<\/strong> Substitua as veda\u00e7\u00f5es desgastadas e calibre o sistema hidr\u00e1ulico conforme necess\u00e1rio. Manter a calibra\u00e7\u00e3o adequada \u00e9 essencial para a efici\u00eancia e a seguran\u00e7a.<\/li>\n<\/ul>\n<p>O alinhamento correto durante a instala\u00e7\u00e3o \u00e9 crucial. Certifique-se de que todos os componentes estejam alinhados corretamente antes de fix\u00e1-los. Isso evitar\u00e1 tens\u00e3o excessiva no cilindro e nas pe\u00e7as adjacentes.<\/p>\n<h2>Considera\u00e7\u00f5es de seguran\u00e7a e fatores ambientais<\/h2>\n<p>Ao utilizar cilindros hidr\u00e1ulicos, \u00e9 essencial implementar medidas de seguran\u00e7a para proteger os operadores e os equipamentos. Treinamentos regulares sobre procedimentos operacionais seguros e protocolos de emerg\u00eancia podem reduzir significativamente o risco de acidentes. Al\u00e9m disso, certifique-se de que todos os equipamentos de seguran\u00e7a, como v\u00e1lvulas de al\u00edvio de press\u00e3o e sistemas de desligamento de emerg\u00eancia, estejam funcionando corretamente. A aten\u00e7\u00e3o a fatores ambientais, como temperatura e exposi\u00e7\u00e3o a subst\u00e2ncias corrosivas, tamb\u00e9m pode influenciar o desempenho e a vida \u00fatil dos componentes hidr\u00e1ulicos.<\/p>\n<h2>Solu\u00e7\u00e3o de problemas e problemas comuns<\/h2>\n<ul>\n<li><strong>Vazamento:<\/strong> Vazamentos podem ocorrer devido a veda\u00e7\u00f5es desgastadas ou conex\u00f5es danificadas. Inspe\u00e7\u00f5es regulares podem ajudar a identificar e solucionar vazamentos antes que se tornem problem\u00e1ticos.<\/li>\n<li><strong>Opera\u00e7\u00e3o inconsistente:<\/strong> Se o cilindro n\u00e3o funcionar suavemente, isso pode indicar necessidade de lubrifica\u00e7\u00e3o ou um problema no sistema hidr\u00e1ulico.<\/li>\n<li><strong>Superaquecimento:<\/strong> O calor excessivo pode danificar os componentes hidr\u00e1ulicos. Certifique-se de que o sistema n\u00e3o esteja sobrecarregado e que medidas adequadas de resfriamento estejam em vigor.<\/li>\n<\/ul>\n<h2>Dicas para resolu\u00e7\u00e3o de falhas<\/h2>\n<p>Resolva problemas de vazamento verificando veda\u00e7\u00f5es e conex\u00f5es, substituindo os componentes defeituosos conforme necess\u00e1rio. Em caso de funcionamento inconsistente, verifique os n\u00edveis de fluido hidr\u00e1ulico e assegure-se de que o sistema esteja adequadamente lubrificado. Em casos de superaquecimento, examine o sistema em busca de cargas excessivas e considere a implementa\u00e7\u00e3o de solu\u00e7\u00f5es de resfriamento para mitigar o ac\u00famulo de calor. Medidas preventivas regulares podem ajudar a minimizar problemas potenciais e garantir o desempenho consistente e confi\u00e1vel do cilindro da lan\u00e7a.<\/p>\n<p><img decoding=\"async\" src=\"https:\/\/www.hydraulic-cylinders.net\/wp-content\/uploads\/2025\/04\/songte-bushings-with-all-kinds-of-excavator-models.webp\" alt=\"Buchas de escavadeira\" \/><\/p>\n<h2>Introdu\u00e7\u00e3o \u00e0 empresa<\/h2>\n<p>Somos um fabricante l\u00edder de cilindros hidr\u00e1ulicos de reposi\u00e7\u00e3o, oferecendo uma ampla gama de produtos para os mercados nacional e internacional. Nossa empresa est\u00e1 comprometida com a excel\u00eancia, utilizando estrat\u00e9gias de fabrica\u00e7\u00e3o sofisticadas e equipamentos digitais de ponta para aprimorar nossas capacidades de produ\u00e7\u00e3o. Com foco na garantia da qualidade e na inova\u00e7\u00e3o tecnol\u00f3gica, melhoramos continuamente nossos processos de fabrica\u00e7\u00e3o para atender \u00e0s diversas demandas dos clientes. Nosso compromisso com a satisfa\u00e7\u00e3o do cliente se reflete em nosso abrangente servi\u00e7o p\u00f3s-venda, garantindo suporte para todos os nossos produtos.<\/p>\n<p><img decoding=\"async\" src=\"https:\/\/www.hydraulic-cylinders.net\/wp-content\/uploads\/2025\/04\/songte-company-4.webp\" alt=\"Vis\u00e3o geral da empresa\" \/><br \/>\n<img decoding=\"async\" src=\"https:\/\/www.hydraulic-cylinders.net\/wp-content\/uploads\/2025\/04\/songte-company-3.webp\" alt=\"Instala\u00e7\u00e3o de Fabrica\u00e7\u00e3o\" \/><\/p>\n<p>Autor: lyl<\/p>","protected":false},"excerpt":{"rendered":"<p>Boom Cylinder For Volvo Large Excavator EC460B Product Overview The Boom Cylinder for Volvo Large Excavator EC460B is a critical hydraulic component designed to control the movement of the boom in heavy machinery. This specialized hydraulic cylinder enables the boom to raise, lower, and tilt, facilitating efficient material handling tasks within construction and excavation operations. [&hellip;]<\/p>","protected":false},"featured_media":17872,"comment_status":"open","ping_status":"closed","template":"","meta":{"_et_pb_use_builder":"","_et_pb_old_content":"","_et_gb_content_width":""},"product_brand":[],"product_cat":[1546],"product_tag":[1547,1496],"class_list":{"0":"post-19126","1":"product","2":"type-product","3":"status-publish","4":"has-post-thumbnail","6":"product_cat-boom-cylinders","7":"product_tag-boom-cylinders","8":"product_tag-hydraulic-cylinders","10":"first","11":"instock","12":"shipping-taxable","13":"product-type-simple"},"amp_enabled":true,"_links":{"self":[{"href":"https:\/\/www.hydraulic-cylinders.net\/pt\/wp-json\/wp\/v2\/product\/19126","targetHints":{"allow":["GET"]}}],"collection":[{"href":"https:\/\/www.hydraulic-cylinders.net\/pt\/wp-json\/wp\/v2\/product"}],"about":[{"href":"https:\/\/www.hydraulic-cylinders.net\/pt\/wp-json\/wp\/v2\/types\/product"}],"replies":[{"embeddable":true,"href":"https:\/\/www.hydraulic-cylinders.net\/pt\/wp-json\/wp\/v2\/comments?post=19126"}],"wp:featuredmedia":[{"embeddable":true,"href":"https:\/\/www.hydraulic-cylinders.net\/pt\/wp-json\/wp\/v2\/media\/17872"}],"wp:attachment":[{"href":"https:\/\/www.hydraulic-cylinders.net\/pt\/wp-json\/wp\/v2\/media?parent=19126"}],"wp:term":[{"taxonomy":"product_brand","embeddable":true,"href":"https:\/\/www.hydraulic-cylinders.net\/pt\/wp-json\/wp\/v2\/product_brand?post=19126"},{"taxonomy":"product_cat","embeddable":true,"href":"https:\/\/www.hydraulic-cylinders.net\/pt\/wp-json\/wp\/v2\/product_cat?post=19126"},{"taxonomy":"product_tag","embeddable":true,"href":"https:\/\/www.hydraulic-cylinders.net\/pt\/wp-json\/wp\/v2\/product_tag?post=19126"}],"curies":[{"name":"wp","href":"https:\/\/api.w.org\/{rel}","templated":true}]}}