{"id":19209,"date":"2025-04-07T06:18:16","date_gmt":"2025-04-07T06:18:16","guid":{"rendered":"https:\/\/www.hydraulic-cylinders.net\/product\/boom-cylinder-for-xcmg-wheel-excavator-xe210w\/"},"modified":"2025-04-07T06:18:18","modified_gmt":"2025-04-07T06:18:18","slug":"boom-cylinder-for-xcmg-wheel-excavator-xe210w","status":"publish","type":"product","link":"https:\/\/www.hydraulic-cylinders.net\/pt\/produto\/boom-cylinder-for-xcmg-wheel-excavator-xe210w\/","title":{"rendered":"Cilindro de lan\u00e7a para escavadeira de rodas XCMG XE210w"},"content":{"rendered":"<h1>Cilindro de lan\u00e7a para escavadeira de rodas XCMG XE210w<\/h1>\n<h2>Vis\u00e3o geral do produto<\/h2>\n<p>O cilindro da lan\u00e7a da escavadeira de rodas XCMG XE210w \u00e9 um componente cr\u00edtico projetado para controlar o movimento da lan\u00e7a da escavadeira. Este tipo de cilindro hidr\u00e1ulico desempenha um papel essencial para permitir que m\u00e1quinas pesadas executem diversas tarefas com efici\u00eancia. Especificamente, o cilindro da lan\u00e7a permite a eleva\u00e7\u00e3o, o abaixamento e a inclina\u00e7\u00e3o da lan\u00e7a, facilitando tarefas de movimenta\u00e7\u00e3o de materiais, como escava\u00e7\u00e3o, levantamento e transporte.<\/p>\n<p><img decoding=\"async\" src=\"https:\/\/www.hydraulic-cylinders.net\/wp-content\/uploads\/2025\/04\/songte-company-1.webp\" alt=\"Imagem do Cilindro da Lan\u00e7a\"><\/p>\n<h3>Defini\u00e7\u00e3o e vis\u00e3o geral dos cilindros da lan\u00e7a<\/h3>\n<p>Os cilindros da lan\u00e7a s\u00e3o cilindros hidr\u00e1ulicos projetados especificamente para controlar o movimento da lan\u00e7a em equipamentos pesados, incluindo escavadeiras, retroescavadeiras e p\u00e1s carregadeiras. Esses cilindros s\u00e3o vitais para permitir que a lan\u00e7a se mova em diferentes dire\u00e7\u00f5es, possibilitando que os operadores realizem tarefas como escavar terra, carregar entulho e levantar cargas pesadas. A capacidade do sistema hidr\u00e1ulico de exercer press\u00e3o se traduz em capacidade operacional efetiva, tornando esses cilindros um elemento fundamental das modernas m\u00e1quinas de escava\u00e7\u00e3o e constru\u00e7\u00e3o.<\/p>\n<h2>Caracter\u00edsticas do Cilindro de Lan\u00e7a<\/h2>\n<ul>\n<li><strong>Alta resist\u00eancia e durabilidade:<\/strong> Fabricado em a\u00e7o ou alum\u00ednio de alta resist\u00eancia, projetado para suportar alta press\u00e3o e cargas pesadas, adequado para ambientes de trabalho severos. O design tamb\u00e9m leva em considera\u00e7\u00e3o a resist\u00eancia ao desgaste e \u00e0 corros\u00e3o, prolongando sua vida \u00fatil.<\/li>\n<li><strong>Opera\u00e7\u00e3o hidr\u00e1ulica eficiente:<\/strong> Utiliza press\u00e3o de \u00f3leo hidr\u00e1ulico para extens\u00e3o e retra\u00e7\u00e3o suaves, reage rapidamente aos comandos de controle e fornece for\u00e7as de empurrar e puxar potentes, ideal para manusear materiais pesados \u200b\u200be realizar tarefas complexas.<\/li>\n<li><strong>Tipos diversos:<\/strong> Dispon\u00edvel em configura\u00e7\u00f5es de a\u00e7\u00e3o simples (sistema hidr\u00e1ulico em uma dire\u00e7\u00e3o) ou de a\u00e7\u00e3o dupla (sistema hidr\u00e1ulico em ambas as dire\u00e7\u00f5es), atendendo a diversas necessidades operacionais. Alguns modelos s\u00e3o telesc\u00f3picos, permitindo maior extens\u00e3o sem aumentar as dimens\u00f5es externas, perfeitos para aplica\u00e7\u00f5es com espa\u00e7o limitado.<\/li>\n<li><strong>Fabrica\u00e7\u00e3o personalizada:<\/strong> Nossa empresa \u00e9 especializada na produ\u00e7\u00e3o desses cilindros, que podem substituir perfeitamente os cilindros hidr\u00e1ulicos existentes.<\/li>\n<li><strong>Integra\u00e7\u00e3o com diversas m\u00e1quinas:<\/strong> Projetado para se encaixar perfeitamente em diferentes modelos de escavadeiras, garantindo compatibilidade e efici\u00eancia nas opera\u00e7\u00f5es.<\/li>\n<\/ul>\n<p><img decoding=\"async\" src=\"https:\/\/www.hydraulic-cylinders.net\/wp-content\/uploads\/2025\/04\/songte-cylinder-head-with-all-kinds-excavator-models.webp\" alt=\"Imagem de compatibilidade do cilindro\"><\/p>\n<h2>Aplica\u00e7\u00f5es de Cilindros de Lan\u00e7a<\/h2>\n<h3>Equipamentos de constru\u00e7\u00e3o<\/h3>\n<p>Na \u00e1rea da constru\u00e7\u00e3o civil, os cilindros da lan\u00e7a s\u00e3o encontrados em escavadeiras, onde s\u00e3o cruciais para escavar, carregar e movimentar terra ou entulho. Sua capacidade de girar e estender facilita n\u00e3o apenas a escava\u00e7\u00e3o de materiais do solo, mas tamb\u00e9m auxilia no carregamento em caminh\u00f5es ou em \u00e1reas designadas. Em retroescavadeiras, o cilindro da lan\u00e7a auxilia tanto nas opera\u00e7\u00f5es de escava\u00e7\u00e3o quanto nas de eleva\u00e7\u00e3o, tornando-se indispens\u00e1vel para diversas tarefas de constru\u00e7\u00e3o.<\/p>\n<h3>Maquinaria agr\u00edcola<\/h3>\n<p>Em m\u00e1quinas agr\u00edcolas, os cilindros de lan\u00e7a s\u00e3o utilizados em carregadeiras frontais para recolher, levantar e transportar terra, feno e outros materiais. Esses cilindros aumentam a efici\u00eancia de diversas opera\u00e7\u00f5es agr\u00edcolas, permitindo o manuseio r\u00e1pido e eficaz de produtos agr\u00edcolas. Seu design garante que eles suportem as tens\u00f5es de levantamento e transporte de cargas pesadas, mantendo a estabilidade operacional.<\/p>\n<h3>Escavadeiras<\/h3>\n<p>Em escavadeiras, os cilindros da lan\u00e7a s\u00e3o vitais para permitir que a ca\u00e7amba penetre no solo, possibilitando uma escava\u00e7\u00e3o eficaz. A for\u00e7a hidr\u00e1ulica gerada por esses cilindros permite ao operador lidar facilmente com solos dif\u00edceis e realizar movimentos precisos, o que \u00e9 essencial para tarefas de escava\u00e7\u00e3o.<\/p>\n<h3>Carregadores<\/h3>\n<p>Os cilindros da lan\u00e7a das p\u00e1s carregadeiras frontais auxiliam no levantamento e despejo eficientes de cargas. Sua capacidade de fornecer grande pot\u00eancia de eleva\u00e7\u00e3o garante que os materiais possam ser manuseados de forma r\u00e1pida e eficaz, melhorando a produtividade geral nos canteiros de obras.<\/p>\n<h2>Considera\u00e7\u00f5es de design e crit\u00e9rios de sele\u00e7\u00e3o<\/h2>\n<h3>Capacidade de carga<\/h3>\n<p>Ao selecionar um cilindro para lan\u00e7a, uma das principais considera\u00e7\u00f5es \u00e9 sua capacidade de carga. Esse par\u00e2metro determina a quantidade de peso que o cilindro pode levantar e suportar sem comprometer sua integridade. O material utilizado na constru\u00e7\u00e3o, o di\u00e2metro do cilindro e seu projeto desempenham pap\u00e9is significativos na defini\u00e7\u00e3o da capacidade de carga. \u00c9 essencial que a capacidade de carga do cilindro seja compat\u00edvel com os requisitos operacionais da m\u00e1quina na qual ele ser\u00e1 instalado.<\/p>\n<h3>Mecanismo de veda\u00e7\u00e3o<\/h3>\n<p>Uma veda\u00e7\u00e3o eficaz \u00e9 crucial em cilindros hidr\u00e1ulicos para evitar vazamentos e manter a press\u00e3o. Os componentes de veda\u00e7\u00e3o devem ser feitos de materiais dur\u00e1veis, como poliuretano ou borracha nitr\u00edlica, que oferecem resist\u00eancia ao desgaste. Veda\u00e7\u00f5es de alta qualidade garantem a longevidade do sistema hidr\u00e1ulico, otimizando seu desempenho. Veda\u00e7\u00f5es de m\u00e1 qualidade podem levar \u00e0 perda de fluido hidr\u00e1ulico, resultando em desempenho reduzido e poss\u00edveis danos \u00e0 m\u00e1quina.<\/p>\n<h3>Durabilidade<\/h3>\n<p>A durabilidade \u00e9 um fator crucial no projeto. O cilindro da lan\u00e7a deve suportar for\u00e7as extremas e condi\u00e7\u00f5es ambientais adversas. Portanto, deve ser constru\u00eddo com materiais que ofere\u00e7am alta resist\u00eancia \u00e0 corros\u00e3o e ao desgaste. Tratamentos como o endurecimento superficial podem aumentar a durabilidade, garantindo uma vida \u00fatil mais longa mesmo em condi\u00e7\u00f5es de trabalho severas.<\/p>\n<h3>Seguran\u00e7a e Manuten\u00e7\u00e3o<\/h3>\n<p>Recursos de seguran\u00e7a devem ser integrados ao projeto do cilindro da lan\u00e7a. Isso inclui a capacidade de lidar com mudan\u00e7as repentinas de press\u00e3o e com poss\u00edveis falhas sem consequ\u00eancias catastr\u00f3ficas. Al\u00e9m disso, a facilidade de manuten\u00e7\u00e3o deve ser considerada para garantir que os operadores possam realizar verifica\u00e7\u00f5es e reparos de rotina sem tempo de inatividade excessivo. Isso pode envolver o projeto do cilindro de forma a permitir f\u00e1cil acesso \u00e0s veda\u00e7\u00f5es e outros componentes internos.<\/p>\n<p><img decoding=\"async\" src=\"https:\/\/www.hydraulic-cylinders.net\/wp-content\/uploads\/2025\/04\/songte-oil-pipes-and-spare-parts.webp\" alt=\"Imagem de tubos de \u00f3leo e pe\u00e7as de reposi\u00e7\u00e3o\"><\/p>\n<h2>Veda\u00e7\u00e3o e Lubrifica\u00e7\u00e3o<\/h2>\n<p>A veda\u00e7\u00e3o e a lubrifica\u00e7\u00e3o adequadas s\u00e3o cruciais para o funcionamento ideal dos cilindros da lan\u00e7a. Diversos componentes de veda\u00e7\u00e3o, incluindo veda\u00e7\u00f5es de pist\u00e3o e de haste, devem ser utilizados para manter a integridade do fluido hidr\u00e1ulico. Veda\u00e7\u00f5es fabricadas com materiais dur\u00e1veis, como poliuretano e borracha nitr\u00edlica, oferecem excelente resist\u00eancia ao desgaste e suportam alta press\u00e3o. O corpo do cilindro e as extremidades roscadas devem passar por usinagem de precis\u00e3o para aumentar sua resist\u00eancia ao desgaste. A lubrifica\u00e7\u00e3o regular com \u00f3leo hidr\u00e1ulico \u00e9 essencial para garantir uma opera\u00e7\u00e3o suave e prevenir o desgaste. Um cronograma de lubrifica\u00e7\u00e3o adequado deve ser estabelecido para manter os n\u00edveis de \u00f3leo hidr\u00e1ulico e garantir um desempenho eficiente.<\/p>\n<h2>Medidas de inspe\u00e7\u00e3o regular e manuten\u00e7\u00e3o preventiva<\/h2>\n<ul>\n<li><strong>Verifica\u00e7\u00f5es regulares:<\/strong> Realize inspe\u00e7\u00f5es de rotina para identificar poss\u00edveis vazamentos ou desgaste nos componentes de veda\u00e7\u00e3o. Essa abordagem proativa ajuda a detectar problemas precocemente e a evitar problemas maiores no futuro.<\/li>\n<li><strong>Lubrifica\u00e7\u00e3o:<\/strong> Certifique-se de completar o n\u00edvel do \u00f3leo hidr\u00e1ulico regularmente e de usar somente o tipo de \u00f3leo recomendado para evitar problemas de compatibilidade que possam afetar o desempenho.<\/li>\n<li><strong>Substitui\u00e7\u00e3o da veda\u00e7\u00e3o:<\/strong> Inspecione as veda\u00e7\u00f5es quanto a sinais de desgaste ou danos e substitua-as conforme necess\u00e1rio para manter a veda\u00e7\u00e3o adequada e evitar vazamento de fluido.<\/li>\n<\/ul>\n<h2>Diretrizes de instala\u00e7\u00e3o<\/h2>\n<p>A instala\u00e7\u00e3o correta do cilindro da lan\u00e7a \u00e9 crucial para garantir um funcionamento eficaz. Comece certificando-se de que todos os pontos de fixa\u00e7\u00e3o estejam limpos e livres de detritos. Alinhe o cilindro com precis\u00e3o com os suportes de montagem para evitar tens\u00e3o excessiva durante a opera\u00e7\u00e3o. Utilize os parafusos e porcas de fixa\u00e7\u00e3o adequados para prender o cilindro no lugar, garantindo que esteja bem encaixado, mas permitindo a movimenta\u00e7\u00e3o necess\u00e1ria. Recomenda-se consultar o manual de instala\u00e7\u00e3o do fabricante para obter instru\u00e7\u00f5es espec\u00edficas e especifica\u00e7\u00f5es de torque. Seguir os protocolos de instala\u00e7\u00e3o corretos aumentar\u00e1 significativamente o desempenho e a vida \u00fatil do cilindro da lan\u00e7a.<\/p>\n<h2>Tarefas comuns de manuten\u00e7\u00e3o<\/h2>\n<ul>\n<li><strong>Inspe\u00e7\u00f5es regulares:<\/strong> A realiza\u00e7\u00e3o de inspe\u00e7\u00f5es regulares ajuda a identificar precocemente o desgaste ou poss\u00edveis vazamentos. Os operadores devem verificar se h\u00e1 sinais de vazamento de fluido hidr\u00e1ulico em torno de veda\u00e7\u00f5es e conex\u00f5es, bem como observar quaisquer ru\u00eddos anormais durante a opera\u00e7\u00e3o.<\/li>\n<li><strong>Lubrifica\u00e7\u00e3o adequada:<\/strong> Garantir que o cilindro hidr\u00e1ulico esteja adequadamente lubrificado \u00e9 essencial para o seu bom funcionamento. Os operadores devem familiarizar-se com o cronograma de lubrifica\u00e7\u00e3o recomendado e o tipo de fluido hidr\u00e1ulico a ser utilizado, seguindo as orienta\u00e7\u00f5es do fabricante.<\/li>\n<li><strong>Substitui\u00e7\u00e3o de veda\u00e7\u00f5es e verifica\u00e7\u00f5es de calibra\u00e7\u00e3o:<\/strong> A verifica\u00e7\u00e3o peri\u00f3dica das veda\u00e7\u00f5es e calibra\u00e7\u00f5es \u00e9 fundamental. Se as veda\u00e7\u00f5es apresentarem sinais de desgaste ou danos, devem ser substitu\u00eddas imediatamente para evitar vazamentos. Al\u00e9m disso, devem ser realizadas verifica\u00e7\u00f5es de calibra\u00e7\u00e3o para garantir que o cilindro opere dentro das especifica\u00e7\u00f5es de projeto. Uma calibra\u00e7\u00e3o adequada aumentar\u00e1 a precis\u00e3o dos movimentos da m\u00e1quina.<\/li>\n<\/ul>\n<h2>Considera\u00e7\u00f5es de seguran\u00e7a e fatores ambientais<\/h2>\n<p>As medidas de seguran\u00e7a no manuseio e opera\u00e7\u00e3o dos cilindros da lan\u00e7a s\u00e3o fundamentais. Os operadores devem ser treinados sobre os riscos potenciais dos sistemas hidr\u00e1ulicos, incluindo o risco de inje\u00e7\u00e3o de fluido sob alta press\u00e3o, que pode causar ferimentos graves. O uso de equipamentos de prote\u00e7\u00e3o individual (EPI) adequados \u00e9 obrigat\u00f3rio durante a inspe\u00e7\u00e3o ou manuten\u00e7\u00e3o de equipamentos hidr\u00e1ulicos. Al\u00e9m disso, os operadores devem estar atentos aos fatores ambientais, garantindo que qualquer derramamento de fluido hidr\u00e1ulico seja limpo imediatamente para evitar a contamina\u00e7\u00e3o da \u00e1rea circundante.<\/p>\n<h2>Diagn\u00f3stico de falhas e problemas comuns<\/h2>\n<ul>\n<li><strong>Vazamentos de fluidos:<\/strong> Um dos problemas mais comuns em cilindros hidr\u00e1ulicos \u00e9 o vazamento de fluido. Isso pode ocorrer devido a veda\u00e7\u00f5es desgastadas ou conex\u00f5es danificadas. Inspe\u00e7\u00f5es regulares podem ajudar a identificar vazamentos precocemente.<\/li>\n<li><strong>Desempenho ruim:<\/strong> Se o cilindro da lan\u00e7a n\u00e3o responder como esperado, isso pode indicar n\u00edveis baixos de fluido hidr\u00e1ulico ou ar no sistema. Os operadores devem verificar os n\u00edveis de fluido e sangrar o sistema, se necess\u00e1rio.<\/li>\n<li><strong>Ru\u00eddo excessivo:<\/strong> Qualquer ru\u00eddo incomum durante a opera\u00e7\u00e3o pode indicar problemas mec\u00e2nicos ou falta de lubrifica\u00e7\u00e3o. Os operadores devem investigar imediatamente quaisquer sons anormais para evitar danos ao equipamento.<\/li>\n<\/ul>\n<h2>Dicas e solu\u00e7\u00f5es para solu\u00e7\u00e3o de problemas<\/h2>\n<p>Para diagnosticar e resolver problemas com o cilindro da lan\u00e7a de forma eficaz, os operadores devem seguir uma abordagem sistem\u00e1tica. Comece por verificar os n\u00edveis do fluido hidr\u00e1ulico, certificando-se de que estejam dentro da faixa recomendada. Se forem detetados vazamentos, identifique a sua origem e substitua as veda\u00e7\u00f5es ou conex\u00f5es desgastadas. Para problemas de desempenho, verifique se h\u00e1 ar no sistema hidr\u00e1ulico e fa\u00e7a a sangria, se necess\u00e1rio. A implementa\u00e7\u00e3o de pr\u00e1ticas de manuten\u00e7\u00e3o preventiva, como inspe\u00e7\u00f5es e lubrifica\u00e7\u00e3o regulares, pode reduzir significativamente o risco de surgirem problemas.<\/p>\n<p><img decoding=\"async\" src=\"https:\/\/www.hydraulic-cylinders.net\/wp-content\/uploads\/2025\/04\/songte-bushings-with-all-kinds-of-excavator-models.webp\" alt=\"Buchas para Escavadeiras (Imagem)\"><\/p>\n<h2>Sobre nossa empresa<\/h2>\n<p>Somos um fabricante especializado em cilindros hidr\u00e1ulicos alternativos, oferecendo uma ampla gama de produtos que nos posicionaram como um dos principais fabricantes e distribuidores atacadistas nos mercados nacional e internacional. Primamos pela excel\u00eancia em qualidade, utilizando estrat\u00e9gias de fabrica\u00e7\u00e3o refinadas e pr\u00e1ticas avan\u00e7adas de gest\u00e3o da produ\u00e7\u00e3o. Nosso investimento em talentos t\u00e9cnicos, equipamentos de fabrica\u00e7\u00e3o digital de ponta e sistemas de teste profissionais aprimora continuamente nossa plataforma de produ\u00e7\u00e3o, garantindo um s\u00f3lido processo de qualidade. Estamos comprometidos em atender \u00e0s diversas necessidades de nossos clientes com alta efici\u00eancia, precis\u00e3o e qualidade.<\/p>\n<p><img decoding=\"async\" src=\"https:\/\/www.hydraulic-cylinders.net\/wp-content\/uploads\/2025\/04\/songte-company-4.webp\" alt=\"Imagem da empresa 1\"><br \/>\n<img decoding=\"async\" src=\"https:\/\/www.hydraulic-cylinders.net\/wp-content\/uploads\/2025\/04\/songte-company-3.webp\" alt=\"Imagem da empresa 2\"><\/p>\n<p>Nossa expertise abrange diversas \u00e1reas, como servi\u00e7os profissionais, certifica\u00e7\u00f5es internacionais, solu\u00e7\u00f5es personalizadas, instala\u00e7\u00f5es de produ\u00e7\u00e3o avan\u00e7adas e suporte p\u00f3s-venda completo, garantindo que nossos clientes recebam n\u00e3o apenas produtos de qualidade superior, mas tamb\u00e9m um servi\u00e7o excepcional durante toda a sua jornada conosco.<\/p>\n<p>Autor: lyl<\/p>","protected":false},"excerpt":{"rendered":"<p>Boom Cylinder For XCMG Wheel Excavator XE210w Product Overview The Boom Cylinder for XCMG Wheel Excavator XE210w is a critical component designed to control the movement of the boom on excavators. This type of hydraulic cylinder plays an essential role in enabling heavy machinery to perform various tasks efficiently. Specifically, the boom cylinder allows for [&hellip;]<\/p>","protected":false},"featured_media":17880,"comment_status":"open","ping_status":"closed","template":"","meta":{"_et_pb_use_builder":"","_et_pb_old_content":"","_et_gb_content_width":""},"product_brand":[],"product_cat":[1546],"product_tag":[1547,1496],"class_list":{"0":"post-19209","1":"product","2":"type-product","3":"status-publish","4":"has-post-thumbnail","6":"product_cat-boom-cylinders","7":"product_tag-boom-cylinders","8":"product_tag-hydraulic-cylinders","10":"first","11":"instock","12":"shipping-taxable","13":"product-type-simple"},"amp_enabled":true,"_links":{"self":[{"href":"https:\/\/www.hydraulic-cylinders.net\/pt\/wp-json\/wp\/v2\/product\/19209","targetHints":{"allow":["GET"]}}],"collection":[{"href":"https:\/\/www.hydraulic-cylinders.net\/pt\/wp-json\/wp\/v2\/product"}],"about":[{"href":"https:\/\/www.hydraulic-cylinders.net\/pt\/wp-json\/wp\/v2\/types\/product"}],"replies":[{"embeddable":true,"href":"https:\/\/www.hydraulic-cylinders.net\/pt\/wp-json\/wp\/v2\/comments?post=19209"}],"wp:featuredmedia":[{"embeddable":true,"href":"https:\/\/www.hydraulic-cylinders.net\/pt\/wp-json\/wp\/v2\/media\/17880"}],"wp:attachment":[{"href":"https:\/\/www.hydraulic-cylinders.net\/pt\/wp-json\/wp\/v2\/media?parent=19209"}],"wp:term":[{"taxonomy":"product_brand","embeddable":true,"href":"https:\/\/www.hydraulic-cylinders.net\/pt\/wp-json\/wp\/v2\/product_brand?post=19209"},{"taxonomy":"product_cat","embeddable":true,"href":"https:\/\/www.hydraulic-cylinders.net\/pt\/wp-json\/wp\/v2\/product_cat?post=19209"},{"taxonomy":"product_tag","embeddable":true,"href":"https:\/\/www.hydraulic-cylinders.net\/pt\/wp-json\/wp\/v2\/product_tag?post=19209"}],"curies":[{"name":"wp","href":"https:\/\/api.w.org\/{rel}","templated":true}]}}