{"id":19230,"date":"2025-04-07T06:19:17","date_gmt":"2025-04-07T06:19:17","guid":{"rendered":"https:\/\/www.hydraulic-cylinders.net\/product\/boom-cylinder-for-zoomlion-large-excavator-ze1250e\/"},"modified":"2025-04-07T06:19:19","modified_gmt":"2025-04-07T06:19:19","slug":"boom-cylinder-for-zoomlion-large-excavator-ze1250e","status":"publish","type":"product","link":"https:\/\/www.hydraulic-cylinders.net\/pt\/produto\/boom-cylinder-for-zoomlion-large-excavator-ze1250e\/","title":{"rendered":"Cilindro de lan\u00e7a para escavadeira grande Zoomlion ZE1250E"},"content":{"rendered":"<h1>Cilindro de lan\u00e7a para escavadeira grande Zoomlion ZE1250E<\/h1>\n<h2>Vis\u00e3o geral do produto<\/h2>\n<p>O cilindro da lan\u00e7a da escavadeira de grande porte Zoomlion ZE1250E \u00e9 um componente cr\u00edtico projetado para facilitar o movimento da lan\u00e7a da escavadeira. Este cilindro hidr\u00e1ulico \u00e9 projetado especificamente para m\u00e1quinas pesadas, permitindo um controle preciso do bra\u00e7o da escavadeira. A principal fun\u00e7\u00e3o de um cilindro de ca\u00e7amba \u00e9 controlar o levantamento, a descida e a inclina\u00e7\u00e3o da ca\u00e7amba, tornando-o indispens\u00e1vel para diversas tarefas de movimenta\u00e7\u00e3o de materiais. Esses cilindros s\u00e3o parte integrante dos sistemas hidr\u00e1ulicos, fornecendo a for\u00e7a necess\u00e1ria para realizar opera\u00e7\u00f5es exigentes na constru\u00e7\u00e3o civil e escava\u00e7\u00e3o.<\/p>\n<p><img decoding=\"async\" src=\"https:\/\/www.hydraulic-cylinders.net\/wp-content\/uploads\/2025\/04\/songte-company-1.webp\" alt=\"Imagem do Cilindro da Lan\u00e7a\" \/><\/p>\n<h3>Defini\u00e7\u00e3o e fun\u00e7\u00e3o dos cilindros de ca\u00e7amba<\/h3>\n<p>Os cilindros de ca\u00e7amba, um tipo de cilindro hidr\u00e1ulico, s\u00e3o projetados especificamente para controlar o movimento das ca\u00e7ambas em m\u00e1quinas pesadas, como escavadeiras, retroescavadeiras e p\u00e1s carregadeiras. Eles garantem que a ca\u00e7amba possa ser erguida, abaixada e inclinada, o que \u00e9 essencial para o manuseio eficiente de materiais. A funcionalidade desses cilindros \u00e9 fundamental em canteiros de obras, onde a movimenta\u00e7\u00e3o de terra, entulho e outros materiais \u00e9 uma tarefa di\u00e1ria. A press\u00e3o hidr\u00e1ulica permite um movimento suave e eficiente, possibilitando que os operadores executem a\u00e7\u00f5es precisas, o que aumenta a produtividade e a seguran\u00e7a no trabalho.<\/p>\n<h2>Caracter\u00edsticas do Cilindro de Lan\u00e7a<\/h2>\n<ul>\n<li><strong>Alta resist\u00eancia e durabilidade:<\/strong> Fabricados em a\u00e7o ou alum\u00ednio de alta resist\u00eancia para suportar altas press\u00f5es e cargas pesadas, esses cilindros s\u00e3o projetados para operar em ambientes agressivos, com foco na resist\u00eancia ao desgaste e na prote\u00e7\u00e3o contra corros\u00e3o para prolongar sua vida \u00fatil.<\/li>\n<li><strong>Opera\u00e7\u00e3o hidr\u00e1ulica eficiente:<\/strong> Utilizando press\u00e3o de \u00f3leo hidr\u00e1ulico, o cilindro da lan\u00e7a garante extens\u00e3o e retra\u00e7\u00e3o suaves, respondendo rapidamente aos comandos de controle e fornecendo for\u00e7as de empuxo e tra\u00e7\u00e3o potentes, ideais para manusear materiais pesados \u200b\u200be realizar tarefas complexas.<\/li>\n<li><strong>Tipos diversos:<\/strong> Dispon\u00edveis em configura\u00e7\u00f5es de a\u00e7\u00e3o simples (operando em uma dire\u00e7\u00e3o) e de a\u00e7\u00e3o dupla (operando em ambas as dire\u00e7\u00f5es), esses cilindros podem ser adaptados para atender a diferentes necessidades operacionais, com alguns modelos apresentando designs telesc\u00f3picos para maior alcance sem aumentar as dimens\u00f5es externas, perfeitos para aplica\u00e7\u00f5es com espa\u00e7o limitado.<\/li>\n<\/ul>\n<h2>Nossas capacidades de fabrica\u00e7\u00e3o<\/h2>\n<p>Somos especializados na produ\u00e7\u00e3o de cilindros para lan\u00e7as, oferecendo produtos que substituem perfeitamente os cilindros hidr\u00e1ulicos existentes. Nossa expertise garante que cada cilindro atenda aos altos padr\u00f5es necess\u00e1rios para um desempenho confi\u00e1vel.<\/p>\n<p><img decoding=\"async\" src=\"https:\/\/www.hydraulic-cylinders.net\/wp-content\/uploads\/2025\/04\/songte-cylinder-head-with-all-kinds-excavator-models.webp\" alt=\"Modelos de Escavadeiras\" \/><\/p>\n<h2>Aplica\u00e7\u00f5es do Cilindro de Lan\u00e7a<\/h2>\n<h3>Equipamentos de constru\u00e7\u00e3o<\/h3>\n<p>Em equipamentos de constru\u00e7\u00e3o como escavadeiras, os cilindros da lan\u00e7a desempenham um papel crucial na escava\u00e7\u00e3o, carregamento e movimenta\u00e7\u00e3o de terra ou entulho. Eles permitem opera\u00e7\u00f5es precisas, facilitando a escava\u00e7\u00e3o de funda\u00e7\u00f5es, valas e outras tarefas essenciais de movimenta\u00e7\u00e3o de terra.<\/p>\n<h3>Maquinaria agr\u00edcola<\/h3>\n<p>Utilizados em p\u00e1s carregadeiras, esses cilindros auxiliam na coleta, eleva\u00e7\u00e3o e transporte de terra, feno e outros materiais. A capacidade de manusear cargas pesadas com efici\u00eancia \u00e9 vital nas opera\u00e7\u00f5es agr\u00edcolas, garantindo que as tarefas sejam conclu\u00eddas de forma r\u00e1pida e eficaz.<\/p>\n<h3>Escavadeiras<\/h3>\n<p>Em escavadeiras, os cilindros da lan\u00e7a facilitam a escava\u00e7\u00e3o, permitindo que a ca\u00e7amba penetre no solo de forma eficaz. Essa a\u00e7\u00e3o \u00e9 vital para tarefas que exigem escava\u00e7\u00e3o profunda e remo\u00e7\u00e3o precisa de material.<\/p>\n<h3>Carregadores<\/h3>\n<p>Em carregadeiras frontais, esses cilindros auxiliam no levantamento e despejo eficientes de cargas. Seu design garante que a carregadeira possa manusear diversos materiais, maximizando a produtividade no local de trabalho.<\/p>\n<h2>Considera\u00e7\u00f5es de design e crit\u00e9rios de sele\u00e7\u00e3o<\/h2>\n<h3>Capacidade de carga<\/h3>\n<p>A capacidade de carga do cilindro da lan\u00e7a \u00e9 uma considera\u00e7\u00e3o fundamental no projeto. Ele deve ser projetado para suportar as cargas m\u00e1ximas esperadas sem falhas, garantindo seguran\u00e7a e efici\u00eancia operacional. Classifica\u00e7\u00f5es de carga adequadas s\u00e3o essenciais para evitar acidentes e danos ao equipamento.<\/p>\n<h3>Selagem<\/h3>\n<p>Um aspecto crucial no projeto de cilindros hidr\u00e1ulicos \u00e9 a veda\u00e7\u00e3o. Veda\u00e7\u00f5es de alta qualidade evitam vazamentos de fluido hidr\u00e1ulico, mantendo a press\u00e3o e garantindo o funcionamento eficiente do cilindro. As veda\u00e7\u00f5es devem ser selecionadas com base em sua capacidade de resistir ao desgaste e \u00e0s condi\u00e7\u00f5es ambientais.<\/p>\n<h3>Durabilidade<\/h3>\n<p>A durabilidade \u00e9 fundamental no projeto dos cilindros da lan\u00e7a. Eles devem resistir ao desgaste causado pelo uso constante, \u00e0 exposi\u00e7\u00e3o a condi\u00e7\u00f5es adversas e a poss\u00edveis impactos. Os materiais utilizados devem ser robustos e tratados para aumentar sua vida \u00fatil.<\/p>\n<h3>Seguran\u00e7a<\/h3>\n<p>Os recursos de seguran\u00e7a s\u00e3o essenciais no projeto de cilindros hidr\u00e1ulicos. V\u00e1lvulas de seguran\u00e7a e sistemas de al\u00edvio de press\u00e3o ajudam a prevenir sobrecargas, protegendo tanto a m\u00e1quina quanto o operador. Garantir a conformidade com as normas de seguran\u00e7a \u00e9 vital para a seguran\u00e7a no local de trabalho.<\/p>\n<h3>Manuten\u00e7\u00e3o<\/h3>\n<p>A facilidade de manuten\u00e7\u00e3o \u00e9 outra considera\u00e7\u00e3o importante no projeto. Os componentes devem ser facilmente acess\u00edveis para inspe\u00e7\u00e3o e substitui\u00e7\u00e3o, permitindo que a manuten\u00e7\u00e3o de rotina seja realizada de forma eficaz, sem longos per\u00edodos de inatividade.<\/p>\n<p><img decoding=\"async\" src=\"https:\/\/www.hydraulic-cylinders.net\/wp-content\/uploads\/2025\/04\/songte-oil-pipes-and-spare-parts.webp\" alt=\"Pe\u00e7as Hidr\u00e1ulicas\" \/><\/p>\n<h2>Veda\u00e7\u00e3o e Lubrifica\u00e7\u00e3o<\/h2>\n<p>A veda\u00e7\u00e3o e a lubrifica\u00e7\u00e3o eficazes s\u00e3o cruciais para o funcionamento ideal dos cilindros hidr\u00e1ulicos. Diversas op\u00e7\u00f5es de veda\u00e7\u00e3o, incluindo veda\u00e7\u00f5es de pist\u00e3o e de haste, s\u00e3o essenciais para evitar vazamentos de fluido e manter a press\u00e3o. Veda\u00e7\u00f5es feitas de materiais dur\u00e1veis, como poliuretano e borracha nitr\u00edlica, oferecem excelente resist\u00eancia ao desgaste. O corpo do cilindro e as extremidades roscadas passam por usinagem de precis\u00e3o para aumentar a durabilidade. A lubrifica\u00e7\u00e3o regular com \u00f3leo hidr\u00e1ulico tamb\u00e9m \u00e9 necess\u00e1ria para reduzir o atrito e prolongar a vida \u00fatil do cilindro.<\/p>\n<h2>Inspe\u00e7\u00e3o regular e manuten\u00e7\u00e3o preventiva<\/h2>\n<ul>\n<li><strong>Inspe\u00e7\u00f5es de rotina:<\/strong> A realiza\u00e7\u00e3o de inspe\u00e7\u00f5es regulares ajuda a identificar o desgaste e poss\u00edveis falhas precocemente. Os operadores devem verificar vazamentos, ru\u00eddos incomuns e desgaste em veda\u00e7\u00f5es e acess\u00f3rios.<\/li>\n<li><strong>Lubrifica\u00e7\u00e3o:<\/strong> A lubrifica\u00e7\u00e3o regular das pe\u00e7as m\u00f3veis garante o bom funcionamento e previne o desgaste. Os operadores devem seguir as orienta\u00e7\u00f5es do fabricante quanto aos intervalos e quantidades de lubrifica\u00e7\u00e3o.<\/li>\n<li><strong>Substitui\u00e7\u00e3o da veda\u00e7\u00e3o:<\/strong> As veda\u00e7\u00f5es devem ser substitu\u00eddas quando estiverem gastas para evitar vazamentos. Manter veda\u00e7\u00f5es sobressalentes \u00e0 m\u00e3o pode minimizar o tempo de inatividade e manter a efici\u00eancia operacional.<\/li>\n<\/ul>\n<h2>Diretrizes de instala\u00e7\u00e3o<\/h2>\n<p>A instala\u00e7\u00e3o correta do cilindro da lan\u00e7a \u00e9 fundamental para o desempenho ideal. Comece certificando-se de que o cilindro e os suportes de montagem estejam limpos e livres de detritos. Alinhe o cilindro corretamente com os pontos de montagem, garantindo que esteja perpendicular \u00e0s superf\u00edcies de fixa\u00e7\u00e3o. Utilize os acess\u00f3rios de montagem adequados, conforme especificado pelo fabricante, para garantir uma fixa\u00e7\u00e3o segura. Ap\u00f3s a instala\u00e7\u00e3o, verifique se as linhas hidr\u00e1ulicas est\u00e3o conectadas corretamente e procure por vazamentos antes de operar a m\u00e1quina. Inspecione regularmente a instala\u00e7\u00e3o para identificar sinais de desgaste e necessidade de manuten\u00e7\u00e3o.<\/p>\n<p><img decoding=\"async\" src=\"https:\/\/www.hydraulic-cylinders.net\/wp-content\/uploads\/2025\/04\/songte-chushion-collar.webp\" alt=\"Coleira almofadada\" \/><\/p>\n<h2>Tarefas de manuten\u00e7\u00e3o<\/h2>\n<h3>Inspe\u00e7\u00f5es regulares<\/h3>\n<p>A realiza\u00e7\u00e3o de inspe\u00e7\u00f5es de rotina \u00e9 vital para garantir que todos os componentes do cilindro da lan\u00e7a estejam funcionando corretamente. Procure por sinais de desgaste, vazamentos e quaisquer irregularidades no movimento.<\/p>\n<h3>Lubrifica\u00e7\u00e3o adequada<\/h3>\n<p>A lubrifica\u00e7\u00e3o adequada das pe\u00e7as m\u00f3veis \u00e9 essencial para evitar o desgaste. Siga as recomenda\u00e7\u00f5es do fabricante quanto aos tipos de lubrificante e \u00e0 frequ\u00eancia de aplica\u00e7\u00e3o para garantir o desempenho ideal.<\/p>\n<h3>Substitui\u00e7\u00e3o de selos e verifica\u00e7\u00f5es de calibra\u00e7\u00e3o<\/h3>\n<p>A substitui\u00e7\u00e3o regular de veda\u00e7\u00f5es e a realiza\u00e7\u00e3o de verifica\u00e7\u00f5es de calibra\u00e7\u00e3o podem prevenir falhas nos equipamentos. Certifique-se de que as veda\u00e7\u00f5es sejam compat\u00edveis com os fluidos hidr\u00e1ulicos e verifique o desgaste durante as inspe\u00e7\u00f5es.<\/p>\n<h2>Considera\u00e7\u00f5es de seguran\u00e7a e fatores ambientais<\/h2>\n<p>Ao trabalhar com sistemas hidr\u00e1ulicos, as medidas de seguran\u00e7a devem ser priorizadas. Os operadores devem ser treinados no manuseio seguro de materiais e equipamentos hidr\u00e1ulicos. O uso de equipamentos de prote\u00e7\u00e3o individual \u00e9 essencial para evitar les\u00f5es causadas por vazamentos de fluido hidr\u00e1ulico ou movimentos bruscos da m\u00e1quina. Fatores ambientais, como temperaturas extremas e exposi\u00e7\u00e3o a subst\u00e2ncias corrosivas, devem ser considerados nas pr\u00e1ticas de opera\u00e7\u00e3o e manuten\u00e7\u00e3o para prolongar a vida \u00fatil do cilindro da lan\u00e7a.<\/p>\n<h2>Diagn\u00f3stico de falhas e problemas comuns<\/h2>\n<ul>\n<li><strong>Vazamento:<\/strong> Um dos problemas mais comuns \u00e9 o vazamento de fluido hidr\u00e1ulico. Isso pode ser causado por veda\u00e7\u00f5es desgastadas ou tubula\u00e7\u00f5es danificadas, que precisam de aten\u00e7\u00e3o imediata.<\/li>\n<li><strong>Perda de pot\u00eancia:<\/strong> Se o cilindro da lan\u00e7a n\u00e3o estiver respondendo corretamente, pode haver problemas com o n\u00edvel do fluido hidr\u00e1ulico ou falhas na bomba. Verificar os n\u00edveis de fluido e a press\u00e3o do sistema pode ajudar a diagnosticar o problema.<\/li>\n<li><strong>Ru\u00eddos incomuns:<\/strong> Ru\u00eddos estranhos durante o funcionamento podem indicar danos internos ou lubrifica\u00e7\u00e3o insuficiente. Manuten\u00e7\u00e3o e inspe\u00e7\u00f5es regulares podem ajudar a identificar esses problemas precocemente.<\/li>\n<\/ul>\n<h2>Dicas para solu\u00e7\u00e3o de problemas<\/h2>\n<p>Para diagnosticar e resolver problemas com o cilindro da lan\u00e7a de forma eficaz, os operadores devem seguir estas dicas: Primeiro, verifique regularmente os n\u00edveis de fluido hidr\u00e1ulico para garantir o funcionamento adequado. Segundo, inspecione as veda\u00e7\u00f5es e conex\u00f5es quanto a desgaste, substituindo prontamente quaisquer componentes danificados. Por fim, mantenha um cronograma de manuten\u00e7\u00e3o regular para identificar problemas potenciais antes que se agravem, garantindo a opera\u00e7\u00e3o segura e eficiente da m\u00e1quina.<\/p>\n<p><img decoding=\"async\" src=\"https:\/\/www.hydraulic-cylinders.net\/wp-content\/uploads\/2025\/04\/songte-bushings-with-all-kinds-of-excavator-models.webp\" alt=\"Buchas de escavadeira\" \/><\/p>\n<h2>Vis\u00e3o geral da empresa<\/h2>\n<p>Somos um fabricante l\u00edder de cilindros hidr\u00e1ulicos de reposi\u00e7\u00e3o, oferecendo uma gama completa de produtos que nos tornaram um player de destaque nos mercados nacional e internacional. Nosso compromisso com a excel\u00eancia em qualidade \u00e9 sustentado por uma estrat\u00e9gia de gest\u00e3o de produ\u00e7\u00e3o refinada. Nossa equipe t\u00e9cnica, equipamentos de fabrica\u00e7\u00e3o avan\u00e7ados e sistemas de teste profissionais aprimoram continuamente nossas capacidades de produ\u00e7\u00e3o. Nosso foco \u00e9 alta efici\u00eancia, precis\u00e3o e qualidade para atender \u00e0s diversas necessidades dos clientes.<\/p>\n<h3>Experi\u00eancia profissional<\/h3>\n<p>Nossa equipe \u00e9 composta por especialistas do setor com amplo conhecimento em sistemas hidr\u00e1ulicos, garantindo que oferecemos solu\u00e7\u00f5es inovadoras e de alta qualidade.<\/p>\n<h3>Certifica\u00e7\u00f5es Internacionais<\/h3>\n<p>Cumprimos normas e certifica\u00e7\u00f5es internacionais, garantindo que nossos produtos atendam ou superem as expectativas da ind\u00fastria em termos de seguran\u00e7a e desempenho.<\/p>\n<h3>Servi\u00e7os de Personaliza\u00e7\u00e3o<\/h3>\n<p>Oferecemos solu\u00e7\u00f5es personalizadas, adaptadas a necessidades operacionais espec\u00edficas, fornecendo aos nossos clientes produtos concebidos para se adequarem aos seus requisitos exclusivos.<\/p>\n<h3>Equipamentos de Produ\u00e7\u00e3o Avan\u00e7ados<\/h3>\n<p>Nossas instala\u00e7\u00f5es de fabrica\u00e7\u00e3o de \u00faltima gera\u00e7\u00e3o utilizam tecnologia de ponta, permitindo-nos produzir cilindros hidr\u00e1ulicos de alta qualidade com excepcional consist\u00eancia.<\/p>\n<h3>Suporte p\u00f3s-venda<\/h3>\n<p>Acreditamos em fornecer excelentes servi\u00e7os p\u00f3s-venda, garantindo que nossos clientes tenham o suporte necess\u00e1rio para manuten\u00e7\u00e3o e resolu\u00e7\u00e3o de problemas.<\/p>\n<p><img decoding=\"async\" src=\"https:\/\/www.hydraulic-cylinders.net\/wp-content\/uploads\/2025\/04\/songte-company-4.webp\" alt=\"Vis\u00e3o geral da empresa\" \/><br \/>\n<img decoding=\"async\" src=\"https:\/\/www.hydraulic-cylinders.net\/wp-content\/uploads\/2025\/04\/songte-company-3.webp\" alt=\"Instala\u00e7\u00f5es da empresa\" \/><\/p>\n<p>Autor: lyl<\/p>","protected":false},"excerpt":{"rendered":"<p>Boom Cylinder For Zoomlion Large Excavator ZE1250E Product Overview The Boom Cylinder for the Zoomlion Large Excavator ZE1250E is a critical component designed to facilitate the movement of the excavator&#8217;s boom. This hydraulic cylinder is engineered specifically for heavy machinery, allowing for precise control of the excavator&#8217;s arm. The primary purpose of a bucket cylinder [&hellip;]<\/p>","protected":false},"featured_media":17871,"comment_status":"open","ping_status":"closed","template":"","meta":{"_et_pb_use_builder":"","_et_pb_old_content":"","_et_gb_content_width":""},"product_brand":[],"product_cat":[1546],"product_tag":[1547,1496],"class_list":{"0":"post-19230","1":"product","2":"type-product","3":"status-publish","4":"has-post-thumbnail","6":"product_cat-boom-cylinders","7":"product_tag-boom-cylinders","8":"product_tag-hydraulic-cylinders","10":"first","11":"instock","12":"shipping-taxable","13":"product-type-simple"},"amp_enabled":true,"_links":{"self":[{"href":"https:\/\/www.hydraulic-cylinders.net\/pt\/wp-json\/wp\/v2\/product\/19230","targetHints":{"allow":["GET"]}}],"collection":[{"href":"https:\/\/www.hydraulic-cylinders.net\/pt\/wp-json\/wp\/v2\/product"}],"about":[{"href":"https:\/\/www.hydraulic-cylinders.net\/pt\/wp-json\/wp\/v2\/types\/product"}],"replies":[{"embeddable":true,"href":"https:\/\/www.hydraulic-cylinders.net\/pt\/wp-json\/wp\/v2\/comments?post=19230"}],"wp:featuredmedia":[{"embeddable":true,"href":"https:\/\/www.hydraulic-cylinders.net\/pt\/wp-json\/wp\/v2\/media\/17871"}],"wp:attachment":[{"href":"https:\/\/www.hydraulic-cylinders.net\/pt\/wp-json\/wp\/v2\/media?parent=19230"}],"wp:term":[{"taxonomy":"product_brand","embeddable":true,"href":"https:\/\/www.hydraulic-cylinders.net\/pt\/wp-json\/wp\/v2\/product_brand?post=19230"},{"taxonomy":"product_cat","embeddable":true,"href":"https:\/\/www.hydraulic-cylinders.net\/pt\/wp-json\/wp\/v2\/product_cat?post=19230"},{"taxonomy":"product_tag","embeddable":true,"href":"https:\/\/www.hydraulic-cylinders.net\/pt\/wp-json\/wp\/v2\/product_tag?post=19230"}],"curies":[{"name":"wp","href":"https:\/\/api.w.org\/{rel}","templated":true}]}}