{"id":19259,"date":"2025-04-07T06:23:29","date_gmt":"2025-04-07T06:23:29","guid":{"rendered":"https:\/\/www.hydraulic-cylinders.net\/product\/boom-cylinder-for-lishide-middle-excavator-sc210-8\/"},"modified":"2025-04-07T06:23:31","modified_gmt":"2025-04-07T06:23:31","slug":"boom-cylinder-for-lishide-middle-excavator-sc210-8","status":"publish","type":"product","link":"https:\/\/www.hydraulic-cylinders.net\/pt\/produto\/boom-cylinder-for-lishide-middle-excavator-sc210-8\/","title":{"rendered":"Cilindro da lan\u00e7a para escavadeira m\u00e9dia Lishide SC210.8"},"content":{"rendered":"<h1>Cilindro da lan\u00e7a para escavadeira m\u00e9dia Lishide SC210.8<\/h1>\n<h2>Introdu\u00e7\u00e3o aos Cilindros de Lan\u00e7a<\/h2>\n<p>O cilindro da lan\u00e7a para a escavadeira m\u00e9dia Lishide SC210.8 \u00e9 um cilindro hidr\u00e1ulico especializado, projetado para controlar o movimento da ca\u00e7amba em diversas m\u00e1quinas pesadas, como escavadeiras, retroescavadeiras e p\u00e1s carregadeiras. Este tipo de cilindro hidr\u00e1ulico permite que a ca\u00e7amba suba, des\u00e7a e incline, facilitando as tarefas de movimenta\u00e7\u00e3o de materiais com efici\u00eancia. O cilindro da lan\u00e7a desempenha um papel vital nos sistemas hidr\u00e1ulicos, convertendo energia hidr\u00e1ulica em for\u00e7a mec\u00e2nica, permitindo movimentos precisos e potentes, essenciais em opera\u00e7\u00f5es de constru\u00e7\u00e3o e escava\u00e7\u00e3o.<\/p>\n<p><img decoding=\"async\" src=\"https:\/\/www.hydraulic-cylinders.net\/wp-content\/uploads\/2025\/04\/songte-company-1.webp\" alt=\"Cilindro da lan\u00e7a da escavadeira central Lishide\" \/><\/p>\n<h2>Caracter\u00edsticas do Cilindro de Lan\u00e7a<\/h2>\n<ul>\n<li><strong>Alta resist\u00eancia e durabilidade:<\/strong> Fabricados em a\u00e7o de alta resist\u00eancia ou alum\u00ednio, os cilindros da lan\u00e7a suportam alta press\u00e3o e cargas pesadas, tornando-os adequados para ambientes de trabalho severos. S\u00e3o projetados para resist\u00eancia ao desgaste e \u00e0 corros\u00e3o, aumentando sua vida \u00fatil.<\/li>\n<li><strong>Opera\u00e7\u00e3o hidr\u00e1ulica eficiente:<\/strong> Esses cilindros utilizam a press\u00e3o do \u00f3leo hidr\u00e1ulico para obter uma extens\u00e3o e retra\u00e7\u00e3o suaves, respondendo rapidamente aos comandos de controle e fornecendo fortes for\u00e7as de empuxo e tra\u00e7\u00e3o, essenciais para o manuseio de materiais pesados \u200b\u200be tarefas complexas.<\/li>\n<li><strong>Variedade de tipos:<\/strong> Dependendo da aplica\u00e7\u00e3o, os clientes podem escolher entre cilindros de a\u00e7\u00e3o simples (que utilizam press\u00e3o hidr\u00e1ulica em uma dire\u00e7\u00e3o) ou de a\u00e7\u00e3o dupla (que utilizam press\u00e3o hidr\u00e1ulica em ambas as dire\u00e7\u00f5es). Alguns modelos s\u00e3o telesc\u00f3picos, permitindo maior extens\u00e3o sem aumentar as dimens\u00f5es externas, ideais para aplica\u00e7\u00f5es com espa\u00e7o limitado.<\/li>\n<li><strong>Op\u00e7\u00f5es de personaliza\u00e7\u00e3o:<\/strong> Nossas capacidades de fabrica\u00e7\u00e3o nos permitem produzir este produto com especifica\u00e7\u00f5es personalizadas, garantindo um encaixe perfeito para diversos sistemas e aplica\u00e7\u00f5es hidr\u00e1ulicas.<\/li>\n<li><strong>Garantia de qualidade:<\/strong> Cada cilindro da lan\u00e7a passa por testes rigorosos e controle de qualidade para atender aos padr\u00f5es internacionais, garantindo confiabilidade e desempenho.<\/li>\n<\/ul>\n<p><img decoding=\"async\" src=\"https:\/\/www.hydraulic-cylinders.net\/wp-content\/uploads\/2025\/04\/songte-cylinder-head-with-all-kinds-excavator-models.webp\" alt=\"Fabrica\u00e7\u00e3o de cilindros de lan\u00e7a\" \/><\/p>\n<h2>Aplica\u00e7\u00f5es do Cilindro de Lan\u00e7a<\/h2>\n<h3>Equipamentos de constru\u00e7\u00e3o<\/h3>\n<p>Em escavadeiras, os cilindros da lan\u00e7a s\u00e3o cruciais para escavar, carregar e movimentar terra ou entulho. Eles fornecem a for\u00e7a necess\u00e1ria para que a ca\u00e7amba penetre no solo, tornando-os indispens\u00e1veis \u200b\u200bem canteiros de obras. Al\u00e9m disso, em retroescavadeiras, o cilindro da lan\u00e7a auxilia n\u00e3o apenas na escava\u00e7\u00e3o, mas tamb\u00e9m nas opera\u00e7\u00f5es de eleva\u00e7\u00e3o, aumentando a versatilidade da m\u00e1quina.<\/p>\n<h3>Maquinaria agr\u00edcola<\/h3>\n<p>Utilizados em p\u00e1s carregadeiras frontais, os cilindros da lan\u00e7a s\u00e3o essenciais para escavar, levantar e transportar terra, feno e outros materiais. Eles permitem que os agricultores executem uma s\u00e9rie de tarefas com mais efici\u00eancia, melhorando a produtividade na fazenda.<\/p>\n<h3>Escavadeiras<\/h3>\n<p>O cilindro da lan\u00e7a permite que a ca\u00e7amba penetre no solo, facilitando as opera\u00e7\u00f5es de escava\u00e7\u00e3o. Essa capacidade \u00e9 crucial para diversas tarefas de escava\u00e7\u00e3o, incluindo escava\u00e7\u00e3o de funda\u00e7\u00f5es, abertura de valas e paisagismo, onde o controle preciso da posi\u00e7\u00e3o da ca\u00e7amba \u00e9 essencial.<\/p>\n<h3>Carregadores<\/h3>\n<p>Em carregadeiras frontais, os cilindros da lan\u00e7a auxiliam no levantamento e despejo eficiente de materiais. Eles s\u00e3o essenciais para opera\u00e7\u00f5es que envolvem o carregamento de caminh\u00f5es ou a movimenta\u00e7\u00e3o de materiais em um canteiro de obras, fornecendo a for\u00e7a necess\u00e1ria para lidar com cargas pesadas.<\/p>\n<h2>Considera\u00e7\u00f5es de design e crit\u00e9rios de sele\u00e7\u00e3o<\/h2>\n<h3>Capacidade de carga<\/h3>\n<p>A capacidade de carga de um cilindro de lan\u00e7a \u00e9 crucial. Ao selecionar um cilindro hidr\u00e1ulico, \u00e9 essencial considerar o peso m\u00e1ximo que ele precisar\u00e1 levantar ou suportar. Isso garante que o cilindro opere com efici\u00eancia, sem o risco de falhas, que podem levar a acidentes e paradas dispendiosas. Os fabricantes geralmente fornecem especifica\u00e7\u00f5es detalhadas, e \u00e9 recomend\u00e1vel consult\u00e1-las para escolher o cilindro que melhor atenda \u00e0s necessidades espec\u00edficas do equipamento.<\/p>\n<h3>Veda\u00e7\u00e3o e durabilidade<\/h3>\n<p>Uma veda\u00e7\u00e3o eficaz \u00e9 crucial para evitar vazamentos e contamina\u00e7\u00e3o do fluido hidr\u00e1ulico. Devem ser utilizadas veda\u00e7\u00f5es de qualidade, incluindo veda\u00e7\u00f5es de pist\u00e3o e de haste, geralmente fabricadas com materiais como poliuretano ou borracha nitr\u00edlica. A durabilidade desses componentes garante o desempenho prolongado do cilindro hidr\u00e1ulico em diversas condi\u00e7\u00f5es de opera\u00e7\u00e3o.<\/p>\n<h3>Recursos de seguran\u00e7a<\/h3>\n<p>A seguran\u00e7a \u00e9 uma considera\u00e7\u00e3o primordial no projeto de cilindros hidr\u00e1ulicos. Recursos como v\u00e1lvulas de al\u00edvio de press\u00e3o, travas de seguran\u00e7a e mecanismos de parada de emerg\u00eancia s\u00e3o essenciais para prevenir acidentes. Selecionar um cilindro que inclua esses recursos de seguran\u00e7a pode reduzir significativamente os riscos, especialmente em aplica\u00e7\u00f5es de servi\u00e7o pesado.<\/p>\n<p><img decoding=\"async\" src=\"https:\/\/www.hydraulic-cylinders.net\/wp-content\/uploads\/2025\/04\/songte-oil-pipes-and-spare-parts.webp\" alt=\"Pe\u00e7as de cilindro hidr\u00e1ulico\" \/><\/p>\n<h2>Veda\u00e7\u00e3o e Lubrifica\u00e7\u00e3o<\/h2>\n<p>A integridade dos sistemas hidr\u00e1ulicos depende do uso eficaz de veda\u00e7\u00f5es e lubrifica\u00e7\u00e3o. Diversas veda\u00e7\u00f5es, incluindo veda\u00e7\u00f5es de pist\u00e3o e de haste, devem ser empregadas para garantir o desempenho ideal. As veda\u00e7\u00f5es s\u00e3o geralmente fabricadas com materiais resistentes ao desgaste, como poliuretano e borracha nitr\u00edlica, que suportam condi\u00e7\u00f5es operacionais severas. O corpo do cilindro e as superf\u00edcies roscadas das extremidades devem ser usinados com precis\u00e3o para aumentar a resist\u00eancia ao desgaste. A manuten\u00e7\u00e3o regular, incluindo a adi\u00e7\u00e3o peri\u00f3dica de \u00f3leo hidr\u00e1ulico, \u00e9 necess\u00e1ria para garantir a lubrifica\u00e7\u00e3o adequada e evitar o desgaste das pe\u00e7as m\u00f3veis. Essa abordagem proativa ajuda a manter a efici\u00eancia e a longevidade do sistema hidr\u00e1ulico.<\/p>\n<h2>Medidas de inspe\u00e7\u00e3o regular e manuten\u00e7\u00e3o preventiva<\/h2>\n<ul>\n<li><strong>Inspe\u00e7\u00f5es de rotina:<\/strong> Inspe\u00e7\u00f5es regulares do cilindro da lan\u00e7a e dos sistemas hidr\u00e1ulicos associados s\u00e3o essenciais para identificar precocemente qualquer desgaste ou falha potencial. As verifica\u00e7\u00f5es visuais devem incluir a busca por vazamentos, rachaduras ou quaisquer sinais de danos em veda\u00e7\u00f5es e mangueiras. A detec\u00e7\u00e3o precoce pode evitar problemas mais graves no futuro.<\/li>\n<li><strong>Manuten\u00e7\u00e3o da lubrifica\u00e7\u00e3o:<\/strong> A lubrifica\u00e7\u00e3o adequada do cilindro hidr\u00e1ulico \u00e9 vital. Utilizar os tipos de \u00f3leo hidr\u00e1ulico recomendados e garantir que o cilindro esteja adequadamente lubrificado previne o atrito e o desgaste, assegurando um funcionamento suave. Programe a lubrifica\u00e7\u00e3o de rotina com base nas recomenda\u00e7\u00f5es do fabricante ou na frequ\u00eancia de uso.<\/li>\n<li><strong>Substitui\u00e7\u00e3o da veda\u00e7\u00e3o:<\/strong> As veda\u00e7\u00f5es se desgastam com o tempo devido ao movimento constante e \u00e0 exposi\u00e7\u00e3o a fluidos hidr\u00e1ulicos. Verifique regularmente o estado das veda\u00e7\u00f5es e substitua-as conforme necess\u00e1rio para manter a integridade do cilindro e evitar vazamentos.<\/li>\n<\/ul>\n<h2>Diretrizes de instala\u00e7\u00e3o<\/h2>\n<p>Para garantir a instala\u00e7\u00e3o correta do cilindro da lan\u00e7a, siga estas orienta\u00e7\u00f5es:<br \/>\n1. **Alinhamento:** Certifique-se de que o cilindro esteja corretamente alinhado com os pontos de montagem antes de fix\u00e1-lo. O desalinhamento pode levar ao desgaste prematuro e ao aumento da tens\u00e3o no cilindro.<br \/>\n2. **Utilize suportes de montagem adequados:** Utilize os suportes de montagem recomendados para fixar o cilindro no lugar. Isso evitar\u00e1 movimentos desnecess\u00e1rios e poss\u00edveis danos durante a opera\u00e7\u00e3o.<br \/>\n3. **Conex\u00f5es hidr\u00e1ulicas:** Certifique-se de que todas as conex\u00f5es hidr\u00e1ulicas estejam firmes e sem vazamentos. Isso inclui verificar a integridade das mangueiras e conex\u00f5es.<br \/>\n4. **Teste antes do uso completo:** Ap\u00f3s a instala\u00e7\u00e3o, realize um teste para verificar se o cilindro funciona corretamente, sem vazamentos ou problemas. Observe se h\u00e1 ru\u00eddos ou movimentos incomuns que possam indicar um problema.<\/p>\n<p><img decoding=\"async\" src=\"https:\/\/www.hydraulic-cylinders.net\/wp-content\/uploads\/2025\/04\/songte-chushion-collar.webp\" alt=\"Instala\u00e7\u00e3o de cilindro hidr\u00e1ulico\" \/><\/p>\n<h2>Tarefas de manuten\u00e7\u00e3o<\/h2>\n<ul>\n<li><strong>Verifica\u00e7\u00f5es regulares:<\/strong> Realize verifica\u00e7\u00f5es regulares no sistema hidr\u00e1ulico para identificar quaisquer sinais de desgaste ou danos. Isso inclui inspecionar mangueiras, veda\u00e7\u00f5es e o pr\u00f3prio cilindro para garantir que tudo esteja funcionando conforme o esperado.<\/li>\n<li><strong>Lubrifica\u00e7\u00e3o:<\/strong> A lubrifica\u00e7\u00e3o adequada \u00e9 fundamental para a longevidade do cilindro hidr\u00e1ulico. Certifique-se de usar o tipo e a quantidade corretos de \u00f3leo hidr\u00e1ulico e siga as recomenda\u00e7\u00f5es do fabricante quanto aos intervalos de lubrifica\u00e7\u00e3o.<\/li>\n<li><strong>Substitui\u00e7\u00e3o e calibra\u00e7\u00e3o de veda\u00e7\u00f5es:<\/strong> Substitua as veda\u00e7\u00f5es desgastadas imediatamente para evitar vazamentos e calibre o sistema regularmente para manter o desempenho ideal. As verifica\u00e7\u00f5es de calibra\u00e7\u00e3o garantem que o sistema opere dentro dos par\u00e2metros especificados, reduzindo o risco de mau funcionamento.<\/li>\n<\/ul>\n<h2>Considera\u00e7\u00f5es de seguran\u00e7a e fatores ambientais<\/h2>\n<p>Ao utilizar sistemas hidr\u00e1ulicos, as medidas de seguran\u00e7a s\u00e3o de extrema import\u00e2ncia. Os operadores devem ser treinados no uso correto dos equipamentos hidr\u00e1ulicos, incluindo a compreens\u00e3o dos riscos potenciais associados a sistemas de alta press\u00e3o. Isso inclui garantir o uso de equipamentos de seguran\u00e7a e o cumprimento dos procedimentos operacionais adequados. Fatores ambientais, como a exposi\u00e7\u00e3o a temperaturas extremas ou subst\u00e2ncias corrosivas, tamb\u00e9m devem ser considerados na sele\u00e7\u00e3o de cilindros e fluidos hidr\u00e1ulicos, pois podem impactar significativamente o desempenho e a seguran\u00e7a.<\/p>\n<h2>Solu\u00e7\u00e3o de problemas e problemas comuns<\/h2>\n<ul>\n<li><strong>Vazamentos de fluido hidr\u00e1ulico:<\/strong> Um problema comum \u00e9 o vazamento de fluido hidr\u00e1ulico do cilindro. Isso geralmente pode ser causado por veda\u00e7\u00f5es desgastadas ou mangueiras danificadas. Inspe\u00e7\u00f5es regulares podem ajudar a identificar esses problemas precocemente.<\/li>\n<li><strong>Energia insuficiente:<\/strong> Se o cilindro n\u00e3o estiver fornecendo for\u00e7a de eleva\u00e7\u00e3o suficiente, pode ser devido a n\u00edveis insuficientes de fluido hidr\u00e1ulico ou a uma bomba com defeito. Verifique os n\u00edveis de fluido hidr\u00e1ulico e certifique-se de que a bomba esteja funcionando corretamente.<\/li>\n<li><strong>Movimento inconsistente:<\/strong> Se o cilindro se mover de forma err\u00e1tica ou inconsistente, isso pode indicar a presen\u00e7a de ar no sistema hidr\u00e1ulico ou contamina\u00e7\u00e3o do fluido hidr\u00e1ulico. Nesses casos, pode ser necess\u00e1rio sangrar o sistema ou substituir o fluido.<\/li>\n<\/ul>\n<p>Para solucionar esses problemas de forma eficaz, consulte sempre as diretrizes do fabricante e realize verifica\u00e7\u00f5es de manuten\u00e7\u00e3o regulares para evitar que os problemas se agravem.<\/p>\n<p><img decoding=\"async\" src=\"https:\/\/www.hydraulic-cylinders.net\/wp-content\/uploads\/2025\/04\/songte-bushings-with-all-kinds-of-excavator-models.webp\" alt=\"Solu\u00e7\u00e3o de problemas de cilindros hidr\u00e1ulicos\" \/><\/p>\n<h2>Vis\u00e3o geral da empresa<\/h2>\n<p>Somos um fabricante l\u00edder de cilindros hidr\u00e1ulicos de reposi\u00e7\u00e3o, oferecendo uma ampla gama de produtos que nos consolidaram como um dos principais fabricantes e distribuidores atacadistas de cilindros hidr\u00e1ulicos nos mercados nacional e internacional. Nosso compromisso com a qualidade excepcional \u00e9 respaldado por uma estrat\u00e9gia de fabrica\u00e7\u00e3o refinada, que utiliza tecnologia de ponta, m\u00e3o de obra qualificada e um sistema de inspe\u00e7\u00e3o robusto. Aprimoramos continuamente nossas capacidades de produ\u00e7\u00e3o, garantindo alta efici\u00eancia, precis\u00e3o e qualidade para atender \u00e0s diversas demandas dos clientes. Nossos produtos s\u00e3o submetidos a testes rigorosos para atender aos padr\u00f5es internacionais e oferecemos solu\u00e7\u00f5es personalizadas para atender \u00e0s necessidades espec\u00edficas de cada cliente.<\/p>\n<p><img decoding=\"async\" src=\"https:\/\/www.hydraulic-cylinders.net\/wp-content\/uploads\/2025\/04\/songte-company-4.webp\" alt=\"Vis\u00e3o geral da empresa\" \/><br \/>\n<img decoding=\"async\" src=\"https:\/\/www.hydraulic-cylinders.net\/wp-content\/uploads\/2025\/04\/songte-company-3.webp\" alt=\"Empresa de fabrica\u00e7\u00e3o\" \/><\/p>\n<p>Nossa expertise abrange servi\u00e7os profissionais, certifica\u00e7\u00f5es internacionais, produ\u00e7\u00e3o personalizada, equipamentos de fabrica\u00e7\u00e3o de \u00faltima gera\u00e7\u00e3o e suporte p\u00f3s-venda completo. Nosso objetivo \u00e9 fornecer aos nossos clientes n\u00e3o apenas produtos de alta qualidade, mas tamb\u00e9m um servi\u00e7o excepcional durante todo o processo, desde a consulta at\u00e9 a entrega.<\/p>\n<p>Autor: lyl<\/p>","protected":false},"excerpt":{"rendered":"<p>Boom Cylinder For Lishide Middle Excavator SC210.8 Introduction to Boom Cylinders The Boom Cylinder for Lishide Middle Excavator SC210.8 is a specialized hydraulic cylinder designed to control the movement of the bucket in various heavy machinery, such as excavators, backhoe loaders, and front loaders. This type of hydraulic cylinder enables the bucket to lift, lower, [&hellip;]<\/p>","protected":false},"featured_media":17869,"comment_status":"open","ping_status":"closed","template":"","meta":{"_et_pb_use_builder":"","_et_pb_old_content":"","_et_gb_content_width":""},"product_brand":[],"product_cat":[1546],"product_tag":[1547,1496],"class_list":{"0":"post-19259","1":"product","2":"type-product","3":"status-publish","4":"has-post-thumbnail","6":"product_cat-boom-cylinders","7":"product_tag-boom-cylinders","8":"product_tag-hydraulic-cylinders","10":"first","11":"instock","12":"shipping-taxable","13":"product-type-simple"},"amp_enabled":true,"_links":{"self":[{"href":"https:\/\/www.hydraulic-cylinders.net\/pt\/wp-json\/wp\/v2\/product\/19259","targetHints":{"allow":["GET"]}}],"collection":[{"href":"https:\/\/www.hydraulic-cylinders.net\/pt\/wp-json\/wp\/v2\/product"}],"about":[{"href":"https:\/\/www.hydraulic-cylinders.net\/pt\/wp-json\/wp\/v2\/types\/product"}],"replies":[{"embeddable":true,"href":"https:\/\/www.hydraulic-cylinders.net\/pt\/wp-json\/wp\/v2\/comments?post=19259"}],"wp:featuredmedia":[{"embeddable":true,"href":"https:\/\/www.hydraulic-cylinders.net\/pt\/wp-json\/wp\/v2\/media\/17869"}],"wp:attachment":[{"href":"https:\/\/www.hydraulic-cylinders.net\/pt\/wp-json\/wp\/v2\/media?parent=19259"}],"wp:term":[{"taxonomy":"product_brand","embeddable":true,"href":"https:\/\/www.hydraulic-cylinders.net\/pt\/wp-json\/wp\/v2\/product_brand?post=19259"},{"taxonomy":"product_cat","embeddable":true,"href":"https:\/\/www.hydraulic-cylinders.net\/pt\/wp-json\/wp\/v2\/product_cat?post=19259"},{"taxonomy":"product_tag","embeddable":true,"href":"https:\/\/www.hydraulic-cylinders.net\/pt\/wp-json\/wp\/v2\/product_tag?post=19259"}],"curies":[{"name":"wp","href":"https:\/\/api.w.org\/{rel}","templated":true}]}}