{"id":19293,"date":"2025-04-07T06:25:27","date_gmt":"2025-04-07T06:25:27","guid":{"rendered":"https:\/\/www.hydraulic-cylinders.net\/product\/boom-cylinder-for-liugong-small-excavator-clg915e\/"},"modified":"2025-04-07T06:25:29","modified_gmt":"2025-04-07T06:25:29","slug":"boom-cylinder-for-liugong-small-excavator-clg915e","status":"publish","type":"product","link":"https:\/\/www.hydraulic-cylinders.net\/pt\/produto\/boom-cylinder-for-liugong-small-excavator-clg915e\/","title":{"rendered":"Cilindro da lan\u00e7a para mini escavadeira Liugong CLG915E"},"content":{"rendered":"<h1>Cilindro da lan\u00e7a para mini escavadeira Liugong CLG915E<\/h1>\n<h2>Vis\u00e3o geral do produto<\/h2>\n<p>O cilindro da lan\u00e7a para a miniescavadeira Liugong CLG915E \u00e9 um cilindro hidr\u00e1ulico especializado, projetado para controlar o movimento da lan\u00e7a em escavadeiras, retroescavadeiras e p\u00e1s carregadeiras. Este componente essencial permite que a lan\u00e7a seja erguida, abaixada e inclinada, facilitando diversas tarefas de movimenta\u00e7\u00e3o de materiais. Como parte vital dos sistemas hidr\u00e1ulicos, o cilindro da lan\u00e7a garante a opera\u00e7\u00e3o eficiente, permitindo que m\u00e1quinas pesadas realizem movimentos precisos, necess\u00e1rios para opera\u00e7\u00f5es de escava\u00e7\u00e3o e carregamento.<\/p>\n<p><img decoding=\"async\" src=\"https:\/\/www.hydraulic-cylinders.net\/wp-content\/uploads\/2025\/04\/songte-company-1.webp\" alt=\"Cilindro da lan\u00e7a para escavadeiras\"><\/p>\n<h3>Defini\u00e7\u00e3o e funcionalidade dos cilindros da lan\u00e7a<\/h3>\n<p>Um cilindro de lan\u00e7a \u00e9 um tipo de cilindro hidr\u00e1ulico projetado especificamente para controlar os movimentos do bra\u00e7o da lan\u00e7a de m\u00e1quinas pesadas. Ele desempenha um papel crucial nos sistemas hidr\u00e1ulicos, convertendo energia hidr\u00e1ulica em energia mec\u00e2nica, o que permite que a lan\u00e7a execute diversas fun\u00e7\u00f5es. O cilindro consiste em um pist\u00e3o que se move dentro de um cilindro selado, acionado por fluido hidr\u00e1ulico. Esse movimento permite levantar, abaixar e inclinar a lan\u00e7a, tornando-o indispens\u00e1vel para tarefas como escavar, levantar e transportar materiais. A efici\u00eancia e a confiabilidade dos cilindros de lan\u00e7a impactam diretamente o desempenho geral das m\u00e1quinas de constru\u00e7\u00e3o.<\/p>\n<h2>Caracter\u00edsticas do Cilindro de Lan\u00e7a<\/h2>\n<ul>\n<li><strong>Alta resist\u00eancia e durabilidade:<\/strong> Fabricado em a\u00e7o de alta resist\u00eancia ou alum\u00ednio, o cilindro da lan\u00e7a suporta alta press\u00e3o e cargas pesadas, sendo adequado para condi\u00e7\u00f5es de trabalho severas. Seu design prioriza a resist\u00eancia ao desgaste e \u00e0 corros\u00e3o, prolongando assim sua vida \u00fatil.<\/li>\n<li><strong>Opera\u00e7\u00e3o hidr\u00e1ulica eficiente:<\/strong> O cilindro utiliza press\u00e3o de \u00f3leo hidr\u00e1ulico para obter extens\u00e3o e retra\u00e7\u00e3o suaves, proporcionando resposta r\u00e1pida aos comandos de controle e oferecendo for\u00e7as robustas de empurrar e puxar, ideais para lidar com tarefas pesadas e complexas.<\/li>\n<li><strong>Variedade de tipos:<\/strong> O cilindro da lan\u00e7a pode ser selecionado como de a\u00e7\u00e3o simples (utilizando for\u00e7a hidr\u00e1ulica em uma dire\u00e7\u00e3o) ou de a\u00e7\u00e3o dupla (utilizando for\u00e7a hidr\u00e1ulica em ambas as dire\u00e7\u00f5es) para atender a diversas necessidades operacionais. Alguns modelos s\u00e3o telesc\u00f3picos, permitindo maior extens\u00e3o sem aumentar as dimens\u00f5es externas, sendo adequados para aplica\u00e7\u00f5es em espa\u00e7os confinados.<\/li>\n<\/ul>\n<h2>Nossa capacidade de produ\u00e7\u00e3o<\/h2>\n<p>Somos capazes de fabricar este produto, e nossos cilindros podem substituir perfeitamente os cilindros hidr\u00e1ulicos existentes na mini escavadeira Liugong CLG915E.<\/p>\n<p><img decoding=\"async\" src=\"https:\/\/www.hydraulic-cylinders.net\/wp-content\/uploads\/2025\/04\/songte-cylinder-head-with-all-kinds-excavator-models.webp\" alt=\"Modelos de cilindros de escavadeira\"><\/p>\n<h2>Cen\u00e1rios de Aplica\u00e7\u00e3o<\/h2>\n<ul>\n<li><strong>Equipamentos de constru\u00e7\u00e3o:<\/strong> Em escavadeiras, os cilindros da lan\u00e7a s\u00e3o cruciais para escavar, carregar e movimentar solo ou entulho. Eles permitem o movimento suave e potente da lan\u00e7a, facilitando opera\u00e7\u00f5es de escava\u00e7\u00e3o eficientes.<\/li>\n<li><strong>Retroescavadeiras:<\/strong> Os cilindros da lan\u00e7a auxiliam tanto na escava\u00e7\u00e3o quanto no levantamento, tornando-os essenciais para tarefas de constru\u00e7\u00e3o que exigem versatilidade de movimento e pot\u00eancia.<\/li>\n<li><strong>Maquinaria agr\u00edcola:<\/strong> Nas p\u00e1s carregadeiras frontais, os cilindros da lan\u00e7a s\u00e3o respons\u00e1veis \u200b\u200bpor recolher, levantar e transportar terra, feno e outros materiais, melhorando significativamente a produtividade agr\u00edcola.<\/li>\n<li><strong>Escavadeiras:<\/strong> O cilindro da lan\u00e7a permite que a ca\u00e7amba da escavadeira penetre no solo, possibilitando escava\u00e7\u00f5es eficazes e melhorando o desempenho geral.<\/li>\n<li><strong>Carregadores:<\/strong> Em p\u00e1s carregadeiras, esses cilindros auxiliam no levantamento e despejo de cargas de forma eficiente, garantindo que as tarefas sejam conclu\u00eddas com rapidez e efic\u00e1cia.<\/li>\n<\/ul>\n<h2>Considera\u00e7\u00f5es de design<\/h2>\n<ul>\n<li><strong>Capacidade de carga:<\/strong> O projeto deve ser capaz de suportar a carga m\u00e1xima que encontrar\u00e1 durante a opera\u00e7\u00e3o. Isso envolve a sele\u00e7\u00e3o de materiais que resistam \u00e0s tens\u00f5es e deforma\u00e7\u00f5es do uso intenso, garantindo seguran\u00e7a e funcionalidade.<\/li>\n<li><strong>Selagem:<\/strong> Uma veda\u00e7\u00e3o adequada \u00e9 crucial para evitar vazamentos de fluido hidr\u00e1ulico, que podem comprometer a efici\u00eancia e a seguran\u00e7a. Veda\u00e7\u00f5es de alta qualidade, feitas de materiais dur\u00e1veis, s\u00e3o essenciais para manter a press\u00e3o e o desempenho.<\/li>\n<li><strong>Durabilidade:<\/strong> O cilindro hidr\u00e1ulico deve ser projetado para suportar o desgaste resultante do uso cont\u00ednuo em ambientes exigentes. Isso envolve a utiliza\u00e7\u00e3o de materiais e revestimentos robustos que resistam \u00e0 corros\u00e3o e \u00e0 abras\u00e3o.<\/li>\n<li><strong>Seguran\u00e7a:<\/strong> Devem ser incorporados recursos de seguran\u00e7a para proteger tanto o equipamento quanto o operador. Isso inclui v\u00e1lvulas de al\u00edvio de press\u00e3o e dispositivos de seguran\u00e7a contra falhas para evitar acidentes durante a opera\u00e7\u00e3o.<\/li>\n<li><strong>Manutenibilidade:<\/strong> O projeto deve permitir f\u00e1cil manuten\u00e7\u00e3o, incluindo acesso a componentes cr\u00edticos para inspe\u00e7\u00e3o, lubrifica\u00e7\u00e3o e substitui\u00e7\u00e3o, garantindo longevidade e confiabilidade.<\/li>\n<\/ul>\n<p><img decoding=\"async\" src=\"https:\/\/www.hydraulic-cylinders.net\/wp-content\/uploads\/2025\/04\/songte-oil-pipes-and-spare-parts.webp\" alt=\"Componentes hidr\u00e1ulicos\"><\/p>\n<h2>Veda\u00e7\u00e3o e Lubrifica\u00e7\u00e3o<\/h2>\n<p>A efic\u00e1cia de um cilindro de lan\u00e7a depende fortemente de seus sistemas de veda\u00e7\u00e3o e lubrifica\u00e7\u00e3o. Diversos tipos de veda\u00e7\u00e3o, como veda\u00e7\u00f5es de pist\u00e3o e de haste, s\u00e3o utilizados para manter a press\u00e3o hidr\u00e1ulica e evitar vazamentos. Veda\u00e7\u00f5es de poliuretano e borracha nitr\u00edlica s\u00e3o comumente utilizadas devido \u00e0s suas propriedades de resist\u00eancia ao desgaste. Al\u00e9m disso, o corpo do cilindro e as extremidades da rosca s\u00e3o usinados com precis\u00e3o para aumentar a resist\u00eancia ao desgaste. A lubrifica\u00e7\u00e3o regular com \u00f3leo hidr\u00e1ulico \u00e9 essencial para garantir o bom funcionamento, reduzir o atrito e prolongar a vida \u00fatil das veda\u00e7\u00f5es e dos componentes do cilindro. Pr\u00e1ticas adequadas de lubrifica\u00e7\u00e3o podem impactar significativamente o desempenho e a confiabilidade dos sistemas hidr\u00e1ulicos.<\/p>\n<h2>Inspe\u00e7\u00e3o regular e manuten\u00e7\u00e3o preventiva<\/h2>\n<ul>\n<li><strong>Inspe\u00e7\u00f5es de rotina:<\/strong> Inspecionar regularmente o cilindro da lan\u00e7a para detectar sinais de desgaste, vazamentos ou danos \u00e9 crucial. Isso ajuda a identificar problemas potenciais antes que se agravem, garantindo uma opera\u00e7\u00e3o segura.<\/li>\n<li><strong>Lubrifica\u00e7\u00e3o adequada:<\/strong> \u00c9 essencial manter os n\u00edveis de \u00f3leo corretos e usar o tipo apropriado de fluido hidr\u00e1ulico. A lubrifica\u00e7\u00e3o constante minimiza o atrito e o desgaste dos componentes hidr\u00e1ulicos.<\/li>\n<li><strong>Substitui\u00e7\u00e3o da veda\u00e7\u00e3o:<\/strong> As veda\u00e7\u00f5es devem ser verificadas periodicamente quanto a sinais de desgaste e devem ser substitu\u00eddas conforme necess\u00e1rio para evitar vazamentos e manter a integridade da press\u00e3o.<\/li>\n<\/ul>\n<h2>Diretrizes de instala\u00e7\u00e3o<\/h2>\n<p>A instala\u00e7\u00e3o correta do cilindro da lan\u00e7a \u00e9 essencial para o desempenho ideal. Primeiro, certifique-se de que a \u00e1rea de instala\u00e7\u00e3o esteja limpa e livre de detritos. Alinhe corretamente o cilindro com os pontos de montagem para evitar tens\u00e3o excessiva. Utilize suportes de montagem adequados para fixar o cilindro firmemente no lugar. \u00c9 importante seguir as especifica\u00e7\u00f5es do fabricante em rela\u00e7\u00e3o ao torque de aperto dos parafusos e conex\u00f5es. Ap\u00f3s a instala\u00e7\u00e3o, verifique se h\u00e1 vazamentos em todas as conex\u00f5es e certifique-se de que o cilindro funcione suavemente, sem obstru\u00e7\u00f5es. Seguir essas orienta\u00e7\u00f5es garante um sistema hidr\u00e1ulico seguro e eficiente.<\/p>\n<h2>Tarefas comuns de manuten\u00e7\u00e3o<\/h2>\n<ul>\n<li><strong>Verifica\u00e7\u00f5es regulares:<\/strong> Realizar verifica\u00e7\u00f5es frequentes no sistema hidr\u00e1ulico pode prevenir falhas inesperadas e prolongar a vida \u00fatil dos componentes.<\/li>\n<li><strong>Lubrifica\u00e7\u00e3o adequada:<\/strong> Manter o \u00f3leo hidr\u00e1ulico em n\u00edveis \u00f3timos \u00e9 fundamental para manter a press\u00e3o e garantir o bom funcionamento do cilindro.<\/li>\n<li><strong>Substitui\u00e7\u00e3o da veda\u00e7\u00e3o:<\/strong> A substitui\u00e7\u00e3o regular de veda\u00e7\u00f5es que apresentem sinais de desgaste ajudar\u00e1 a manter a integridade do sistema hidr\u00e1ulico e a evitar vazamentos.<\/li>\n<\/ul>\n<h2>Considera\u00e7\u00f5es de seguran\u00e7a e fatores ambientais<\/h2>\n<p>Ao utilizar cilindros hidr\u00e1ulicos, a implementa\u00e7\u00e3o de medidas de seguran\u00e7a \u00e9 vital para proteger os operadores e os equipamentos. Os operadores devem ser treinados para compreender os riscos associados aos sistemas hidr\u00e1ulicos e seguir pr\u00e1ticas operacionais seguras. Al\u00e9m disso, a equipe de manuten\u00e7\u00e3o deve usar equipamentos de prote\u00e7\u00e3o individual (EPI) adequados ao inspecionar ou reparar sistemas hidr\u00e1ulicos. As considera\u00e7\u00f5es ambientais incluem o manuseio respons\u00e1vel de fluidos hidr\u00e1ulicos para evitar derramamentos e contamina\u00e7\u00e3o, que podem prejudicar o meio ambiente.<\/p>\n<h2>Solu\u00e7\u00e3o de problemas e problemas comuns<\/h2>\n<ul>\n<li><strong>Vazamento:<\/strong> Um dos problemas mais comuns em cilindros hidr\u00e1ulicos \u00e9 o vazamento, geralmente causado por veda\u00e7\u00f5es desgastadas ou componentes danificados. Inspe\u00e7\u00f5es regulares podem ajudar a identificar e solucionar vazamentos precocemente.<\/li>\n<li><strong>Desempenho ruim:<\/strong> Se o cilindro da lan\u00e7a n\u00e3o funcionar suavemente, isso pode indicar baixo n\u00edvel de fluido hidr\u00e1ulico ou ar preso no sistema. Verifique o n\u00edvel do fluido e, se necess\u00e1rio, fa\u00e7a a sangria do sistema.<\/li>\n<li><strong>Ru\u00eddos incomuns:<\/strong> Ru\u00eddos de rangido ou zumbido durante o funcionamento podem indicar problemas mec\u00e2nicos no cilindro. Uma inspe\u00e7\u00e3o detalhada deve ser realizada para diagnosticar o problema.<\/li>\n<\/ul>\n<h2>Dicas para solu\u00e7\u00e3o de problemas<\/h2>\n<p>Para diagnosticar e resolver problemas com o cilindro da lan\u00e7a de forma eficaz, os operadores devem seguir uma abordagem sistem\u00e1tica. Comece verificando sinais vis\u00edveis de desgaste ou danos no cilindro e seus componentes. Em seguida, inspecione os n\u00edveis e a qualidade do fluido hidr\u00e1ulico, garantindo que o fluido esteja limpo e nos n\u00edveis necess\u00e1rios. Se for observado vazamento, localize a origem e substitua as veda\u00e7\u00f5es desgastadas imediatamente. A implementa\u00e7\u00e3o de medidas preventivas, como manuten\u00e7\u00e3o regular e inspe\u00e7\u00f5es peri\u00f3dicas, pode minimizar significativamente a ocorr\u00eancia de problemas potenciais, garantindo a longevidade e a confiabilidade do cilindro da lan\u00e7a.<\/p>\n<p><img decoding=\"async\" src=\"https:\/\/www.hydraulic-cylinders.net\/wp-content\/uploads\/2025\/04\/songte-bushings-with-all-kinds-of-excavator-models.webp\" alt=\"Buchas de escavadeira\"><\/p>\n<h2>Introdu\u00e7\u00e3o \u00e0 empresa<\/h2>\n<p>Somos um fabricante especializado em cilindros hidr\u00e1ulicos de reposi\u00e7\u00e3o, oferecendo uma ampla gama de produtos e nos tornando um dos principais fabricantes e distribuidores atacadistas de cilindros hidr\u00e1ulicos nos mercados nacional e internacional. Aderimos a uma filosofia de excel\u00eancia, baseada em uma sofisticada oficina de fabrica\u00e7\u00e3o e estrat\u00e9gias de gest\u00e3o de produ\u00e7\u00e3o industrial. Nossa equipe \u00e9 composta por talentos t\u00e9cnicos que utilizam equipamentos de fabrica\u00e7\u00e3o digital de ponta e sistemas de teste profissionais para aprimorar continuamente nossas capacidades de produ\u00e7\u00e3o. Ao focarmos em efici\u00eancia, precis\u00e3o e qualidade, buscamos atender \u00e0s diversas necessidades de nossos clientes.<\/p>\n<p><img decoding=\"async\" src=\"https:\/\/www.hydraulic-cylinders.net\/wp-content\/uploads\/2025\/04\/songte-company-4.webp\" alt=\"Unidade de Fabrica\u00e7\u00e3o da Empresa\"><br \/>\n<img decoding=\"async\" src=\"https:\/\/www.hydraulic-cylinders.net\/wp-content\/uploads\/2025\/04\/songte-company-3.webp\" alt=\"Equipamentos da empresa\"><\/p>\n<p>Nosso compromisso vai al\u00e9m da fabrica\u00e7\u00e3o; tamb\u00e9m priorizamos o profissionalismo, as certifica\u00e7\u00f5es internacionais, os servi\u00e7os personalizados, os equipamentos de produ\u00e7\u00e3o de ponta e o excepcional suporte p\u00f3s-venda.<\/p>\n<p>Autor: lyl<\/p>","protected":false},"excerpt":{"rendered":"<p>Boom Cylinder For Liugong Small Excavator CLG915E Product Overview The Boom Cylinder for Liugong Small Excavator CLG915E is a specialized hydraulic cylinder designed to control the movement of the boom in excavators, backhoe loaders, and frontend loaders. This essential component enables the boom to be raised, lowered, and tilted, facilitating various material handling tasks. As [&hellip;]<\/p>","protected":false},"featured_media":17873,"comment_status":"open","ping_status":"closed","template":"","meta":{"_et_pb_use_builder":"","_et_pb_old_content":"","_et_gb_content_width":""},"product_brand":[],"product_cat":[1546],"product_tag":[1547,1496],"class_list":{"0":"post-19293","1":"product","2":"type-product","3":"status-publish","4":"has-post-thumbnail","6":"product_cat-boom-cylinders","7":"product_tag-boom-cylinders","8":"product_tag-hydraulic-cylinders","10":"first","11":"instock","12":"shipping-taxable","13":"product-type-simple"},"amp_enabled":true,"_links":{"self":[{"href":"https:\/\/www.hydraulic-cylinders.net\/pt\/wp-json\/wp\/v2\/product\/19293","targetHints":{"allow":["GET"]}}],"collection":[{"href":"https:\/\/www.hydraulic-cylinders.net\/pt\/wp-json\/wp\/v2\/product"}],"about":[{"href":"https:\/\/www.hydraulic-cylinders.net\/pt\/wp-json\/wp\/v2\/types\/product"}],"replies":[{"embeddable":true,"href":"https:\/\/www.hydraulic-cylinders.net\/pt\/wp-json\/wp\/v2\/comments?post=19293"}],"wp:featuredmedia":[{"embeddable":true,"href":"https:\/\/www.hydraulic-cylinders.net\/pt\/wp-json\/wp\/v2\/media\/17873"}],"wp:attachment":[{"href":"https:\/\/www.hydraulic-cylinders.net\/pt\/wp-json\/wp\/v2\/media?parent=19293"}],"wp:term":[{"taxonomy":"product_brand","embeddable":true,"href":"https:\/\/www.hydraulic-cylinders.net\/pt\/wp-json\/wp\/v2\/product_brand?post=19293"},{"taxonomy":"product_cat","embeddable":true,"href":"https:\/\/www.hydraulic-cylinders.net\/pt\/wp-json\/wp\/v2\/product_cat?post=19293"},{"taxonomy":"product_tag","embeddable":true,"href":"https:\/\/www.hydraulic-cylinders.net\/pt\/wp-json\/wp\/v2\/product_tag?post=19293"}],"curies":[{"name":"wp","href":"https:\/\/api.w.org\/{rel}","templated":true}]}}