{"id":19310,"date":"2025-04-07T06:26:13","date_gmt":"2025-04-07T06:26:13","guid":{"rendered":"https:\/\/www.hydraulic-cylinders.net\/product\/boom-cylinder-for-xgma-small-excavator-xg806\/"},"modified":"2025-04-07T06:26:15","modified_gmt":"2025-04-07T06:26:15","slug":"boom-cylinder-for-xgma-small-excavator-xg806","status":"publish","type":"product","link":"https:\/\/www.hydraulic-cylinders.net\/pt\/produto\/boom-cylinder-for-xgma-small-excavator-xg806\/","title":{"rendered":"Cilindro da lan\u00e7a para mini escavadeira XGMA XG806"},"content":{"rendered":"<h1>Cilindro da lan\u00e7a para mini escavadeira XGMA XG806<\/h1>\n<h2>Vis\u00e3o geral do produto<\/h2>\n<p>O cilindro da lan\u00e7a para a miniescavadeira XGMA XG806 \u00e9 um componente crucial em sistemas hidr\u00e1ulicos, projetado especificamente para controlar o movimento das ca\u00e7ambas em diversas m\u00e1quinas pesadas, incluindo escavadeiras, retroescavadeiras e p\u00e1s carregadeiras. Este cilindro hidr\u00e1ulico facilita o levantamento, abaixamento e inclina\u00e7\u00e3o da ca\u00e7amba, aumentando assim a efici\u00eancia das tarefas de movimenta\u00e7\u00e3o de materiais.<\/p>\n<p>Em ess\u00eancia, os cilindros de ca\u00e7amba s\u00e3o cilindros hidr\u00e1ulicos especializados que permitem um controle preciso dos processos de escava\u00e7\u00e3o e carregamento. Eles funcionam convertendo a press\u00e3o hidr\u00e1ulica em for\u00e7a mec\u00e2nica, permitindo que os operadores executem com efici\u00eancia tarefas como escavar, levantar e transportar materiais. O design desses cilindros garante confiabilidade e desempenho em condi\u00e7\u00f5es exigentes, tornando-os indispens\u00e1veis \u200b\u200bnos setores da constru\u00e7\u00e3o civil e da agricultura.<\/p>\n<p><img decoding=\"async\" src=\"https:\/\/www.hydraulic-cylinders.net\/wp-content\/uploads\/2025\/04\/songte-company-1.webp\" alt=\"Imagem do Cilindro da Lan\u00e7a\"\/><\/p>\n<h2>Caracter\u00edsticas do Cilindro de Lan\u00e7a<\/h2>\n<ul>\n<li><strong>Alta resist\u00eancia e durabilidade:<\/strong> Fabricado em a\u00e7o de alta resist\u00eancia ou alum\u00ednio, o cilindro da lan\u00e7a \u00e9 capaz de suportar alta press\u00e3o e cargas pesadas, tornando-o adequado para ambientes de trabalho severos. Seu design considera a resist\u00eancia ao desgaste e \u00e0 corros\u00e3o, prolongando sua vida \u00fatil.<\/li>\n<li><strong>Opera\u00e7\u00e3o hidr\u00e1ulica eficiente:<\/strong> O cilindro utiliza press\u00e3o de \u00f3leo hidr\u00e1ulico para extens\u00e3o e retra\u00e7\u00e3o suaves, permitindo uma resposta r\u00e1pida aos comandos operacionais, ao mesmo tempo que proporciona uma for\u00e7a substancial de empurrar e puxar, ideal para manusear objetos pesados \u200b\u200be realizar tarefas complexas.<\/li>\n<li><strong>Tipos diversos:<\/strong> Dispon\u00edvel em configura\u00e7\u00f5es de a\u00e7\u00e3o simples (a\u00e7\u00e3o hidr\u00e1ulica em uma dire\u00e7\u00e3o) ou de a\u00e7\u00e3o dupla (a\u00e7\u00e3o hidr\u00e1ulica em ambas as dire\u00e7\u00f5es), o cilindro da lan\u00e7a atende a diversas necessidades operacionais. Alguns modelos s\u00e3o telesc\u00f3picos, permitindo maior extens\u00e3o sem aumentar as dimens\u00f5es externas, o que \u00e9 perfeito para aplica\u00e7\u00f5es com espa\u00e7o limitado.<\/li>\n<li><strong>Fabrica\u00e7\u00e3o personalizada:<\/strong> Nossa empresa \u00e9 especializada na produ\u00e7\u00e3o de cilindros para lan\u00e7as que substituem perfeitamente os cilindros hidr\u00e1ulicos existentes, garantindo encaixe e funcionamento ideais para diversos modelos de m\u00e1quinas.<\/li>\n<li><strong>Garantia de qualidade:<\/strong> Cada cilindro passa por testes rigorosos para atender aos padr\u00f5es da ind\u00fastria, garantindo confiabilidade e desempenho em campo.<\/li>\n<\/ul>\n<p><img decoding=\"async\" src=\"https:\/\/www.hydraulic-cylinders.net\/wp-content\/uploads\/2025\/04\/songte-cylinder-head-with-all-kinds-excavator-models.webp\" alt=\"Imagem da cabe\u00e7a do cilindro\"\/><\/p>\n<h2>Cen\u00e1rios de Aplica\u00e7\u00e3o<\/h2>\n<h3>1. Equipamentos de Constru\u00e7\u00e3o<\/h3>\n<p>Em escavadeiras, os cilindros da lan\u00e7a s\u00e3o vitais para escavar, carregar e movimentar terra ou entulho. A a\u00e7\u00e3o hidr\u00e1ulica permite que o operador manobre a ca\u00e7amba com precis\u00e3o, essencial para tarefas de constru\u00e7\u00e3o que exigem exatid\u00e3o na profundidade e no posicionamento do material. A capacidade de levantar e abaixar a ca\u00e7amba com efici\u00eancia agiliza os processos de trabalho, resultando em maior produtividade nos canteiros de obras.<\/p>\n<h3>2. M\u00e1quinas Agr\u00edcolas<\/h3>\n<p>Utilizados em carregadeiras frontais, os cilindros da lan\u00e7a facilitam a coleta, o levantamento e o transporte de terra, feno e outros materiais. Seu design robusto permite o levantamento de cargas pesadas sem comprometer a integridade da m\u00e1quina. O sistema hidr\u00e1ulico garante que os operadores possam manusear grandes volumes de materiais com facilidade, otimizando a efici\u00eancia operacional em tarefas agr\u00edcolas.<\/p>\n<h3>3. Escavadeiras<\/h3>\n<p>Em escavadeiras, o cilindro da lan\u00e7a permite que a ca\u00e7amba penetre no solo de forma eficaz, atingindo a profundidade de escava\u00e7\u00e3o desejada. Essa funcionalidade \u00e9 crucial para diversas aplica\u00e7\u00f5es na constru\u00e7\u00e3o civil, pois possibilita a remo\u00e7\u00e3o eficiente de terra e detritos, melhorando significativamente o processo de escava\u00e7\u00e3o.<\/p>\n<h3>4. Carregadeiras<\/h3>\n<p>Em carregadeiras frontais, o cilindro da lan\u00e7a auxilia no levantamento e despejo de materiais com efici\u00eancia. Essa capacidade \u00e9 essencial para tarefas como carregar caminh\u00f5es ou transferir materiais para diferentes locais na obra, garantindo que as opera\u00e7\u00f5es ocorram de forma tranquila e eficiente.<\/p>\n<h2>Considera\u00e7\u00f5es de projeto e padr\u00f5es de sele\u00e7\u00e3o<\/h2>\n<h3>Capacidade de carga<\/h3>\n<p>Ao selecionar um cilindro para lan\u00e7a, uma das principais considera\u00e7\u00f5es \u00e9 sua capacidade de carga. O cilindro deve ser capaz de suportar o peso m\u00e1ximo que encontrar\u00e1 durante a opera\u00e7\u00e3o. Isso requer uma avalia\u00e7\u00e3o cuidadosa das condi\u00e7\u00f5es de trabalho e do tipo de materiais que ser\u00e3o manuseados. Os fabricantes geralmente fornecem as classifica\u00e7\u00f5es de carga, que devem ser compat\u00edveis com os requisitos operacionais para evitar falhas.<\/p>\n<h3>Desempenho de veda\u00e7\u00e3o<\/h3>\n<p>A veda\u00e7\u00e3o \u00e9 fundamental em sistemas hidr\u00e1ulicos para evitar vazamentos e manter a press\u00e3o. A escolha das veda\u00e7\u00f5es \u2014 como veda\u00e7\u00f5es de pist\u00e3o e veda\u00e7\u00f5es de haste \u2014 deve ser feita com base no ambiente de trabalho. Veda\u00e7\u00f5es feitas de materiais como poliuretano e borracha nitr\u00edlica oferecem excelente resist\u00eancia ao desgaste e s\u00e3o comumente usadas em aplica\u00e7\u00f5es hidr\u00e1ulicas de alto desempenho. Garantir uma veda\u00e7\u00e3o adequada prolongar\u00e1 a vida \u00fatil do cilindro e manter\u00e1 a efici\u00eancia operacional.<\/p>\n<h3>Durabilidade<\/h3>\n<p>A durabilidade \u00e9 fundamental no projeto de cilindros hidr\u00e1ulicos. Fatores como a escolha do material, o tratamento da superf\u00edcie e a integridade do projeto contribuem para a vida \u00fatil do produto. Materiais e revestimentos de alta qualidade podem prevenir a corros\u00e3o e o desgaste, garantindo um desempenho confi\u00e1vel ao longo do tempo. A manuten\u00e7\u00e3o e as inspe\u00e7\u00f5es regulares podem aumentar ainda mais a durabilidade do cilindro, reduzindo a necessidade de substitui\u00e7\u00f5es.<\/p>\n<h3>Recursos de seguran\u00e7a<\/h3>\n<p>A seguran\u00e7a \u00e9 uma prioridade m\u00e1xima no projeto de cilindros hidr\u00e1ulicos. Recursos como v\u00e1lvulas de al\u00edvio de press\u00e3o e travas de seguran\u00e7a podem prevenir acidentes causados \u200b\u200bpor press\u00e3o excessiva ou falha mec\u00e2nica. Os operadores devem ser treinados para compreender esses mecanismos de seguran\u00e7a, garantindo o uso correto do equipamento e reduzindo o risco de les\u00f5es no local de trabalho.<\/p>\n<h3>Acessibilidade de Manuten\u00e7\u00e3o<\/h3>\n<p>O projeto do cilindro da lan\u00e7a deve permitir f\u00e1cil acesso durante a manuten\u00e7\u00e3o. Inspe\u00e7\u00f5es e revis\u00f5es regulares s\u00e3o essenciais para garantir o funcionamento eficaz do sistema hidr\u00e1ulico. A capacidade de substituir rapidamente as veda\u00e7\u00f5es ou verificar os n\u00edveis de fluido pode economizar tempo e reduzir o tempo de inatividade durante a opera\u00e7\u00e3o. Os fabricantes devem considerar os requisitos de manuten\u00e7\u00e3o em seus projetos, tornando-os convenientes para os operadores.<\/p>\n<p><img decoding=\"async\" src=\"https:\/\/www.hydraulic-cylinders.net\/wp-content\/uploads\/2025\/04\/songte-oil-pipes-and-spare-parts.webp\" alt=\"Imagem de tubos de \u00f3leo e pe\u00e7as de reposi\u00e7\u00e3o\"\/><\/p>\n<h2>Veda\u00e7\u00e3o e Lubrifica\u00e7\u00e3o<\/h2>\n<p>A veda\u00e7\u00e3o e a lubrifica\u00e7\u00e3o eficazes s\u00e3o vitais para o desempenho dos cilindros hidr\u00e1ulicos. Diversos componentes de veda\u00e7\u00e3o, como veda\u00e7\u00f5es de pist\u00e3o e veda\u00e7\u00f5es de haste, s\u00e3o utilizados para manter a press\u00e3o hidr\u00e1ulica e evitar vazamentos de fluido. A escolha de veda\u00e7\u00f5es fabricadas com materiais dur\u00e1veis, como poliuretano e borracha nitr\u00edlica, aumenta significativamente a resist\u00eancia ao desgaste.<\/p>\n<p>O corpo do cilindro e as superf\u00edcies roscadas das extremidades s\u00e3o meticulosamente processados \u200b\u200bpara melhorar a resist\u00eancia ao desgaste, garantindo maior durabilidade. A lubrifica\u00e7\u00e3o regular \u00e9 essencial; os operadores devem adicionar \u00f3leo hidr\u00e1ulico periodicamente para manter o desempenho ideal e reduzir o atrito dentro do cilindro. Isso n\u00e3o s\u00f3 protege os componentes internos, como tamb\u00e9m garante uma opera\u00e7\u00e3o suave sob carga.<\/p>\n<h2>Medidas de inspe\u00e7\u00e3o regular e manuten\u00e7\u00e3o preventiva<\/h2>\n<ul>\n<li><strong>Inspe\u00e7\u00f5es frequentes:<\/strong> Verifique regularmente se h\u00e1 sinais de desgaste ou danos no cilindro e nos componentes adjacentes. Procure por vazamentos de \u00f3leo, que podem indicar falha na veda\u00e7\u00e3o, e avalie o estado geral das linhas hidr\u00e1ulicas.<\/li>\n<li><strong>Lubrifica\u00e7\u00e3o adequada:<\/strong> Certifique-se de que o cilindro esteja adequadamente lubrificado. Utilize o tipo de \u00f3leo hidr\u00e1ulico recomendado e aplique-o conforme as instru\u00e7\u00f5es do fabricante para manter o desempenho ideal.<\/li>\n<li><strong>Substitui\u00e7\u00e3o da veda\u00e7\u00e3o:<\/strong> Monitore o estado das veda\u00e7\u00f5es e substitua-as conforme necess\u00e1rio. Veda\u00e7\u00f5es deterioradas podem causar vazamentos de fluido e redu\u00e7\u00e3o do desempenho, portanto, a substitui\u00e7\u00e3o oportuna \u00e9 essencial para manter a integridade do cilindro.<\/li>\n<\/ul>\n<h2>Diretrizes de instala\u00e7\u00e3o<\/h2>\n<p>A instala\u00e7\u00e3o correta do cilindro da lan\u00e7a \u00e9 crucial para garantir sua funcionalidade e longevidade. Comece certificando-se de que a \u00e1rea de trabalho esteja limpa e livre de detritos. Alinhe o cilindro corretamente com os suportes de montagem e fixe-o usando as ferramentas de instala\u00e7\u00e3o apropriadas para evitar desalinhamento.<\/p>\n<p>Utilize o torque recomendado para os parafusos de montagem para garantir uma fixa\u00e7\u00e3o segura. Verifique as conex\u00f5es hidr\u00e1ulicas para evitar vazamentos; certifique-se de que todas as conex\u00f5es estejam apertadas e devidamente encaixadas. Ap\u00f3s a instala\u00e7\u00e3o, inspecione o sistema em busca de sinais de vazamentos ou funcionamento anormal antes de colocar o equipamento em opera\u00e7\u00e3o.<\/p>\n<h2>Tarefas comuns de manuten\u00e7\u00e3o<\/h2>\n<h3>1. Inspe\u00e7\u00f5es regulares<\/h3>\n<p>Realize inspe\u00e7\u00f5es regulares para identificar precocemente qualquer desgaste ou dano. Procure por sinais de vazamentos em torno de veda\u00e7\u00f5es e conex\u00f5es e avalie a condi\u00e7\u00e3o geral do cilindro e do sistema hidr\u00e1ulico. A detec\u00e7\u00e3o precoce de problemas pode evitar problemas mais graves no futuro.<\/p>\n<h3>2. Lubrifica\u00e7\u00e3o adequada<\/h3>\n<p>Certifique-se de que o cilindro esteja lubrificado de acordo com as especifica\u00e7\u00f5es do fabricante. A lubrifica\u00e7\u00e3o adequada reduz o atrito e o desgaste das pe\u00e7as m\u00f3veis, prolongando a vida \u00fatil do cilindro hidr\u00e1ulico. Utilize \u00f3leo hidr\u00e1ulico de alta qualidade e siga os intervalos de manuten\u00e7\u00e3o programados para a lubrifica\u00e7\u00e3o.<\/p>\n<h3>3. Substitui\u00e7\u00e3o da veda\u00e7\u00e3o e verifica\u00e7\u00f5es de calibra\u00e7\u00e3o<\/h3>\n<p>Verifique regularmente o estado das veda\u00e7\u00f5es e substitua-as conforme necess\u00e1rio para evitar vazamentos. As verifica\u00e7\u00f5es de calibra\u00e7\u00e3o garantem que o cilindro opere dentro das especifica\u00e7\u00f5es de projeto, prevenindo inefici\u00eancias operacionais. O alinhamento correto durante a instala\u00e7\u00e3o \u00e9 crucial; considere o uso de suportes de montagem adequados para fixar o cilindro com seguran\u00e7a no local.<\/p>\n<p><img decoding=\"async\" src=\"https:\/\/www.hydraulic-cylinders.net\/wp-content\/uploads\/2025\/04\/songte-chushion-collar.webp\" alt=\"Imagem de gola almofadada\"\/><\/p>\n<h2>Considera\u00e7\u00f5es de seguran\u00e7a e fatores ambientais<\/h2>\n<p>Ao trabalhar com cilindros hidr\u00e1ulicos, a observ\u00e2ncia das medidas de seguran\u00e7a \u00e9 fundamental. Os operadores devem ser treinados no manuseio e opera\u00e7\u00e3o seguros de equipamentos hidr\u00e1ulicos. Certifique-se de que todos os dispositivos de seguran\u00e7a estejam funcionando corretamente, incluindo as v\u00e1lvulas de al\u00edvio de press\u00e3o, para evitar acidentes causados \u200b\u200bpor picos de press\u00e3o inesperados. Al\u00e9m disso, mantenha um ambiente de trabalho limpo e seguro para minimizar os riscos associados a derramamentos ou vazamentos de fluido hidr\u00e1ulico.<\/p>\n<h2>Solu\u00e7\u00e3o de problemas e problemas comuns<\/h2>\n<ul>\n<li><strong>Vazamento:<\/strong> Se notar vazamento de fluido hidr\u00e1ulico, isso pode indicar veda\u00e7\u00f5es desgastadas ou conex\u00f5es soltas. Inspecione as veda\u00e7\u00f5es e conex\u00f5es em busca de danos e substitua-as, se necess\u00e1rio.<\/li>\n<li><strong>Desempenho reduzido:<\/strong> Se o cilindro da lan\u00e7a n\u00e3o estiver respondendo como esperado, verifique se h\u00e1 baixo n\u00edvel de fluido hidr\u00e1ulico ou ar no sistema. Pode ser necess\u00e1rio sangrar o sistema para remover o ar preso.<\/li>\n<li><strong>Ru\u00eddos incomuns:<\/strong> Se ru\u00eddos estranhos ocorrerem durante o funcionamento, isso pode indicar desgaste ou danos internos. Uma inspe\u00e7\u00e3o completa deve ser realizada para identificar e corrigir o problema.<\/li>\n<\/ul>\n<h2>Dicas para lidar com falhas<\/h2>\n<p>Para diagnosticar e resolver problemas com o cilindro da lan\u00e7a de forma eficaz, os operadores devem revisar periodicamente os dados de desempenho e realizar inspe\u00e7\u00f5es. Desenvolva um cronograma de manuten\u00e7\u00e3o preventiva para identificar problemas potenciais antes que causem falhas significativas. Treinar a equipe sobre as falhas comuns e suas solu\u00e7\u00f5es tamb\u00e9m pode aumentar a efici\u00eancia operacional e a seguran\u00e7a.<\/p>\n<p><img decoding=\"async\" src=\"https:\/\/www.hydraulic-cylinders.net\/wp-content\/uploads\/2025\/04\/songte-bushings-with-all-kinds-of-excavator-models.webp\" alt=\"Imagem de buchas\"\/><\/p>\n<h2>Vis\u00e3o geral da empresa<\/h2>\n<p>Somos um fabricante especializado em cilindros hidr\u00e1ulicos de reposi\u00e7\u00e3o, oferecendo uma gama completa de produtos para nos tornarmos um dos principais fabricantes e distribuidores atacadistas nos mercados nacional e internacional. Nosso compromisso com a qualidade excepcional \u00e9 sustentado por uma sofisticada estrat\u00e9gia de gest\u00e3o de produ\u00e7\u00e3o, que utiliza pessoal t\u00e9cnico qualificado, equipamentos de fabrica\u00e7\u00e3o digital de \u00faltima gera\u00e7\u00e3o e sistemas de teste profissionais.<\/p>\n<p>Ao aprimorarmos continuamente nossa plataforma de fabrica\u00e7\u00e3o, garantimos que nossos produtos atendam aos mais altos padr\u00f5es de qualidade de produ\u00e7\u00e3o. Nossas s\u00f3lidas capacidades criativas nos permitem oferecer solu\u00e7\u00f5es eficientes, precisas e de alta qualidade, personalizadas para atender \u00e0s diversas necessidades de nossos clientes.<\/p>\n<p><img decoding=\"async\" src=\"https:\/\/www.hydraulic-cylinders.net\/wp-content\/uploads\/2025\/04\/songte-company-4.webp\" alt=\"Imagem da empresa 1\"\/><br \/>\n<img decoding=\"async\" src=\"https:\/\/www.hydraulic-cylinders.net\/wp-content\/uploads\/2025\/04\/songte-company-3.webp\" alt=\"Imagem da empresa 2\"\/><\/p>\n<p>Autor: lyl<\/p>","protected":false},"excerpt":{"rendered":"<p>Boom Cylinder For XGMA Small Excavator XG806 Product Overview The Boom Cylinder for XGMA Small Excavator XG806 is a crucial component in hydraulic systems, specifically designed to control the movement of buckets in various heavy machinery including excavators, backhoe loaders, and front loaders. This hydraulic cylinder facilitates the lifting, lowering, and tilting of the bucket, [&hellip;]<\/p>","protected":false},"featured_media":17875,"comment_status":"open","ping_status":"closed","template":"","meta":{"_et_pb_use_builder":"","_et_pb_old_content":"","_et_gb_content_width":""},"product_brand":[],"product_cat":[1546],"product_tag":[1547,1496],"class_list":{"0":"post-19310","1":"product","2":"type-product","3":"status-publish","4":"has-post-thumbnail","6":"product_cat-boom-cylinders","7":"product_tag-boom-cylinders","8":"product_tag-hydraulic-cylinders","10":"first","11":"instock","12":"shipping-taxable","13":"product-type-simple"},"amp_enabled":true,"_links":{"self":[{"href":"https:\/\/www.hydraulic-cylinders.net\/pt\/wp-json\/wp\/v2\/product\/19310","targetHints":{"allow":["GET"]}}],"collection":[{"href":"https:\/\/www.hydraulic-cylinders.net\/pt\/wp-json\/wp\/v2\/product"}],"about":[{"href":"https:\/\/www.hydraulic-cylinders.net\/pt\/wp-json\/wp\/v2\/types\/product"}],"replies":[{"embeddable":true,"href":"https:\/\/www.hydraulic-cylinders.net\/pt\/wp-json\/wp\/v2\/comments?post=19310"}],"wp:featuredmedia":[{"embeddable":true,"href":"https:\/\/www.hydraulic-cylinders.net\/pt\/wp-json\/wp\/v2\/media\/17875"}],"wp:attachment":[{"href":"https:\/\/www.hydraulic-cylinders.net\/pt\/wp-json\/wp\/v2\/media?parent=19310"}],"wp:term":[{"taxonomy":"product_brand","embeddable":true,"href":"https:\/\/www.hydraulic-cylinders.net\/pt\/wp-json\/wp\/v2\/product_brand?post=19310"},{"taxonomy":"product_cat","embeddable":true,"href":"https:\/\/www.hydraulic-cylinders.net\/pt\/wp-json\/wp\/v2\/product_cat?post=19310"},{"taxonomy":"product_tag","embeddable":true,"href":"https:\/\/www.hydraulic-cylinders.net\/pt\/wp-json\/wp\/v2\/product_tag?post=19310"}],"curies":[{"name":"wp","href":"https:\/\/api.w.org\/{rel}","templated":true}]}}