{"id":19324,"date":"2025-04-07T06:27:00","date_gmt":"2025-04-07T06:27:00","guid":{"rendered":"https:\/\/www.hydraulic-cylinders.net\/product\/boom-cylinder-for-xgma-wheel-excavator-xg807w\/"},"modified":"2025-04-07T06:27:02","modified_gmt":"2025-04-07T06:27:02","slug":"boom-cylinder-for-xgma-wheel-excavator-xg807w","status":"publish","type":"product","link":"https:\/\/www.hydraulic-cylinders.net\/pt\/produto\/boom-cylinder-for-xgma-wheel-excavator-xg807w\/","title":{"rendered":"Cilindro da lan\u00e7a para escavadeira de rodas XGMA XG807W"},"content":{"rendered":"<h1>Cilindro da lan\u00e7a para escavadeira de rodas XGMA XG807W<\/h1>\n<h2>Defini\u00e7\u00e3o e vis\u00e3o geral dos cilindros de ca\u00e7amba<\/h2>\n<p>O cilindro da lan\u00e7a \u00e9 um componente essencial projetado especificamente para controlar o movimento das ca\u00e7ambas em diversas m\u00e1quinas pesadas, como escavadeiras, retroescavadeiras e p\u00e1s carregadeiras. Este cilindro hidr\u00e1ulico permite que a ca\u00e7amba suba, des\u00e7a e incline, facilitando tarefas eficientes de movimenta\u00e7\u00e3o de materiais. Em sistemas hidr\u00e1ulicos, os cilindros da ca\u00e7amba desempenham um papel crucial, convertendo a press\u00e3o do fluido hidr\u00e1ulico em for\u00e7a mec\u00e2nica, permitindo que os operadores executem movimentos complexos com precis\u00e3o e facilidade.<\/p>\n<p><img decoding=\"async\" src=\"https:\/\/www.hydraulic-cylinders.net\/wp-content\/uploads\/2025\/04\/songte-company-1.webp\" alt=\"Imagem do Cilindro Hidr\u00e1ulico\"><\/p>\n<p>Ao utilizar \u00f3leo hidr\u00e1ulico, esses cilindros proporcionam uma opera\u00e7\u00e3o suave e potente, essencial para tarefas que exigem o levantamento e a movimenta\u00e7\u00e3o de cargas pesadas. O projeto leva em considera\u00e7\u00e3o alta durabilidade e resist\u00eancia ao desgaste, garantindo que o cilindro suporte ambientes de trabalho severos, mantendo a efici\u00eancia operacional. A capacidade do cilindro da lan\u00e7a de operar sob press\u00e3o o torna um equipamento vital nos setores da constru\u00e7\u00e3o civil e da agricultura.<\/p>\n<h2>Caracter\u00edsticas do Cilindro de Lan\u00e7a<\/h2>\n<ul>\n<li><strong>Alta resist\u00eancia e durabilidade:<\/strong> Fabricado em a\u00e7o ou alum\u00ednio de alta resist\u00eancia, capaz de suportar alta press\u00e3o e cargas pesadas, adaptando-se a condi\u00e7\u00f5es de trabalho severas. Projetado para resist\u00eancia ao desgaste e \u00e0 corros\u00e3o, prolongando sua vida \u00fatil.<\/li>\n<li><strong>Opera\u00e7\u00e3o hidr\u00e1ulica eficiente:<\/strong> Utiliza press\u00e3o de \u00f3leo hidr\u00e1ulico para extens\u00e3o e retra\u00e7\u00e3o suaves, respondendo rapidamente aos comandos de controle e fornecendo for\u00e7a robusta de empurrar e puxar, adequada para manusear materiais pesados \u200b\u200be realizar tarefas complexas.<\/li>\n<li><strong>Tipos diversos:<\/strong> Dispon\u00edvel em configura\u00e7\u00f5es de a\u00e7\u00e3o simples (utilizando for\u00e7a hidr\u00e1ulica em uma dire\u00e7\u00e3o) e de a\u00e7\u00e3o dupla (utilizando for\u00e7a hidr\u00e1ulica em ambas as dire\u00e7\u00f5es) para atender a diversas necessidades operacionais. Alguns modelos s\u00e3o telesc\u00f3picos, permitindo maior extens\u00e3o sem aumentar as dimens\u00f5es externas, ideal para aplica\u00e7\u00f5es com espa\u00e7o limitado.<\/li>\n<li><strong>Solu\u00e7\u00f5es personaliz\u00e1veis:<\/strong> Somos capazes de produzir este produto, e nossas solu\u00e7\u00f5es substituem perfeitamente diversos cilindros hidr\u00e1ulicos. Nossas capacidades de fabrica\u00e7\u00e3o permitem solu\u00e7\u00f5es personalizadas para atender \u00e0s necessidades espec\u00edficas de cada m\u00e1quina.<\/li>\n<li><strong>Garantia de qualidade:<\/strong> Cada cilindro da lan\u00e7a passa por testes rigorosos para garantir confiabilidade e desempenho, atendendo aos padr\u00f5es da ind\u00fastria em termos de seguran\u00e7a e efici\u00eancia.<\/li>\n<\/ul>\n<p><img decoding=\"async\" src=\"https:\/\/www.hydraulic-cylinders.net\/wp-content\/uploads\/2025\/04\/songte-cylinder-head-with-all-kinds-excavator-models.webp\" alt=\"Imagem de modelos de escavadeiras\"><\/p>\n<h2>Cen\u00e1rios de aplica\u00e7\u00e3o do cilindro da lan\u00e7a<\/h2>\n<h3>Equipamentos de constru\u00e7\u00e3o<\/h3>\n<p>Em escavadeiras, os cilindros da lan\u00e7a s\u00e3o essenciais para escavar, carregar e movimentar terra ou entulho. Eles fornecem a for\u00e7a necess\u00e1ria para penetrar no solo, tornando o processo de escava\u00e7\u00e3o eficiente e eficaz. A capacidade de levantar e inclinar a ca\u00e7amba permite um controle preciso na movimenta\u00e7\u00e3o de materiais, aumentando a produtividade em canteiros de obras.<\/p>\n<h3>Maquinaria agr\u00edcola<\/h3>\n<p>Em carregadeiras frontais, o cilindro da lan\u00e7a facilita o carregamento, o levantamento e o transporte de terra, feno e outros materiais. Seu desempenho confi\u00e1vel \u00e9 crucial para tarefas como alimentar o gado ou limpar campos, onde velocidade e efici\u00eancia s\u00e3o necess\u00e1rias.<\/p>\n<h3>Escavadeiras<\/h3>\n<p>O cilindro da lan\u00e7a permite que as escavadeiras realizem a\u00e7\u00f5es de escava\u00e7\u00e3o, possibilitando que a ca\u00e7amba penetre profundamente no solo. Essa capacidade \u00e9 vital para projetos de constru\u00e7\u00e3o e paisagismo, onde a profundidade precisa de escava\u00e7\u00e3o \u00e9 necess\u00e1ria para a constru\u00e7\u00e3o de funda\u00e7\u00f5es ou outras aplica\u00e7\u00f5es.<\/p>\n<h3>Carregadores<\/h3>\n<p>Em carregadeiras frontais, os cilindros da lan\u00e7a auxiliam no levantamento e despejo eficientes de cargas. Eles fornecem a pot\u00eancia necess\u00e1ria para levantar materiais pesados, garantindo uma opera\u00e7\u00e3o suave durante o carregamento de caminh\u00f5es ou o transporte de materiais em uma obra.<\/p>\n<h2>Considera\u00e7\u00f5es de design e crit\u00e9rios de sele\u00e7\u00e3o<\/h2>\n<h3>Capacidade de carga<\/h3>\n<p>A capacidade de carga do cilindro da lan\u00e7a \u00e9 um fator cr\u00edtico no projeto. Ela deve ser adequada \u00e0s tarefas e m\u00e1quinas espec\u00edficas com as quais ser\u00e1 utilizada. Os engenheiros calculam a capacidade de carga necess\u00e1ria com base nos pesos e for\u00e7as esperados durante a opera\u00e7\u00e3o, garantindo que o cilindro possa suportar a carga com seguran\u00e7a, sem risco de falha.<\/p>\n<h3>Capacidade de veda\u00e7\u00e3o<\/h3>\n<p>Uma veda\u00e7\u00e3o eficaz \u00e9 essencial para o desempenho dos cilindros hidr\u00e1ulicos. Veda\u00e7\u00f5es de alta qualidade evitam vazamentos de fluido hidr\u00e1ulico, mantendo a press\u00e3o dentro do sistema e garantindo uma opera\u00e7\u00e3o suave. As veda\u00e7\u00f5es devem ser selecionadas com base em sua compatibilidade com o fluido hidr\u00e1ulico e sua capacidade de suportar as condi\u00e7\u00f5es operacionais do ambiente.<\/p>\n<h3>Durabilidade<\/h3>\n<p>A durabilidade \u00e9 um fator crucial no projeto de cilindros hidr\u00e1ulicos. Os materiais utilizados devem resistir ao desgaste causado pelo movimento constante e pela exposi\u00e7\u00e3o a condi\u00e7\u00f5es clim\u00e1ticas adversas. Materiais e revestimentos de alta resist\u00eancia podem aumentar a durabilidade, prolongando a vida \u00fatil do cilindro.<\/p>\n<h3>Recursos de seguran\u00e7a<\/h3>\n<p>A seguran\u00e7a \u00e9 fundamental no projeto de cilindros hidr\u00e1ulicos. A incorpora\u00e7\u00e3o de recursos como v\u00e1lvulas de al\u00edvio de press\u00e3o pode prevenir sobrecargas e poss\u00edveis falhas catastr\u00f3ficas. Essas medidas de seguran\u00e7a s\u00e3o essenciais para proteger os operadores e os equipamentos durante a opera\u00e7\u00e3o.<\/p>\n<h3>Manutenibilidade<\/h3>\n<p>Projetar equipamentos que facilitem a manuten\u00e7\u00e3o \u00e9 crucial para minimizar o tempo de inatividade e prolongar sua vida \u00fatil. Recursos como pontos de lubrifica\u00e7\u00e3o de f\u00e1cil acesso e desmontagem simples para reparos s\u00e3o considera\u00e7\u00f5es essenciais no processo de projeto.<\/p>\n<p><img decoding=\"async\" src=\"https:\/\/www.hydraulic-cylinders.net\/wp-content\/uploads\/2025\/04\/songte-oil-pipes-and-spare-parts.webp\" alt=\"Imagem de pe\u00e7as sobressalentes para cilindro hidr\u00e1ulico\"><\/p>\n<h2>Veda\u00e7\u00e3o e Lubrifica\u00e7\u00e3o do Cilindro Hidr\u00e1ulico<\/h2>\n<p>A veda\u00e7\u00e3o e a lubrifica\u00e7\u00e3o dos cilindros hidr\u00e1ulicos s\u00e3o vitais para manter o desempenho e a vida \u00fatil. Diversos tipos de veda\u00e7\u00f5es, incluindo veda\u00e7\u00f5es de pist\u00e3o e de haste, s\u00e3o utilizados para evitar vazamentos de fluido hidr\u00e1ulico. Essas veda\u00e7\u00f5es s\u00e3o geralmente feitas de materiais dur\u00e1veis, como poliuretano ou borracha nitr\u00edlica, que s\u00e3o resistentes ao desgaste e \u00e0 abras\u00e3o. A sele\u00e7\u00e3o adequada dos materiais de veda\u00e7\u00e3o \u00e9 crucial, pois eles devem suportar as condi\u00e7\u00f5es de opera\u00e7\u00e3o e o tipo de fluido hidr\u00e1ulico utilizado.<\/p>\n<p>O corpo do cilindro e as superf\u00edcies roscadas das extremidades passam por processos de acabamento precisos para aumentar a resist\u00eancia ao desgaste. A lubrifica\u00e7\u00e3o regular com \u00f3leo hidr\u00e1ulico \u00e9 necess\u00e1ria para garantir o funcionamento suave e evitar o atrito entre as pe\u00e7as m\u00f3veis. Isso envolve completar periodicamente o n\u00edvel do \u00f3leo hidr\u00e1ulico e verificar se h\u00e1 sinais de deteriora\u00e7\u00e3o das veda\u00e7\u00f5es.<\/p>\n<h2>Medidas de inspe\u00e7\u00e3o regular e manuten\u00e7\u00e3o preventiva<\/h2>\n<ul>\n<li><strong>Inspe\u00e7\u00f5es regulares:<\/strong> Inspe\u00e7\u00f5es regulares do cilindro hidr\u00e1ulico podem identificar desgaste precocemente. Procure por sinais de vazamentos, corros\u00e3o ou danos f\u00edsicos. Verifica\u00e7\u00f5es visuais regulares podem ajudar a evitar problemas mais graves no futuro.<\/li>\n<li><strong>Lubrifica\u00e7\u00e3o adequada:<\/strong> Certifique-se de que o cilindro esteja sempre adequadamente lubrificado. Isso evita o superaquecimento e reduz o desgaste das veda\u00e7\u00f5es e das pe\u00e7as m\u00f3veis. Use o lubrificante recomendado e siga as instru\u00e7\u00f5es do fabricante quanto aos intervalos e quantidades de lubrifica\u00e7\u00e3o.<\/li>\n<li><strong>Substitui\u00e7\u00f5es de veda\u00e7\u00f5es:<\/strong> Verifique e substitua as veda\u00e7\u00f5es regularmente, conforme necess\u00e1rio, para manter o desempenho ideal. As veda\u00e7\u00f5es podem se desgastar com o tempo, causando vazamentos e redu\u00e7\u00e3o da efici\u00eancia. Manter um estoque de veda\u00e7\u00f5es de reposi\u00e7\u00e3o pode minimizar o tempo de inatividade.<\/li>\n<\/ul>\n<h2>Diretrizes de instala\u00e7\u00e3o adequadas<\/h2>\n<p>A instala\u00e7\u00e3o correta do cilindro da lan\u00e7a \u00e9 crucial para o seu funcionamento eficaz. Comece por garantir que todos os componentes estejam limpos e isentos de detritos. Alinhe o cilindro com precis\u00e3o para evitar tens\u00e3o e desgaste excessivos nas veda\u00e7\u00f5es. \u00c9 essencial utilizar suportes de montagem adequados para fixar o cilindro firmemente no lugar, garantindo estabilidade durante a opera\u00e7\u00e3o.<\/p>\n<p>Durante a instala\u00e7\u00e3o, preste aten\u00e7\u00e3o \u00e0s conex\u00f5es hidr\u00e1ulicas, certificando-se de que estejam firmes e sem vazamentos. Ap\u00f3s a instala\u00e7\u00e3o, teste o sistema para confirmar que o cilindro funciona corretamente, sem ru\u00eddos anormais ou vazamentos. Avalie regularmente o alinhamento e a condi\u00e7\u00e3o do cilindro para garantir o desempenho cont\u00ednuo.<\/p>\n<h2>Tarefas comuns de manuten\u00e7\u00e3o<\/h2>\n<ul>\n<li><strong>Verifica\u00e7\u00f5es regulares:<\/strong> \u00c9 importante realizar verifica\u00e7\u00f5es de rotina para detectar vazamentos, desgaste e a sa\u00fade geral dos cilindros. O monitoramento constante pode prevenir o desenvolvimento de problemas maiores.<\/li>\n<li><strong>Lubrifica\u00e7\u00e3o:<\/strong> Mantenha um cronograma de lubrifica\u00e7\u00e3o adequado para garantir que os componentes internos permane\u00e7am bem lubrificados, reduzindo o atrito e o desgaste.<\/li>\n<li><strong>Substitui\u00e7\u00e3o da veda\u00e7\u00e3o:<\/strong> Substitua as veda\u00e7\u00f5es conforme necess\u00e1rio para manter a efici\u00eancia do sistema hidr\u00e1ulico. A manuten\u00e7\u00e3o regular das veda\u00e7\u00f5es pode prevenir vazamentos e melhorar o desempenho.<\/li>\n<\/ul>\n<h2>Considera\u00e7\u00f5es de seguran\u00e7a e fatores ambientais<\/h2>\n<p>Ao operar cilindros hidr\u00e1ulicos, as medidas de seguran\u00e7a devem ser rigorosamente seguidas. Os operadores devem ser treinados para reconhecer os riscos associados aos equipamentos hidr\u00e1ulicos, incluindo poss\u00edveis les\u00f5es relacionadas \u00e0 press\u00e3o. O uso de equipamentos de prote\u00e7\u00e3o individual, o cumprimento das diretrizes operacionais e a manuten\u00e7\u00e3o dos equipamentos podem reduzir significativamente o risco de acidentes. Al\u00e9m disso, \u00e9 preciso considerar os fatores ambientais, como garantir que os fluidos hidr\u00e1ulicos sejam armazenados e gerenciados adequadamente para evitar a contamina\u00e7\u00e3o do solo e das fontes de \u00e1gua.<\/p>\n<h2>Solu\u00e7\u00e3o de problemas e problemas comuns<\/h2>\n<ul>\n<li><strong>Veda\u00e7\u00f5es com vazamento:<\/strong> Este \u00e9 um problema comum, geralmente causado por desgaste ou instala\u00e7\u00e3o inadequada. Inspe\u00e7\u00f5es regulares e a substitui\u00e7\u00e3o oportuna das veda\u00e7\u00f5es s\u00e3o essenciais para evitar vazamentos.<\/li>\n<li><strong>Cilindro sem resposta:<\/strong> Se o cilindro n\u00e3o responder, isso pode indicar baixo n\u00edvel de fluido hidr\u00e1ulico ou ar no sistema. Verifique o n\u00edvel do fluido e sangre o sistema, se necess\u00e1rio.<\/li>\n<li><strong>Superaquecimento:<\/strong> Isso pode ocorrer se a lubrifica\u00e7\u00e3o for inadequada. Certifique-se de seguir os cronogramas de lubrifica\u00e7\u00e3o e verifique se h\u00e1 obstru\u00e7\u00f5es no sistema hidr\u00e1ulico.<\/li>\n<\/ul>\n<h2>Dicas e solu\u00e7\u00f5es para solu\u00e7\u00e3o de problemas<\/h2>\n<p>Para diagnosticar e solucionar problemas com o cilindro da lan\u00e7a de forma eficaz, os operadores devem come\u00e7ar identificando os sintomas. Pr\u00e1ticas regulares de manuten\u00e7\u00e3o podem prevenir muitos problemas, como garantir que as veda\u00e7\u00f5es estejam em boas condi\u00e7\u00f5es e que o fluido hidr\u00e1ulico esteja no n\u00edvel adequado. Em caso de falha na resposta, verifique se h\u00e1 obstru\u00e7\u00f5es ou ar nas linhas hidr\u00e1ulicas. Para vazamentos, inspecione as veda\u00e7\u00f5es e conex\u00f5es para verificar sua integridade. Medidas proativas, como manter um cronograma de manuten\u00e7\u00e3o organizado, podem minimizar problemas potenciais e prolongar a vida \u00fatil dos componentes hidr\u00e1ulicos.<\/p>\n<p><img decoding=\"async\" src=\"https:\/\/www.hydraulic-cylinders.net\/wp-content\/uploads\/2025\/04\/songte-bushings-with-all-kinds-of-excavator-models.webp\" alt=\"Imagem de buchas de escavadeira\"><\/p>\n<h2>Vis\u00e3o geral da empresa<\/h2>\n<p>Somos um fabricante especializado em cilindros hidr\u00e1ulicos de reposi\u00e7\u00e3o, oferecendo uma gama completa de produtos que nos posiciona como um dos principais fabricantes e distribuidores nos mercados nacional e internacional. Nosso compromisso com a excel\u00eancia se reflete em nossa oficina de fabrica\u00e7\u00e3o refinada e em estrat\u00e9gias sistem\u00e1ticas de gest\u00e3o da produ\u00e7\u00e3o. Aprimoramos continuamente nossas capacidades de fabrica\u00e7\u00e3o por meio da utiliza\u00e7\u00e3o de t\u00e9cnicos qualificados, equipamentos de fabrica\u00e7\u00e3o digital avan\u00e7ados e sistemas de teste rigorosos.<\/p>\n<p>Nossa empresa se destaca pelo foco em inova\u00e7\u00e3o tecnol\u00f3gica, altos padr\u00f5es de qualidade e solu\u00e7\u00f5es personalizadas que atendem \u00e0s diversas necessidades dos clientes. Nossas instala\u00e7\u00f5es de produ\u00e7\u00e3o s\u00e3o equipadas para alta efici\u00eancia, precis\u00e3o e qualidade, garantindo que atendamos \u00e0s variadas exig\u00eancias de nossos clientes, desde projetos especializados at\u00e9 produtos padr\u00e3o.<\/p>\n<p><img decoding=\"async\" src=\"https:\/\/www.hydraulic-cylinders.net\/wp-content\/uploads\/2025\/04\/songte-company-4.webp\" alt=\"Imagem da empresa 1\"><br \/>\n<img decoding=\"async\" src=\"https:\/\/www.hydraulic-cylinders.net\/wp-content\/uploads\/2025\/04\/songte-company-3.webp\" alt=\"Imagem da empresa 2\"><\/p>\n<p>Autor: lyl<\/p>","protected":false},"excerpt":{"rendered":"<p>Boom Cylinder For XGMA Wheel Excavator XG807W Definition and Overview of Bucket Cylinders The Boom Cylinder is an integral component specifically designed for controlling the movement of buckets in various heavy machinery such as excavators, backhoe loaders, and front loaders. This hydraulic cylinder enables the bucket to lift, lower, and tilt, facilitating efficient material handling [&hellip;]<\/p>","protected":false},"featured_media":17874,"comment_status":"open","ping_status":"closed","template":"","meta":{"_et_pb_use_builder":"","_et_pb_old_content":"","_et_gb_content_width":""},"product_brand":[],"product_cat":[1546],"product_tag":[1547,1496],"class_list":{"0":"post-19324","1":"product","2":"type-product","3":"status-publish","4":"has-post-thumbnail","6":"product_cat-boom-cylinders","7":"product_tag-boom-cylinders","8":"product_tag-hydraulic-cylinders","10":"first","11":"instock","12":"shipping-taxable","13":"product-type-simple"},"amp_enabled":true,"_links":{"self":[{"href":"https:\/\/www.hydraulic-cylinders.net\/pt\/wp-json\/wp\/v2\/product\/19324","targetHints":{"allow":["GET"]}}],"collection":[{"href":"https:\/\/www.hydraulic-cylinders.net\/pt\/wp-json\/wp\/v2\/product"}],"about":[{"href":"https:\/\/www.hydraulic-cylinders.net\/pt\/wp-json\/wp\/v2\/types\/product"}],"replies":[{"embeddable":true,"href":"https:\/\/www.hydraulic-cylinders.net\/pt\/wp-json\/wp\/v2\/comments?post=19324"}],"wp:featuredmedia":[{"embeddable":true,"href":"https:\/\/www.hydraulic-cylinders.net\/pt\/wp-json\/wp\/v2\/media\/17874"}],"wp:attachment":[{"href":"https:\/\/www.hydraulic-cylinders.net\/pt\/wp-json\/wp\/v2\/media?parent=19324"}],"wp:term":[{"taxonomy":"product_brand","embeddable":true,"href":"https:\/\/www.hydraulic-cylinders.net\/pt\/wp-json\/wp\/v2\/product_brand?post=19324"},{"taxonomy":"product_cat","embeddable":true,"href":"https:\/\/www.hydraulic-cylinders.net\/pt\/wp-json\/wp\/v2\/product_cat?post=19324"},{"taxonomy":"product_tag","embeddable":true,"href":"https:\/\/www.hydraulic-cylinders.net\/pt\/wp-json\/wp\/v2\/product_tag?post=19324"}],"curies":[{"name":"wp","href":"https:\/\/api.w.org\/{rel}","templated":true}]}}