{"id":19338,"date":"2025-04-07T06:27:47","date_gmt":"2025-04-07T06:27:47","guid":{"rendered":"https:\/\/www.hydraulic-cylinders.net\/product\/boom-cylinder-for-lonking-middle-excavator-lg6245\/"},"modified":"2025-04-07T06:27:50","modified_gmt":"2025-04-07T06:27:50","slug":"boom-cylinder-for-lonking-middle-excavator-lg6245","status":"publish","type":"product","link":"https:\/\/www.hydraulic-cylinders.net\/pt\/produto\/boom-cylinder-for-lonking-middle-excavator-lg6245\/","title":{"rendered":"Cilindro da lan\u00e7a para escavadeira de bra\u00e7o longo LG6245"},"content":{"rendered":"<h1>Cilindro da lan\u00e7a para escavadeira de bra\u00e7o longo LG6245<\/h1>\n<h2>Introdu\u00e7\u00e3o ao Cilindro de Lan\u00e7a<\/h2>\n<p>O cilindro da lan\u00e7a, projetado especificamente para o modelo de escavadeira Lonking LG6245, desempenha um papel crucial nos sistemas hidr\u00e1ulicos de m\u00e1quinas de constru\u00e7\u00e3o. Trata-se de um tipo de cilindro hidr\u00e1ulico especialmente projetado para controlar o movimento da lan\u00e7a e da ca\u00e7amba em m\u00e1quinas pesadas, como escavadeiras, retroescavadeiras e p\u00e1s carregadeiras. Isso permite que a ca\u00e7amba suba, des\u00e7a e incline, facilitando tarefas eficientes de movimenta\u00e7\u00e3o de materiais. O cilindro da lan\u00e7a \u00e9 essencial para aprimorar as capacidades operacionais dessas m\u00e1quinas, garantindo que elas possam executar diversas tarefas com efic\u00e1cia e seguran\u00e7a.<\/p>\n<p><img decoding=\"async\" src=\"https:\/\/www.hydraulic-cylinders.net\/wp-content\/uploads\/2025\/04\/songte-company-1.webp\" alt=\"Cilindro de lan\u00e7a\"><\/p>\n<h2>Caracter\u00edsticas do Cilindro de Lan\u00e7a<\/h2>\n<ul>\n<li><strong>Alta resist\u00eancia e durabilidade:<\/strong> Normalmente fabricado em a\u00e7o de alta resist\u00eancia ou alum\u00ednio, o cilindro da lan\u00e7a \u00e9 projetado para suportar alta press\u00e3o e cargas pesadas, tornando-o adequado para ambientes de trabalho severos. Ele \u00e9 projetado para resist\u00eancia ao desgaste e prote\u00e7\u00e3o contra corros\u00e3o, prolongando significativamente sua vida \u00fatil.<\/li>\n<li><strong>Opera\u00e7\u00e3o hidr\u00e1ulica eficiente:<\/strong> Utilizando a press\u00e3o do \u00f3leo hidr\u00e1ulico, o cilindro da lan\u00e7a garante uma extens\u00e3o e retra\u00e7\u00e3o suaves, respondendo rapidamente aos comandos do operador. Isso proporciona uma for\u00e7a de empuxo e tra\u00e7\u00e3o poderosa, essencial para o manuseio de objetos pesados \u200b\u200be tarefas complexas.<\/li>\n<li><strong>Tipos diversos:<\/strong> Dependendo das necessidades operacionais, os usu\u00e1rios podem escolher entre cilindros de a\u00e7\u00e3o simples (que utilizam press\u00e3o hidr\u00e1ulica em uma dire\u00e7\u00e3o) ou de a\u00e7\u00e3o dupla (que utilizam press\u00e3o hidr\u00e1ulica em ambas as dire\u00e7\u00f5es). Alguns modelos apresentam um design telesc\u00f3pico, permitindo maior extens\u00e3o sem aumentar as dimens\u00f5es externas, ideal para aplica\u00e7\u00f5es com espa\u00e7o limitado.<\/li>\n<li><strong>Compatibilidade:<\/strong> Nossos produtos podem substituir perfeitamente esses cilindros hidr\u00e1ulicos, garantindo uma integra\u00e7\u00e3o perfeita com m\u00e1quinas e sistemas existentes.<\/li>\n<\/ul>\n<p><img decoding=\"async\" src=\"https:\/\/www.hydraulic-cylinders.net\/wp-content\/uploads\/2025\/04\/songte-cylinder-head-with-all-kinds-excavator-models.webp\" alt=\"Modelos compat\u00edveis\"><\/p>\n<h2>Aplica\u00e7\u00f5es do Cilindro de Lan\u00e7a<\/h2>\n<h3>Equipamentos de constru\u00e7\u00e3o<\/h3>\n<p>Em equipamentos de constru\u00e7\u00e3o, como escavadeiras, os cilindros da lan\u00e7a s\u00e3o essenciais para escavar, carregar e movimentar terra ou entulho. Eles permitem que a ca\u00e7amba execute diversos movimentos com efici\u00eancia, aumentando o desempenho da m\u00e1quina. Em retroescavadeiras, o cilindro da lan\u00e7a n\u00e3o s\u00f3 auxilia na escava\u00e7\u00e3o, como tamb\u00e9m facilita as opera\u00e7\u00f5es de eleva\u00e7\u00e3o, tornando-se um componente vers\u00e1til em tarefas de constru\u00e7\u00e3o.<\/p>\n<h3>Maquinaria agr\u00edcola<\/h3>\n<p>Em m\u00e1quinas agr\u00edcolas como p\u00e1s carregadeiras, os cilindros da lan\u00e7a s\u00e3o cruciais para escavar, levantar e transportar terra, feno e outros materiais. Sua capacidade de lidar com cargas pesadas os torna indispens\u00e1veis \u200b\u200bem opera\u00e7\u00f5es agr\u00edcolas, onde efici\u00eancia e for\u00e7a s\u00e3o fundamentais.<\/p>\n<h3>Escavadeiras<\/h3>\n<p>O cilindro da lan\u00e7a permite que as escavadeiras penetrem no solo de forma eficaz durante as opera\u00e7\u00f5es de escava\u00e7\u00e3o. Essa fun\u00e7\u00e3o \u00e9 vital para projetos de movimenta\u00e7\u00e3o de terra, permitindo que os operadores escavem valas e funda\u00e7\u00f5es com precis\u00e3o.<\/p>\n<h3>Carregadores<\/h3>\n<p>Em carregadeiras frontais, os cilindros da lan\u00e7a auxiliam no levantamento e despejo eficientes das cargas. Sua pot\u00eancia hidr\u00e1ulica permite uma opera\u00e7\u00e3o suave, garantindo que os materiais possam ser movimentados e descartados de forma r\u00e1pida e segura.<\/p>\n<h2>Considera\u00e7\u00f5es de design e crit\u00e9rios de sele\u00e7\u00e3o<\/h2>\n<h3>Capacidade de carga<\/h3>\n<p>Uma das principais considera\u00e7\u00f5es de projeto para cilindros de lan\u00e7a \u00e9 sua capacidade de carga. Os fabricantes devem garantir que os cilindros suportem o peso m\u00e1ximo que encontrar\u00e3o em opera\u00e7\u00e3o sem risco de falha. Isso envolve a sele\u00e7\u00e3o de materiais robustos e projetos de engenharia que possam distribuir a tens\u00e3o com seguran\u00e7a e resistir \u00e0 deforma\u00e7\u00e3o sob carga.<\/p>\n<h3>Veda\u00e7\u00e3o e durabilidade<\/h3>\n<p>A veda\u00e7\u00e3o eficaz \u00e9 crucial em sistemas hidr\u00e1ulicos para evitar vazamentos e manter a press\u00e3o. O projeto deve incluir veda\u00e7\u00f5es de alta qualidade que suportem temperaturas e press\u00f5es extremas. A durabilidade dessas veda\u00e7\u00f5es afeta a vida \u00fatil do cilindro hidr\u00e1ulico, tornando-se um fator importante nas considera\u00e7\u00f5es de projeto.<\/p>\n<h3>Recursos de seguran\u00e7a<\/h3>\n<p>A seguran\u00e7a \u00e9 fundamental no projeto dos cilindros da lan\u00e7a. Recursos como v\u00e1lvulas de al\u00edvio de press\u00e3o e travas de seguran\u00e7a s\u00e3o essenciais para evitar acidentes durante a opera\u00e7\u00e3o. Esses componentes garantem que os operadores possam trabalhar com confian\u00e7a, reduzindo o risco de les\u00f5es e danos ao equipamento.<\/p>\n<h3>Acessibilidade de Manuten\u00e7\u00e3o<\/h3>\n<p>Projetar um produto que facilite a manuten\u00e7\u00e3o \u00e9 crucial. Os cilindros hidr\u00e1ulicos devem permitir f\u00e1cil acesso para inspe\u00e7\u00e3o, lubrifica\u00e7\u00e3o e substitui\u00e7\u00e3o de pe\u00e7as. Essa considera\u00e7\u00e3o pode reduzir significativamente o tempo de inatividade e os custos associados \u00e0 manuten\u00e7\u00e3o, tornando-se um aspecto vital do projeto do produto.<\/p>\n<p><img decoding=\"async\" src=\"https:\/\/www.hydraulic-cylinders.net\/wp-content\/uploads\/2025\/04\/songte-oil-pipes-and-spare-parts.webp\" alt=\"Tubos de \u00f3leo e pe\u00e7as de reposi\u00e7\u00e3o\"><\/p>\n<h2>Veda\u00e7\u00e3o e Lubrifica\u00e7\u00e3o do Cilindro da Lan\u00e7a<\/h2>\n<p>A efic\u00e1cia de um cilindro de lan\u00e7a \u00e9 significativamente influenciada por seus sistemas de veda\u00e7\u00e3o e lubrifica\u00e7\u00e3o. Diversos tipos de veda\u00e7\u00e3o, como veda\u00e7\u00f5es de pist\u00e3o e veda\u00e7\u00f5es de haste, s\u00e3o comumente utilizados. Essas veda\u00e7\u00f5es s\u00e3o frequentemente fabricadas com materiais resistentes ao desgaste, como poliuretano e borracha nitr\u00edlica, o que aumenta a durabilidade e o desempenho. O corpo do cilindro e as extremidades roscadas passam por processos de usinagem de precis\u00e3o para melhorar a resist\u00eancia ao desgaste, garantindo uma longa vida \u00fatil. A lubrifica\u00e7\u00e3o regular \u00e9 essencial; os operadores devem adicionar periodicamente a quantidade adequada de \u00f3leo hidr\u00e1ulico para manter o funcionamento suave e evitar o desgaste.<\/p>\n<h2>Inspe\u00e7\u00e3o regular e manuten\u00e7\u00e3o preventiva<\/h2>\n<ul>\n<li><strong>Inspe\u00e7\u00f5es regulares:<\/strong> Realizar inspe\u00e7\u00f5es de rotina no cilindro da lan\u00e7a \u00e9 essencial para identificar problemas potenciais antes que se agravem. Isso inclui verificar vazamentos, desgaste e o funcionamento geral.<\/li>\n<li><strong>Lubrifica\u00e7\u00e3o adequada:<\/strong> Garantir que o cilindro da lan\u00e7a esteja adequadamente lubrificado ajuda a reduzir o atrito e o desgaste, melhorando o desempenho e a vida \u00fatil.<\/li>\n<li><strong>Substitui\u00e7\u00e3o da veda\u00e7\u00e3o:<\/strong> A substitui\u00e7\u00e3o regular das veda\u00e7\u00f5es \u00e9 crucial para manter a press\u00e3o hidr\u00e1ulica e evitar vazamentos, garantindo o funcionamento eficiente do sistema.<\/li>\n<\/ul>\n<h2>Diretrizes de instala\u00e7\u00e3o corretas<\/h2>\n<p>A instala\u00e7\u00e3o correta do cilindro da lan\u00e7a \u00e9 essencial para o desempenho ideal. Comece certificando-se de que todos os componentes estejam limpos e livres de detritos. Alinhe o cilindro corretamente com os pontos de montagem, utilizando os suportes apropriados para fix\u00e1-lo no lugar. Certifique-se de que as conex\u00f5es hidr\u00e1ulicas estejam firmes para evitar vazamentos. Ap\u00f3s a instala\u00e7\u00e3o, verifique o alinhamento para evitar tens\u00e3o desnecess\u00e1ria no cilindro. Seguir estas etapas otimizar\u00e1 o funcionamento e a vida \u00fatil do cilindro da lan\u00e7a.<\/p>\n<h2>Tarefas comuns de manuten\u00e7\u00e3o<\/h2>\n<ul>\n<li><strong>Verifica\u00e7\u00f5es regulares:<\/strong> Inspe\u00e7\u00f5es frequentes do cilindro da lan\u00e7a devem ser realizadas para identificar quaisquer sinais de desgaste ou danos. Isso ajuda a tomar medidas oportunas antes que ocorra uma avaria.<\/li>\n<li><strong>Lubrifica\u00e7\u00e3o adequada:<\/strong> A lubrifica\u00e7\u00e3o regular \u00e9 essencial para garantir o bom funcionamento do sistema hidr\u00e1ulico. Isso reduz o atrito e prolonga a vida \u00fatil do cilindro.<\/li>\n<li><strong>Substitui\u00e7\u00e3o da veda\u00e7\u00e3o:<\/strong> \u00c9 importante substituir as veda\u00e7\u00f5es periodicamente, pois veda\u00e7\u00f5es desgastadas podem causar vazamentos e reduzir a efici\u00eancia. A manuten\u00e7\u00e3o adequada das veda\u00e7\u00f5es aumenta a confiabilidade geral do sistema.<\/li>\n<\/ul>\n<h2>Considera\u00e7\u00f5es de seguran\u00e7a e fatores ambientais<\/h2>\n<p>Ao manusear componentes hidr\u00e1ulicos, as medidas de seguran\u00e7a s\u00e3o cruciais. Os operadores devem ser treinados no uso correto e nas pr\u00e1ticas de manuten\u00e7\u00e3o para evitar acidentes. Os equipamentos devem ser inspecionados regularmente para verificar desgaste e poss\u00edveis riscos. Al\u00e9m disso, considera\u00e7\u00f5es ambientais, como o descarte adequado de fluidos e materiais hidr\u00e1ulicos, devem fazer parte dos procedimentos operacionais para minimizar o impacto ecol\u00f3gico.<\/p>\n<h2>Diagn\u00f3stico de falhas e problemas comuns<\/h2>\n<ul>\n<li><strong>Vazamentos hidr\u00e1ulicos:<\/strong> Vazamentos podem ocorrer devido a veda\u00e7\u00f5es desgastadas ou conex\u00f5es danificadas. Identificar a origem do vazamento \u00e9 essencial para os reparos.<\/li>\n<li><strong>Desempenho ruim:<\/strong> Se o cilindro n\u00e3o estiver respondendo como esperado, isso pode ser devido a n\u00edveis baixos de fluido hidr\u00e1ulico ou ar preso no sistema. Verifica\u00e7\u00f5es e manuten\u00e7\u00f5es regulares podem prevenir esse problema.<\/li>\n<li><strong>Ru\u00eddos incomuns:<\/strong> Ru\u00eddos de rangido ou guincho durante o funcionamento podem indicar desgaste interno ou lubrifica\u00e7\u00e3o inadequada. Resolver esses ru\u00eddos prontamente pode evitar danos maiores.<\/li>\n<\/ul>\n<p>Fornecer dicas e solu\u00e7\u00f5es para problemas pode ajudar os usu\u00e1rios a diagnosticar e resolver problemas com efic\u00e1cia, garantindo o bom funcionamento do cilindro da lan\u00e7a. Medidas preventivas, como manuten\u00e7\u00e3o e inspe\u00e7\u00f5es regulares, podem reduzir significativamente os problemas potenciais.<\/p>\n<p><img decoding=\"async\" src=\"https:\/\/www.hydraulic-cylinders.net\/wp-content\/uploads\/2025\/04\/songte-bushings-with-all-kinds-of-excavator-models.webp\" alt=\"Buchas para modelos de escavadeiras\"><\/p>\n<h2>Sobre nossa empresa<\/h2>\n<p>Somos fabricantes de cilindros hidr\u00e1ulicos alternativos, oferecendo uma ampla gama de produtos que nos posicionaram como um dos principais fabricantes e distribuidores nos mercados nacional e internacional. Nosso compromisso com a excel\u00eancia \u00e9 sustentado por uma estrat\u00e9gia de gest\u00e3o de produ\u00e7\u00e3o refinada, que utiliza profissionais qualificados, equipamentos de fabrica\u00e7\u00e3o digital de \u00faltima gera\u00e7\u00e3o e sistemas de teste abrangentes. Aprimoramos continuamente nossas capacidades de produ\u00e7\u00e3o para atender \u00e0s diversas necessidades dos clientes com alta efici\u00eancia, precis\u00e3o e qualidade.<\/p>\n<p><img decoding=\"async\" src=\"https:\/\/www.hydraulic-cylinders.net\/wp-content\/uploads\/2025\/04\/songte-company-4.webp\" alt=\"Vis\u00e3o geral da empresa\"><br \/>\n<img decoding=\"async\" src=\"https:\/\/www.hydraulic-cylinders.net\/wp-content\/uploads\/2025\/04\/songte-company-3.webp\" alt=\"Processo de fabrica\u00e7\u00e3o\"><\/p>\n<p>Nossa especializa\u00e7\u00e3o abrange certifica\u00e7\u00f5es internacionais, servi\u00e7os personalizados, equipamentos de produ\u00e7\u00e3o avan\u00e7ados e suporte p\u00f3s-venda dedicado. Priorizamos a satisfa\u00e7\u00e3o do cliente e nos esfor\u00e7amos para atender \u00e0s demandas em constante evolu\u00e7\u00e3o do mercado.<\/p>\n<p>Autor: lyl<\/p>","protected":false},"excerpt":{"rendered":"<p>Boom Cylinder For Lonking Middle Excavator LG6245 Introduction to Boom Cylinder The boom cylinder, specifically designed for the Lonking LG6245 excavator model, plays a crucial role in the hydraulic systems of construction machinery. It is a type of hydraulic cylinder that is specially engineered to control the movement of the boom and bucket in heavy [&hellip;]<\/p>","protected":false},"featured_media":17873,"comment_status":"open","ping_status":"closed","template":"","meta":{"_et_pb_use_builder":"","_et_pb_old_content":"","_et_gb_content_width":""},"product_brand":[],"product_cat":[1546],"product_tag":[1547,1496],"class_list":{"0":"post-19338","1":"product","2":"type-product","3":"status-publish","4":"has-post-thumbnail","6":"product_cat-boom-cylinders","7":"product_tag-boom-cylinders","8":"product_tag-hydraulic-cylinders","10":"first","11":"instock","12":"shipping-taxable","13":"product-type-simple"},"amp_enabled":true,"_links":{"self":[{"href":"https:\/\/www.hydraulic-cylinders.net\/pt\/wp-json\/wp\/v2\/product\/19338","targetHints":{"allow":["GET"]}}],"collection":[{"href":"https:\/\/www.hydraulic-cylinders.net\/pt\/wp-json\/wp\/v2\/product"}],"about":[{"href":"https:\/\/www.hydraulic-cylinders.net\/pt\/wp-json\/wp\/v2\/types\/product"}],"replies":[{"embeddable":true,"href":"https:\/\/www.hydraulic-cylinders.net\/pt\/wp-json\/wp\/v2\/comments?post=19338"}],"wp:featuredmedia":[{"embeddable":true,"href":"https:\/\/www.hydraulic-cylinders.net\/pt\/wp-json\/wp\/v2\/media\/17873"}],"wp:attachment":[{"href":"https:\/\/www.hydraulic-cylinders.net\/pt\/wp-json\/wp\/v2\/media?parent=19338"}],"wp:term":[{"taxonomy":"product_brand","embeddable":true,"href":"https:\/\/www.hydraulic-cylinders.net\/pt\/wp-json\/wp\/v2\/product_brand?post=19338"},{"taxonomy":"product_cat","embeddable":true,"href":"https:\/\/www.hydraulic-cylinders.net\/pt\/wp-json\/wp\/v2\/product_cat?post=19338"},{"taxonomy":"product_tag","embeddable":true,"href":"https:\/\/www.hydraulic-cylinders.net\/pt\/wp-json\/wp\/v2\/product_tag?post=19338"}],"curies":[{"name":"wp","href":"https:\/\/api.w.org\/{rel}","templated":true}]}}