{"id":19373,"date":"2025-04-07T06:30:57","date_gmt":"2025-04-07T06:30:57","guid":{"rendered":"https:\/\/www.hydraulic-cylinders.net\/product\/boom-cylinder-for-sdlg-middle-excavator-lg6225\/"},"modified":"2025-04-07T06:31:01","modified_gmt":"2025-04-07T06:31:01","slug":"boom-cylinder-for-sdlg-middle-excavator-lg6225","status":"publish","type":"product","link":"https:\/\/www.hydraulic-cylinders.net\/pt\/produto\/boom-cylinder-for-sdlg-middle-excavator-lg6225\/","title":{"rendered":"Cilindro da lan\u00e7a para escavadeira m\u00e9dia SDLG LG6225"},"content":{"rendered":"<h1>Cilindro da lan\u00e7a para escavadeira m\u00e9dia SDLG LG6225<\/h1>\n<h2>Vis\u00e3o geral do produto<\/h2>\n<p>O cilindro da lan\u00e7a para a escavadeira m\u00e9dia SDLG LG6225 \u00e9 um componente crucial nos sistemas hidr\u00e1ulicos de m\u00e1quinas pesadas. Este cilindro hidr\u00e1ulico foi projetado especificamente para controlar o movimento da ca\u00e7amba em diversos equipamentos pesados, como escavadeiras, retroescavadeiras e p\u00e1s carregadeiras. Ele permite que a ca\u00e7amba suba, des\u00e7a e incline, facilitando as tarefas de movimenta\u00e7\u00e3o de materiais com efici\u00eancia.<\/p>\n<p>Este cilindro hidr\u00e1ulico funciona utilizando \u00f3leo hidr\u00e1ulico pressurizado para criar movimento, sendo essencial para opera\u00e7\u00f5es que exigem precis\u00e3o e pot\u00eancia. O cilindro da ca\u00e7amba desempenha um papel fundamental no desempenho de m\u00e1quinas agr\u00edcolas e de constru\u00e7\u00e3o, garantindo que os operadores possam executar suas tarefas com facilidade e efic\u00e1cia.<\/p>\n<p><img decoding=\"async\" src=\"https:\/\/www.hydraulic-cylinders.net\/wp-content\/uploads\/2025\/04\/songte-company-1.webp\" alt=\"Cilindro da lan\u00e7a para escavadeiras\"><\/p>\n<h2>Principais caracter\u00edsticas do cilindro de lan\u00e7a<\/h2>\n<ul>\n<li><strong>Alta resist\u00eancia e durabilidade:<\/strong> Normalmente fabricado em a\u00e7o de alta resist\u00eancia ou alum\u00ednio, suporta alta press\u00e3o e cargas pesadas, sendo adequado para ambientes de trabalho severos. O design considera a resist\u00eancia ao desgaste e \u00e0 corros\u00e3o, prolongando sua vida \u00fatil.<\/li>\n<li><strong>Opera\u00e7\u00e3o hidr\u00e1ulica eficiente:<\/strong> Utiliza a press\u00e3o do \u00f3leo hidr\u00e1ulico para uma extens\u00e3o e retra\u00e7\u00e3o suaves, permitindo uma resposta r\u00e1pida aos comandos do operador e fornecendo uma for\u00e7a de empurrar e puxar potente, ideal para manusear materiais pesados \u200b\u200be realizar tarefas complexas.<\/li>\n<li><strong>Tipos diversos:<\/strong> Dispon\u00edveis com cilindros de a\u00e7\u00e3o simples (utilizando hidr\u00e1ulica em uma dire\u00e7\u00e3o) ou de a\u00e7\u00e3o dupla (utilizando hidr\u00e1ulica em ambas as dire\u00e7\u00f5es) para atender a diversas necessidades operacionais. Alguns modelos s\u00e3o telesc\u00f3picos, permitindo maior extens\u00e3o sem aumentar as dimens\u00f5es externas, sendo adequados para aplica\u00e7\u00f5es com espa\u00e7o limitado.<\/li>\n<li><strong>Op\u00e7\u00f5es personaliz\u00e1veis:<\/strong> Dependendo das necessidades espec\u00edficas, o cilindro da lan\u00e7a pode ser adaptado para diferentes m\u00e1quinas, garantindo compatibilidade e desempenho ideal.<\/li>\n<li><strong>Instala\u00e7\u00e3o e manuten\u00e7\u00e3o f\u00e1ceis:<\/strong> Projetado para montagem simples e manuten\u00e7\u00e3o regular, garantindo efici\u00eancia operacional e longa vida \u00fatil.<\/li>\n<\/ul>\n<p>Nossos produtos podem substituir perfeitamente esses cilindros hidr\u00e1ulicos.<\/p>\n<p><img decoding=\"async\" src=\"https:\/\/www.hydraulic-cylinders.net\/wp-content\/uploads\/2025\/04\/songte-cylinder-head-with-all-kinds-excavator-models.webp\" alt=\"Modelos de cilindros hidr\u00e1ulicos\"><\/p>\n<h2>Cen\u00e1rios de Aplica\u00e7\u00e3o<\/h2>\n<h3>Equipamentos de constru\u00e7\u00e3o<\/h3>\n<p>Em escavadeiras, os cilindros da lan\u00e7a s\u00e3o vitais para escavar, carregar e movimentar terra ou entulho. O controle preciso que oferecem permite que os operadores executem tarefas com exatid\u00e3o, aumentando a produtividade em canteiros de obras. Em retroescavadeiras, o cilindro da ca\u00e7amba auxilia tanto na escava\u00e7\u00e3o quanto no levantamento, tornando-se uma ferramenta indispens\u00e1vel em diversas aplica\u00e7\u00f5es na constru\u00e7\u00e3o civil.<\/p>\n<h3>Maquinaria agr\u00edcola<\/h3>\n<p>Em carregadeiras frontais, os cilindros da lan\u00e7a s\u00e3o usados \u200b\u200bpara escavar, levantar e transportar terra, feno e outros materiais. Seu design robusto ajuda os agricultores a gerenciar com efici\u00eancia tarefas como carregar ra\u00e7\u00e3o ou limpar campos, que s\u00e3o essenciais para a produtividade agr\u00edcola.<\/p>\n<h3>Escavadeiras<\/h3>\n<p>Em escavadeiras, o cilindro da ca\u00e7amba permite que ela penetre no solo de forma eficaz, facilitando as opera\u00e7\u00f5es de escava\u00e7\u00e3o. Sua capacidade de levantar e inclinar \u00e9 crucial para movimentar terra e preparar terrenos para constru\u00e7\u00e3o, tornando-se um aspecto fundamental do trabalho de escava\u00e7\u00e3o.<\/p>\n<h3>Carregadores<\/h3>\n<p>Em carregadeiras frontais, os cilindros da lan\u00e7a auxiliam no levantamento e despejo eficiente de materiais. Essa funcionalidade \u00e9 essencial em diversos contextos, incluindo constru\u00e7\u00e3o civil e paisagismo, onde o manuseio r\u00e1pido e eficaz de materiais \u00e9 necess\u00e1rio.<\/p>\n<h2>Considera\u00e7\u00f5es de design e crit\u00e9rios de sele\u00e7\u00e3o<\/h2>\n<h3>Capacidade de carga<\/h3>\n<p>Ao selecionar um cilindro para lan\u00e7a, \u00e9 essencial considerar a capacidade de carga, que determina quanto peso o cilindro pode suportar sem falhar. Uma capacidade de carga maior garante que o cilindro possa operar com efici\u00eancia em condi\u00e7\u00f5es extremas, tornando-o adequado para aplica\u00e7\u00f5es pesadas.<\/p>\n<h3>Selagem<\/h3>\n<p>Uma veda\u00e7\u00e3o eficaz \u00e9 crucial para evitar vazamentos de fluido hidr\u00e1ulico, que podem levar \u00e0 diminui\u00e7\u00e3o da efici\u00eancia e a poss\u00edveis danos \u00e0 m\u00e1quina. A escolha das veda\u00e7\u00f5es \u2014 como as de pist\u00e3o e as de haste \u2014 deve incluir materiais dur\u00e1veis \u200b\u200bque resistam ao desgaste e aos fatores ambientais, garantindo um desempenho de longa dura\u00e7\u00e3o.<\/p>\n<h3>Durabilidade<\/h3>\n<p>A durabilidade do cilindro da lan\u00e7a \u00e9 fundamental, pois ele deve suportar os rigores do uso intenso. Fatores como a sele\u00e7\u00e3o de materiais, os processos de fabrica\u00e7\u00e3o e a exposi\u00e7\u00e3o ambiental influenciam a vida \u00fatil do cilindro, e a escolha de componentes de alta qualidade pode aumentar significativamente sua durabilidade.<\/p>\n<h3>Seguran\u00e7a<\/h3>\n<p>As considera\u00e7\u00f5es de seguran\u00e7a envolvem garantir que o sistema hidr\u00e1ulico funcione sem falhas sob alta press\u00e3o. A implementa\u00e7\u00e3o de recursos de seguran\u00e7a, como v\u00e1lvulas de al\u00edvio de press\u00e3o, pode prevenir acidentes e proteger tanto a m\u00e1quina quanto o operador.<\/p>\n<h3>Manuten\u00e7\u00e3o<\/h3>\n<p>A facilidade de manuten\u00e7\u00e3o \u00e9 outro fator cr\u00edtico. Um cilindro bem projetado deve permitir inspe\u00e7\u00f5es regulares, lubrifica\u00e7\u00e3o e substitui\u00e7\u00e3o de componentes sem longos per\u00edodos de inatividade, garantindo que a m\u00e1quina permane\u00e7a operacional e eficiente.<\/p>\n<p><img decoding=\"async\" src=\"https:\/\/www.hydraulic-cylinders.net\/wp-content\/uploads\/2025\/04\/songte-oil-pipes-and-spare-parts.webp\" alt=\"Pe\u00e7as de cilindro hidr\u00e1ulico\"><\/p>\n<h2>Veda\u00e7\u00e3o e Lubrifica\u00e7\u00e3o<\/h2>\n<p>O cilindro da lan\u00e7a utiliza diversos componentes de veda\u00e7\u00e3o, incluindo veda\u00e7\u00f5es de pist\u00e3o e veda\u00e7\u00f5es de haste, para manter a efici\u00eancia. Veda\u00e7\u00f5es feitas de materiais como poliuretano e borracha nitr\u00edlica s\u00e3o preferidas devido \u00e0 sua resist\u00eancia ao desgaste. O corpo do cilindro e as superf\u00edcies roscadas das extremidades s\u00e3o usinados com precis\u00e3o para melhorar a resist\u00eancia ao desgaste, o que \u00e9 essencial para a longevidade do equipamento.<\/p>\n<p>A lubrifica\u00e7\u00e3o regular com \u00f3leo hidr\u00e1ulico \u00e9 necess\u00e1ria para manter as veda\u00e7\u00f5es funcionando corretamente e minimizar o desgaste por atrito entre as pe\u00e7as m\u00f3veis. A lubrifica\u00e7\u00e3o adequada ajuda a prolongar a vida \u00fatil do cilindro, garantindo um funcionamento suave durante o uso.<\/p>\n<h2>Inspe\u00e7\u00f5es regulares e medidas de manuten\u00e7\u00e3o preventiva<\/h2>\n<ul>\n<li><strong>Inspe\u00e7\u00e3o de rotina:<\/strong> Verifique regularmente se h\u00e1 vazamentos, desgaste e quaisquer sinais de danos para garantir que o sistema hidr\u00e1ulico funcione com efici\u00eancia. A detec\u00e7\u00e3o precoce de problemas pode evitar danos mais graves e paralisa\u00e7\u00f5es.<\/li>\n<li><strong>Lubrifica\u00e7\u00e3o adequada:<\/strong> Certifique-se de que os n\u00edveis de \u00f3leo hidr\u00e1ulico estejam adequados e que o \u00f3leo esteja limpo. A lubrifica\u00e7\u00e3o adequada minimiza o risco de desgaste em componentes cr\u00edticos.<\/li>\n<li><strong>Substitui\u00e7\u00e3o da veda\u00e7\u00e3o:<\/strong> Substitua as veda\u00e7\u00f5es ao primeiro sinal de desgaste para manter a integridade do sistema e evitar vazamentos. A verifica\u00e7\u00e3o regular das veda\u00e7\u00f5es deve fazer parte da rotina de manuten\u00e7\u00e3o.<\/li>\n<\/ul>\n<h2>Diretrizes de instala\u00e7\u00e3o<\/h2>\n<p>A instala\u00e7\u00e3o correta do cilindro da lan\u00e7a \u00e9 fundamental para o desempenho ideal. Comece alinhando o cilindro corretamente com os pontos de fixa\u00e7\u00e3o da m\u00e1quina. Utilize suportes de montagem adequados para fixar o cilindro no lugar, garantindo que esteja firmemente preso para evitar movimentos durante a opera\u00e7\u00e3o.<\/p>\n<p>Antes da instala\u00e7\u00e3o, verifique se todas as conex\u00f5es hidr\u00e1ulicas s\u00e3o compat\u00edveis e est\u00e3o em boas condi\u00e7\u00f5es. Ap\u00f3s fixar o cilindro, conecte as linhas hidr\u00e1ulicas, certificando-se de que n\u00e3o haja ar preso no sistema. Por fim, preencha o sistema hidr\u00e1ulico com o \u00f3leo hidr\u00e1ulico recomendado e realize a sangria, se necess\u00e1rio, para eliminar quaisquer bolsas de ar.<\/p>\n<h2>Tarefas comuns de manuten\u00e7\u00e3o<\/h2>\n<ul>\n<li><strong>Verifica\u00e7\u00f5es regulares:<\/strong> Inspe\u00e7\u00f5es frequentes ajudam a identificar problemas potenciais antes que se agravem, garantindo que o cilindro permane\u00e7a em \u00f3timas condi\u00e7\u00f5es de funcionamento.<\/li>\n<li><strong>Lubrifica\u00e7\u00e3o adequada:<\/strong> A lubrifica\u00e7\u00e3o constante \u00e9 crucial para reduzir o atrito e o desgaste das pe\u00e7as m\u00f3veis. Use sempre o tipo de \u00f3leo recomendado e certifique-se de que esteja limpo.<\/li>\n<li><strong>Substitui\u00e7\u00e3o e calibra\u00e7\u00e3o de veda\u00e7\u00f5es:<\/strong> Substitua regularmente as veda\u00e7\u00f5es desgastadas para evitar vazamentos e garantir o funcionamento eficiente. Verifica\u00e7\u00f5es de calibra\u00e7\u00e3o tamb\u00e9m devem ser realizadas para manter o funcionamento hidr\u00e1ulico adequado.<\/li>\n<\/ul>\n<p>A import\u00e2ncia da instala\u00e7\u00e3o, lubrifica\u00e7\u00e3o e ajustes corretos n\u00e3o pode ser subestimada. Durante a instala\u00e7\u00e3o, o alinhamento adequado do cilindro \u00e9 essencial para evitar tens\u00e3o desnecess\u00e1ria nos componentes. \u00c9 recomend\u00e1vel usar suportes de montagem apropriados para fixar o cilindro com seguran\u00e7a.<\/p>\n<p>Para prolongar a vida \u00fatil do cilindro da lan\u00e7a, devem ser seguidos os procedimentos de inspe\u00e7\u00e3o, reparo e substitui\u00e7\u00e3o recomendados regularmente. A implementa\u00e7\u00e3o dessas pr\u00e1ticas ajudar\u00e1 a garantir o bom funcionamento e a reduzir o risco de falhas inesperadas.<\/p>\n<p><img decoding=\"async\" src=\"https:\/\/www.hydraulic-cylinders.net\/wp-content\/uploads\/2025\/04\/songte-chushion-collar.webp\" alt=\"Colarinho de almofada de cilindro\"><\/p>\n<h2>Considera\u00e7\u00f5es de seguran\u00e7a e fatores ambientais<\/h2>\n<p>Ao lidar com sistemas hidr\u00e1ulicos, as medidas de seguran\u00e7a s\u00e3o fundamentais. Os operadores devem sempre usar equipamentos de prote\u00e7\u00e3o individual (EPI) adequados e seguir os protocolos de seguran\u00e7a para evitar acidentes. Vazamentos de fluido hidr\u00e1ulico representam riscos ambientais; portanto, medidas imediatas devem ser tomadas para conter e limpar os derramamentos.<\/p>\n<h2>Solu\u00e7\u00e3o de problemas e problemas comuns<\/h2>\n<ul>\n<li><strong>Vazamento:<\/strong> Geralmente causado por veda\u00e7\u00f5es ou conex\u00f5es desgastadas. Inspecione as veda\u00e7\u00f5es regularmente e substitua-as conforme necess\u00e1rio para evitar vazamento de fluido hidr\u00e1ulico.<\/li>\n<li><strong>Energia insuficiente:<\/strong> Pode ser causado por n\u00edveis baixos de fluido hidr\u00e1ulico ou bloqueios no sistema. Certifique-se de que o fluido esteja nos n\u00edveis ideais e verifique se h\u00e1 obstru\u00e7\u00f5es.<\/li>\n<li><strong>Ru\u00eddos incomuns:<\/strong> Ru\u00eddos de atrito ou batidas podem indicar danos internos ou falta de lubrifica\u00e7\u00e3o. Investigue imediatamente para evitar maiores danos.<\/li>\n<\/ul>\n<h2>Dicas para solu\u00e7\u00e3o de problemas<\/h2>\n<p>A resolu\u00e7\u00e3o eficaz de problemas come\u00e7a com inspe\u00e7\u00f5es regulares e monitoramento do desempenho do sistema hidr\u00e1ulico. Manter um registro de manuten\u00e7\u00e3o detalhado pode ajudar a identificar problemas recorrentes e solucion\u00e1-los prontamente. Medidas preventivas, como verifica\u00e7\u00f5es regulares de veda\u00e7\u00f5es e fluidos, podem minimizar problemas potenciais, garantindo um funcionamento sem problemas.<\/p>\n<p><img decoding=\"async\" src=\"https:\/\/www.hydraulic-cylinders.net\/wp-content\/uploads\/2025\/04\/songte-bushings-with-all-kinds-of-excavator-models.webp\" alt=\"Buchas para modelos de escavadeiras\"><\/p>\n<h2>Sobre nossa empresa<\/h2>\n<p>Somos um fabricante especializado em cilindros hidr\u00e1ulicos alternativos, oferecendo uma ampla gama de produtos que nos posicionaram como um dos principais fabricantes e distribuidores nos mercados nacional e internacional. Nosso compromisso com a excel\u00eancia est\u00e1 enraizado em uma estrat\u00e9gia de fabrica\u00e7\u00e3o refinada que prioriza equipamentos de produ\u00e7\u00e3o digitalizados de alta tecnologia e sistemas de teste profissionais.<\/p>\n<p>Aprimoramos continuamente nossas plataformas de fabrica\u00e7\u00e3o por meio da inova\u00e7\u00e3o tecnol\u00f3gica, garantindo alta efici\u00eancia, precis\u00e3o e qualidade em nossos produtos. Nossa diversificada oferta atende \u00e0s variadas necessidades de nossos clientes, fornecendo solu\u00e7\u00f5es personalizadas para garantir total satisfa\u00e7\u00e3o.<\/p>\n<p>Al\u00e9m disso, nossa empresa possui certifica\u00e7\u00e3o internacional, o que refor\u00e7a a confian\u00e7a e o profissionalismo que oferecemos em nossos servi\u00e7os. Disponibilizamos op\u00e7\u00f5es abrangentes de personaliza\u00e7\u00e3o, equipamentos de produ\u00e7\u00e3o de \u00faltima gera\u00e7\u00e3o e um excepcional suporte p\u00f3s-venda para garantir a melhor experi\u00eancia aos nossos clientes.<\/p>\n<p><img decoding=\"async\" src=\"https:\/\/www.hydraulic-cylinders.net\/wp-content\/uploads\/2025\/04\/songte-company-4.webp\" alt=\"Vis\u00e3o geral da empresa\"><br \/>\n<img decoding=\"async\" src=\"https:\/\/www.hydraulic-cylinders.net\/wp-content\/uploads\/2025\/04\/songte-company-3.webp\" alt=\"Instala\u00e7\u00e3o de Produ\u00e7\u00e3o\"><\/p>\n<p>Autor: lyl<\/p>","protected":false},"excerpt":{"rendered":"<p>Boom Cylinder For SDLG Middle Excavator LG6225 Product Overview The Boom Cylinder for SDLG Middle Excavator LG6225 is a crucial component in the hydraulic systems of heavy machinery. This hydraulic cylinder is specifically designed to control the movement of the bucket in various heavy equipment such as excavators, backhoe loaders, and front loaders. It enables [&hellip;]<\/p>","protected":false},"featured_media":17878,"comment_status":"open","ping_status":"closed","template":"","meta":{"_et_pb_use_builder":"","_et_pb_old_content":"","_et_gb_content_width":""},"product_brand":[],"product_cat":[1546],"product_tag":[1547,1496],"class_list":{"0":"post-19373","1":"product","2":"type-product","3":"status-publish","4":"has-post-thumbnail","6":"product_cat-boom-cylinders","7":"product_tag-boom-cylinders","8":"product_tag-hydraulic-cylinders","10":"first","11":"instock","12":"shipping-taxable","13":"product-type-simple"},"amp_enabled":true,"_links":{"self":[{"href":"https:\/\/www.hydraulic-cylinders.net\/pt\/wp-json\/wp\/v2\/product\/19373","targetHints":{"allow":["GET"]}}],"collection":[{"href":"https:\/\/www.hydraulic-cylinders.net\/pt\/wp-json\/wp\/v2\/product"}],"about":[{"href":"https:\/\/www.hydraulic-cylinders.net\/pt\/wp-json\/wp\/v2\/types\/product"}],"replies":[{"embeddable":true,"href":"https:\/\/www.hydraulic-cylinders.net\/pt\/wp-json\/wp\/v2\/comments?post=19373"}],"wp:featuredmedia":[{"embeddable":true,"href":"https:\/\/www.hydraulic-cylinders.net\/pt\/wp-json\/wp\/v2\/media\/17878"}],"wp:attachment":[{"href":"https:\/\/www.hydraulic-cylinders.net\/pt\/wp-json\/wp\/v2\/media?parent=19373"}],"wp:term":[{"taxonomy":"product_brand","embeddable":true,"href":"https:\/\/www.hydraulic-cylinders.net\/pt\/wp-json\/wp\/v2\/product_brand?post=19373"},{"taxonomy":"product_cat","embeddable":true,"href":"https:\/\/www.hydraulic-cylinders.net\/pt\/wp-json\/wp\/v2\/product_cat?post=19373"},{"taxonomy":"product_tag","embeddable":true,"href":"https:\/\/www.hydraulic-cylinders.net\/pt\/wp-json\/wp\/v2\/product_tag?post=19373"}],"curies":[{"name":"wp","href":"https:\/\/api.w.org\/{rel}","templated":true}]}}