{"id":19400,"date":"2025-04-07T06:32:28","date_gmt":"2025-04-07T06:32:28","guid":{"rendered":"https:\/\/www.hydraulic-cylinders.net\/product\/boom-cylinder-for-ihi-small-excavator-ihi20vxt\/"},"modified":"2025-04-07T06:32:31","modified_gmt":"2025-04-07T06:32:31","slug":"boom-cylinder-for-ihi-small-excavator-ihi20vxt","status":"publish","type":"product","link":"https:\/\/www.hydraulic-cylinders.net\/pt\/produto\/boom-cylinder-for-ihi-small-excavator-ihi20vxt\/","title":{"rendered":"Cilindro da lan\u00e7a para mini escavadeira IHI IHI20VXT"},"content":{"rendered":"<h1>Cilindro da lan\u00e7a para mini escavadeira IHI IHI20VXT<\/h1>\n<h2>Introdu\u00e7\u00e3o aos Cilindros de Lan\u00e7a<\/h2>\n<p>O <strong>Cilindro de lan\u00e7a<\/strong> \u00c9 um componente crucial em sistemas hidr\u00e1ulicos, projetado especificamente para controlar o movimento das ca\u00e7ambas de escavadeiras. Esses cilindros hidr\u00e1ulicos s\u00e3o encontrados em diversas m\u00e1quinas pesadas, como escavadeiras, retroescavadeiras e p\u00e1s carregadeiras. Eles permitem que a ca\u00e7amba suba, des\u00e7a e incline, facilitando as tarefas de movimenta\u00e7\u00e3o de materiais.<\/p>\n<p><img decoding=\"async\" src=\"https:\/\/www.hydraulic-cylinders.net\/wp-content\/uploads\/2025\/04\/songte-company-1.webp\" alt=\"Cilindro hidr\u00e1ulico\" \/><\/p>\n<h3>Defini\u00e7\u00e3o e Vis\u00e3o Geral<\/h3>\n<p>Um cilindro de lan\u00e7a, tamb\u00e9m conhecido como cilindro de ca\u00e7amba, \u00e9 um tipo de cilindro hidr\u00e1ulico que desempenha um papel vital na opera\u00e7\u00e3o de equipamentos pesados. Ele opera por meio de press\u00e3o hidr\u00e1ulica, o que permite o movimento suave e eficiente dos componentes da m\u00e1quina. Em escavadeiras, por exemplo, a fun\u00e7\u00e3o do cilindro de lan\u00e7a \u00e9 essencial para as opera\u00e7\u00f5es de escava\u00e7\u00e3o, permitindo que a ca\u00e7amba penetre no solo e levante materiais com efic\u00e1cia. O projeto desses cilindros leva em considera\u00e7\u00e3o fatores como resist\u00eancia, durabilidade e capacidade de suportar condi\u00e7\u00f5es de trabalho severas, tornando-os essenciais para diversas aplica\u00e7\u00f5es na constru\u00e7\u00e3o civil e na agricultura.<\/p>\n<h2>Caracter\u00edsticas do Cilindro de Lan\u00e7a<\/h2>\n<ul>\n<li><strong>Alta resist\u00eancia e durabilidade:<\/strong> Normalmente fabricados em a\u00e7o de alta resist\u00eancia ou alum\u00ednio, esses cilindros podem suportar alta press\u00e3o e cargas pesadas, adaptando-se a ambientes de trabalho severos.<\/li>\n<li><strong>Opera\u00e7\u00e3o hidr\u00e1ulica eficiente:<\/strong> Utiliza press\u00e3o de \u00f3leo hidr\u00e1ulico para extens\u00e3o e retra\u00e7\u00e3o suaves, proporcionando resposta r\u00e1pida aos comandos operacionais e forte for\u00e7a de tra\u00e7\u00e3o e compress\u00e3o para manuseio de objetos pesados.<\/li>\n<li><strong>Tipos diversos:<\/strong> Dispon\u00edvel em configura\u00e7\u00f5es de a\u00e7\u00e3o simples (operando em uma dire\u00e7\u00e3o) ou de a\u00e7\u00e3o dupla (operando em ambas as dire\u00e7\u00f5es), atendendo a diferentes necessidades operacionais. Alguns modelos s\u00e3o telesc\u00f3picos, permitindo maior extens\u00e3o sem aumentar as dimens\u00f5es externas, adequados para aplica\u00e7\u00f5es com espa\u00e7o limitado.<\/li>\n<li><strong>Fabrica\u00e7\u00e3o personalizada:<\/strong> Nossa empresa \u00e9 especializada na produ\u00e7\u00e3o desses cilindros, que podem substituir perfeitamente os cilindros hidr\u00e1ulicos existentes em diversas m\u00e1quinas.<\/li>\n<\/ul>\n<p><img decoding=\"async\" src=\"https:\/\/www.hydraulic-cylinders.net\/wp-content\/uploads\/2025\/04\/songte-cylinder-head-with-all-kinds-excavator-models.webp\" alt=\"Modelos de Escavadeiras\" \/><\/p>\n<h2>Aplica\u00e7\u00f5es de Cilindros de Lan\u00e7a<\/h2>\n<h3>Equipamentos de constru\u00e7\u00e3o<\/h3>\n<p>Na ind\u00fastria da constru\u00e7\u00e3o civil, os cilindros da lan\u00e7a s\u00e3o essenciais para as escavadeiras, permitindo que elas escavem, carreguem e movimentem solo ou entulho com efici\u00eancia. Eles fornecem a for\u00e7a necess\u00e1ria tanto para escavar quanto para levantar, garantindo que as escavadeiras possam executar diversas tarefas com precis\u00e3o e confiabilidade. O desempenho consistente desses cilindros contribui significativamente para a produtividade geral dos projetos de constru\u00e7\u00e3o, permitindo que os operadores concluam as tarefas com rapidez e efic\u00e1cia.<\/p>\n<h3>Maquinaria agr\u00edcola<\/h3>\n<p>Em ambientes agr\u00edcolas, as p\u00e1s carregadeiras utilizam cilindros na lan\u00e7a para recolher, levantar e transportar terra, feno e outros materiais. Esses cilindros s\u00e3o projetados para suportar os rigores do trabalho agr\u00edcola, permitindo que agricultores e empreiteiros executem tarefas essenciais com facilidade. A capacidade de levantar e transportar materiais com efici\u00eancia pode melhorar drasticamente as opera\u00e7\u00f5es agr\u00edcolas, tornando-as mais produtivas e menos dependentes de m\u00e3o de obra.<\/p>\n<h3>Escavadeiras<\/h3>\n<p>Em escavadeiras, o cilindro da lan\u00e7a facilita as a\u00e7\u00f5es de escava\u00e7\u00e3o, permitindo que a ca\u00e7amba penetre no solo. Essa fun\u00e7\u00e3o \u00e9 vital para diversas tarefas de movimenta\u00e7\u00e3o de terra, garantindo que a escavadeira possa operar com efici\u00eancia em diferentes tipos de terreno. A precis\u00e3o e a pot\u00eancia fornecidas pelo cilindro da lan\u00e7a desempenham um papel fundamental na efici\u00eancia e versatilidade geral da m\u00e1quina em diversos trabalhos de escava\u00e7\u00e3o.<\/p>\n<h3>Carregadores<\/h3>\n<p>Em carregadeiras frontais, os cilindros da lan\u00e7a auxiliam no levantamento e despejo eficientes de cargas. Seu design permite o carregamento e descarregamento r\u00e1pidos e eficazes de materiais, contribuindo para a produtividade da m\u00e1quina. Ao possibilitar uma opera\u00e7\u00e3o suave, esses cilindros desempenham um papel essencial nas tarefas de constru\u00e7\u00e3o e movimenta\u00e7\u00e3o de materiais, garantindo que as carregadeiras possam movimentar materiais com rapidez e o m\u00ednimo de esfor\u00e7o.<\/p>\n<h2>Considera\u00e7\u00f5es de design e crit\u00e9rios de sele\u00e7\u00e3o<\/h2>\n<h3>Capacidade de carga<\/h3>\n<p>Ao selecionar um cilindro para lan\u00e7a, \u00e9 crucial considerar a capacidade de carga. O cilindro deve ser capaz de suportar o peso m\u00e1ximo que encontrar\u00e1 durante as opera\u00e7\u00f5es. Os fabricantes geralmente fornecem especifica\u00e7\u00f5es indicando os limites de peso para v\u00e1rios modelos. Exceder esses limites pode levar a falhas catastr\u00f3ficas, afetando tanto a seguran\u00e7a quanto a produtividade.<\/p>\n<h3>Veda\u00e7\u00e3o e durabilidade<\/h3>\n<p>A veda\u00e7\u00e3o \u00e9 outro fator cr\u00edtico a ser considerado no projeto. Veda\u00e7\u00f5es de alta qualidade impedem vazamentos de fluido hidr\u00e1ulico, garantindo o desempenho ideal e a longevidade do cilindro da lan\u00e7a. Veda\u00e7\u00f5es feitas de materiais como poliuretano e borracha nitr\u00edlica s\u00e3o frequentemente utilizadas devido \u00e0s suas propriedades de resist\u00eancia ao desgaste. Uma veda\u00e7\u00e3o adequada \u00e9 essencial n\u00e3o apenas para a funcionalidade, mas tamb\u00e9m para minimizar as necessidades de manuten\u00e7\u00e3o e prolongar a vida \u00fatil do cilindro.<\/p>\n<h3>Recursos de seguran\u00e7a<\/h3>\n<p>A seguran\u00e7a dos cilindros hidr\u00e1ulicos \u00e9 fundamental. Elementos de projeto, como v\u00e1lvulas de al\u00edvio de press\u00e3o e materiais de constru\u00e7\u00e3o robustos, contribuem para a seguran\u00e7a da opera\u00e7\u00e3o. Esses recursos ajudam a prevenir situa\u00e7\u00f5es de sobrepress\u00e3o que podem levar \u00e0 falha do cilindro e a poss\u00edveis acidentes no local de trabalho.<\/p>\n<h3>Acessibilidade de Manuten\u00e7\u00e3o<\/h3>\n<p>A manuten\u00e7\u00e3o \u00e9 um fator significativo na longevidade dos cilindros da lan\u00e7a. O projeto deve facilitar o acesso para inspe\u00e7\u00f5es e reparos. Um cilindro bem projetado ter\u00e1 pontos de manuten\u00e7\u00e3o claramente definidos, simplificando o trabalho dos t\u00e9cnicos na execu\u00e7\u00e3o da manuten\u00e7\u00e3o necess\u00e1ria, o que pode, em \u00faltima an\u00e1lise, economizar tempo e custos a longo prazo.<\/p>\n<p><img decoding=\"async\" src=\"https:\/\/www.hydraulic-cylinders.net\/wp-content\/uploads\/2025\/04\/songte-oil-pipes-and-spare-parts.webp\" alt=\"Tubos de \u00f3leo e pe\u00e7as de reposi\u00e7\u00e3o\" \/><\/p>\n<h2>Veda\u00e7\u00e3o e Lubrifica\u00e7\u00e3o de Cilindros de Lan\u00e7a<\/h2>\n<p>Uma veda\u00e7\u00e3o eficaz \u00e9 crucial para o funcionamento adequado dos cilindros da lan\u00e7a. Diversos componentes de veda\u00e7\u00e3o, como veda\u00e7\u00f5es de pist\u00e3o e de haste, s\u00e3o projetados para evitar vazamentos de fluido hidr\u00e1ulico. O uso de materiais de alta qualidade, como poliuretano e borracha nitr\u00edlica, garante durabilidade e resist\u00eancia ao desgaste. O cilindro e as extremidades roscadas s\u00e3o processados \u200b\u200bcom precis\u00e3o para aumentar a resist\u00eancia ao desgaste, contribuindo para a funcionalidade geral do cilindro. A lubrifica\u00e7\u00e3o regular com \u00f3leo hidr\u00e1ulico apropriado \u00e9 necess\u00e1ria para manter o funcionamento ideal e evitar o desgaste por atrito. As pr\u00e1ticas recomendadas incluem a verifica\u00e7\u00e3o dos n\u00edveis de \u00f3leo e a garantia de que as veda\u00e7\u00f5es estejam intactas para evitar vazamentos e assegurar o funcionamento eficiente do fluido.<\/p>\n<h2>Inspe\u00e7\u00e3o regular e manuten\u00e7\u00e3o preventiva<\/h2>\n<ul>\n<li><strong>Inspe\u00e7\u00f5es regulares:<\/strong> A realiza\u00e7\u00e3o de inspe\u00e7\u00f5es de rotina pode identificar problemas potenciais antes que se agravem. Procure por sinais de desgaste, vazamentos ou quaisquer irregularidades no funcionamento.<\/li>\n<li><strong>Lubrifica\u00e7\u00e3o:<\/strong> Assegure-se de que todas as pe\u00e7as m\u00f3veis recebam lubrifica\u00e7\u00e3o adequada para minimizar o atrito e o desgaste, prolongando a vida \u00fatil do cilindro.<\/li>\n<li><strong>Substitui\u00e7\u00e3o da veda\u00e7\u00e3o:<\/strong> Verifique regularmente se as veda\u00e7\u00f5es apresentam desgaste e substitua-as quando necess\u00e1rio para evitar vazamentos de fluidos e manter o funcionamento adequado.<\/li>\n<\/ul>\n<p>A implementa\u00e7\u00e3o dessas medidas preventivas pode aumentar significativamente a vida \u00fatil e o desempenho dos cilindros da lan\u00e7a, garantindo que eles permane\u00e7am confi\u00e1veis \u200b\u200bem suas aplica\u00e7\u00f5es.<\/p>\n<h2>Diretrizes de instala\u00e7\u00e3o<\/h2>\n<p>A instala\u00e7\u00e3o correta de um cilindro de lan\u00e7a \u00e9 essencial para seu funcionamento e vida \u00fatil. Comece certificando-se de que o local de instala\u00e7\u00e3o esteja limpo e livre de detritos. \u00c9 crucial alinhar o cilindro com precis\u00e3o durante a instala\u00e7\u00e3o; o alinhamento incorreto pode levar ao desgaste prematuro e \u00e0 falha. Utilize suportes de montagem adequados para fixar o cilindro no lugar. Al\u00e9m disso, preste aten\u00e7\u00e3o \u00e0s conex\u00f5es hidr\u00e1ulicas \u2014 certifique-se de que estejam firmes e sem vazamentos. Ap\u00f3s a instala\u00e7\u00e3o, realize testes para verificar se o cilindro opera de forma suave e eficiente antes de coloc\u00e1-lo em uso regular.<\/p>\n<h2>Tarefas comuns de manuten\u00e7\u00e3o<\/h2>\n<ul>\n<li><strong>Inspe\u00e7\u00f5es regulares:<\/strong> Realize verifica\u00e7\u00f5es regulares para identificar quaisquer sinais de desgaste, vazamentos ou desempenho anormal antes que os problemas se agravem.<\/li>\n<li><strong>Lubrifica\u00e7\u00e3o adequada:<\/strong> Aplique o tipo e a quantidade corretos de \u00f3leo hidr\u00e1ulico para garantir um funcionamento suave e reduzir o desgaste.<\/li>\n<li><strong>Substitui\u00e7\u00e3o da veda\u00e7\u00e3o:<\/strong> Verifique regularmente as veda\u00e7\u00f5es e substitua-as conforme necess\u00e1rio para manter a integridade hidr\u00e1ulica e evitar vazamentos.<\/li>\n<\/ul>\n<p>Cada uma dessas tarefas de manuten\u00e7\u00e3o \u00e9 vital para garantir o funcionamento adequado e a longevidade dos cilindros da lan\u00e7a. O alinhamento correto durante a instala\u00e7\u00e3o \u00e9 crucial, pois o desalinhamento pode levar ao desgaste irregular e \u00e0 redu\u00e7\u00e3o do desempenho. A utiliza\u00e7\u00e3o de suportes de instala\u00e7\u00e3o adequados ajuda a fixar o cilindro e a manter sua posi\u00e7\u00e3o. Verifica\u00e7\u00f5es regulares e reparos oportunos podem evitar que pequenos problemas se transformem em problemas significativos, garantindo que o cilindro opere com efic\u00e1cia ao longo do tempo.<\/p>\n<p><img decoding=\"async\" src=\"https:\/\/www.hydraulic-cylinders.net\/wp-content\/uploads\/2025\/04\/songte-chushion-collar.webp\" alt=\"Coleira almofadada\" \/><\/p>\n<h2>Considera\u00e7\u00f5es de seguran\u00e7a e fatores ambientais<\/h2>\n<p>Ao manusear cilindros hidr\u00e1ulicos, as medidas de seguran\u00e7a s\u00e3o fundamentais. Os operadores devem sempre usar equipamentos de prote\u00e7\u00e3o individual (EPI) adequados e garantir que o ambiente de trabalho seja seguro e esteja em boas condi\u00e7\u00f5es de conserva\u00e7\u00e3o. Al\u00e9m disso, o treinamento adequado no manuseio de sistemas hidr\u00e1ulicos \u00e9 essencial para prevenir acidentes e garantir a opera\u00e7\u00e3o segura. Fatores ambientais tamb\u00e9m devem ser considerados, como a preven\u00e7\u00e3o de derramamentos de fluido hidr\u00e1ulico e a garantia de que todos os componentes hidr\u00e1ulicos sejam descartados de forma respons\u00e1vel.<\/p>\n<h2>Solu\u00e7\u00e3o de problemas e problemas comuns<\/h2>\n<ul>\n<li><strong>Vazamento:<\/strong> Se notar vazamento de fluido hidr\u00e1ulico do cilindro, inspecione as veda\u00e7\u00f5es e conex\u00f5es em busca de danos.<\/li>\n<li><strong>Opera\u00e7\u00e3o lenta:<\/strong> Uma resposta lenta pode indicar n\u00edveis baixos de fluido hidr\u00e1ulico ou desgaste interno no cilindro.<\/li>\n<li><strong>Ru\u00eddos incomuns:<\/strong> Ru\u00eddos de rangido ou batida podem indicar problemas mec\u00e2nicos dentro do cilindro; uma inspe\u00e7\u00e3o imediata \u00e9 necess\u00e1ria.<\/li>\n<\/ul>\n<p>O diagn\u00f3stico precoce de problemas pode ajudar os operadores a evitar reparos dispendiosos e per\u00edodos de inatividade. A implementa\u00e7\u00e3o de medidas preventivas, como inspe\u00e7\u00f5es regulares, minimizar\u00e1 a ocorr\u00eancia desses problemas e garantir\u00e1 uma opera\u00e7\u00e3o tranquila.<\/p>\n<h2>Dicas para solu\u00e7\u00e3o de problemas<\/h2>\n<p>Para resolver problemas de forma eficaz, comece com uma inspe\u00e7\u00e3o minuciosa para identificar a causa raiz do problema. Em caso de vazamentos, substitua as veda\u00e7\u00f5es danificadas e certifique-se de que todas as conex\u00f5es estejam seguras. Se o funcionamento estiver lento, verifique os n\u00edveis do fluido hidr\u00e1ulico e complete conforme necess\u00e1rio, garantindo que n\u00e3o haja obstru\u00e7\u00f5es nas linhas de fluido. Ao lidar com ru\u00eddos incomuns, desmonte o cilindro para inspecionar os componentes internos em busca de desgaste ou danos; a substitui\u00e7\u00e3o imediata de quaisquer pe\u00e7as defeituosas pode evitar maiores danos e manter a integridade do sistema.<\/p>\n<p><img decoding=\"async\" src=\"https:\/\/www.hydraulic-cylinders.net\/wp-content\/uploads\/2025\/04\/songte-bushings-with-all-kinds-of-excavator-models.webp\" alt=\"Modelos de Escavadeiras\" \/><\/p>\n<h2>Sobre nossa empresa<\/h2>\n<p>Somos um fabricante e fornecedor l\u00edder de cilindros hidr\u00e1ulicos, oferecendo uma ampla gama de produtos para atender \u00e0s demandas dos mercados nacional e internacional. Nosso compromisso com a excel\u00eancia se reflete em nossos processos de fabrica\u00e7\u00e3o de alta qualidade e na ades\u00e3o aos padr\u00f5es internacionais. Com tecnologia de fabrica\u00e7\u00e3o avan\u00e7ada e uma equipe qualificada, aprimoramos continuamente nossas capacidades de produ\u00e7\u00e3o para garantir produtos da mais alta qualidade. Nosso foco na personaliza\u00e7\u00e3o nos permite atender \u00e0s diversas necessidades dos clientes, enquanto nosso s\u00f3lido servi\u00e7o p\u00f3s-venda garante a satisfa\u00e7\u00e3o do cliente. Nos orgulhamos de nossa capacidade de fornecer solu\u00e7\u00f5es hidr\u00e1ulicas confi\u00e1veis \u200b\u200be eficientes.<\/p>\n<p><img decoding=\"async\" src=\"https:\/\/www.hydraulic-cylinders.net\/wp-content\/uploads\/2025\/04\/songte-company-4.webp\" alt=\"Imagem da empresa 1\" \/><br \/>\n<img decoding=\"async\" src=\"https:\/\/www.hydraulic-cylinders.net\/wp-content\/uploads\/2025\/04\/songte-company-3.webp\" alt=\"Imagem da empresa 2\" \/><\/p>\n<p>Autor: lyl<\/p>","protected":false},"excerpt":{"rendered":"<p>Boom Cylinder For IHI Small Excavator IHI20VXT Introduction to Boom Cylinders The Boom Cylinder is a crucial component in hydraulic systems, specifically designed to control the movement of excavator buckets. These hydraulic cylinders are found in various heavy machinery, such as excavators, backhoes, and front loaders. They enable the bucket to lift, lower, and tilt, [&hellip;]<\/p>","protected":false},"featured_media":17875,"comment_status":"open","ping_status":"closed","template":"","meta":{"_et_pb_use_builder":"","_et_pb_old_content":"","_et_gb_content_width":""},"product_brand":[],"product_cat":[1546],"product_tag":[1547,1496],"class_list":{"0":"post-19400","1":"product","2":"type-product","3":"status-publish","4":"has-post-thumbnail","6":"product_cat-boom-cylinders","7":"product_tag-boom-cylinders","8":"product_tag-hydraulic-cylinders","10":"first","11":"instock","12":"shipping-taxable","13":"product-type-simple"},"amp_enabled":true,"_links":{"self":[{"href":"https:\/\/www.hydraulic-cylinders.net\/pt\/wp-json\/wp\/v2\/product\/19400","targetHints":{"allow":["GET"]}}],"collection":[{"href":"https:\/\/www.hydraulic-cylinders.net\/pt\/wp-json\/wp\/v2\/product"}],"about":[{"href":"https:\/\/www.hydraulic-cylinders.net\/pt\/wp-json\/wp\/v2\/types\/product"}],"replies":[{"embeddable":true,"href":"https:\/\/www.hydraulic-cylinders.net\/pt\/wp-json\/wp\/v2\/comments?post=19400"}],"wp:featuredmedia":[{"embeddable":true,"href":"https:\/\/www.hydraulic-cylinders.net\/pt\/wp-json\/wp\/v2\/media\/17875"}],"wp:attachment":[{"href":"https:\/\/www.hydraulic-cylinders.net\/pt\/wp-json\/wp\/v2\/media?parent=19400"}],"wp:term":[{"taxonomy":"product_brand","embeddable":true,"href":"https:\/\/www.hydraulic-cylinders.net\/pt\/wp-json\/wp\/v2\/product_brand?post=19400"},{"taxonomy":"product_cat","embeddable":true,"href":"https:\/\/www.hydraulic-cylinders.net\/pt\/wp-json\/wp\/v2\/product_cat?post=19400"},{"taxonomy":"product_tag","embeddable":true,"href":"https:\/\/www.hydraulic-cylinders.net\/pt\/wp-json\/wp\/v2\/product_tag?post=19400"}],"curies":[{"name":"wp","href":"https:\/\/api.w.org\/{rel}","templated":true}]}}