{"id":19416,"date":"2025-04-07T06:33:28","date_gmt":"2025-04-07T06:33:28","guid":{"rendered":"https:\/\/www.hydraulic-cylinders.net\/product\/boom-cylinder-for-bobcat-small-excavator-e418\/"},"modified":"2025-04-07T06:33:30","modified_gmt":"2025-04-07T06:33:30","slug":"boom-cylinder-for-bobcat-small-excavator-e418","status":"publish","type":"product","link":"https:\/\/www.hydraulic-cylinders.net\/pt\/produto\/boom-cylinder-for-bobcat-small-excavator-e418\/","title":{"rendered":"Cilindro da lan\u00e7a para mini escavadeira Bobcat E418"},"content":{"rendered":"<h1>Cilindro da lan\u00e7a para mini escavadeira Bobcat E418<\/h1>\n<h2>Introdu\u00e7\u00e3o aos Cilindros de Lan\u00e7a<\/h2>\n<p>O cilindro da lan\u00e7a \u00e9 um componente hidr\u00e1ulico crucial usado em diversas m\u00e1quinas pesadas, incluindo escavadeiras, retroescavadeiras e p\u00e1s carregadeiras. Ele desempenha um papel vital no controle do movimento da lan\u00e7a, permitindo que ela se eleve, abaixe e incline, o que facilita tarefas eficientes de movimenta\u00e7\u00e3o de materiais. Projetados para operar sob alta press\u00e3o, os cilindros da lan\u00e7a possibilitam manobras precisas e aumentam a produtividade geral do equipamento. Como um tipo de cilindro hidr\u00e1ulico, o cilindro da lan\u00e7a utiliza fluido hidr\u00e1ulico para gerar for\u00e7a, tornando-o essencial para opera\u00e7\u00f5es na constru\u00e7\u00e3o civil, agricultura e outras ind\u00fastrias.<\/p>\n<p><img decoding=\"async\" src=\"https:\/\/www.hydraulic-cylinders.net\/wp-content\/uploads\/2025\/04\/songte-company-1.webp\" alt=\"Cilindro da lan\u00e7a para escavadeira\"><\/p>\n<h2>Caracter\u00edsticas do Cilindro de Lan\u00e7a<\/h2>\n<ul>\n<li><strong>Alta resist\u00eancia e durabilidade:<\/strong> Normalmente fabricados em a\u00e7o de alta resist\u00eancia ou alum\u00ednio, esses cilindros suportam alta press\u00e3o e cargas pesadas, sendo adequados para ambientes de trabalho severos. S\u00e3o projetados com resist\u00eancia ao desgaste e prote\u00e7\u00e3o contra corros\u00e3o para prolongar sua vida \u00fatil.<\/li>\n<li><strong>Opera\u00e7\u00e3o hidr\u00e1ulica eficiente:<\/strong> O cilindro da lan\u00e7a utiliza press\u00e3o hidr\u00e1ulica para extens\u00e3o e retra\u00e7\u00e3o suaves, permitindo uma resposta r\u00e1pida aos comandos do operador e fornecendo uma for\u00e7a robusta de empuxo e tra\u00e7\u00e3o, essencial para levantar objetos pesados.<\/li>\n<li><strong>Tipos diversos:<\/strong> Os cilindros da lan\u00e7a est\u00e3o dispon\u00edveis em configura\u00e7\u00f5es de a\u00e7\u00e3o simples (utilizando press\u00e3o hidr\u00e1ulica em uma dire\u00e7\u00e3o) e de a\u00e7\u00e3o dupla (utilizando press\u00e3o hidr\u00e1ulica em ambas as dire\u00e7\u00f5es) para atender a diferentes necessidades operacionais. Alguns modelos s\u00e3o telesc\u00f3picos, permitindo maior alcance sem aumentar as dimens\u00f5es externas, ideais para aplica\u00e7\u00f5es com espa\u00e7o limitado.<\/li>\n<li><strong>Aplica\u00e7\u00f5es vers\u00e1teis:<\/strong> Esses cilindros s\u00e3o adequados para diversas m\u00e1quinas e tarefas, o que aumenta sua adaptabilidade em diferentes setores industriais.<\/li>\n<li><strong>Fabrica\u00e7\u00e3o personalizada:<\/strong> Nossa empresa \u00e9 especializada na produ\u00e7\u00e3o de cilindros para lan\u00e7as que substituem perfeitamente os cilindros hidr\u00e1ulicos existentes, garantindo compatibilidade e desempenho.<\/li>\n<\/ul>\n<p><img decoding=\"async\" src=\"https:\/\/www.hydraulic-cylinders.net\/wp-content\/uploads\/2025\/04\/songte-cylinder-head-with-all-kinds-excavator-models.webp\" alt=\"Modelos de Escavadeiras\"><\/p>\n<h2>Aplica\u00e7\u00f5es de Cilindros de Lan\u00e7a<\/h2>\n<h3>Equipamentos de constru\u00e7\u00e3o<\/h3>\n<p>Em escavadeiras, os cilindros da lan\u00e7a s\u00e3o essenciais para escavar, carregar e movimentar terra ou entulho. Eles permitem que a lan\u00e7a se estenda e retraia, possibilitando precis\u00e3o nas opera\u00e7\u00f5es. Al\u00e9m disso, em retroescavadeiras, os cilindros da lan\u00e7a auxiliam tanto nas tarefas de escava\u00e7\u00e3o quanto nas de eleva\u00e7\u00e3o, maximizando a versatilidade da m\u00e1quina.<\/p>\n<h3>Maquinaria agr\u00edcola<\/h3>\n<p>Nas p\u00e1s carregadeiras, os cilindros da lan\u00e7a desempenham um papel crucial na coleta, eleva\u00e7\u00e3o e transporte de terra, feno e outros materiais. Eles fornecem a for\u00e7a necess\u00e1ria para lidar com cargas pesadas, tornando-os indispens\u00e1veis \u200b\u200bnas opera\u00e7\u00f5es agr\u00edcolas.<\/p>\n<h3>Escavadeiras<\/h3>\n<p>O cilindro da lan\u00e7a permite que a ca\u00e7amba penetre no solo de forma eficaz, facilitando as tarefas de escava\u00e7\u00e3o. Essa capacidade \u00e9 vital para projetos de constru\u00e7\u00e3o, paisagismo e outras atividades de movimenta\u00e7\u00e3o de terra.<\/p>\n<h3>Carregadores<\/h3>\n<p>Em carregadeiras frontais, esses cilindros auxiliam no levantamento e despejo de cargas de forma eficiente, garantindo que as opera\u00e7\u00f5es sejam realizadas de maneira suave e eficaz. Sua capacidade de fornecer grande for\u00e7a de eleva\u00e7\u00e3o os torna ideais para o manuseio de diversos materiais.<\/p>\n<h2>Considera\u00e7\u00f5es de design e crit\u00e9rios de sele\u00e7\u00e3o<\/h2>\n<h3>Capacidade de carga<\/h3>\n<p>A escolha de um cilindro para lan\u00e7a requer uma an\u00e1lise cuidadosa de sua capacidade de carga. \u00c9 essencial que as especifica\u00e7\u00f5es do cilindro sejam compat\u00edveis com os requisitos operacionais do equipamento. Um cilindro com capacidade de carga insuficiente pode falhar sob cargas pesadas, causando danos ao equipamento ou atrasos operacionais. Os fabricantes geralmente fornecem tabelas de carga detalhadas para auxiliar na sele\u00e7\u00e3o do tamanho adequado do cilindro.<\/p>\n<h3>Veda\u00e7\u00e3o e durabilidade<\/h3>\n<p>A veda\u00e7\u00e3o \u00e9 fundamental para os cilindros hidr\u00e1ulicos, pois evita vazamentos de fluido e garante o desempenho ideal. Veda\u00e7\u00f5es de qualidade, feitas de materiais como poliuretano ou borracha nitr\u00edlica, aumentam a durabilidade e a resist\u00eancia ao desgaste. \u00c9 crucial avaliar a tecnologia de veda\u00e7\u00e3o utilizada no cilindro da lan\u00e7a para manter a efici\u00eancia hidr\u00e1ulica e prolongar sua vida \u00fatil.<\/p>\n<h3>Recursos de seguran\u00e7a<\/h3>\n<p>A seguran\u00e7a \u00e9 fundamental em aplica\u00e7\u00f5es hidr\u00e1ulicas. Os cilindros da lan\u00e7a devem incorporar mecanismos de seguran\u00e7a, como v\u00e1lvulas de al\u00edvio de press\u00e3o, para evitar acidentes causados \u200b\u200bpor sobrepress\u00e3o. Os operadores tamb\u00e9m devem garantir que as normas e regulamenta\u00e7\u00f5es de seguran\u00e7a sejam atendidas durante o processo de sele\u00e7\u00e3o.<\/p>\n<h3>Manuten\u00e7\u00e3o e Reparo<\/h3>\n<p>A facilidade de manuten\u00e7\u00e3o \u00e9 um fator crucial na escolha de um cilindro para lan\u00e7a. Componentes de f\u00e1cil acesso e substitui\u00e7\u00e3o reduzem o tempo de inatividade e os custos de reparo. Fabricantes que oferecem servi\u00e7os de reparo e suporte abrangentes podem aumentar significativamente o ciclo de vida dos equipamentos hidr\u00e1ulicos.<\/p>\n<p><img decoding=\"async\" src=\"https:\/\/www.hydraulic-cylinders.net\/wp-content\/uploads\/2025\/04\/songte-oil-pipes-and-spare-parts.webp\" alt=\"Pe\u00e7as de cilindro hidr\u00e1ulico\"><\/p>\n<h2>Veda\u00e7\u00e3o e Lubrifica\u00e7\u00e3o<\/h2>\n<p>A veda\u00e7\u00e3o e a lubrifica\u00e7\u00e3o s\u00e3o essenciais para o funcionamento dos cilindros da lan\u00e7a. Diversos componentes de veda\u00e7\u00e3o, como veda\u00e7\u00f5es de pist\u00e3o e de haste, s\u00e3o utilizados para manter a press\u00e3o hidr\u00e1ulica e evitar vazamentos. Veda\u00e7\u00f5es feitas de materiais dur\u00e1veis, como poliuretano e borracha nitr\u00edlica, s\u00e3o preferidas devido \u00e0 sua resist\u00eancia ao desgaste. O corpo do cilindro e as superf\u00edcies roscadas das extremidades passam por um processo de usinagem minucioso para aumentar a durabilidade contra o desgaste. A lubrifica\u00e7\u00e3o regular com \u00f3leo hidr\u00e1ulico \u00e9 necess\u00e1ria para garantir o funcionamento suave e reduzir o atrito dentro do cilindro.<\/p>\n<h2>Medidas de Manuten\u00e7\u00e3o Preventiva<\/h2>\n<ul>\n<li><strong>Inspe\u00e7\u00f5es regulares:<\/strong> A realiza\u00e7\u00e3o de inspe\u00e7\u00f5es de rotina ajuda a identificar problemas potenciais antes que se agravem. Os operadores devem verificar sinais de desgaste, vazamentos e a integridade geral do cilindro.<\/li>\n<li><strong>Lubrifica\u00e7\u00e3o oportuna:<\/strong> Manter os n\u00edveis adequados de lubrifica\u00e7\u00e3o \u00e9 fundamental para a vida \u00fatil do cilindro. Os operadores devem garantir que o \u00f3leo hidr\u00e1ulico seja reposto e que a qualidade do \u00f3leo atenda \u00e0s especifica\u00e7\u00f5es exigidas.<\/li>\n<li><strong>Substitui\u00e7\u00e3o da veda\u00e7\u00e3o:<\/strong> Com o tempo, as veda\u00e7\u00f5es podem se desgastar e precisar de substitui\u00e7\u00e3o. Avaliar regularmente a condi\u00e7\u00e3o das veda\u00e7\u00f5es e substitu\u00ed-las quando necess\u00e1rio pode prevenir vazamentos e manter o desempenho ideal.<\/li>\n<\/ul>\n<h2>Diretrizes de instala\u00e7\u00e3o<\/h2>\n<p>A instala\u00e7\u00e3o correta dos cilindros da lan\u00e7a \u00e9 crucial para o seu desempenho e seguran\u00e7a. Comece por garantir que a \u00e1rea de trabalho esteja limpa e livre de detritos. Alinhe o cilindro corretamente com os suportes de montagem, utilizando as ferramentas apropriadas para fix\u00e1-lo. \u00c9 essencial apertar todos os parafusos uniformemente para evitar desalinhamento, o que pode levar a falhas prematuras. Utilize suportes de montagem para estabilizar o cilindro durante a instala\u00e7\u00e3o. Ap\u00f3s a instala\u00e7\u00e3o, verifique o alinhamento e a funcionalidade corretos antes de operar o equipamento.<\/p>\n<h2>Tarefas comuns de manuten\u00e7\u00e3o<\/h2>\n<ul>\n<li><strong>Verifica\u00e7\u00f5es regulares:<\/strong> Agende verifica\u00e7\u00f5es de rotina para detectar desgaste e vazamentos, garantindo que todos os componentes estejam funcionando corretamente.<\/li>\n<li><strong>Lubrifica\u00e7\u00e3o adequada:<\/strong> Mantenha os n\u00edveis de lubrifica\u00e7\u00e3o conforme recomendado pelo fabricante para reduzir o desgaste das pe\u00e7as m\u00f3veis.<\/li>\n<li><strong>Substitui\u00e7\u00e3o da veda\u00e7\u00e3o:<\/strong> Monitore o estado das veda\u00e7\u00f5es e substitua-as conforme necess\u00e1rio para evitar vazamentos de fluido hidr\u00e1ulico e manter a efici\u00eancia do sistema.<\/li>\n<\/ul>\n<h2>Considera\u00e7\u00f5es de seguran\u00e7a e fatores ambientais<\/h2>\n<p>Ao trabalhar com sistemas hidr\u00e1ulicos, as medidas de seguran\u00e7a s\u00e3o cruciais. Os operadores devem ser treinados em pr\u00e1ticas de manuseio seguro para minimizar os riscos associados a sistemas de alta press\u00e3o. O uso de equipamentos de prote\u00e7\u00e3o individual (EPI) e a garantia de que os protocolos de emerg\u00eancia adequados estejam em vigor podem ajudar a prevenir acidentes. Al\u00e9m disso, fluidos hidr\u00e1ulicos ecologicamente corretos devem ser considerados para reduzir o impacto ambiental e melhorar a sustentabilidade.<\/p>\n<h2>Solu\u00e7\u00e3o de problemas comuns<\/h2>\n<ul>\n<li><strong>Vazamento:<\/strong> Identifique a origem do vazamento de fluido, que pode ser causado por veda\u00e7\u00f5es ou conex\u00f5es danificadas. Substitua os componentes comprometidos para restaurar a funcionalidade.<\/li>\n<li><strong>Desempenho inadequado:<\/strong> Se o cilindro n\u00e3o funcionar corretamente, verifique se h\u00e1 obstru\u00e7\u00f5es nas linhas hidr\u00e1ulicas ou se o n\u00edvel do fluido est\u00e1 baixo. Certifique-se de que o \u00f3leo hidr\u00e1ulico esteja limpo e dentro das especifica\u00e7\u00f5es exigidas.<\/li>\n<li><strong>Ru\u00eddos incomuns:<\/strong> Ru\u00eddos incomuns durante o funcionamento podem indicar danos internos ou lubrifica\u00e7\u00e3o insuficiente. Realize uma inspe\u00e7\u00e3o completa para determinar a causa e solucionar quaisquer problemas.<\/li>\n<\/ul>\n<h2>Qualidade do produto e vis\u00e3o geral da empresa<\/h2>\n<p>Somos um fabricante l\u00edder de cilindros hidr\u00e1ulicos de reposi\u00e7\u00e3o, atendendo aos mercados nacional e internacional. Nossa ampla gama de produtos reflete nosso compromisso com a excel\u00eancia em qualidade, sustentado por um processo de fabrica\u00e7\u00e3o eficiente. Aproveitamos tecnologia avan\u00e7ada, pessoal qualificado e um sistema de testes robusto para aprimorar nossas capacidades de produ\u00e7\u00e3o. Nosso foco em alta efici\u00eancia, precis\u00e3o e qualidade garante que atendamos \u00e0s diversas necessidades dos clientes por meio de solu\u00e7\u00f5es personalizadas.<\/p>\n<p>Nossa empresa se orgulha de sua expertise profissional, certifica\u00e7\u00f5es internacionais e servi\u00e7os p\u00f3s-venda abrangentes. Oferecemos produtos personalizados que atendem a requisitos espec\u00edficos, garantindo a satisfa\u00e7\u00e3o e a fideliza\u00e7\u00e3o de nossos clientes.<\/p>\n<p><img decoding=\"async\" src=\"https:\/\/www.hydraulic-cylinders.net\/wp-content\/uploads\/2025\/04\/songte-company-4.webp\" alt=\"Vis\u00e3o geral da empresa\"><br \/>\n<img decoding=\"async\" src=\"https:\/\/www.hydraulic-cylinders.net\/wp-content\/uploads\/2025\/04\/songte-company-3.webp\" alt=\"Processo de fabrica\u00e7\u00e3o da empresa\"><\/p>\n<p>Autor: lyl<\/p>","protected":false},"excerpt":{"rendered":"<p>Boom Cylinder For Bobcat Small Excavator E418 Introduction to Boom Cylinders The boom cylinder is a crucial hydraulic component used in various heavy machinery, including excavators, backhoe loaders, and front loaders. It plays a vital role in controlling the movement of the boom, allowing it to elevate, lower, and tilt, which facilitates efficient material handling [&hellip;]<\/p>","protected":false},"featured_media":17876,"comment_status":"open","ping_status":"closed","template":"","meta":{"_et_pb_use_builder":"","_et_pb_old_content":"","_et_gb_content_width":""},"product_brand":[],"product_cat":[1546],"product_tag":[1547,1496],"class_list":{"0":"post-19416","1":"product","2":"type-product","3":"status-publish","4":"has-post-thumbnail","6":"product_cat-boom-cylinders","7":"product_tag-boom-cylinders","8":"product_tag-hydraulic-cylinders","10":"first","11":"instock","12":"shipping-taxable","13":"product-type-simple"},"amp_enabled":true,"_links":{"self":[{"href":"https:\/\/www.hydraulic-cylinders.net\/pt\/wp-json\/wp\/v2\/product\/19416","targetHints":{"allow":["GET"]}}],"collection":[{"href":"https:\/\/www.hydraulic-cylinders.net\/pt\/wp-json\/wp\/v2\/product"}],"about":[{"href":"https:\/\/www.hydraulic-cylinders.net\/pt\/wp-json\/wp\/v2\/types\/product"}],"replies":[{"embeddable":true,"href":"https:\/\/www.hydraulic-cylinders.net\/pt\/wp-json\/wp\/v2\/comments?post=19416"}],"wp:featuredmedia":[{"embeddable":true,"href":"https:\/\/www.hydraulic-cylinders.net\/pt\/wp-json\/wp\/v2\/media\/17876"}],"wp:attachment":[{"href":"https:\/\/www.hydraulic-cylinders.net\/pt\/wp-json\/wp\/v2\/media?parent=19416"}],"wp:term":[{"taxonomy":"product_brand","embeddable":true,"href":"https:\/\/www.hydraulic-cylinders.net\/pt\/wp-json\/wp\/v2\/product_brand?post=19416"},{"taxonomy":"product_cat","embeddable":true,"href":"https:\/\/www.hydraulic-cylinders.net\/pt\/wp-json\/wp\/v2\/product_cat?post=19416"},{"taxonomy":"product_tag","embeddable":true,"href":"https:\/\/www.hydraulic-cylinders.net\/pt\/wp-json\/wp\/v2\/product_tag?post=19416"}],"curies":[{"name":"wp","href":"https:\/\/api.w.org\/{rel}","templated":true}]}}