{"id":19431,"date":"2025-04-07T06:34:22","date_gmt":"2025-04-07T06:34:22","guid":{"rendered":"https:\/\/www.hydraulic-cylinders.net\/product\/boom-cylinder-for-takeuchi-small-excavator-tb180fr\/"},"modified":"2025-04-07T06:34:25","modified_gmt":"2025-04-07T06:34:25","slug":"boom-cylinder-for-takeuchi-small-excavator-tb180fr","status":"publish","type":"product","link":"https:\/\/www.hydraulic-cylinders.net\/pt\/produto\/boom-cylinder-for-takeuchi-small-excavator-tb180fr\/","title":{"rendered":"Cilindro da lan\u00e7a para mini escavadeira Takeuchi TB180FR"},"content":{"rendered":"<h1>Cilindro da lan\u00e7a para mini escavadeira Takeuchi TB180FR<\/h1>\n<h2>Introdu\u00e7\u00e3o aos Cilindros de Lan\u00e7a<\/h2>\n<p>O cilindro da lan\u00e7a, projetado especificamente para a miniescavadeira Takeuchi TB180FR, \u00e9 um componente hidr\u00e1ulico crucial que desempenha um papel significativo na opera\u00e7\u00e3o de m\u00e1quinas pesadas. Este cilindro hidr\u00e1ulico foi projetado para controlar o movimento da lan\u00e7a da escavadeira, permitindo a\u00e7\u00f5es de eleva\u00e7\u00e3o, abaixamento e inclina\u00e7\u00e3o essenciais para diversas tarefas de movimenta\u00e7\u00e3o de materiais. Ele \u00e9 especificamente adaptado para atender \u00e0s demandas da constru\u00e7\u00e3o civil e escava\u00e7\u00e3o, permitindo que os operadores trabalhem com efici\u00eancia nos canteiros de obras.<\/p>\n<p><img decoding=\"async\" src=\"https:\/\/www.hydraulic-cylinders.net\/wp-content\/uploads\/2025\/04\/songte-company-1.webp\" alt=\"Cilindro de lan\u00e7a para Takeuchi\"><\/p>\n<h3>Compreendendo os cilindros de ca\u00e7amba<\/h3>\n<p>Os cilindros de ca\u00e7amba s\u00e3o um tipo de cilindro hidr\u00e1ulico usado especificamente para controlar o movimento das ca\u00e7ambas em m\u00e1quinas pesadas, como escavadeiras, retroescavadeiras e p\u00e1s carregadeiras. Esses cilindros permitem que a ca\u00e7amba se estenda, retraia e gire, facilitando o manuseio eficiente de materiais. Ao utilizar fluido hidr\u00e1ulico para gerar for\u00e7a, os cilindros de ca\u00e7amba garantem uma opera\u00e7\u00e3o suave e eficiente, crucial para escavar, carregar e transportar materiais como terra e entulho. Al\u00e9m disso, s\u00e3o essenciais para melhorar o desempenho geral dos equipamentos de constru\u00e7\u00e3o, tornando-os indispens\u00e1veis \u200b\u200bno setor.<\/p>\n<h2>Caracter\u00edsticas do Cilindro de Lan\u00e7a<\/h2>\n<ul>\n<li><strong>Alta resist\u00eancia e durabilidade:<\/strong> Fabricados em a\u00e7o de alta resist\u00eancia ou alum\u00ednio, esses cilindros suportam alta press\u00e3o e cargas pesadas, sendo adequados para ambientes de trabalho severos. Seu design considera a resist\u00eancia ao desgaste e a prote\u00e7\u00e3o contra corros\u00e3o, prolongando sua vida \u00fatil.<\/li>\n<li><strong>Opera\u00e7\u00e3o hidr\u00e1ulica eficiente:<\/strong> Utilizando a press\u00e3o do \u00f3leo hidr\u00e1ulico, o cilindro da lan\u00e7a permite a\u00e7\u00f5es suaves e responsivas, proporcionando fortes for\u00e7as de empuxo e tra\u00e7\u00e3o, ideais para manusear objetos pesados \u200b\u200be realizar tarefas complexas.<\/li>\n<li><strong>Tipos diversos:<\/strong> Os cilindros da lan\u00e7a podem ser selecionados como de a\u00e7\u00e3o simples (a\u00e7\u00e3o hidr\u00e1ulica em uma dire\u00e7\u00e3o) ou de a\u00e7\u00e3o dupla (a\u00e7\u00e3o hidr\u00e1ulica em ambas as dire\u00e7\u00f5es), atendendo a diferentes requisitos operacionais. Alguns modelos s\u00e3o telesc\u00f3picos, permitindo maior extens\u00e3o sem aumentar as dimens\u00f5es externas, adequados para aplica\u00e7\u00f5es com restri\u00e7\u00e3o de espa\u00e7o.<\/li>\n<\/ul>\n<h2>Excel\u00eancia em Manufatura<\/h2>\n<p>Somos especializados na produ\u00e7\u00e3o de cilindros de lan\u00e7a de alta qualidade que substituem perfeitamente os cilindros hidr\u00e1ulicos existentes, garantindo opera\u00e7\u00e3o confi\u00e1vel e compatibilidade com diversos modelos.<\/p>\n<p><img decoding=\"async\" src=\"https:\/\/www.hydraulic-cylinders.net\/wp-content\/uploads\/2025\/04\/songte-cylinder-head-with-all-kinds-excavator-models.webp\" alt=\"Fabrica\u00e7\u00e3o de cilindros hidr\u00e1ulicos\"><\/p>\n<h2>Aplica\u00e7\u00f5es do Cilindro de Lan\u00e7a<\/h2>\n<h3>Equipamentos de constru\u00e7\u00e3o<\/h3>\n<p>Em escavadeiras, os cilindros da lan\u00e7a s\u00e3o vitais para escavar, carregar e movimentar solo ou entulho. Sua capacidade de extens\u00e3o e retra\u00e7\u00e3o permite que os operadores gerenciem com efici\u00eancia a profundidade da escava\u00e7\u00e3o e o transporte de materiais, contribuindo para a conclus\u00e3o mais r\u00e1pida do projeto. Em retroescavadeiras, esses cilindros auxiliam tanto na escava\u00e7\u00e3o quanto no levantamento, aumentando a versatilidade e a produtividade no local da obra.<\/p>\n<h3>Maquinaria agr\u00edcola<\/h3>\n<p>Em carregadeiras frontais, os cilindros da lan\u00e7a s\u00e3o usados \u200b\u200bpara escavar, levantar e transportar terra, feno e outros materiais. Seu design robusto garante que eles possam lidar com as demandas das tarefas agr\u00edcolas, otimizando a efici\u00eancia nas atividades agr\u00edcolas e reduzindo a fadiga do operador.<\/p>\n<h3>Tarefas de Escava\u00e7\u00e3o<\/h3>\n<p>Em escavadeiras, os cilindros da ca\u00e7amba possibilitam o processo de escava\u00e7\u00e3o, permitindo que a ca\u00e7amba penetre no solo de forma eficaz. Essa a\u00e7\u00e3o \u00e9 crucial para atingir as profundidades de escava\u00e7\u00e3o desejadas e para diversas aplica\u00e7\u00f5es de movimenta\u00e7\u00e3o de terra, garantindo que o operador possa executar as tarefas com efici\u00eancia.<\/p>\n<h3>Opera\u00e7\u00f5es com carregadeira<\/h3>\n<p>Em carregadeiras frontais, os cilindros da lan\u00e7a auxiliam no levantamento e despejo eficiente de materiais. Essa capacidade \u00e9 essencial para carregar caminh\u00f5es ou transferir materiais dentro de uma obra, otimizando as opera\u00e7\u00f5es e aumentando a produtividade geral.<\/p>\n<h2>Considera\u00e7\u00f5es de design e crit\u00e9rios de sele\u00e7\u00e3o<\/h2>\n<h3>Capacidade de carga<\/h3>\n<p>A capacidade de carga de um cilindro de lan\u00e7a \u00e9 fundamental para garantir que ele suporte o peso dos materiais e as for\u00e7as exercidas durante a opera\u00e7\u00e3o. Ao selecionar um cilindro, \u00e9 crucial avaliar os requisitos m\u00e1ximos de carga da m\u00e1quina espec\u00edfica com a qual ele ser\u00e1 utilizado, garantindo que atenda ou exceda essas necessidades para evitar falhas durante a opera\u00e7\u00e3o.<\/p>\n<h3>Veda\u00e7\u00e3o e durabilidade<\/h3>\n<p>Uma veda\u00e7\u00e3o eficaz \u00e9 vital para evitar vazamentos de fluido hidr\u00e1ulico, que podem levar a uma opera\u00e7\u00e3o ineficiente. Veda\u00e7\u00f5es de alta qualidade, feitas de materiais como poliuretano ou borracha nitr\u00edlica, s\u00e3o essenciais para garantir durabilidade e longa vida \u00fatil em diversas condi\u00e7\u00f5es de trabalho. A sele\u00e7\u00e3o de cilindros com mecanismos de veda\u00e7\u00e3o robustos prolonga sua vida \u00fatil e reduz as necessidades de manuten\u00e7\u00e3o.<\/p>\n<h3>Recursos de seguran\u00e7a<\/h3>\n<p>A seguran\u00e7a \u00e9 fundamental na opera\u00e7\u00e3o de m\u00e1quinas pesadas. Os cilindros da lan\u00e7a devem ser projetados com recursos que minimizem os riscos, como v\u00e1lvulas de al\u00edvio de press\u00e3o e sistemas de montagem robustos. Esses elementos garantem a opera\u00e7\u00e3o segura sob diferentes cargas e condi\u00e7\u00f5es, protegendo tanto o operador quanto o equipamento.<\/p>\n<p><img decoding=\"async\" src=\"https:\/\/www.hydraulic-cylinders.net\/wp-content\/uploads\/2025\/04\/songte-oil-pipes-and-spare-parts.webp\" alt=\"Considera\u00e7\u00f5es sobre o projeto de cilindros hidr\u00e1ulicos\"><\/p>\n<h2>Veda\u00e7\u00e3o e Lubrifica\u00e7\u00e3o<\/h2>\n<p>A veda\u00e7\u00e3o e a lubrifica\u00e7\u00e3o adequadas s\u00e3o cruciais para manter o desempenho dos cilindros da lan\u00e7a. V\u00e1rios componentes de veda\u00e7\u00e3o, incluindo veda\u00e7\u00f5es de pist\u00e3o e veda\u00e7\u00f5es de haste, s\u00e3o usados \u200b\u200bpara evitar vazamentos de fluido hidr\u00e1ulico. Veda\u00e7\u00f5es feitas de materiais dur\u00e1veis, como poliuretano e borracha nitr\u00edlica, aumentam a resist\u00eancia ao desgaste e a fatores ambientais. Al\u00e9m disso, o corpo do cilindro e as extremidades roscadas passam por usinagem de precis\u00e3o para melhorar a resist\u00eancia ao desgaste. A adi\u00e7\u00e3o regular de \u00f3leo hidr\u00e1ulico para lubrifica\u00e7\u00e3o \u00e9 necess\u00e1ria para garantir o bom funcionamento e prolongar a vida \u00fatil do sistema hidr\u00e1ulico.<\/p>\n<h2>Manuten\u00e7\u00e3o e Medidas Preventivas<\/h2>\n<h3>Inspe\u00e7\u00f5es regulares<\/h3>\n<p>A realiza\u00e7\u00e3o de inspe\u00e7\u00f5es regulares nos cilindros da lan\u00e7a \u00e9 essencial para identificar problemas potenciais antes que se agravem. Os operadores devem verificar regularmente se h\u00e1 vazamentos de fluido hidr\u00e1ulico, veda\u00e7\u00f5es desgastadas e ru\u00eddos incomuns durante a opera\u00e7\u00e3o. A detec\u00e7\u00e3o precoce desses problemas pode evitar reparos dispendiosos e garantir a opera\u00e7\u00e3o cont\u00ednua.<\/p>\n<h3>Lubrifica\u00e7\u00e3o adequada<\/h3>\n<p>Garantir que os cilindros da lan\u00e7a estejam adequadamente lubrificados \u00e9 crucial para seu desempenho e vida \u00fatil. Os operadores devem seguir as orienta\u00e7\u00f5es do fabricante quanto \u00e0 frequ\u00eancia e ao tipo de \u00f3leo hidr\u00e1ulico a ser utilizado, assegurando que todas as partes m\u00f3veis estejam bem lubrificadas. Essa pr\u00e1tica minimiza o atrito e o desgaste, contribuindo para a durabilidade geral do cilindro.<\/p>\n<h3>Substitui\u00e7\u00e3o de selos e verifica\u00e7\u00f5es de calibra\u00e7\u00e3o<\/h3>\n<p>A substitui\u00e7\u00e3o regular das veda\u00e7\u00f5es \u00e9 necess\u00e1ria para manter a integridade do sistema hidr\u00e1ulico. Os operadores devem seguir um cronograma de inspe\u00e7\u00e3o e substitui\u00e7\u00e3o das veda\u00e7\u00f5es, principalmente em situa\u00e7\u00f5es de uso intenso. As verifica\u00e7\u00f5es de calibra\u00e7\u00e3o tamb\u00e9m s\u00e3o vitais para garantir que o cilindro opere dentro dos par\u00e2metros projetados, mantendo assim a efici\u00eancia e a seguran\u00e7a.<\/p>\n<p><img decoding=\"async\" src=\"https:\/\/www.hydraulic-cylinders.net\/wp-content\/uploads\/2025\/04\/songte-chushion-collar.webp\" alt=\"Manuten\u00e7\u00e3o do cilindro da lan\u00e7a\"><\/p>\n<h2>Considera\u00e7\u00f5es de seguran\u00e7a e fatores ambientais<\/h2>\n<p>Ao utilizar cilindros de lan\u00e7a, as medidas de seguran\u00e7a devem ser priorizadas para proteger os operadores e as pessoas pr\u00f3ximas. Isso inclui o cumprimento das diretrizes relativas aos limites de carga, o treinamento adequado dos operadores e o uso de equipamentos de prote\u00e7\u00e3o individual (EPI). Al\u00e9m disso, fatores ambientais, como a contamina\u00e7\u00e3o dos fluidos hidr\u00e1ulicos, devem ser cuidadosamente controlados para prevenir acidentes e garantir a conformidade com as normas de seguran\u00e7a.<\/p>\n<h2>Solu\u00e7\u00e3o de problemas e problemas comuns<\/h2>\n<h3>Problemas comuns<\/h3>\n<ul>\n<li><strong>Vazamento:<\/strong> Geralmente causado por veda\u00e7\u00f5es desgastadas ou conex\u00f5es defeituosas.<\/li>\n<li><strong>Cilindro sem resposta:<\/strong> Pode ocorrer devido \u00e0 insufici\u00eancia de fluido hidr\u00e1ulico ou \u00e0 presen\u00e7a de ar preso no sistema.<\/li>\n<li><strong>Ru\u00eddos anormais:<\/strong> Pode indicar danos internos ou lubrifica\u00e7\u00e3o inadequada.<\/li>\n<\/ul>\n<h3>Diagn\u00f3stico e Solu\u00e7\u00f5es<\/h3>\n<p>Para diagnosticar problemas nos cilindros da lan\u00e7a de forma eficaz, os operadores devem verificar sistematicamente sinais de desgaste, vazamentos e n\u00edveis adequados de fluido. Solu\u00e7\u00f5es comuns incluem a substitui\u00e7\u00e3o de veda\u00e7\u00f5es desgastadas, a sangria do sistema para remover o ar preso e a garantia de lubrifica\u00e7\u00e3o adequada. A implementa\u00e7\u00e3o de medidas preventivas pode reduzir significativamente a probabilidade de ocorr\u00eancia desses problemas.<\/p>\n<p><img decoding=\"async\" src=\"https:\/\/www.hydraulic-cylinders.net\/wp-content\/uploads\/2025\/04\/songte-bushings-with-all-kinds-of-excavator-models.webp\" alt=\"Solu\u00e7\u00e3o de problemas do cilindro da lan\u00e7a\"><\/p>\n<h2>Vis\u00e3o geral da empresa<\/h2>\n<p>Somos um fabricante l\u00edder de cilindros hidr\u00e1ulicos de reposi\u00e7\u00e3o, especializados em uma ampla gama de produtos para os mercados nacional e internacional. Nosso compromisso com a excel\u00eancia \u00e9 evidente em nossas estrat\u00e9gias avan\u00e7adas de fabrica\u00e7\u00e3o, que contam com t\u00e9cnicos qualificados e equipamentos de fabrica\u00e7\u00e3o digital de \u00faltima gera\u00e7\u00e3o. Ao aprimorarmos continuamente nossos processos de produ\u00e7\u00e3o e sistemas de controle de qualidade, garantimos que nossos produtos atendam \u00e0s diversas necessidades de nossos clientes. Nossa expertise, aliada a certifica\u00e7\u00f5es internacionais e servi\u00e7os personalizados, nos posiciona como l\u00edderes no setor de cilindros hidr\u00e1ulicos.<\/p>\n<p><img decoding=\"async\" src=\"https:\/\/www.hydraulic-cylinders.net\/wp-content\/uploads\/2025\/04\/songte-company-4.webp\" alt=\"Vis\u00e3o geral da empresa\"><br \/>\n<img decoding=\"async\" src=\"https:\/\/www.hydraulic-cylinders.net\/wp-content\/uploads\/2025\/04\/songte-company-3.webp\" alt=\"Nossas capacidades de fabrica\u00e7\u00e3o\"><\/p>\n<p>Autor: lyl<\/p>","protected":false},"excerpt":{"rendered":"<p>Boom Cylinder For Takeuchi Small Excavator TB180FR Introduction to Boom Cylinders The Boom Cylinder, specifically designed for the Takeuchi Small Excavator TB180FR, is a crucial hydraulic component that plays a significant role in the operation of heavy machinery. This hydraulic cylinder is engineered to control the movement of the excavator&#8217;s boom, allowing for lifting, lowering, [&hellip;]<\/p>","protected":false},"featured_media":17876,"comment_status":"open","ping_status":"closed","template":"","meta":{"_et_pb_use_builder":"","_et_pb_old_content":"","_et_gb_content_width":""},"product_brand":[],"product_cat":[1546],"product_tag":[1547,1496],"class_list":{"0":"post-19431","1":"product","2":"type-product","3":"status-publish","4":"has-post-thumbnail","6":"product_cat-boom-cylinders","7":"product_tag-boom-cylinders","8":"product_tag-hydraulic-cylinders","10":"first","11":"instock","12":"shipping-taxable","13":"product-type-simple"},"amp_enabled":true,"_links":{"self":[{"href":"https:\/\/www.hydraulic-cylinders.net\/pt\/wp-json\/wp\/v2\/product\/19431","targetHints":{"allow":["GET"]}}],"collection":[{"href":"https:\/\/www.hydraulic-cylinders.net\/pt\/wp-json\/wp\/v2\/product"}],"about":[{"href":"https:\/\/www.hydraulic-cylinders.net\/pt\/wp-json\/wp\/v2\/types\/product"}],"replies":[{"embeddable":true,"href":"https:\/\/www.hydraulic-cylinders.net\/pt\/wp-json\/wp\/v2\/comments?post=19431"}],"wp:featuredmedia":[{"embeddable":true,"href":"https:\/\/www.hydraulic-cylinders.net\/pt\/wp-json\/wp\/v2\/media\/17876"}],"wp:attachment":[{"href":"https:\/\/www.hydraulic-cylinders.net\/pt\/wp-json\/wp\/v2\/media?parent=19431"}],"wp:term":[{"taxonomy":"product_brand","embeddable":true,"href":"https:\/\/www.hydraulic-cylinders.net\/pt\/wp-json\/wp\/v2\/product_brand?post=19431"},{"taxonomy":"product_cat","embeddable":true,"href":"https:\/\/www.hydraulic-cylinders.net\/pt\/wp-json\/wp\/v2\/product_cat?post=19431"},{"taxonomy":"product_tag","embeddable":true,"href":"https:\/\/www.hydraulic-cylinders.net\/pt\/wp-json\/wp\/v2\/product_tag?post=19431"}],"curies":[{"name":"wp","href":"https:\/\/api.w.org\/{rel}","templated":true}]}}