{"id":19438,"date":"2025-04-07T06:47:33","date_gmt":"2025-04-07T06:47:33","guid":{"rendered":"https:\/\/www.hydraulic-cylinders.net\/product\/boom-cylinder-for-takeuchi-small-excavator-tb1135c\/"},"modified":"2025-04-07T06:47:35","modified_gmt":"2025-04-07T06:47:35","slug":"boom-cylinder-for-takeuchi-small-excavator-tb1135c","status":"publish","type":"product","link":"https:\/\/www.hydraulic-cylinders.net\/pt\/produto\/boom-cylinder-for-takeuchi-small-excavator-tb1135c\/","title":{"rendered":"Cilindro da lan\u00e7a para mini escavadeira Takeuchi TB1135C"},"content":{"rendered":"<h1>Cilindro da lan\u00e7a para mini escavadeira Takeuchi TB1135C<\/h1>\n<h2>Compreendendo o Cilindro da Lan\u00e7a<\/h2>\n<p>Um cilindro de lan\u00e7a, tamb\u00e9m conhecido como cilindro de ca\u00e7amba, \u00e9 um cilindro hidr\u00e1ulico especializado projetado para controlar o movimento das ca\u00e7ambas em diversas m\u00e1quinas pesadas, como escavadeiras, retroescavadeiras e p\u00e1s carregadeiras. Esses cilindros s\u00e3o componentes integrais dos sistemas hidr\u00e1ulicos, permitindo o levantamento, abaixamento e inclina\u00e7\u00e3o da ca\u00e7amba, o que \u00e9 essencial para a movimenta\u00e7\u00e3o eficiente de materiais. A funcionalidade dos cilindros de lan\u00e7a permite que os operadores realizem diversas opera\u00e7\u00f5es, como escava\u00e7\u00e3o, carregamento e transporte de materiais com precis\u00e3o e facilidade.<\/p>\n<p><img decoding=\"async\" src=\"https:\/\/www.hydraulic-cylinders.net\/wp-content\/uploads\/2025\/04\/songte-company-1.webp\" alt=\"Cilindro da lan\u00e7a para mini escavadeira Takeuchi\"><\/p>\n<h3>Caracter\u00edsticas do Cilindro de Lan\u00e7a<\/h3>\n<ul>\n<li><strong>Alta resist\u00eancia e durabilidade:<\/strong> Normalmente fabricados em a\u00e7o de alta resist\u00eancia ou alum\u00ednio, esses cilindros suportam altas press\u00f5es e cargas pesadas, sendo ideais para ambientes de trabalho severos. O projeto considera a resist\u00eancia ao desgaste e \u00e0 corros\u00e3o, prolongando a vida \u00fatil do produto.<\/li>\n<li><strong>Opera\u00e7\u00e3o hidr\u00e1ulica eficiente:<\/strong> Utilizando press\u00e3o de \u00f3leo hidr\u00e1ulico, esses cilindros garantem extens\u00e3o e retra\u00e7\u00e3o suaves, respondendo rapidamente aos comandos operacionais e fornecendo for\u00e7a significativa de empurrar e puxar, adequada para lidar com tarefas pesadas e complexas.<\/li>\n<li><strong>Diversos tipos dispon\u00edveis:<\/strong> Dependendo das necessidades operacionais, podem ser selecionados cilindros de a\u00e7\u00e3o simples (que utilizam o sistema hidr\u00e1ulico em uma dire\u00e7\u00e3o) ou de a\u00e7\u00e3o dupla (que utilizam o sistema hidr\u00e1ulico em ambas as dire\u00e7\u00f5es). Alguns modelos s\u00e3o telesc\u00f3picos, permitindo maior extens\u00e3o sem aumentar as dimens\u00f5es externas, o que \u00e9 ideal para aplica\u00e7\u00f5es com espa\u00e7o limitado.<\/li>\n<li><strong>Fabrica\u00e7\u00e3o personalizada:<\/strong> Somos especializados na produ\u00e7\u00e3o de cilindros para lan\u00e7as que podem substituir perfeitamente os cilindros hidr\u00e1ulicos existentes, garantindo compatibilidade e desempenho.<\/li>\n<li><strong>Garantia de qualidade:<\/strong> Nossos cilindros de lan\u00e7a passam por testes rigorosos e verifica\u00e7\u00f5es de qualidade para garantir desempenho e seguran\u00e7a ideais em diversas aplica\u00e7\u00f5es.<\/li>\n<\/ul>\n<p><img decoding=\"async\" src=\"https:\/\/www.hydraulic-cylinders.net\/wp-content\/uploads\/2025\/04\/songte-cylinder-head-with-all-kinds-excavator-models.webp\" alt=\"Op\u00e7\u00f5es de cilindro hidr\u00e1ulico\"><\/p>\n<h2>Aplica\u00e7\u00f5es de Cilindros de Lan\u00e7a<\/h2>\n<h3>Equipamentos de constru\u00e7\u00e3o<\/h3>\n<p>Em escavadeiras, os cilindros da lan\u00e7a desempenham um papel crucial na escava\u00e7\u00e3o, carregamento e transporte de solo ou entulho. Sua capacidade de extens\u00e3o e retra\u00e7\u00e3o permite uma escava\u00e7\u00e3o e carregamento de materiais eficientes. Em retroescavadeiras, os cilindros da lan\u00e7a n\u00e3o apenas auxiliam na escava\u00e7\u00e3o, mas tamb\u00e9m facilitam o levantamento de cargas, tornando-os essenciais para projetos de constru\u00e7\u00e3o.<\/p>\n<h3>Maquinaria agr\u00edcola<\/h3>\n<p>Nas p\u00e1s carregadeiras frontais, os cilindros da lan\u00e7a s\u00e3o usados \u200b\u200bpara escavar, levantar e transportar terra, feno e outros materiais. Seu design robusto garante que possam lidar com as cargas pesadas t\u00edpicas das tarefas agr\u00edcolas, contribuindo para o aumento da efici\u00eancia nas opera\u00e7\u00f5es agr\u00edcolas.<\/p>\n<h3>Escavadeiras<\/h3>\n<p>Nas escavadeiras, o cilindro da lan\u00e7a permite que a ca\u00e7amba penetre no solo, facilitando as opera\u00e7\u00f5es de escava\u00e7\u00e3o. O mecanismo hidr\u00e1ulico possibilita o controle preciso da profundidade e da largura da escava\u00e7\u00e3o, garantindo o desempenho ideal em diversas condi\u00e7\u00f5es de solo.<\/p>\n<h3>Carregadores<\/h3>\n<p>Em carregadeiras frontais, os cilindros da lan\u00e7a auxiliam no levantamento e despejo eficientes de cargas. Sua pot\u00eancia hidr\u00e1ulica permite que os operadores movimentem materiais rapidamente, reduzindo o tempo de trabalho e aumentando a produtividade nos canteiros de obras.<\/p>\n<h2>Considera\u00e7\u00f5es de design e crit\u00e9rios de sele\u00e7\u00e3o<\/h2>\n<h3>Capacidade de carga<\/h3>\n<p>A capacidade de carga de um cilindro de lan\u00e7a \u00e9 um fator crucial no projeto. Ele deve ser capaz de suportar o peso m\u00e1ximo que ir\u00e1 manusear durante as opera\u00e7\u00f5es, sem comprometer a seguran\u00e7a ou o desempenho. Normalmente, os engenheiros calculam a capacidade de carga necess\u00e1ria com base nas aplica\u00e7\u00f5es espec\u00edficas e na carga operacional m\u00e1xima do equipamento. Isso garante que o cilindro possa operar com efic\u00e1cia em diversas condi\u00e7\u00f5es, reduzindo o risco de falhas.<\/p>\n<h3>Mecanismos de veda\u00e7\u00e3o<\/h3>\n<p>Uma veda\u00e7\u00e3o eficaz \u00e9 vital para manter a press\u00e3o hidr\u00e1ulica e evitar vazamentos de fluido. O projeto dos cilindros da lan\u00e7a inclui tecnologias avan\u00e7adas de veda\u00e7\u00e3o para garantir longevidade e confiabilidade. As veda\u00e7\u00f5es devem suportar alta press\u00e3o e resistir ao desgaste causado pelo fluido hidr\u00e1ulico. A sele\u00e7\u00e3o de materiais de veda\u00e7\u00e3o adequados, como poliuretano ou borracha nitr\u00edlica, \u00e9 crucial para alcan\u00e7ar desempenho e durabilidade ideais.<\/p>\n<h3>Durabilidade e manuten\u00e7\u00e3o<\/h3>\n<p>A durabilidade \u00e9 um fator crucial no projeto de cilindros de lan\u00e7a. Eles devem suportar condi\u00e7\u00f5es ambientais adversas, incluindo exposi\u00e7\u00e3o a poeira, umidade e temperaturas extremas. Os materiais utilizados na constru\u00e7\u00e3o, juntamente com os revestimentos protetores, aumentam a resist\u00eancia do cilindro \u00e0 corros\u00e3o e ao desgaste. A manuten\u00e7\u00e3o regular, incluindo inspe\u00e7\u00f5es e substitui\u00e7\u00f5es oportunas de veda\u00e7\u00f5es e outros componentes, \u00e9 essencial para prolongar a vida \u00fatil do cilindro.<\/p>\n<h3>Recursos de seguran\u00e7a<\/h3>\n<p>A seguran\u00e7a deve ser priorizada no projeto dos cilindros da lan\u00e7a. Recursos como v\u00e1lvulas de al\u00edvio de press\u00e3o e mecanismos de seguran\u00e7a s\u00e3o essenciais para evitar falhas catastr\u00f3ficas durante a opera\u00e7\u00e3o. Esses recursos de seguran\u00e7a s\u00e3o projetados para proteger tanto o equipamento quanto o operador, garantindo um ambiente de trabalho seguro.<\/p>\n<p><img decoding=\"async\" src=\"https:\/\/www.hydraulic-cylinders.net\/wp-content\/uploads\/2025\/04\/songte-oil-pipes-and-spare-parts.webp\" alt=\"Pe\u00e7as de cilindro hidr\u00e1ulico\"><\/p>\n<h2>Veda\u00e7\u00e3o e Lubrifica\u00e7\u00e3o<\/h2>\n<p>A veda\u00e7\u00e3o e a lubrifica\u00e7\u00e3o adequadas s\u00e3o cruciais para o desempenho e a vida \u00fatil dos cilindros da lan\u00e7a. Diversos tipos de veda\u00e7\u00f5es, incluindo veda\u00e7\u00f5es de pist\u00e3o e de haste, s\u00e3o utilizados para evitar vazamentos de fluido hidr\u00e1ulico. A sele\u00e7\u00e3o de materiais dur\u00e1veis \u200b\u200bpara as veda\u00e7\u00f5es, como poliuretano e borracha nitr\u00edlica, aumenta sua resist\u00eancia ao desgaste. Al\u00e9m disso, o corpo do cilindro e as superf\u00edcies roscadas das extremidades passam por um processo de usinagem refinado para melhorar a durabilidade. A lubrifica\u00e7\u00e3o regular com \u00f3leo hidr\u00e1ulico \u00e9 essencial para reduzir o atrito e o desgaste das pe\u00e7as m\u00f3veis, garantindo uma opera\u00e7\u00e3o suave e prevenindo falhas prematuras.<\/p>\n<h2>Medidas de Manuten\u00e7\u00e3o Preventiva<\/h2>\n<ul>\n<li><strong>Inspe\u00e7\u00f5es regulares:<\/strong> Realize verifica\u00e7\u00f5es de rotina para detectar vazamentos, desgaste ou danos. A detec\u00e7\u00e3o precoce de problemas pode evitar reparos dispendiosos e garantir o desempenho ideal.<\/li>\n<li><strong>Lubrifica\u00e7\u00e3o:<\/strong> Aplique \u00f3leo hidr\u00e1ulico apropriado regularmente para manter as veda\u00e7\u00f5es e as pe\u00e7as m\u00f3veis devidamente lubrificadas, reduzindo o atrito e o desgaste.<\/li>\n<li><strong>Substitui\u00e7\u00e3o da veda\u00e7\u00e3o:<\/strong> Substitua imediatamente as veda\u00e7\u00f5es desgastadas ou danificadas para manter a efici\u00eancia hidr\u00e1ulica e evitar vazamentos.<\/li>\n<\/ul>\n<h2>Diretrizes de instala\u00e7\u00e3o<\/h2>\n<p>A instala\u00e7\u00e3o correta dos cilindros da lan\u00e7a \u00e9 essencial para o desempenho ideal. Comece certificando-se de que a \u00e1rea de trabalho esteja limpa e livre de detritos. Alinhe o cilindro com precis\u00e3o com os pontos de montagem na m\u00e1quina para evitar desalinhamentos. Utilize suportes de montagem adequados para fixar o cilindro no lugar. Certifique-se de que as linhas hidr\u00e1ulicas estejam conectadas corretamente e que n\u00e3o haja dobras ou tor\u00e7\u00f5es que possam restringir o fluxo de fluido. Ap\u00f3s a instala\u00e7\u00e3o, realize uma inspe\u00e7\u00e3o completa e teste o sistema sob baixa press\u00e3o antes da opera\u00e7\u00e3o completa para garantir que tudo funcione corretamente.<\/p>\n<h2>Tarefas comuns de manuten\u00e7\u00e3o<\/h2>\n<ul>\n<li><strong>Inspe\u00e7\u00f5es regulares:<\/strong> Inspecione periodicamente o cilindro para verificar sinais de desgaste, vazamentos ou danos. Isso ajuda a identificar problemas potenciais antes que se tornem graves.<\/li>\n<li><strong>Lubrifica\u00e7\u00e3o adequada:<\/strong> Assegure-se de que o \u00f3leo hidr\u00e1ulico seja aplicado regularmente para manter as veda\u00e7\u00f5es e as pe\u00e7as m\u00f3veis lubrificadas, evitando o desgaste prematuro.<\/li>\n<li><strong>Substitui\u00e7\u00e3o da veda\u00e7\u00e3o:<\/strong> Monitore as condi\u00e7\u00f5es das veda\u00e7\u00f5es e substitua-as conforme necess\u00e1rio para manter a efici\u00eancia hidr\u00e1ulica e evitar vazamentos.<\/li>\n<\/ul>\n<h2>Considera\u00e7\u00f5es de seguran\u00e7a e fatores ambientais<\/h2>\n<p>Ao utilizar cilindros de lan\u00e7a, \u00e9 crucial priorizar as medidas de seguran\u00e7a. Os operadores devem ser treinados na opera\u00e7\u00e3o segura de m\u00e1quinas equipadas com sistemas hidr\u00e1ulicos. Auditorias de seguran\u00e7a regulares podem ajudar a identificar riscos potenciais e garantir a conformidade com as normas do setor. Al\u00e9m disso, fatores ambientais, como descarte de fluidos e emiss\u00f5es, devem ser considerados para minimizar o impacto ecol\u00f3gico das opera\u00e7\u00f5es hidr\u00e1ulicas.<\/p>\n<h2>Diagn\u00f3stico de falhas e problemas comuns<\/h2>\n<ul>\n<li><strong>Vazamentos hidr\u00e1ulicos:<\/strong> Um dos problemas mais comuns s\u00e3o os vazamentos de fluido hidr\u00e1ulico, frequentemente causados \u200b\u200bpor veda\u00e7\u00f5es desgastadas ou tubula\u00e7\u00f5es danificadas. Inspe\u00e7\u00f5es regulares podem ajudar a identificar vazamentos precocemente.<\/li>\n<li><strong>Desempenho deficiente do cilindro:<\/strong> Se o cilindro da lan\u00e7a n\u00e3o estiver estendendo ou retraindo suavemente, isso pode indicar n\u00edveis baixos de fluido hidr\u00e1ulico ou ar no sistema, que precisa ser sangrado.<\/li>\n<li><strong>Superaquecimento:<\/strong> O calor excessivo pode danificar os componentes hidr\u00e1ulicos. Garantir o resfriamento adequado e monitorar a temperatura do fluido s\u00e3o medidas essenciais.<\/li>\n<\/ul>\n<h2>Dicas para solu\u00e7\u00e3o de problemas<\/h2>\n<p>Para solucionar problemas comuns com cilindros de lan\u00e7a de forma eficaz, \u00e9 importante seguir uma abordagem sistem\u00e1tica. Verifique os n\u00edveis de fluido e complete, se necess\u00e1rio, pois n\u00edveis baixos podem levar a press\u00e3o hidr\u00e1ulica inadequada. Inspecione as veda\u00e7\u00f5es quanto a desgaste ou danos e substitua-as conforme necess\u00e1rio. Se ocorrer superaquecimento, verifique o sistema hidr\u00e1ulico em busca de bloqueios que possam restringir o fluxo de fluido. A implementa\u00e7\u00e3o de medidas preventivas, como manuten\u00e7\u00e3o regular e reparos oportunos, pode reduzir significativamente a probabilidade de surgimento de problemas.<\/p>\n<p><img decoding=\"async\" src=\"https:\/\/www.hydraulic-cylinders.net\/wp-content\/uploads\/2025\/04\/songte-bushings-with-all-kinds-of-excavator-models.webp\" alt=\"Buchas de escavadeira\"><\/p>\n<h2>Sobre nossa empresa<\/h2>\n<p>Somos fabricantes de cilindros hidr\u00e1ulicos de reposi\u00e7\u00e3o, oferecendo uma linha completa de produtos. Nossa empresa se consolidou como uma das principais fabricantes e distribuidoras de cilindros hidr\u00e1ulicos nos mercados nacional e internacional. Primamos pela excel\u00eancia em qualidade, utilizando uma estrat\u00e9gia de gest\u00e3o de produ\u00e7\u00e3o refinada em nossas instala\u00e7\u00f5es. Nosso investimento em talentos tecnol\u00f3gicos, equipamentos de fabrica\u00e7\u00e3o digital de ponta e sistemas de teste profissionais aprimora continuamente nossa capacidade produtiva, garantindo que atendamos \u00e0s diversas necessidades dos clientes com alta efici\u00eancia, precis\u00e3o e qualidade.<\/p>\n<p><img decoding=\"async\" src=\"https:\/\/www.hydraulic-cylinders.net\/wp-content\/uploads\/2025\/04\/songte-company-4.webp\" alt=\"Vis\u00e3o geral da empresa\"><br \/>\n<img decoding=\"async\" src=\"https:\/\/www.hydraulic-cylinders.net\/wp-content\/uploads\/2025\/04\/songte-company-3.webp\" alt=\"Instala\u00e7\u00f5es da empresa\"><\/p>\n<p>Nossa empresa prioriza o profissionalismo, as certifica\u00e7\u00f5es internacionais, os servi\u00e7os personalizados, os equipamentos de fabrica\u00e7\u00e3o avan\u00e7ados e o atendimento p\u00f3s-venda dedicado para aprimorar ainda mais a experi\u00eancia de nossos clientes.<\/p>\n<p>Autor: lyl<\/p>","protected":false},"excerpt":{"rendered":"<p>Boom Cylinder For Takeuchi Small Excavator TB1135C Understanding the Boom Cylinder A boom cylinder, often referred to as a bucket cylinder, is a specialized hydraulic cylinder designed to control the movement of buckets in various heavy machinery, such as excavators, backhoes, and front loaders. These cylinders are integral components of hydraulic systems, enabling the lifting, [&hellip;]<\/p>","protected":false},"featured_media":17867,"comment_status":"open","ping_status":"closed","template":"","meta":{"_et_pb_use_builder":"","_et_pb_old_content":"","_et_gb_content_width":""},"product_brand":[],"product_cat":[1546],"product_tag":[1547,1496],"class_list":{"0":"post-19438","1":"product","2":"type-product","3":"status-publish","4":"has-post-thumbnail","6":"product_cat-boom-cylinders","7":"product_tag-boom-cylinders","8":"product_tag-hydraulic-cylinders","10":"first","11":"instock","12":"shipping-taxable","13":"product-type-simple"},"amp_enabled":true,"_links":{"self":[{"href":"https:\/\/www.hydraulic-cylinders.net\/pt\/wp-json\/wp\/v2\/product\/19438","targetHints":{"allow":["GET"]}}],"collection":[{"href":"https:\/\/www.hydraulic-cylinders.net\/pt\/wp-json\/wp\/v2\/product"}],"about":[{"href":"https:\/\/www.hydraulic-cylinders.net\/pt\/wp-json\/wp\/v2\/types\/product"}],"replies":[{"embeddable":true,"href":"https:\/\/www.hydraulic-cylinders.net\/pt\/wp-json\/wp\/v2\/comments?post=19438"}],"wp:featuredmedia":[{"embeddable":true,"href":"https:\/\/www.hydraulic-cylinders.net\/pt\/wp-json\/wp\/v2\/media\/17867"}],"wp:attachment":[{"href":"https:\/\/www.hydraulic-cylinders.net\/pt\/wp-json\/wp\/v2\/media?parent=19438"}],"wp:term":[{"taxonomy":"product_brand","embeddable":true,"href":"https:\/\/www.hydraulic-cylinders.net\/pt\/wp-json\/wp\/v2\/product_brand?post=19438"},{"taxonomy":"product_cat","embeddable":true,"href":"https:\/\/www.hydraulic-cylinders.net\/pt\/wp-json\/wp\/v2\/product_cat?post=19438"},{"taxonomy":"product_tag","embeddable":true,"href":"https:\/\/www.hydraulic-cylinders.net\/pt\/wp-json\/wp\/v2\/product_tag?post=19438"}],"curies":[{"name":"wp","href":"https:\/\/api.w.org\/{rel}","templated":true}]}}