{"id":19485,"date":"2025-04-07T06:50:13","date_gmt":"2025-04-07T06:50:13","guid":{"rendered":"https:\/\/www.hydraulic-cylinders.net\/product\/boom-cylinder-for-jchi-ns60c\/"},"modified":"2025-04-07T06:50:15","modified_gmt":"2025-04-07T06:50:15","slug":"boom-cylinder-for-jchi-ns60c","status":"publish","type":"product","link":"https:\/\/www.hydraulic-cylinders.net\/pt\/produto\/boom-cylinder-for-jchi-ns60c\/","title":{"rendered":"Cilindro da lan\u00e7a para JCHI NS60C"},"content":{"rendered":"<h1>Cilindro da lan\u00e7a para JCHI NS60C<\/h1>\n<h2>Introdu\u00e7\u00e3o aos Cilindros de Lan\u00e7a<\/h2>\n<p>O cilindro da lan\u00e7a para a JCHI NS60C \u00e9 um componente crucial em sistemas hidr\u00e1ulicos, projetado especificamente para controlar o movimento das ca\u00e7ambas em diversas m\u00e1quinas pesadas, como escavadeiras, retroescavadeiras e p\u00e1s carregadeiras. Esses cilindros permitem que a ca\u00e7amba suba, des\u00e7a e incline, facilitando as tarefas de movimenta\u00e7\u00e3o de materiais com efici\u00eancia. Como um cilindro hidr\u00e1ulico, ele converte energia hidr\u00e1ulica em energia mec\u00e2nica, fornecendo a for\u00e7a necess\u00e1ria para executar tarefas exigentes. O cilindro da lan\u00e7a desempenha um papel vital para garantir a opera\u00e7\u00e3o cont\u00ednua de equipamentos de constru\u00e7\u00e3o e agr\u00edcolas, permitindo que os operadores executem uma ampla gama de fun\u00e7\u00f5es com precis\u00e3o.<\/p>\n<p><img decoding=\"async\" src=\"https:\/\/www.hydraulic-cylinders.net\/wp-content\/uploads\/2025\/04\/songte-company-1.webp\" alt=\"Cilindro da lan\u00e7a para JCHI NS60C\"><\/p>\n<h2>Caracter\u00edsticas do Cilindro de Lan\u00e7a<\/h2>\n<h3>Alta resist\u00eancia e durabilidade<\/h3>\n<ul>\n<li>Fabricado em a\u00e7o ou alum\u00ednio de alta resist\u00eancia, projetado para suportar alta press\u00e3o e cargas pesadas.<\/li>\n<li>Projetado para se adaptar a ambientes de trabalho severos, com foco na resist\u00eancia ao desgaste e \u00e0 corros\u00e3o para aumentar a durabilidade.<\/li>\n<\/ul>\n<h3>Opera\u00e7\u00e3o Hidr\u00e1ulica Eficiente<\/h3>\n<ul>\n<li>Utiliza press\u00e3o de \u00f3leo hidr\u00e1ulico para obter extens\u00e3o e retra\u00e7\u00e3o suaves, respondendo rapidamente aos comandos de controle.<\/li>\n<li>Oferece uma for\u00e7a de empurrar e puxar poderosa, ideal para manusear cargas pesadas e realizar tarefas operacionais complexas.<\/li>\n<\/ul>\n<h3>Diversos tipos dispon\u00edveis<\/h3>\n<ul>\n<li>Op\u00e7\u00f5es de cilindros de a\u00e7\u00e3o simples (a\u00e7\u00e3o hidr\u00e1ulica em uma dire\u00e7\u00e3o) ou de a\u00e7\u00e3o dupla (a\u00e7\u00e3o hidr\u00e1ulica em ambas as dire\u00e7\u00f5es) para atender a diversos requisitos operacionais.<\/li>\n<li>Alguns modelos apresentam design telesc\u00f3pico, permitindo maior extens\u00e3o sem aumentar as dimens\u00f5es externas, sendo adequados para aplica\u00e7\u00f5es com espa\u00e7o limitado.<\/li>\n<\/ul>\n<h2>Capacidades de Fabrica\u00e7\u00e3o<\/h2>\n<p>Somos especializados na produ\u00e7\u00e3o de cilindros de lan\u00e7a de alta qualidade que substituem perfeitamente os cilindros hidr\u00e1ulicos existentes. Nossa experi\u00eancia garante que nossos produtos atendam aos mais altos padr\u00f5es da ind\u00fastria.<\/p>\n<p><img decoding=\"async\" src=\"https:\/\/www.hydraulic-cylinders.net\/wp-content\/uploads\/2025\/04\/songte-cylinder-head-with-all-kinds-excavator-models.webp\" alt=\"Fabrica\u00e7\u00e3o de cilindros hidr\u00e1ulicos\"><\/p>\n<h2>Cen\u00e1rios de Aplica\u00e7\u00e3o<\/h2>\n<h3>Equipamentos de constru\u00e7\u00e3o<\/h3>\n<p>Em escavadeiras, os cilindros da lan\u00e7a s\u00e3o essenciais para escavar, carregar e movimentar terra ou entulho. Eles proporcionam o movimento necess\u00e1rio para que a ca\u00e7amba penetre no solo, permitindo tarefas de escava\u00e7\u00e3o eficientes. Em retroescavadeiras, o cilindro da lan\u00e7a auxilia tanto na escava\u00e7\u00e3o quanto no levantamento, tornando-a uma ferramenta vers\u00e1til em projetos de constru\u00e7\u00e3o.<\/p>\n<h3>Maquinaria agr\u00edcola<\/h3>\n<p>Em carregadeiras frontais, os cilindros da lan\u00e7a facilitam a coleta, o levantamento e o transporte de terra, feno e outros materiais. Eles garantem uma opera\u00e7\u00e3o suave em tarefas que exigem precis\u00e3o e pot\u00eancia, aumentando a efici\u00eancia das opera\u00e7\u00f5es agr\u00edcolas.<\/p>\n<h3>Escavadeiras<\/h3>\n<p>Em escavadeiras, os cilindros da lan\u00e7a permitem que a ca\u00e7amba penetre no solo de forma eficaz para realizar escava\u00e7\u00f5es. A for\u00e7a hidr\u00e1ulica fornecida pelo cilindro \u00e9 essencial para romper superf\u00edcies duras, tornando-o um componente cr\u00edtico em tarefas de escava\u00e7\u00e3o.<\/p>\n<h3>Carregadores<\/h3>\n<p>Em carregadeiras frontais, os cilindros da lan\u00e7a contribuem para o levantamento e despejo eficientes de cargas. Eles permitem que os operadores executem tarefas rapidamente, melhorando a produtividade nos canteiros de obras.<\/p>\n<h2>Considera\u00e7\u00f5es de design e crit\u00e9rios de sele\u00e7\u00e3o<\/h2>\n<h3>Capacidade de carga<\/h3>\n<p>Ao projetar cilindros de lan\u00e7a, a capacidade de carga \u00e9 uma considera\u00e7\u00e3o primordial. O cilindro deve ser capaz de suportar a carga m\u00e1xima que a m\u00e1quina possa encontrar durante a opera\u00e7\u00e3o. Isso exige uma sele\u00e7\u00e3o cuidadosa de materiais e um projeto estrutural adequado para garantir seguran\u00e7a e confiabilidade, prevenindo falhas durante o uso intenso. Os engenheiros devem considerar fatores como distribui\u00e7\u00e3o de tens\u00f5es, limites de fadiga e resist\u00eancia do material para alcan\u00e7ar um projeto otimizado.<\/p>\n<h3>Selagem<\/h3>\n<p>A veda\u00e7\u00e3o eficaz \u00e9 crucial em cilindros hidr\u00e1ulicos para evitar vazamentos de fluido e manter a press\u00e3o. Veda\u00e7\u00f5es de alta qualidade, como veda\u00e7\u00f5es de pist\u00e3o e de haste, s\u00e3o necess\u00e1rias para garantir a longevidade do cilindro. A escolha dos materiais para as veda\u00e7\u00f5es deve incluir op\u00e7\u00f5es resistentes \u00e0 abras\u00e3o, como poliuretano e borracha nitr\u00edlica, que suportam ambientes agressivos e mant\u00eam o desempenho ao longo do tempo.<\/p>\n<h3>Durabilidade<\/h3>\n<p>A durabilidade \u00e9 um fator cr\u00edtico no projeto de cilindros de lan\u00e7a, visto que estes s\u00e3o frequentemente expostos a condi\u00e7\u00f5es extremas. O uso de materiais de alta resist\u00eancia, combinado com revestimentos protetores, aumenta a resist\u00eancia ao desgaste e a prote\u00e7\u00e3o contra corros\u00e3o, prolongando assim a vida \u00fatil do cilindro. Testes regulares e medidas de garantia de qualidade s\u00e3o vitais para assegurar que os produtos atendam aos padr\u00f5es de durabilidade.<\/p>\n<h3>Seguran\u00e7a<\/h3>\n<p>Ao projetar cilindros de lan\u00e7as, \u00e9 fundamental garantir a seguran\u00e7a e a capacidade de suportar sobrecargas inesperadas e falhas mec\u00e2nicas. Recursos de seguran\u00e7a, como v\u00e1lvulas de al\u00edvio de press\u00e3o e sistemas de montagem robustos, s\u00e3o essenciais para prevenir acidentes e aumentar a seguran\u00e7a do operador. Inspe\u00e7\u00f5es regulares e o cumprimento das normas de seguran\u00e7a devem ser mantidos para mitigar os riscos associados \u00e0s opera\u00e7\u00f5es hidr\u00e1ulicas.<\/p>\n<h3>Manuten\u00e7\u00e3o<\/h3>\n<p>A facilidade de manuten\u00e7\u00e3o \u00e9 outra considera\u00e7\u00e3o essencial no projeto. Os cilindros da lan\u00e7a devem ser projetados para facilitar o acesso aos componentes cr\u00edticos, permitindo inspe\u00e7\u00f5es e reparos de rotina. Um plano de manuten\u00e7\u00e3o bem elaborado, incluindo verifica\u00e7\u00f5es regulares e substitui\u00e7\u00f5es oportunas de pe\u00e7as desgastadas, pode impactar significativamente o desempenho e a vida \u00fatil do sistema hidr\u00e1ulico.<\/p>\n<p><img decoding=\"async\" src=\"https:\/\/www.hydraulic-cylinders.net\/wp-content\/uploads\/2025\/04\/songte-oil-pipes-and-spare-parts.webp\" alt=\"Pe\u00e7as de cilindro hidr\u00e1ulico\"><\/p>\n<h2>Veda\u00e7\u00e3o e Lubrifica\u00e7\u00e3o<\/h2>\n<p>A veda\u00e7\u00e3o e a lubrifica\u00e7\u00e3o eficazes s\u00e3o cruciais para o desempenho ideal dos cilindros da lan\u00e7a. Diversos tipos de veda\u00e7\u00f5es, incluindo veda\u00e7\u00f5es de pist\u00e3o e veda\u00e7\u00f5es de haste, s\u00e3o empregados para manter a press\u00e3o hidr\u00e1ulica e evitar vazamentos de \u00f3leo. A escolha dos materiais de veda\u00e7\u00e3o, como poliuretano e borracha nitr\u00edlica, aumenta a resist\u00eancia ao desgaste e a durabilidade.<\/p>\n<p>O acabamento preciso do corpo do cilindro e das superf\u00edcies roscadas das extremidades \u00e9 necess\u00e1rio para melhorar a resist\u00eancia ao desgaste e garantir uma veda\u00e7\u00e3o adequada. Al\u00e9m disso, a lubrifica\u00e7\u00e3o regular com \u00f3leo hidr\u00e1ulico \u00e9 essencial para reduzir o atrito e manter o funcionamento suave. Os operadores devem seguir o cronograma de lubrifica\u00e7\u00e3o recomendado para garantir que todas as pe\u00e7as m\u00f3veis permane\u00e7am bem lubrificadas, minimizando o desgaste e prolongando a vida \u00fatil do cilindro.<\/p>\n<h2>Medidas de inspe\u00e7\u00e3o regular e manuten\u00e7\u00e3o preventiva<\/h2>\n<ul>\n<li><strong>Inspe\u00e7\u00f5es regulares:<\/strong> Realize inspe\u00e7\u00f5es visuais regulares para detectar sinais de desgaste, vazamento ou danos. A detec\u00e7\u00e3o precoce de problemas pode evitar problemas mais graves posteriormente.<\/li>\n<li><strong>Lubrifica\u00e7\u00e3o adequada:<\/strong> Assegure-se de que os n\u00edveis de \u00f3leo hidr\u00e1ulico sejam mantidos e que todas as veda\u00e7\u00f5es e pe\u00e7as m\u00f3veis estejam adequadamente lubrificadas para evitar atrito e desgaste.<\/li>\n<li><strong>Substitui\u00e7\u00e3o da veda\u00e7\u00e3o:<\/strong> Verifique regularmente as veda\u00e7\u00f5es quanto a sinais de desgaste e substitua-as conforme necess\u00e1rio para manter a integridade hidr\u00e1ulica e evitar vazamentos.<\/li>\n<\/ul>\n<h2>Diretrizes de instala\u00e7\u00e3o adequadas<\/h2>\n<p>Ao instalar o cilindro da lan\u00e7a, certifique-se de que os pontos de fixa\u00e7\u00e3o estejam limpos e livres de detritos. O alinhamento correto do cilindro \u00e9 crucial para evitar tens\u00e3o excessiva nos componentes. Utilize suportes de montagem adequados para fixar o cilindro no lugar, garantindo que esteja firmemente ancorado. Siga as especifica\u00e7\u00f5es do fabricante quanto ao torque de aperto para evitar apertar demais ou de menos os parafusos.<\/p>\n<p>Durante a instala\u00e7\u00e3o, verifique o posicionamento correto das linhas hidr\u00e1ulicas, certificando-se de que n\u00e3o estejam dobradas ou torcidas excessivamente. Ap\u00f3s a instala\u00e7\u00e3o, realize uma verifica\u00e7\u00e3o completa do sistema hidr\u00e1ulico para confirmar que n\u00e3o h\u00e1 vazamentos e que todas as fun\u00e7\u00f5es operam corretamente. \u00c9 recomend\u00e1vel realizar um teste de funcionamento para garantir que o cilindro tenha o desempenho esperado sob condi\u00e7\u00f5es de carga.<\/p>\n<h2>Tarefas de manuten\u00e7\u00e3o<\/h2>\n<h3>Inspe\u00e7\u00f5es regulares<\/h3>\n<p>Inspe\u00e7\u00f5es regulares s\u00e3o essenciais para identificar problemas potenciais antes que se agravem. Inspecione o cilindro em busca de sinais de desgaste, vazamentos ou danos e resolva quaisquer problemas imediatamente para evitar reparos dispendiosos posteriormente. Manter um registro de manuten\u00e7\u00e3o ajuda a acompanhar a condi\u00e7\u00e3o do cilindro ao longo do tempo.<\/p>\n<h3>Lubrifica\u00e7\u00e3o adequada<\/h3>\n<p>A lubrifica\u00e7\u00e3o adequada \u00e9 vital para o desempenho e a vida \u00fatil dos cilindros da lan\u00e7a. Utilize o tipo de \u00f3leo hidr\u00e1ulico recomendado e siga as instru\u00e7\u00f5es do fabricante quanto aos intervalos de lubrifica\u00e7\u00e3o. Verifique regularmente os n\u00edveis de \u00f3leo e substitua-o conforme necess\u00e1rio para manter o desempenho ideal.<\/p>\n<h3>Substitui\u00e7\u00e3o de selos e verifica\u00e7\u00f5es de calibra\u00e7\u00e3o<\/h3>\n<p>A substitui\u00e7\u00e3o rotineira das veda\u00e7\u00f5es \u00e9 crucial para manter a integridade do sistema hidr\u00e1ulico. Inspecione as veda\u00e7\u00f5es quanto ao desgaste e substitua-as conforme necess\u00e1rio. Al\u00e9m disso, calibre o cilindro para garantir o funcionamento preciso. O alinhamento e a calibra\u00e7\u00e3o adequados ajudam a evitar o desgaste prematuro e garantem uma opera\u00e7\u00e3o eficiente.<\/p>\n<p><img decoding=\"async\" src=\"https:\/\/www.hydraulic-cylinders.net\/wp-content\/uploads\/2025\/04\/songte-chushion-collar.webp\" alt=\"Instala\u00e7\u00e3o do cilindro\"><\/p>\n<h2>Considera\u00e7\u00f5es de seguran\u00e7a e fatores ambientais<\/h2>\n<p>As medidas de seguran\u00e7a s\u00e3o fundamentais ao lidar com sistemas hidr\u00e1ulicos. Os operadores devem ser treinados em procedimentos operacionais seguros e na import\u00e2ncia do uso de equipamentos de prote\u00e7\u00e3o individual (EPI). Auditorias de seguran\u00e7a regulares devem ser realizadas para garantir a conformidade com as normas de seguran\u00e7a do setor. Al\u00e9m disso, as considera\u00e7\u00f5es ambientais, como o descarte adequado de \u00f3leos e materiais hidr\u00e1ulicos, devem ser respeitadas para minimizar o impacto ambiental.<\/p>\n<h2>Solu\u00e7\u00e3o de problemas e problemas comuns<\/h2>\n<ul>\n<li><strong>Vazamento:<\/strong> Verifique se h\u00e1 danos nas veda\u00e7\u00f5es e conex\u00f5es. Substitua as veda\u00e7\u00f5es desgastadas e certifique-se de que todas as conex\u00f5es estejam seguras para evitar vazamentos de fluido hidr\u00e1ulico.<\/li>\n<li><strong>Opera\u00e7\u00e3o inconsistente:<\/strong> Inspecione os n\u00edveis do fluido hidr\u00e1ulico e verifique se h\u00e1 ar no sistema. Elimine qualquer ar preso e assegure-se de que os n\u00edveis de fluido sejam adequados para um desempenho ideal.<\/li>\n<li><strong>Resposta lenta:<\/strong> Verifique se h\u00e1 obstru\u00e7\u00f5es na bomba hidr\u00e1ulica e no filtro. Substitua os filtros, se necess\u00e1rio, e certifique-se de que a bomba esteja funcionando corretamente para manter o fluxo de fluido.<\/li>\n<\/ul>\n<h2>Dicas para lidar com falhas<\/h2>\n<p>Para diagnosticar e resolver problemas com os cilindros da lan\u00e7a de forma eficaz, comece sempre por uma inspe\u00e7\u00e3o minuciosa do sistema. Verifique se h\u00e1 vazamentos vis\u00edveis e fique atento a ru\u00eddos incomuns que possam indicar problemas. Implemente medidas preventivas, como manuten\u00e7\u00e3o de rotina, para minimizar poss\u00edveis problemas e garantir a longevidade do equipamento.<\/p>\n<p><img decoding=\"async\" src=\"https:\/\/www.hydraulic-cylinders.net\/wp-content\/uploads\/2025\/04\/songte-bushings-with-all-kinds-of-excavator-models.webp\" alt=\"Modelos de Escavadeiras\"><\/p>\n<h2>Sobre nossa empresa<\/h2>\n<p>Somos um fabricante l\u00edder de cilindros hidr\u00e1ulicos de reposi\u00e7\u00e3o, oferecendo uma gama completa de produtos. Nosso compromisso com a excel\u00eancia nos posicionou como um fabricante e distribuidor atacadista de destaque nos mercados nacional e internacional. Priorizamos a qualidade, utilizando estrat\u00e9gias de fabrica\u00e7\u00e3o de precis\u00e3o combinadas com equipamentos de fabrica\u00e7\u00e3o digital avan\u00e7ados e sistemas de teste profissionais.<\/p>\n<p>Nossa plataforma de fabrica\u00e7\u00e3o aprimora continuamente a qualidade do produto por meio de padr\u00f5es e pr\u00e1ticas rigorosos. Com forte capacidade de inova\u00e7\u00e3o e efici\u00eancia produtiva, aderimos aos princ\u00edpios de alta precis\u00e3o e qualidade para atender \u00e0s diversas necessidades dos clientes. Nossos servi\u00e7os profissionais incluem solu\u00e7\u00f5es personalizadas, certifica\u00e7\u00f5es internacionais e suporte p\u00f3s-venda completo para garantir a satisfa\u00e7\u00e3o do cliente.<\/p>\n<p><img decoding=\"async\" src=\"https:\/\/www.hydraulic-cylinders.net\/wp-content\/uploads\/2025\/04\/songte-company-4.webp\" alt=\"Vis\u00e3o geral da empresa\"><br \/>\n<img decoding=\"async\" src=\"https:\/\/www.hydraulic-cylinders.net\/wp-content\/uploads\/2025\/04\/songte-company-3.webp\" alt=\"Instala\u00e7\u00f5es de produ\u00e7\u00e3o da empresa\"><\/p>\n<p>Autor: lyl<\/p>","protected":false},"excerpt":{"rendered":"<p>Boom Cylinder For JCHI NS60C Introduction to Boom Cylinders The Boom Cylinder for JCHI NS60C is a crucial component in hydraulic systems, specifically designed to control the movement of buckets in various heavy machinery such as excavators, backhoe loaders, and front loaders. These cylinders enable the bucket to lift, lower, and tilt, facilitating material handling [&hellip;]<\/p>","protected":false},"featured_media":17869,"comment_status":"open","ping_status":"closed","template":"","meta":{"_et_pb_use_builder":"","_et_pb_old_content":"","_et_gb_content_width":""},"product_brand":[],"product_cat":[1546],"product_tag":[1547,1496],"class_list":{"0":"post-19485","1":"product","2":"type-product","3":"status-publish","4":"has-post-thumbnail","6":"product_cat-boom-cylinders","7":"product_tag-boom-cylinders","8":"product_tag-hydraulic-cylinders","10":"first","11":"instock","12":"shipping-taxable","13":"product-type-simple"},"amp_enabled":true,"_links":{"self":[{"href":"https:\/\/www.hydraulic-cylinders.net\/pt\/wp-json\/wp\/v2\/product\/19485","targetHints":{"allow":["GET"]}}],"collection":[{"href":"https:\/\/www.hydraulic-cylinders.net\/pt\/wp-json\/wp\/v2\/product"}],"about":[{"href":"https:\/\/www.hydraulic-cylinders.net\/pt\/wp-json\/wp\/v2\/types\/product"}],"replies":[{"embeddable":true,"href":"https:\/\/www.hydraulic-cylinders.net\/pt\/wp-json\/wp\/v2\/comments?post=19485"}],"wp:featuredmedia":[{"embeddable":true,"href":"https:\/\/www.hydraulic-cylinders.net\/pt\/wp-json\/wp\/v2\/media\/17869"}],"wp:attachment":[{"href":"https:\/\/www.hydraulic-cylinders.net\/pt\/wp-json\/wp\/v2\/media?parent=19485"}],"wp:term":[{"taxonomy":"product_brand","embeddable":true,"href":"https:\/\/www.hydraulic-cylinders.net\/pt\/wp-json\/wp\/v2\/product_brand?post=19485"},{"taxonomy":"product_cat","embeddable":true,"href":"https:\/\/www.hydraulic-cylinders.net\/pt\/wp-json\/wp\/v2\/product_cat?post=19485"},{"taxonomy":"product_tag","embeddable":true,"href":"https:\/\/www.hydraulic-cylinders.net\/pt\/wp-json\/wp\/v2\/product_tag?post=19485"}],"curies":[{"name":"wp","href":"https:\/\/api.w.org\/{rel}","templated":true}]}}