{"id":19544,"date":"2025-04-07T06:53:46","date_gmt":"2025-04-07T06:53:46","guid":{"rendered":"https:\/\/www.hydraulic-cylinders.net\/product\/boom-cylinder-for-pushhm-pz250lc-8\/"},"modified":"2025-04-07T06:53:49","modified_gmt":"2025-04-07T06:53:49","slug":"boom-cylinder-for-pushhm-pz250lc-8","status":"publish","type":"product","link":"https:\/\/www.hydraulic-cylinders.net\/pt\/produto\/boom-cylinder-for-pushhm-pz250lc-8\/","title":{"rendered":"Cilindro da lan\u00e7a para Pushhm PZ250LC-8"},"content":{"rendered":"<h1>Cilindro da lan\u00e7a para Pushhm PZ250LC-8<\/h1>\n<h2>Introdu\u00e7\u00e3o ao Cilindro de Lan\u00e7a<\/h2>\n<p>O cilindro da lan\u00e7a \u00e9 um componente cr\u00edtico em diversas m\u00e1quinas pesadas, principalmente em escavadeiras, retroescavadeiras e p\u00e1s carregadeiras. Este cilindro hidr\u00e1ulico \u00e9 projetado para controlar o movimento da ca\u00e7amba, permitindo que ela seja levantada, abaixada e inclinada com efici\u00eancia. A funcionalidade do cilindro da lan\u00e7a \u00e9 essencial para tarefas de movimenta\u00e7\u00e3o de materiais, pois permite que os operadores executem opera\u00e7\u00f5es complexas com precis\u00e3o e facilidade. Em ess\u00eancia, o cilindro da lan\u00e7a \u00e9 um atuador hidr\u00e1ulico que converte energia hidr\u00e1ulica em movimento mec\u00e2nico, facilitando a movimenta\u00e7\u00e3o da ca\u00e7amba da escavadeira em m\u00faltiplas dire\u00e7\u00f5es.<\/p>\n<p><img decoding=\"async\" src=\"https:\/\/www.hydraulic-cylinders.net\/wp-content\/uploads\/2025\/04\/songte-company-1.webp\" alt=\"Imagem do Cilindro da Lan\u00e7a\"><\/p>\n<h2>Caracter\u00edsticas do Cilindro de Lan\u00e7a<\/h2>\n<ul>\n<li>\n<h3>Alta resist\u00eancia e durabilidade<\/h3>\n<p>Normalmente fabricado em a\u00e7o de alta resist\u00eancia ou alum\u00ednio, o cilindro da lan\u00e7a suporta altas press\u00f5es e cargas pesadas. Seu design incorpora resist\u00eancia ao desgaste e \u00e0 corros\u00e3o, prolongando significativamente sua vida \u00fatil.<\/p>\n<\/li>\n<li>\n<h3>Opera\u00e7\u00e3o Hidr\u00e1ulica Eficiente<\/h3>\n<p>Utilizando a press\u00e3o do \u00f3leo hidr\u00e1ulico, o cilindro da lan\u00e7a permite uma extens\u00e3o e retra\u00e7\u00e3o suaves. Ele responde rapidamente aos comandos de controle, fornecendo for\u00e7as de empuxo e tra\u00e7\u00e3o potentes, ideais para o manuseio de materiais pesados \u200b\u200be opera\u00e7\u00f5es complexas.<\/p>\n<\/li>\n<li>\n<h3>Diversos tipos dispon\u00edveis<\/h3>\n<p>Os clientes podem escolher entre cilindros de a\u00e7\u00e3o simples (hidr\u00e1ulicos utilizados em uma dire\u00e7\u00e3o) ou de a\u00e7\u00e3o dupla (hidr\u00e1ulicos utilizados em ambas as dire\u00e7\u00f5es). Alguns modelos s\u00e3o telesc\u00f3picos, permitindo maior extens\u00e3o sem aumentar as dimens\u00f5es externas, sendo adequados para aplica\u00e7\u00f5es com espa\u00e7o limitado.<\/p>\n<\/li>\n<\/ul>\n<h2>Nossas capacidades de produ\u00e7\u00e3o<\/h2>\n<p>Somos especializados na fabrica\u00e7\u00e3o de cilindros para lan\u00e7as que podem substituir perfeitamente os cilindros hidr\u00e1ulicos existentes. Nossos produtos s\u00e3o projetados para desempenho e confiabilidade ideais, garantindo que atendam aos requisitos exigentes de diversas aplica\u00e7\u00f5es em m\u00e1quinas pesadas.<\/p>\n<p><img decoding=\"async\" src=\"https:\/\/www.hydraulic-cylinders.net\/wp-content\/uploads\/2025\/04\/songte-cylinder-head-with-all-kinds-excavator-models.webp\" alt=\"Modelos de Escavadeiras\"><\/p>\n<h2>Aplica\u00e7\u00f5es do Cilindro de Lan\u00e7a<\/h2>\n<ul>\n<li>\n<h3>Equipamentos de constru\u00e7\u00e3o<\/h3>\n<p>Em escavadeiras, os cilindros da lan\u00e7a desempenham um papel crucial na escava\u00e7\u00e3o, carregamento e movimenta\u00e7\u00e3o de solo ou entulho. Eles permitem um controle preciso durante as tarefas de escava\u00e7\u00e3o e eleva\u00e7\u00e3o, aumentando a efici\u00eancia geral da m\u00e1quina.<\/p>\n<\/li>\n<li>\n<h3>Maquinaria agr\u00edcola<\/h3>\n<p>Em carregadeiras frontais, os cilindros da lan\u00e7a s\u00e3o essenciais para recolher, levantar e transportar terra, feno e outros materiais. Eles permitem que os agricultores executem diversas tarefas de forma r\u00e1pida e eficaz, aumentando a produtividade.<\/p>\n<\/li>\n<li>\n<h3>Escavadeiras<\/h3>\n<p>Em escavadeiras, os cilindros da lan\u00e7a facilitam a escava\u00e7\u00e3o, permitindo que a ca\u00e7amba penetre no solo com facilidade. Essa funcionalidade \u00e9 vital para diversos projetos de escava\u00e7\u00e3o e paisagismo.<\/p>\n<\/li>\n<li>\n<h3>Carregadores<\/h3>\n<p>Em carregadeiras frontais, os cilindros da lan\u00e7a auxiliam no levantamento e despejo eficientes de cargas. Eles contribuem para o manuseio eficaz de materiais, tornando tarefas como carga e descarga mais f\u00e1ceis.<\/p>\n<\/li>\n<\/ul>\n<h2>Considera\u00e7\u00f5es de design e crit\u00e9rios de sele\u00e7\u00e3o<\/h2>\n<ul>\n<li>\n<h3>Capacidade de carga<\/h3>\n<p>Ao selecionar um cilindro para guindaste, \u00e9 crucial entender a capacidade de carga. O cilindro deve ser capaz de suportar o peso m\u00e1ximo que precisar\u00e1 levantar ou movimentar. Uma capacidade de carga insuficiente pode levar \u00e0 falha do cilindro, representando riscos \u00e0 seguran\u00e7a.<\/p>\n<\/li>\n<li>\n<h3>Desempenho de veda\u00e7\u00e3o<\/h3>\n<p>Uma veda\u00e7\u00e3o eficaz \u00e9 vital para evitar vazamentos de fluido hidr\u00e1ulico, que podem comprometer a efici\u00eancia e a seguran\u00e7a do sistema hidr\u00e1ulico. Para garantir um desempenho duradouro, devem ser utilizadas veda\u00e7\u00f5es de alta qualidade, fabricadas com materiais dur\u00e1veis.<\/p>\n<\/li>\n<li>\n<h3>Durabilidade<\/h3>\n<p>A durabilidade deve ser uma considera\u00e7\u00e3o primordial no projeto dos cilindros da lan\u00e7a. Eles precisam ser capazes de suportar condi\u00e7\u00f5es de trabalho severas, incluindo exposi\u00e7\u00e3o a temperaturas extremas, umidade e materiais abrasivos. A sele\u00e7\u00e3o de materiais com alta resist\u00eancia ao desgaste e \u00e0 corros\u00e3o \u00e9 essencial para garantir a longevidade do equipamento.<\/p>\n<\/li>\n<li>\n<h3>Recursos de seguran\u00e7a<\/h3>\n<p>A seguran\u00e7a \u00e9 fundamental no projeto de cilindros de lan\u00e7a. A incorpora\u00e7\u00e3o de recursos como v\u00e1lvulas de al\u00edvio de press\u00e3o pode ajudar a prevenir sobrecargas e poss\u00edveis falhas durante a opera\u00e7\u00e3o, protegendo assim tanto o equipamento quanto os operadores.<\/p>\n<\/li>\n<li>\n<h3>Acessibilidade de Manuten\u00e7\u00e3o<\/h3>\n<p>Projetar o cilindro da lan\u00e7a para facilitar a manuten\u00e7\u00e3o \u00e9 essencial. Componentes acess\u00edveis permitem inspe\u00e7\u00f5es regulares e reparos r\u00e1pidos, minimizando o tempo de inatividade e aumentando a efici\u00eancia operacional.<\/p>\n<\/li>\n<\/ul>\n<p><img decoding=\"async\" src=\"https:\/\/www.hydraulic-cylinders.net\/wp-content\/uploads\/2025\/04\/songte-oil-pipes-and-spare-parts.webp\" alt=\"Tubos de \u00f3leo e pe\u00e7as de reposi\u00e7\u00e3o\"><\/p>\n<h2>Veda\u00e7\u00e3o e Lubrifica\u00e7\u00e3o do Cilindro da Lan\u00e7a<\/h2>\n<p>A veda\u00e7\u00e3o e a lubrifica\u00e7\u00e3o adequadas s\u00e3o cruciais para o desempenho e a vida \u00fatil dos cilindros da lan\u00e7a. Diversas veda\u00e7\u00f5es, como as do pist\u00e3o e da haste, devem ser fabricadas com materiais resistentes ao desgaste, como poliuretano e borracha nitr\u00edlica. Al\u00e9m disso, o corpo do cilindro e as superf\u00edcies roscadas devem ser usinados com precis\u00e3o para aumentar a resist\u00eancia ao desgaste. A lubrifica\u00e7\u00e3o regular com \u00f3leo hidr\u00e1ulico \u00e9 necess\u00e1ria para reduzir o atrito e o desgaste das pe\u00e7as m\u00f3veis, garantindo uma opera\u00e7\u00e3o suave. \u00c9 importante estabelecer um cronograma de manuten\u00e7\u00e3o regular para verificar e completar o \u00f3leo hidr\u00e1ulico, o que contribui para o funcionamento eficaz do sistema hidr\u00e1ulico.<\/p>\n<h2>Medidas de inspe\u00e7\u00e3o regular e manuten\u00e7\u00e3o preventiva<\/h2>\n<ul>\n<li>\n<h3>Inspe\u00e7\u00f5es regulares<\/h3>\n<p>A realiza\u00e7\u00e3o de inspe\u00e7\u00f5es de rotina \u00e9 vital para garantir o desempenho do cilindro da lan\u00e7a. Verifica\u00e7\u00f5es regulares podem ajudar a identificar problemas potenciais antes que se agravem, permitindo reparos e manuten\u00e7\u00e3o oportunos.<\/p>\n<\/li>\n<li>\n<h3>Lubrifica\u00e7\u00e3o adequada<\/h3>\n<p>A lubrifica\u00e7\u00e3o adequada \u00e9 fundamental para manter o funcionamento do cilindro da lan\u00e7a. Ela reduz o desgaste das pe\u00e7as m\u00f3veis e garante uma opera\u00e7\u00e3o suave. Utilize o fluido hidr\u00e1ulico recomendado e siga as instru\u00e7\u00f5es do fabricante quanto \u00e0 frequ\u00eancia de lubrifica\u00e7\u00e3o.<\/p>\n<\/li>\n<li>\n<h3>Substitui\u00e7\u00e3o da veda\u00e7\u00e3o<\/h3>\n<p>Com o tempo, as veda\u00e7\u00f5es podem se desgastar e precisar ser substitu\u00eddas para evitar vazamentos. Monitore regularmente a condi\u00e7\u00e3o das veda\u00e7\u00f5es e substitua-as conforme necess\u00e1rio para manter a efici\u00eancia hidr\u00e1ulica e evitar a perda de fluido.<\/p>\n<\/li>\n<\/ul>\n<h2>Diretrizes de instala\u00e7\u00e3o<\/h2>\n<p>A instala\u00e7\u00e3o correta do cilindro da lan\u00e7a \u00e9 essencial para o desempenho ideal. Comece certificando-se de que todos os componentes estejam limpos e livres de detritos. Utilize suportes de montagem adequados para fixar o cilindro, mantendo-o alinhado corretamente com os demais componentes da m\u00e1quina. \u00c9 importante evitar o aperto excessivo dos parafusos, o que pode causar danos. Ap\u00f3s a instala\u00e7\u00e3o, verifique se h\u00e1 vazamentos nas conex\u00f5es hidr\u00e1ulicas e certifique-se de que o cilindro opere suavemente em toda a sua amplitude de movimento. Siga as recomenda\u00e7\u00f5es do fabricante quanto aos procedimentos de instala\u00e7\u00e3o e especifica\u00e7\u00f5es de torque para garantir a confiabilidade.<\/p>\n<h2>Tarefas comuns de manuten\u00e7\u00e3o<\/h2>\n<ul>\n<li>\n<h3>Inspe\u00e7\u00f5es regulares<\/h3>\n<p>\u00c9 crucial monitorar o estado geral do cilindro da lan\u00e7a. Procure por sinais de desgaste, vazamentos ou ru\u00eddos incomuns durante a opera\u00e7\u00e3o. O monitoramento constante pode revelar problemas potenciais precocemente, permitindo a\u00e7\u00f5es e manuten\u00e7\u00f5es imediatas.<\/p>\n<\/li>\n<li>\n<h3>Lubrifica\u00e7\u00e3o adequada<\/h3>\n<p>Certifique-se de que o cilindro da lan\u00e7a esteja devidamente lubrificado de acordo com as instru\u00e7\u00f5es do fabricante. Isso inclui a aplica\u00e7\u00e3o de \u00f3leo hidr\u00e1ulico conforme recomendado para manter a efici\u00eancia e evitar o desgaste prematuro de veda\u00e7\u00f5es e componentes.<\/p>\n<\/li>\n<li>\n<h3>Substitui\u00e7\u00e3o de selos e verifica\u00e7\u00f5es de calibra\u00e7\u00e3o<\/h3>\n<p>Inspecione regularmente as veda\u00e7\u00f5es quanto ao desgaste e substitua-as quando necess\u00e1rio. A calibra\u00e7\u00e3o adequada do cilindro da lan\u00e7a \u00e9 igualmente importante para garantir o controle e a opera\u00e7\u00e3o precisos durante o uso.<\/p>\n<\/li>\n<\/ul>\n<p><img decoding=\"async\" src=\"https:\/\/www.hydraulic-cylinders.net\/wp-content\/uploads\/2025\/04\/songte-chushion-collar.webp\" alt=\"Coleira almofadada\"><\/p>\n<h2>Considera\u00e7\u00f5es de seguran\u00e7a e fatores ambientais<\/h2>\n<p>Ao lidar com equipamentos hidr\u00e1ulicos, como o cilindro da lan\u00e7a, as medidas de seguran\u00e7a s\u00e3o fundamentais. Os operadores devem ser treinados na opera\u00e7\u00e3o segura das m\u00e1quinas e na import\u00e2ncia da inspe\u00e7\u00e3o regular dos sistemas hidr\u00e1ulicos. Al\u00e9m disso, o uso de fluidos hidr\u00e1ulicos ecologicamente corretos pode ajudar a mitigar os riscos ambientais associados a vazamentos e derramamentos, contribuindo tanto para a seguran\u00e7a quanto para a sustentabilidade.<\/p>\n<h2>Diagn\u00f3stico de falhas e problemas comuns<\/h2>\n<ul>\n<li>\n<h3>Vazamento<\/h3>\n<p>Vazamentos em cilindros hidr\u00e1ulicos s\u00e3o um problema comum, frequentemente causado por veda\u00e7\u00f5es desgastadas. Inspe\u00e7\u00f5es regulares podem ajudar a detectar vazamentos precocemente, permitindo reparos oportunos e evitando a perda de fluido.<\/p>\n<\/li>\n<li>\n<h3>Opera\u00e7\u00e3o lenta<\/h3>\n<p>Se o cilindro da lan\u00e7a estiver funcionando lentamente, isso pode indicar baixo n\u00edvel de fluido hidr\u00e1ulico ou filtro entupido. Verificar o n\u00edvel do fluido e garantir que os filtros estejam limpos pode resolver esse problema.<\/p>\n<\/li>\n<li>\n<h3>Ru\u00eddos incomuns<\/h3>\n<p>Ru\u00eddos incomuns durante o funcionamento podem indicar danos internos ou lubrifica\u00e7\u00e3o insuficiente. Identificar a origem do ru\u00eddo o mais r\u00e1pido poss\u00edvel pode ajudar a evitar danos maiores.<\/p>\n<\/li>\n<\/ul>\n<h2>Dicas para solu\u00e7\u00e3o de problemas<\/h2>\n<p>Para diagnosticar e resolver problemas com o cilindro da lan\u00e7a de forma eficaz, comece inspecionando vazamentos e corrigindo quaisquer problemas com as veda\u00e7\u00f5es. Em caso de opera\u00e7\u00e3o lenta, verifique os n\u00edveis de fluido hidr\u00e1ulico e os filtros para garantir o desempenho ideal. A manuten\u00e7\u00e3o regular, incluindo lubrifica\u00e7\u00e3o e verifica\u00e7\u00e3o das veda\u00e7\u00f5es, pode reduzir significativamente a probabilidade de problemas. Ao implementar medidas preventivas, os operadores podem prolongar a vida \u00fatil do cilindro da lan\u00e7a e aumentar sua confiabilidade.<\/p>\n<p><img decoding=\"async\" src=\"https:\/\/www.hydraulic-cylinders.net\/wp-content\/uploads\/2025\/04\/songte-bushings-with-all-kinds-of-excavator-models.webp\" alt=\"Buchas com modelos de escavadeira\"><\/p>\n<h2>Vis\u00e3o geral da empresa<\/h2>\n<p>Somos fabricantes de cilindros hidr\u00e1ulicos especializados em pe\u00e7as de reposi\u00e7\u00e3o. Nossa extensa linha de produtos nos posicionou como um dos principais fabricantes e distribuidores nos mercados nacional e internacional. Primamos pela excel\u00eancia em qualidade, utilizando uma estrat\u00e9gia de gest\u00e3o de produ\u00e7\u00e3o refinada que alavanca talentos t\u00e9cnicos, equipamentos de fabrica\u00e7\u00e3o digital de ponta e sistemas de teste profissionais. Nossa forte capacidade criativa garante que atendemos \u00e0s diversas necessidades de nossos clientes com alta efici\u00eancia, precis\u00e3o e qualidade.<\/p>\n<p><img decoding=\"async\" src=\"https:\/\/www.hydraulic-cylinders.net\/wp-content\/uploads\/2025\/04\/songte-company-4.webp\" alt=\"Vis\u00e3o geral da empresa 1\"><br \/>\n<img decoding=\"async\" src=\"https:\/\/www.hydraulic-cylinders.net\/wp-content\/uploads\/2025\/04\/songte-company-3.webp\" alt=\"Vis\u00e3o geral da empresa 2\"><\/p>\n<p>Autor: lyl<\/p>","protected":false},"excerpt":{"rendered":"<p>Boom Cylinder For Pushhm PZ250LC-8 Introduction to Boom Cylinder The Boom Cylinder is a critical component in various heavy machinery, particularly in excavators, backhoes, and front loaders. This hydraulic cylinder is designed to control the movement of the bucket, allowing it to lift, lower, and tilt efficiently. The functionality of the boom cylinder is essential [&hellip;]<\/p>","protected":false},"featured_media":17867,"comment_status":"open","ping_status":"closed","template":"","meta":{"_et_pb_use_builder":"","_et_pb_old_content":"","_et_gb_content_width":""},"product_brand":[],"product_cat":[1546],"product_tag":[1547,1496],"class_list":{"0":"post-19544","1":"product","2":"type-product","3":"status-publish","4":"has-post-thumbnail","6":"product_cat-boom-cylinders","7":"product_tag-boom-cylinders","8":"product_tag-hydraulic-cylinders","10":"first","11":"instock","12":"shipping-taxable","13":"product-type-simple"},"amp_enabled":true,"_links":{"self":[{"href":"https:\/\/www.hydraulic-cylinders.net\/pt\/wp-json\/wp\/v2\/product\/19544","targetHints":{"allow":["GET"]}}],"collection":[{"href":"https:\/\/www.hydraulic-cylinders.net\/pt\/wp-json\/wp\/v2\/product"}],"about":[{"href":"https:\/\/www.hydraulic-cylinders.net\/pt\/wp-json\/wp\/v2\/types\/product"}],"replies":[{"embeddable":true,"href":"https:\/\/www.hydraulic-cylinders.net\/pt\/wp-json\/wp\/v2\/comments?post=19544"}],"wp:featuredmedia":[{"embeddable":true,"href":"https:\/\/www.hydraulic-cylinders.net\/pt\/wp-json\/wp\/v2\/media\/17867"}],"wp:attachment":[{"href":"https:\/\/www.hydraulic-cylinders.net\/pt\/wp-json\/wp\/v2\/media?parent=19544"}],"wp:term":[{"taxonomy":"product_brand","embeddable":true,"href":"https:\/\/www.hydraulic-cylinders.net\/pt\/wp-json\/wp\/v2\/product_brand?post=19544"},{"taxonomy":"product_cat","embeddable":true,"href":"https:\/\/www.hydraulic-cylinders.net\/pt\/wp-json\/wp\/v2\/product_cat?post=19544"},{"taxonomy":"product_tag","embeddable":true,"href":"https:\/\/www.hydraulic-cylinders.net\/pt\/wp-json\/wp\/v2\/product_tag?post=19544"}],"curies":[{"name":"wp","href":"https:\/\/api.w.org\/{rel}","templated":true}]}}