{"id":19547,"date":"2025-04-07T06:53:55","date_gmt":"2025-04-07T06:53:55","guid":{"rendered":"https:\/\/www.hydraulic-cylinders.net\/product\/boom-cylinder-for-nante-nt18\/"},"modified":"2025-04-07T06:53:57","modified_gmt":"2025-04-07T06:53:57","slug":"boom-cylinder-for-nante-nt18","status":"publish","type":"product","link":"https:\/\/www.hydraulic-cylinders.net\/pt\/produto\/boom-cylinder-for-nante-nt18\/","title":{"rendered":"Cilindro da lan\u00e7a para Nante NT18"},"content":{"rendered":"<h1>Cilindro da lan\u00e7a para Nante NT18<\/h1>\n<h2>Vis\u00e3o geral do cilindro de lan\u00e7a<\/h2>\n<p>O cilindro da lan\u00e7a, tamb\u00e9m conhecido como cilindro da ca\u00e7amba, \u00e9 um componente cr\u00edtico em sistemas hidr\u00e1ulicos usados \u200b\u200bem m\u00e1quinas pesadas. Esses cilindros controlam o movimento da ca\u00e7amba em diversas m\u00e1quinas, como escavadeiras, retroescavadeiras e p\u00e1s carregadeiras. Sua principal fun\u00e7\u00e3o \u00e9 permitir que a ca\u00e7amba suba, des\u00e7a e incline, o que facilita as tarefas de movimenta\u00e7\u00e3o de materiais com efici\u00eancia.<\/p>\n<p>Em ess\u00eancia, o cilindro da lan\u00e7a funciona utilizando fluido hidr\u00e1ulico para criar press\u00e3o que move o pist\u00e3o dentro do cilindro. Esse movimento se traduz no controle preciso necess\u00e1rio para i\u00e7ar e manobrar cargas pesadas, tornando-o indispens\u00e1vel na constru\u00e7\u00e3o civil, agricultura e outras ind\u00fastrias que dependem de m\u00e1quinas pesadas.<\/p>\n<p><img decoding=\"async\" src=\"https:\/\/www.hydraulic-cylinders.net\/wp-content\/uploads\/2025\/04\/songte-company-1.webp\" alt=\"Imagem do Cilindro da Lan\u00e7a\"><\/p>\n<h2>Principais caracter\u00edsticas do cilindro de lan\u00e7a<\/h2>\n<ul>\n<li><strong>Alta resist\u00eancia e durabilidade:<\/strong> Normalmente fabricados em a\u00e7o de alta resist\u00eancia ou alum\u00ednio, esses cilindros suportam alta press\u00e3o e cargas pesadas, sendo adequados para condi\u00e7\u00f5es de trabalho severas. S\u00e3o projetados para serem resistentes ao desgaste e \u00e0 corros\u00e3o, prolongando sua vida \u00fatil.<\/li>\n<li><strong>Opera\u00e7\u00e3o hidr\u00e1ulica eficiente:<\/strong> O cilindro da lan\u00e7a utiliza press\u00e3o de \u00f3leo hidr\u00e1ulico para uma extens\u00e3o e retra\u00e7\u00e3o suaves, permitindo uma resposta r\u00e1pida aos comandos de controle e proporcionando capacidades poderosas de empurrar e puxar, ideais para manusear objetos pesados \u200b\u200be realizar tarefas complexas.<\/li>\n<li><strong>Variedade de tipos:<\/strong> Dependendo da aplica\u00e7\u00e3o, est\u00e3o dispon\u00edveis cilindros de a\u00e7\u00e3o simples (hidr\u00e1ulicos em uma dire\u00e7\u00e3o) e de a\u00e7\u00e3o dupla (hidr\u00e1ulicos em ambas as dire\u00e7\u00f5es). Alguns modelos s\u00e3o telesc\u00f3picos, permitindo maior extens\u00e3o sem aumentar as dimens\u00f5es externas, o que \u00e9 vantajoso para aplica\u00e7\u00f5es com espa\u00e7o limitado.<\/li>\n<li><strong>Fabrica\u00e7\u00e3o personalizada:<\/strong> Nossos produtos podem substituir perfeitamente os cilindros hidr\u00e1ulicos existentes, garantindo compatibilidade e funcionalidade.<\/li>\n<\/ul>\n<p><img decoding=\"async\" src=\"https:\/\/www.hydraulic-cylinders.net\/wp-content\/uploads\/2025\/04\/songte-cylinder-head-with-all-kinds-excavator-models.webp\" alt=\"Modelos de Escavadeiras\"><\/p>\n<h2>Aplica\u00e7\u00f5es do Cilindro de Lan\u00e7a<\/h2>\n<h3>Equipamentos de constru\u00e7\u00e3o<\/h3>\n<p>Em m\u00e1quinas de constru\u00e7\u00e3o, como escavadeiras, os cilindros da lan\u00e7a s\u00e3o essenciais para escavar, carregar e movimentar terra ou entulho. Eles permitem que os operadores executem tarefas complexas com precis\u00e3o. Em retroescavadeiras, esses cilindros n\u00e3o apenas auxiliam na escava\u00e7\u00e3o, mas tamb\u00e9m nas opera\u00e7\u00f5es de eleva\u00e7\u00e3o. A integra\u00e7\u00e3o dos cilindros da lan\u00e7a nessas m\u00e1quinas aumenta a produtividade e a efici\u00eancia nos canteiros de obras.<\/p>\n<h3>Maquinaria agr\u00edcola<\/h3>\n<p>Em ambientes agr\u00edcolas, os cilindros da lan\u00e7a s\u00e3o utilizados em p\u00e1s carregadeiras frontais para recolher, levantar e transportar terra, feno e outros materiais. Seu design robusto garante que eles possam lidar com as tarefas exigentes frequentemente necess\u00e1rias nas opera\u00e7\u00f5es agr\u00edcolas, mantendo a confiabilidade e a facilidade de uso.<\/p>\n<h3>Escavadeiras<\/h3>\n<p>Em escavadeiras, os cilindros da lan\u00e7a facilitam as a\u00e7\u00f5es de escava\u00e7\u00e3o, permitindo que a ca\u00e7amba penetre no solo de forma eficaz. Eles fornecem a for\u00e7a necess\u00e1ria para romper solos e rochas compactadas, tornando-se um componente vital em projetos de escava\u00e7\u00e3o de diferentes escalas.<\/p>\n<h3>Carregadores<\/h3>\n<p>Em carregadeiras frontais, os cilindros da lan\u00e7a contribuem significativamente para o levantamento e despejo eficientes de cargas. Eles permitem que os operadores movimentem materiais pesados \u200b\u200bcom facilidade, aumentando assim a produtividade geral da m\u00e1quina e reduzindo o tempo operacional em diversas tarefas.<\/p>\n<h2>Considera\u00e7\u00f5es de design e crit\u00e9rios de sele\u00e7\u00e3o<\/h2>\n<ul>\n<li><strong>Capacidade de carga:<\/strong> Compreender a capacidade de carga \u00e9 crucial na sele\u00e7\u00e3o de um cilindro para lan\u00e7a. Ela determina o peso m\u00e1ximo que o cilindro pode suportar sem comprometer o desempenho ou a seguran\u00e7a. Selecionar um cilindro que atenda ou exceda a capacidade de carga necess\u00e1ria garante confiabilidade e longa vida \u00fatil.<\/li>\n<li><strong>Mecanismos de veda\u00e7\u00e3o:<\/strong> A efic\u00e1cia do sistema de veda\u00e7\u00e3o \u00e9 vital para evitar vazamentos de fluido hidr\u00e1ulico. Veda\u00e7\u00f5es de alta qualidade, feitas de materiais dur\u00e1veis \u200b\u200bcomo poliuretano ou borracha nitr\u00edlica, ajudam a manter a press\u00e3o e reduzem a necessidade de manuten\u00e7\u00e3o.<\/li>\n<li><strong>Durabilidade:<\/strong> Os materiais utilizados na constru\u00e7\u00e3o dos cilindros da lan\u00e7a devem ser resistentes ao desgaste e \u00e0 corros\u00e3o. Isso \u00e9 particularmente importante em ambientes agressivos, onde a exposi\u00e7\u00e3o aos elementos pode levar \u00e0 falha prematura de componentes de qualidade inferior.<\/li>\n<li><strong>Recursos de seguran\u00e7a:<\/strong> A seguran\u00e7a \u00e9 fundamental em sistemas hidr\u00e1ulicos. Os cilindros da lan\u00e7a devem incorporar recursos que impe\u00e7am a sobrextens\u00e3o e falhas repentinas. Esses mecanismos de seguran\u00e7a garantem a seguran\u00e7a do operador e a integridade da m\u00e1quina.<\/li>\n<li><strong>Acessibilidade para manuten\u00e7\u00e3o:<\/strong> Um bom projeto deve permitir f\u00e1cil manuten\u00e7\u00e3o e inspe\u00e7\u00e3o. Recursos que facilitem o acesso ao cilindro para verifica\u00e7\u00f5es regulares podem melhorar significativamente sua vida \u00fatil e desempenho.<\/li>\n<\/ul>\n<p><img decoding=\"async\" src=\"https:\/\/www.hydraulic-cylinders.net\/wp-content\/uploads\/2025\/04\/songte-oil-pipes-and-spare-parts.webp\" alt=\"Componentes hidr\u00e1ulicos\"><\/p>\n<h2>Veda\u00e7\u00e3o e Lubrifica\u00e7\u00e3o<\/h2>\n<p>A veda\u00e7\u00e3o e a lubrifica\u00e7\u00e3o s\u00e3o aspectos cr\u00edticos para manter o desempenho do cilindro da lan\u00e7a. Diversos tipos de veda\u00e7\u00e3o, incluindo veda\u00e7\u00f5es de pist\u00e3o e de haste, s\u00e3o utilizados para garantir que o fluido hidr\u00e1ulico permane\u00e7a contido dentro do cilindro. Essas veda\u00e7\u00f5es s\u00e3o frequentemente fabricadas com materiais resistentes ao desgaste, como poliuretano e borracha nitr\u00edlica, que proporcionam excelente durabilidade.<\/p>\n<p>O corpo do cilindro e as superf\u00edcies roscadas das extremidades s\u00e3o meticulosamente processados \u200b\u200bpara aumentar a resist\u00eancia ao desgaste. A lubrifica\u00e7\u00e3o regular com o tipo e a quantidade adequados de \u00f3leo hidr\u00e1ulico \u00e9 essencial para reduzir o atrito e garantir um funcionamento suave. A neglig\u00eancia dessas tarefas de manuten\u00e7\u00e3o pode levar ao desgaste prematuro e a poss\u00edveis falhas do sistema.<\/p>\n<h2>Inspe\u00e7\u00e3o regular e manuten\u00e7\u00e3o preventiva<\/h2>\n<ul>\n<li><strong>Inspe\u00e7\u00e3o de rotina:<\/strong> Inspecione regularmente o cilindro da lan\u00e7a para verificar sinais de desgaste, vazamentos ou danos. Essa medida proativa pode ajudar a identificar problemas potenciais antes que se agravem, garantindo a opera\u00e7\u00e3o cont\u00ednua.<\/li>\n<li><strong>Lubrifica\u00e7\u00e3o adequada:<\/strong> Certifique-se de que o \u00f3leo hidr\u00e1ulico esteja no n\u00edvel correto e seja adequado \u00e0s condi\u00e7\u00f5es de opera\u00e7\u00e3o. Inspecionar e manter regularmente os n\u00edveis de lubrifica\u00e7\u00e3o adequados evita o desgaste das veda\u00e7\u00f5es e dos componentes.<\/li>\n<li><strong>Substitui\u00e7\u00e3o da veda\u00e7\u00e3o:<\/strong> Monitore o estado das veda\u00e7\u00f5es e substitua-as conforme necess\u00e1rio. Veda\u00e7\u00f5es desgastadas ou danificadas podem causar vazamentos e redu\u00e7\u00e3o do desempenho, o que pode afetar todo o sistema hidr\u00e1ulico.<\/li>\n<\/ul>\n<h2>Diretrizes de instala\u00e7\u00e3o<\/h2>\n<p>A instala\u00e7\u00e3o correta do cilindro da lan\u00e7a \u00e9 crucial para o desempenho ideal e a longevidade da m\u00e1quina. Isso envolve garantir o alinhamento e o encaixe adequados do cilindro para evitar tens\u00e3o excessiva nos componentes. Durante a instala\u00e7\u00e3o:<\/p>\n<ul>\n<li>Certifique-se de que o cilindro esteja devidamente alinhado com os pontos de montagem. O desalinhamento pode levar ao desgaste prematuro e \u00e0 falha.<\/li>\n<li>Utilize suportes de montagem adequados para fixar o cilindro firmemente no lugar. Isso garante estabilidade durante o funcionamento.<\/li>\n<li>Siga as especifica\u00e7\u00f5es do fabricante quanto aos valores de torque e aos procedimentos de instala\u00e7\u00e3o para manter a integridade do conjunto.<\/li>\n<li>Ap\u00f3s a instala\u00e7\u00e3o, realize um teste para confirmar se o cilindro funciona corretamente e sem problemas.<\/li>\n<\/ul>\n<p><img decoding=\"async\" src=\"https:\/\/www.hydraulic-cylinders.net\/wp-content\/uploads\/2025\/04\/songte-chushion-collar.webp\" alt=\"Instala\u00e7\u00e3o do cilindro da lan\u00e7a\"><\/p>\n<h2>Considera\u00e7\u00f5es de seguran\u00e7a e fatores ambientais<\/h2>\n<p>Ao utilizar cilindros de lan\u00e7a, a observ\u00e2ncia das medidas de seguran\u00e7a \u00e9 crucial para prevenir acidentes e garantir a seguran\u00e7a dos operadores e de pessoas pr\u00f3ximas. O treinamento adequado no uso de sistemas hidr\u00e1ulicos e a compreens\u00e3o das limita\u00e7\u00f5es do equipamento s\u00e3o essenciais para minimizar os riscos. Al\u00e9m disso, a utiliza\u00e7\u00e3o de fluidos hidr\u00e1ulicos ecologicamente corretos pode reduzir o impacto ambiental, promovendo, assim, pr\u00e1ticas sustent\u00e1veis \u200b\u200bnas opera\u00e7\u00f5es.<\/p>\n<h2>Solu\u00e7\u00e3o de problemas e problemas comuns<\/h2>\n<ul>\n<li><strong>Vazamentos de fluidos:<\/strong> Se notar ac\u00famulo de fluido hidr\u00e1ulico ao redor do cilindro, inspecione as veda\u00e7\u00f5es quanto a danos ou desgaste. Substitua as veda\u00e7\u00f5es imediatamente para evitar vazamentos adicionais.<\/li>\n<li><strong>Desempenho reduzido:<\/strong> Se o cilindro da lan\u00e7a n\u00e3o estiver respondendo como esperado, verifique o n\u00edvel do fluido hidr\u00e1ulico e certifique-se de que o sistema esteja livre de bolsas de ar. Pode ser necess\u00e1rio sangrar o sistema.<\/li>\n<li><strong>Opera\u00e7\u00e3o ruidosa:<\/strong> Ru\u00eddos excessivos durante o funcionamento podem indicar falta de lubrifica\u00e7\u00e3o ou componentes internos danificados. Avalie os n\u00edveis de lubrifica\u00e7\u00e3o e inspecione se h\u00e1 algum problema mec\u00e2nico.<\/li>\n<\/ul>\n<h2>Dicas e solu\u00e7\u00f5es para solu\u00e7\u00e3o de problemas<\/h2>\n<p>Para diagnosticar e resolver problemas com os cilindros da lan\u00e7a de forma eficaz:<\/p>\n<ul>\n<li>Verifique regularmente os n\u00edveis de fluidos e complete conforme necess\u00e1rio. Manter os n\u00edveis de fluidos adequados pode prevenir muitos problemas operacionais.<\/li>\n<li>Realize manuten\u00e7\u00e3o preventiva em veda\u00e7\u00f5es e sistemas de lubrifica\u00e7\u00e3o para evitar desgaste que possa causar vazamentos ou problemas de desempenho.<\/li>\n<li>Documente quaisquer altera\u00e7\u00f5es no desempenho e realize verifica\u00e7\u00f5es minuciosas para identificar padr\u00f5es ou problemas recorrentes que possam indicar problemas subjacentes.<\/li>\n<\/ul>\n<p><img decoding=\"async\" src=\"https:\/\/www.hydraulic-cylinders.net\/wp-content\/uploads\/2025\/04\/songte-bushings-with-all-kinds-of-excavator-models.webp\" alt=\"Buchas de escavadeira\"><\/p>\n<h2>Sobre nossa empresa<\/h2>\n<p>Somos um fabricante l\u00edder de cilindros hidr\u00e1ulicos de reposi\u00e7\u00e3o, com uma gama completa de produtos que nos posiciona entre os principais fornecedores nos mercados nacional e internacional. Nosso compromisso com a excel\u00eancia est\u00e1 enraizado em um processo de fabrica\u00e7\u00e3o refinado e em rigorosos controles de qualidade. Ao aproveitar profissionais qualificados, equipamentos de fabrica\u00e7\u00e3o digital de \u00faltima gera\u00e7\u00e3o e sistemas de teste avan\u00e7ados, aprimoramos continuamente nossa capacidade de produ\u00e7\u00e3o para atender \u00e0s diversas necessidades de nossos clientes.<\/p>\n<p>Nosso foco em servi\u00e7os profissionais, certifica\u00e7\u00f5es internacionais e solu\u00e7\u00f5es personalizadas nos permite atender a diversas demandas do mercado. Nossas instala\u00e7\u00f5es de produ\u00e7\u00e3o s\u00e3o equipadas com tecnologia de ponta, garantindo alta efici\u00eancia, precis\u00e3o e qualidade em cada produto que entregamos. Al\u00e9m disso, oferecemos um excelente servi\u00e7o p\u00f3s-venda para auxiliar nossos clientes na manuten\u00e7\u00e3o eficaz de seus sistemas hidr\u00e1ulicos.<\/p>\n<p><img decoding=\"async\" src=\"https:\/\/www.hydraulic-cylinders.net\/wp-content\/uploads\/2025\/04\/songte-company-4.webp\" alt=\"Vis\u00e3o geral da empresa\"><br \/>\n<img decoding=\"async\" src=\"https:\/\/www.hydraulic-cylinders.net\/wp-content\/uploads\/2025\/04\/songte-company-3.webp\" alt=\"Unidade de Fabrica\u00e7\u00e3o da Empresa\"><\/p>\n<p>Autor: lyl<\/p>","protected":false},"excerpt":{"rendered":"<p>Boom Cylinder For Nante NT18 Overview of Boom Cylinder The boom cylinder, also known as the bucket cylinder, is a critical component in hydraulic systems used in heavy machinery. These cylinders control the movement of the bucket on various machines such as excavators, backhoe loaders, and front loaders. Their primary function is to enable the [&hellip;]<\/p>","protected":false},"featured_media":17870,"comment_status":"open","ping_status":"closed","template":"","meta":{"_et_pb_use_builder":"","_et_pb_old_content":"","_et_gb_content_width":""},"product_brand":[],"product_cat":[1546],"product_tag":[1547,1496],"class_list":{"0":"post-19547","1":"product","2":"type-product","3":"status-publish","4":"has-post-thumbnail","6":"product_cat-boom-cylinders","7":"product_tag-boom-cylinders","8":"product_tag-hydraulic-cylinders","10":"first","11":"instock","12":"shipping-taxable","13":"product-type-simple"},"amp_enabled":true,"_links":{"self":[{"href":"https:\/\/www.hydraulic-cylinders.net\/pt\/wp-json\/wp\/v2\/product\/19547","targetHints":{"allow":["GET"]}}],"collection":[{"href":"https:\/\/www.hydraulic-cylinders.net\/pt\/wp-json\/wp\/v2\/product"}],"about":[{"href":"https:\/\/www.hydraulic-cylinders.net\/pt\/wp-json\/wp\/v2\/types\/product"}],"replies":[{"embeddable":true,"href":"https:\/\/www.hydraulic-cylinders.net\/pt\/wp-json\/wp\/v2\/comments?post=19547"}],"wp:featuredmedia":[{"embeddable":true,"href":"https:\/\/www.hydraulic-cylinders.net\/pt\/wp-json\/wp\/v2\/media\/17870"}],"wp:attachment":[{"href":"https:\/\/www.hydraulic-cylinders.net\/pt\/wp-json\/wp\/v2\/media?parent=19547"}],"wp:term":[{"taxonomy":"product_brand","embeddable":true,"href":"https:\/\/www.hydraulic-cylinders.net\/pt\/wp-json\/wp\/v2\/product_brand?post=19547"},{"taxonomy":"product_cat","embeddable":true,"href":"https:\/\/www.hydraulic-cylinders.net\/pt\/wp-json\/wp\/v2\/product_cat?post=19547"},{"taxonomy":"product_tag","embeddable":true,"href":"https:\/\/www.hydraulic-cylinders.net\/pt\/wp-json\/wp\/v2\/product_tag?post=19547"}],"curies":[{"name":"wp","href":"https:\/\/api.w.org\/{rel}","templated":true}]}}