{"id":19551,"date":"2025-04-07T06:54:05","date_gmt":"2025-04-07T06:54:05","guid":{"rendered":"https:\/\/www.hydraulic-cylinders.net\/product\/boom-cylinder-for-nante-nt60\/"},"modified":"2025-04-07T06:54:07","modified_gmt":"2025-04-07T06:54:07","slug":"boom-cylinder-for-nante-nt60","status":"publish","type":"product","link":"https:\/\/www.hydraulic-cylinders.net\/pt\/produto\/boom-cylinder-for-nante-nt60\/","title":{"rendered":"Cilindro da lan\u00e7a para Nante NT60"},"content":{"rendered":"<h1>Cilindro da lan\u00e7a para Nante NT60<\/h1>\n<h2>Compreendendo o Cilindro da Lan\u00e7a<\/h2>\n<p>O cilindro da lan\u00e7a \u00e9 um componente vital em sistemas hidr\u00e1ulicos, projetado especificamente para controlar o movimento de diversas m\u00e1quinas pesadas, como escavadeiras, retroescavadeiras e p\u00e1s carregadeiras. Este cilindro hidr\u00e1ulico permite que a lan\u00e7a ou a ca\u00e7amba se eleve, abaixe e incline, facilitando as tarefas de movimenta\u00e7\u00e3o de materiais com efici\u00eancia. Esses cilindros desempenham um papel crucial na opera\u00e7\u00e3o de equipamentos pesados, permitindo movimentos precisos e aumentando a produtividade nos canteiros de obras.<\/p>\n<p><img decoding=\"async\" src=\"https:\/\/www.hydraulic-cylinders.net\/wp-content\/uploads\/2025\/04\/songte-company-1.webp\" alt=\"Cilindro da lan\u00e7a para Nante NT60\"><\/p>\n<h3>Principais caracter\u00edsticas do cilindro de lan\u00e7a<\/h3>\n<ul>\n<li><strong>Alta resist\u00eancia e durabilidade:<\/strong> Normalmente fabricado em a\u00e7o de alta resist\u00eancia ou alum\u00ednio, o cilindro da lan\u00e7a suporta alta press\u00e3o e cargas pesadas, adaptando-se a ambientes de trabalho severos. Projetado para resist\u00eancia ao desgaste e prote\u00e7\u00e3o contra corros\u00e3o, garante uma vida \u00fatil prolongada.<\/li>\n<li><strong>Opera\u00e7\u00e3o hidr\u00e1ulica eficiente:<\/strong> A utiliza\u00e7\u00e3o da press\u00e3o do \u00f3leo hidr\u00e1ulico permite movimentos suaves de retra\u00e7\u00e3o e extens\u00e3o. O cilindro responde rapidamente aos comandos de controle, proporcionando capacidades poderosas de empurrar e puxar, adequadas para lidar com cargas pesadas e tarefas complexas.<\/li>\n<li><strong>Tipos diversos:<\/strong> Dispon\u00edvel em configura\u00e7\u00f5es de a\u00e7\u00e3o simples (opera em uma dire\u00e7\u00e3o) ou de a\u00e7\u00e3o dupla (opera em ambas as dire\u00e7\u00f5es), o cilindro da lan\u00e7a atende a diversas demandas operacionais. Alguns modelos s\u00e3o telesc\u00f3picos, permitindo maior extens\u00e3o sem aumentar as dimens\u00f5es externas, ideal para aplica\u00e7\u00f5es com espa\u00e7o limitado.<\/li>\n<\/ul>\n<p>Nossa empresa pode fabricar este produto, e nossos produtos podem substituir perfeitamente esses cilindros hidr\u00e1ulicos.<\/p>\n<p><img decoding=\"async\" src=\"https:\/\/www.hydraulic-cylinders.net\/wp-content\/uploads\/2025\/04\/songte-cylinder-head-with-all-kinds-excavator-models.webp\" alt=\"Modelos de escavadeira com cilindro de lan\u00e7a\"><\/p>\n<h2>Aplica\u00e7\u00f5es do Cilindro de Lan\u00e7a<\/h2>\n<h3>Equipamentos de constru\u00e7\u00e3o<\/h3>\n<p>Em escavadeiras, os cilindros da lan\u00e7a s\u00e3o essenciais para escavar, carregar e movimentar terra ou entulho. Eles permitem que a ca\u00e7amba penetre no solo para uma escava\u00e7\u00e3o eficiente, mantendo o controle sobre o levantamento e abaixamento dos materiais. Essa funcionalidade \u00e9 crucial para projetos de constru\u00e7\u00e3o que exigem precis\u00e3o e rapidez.<\/p>\n<h3>Maquinaria agr\u00edcola<\/h3>\n<p>Utilizados em p\u00e1s carregadeiras, os cilindros da lan\u00e7a facilitam a coleta, o levantamento e o transporte de terra, feno e outros materiais. A capacidade de executar diversas tarefas agr\u00edcolas com efici\u00eancia os torna indispens\u00e1veis \u200b\u200bno setor agr\u00edcola, aumentando significativamente a produtividade e reduzindo os custos de m\u00e3o de obra.<\/p>\n<h3>Opera\u00e7\u00f5es de escava\u00e7\u00e3o<\/h3>\n<p>Em escavadeiras, o cilindro da lan\u00e7a permite que a ca\u00e7amba penetre no solo de forma eficaz, possibilitando movimentos de escava\u00e7\u00e3o suaves. Essa capacidade \u00e9 vital para projetos de constru\u00e7\u00e3o e paisagismo, onde a remo\u00e7\u00e3o precisa do solo \u00e9 essencial.<\/p>\n<h3>Fun\u00e7\u00f5es do carregador<\/h3>\n<p>Em carregadeiras frontais, os cilindros da lan\u00e7a ajudam a levantar e despejar materiais com efici\u00eancia. Seu design robusto garante o manuseio f\u00e1cil de cargas pesadas, fornecendo aos operadores as ferramentas necess\u00e1rias para executar suas tarefas de forma eficaz.<\/p>\n<h2>Considera\u00e7\u00f5es de design e crit\u00e9rios de sele\u00e7\u00e3o<\/h2>\n<h3>Capacidade de carga<\/h3>\n<p>Ao selecionar um cilindro para guindaste, \u00e9 fundamental compreender sua capacidade de carga. O cilindro deve ser capaz de suportar o peso m\u00e1ximo dos materiais que ir\u00e1 i\u00e7ar ou movimentar sem risco de falha. Isso envolve considerar n\u00e3o apenas o peso imediato, mas tamb\u00e9m quaisquer cargas din\u00e2micas potenciais durante a opera\u00e7\u00e3o. Um cilindro bem projetado ter\u00e1 fatores de seguran\u00e7a incorporados \u00e0 sua capacidade de carga para acomodar esfor\u00e7os inesperados.<\/p>\n<h3>Veda\u00e7\u00e3o e durabilidade<\/h3>\n<p>A veda\u00e7\u00e3o \u00e9 crucial para evitar vazamentos de fluido hidr\u00e1ulico, que podem comprometer o desempenho e levar a reparos dispendiosos. O sistema de veda\u00e7\u00e3o de um cilindro de lan\u00e7a deve ser robusto e fabricado com materiais resistentes ao desgaste e \u00e0 exposi\u00e7\u00e3o a fluidos hidr\u00e1ulicos. Al\u00e9m disso, a durabilidade geral do cilindro \u00e9 essencial, visto que ele opera em ambientes que podem causar desgaste. O uso de materiais de qualidade e processos de fabrica\u00e7\u00e3o precisos aumenta a durabilidade e a confiabilidade do cilindro.<\/p>\n<h3>Recursos de seguran\u00e7a<\/h3>\n<p>A seguran\u00e7a \u00e9 um fator crucial no projeto de cilindros de lan\u00e7a. A incorpora\u00e7\u00e3o de recursos como v\u00e1lvulas de al\u00edvio de press\u00e3o e travas de seguran\u00e7a pode prevenir acidentes e falhas no equipamento. Esses mecanismos de seguran\u00e7a garantem que o cilindro opere dentro de par\u00e2metros seguros e podem proteger tanto a m\u00e1quina quanto os operadores contra danos.<\/p>\n<p><img decoding=\"async\" src=\"https:\/\/www.hydraulic-cylinders.net\/wp-content\/uploads\/2025\/04\/songte-oil-pipes-and-spare-parts.webp\" alt=\"Pe\u00e7as Hidr\u00e1ulicas\"><\/p>\n<h2>Veda\u00e7\u00e3o e lubrifica\u00e7\u00e3o do cilindro<\/h2>\n<p>A utiliza\u00e7\u00e3o de diversos componentes de veda\u00e7\u00e3o, como veda\u00e7\u00f5es de pist\u00e3o e veda\u00e7\u00f5es de haste, \u00e9 essencial para manter a efici\u00eancia dos cilindros da lan\u00e7a. Recomenda-se o uso de veda\u00e7\u00f5es fabricadas com materiais resistentes ao desgaste, como poliuretano e borracha nitr\u00edlica, devido \u00e0 sua durabilidade. O corpo do cilindro e as superf\u00edcies roscadas das extremidades devem ser usinados com precis\u00e3o para aumentar a resist\u00eancia ao desgaste. A lubrifica\u00e7\u00e3o regular com \u00f3leo hidr\u00e1ulico \u00e9 necess\u00e1ria para evitar atrito e garantir o funcionamento suave.<\/p>\n<h2>Medidas de Manuten\u00e7\u00e3o Preventiva<\/h2>\n<ul>\n<li><strong>Inspe\u00e7\u00f5es regulares:<\/strong> Agende inspe\u00e7\u00f5es de rotina para identificar desgastes antes que se transformem em problemas maiores. Verifique se h\u00e1 danos externos ou vazamentos.<\/li>\n<li><strong>Lubrifica\u00e7\u00e3o adequada:<\/strong> Certifique-se de que o cilindro esteja adequadamente lubrificado com o tipo e a quantidade corretos de \u00f3leo hidr\u00e1ulico para facilitar o movimento suave e evitar o superaquecimento.<\/li>\n<li><strong>Substitui\u00e7\u00e3o da veda\u00e7\u00e3o:<\/strong> Monitore o estado das veda\u00e7\u00f5es e substitua-as prontamente para evitar vazamentos de fluido, que podem comprometer o desempenho.<\/li>\n<\/ul>\n<h2>Diretrizes de instala\u00e7\u00e3o<\/h2>\n<p>A instala\u00e7\u00e3o correta \u00e9 fundamental para o funcionamento eficaz do cilindro da lan\u00e7a. Comece certificando-se de que as superf\u00edcies de montagem estejam limpas e livres de detritos. Alinhe o cilindro com precis\u00e3o aos pontos de fixa\u00e7\u00e3o para evitar tens\u00e3o excessiva no cilindro e em suas conex\u00f5es. Utilize suportes de montagem adequados para fixar o cilindro firmemente, garantindo que n\u00e3o ocorra desalinhamento durante a opera\u00e7\u00e3o. Ap\u00f3s a instala\u00e7\u00e3o, verifique se h\u00e1 vazamentos hidr\u00e1ulicos e teste a press\u00e3o do sistema para confirmar a instala\u00e7\u00e3o correta.<\/p>\n<h2>Tarefas comuns de manuten\u00e7\u00e3o<\/h2>\n<ul>\n<li><strong>Verifica\u00e7\u00f5es regulares:<\/strong> Realize inspe\u00e7\u00f5es programadas para detectar sinais de desgaste ou danos. Isso inclui examinar mangueiras, conex\u00f5es e o cilindro em busca de rachaduras ou vazamentos.<\/li>\n<li><strong>Lubrifica\u00e7\u00e3o:<\/strong> Mantenha os n\u00edveis de lubrifica\u00e7\u00e3o adequados adicionando \u00f3leo hidr\u00e1ulico ao sistema regularmente, garantindo assim a efici\u00eancia operacional.<\/li>\n<li><strong>Substitui\u00e7\u00e3o da veda\u00e7\u00e3o:<\/strong> Substitua as veda\u00e7\u00f5es desgastadas ou danificadas para evitar vazamentos e manter a press\u00e3o hidr\u00e1ulica de forma eficaz.<\/li>\n<\/ul>\n<h2>Considera\u00e7\u00f5es de seguran\u00e7a e fatores ambientais<\/h2>\n<p>A implementa\u00e7\u00e3o de medidas de seguran\u00e7a \u00e9 essencial ao utilizar cilindros de lan\u00e7a, pois os sistemas hidr\u00e1ulicos podem ser perigosos se n\u00e3o forem manuseados corretamente. Os operadores devem ser treinados para reconhecer os riscos potenciais e seguir os procedimentos operacionais seguros. Fatores ambientais, como a exposi\u00e7\u00e3o a condi\u00e7\u00f5es adversas, podem afetar o desempenho e a vida \u00fatil dos componentes hidr\u00e1ulicos; portanto, \u00e9 aconselh\u00e1vel utilizar medidas de prote\u00e7\u00e3o para resguardar as m\u00e1quinas contra danos ambientais.<\/p>\n<h2>Solu\u00e7\u00e3o de problemas comuns<\/h2>\n<ul>\n<li><strong>Perda de pot\u00eancia:<\/strong> Se o cilindro da lan\u00e7a apresentar perda de pot\u00eancia, verifique o n\u00edvel do fluido hidr\u00e1ulico e procure por vazamentos no sistema. Certifique-se de que todas as conex\u00f5es estejam seguras.<\/li>\n<li><strong>Opera\u00e7\u00e3o lenta:<\/strong> Uma resposta lenta pode indicar baixo n\u00edvel de fluido hidr\u00e1ulico ou um bloqueio no sistema. Verifique o fluido e remova quaisquer obstru\u00e7\u00f5es.<\/li>\n<li><strong>Ru\u00eddos incomuns:<\/strong> Ru\u00eddos de rangido ou batida podem indicar problemas mec\u00e2nicos ou lubrifica\u00e7\u00e3o insuficiente. Investigue as poss\u00edveis causas e resolva-as imediatamente.<\/li>\n<\/ul>\n<h2>Dicas de manuten\u00e7\u00e3o<\/h2>\n<p>Para prolongar a vida \u00fatil do cilindro da lan\u00e7a, implemente medidas preventivas. Verifique regularmente o n\u00edvel do fluido hidr\u00e1ulico, pois n\u00edveis baixos podem causar superaquecimento e danos. Certifique-se de que todas as veda\u00e7\u00f5es estejam intactas e funcionando corretamente para evitar vazamentos. Mantenha o cilindro limpo e livre de detritos; isso reduzir\u00e1 o desgaste das veda\u00e7\u00f5es e dos componentes. Considere agendar revis\u00f5es de manuten\u00e7\u00e3o profissional para garantir que todos os aspectos do sistema hidr\u00e1ulico estejam funcionando de forma otimizada.<\/p>\n<p><img decoding=\"async\" src=\"https:\/\/www.hydraulic-cylinders.net\/wp-content\/uploads\/2025\/04\/songte-bushings-with-all-kinds-of-excavator-models.webp\" alt=\"Modelos de escavadeiras com buchas\"><\/p>\n<h2>Sobre nossa empresa<\/h2>\n<p>Somos um fabricante l\u00edder de cilindros hidr\u00e1ulicos de reposi\u00e7\u00e3o, oferecendo uma gama completa de produtos que nos consolidaram como um dos principais fabricantes e distribuidores nos mercados nacional e internacional. Aderimos aos mais altos padr\u00f5es de qualidade, baseados em estrat\u00e9gias de fabrica\u00e7\u00e3o meticulosas e gest\u00e3o de produ\u00e7\u00e3o avan\u00e7ada. Nossa empresa aprimora continuamente sua plataforma de fabrica\u00e7\u00e3o por meio da utiliza\u00e7\u00e3o de pessoal qualificado, equipamentos de fabrica\u00e7\u00e3o digital de ponta e sistemas de teste profissionais, garantindo que atendemos \u00e0s diversas necessidades dos clientes com alta efici\u00eancia, precis\u00e3o e qualidade.<\/p>\n<p><img decoding=\"async\" src=\"https:\/\/www.hydraulic-cylinders.net\/wp-content\/uploads\/2025\/04\/songte-company-4.webp\" alt=\"Vis\u00e3o geral da empresa\"><br \/>\n<img decoding=\"async\" src=\"https:\/\/www.hydraulic-cylinders.net\/wp-content\/uploads\/2025\/04\/songte-company-3.webp\" alt=\"Instala\u00e7\u00f5es da empresa\"><\/p>\n<p>Autor: lyl<\/p>","protected":false},"excerpt":{"rendered":"<p>Boom Cylinder For Nante NT60 Understanding the Boom Cylinder The boom cylinder is a vital component in hydraulic systems, specifically designed for controlling the motion of various heavy machinery, such as excavators, backhoe loaders, and front loaders. This hydraulic cylinder enables the boom or bucket to lift, lower, and tilt, facilitating material handling tasks efficiently. [&hellip;]<\/p>","protected":false},"featured_media":17874,"comment_status":"open","ping_status":"closed","template":"","meta":{"_et_pb_use_builder":"","_et_pb_old_content":"","_et_gb_content_width":""},"product_brand":[],"product_cat":[1546],"product_tag":[1547,1496],"class_list":{"0":"post-19551","1":"product","2":"type-product","3":"status-publish","4":"has-post-thumbnail","6":"product_cat-boom-cylinders","7":"product_tag-boom-cylinders","8":"product_tag-hydraulic-cylinders","10":"first","11":"instock","12":"shipping-taxable","13":"product-type-simple"},"amp_enabled":true,"_links":{"self":[{"href":"https:\/\/www.hydraulic-cylinders.net\/pt\/wp-json\/wp\/v2\/product\/19551","targetHints":{"allow":["GET"]}}],"collection":[{"href":"https:\/\/www.hydraulic-cylinders.net\/pt\/wp-json\/wp\/v2\/product"}],"about":[{"href":"https:\/\/www.hydraulic-cylinders.net\/pt\/wp-json\/wp\/v2\/types\/product"}],"replies":[{"embeddable":true,"href":"https:\/\/www.hydraulic-cylinders.net\/pt\/wp-json\/wp\/v2\/comments?post=19551"}],"wp:featuredmedia":[{"embeddable":true,"href":"https:\/\/www.hydraulic-cylinders.net\/pt\/wp-json\/wp\/v2\/media\/17874"}],"wp:attachment":[{"href":"https:\/\/www.hydraulic-cylinders.net\/pt\/wp-json\/wp\/v2\/media?parent=19551"}],"wp:term":[{"taxonomy":"product_brand","embeddable":true,"href":"https:\/\/www.hydraulic-cylinders.net\/pt\/wp-json\/wp\/v2\/product_brand?post=19551"},{"taxonomy":"product_cat","embeddable":true,"href":"https:\/\/www.hydraulic-cylinders.net\/pt\/wp-json\/wp\/v2\/product_cat?post=19551"},{"taxonomy":"product_tag","embeddable":true,"href":"https:\/\/www.hydraulic-cylinders.net\/pt\/wp-json\/wp\/v2\/product_tag?post=19551"}],"curies":[{"name":"wp","href":"https:\/\/api.w.org\/{rel}","templated":true}]}}