{"id":19560,"date":"2025-04-07T06:54:28","date_gmt":"2025-04-07T06:54:28","guid":{"rendered":"https:\/\/www.hydraulic-cylinders.net\/product\/boom-cylinder-for-yanmar-vi35-5b\/"},"modified":"2025-04-07T06:54:30","modified_gmt":"2025-04-07T06:54:30","slug":"boom-cylinder-for-yanmar-vi35-5b","status":"publish","type":"product","link":"https:\/\/www.hydraulic-cylinders.net\/pt\/produto\/boom-cylinder-for-yanmar-vi35-5b\/","title":{"rendered":"Cilindro da lan\u00e7a para Yanmar VI35-5B"},"content":{"rendered":"<h1>Cilindro da lan\u00e7a para Yanmar VI35-5B<\/h1>\n<h2>Introdu\u00e7\u00e3o ao Cilindro de Lan\u00e7a<\/h2>\n<p>O cilindro da lan\u00e7a \u00e9 um componente hidr\u00e1ulico essencial, projetado especificamente para m\u00e1quinas pesadas. Em particular, esse tipo de cilindro \u00e9 usado para controlar o movimento das ca\u00e7ambas em diversos equipamentos, incluindo escavadeiras, retroescavadeiras e p\u00e1s carregadeiras. Sua fun\u00e7\u00e3o principal \u00e9 permitir que a ca\u00e7amba suba, des\u00e7a e incline, o que facilita tarefas eficientes de movimenta\u00e7\u00e3o de materiais. Esses cilindros s\u00e3o uma parte vital dos sistemas hidr\u00e1ulicos, permitindo movimentos potentes e precisos, necess\u00e1rios para aplica\u00e7\u00f5es na constru\u00e7\u00e3o civil e na agricultura.<\/p>\n<p><img decoding=\"async\" src=\"https:\/\/www.hydraulic-cylinders.net\/wp-content\/uploads\/2025\/04\/songte-company-1.webp\" alt=\"Imagem do Cilindro da Lan\u00e7a\"><\/p>\n<h2>Caracter\u00edsticas do Cilindro de Lan\u00e7a<\/h2>\n<ul>\n<li>\n<h3>Alta resist\u00eancia e durabilidade<\/h3>\n<p>Normalmente fabricado em a\u00e7o de alta resist\u00eancia ou alum\u00ednio, o cilindro da lan\u00e7a \u00e9 projetado para suportar alta press\u00e3o e cargas pesadas, tornando-o adequado para ambientes de trabalho severos. Seu design considera a resist\u00eancia ao desgaste e \u00e0 corros\u00e3o para prolongar sua vida \u00fatil.<\/p>\n<\/li>\n<li>\n<h3>Opera\u00e7\u00e3o Hidr\u00e1ulica Eficiente<\/h3>\n<p>Este cilindro utiliza a press\u00e3o do \u00f3leo hidr\u00e1ulico para realizar movimentos suaves de extens\u00e3o e retra\u00e7\u00e3o. Ele responde rapidamente aos comandos de controle, fornecendo for\u00e7as de tra\u00e7\u00e3o e empuxo potentes, essenciais para o manuseio de materiais pesados \u200b\u200be tarefas complexas.<\/p>\n<\/li>\n<li>\n<h3>Tipos diversos<\/h3>\n<p>Dispon\u00edvel em configura\u00e7\u00f5es de a\u00e7\u00e3o simples (utilizando energia hidr\u00e1ulica em uma dire\u00e7\u00e3o) ou de a\u00e7\u00e3o dupla (utilizando energia hidr\u00e1ulica em ambas as dire\u00e7\u00f5es), o cilindro da lan\u00e7a atende a diversas necessidades operacionais. Alguns modelos podem ter um design telesc\u00f3pico, permitindo maior extens\u00e3o sem aumentar as dimens\u00f5es externas, ideal para aplica\u00e7\u00f5es com espa\u00e7o limitado.<\/p>\n<\/li>\n<li>\n<h3>Fabrica\u00e7\u00e3o personalizada<\/h3>\n<p>Temos capacidade para produzir este produto, garantindo que nossos cilindros possam substituir perfeitamente os cilindros hidr\u00e1ulicos existentes, oferecendo integra\u00e7\u00e3o perfeita em suas m\u00e1quinas.<\/p>\n<\/li>\n<li>\n<h3>Compatibilidade com diversos modelos<\/h3>\n<p>Nossos cilindros s\u00e3o projetados para serem compat\u00edveis com uma variedade de modelos de escavadeiras, garantindo versatilidade e flexibilidade de aplica\u00e7\u00e3o.<\/p>\n<\/li>\n<\/ul>\n<p><img decoding=\"async\" src=\"https:\/\/www.hydraulic-cylinders.net\/wp-content\/uploads\/2025\/04\/songte-cylinder-head-with-all-kinds-excavator-models.webp\" alt=\"Imagem de compatibilidade da escavadeira\"><\/p>\n<h2>Aplica\u00e7\u00f5es do Cilindro de Lan\u00e7a<\/h2>\n<ul>\n<li>\n<h3>Equipamentos de constru\u00e7\u00e3o<\/h3>\n<p>Em escavadeiras, os cilindros da lan\u00e7a desempenham um papel crucial na escava\u00e7\u00e3o, carregamento e movimenta\u00e7\u00e3o de solo ou entulho. Eles facilitam n\u00e3o apenas a escava\u00e7\u00e3o, mas tamb\u00e9m as tarefas de eleva\u00e7\u00e3o, tornando-os indispens\u00e1veis \u200b\u200bem canteiros de obras. A precis\u00e3o e a pot\u00eancia proporcionadas por esses cilindros garantem a execu\u00e7\u00e3o eficiente de opera\u00e7\u00f5es pesadas, contribuindo para a produtividade geral dos projetos de constru\u00e7\u00e3o.<\/p>\n<\/li>\n<li>\n<h3>Maquinaria agr\u00edcola<\/h3>\n<p>Em carregadeiras frontais, os cilindros da lan\u00e7a s\u00e3o usados \u200b\u200bpara escavar, levantar e transportar terra, feno e outros materiais. Seu design robusto permite que suportem as exig\u00eancias do trabalho agr\u00edcola, tornando-os uma escolha confi\u00e1vel para os agricultores. Essa capacidade aumenta a produtividade em diversas tarefas agr\u00edcolas, do carregamento ao descarregamento, facilitando uma melhor gest\u00e3o dos recursos nas fazendas.<\/p>\n<\/li>\n<li>\n<h3>Escavadeiras<\/h3>\n<p>Em escavadeiras, o cilindro da lan\u00e7a permite que a ca\u00e7amba penetre no solo de forma eficaz, possibilitando escava\u00e7\u00f5es profundas. Essa a\u00e7\u00e3o \u00e9 essencial em processos de escava\u00e7\u00e3o, como a abertura de funda\u00e7\u00f5es ou valas, onde \u00e9 necess\u00e1rio um controle preciso da profundidade e do \u00e2ngulo da ca\u00e7amba. A pot\u00eancia hidr\u00e1ulica fornecida pelo cilindro da lan\u00e7a aumenta a efici\u00eancia geral das opera\u00e7\u00f5es de escava\u00e7\u00e3o.<\/p>\n<\/li>\n<li>\n<h3>Carregadores<\/h3>\n<p>Em carregadeiras frontais, os cilindros da lan\u00e7a auxiliam no levantamento e despejo de materiais. A capacidade de elevar a ca\u00e7amba facilita o descarregamento eficiente de diversos materiais, sejam eles terra, cascalho ou outras cargas pesadas. Essa funcionalidade \u00e9 vital na constru\u00e7\u00e3o civil e no paisagismo, onde o manuseio r\u00e1pido de materiais \u00e9 essencial para cumprir os prazos do projeto.<\/p>\n<\/li>\n<\/ul>\n<h2>Considera\u00e7\u00f5es de design e crit\u00e9rios de sele\u00e7\u00e3o<\/h2>\n<ul>\n<li>\n<h3>Capacidade de carga<\/h3>\n<p>Ao selecionar um cilindro para guindaste, \u00e9 crucial entender a capacidade de carga. Isso determina quanto peso o cilindro pode suportar com seguran\u00e7a. \u00c9 essencial avaliar os tipos de materiais que ser\u00e3o movimentados e os requisitos m\u00e1ximos de carga da m\u00e1quina. Sobrecarregar o cilindro pode causar falhas e riscos \u00e0 seguran\u00e7a. Os fabricantes geralmente fornecem classifica\u00e7\u00f5es de capacidade de carga, que devem ser respeitadas para um desempenho ideal.<\/p>\n<\/li>\n<li>\n<h3>Integridade do Selo<\/h3>\n<p>A integridade das veda\u00e7\u00f5es \u00e9 vital para a longevidade e efici\u00eancia dos cilindros hidr\u00e1ulicos. Veda\u00e7\u00f5es de alta qualidade impedem vazamentos de fluido hidr\u00e1ulico, o que n\u00e3o s\u00f3 garante o bom funcionamento, como tamb\u00e9m protege os componentes internos contra contaminantes. Manter as veda\u00e7\u00f5es em boas condi\u00e7\u00f5es \u00e9 crucial, pois veda\u00e7\u00f5es desgastadas podem levar \u00e0 redu\u00e7\u00e3o do desempenho e ao aumento do desgaste do cilindro. Inspe\u00e7\u00f5es regulares devem ser realizadas para garantir que as veda\u00e7\u00f5es estejam em boas condi\u00e7\u00f5es.<\/p>\n<\/li>\n<li>\n<h3>Durabilidade<\/h3>\n<p>A durabilidade \u00e9 um fator crucial na escolha de um cilindro para lan\u00e7a. Os materiais utilizados na sua constru\u00e7\u00e3o devem resistir ao desgaste causado pelas condi\u00e7\u00f5es de opera\u00e7\u00e3o. Cilindros expostos a ambientes agressivos, como aqueles com altos n\u00edveis de poeira ou elementos corrosivos, devem ser fabricados com materiais que ofere\u00e7am maior resist\u00eancia a esses fatores. Essa considera\u00e7\u00e3o prolonga a vida \u00fatil do cilindro e minimiza a necessidade de substitui\u00e7\u00f5es frequentes.<\/p>\n<\/li>\n<li>\n<h3>Recursos de seguran\u00e7a<\/h3>\n<p>A seguran\u00e7a \u00e9 fundamental em qualquer sistema hidr\u00e1ulico. Os cilindros da lan\u00e7a devem ser projetados com recursos de seguran\u00e7a que previnam falhas inesperadas. Isso inclui v\u00e1lvulas de al\u00edvio de press\u00e3o que ajudam a regular a press\u00e3o do sistema e a evitar sobrecargas. Al\u00e9m disso, a instala\u00e7\u00e3o e a manuten\u00e7\u00e3o adequadas s\u00e3o cruciais para garantir o funcionamento correto dos recursos de seguran\u00e7a. Recomenda-se treinamento regular e o cumprimento dos protocolos de seguran\u00e7a para operadores que manuseiam m\u00e1quinas hidr\u00e1ulicas.<\/p>\n<\/li>\n<li>\n<h3>Manutenibilidade<\/h3>\n<p>A facilidade de manuten\u00e7\u00e3o \u00e9 outro fator importante na sele\u00e7\u00e3o de um cilindro de lan\u00e7a. Os componentes devem ser acess\u00edveis para tarefas de manuten\u00e7\u00e3o regulares, incluindo lubrifica\u00e7\u00e3o e inspe\u00e7\u00f5es. O projeto deve permitir a f\u00e1cil substitui\u00e7\u00e3o de veda\u00e7\u00f5es e outras pe\u00e7as que possam se desgastar com o tempo. A considera\u00e7\u00e3o da manuten\u00e7\u00e3o de rotina pode levar ao aumento da efici\u00eancia e \u00e0 redu\u00e7\u00e3o do tempo de inatividade devido a reparos.<\/p>\n<\/li>\n<\/ul>\n<p><img decoding=\"async\" src=\"https:\/\/www.hydraulic-cylinders.net\/wp-content\/uploads\/2025\/04\/songte-oil-pipes-and-spare-parts.webp\" alt=\"Imagem de pe\u00e7as hidr\u00e1ulicas\"><\/p>\n<h2>Veda\u00e7\u00e3o e Lubrifica\u00e7\u00e3o do Cilindro da Lan\u00e7a<\/h2>\n<p>O desempenho de um cilindro de lan\u00e7a depende em grande parte da efic\u00e1cia da veda\u00e7\u00e3o e lubrifica\u00e7\u00e3o. Diversos componentes de veda\u00e7\u00e3o, como veda\u00e7\u00f5es de pist\u00e3o e de haste, s\u00e3o utilizados para manter a press\u00e3o e evitar vazamentos de fluido hidr\u00e1ulico. Veda\u00e7\u00f5es fabricadas com materiais resistentes ao desgaste, como poliuretano e borracha nitr\u00edlica, garantem durabilidade e confiabilidade. As superf\u00edcies do corpo do cilindro e das extremidades roscadas passam por um processo de usinagem fina para aumentar a resist\u00eancia ao desgaste. A lubrifica\u00e7\u00e3o regular com \u00f3leo hidr\u00e1ulico \u00e9 essencial, pois n\u00e3o s\u00f3 facilita o funcionamento suave, como tamb\u00e9m protege os componentes internos contra o desgaste. Intervalos de lubrifica\u00e7\u00e3o adequados devem ser estabelecidos com base nas condi\u00e7\u00f5es de opera\u00e7\u00e3o para prolongar a vida \u00fatil do cilindro.<\/p>\n<h2>Medidas de inspe\u00e7\u00e3o regular e manuten\u00e7\u00e3o preventiva<\/h2>\n<ul>\n<li>\n<h3>Inspe\u00e7\u00f5es regulares<\/h3>\n<p>A realiza\u00e7\u00e3o de inspe\u00e7\u00f5es regulares no cilindro da lan\u00e7a \u00e9 fundamental. Os operadores devem verificar sinais de desgaste, vazamentos e quaisquer ru\u00eddos incomuns durante a opera\u00e7\u00e3o. A detec\u00e7\u00e3o precoce de problemas pode evitar complica\u00e7\u00f5es mais graves no futuro. Estabelecer um cronograma de inspe\u00e7\u00f5es de rotina pode ajudar a manter o desempenho do cilindro e garantir a seguran\u00e7a operacional.<\/p>\n<\/li>\n<li>\n<h3>Lubrifica\u00e7\u00e3o adequada<\/h3>\n<p>Manter a lubrifica\u00e7\u00e3o adequada \u00e9 essencial para o bom funcionamento do cilindro da lan\u00e7a. Os operadores devem seguir as recomenda\u00e7\u00f5es do fabricante quanto aos intervalos de lubrifica\u00e7\u00e3o e aos tipos de \u00f3leo hidr\u00e1ulico a serem utilizados. Garantir a quantidade correta de \u00f3leo ajuda a minimizar o atrito e o desgaste, prolongando a vida \u00fatil do cilindro.<\/p>\n<\/li>\n<li>\n<h3>Substitui\u00e7\u00e3o da veda\u00e7\u00e3o<\/h3>\n<p>A substitui\u00e7\u00e3o regular das veda\u00e7\u00f5es \u00e9 vital para evitar vazamentos e manter a integridade do cilindro. Os operadores devem monitorar as condi\u00e7\u00f5es das veda\u00e7\u00f5es e substitu\u00ed-las ao primeiro sinal de desgaste. Uma abordagem proativa na manuten\u00e7\u00e3o das veda\u00e7\u00f5es pode evitar a perda de fluido hidr\u00e1ulico e garantir um desempenho consistente.<\/p>\n<\/li>\n<\/ul>\n<p><img decoding=\"async\" src=\"https:\/\/www.hydraulic-cylinders.net\/wp-content\/uploads\/2025\/04\/songte-chushion-collar.webp\" alt=\"Imagem de gola almofadada\"><\/p>\n<h2>Considera\u00e7\u00f5es de seguran\u00e7a e fatores ambientais<\/h2>\n<p>Ao utilizar cilindros hidr\u00e1ulicos, as medidas de seguran\u00e7a s\u00e3o fundamentais. Os operadores devem estar bem informados sobre os potenciais riscos associados aos sistemas hidr\u00e1ulicos, incluindo os riscos de vazamentos de fluidos de alta press\u00e3o. O treinamento adequado e a ades\u00e3o aos protocolos de seguran\u00e7a podem ajudar a mitigar esses riscos. Al\u00e9m disso, fatores ambientais, como a exposi\u00e7\u00e3o a temperaturas extremas e subst\u00e2ncias corrosivas, devem ser considerados na sele\u00e7\u00e3o de materiais e veda\u00e7\u00f5es para o cilindro da lan\u00e7a. Garantir que o componente seja projetado para seu ambiente operacional espec\u00edfico aumenta a seguran\u00e7a e a funcionalidade.<\/p>\n<h2>Diagn\u00f3stico de falhas e problemas comuns<\/h2>\n<ul>\n<li>\n<h3>Problemas de vazamento<\/h3>\n<p>Um dos problemas mais comuns em cilindros hidr\u00e1ulicos \u00e9 o vazamento. Isso pode ocorrer devido ao desgaste das veda\u00e7\u00f5es ou a danos no pr\u00f3prio cilindro. Os operadores devem verificar frequentemente se h\u00e1 perda de fluido e inspecionar as veda\u00e7\u00f5es em busca de sinais de desgaste. Resolver vazamentos prontamente pode evitar maiores danos e manter a efici\u00eancia do sistema.<\/p>\n<\/li>\n<li>\n<h3>Desempenho reduzido<\/h3>\n<p>Se um cilindro da lan\u00e7a n\u00e3o responder como esperado, isso pode indicar problemas como baixo n\u00edvel de fluido hidr\u00e1ulico ou vazamentos internos. Os operadores devem verificar regularmente o n\u00edvel do fluido hidr\u00e1ulico e procurar sinais de vazamentos no sistema. Garantir que o fluido hidr\u00e1ulico esteja limpo e no n\u00edvel adequado \u00e9 crucial para o desempenho ideal.<\/p>\n<\/li>\n<li>\n<h3>Ru\u00eddos estranhos<\/h3>\n<p>Ru\u00eddos incomuns durante a opera\u00e7\u00e3o podem sinalizar problemas mec\u00e2nicos no cilindro da lan\u00e7a. Os operadores devem investigar quaisquer sons de rangido ou guincho, pois podem indicar que os componentes est\u00e3o desalinhados ou precisam de lubrifica\u00e7\u00e3o. A aten\u00e7\u00e3o imediata a esses ru\u00eddos pode evitar falhas mec\u00e2nicas adicionais.<\/p>\n<\/li>\n<\/ul>\n<p>Seguindo estas diretrizes de diagn\u00f3stico, os operadores podem identificar problemas com efic\u00e1cia e tomar medidas corretivas, garantindo o funcionamento cont\u00ednuo e confi\u00e1vel dos cilindros da lan\u00e7a.<\/p>\n<p><img decoding=\"async\" src=\"https:\/\/www.hydraulic-cylinders.net\/wp-content\/uploads\/2025\/04\/songte-bushings-with-all-kinds-of-excavator-models.webp\" alt=\"Imagem de buchas\"><\/p>\n<h2>Conclus\u00e3o<\/h2>\n<p>Somos um fabricante l\u00edder de cilindros hidr\u00e1ulicos, com uma gama diversificada de produtos que atendem \u00e0s necessidades dos mercados nacional e internacional. Nosso compromisso com a excel\u00eancia em qualidade \u00e9 sustentado por pr\u00e1ticas de fabrica\u00e7\u00e3o refinadas e uma abordagem estrat\u00e9gica para a gest\u00e3o da produ\u00e7\u00e3o. Com foco em alta efici\u00eancia, precis\u00e3o e qualidade, buscamos satisfazer as diversas demandas de nossos clientes. Nossas certifica\u00e7\u00f5es e servi\u00e7os personalizados refletem nossa dedica\u00e7\u00e3o aos padr\u00f5es profissionais, e nossos equipamentos de produ\u00e7\u00e3o avan\u00e7ados garantem que permane\u00e7amos na vanguarda do setor. Tamb\u00e9m oferecemos suporte p\u00f3s-venda completo para assegurar a satisfa\u00e7\u00e3o do cliente.<\/p>\n<p><img decoding=\"async\" src=\"https:\/\/www.hydraulic-cylinders.net\/wp-content\/uploads\/2025\/04\/songte-company-4.webp\" alt=\"Imagem da empresa\"><br \/>\n<img decoding=\"async\" src=\"https:\/\/www.hydraulic-cylinders.net\/wp-content\/uploads\/2025\/04\/songte-company-3.webp\" alt=\"Imagem da empresa\"><\/p>\n<p>Autor: lyl<\/p>","protected":false},"excerpt":{"rendered":"<p>Boom Cylinder For Yanmar VI35-5B Introduction to Boom Cylinder The Boom Cylinder is an essential hydraulic component designed specifically for heavy machinery. In particular, this type of cylinder is used to control the movement of buckets in various equipment, including excavators, backhoe loaders, and front-end loaders. Its primary function is to enable the bucket to [&hellip;]<\/p>","protected":false},"featured_media":17868,"comment_status":"open","ping_status":"closed","template":"","meta":{"_et_pb_use_builder":"","_et_pb_old_content":"","_et_gb_content_width":""},"product_brand":[],"product_cat":[1546],"product_tag":[1547,1496],"class_list":{"0":"post-19560","1":"product","2":"type-product","3":"status-publish","4":"has-post-thumbnail","6":"product_cat-boom-cylinders","7":"product_tag-boom-cylinders","8":"product_tag-hydraulic-cylinders","10":"first","11":"instock","12":"shipping-taxable","13":"product-type-simple"},"amp_enabled":true,"_links":{"self":[{"href":"https:\/\/www.hydraulic-cylinders.net\/pt\/wp-json\/wp\/v2\/product\/19560","targetHints":{"allow":["GET"]}}],"collection":[{"href":"https:\/\/www.hydraulic-cylinders.net\/pt\/wp-json\/wp\/v2\/product"}],"about":[{"href":"https:\/\/www.hydraulic-cylinders.net\/pt\/wp-json\/wp\/v2\/types\/product"}],"replies":[{"embeddable":true,"href":"https:\/\/www.hydraulic-cylinders.net\/pt\/wp-json\/wp\/v2\/comments?post=19560"}],"wp:featuredmedia":[{"embeddable":true,"href":"https:\/\/www.hydraulic-cylinders.net\/pt\/wp-json\/wp\/v2\/media\/17868"}],"wp:attachment":[{"href":"https:\/\/www.hydraulic-cylinders.net\/pt\/wp-json\/wp\/v2\/media?parent=19560"}],"wp:term":[{"taxonomy":"product_brand","embeddable":true,"href":"https:\/\/www.hydraulic-cylinders.net\/pt\/wp-json\/wp\/v2\/product_brand?post=19560"},{"taxonomy":"product_cat","embeddable":true,"href":"https:\/\/www.hydraulic-cylinders.net\/pt\/wp-json\/wp\/v2\/product_cat?post=19560"},{"taxonomy":"product_tag","embeddable":true,"href":"https:\/\/www.hydraulic-cylinders.net\/pt\/wp-json\/wp\/v2\/product_tag?post=19560"}],"curies":[{"name":"wp","href":"https:\/\/api.w.org\/{rel}","templated":true}]}}