{"id":19573,"date":"2025-04-07T06:55:15","date_gmt":"2025-04-07T06:55:15","guid":{"rendered":"https:\/\/www.hydraulic-cylinders.net\/product\/boom-cylinder-for-john-deere-e360lc\/"},"modified":"2025-04-07T06:55:18","modified_gmt":"2025-04-07T06:55:18","slug":"boom-cylinder-for-john-deere-e360lc","status":"publish","type":"product","link":"https:\/\/www.hydraulic-cylinders.net\/pt\/produto\/boom-cylinder-for-john-deere-e360lc\/","title":{"rendered":"Cilindro da lan\u00e7a para John Deere E360LC"},"content":{"rendered":"<h1>Cilindro da lan\u00e7a para John Deere E360LC<\/h1>\n<h2>O que \u00e9 um cilindro de lan\u00e7a?<\/h2>\n<p>Um cilindro de lan\u00e7a \u00e9 um tipo de cilindro hidr\u00e1ulico projetado especificamente para controlar o movimento da lan\u00e7a em m\u00e1quinas pesadas, como escavadeiras, retroescavadeiras e p\u00e1s carregadeiras. Esse cilindro hidr\u00e1ulico permite que a lan\u00e7a suba, des\u00e7a e incline, facilitando as tarefas de movimenta\u00e7\u00e3o de materiais com precis\u00e3o e efici\u00eancia. Em sistemas hidr\u00e1ulicos, os cilindros de lan\u00e7a desempenham um papel fundamental, convertendo a press\u00e3o hidr\u00e1ulica em for\u00e7a mec\u00e2nica, o que, por sua vez, permite o movimento dos componentes de equipamentos pesados. Eles s\u00e3o essenciais para a execu\u00e7\u00e3o de tarefas que envolvem escava\u00e7\u00e3o, eleva\u00e7\u00e3o e transporte de materiais.<\/p>\n<p><img decoding=\"async\" src=\"https:\/\/www.hydraulic-cylinders.net\/wp-content\/uploads\/2025\/04\/songte-company-1.webp\" alt=\"Imagem do Cilindro da Lan\u00e7a\"><\/p>\n<h2>Principais caracter\u00edsticas do cilindro de lan\u00e7a<\/h2>\n<ul>\n<li><strong>Alta resist\u00eancia e durabilidade:<\/strong> Normalmente fabricados em a\u00e7o de alta resist\u00eancia ou alum\u00ednio, os cilindros da lan\u00e7a suportam alta press\u00e3o e cargas pesadas, tornando-os adequados para ambientes de trabalho severos. S\u00e3o projetados com foco na resist\u00eancia ao desgaste e na prote\u00e7\u00e3o contra corros\u00e3o, o que prolonga sua vida \u00fatil.<\/li>\n<li><strong>Opera\u00e7\u00e3o hidr\u00e1ulica eficiente:<\/strong> Eles utilizam press\u00e3o de \u00f3leo hidr\u00e1ulico para obter extens\u00e3o e retra\u00e7\u00e3o suaves, permitindo uma resposta r\u00e1pida aos comandos de controle. Isso proporciona for\u00e7as de empuxo e tra\u00e7\u00e3o poderosas, ideais para manusear materiais pesados \u200b\u200be realizar tarefas complexas.<\/li>\n<li><strong>Diversos tipos dispon\u00edveis:<\/strong> Os cilindros da lan\u00e7a podem ser selecionados como de a\u00e7\u00e3o simples (utilizando press\u00e3o hidr\u00e1ulica em uma dire\u00e7\u00e3o) ou de a\u00e7\u00e3o dupla (utilizando press\u00e3o hidr\u00e1ulica em ambas as dire\u00e7\u00f5es) para atender a diversas necessidades operacionais. Certos modelos s\u00e3o telesc\u00f3picos, permitindo maior extens\u00e3o sem aumentar as dimens\u00f5es externas, tornando-os adequados para aplica\u00e7\u00f5es com espa\u00e7o limitado.<\/li>\n<li><strong>Fabrica\u00e7\u00e3o personalizada:<\/strong> Fabricamos esses produtos para substituir perfeitamente os cilindros hidr\u00e1ulicos existentes, garantindo compatibilidade e efici\u00eancia de desempenho em suas m\u00e1quinas.<\/li>\n<\/ul>\n<p><img decoding=\"async\" src=\"https:\/\/www.hydraulic-cylinders.net\/wp-content\/uploads\/2025\/04\/songte-cylinder-head-with-all-kinds-excavator-models.webp\" alt=\"Modelos de Escavadeiras\"><\/p>\n<h2>Aplica\u00e7\u00f5es de Cilindros de Lan\u00e7a<\/h2>\n<h3>Equipamentos de constru\u00e7\u00e3o<\/h3>\n<p>Em escavadeiras, os cilindros da lan\u00e7a s\u00e3o cruciais para escavar, carregar e movimentar solo ou entulho. Eles permitem que o operador controle a profundidade e o \u00e2ngulo da lan\u00e7a, aumentando a efici\u00eancia operacional. Em retroescavadeiras, o cilindro da lan\u00e7a auxilia tanto nas tarefas de escava\u00e7\u00e3o quanto nas de eleva\u00e7\u00e3o, tornando-as vers\u00e1teis para diversos trabalhos de constru\u00e7\u00e3o.<\/p>\n<h3>Maquinaria agr\u00edcola<\/h3>\n<p>Em p\u00e1s carregadeiras frontais, os cilindros da lan\u00e7a s\u00e3o usados \u200b\u200bpara recolher, levantar e transportar materiais como terra, feno e outros produtos. Seu design permite um controle preciso do mecanismo de eleva\u00e7\u00e3o, garantindo processos eficientes de carga e descarga nas fazendas.<\/p>\n<h3>Escavadeiras<\/h3>\n<p>Os cilindros da lan\u00e7a das escavadeiras permitem que a ca\u00e7amba penetre no solo de forma eficaz, facilitando escava\u00e7\u00f5es potentes. O sistema hidr\u00e1ulico possibilita transi\u00e7\u00f5es suaves entre o levantamento e o abaixamento da lan\u00e7a, o que \u00e9 essencial para diversas tarefas de escava\u00e7\u00e3o.<\/p>\n<h3>Carregadores<\/h3>\n<p>Em carregadeiras frontais, os cilindros da lan\u00e7a auxiliam no levantamento e despejo de cargas com efici\u00eancia. Seu design robusto garante o manuseio seguro e eficaz de materiais pesados, tornando-os indispens\u00e1veis \u200b\u200btanto na constru\u00e7\u00e3o civil quanto em ambientes de movimenta\u00e7\u00e3o de materiais.<\/p>\n<h2>Considera\u00e7\u00f5es de design e crit\u00e9rios de sele\u00e7\u00e3o<\/h2>\n<ul>\n<li><strong>Capacidade de carga:<\/strong> The load capacity of a boom cylinder is critical as it dictates the weight it can safely lift. Selecting a cylinder with an appropriate load rating ensures the machinery&#8217;s performance and safety. Analyzing the specific requirements and potential load scenarios is essential during the selection process.<\/li>\n<li><strong>Mecanismo de veda\u00e7\u00e3o:<\/strong> Uma veda\u00e7\u00e3o eficaz \u00e9 vital para evitar vazamentos de fluido hidr\u00e1ulico, que podem levar a falhas no sistema e redu\u00e7\u00e3o da efici\u00eancia. As veda\u00e7\u00f5es devem ser dur\u00e1veis \u200b\u200be resistentes ao desgaste, pois desempenham um papel crucial na manuten\u00e7\u00e3o da integridade do sistema hidr\u00e1ulico.<\/li>\n<li><strong>Durabilidade:<\/strong> Os cilindros da lan\u00e7a devem ser projetados para suportar as exig\u00eancias de aplica\u00e7\u00f5es pesadas. Isso inclui resist\u00eancia ao desgaste, \u00e0 corros\u00e3o e a condi\u00e7\u00f5es extremas de trabalho. Os materiais e revestimentos utilizados na fabrica\u00e7\u00e3o devem ser selecionados com base no ambiente operacional previsto.<\/li>\n<li><strong>Recursos de seguran\u00e7a:<\/strong> A incorpora\u00e7\u00e3o de recursos de seguran\u00e7a, como v\u00e1lvulas de al\u00edvio de press\u00e3o e sistemas de prote\u00e7\u00e3o contra sobrecarga, \u00e9 essencial. Esses recursos ajudam a prevenir acidentes e garantem a opera\u00e7\u00e3o segura de m\u00e1quinas pesadas, principalmente em ambientes de trabalho perigosos.<\/li>\n<li><strong>Acessibilidade para manuten\u00e7\u00e3o:<\/strong> Um projeto que permita f\u00e1cil acesso aos componentes para manuten\u00e7\u00e3o e reparos \u00e9 crucial. Isso n\u00e3o s\u00f3 reduz o tempo de inatividade, como tamb\u00e9m garante que os operadores possam realizar verifica\u00e7\u00f5es de rotina para assegurar o desempenho ideal.<\/li>\n<\/ul>\n<p><img decoding=\"async\" src=\"https:\/\/www.hydraulic-cylinders.net\/wp-content\/uploads\/2025\/04\/songte-oil-pipes-and-spare-parts.webp\" alt=\"Tubos de \u00f3leo e pe\u00e7as de reposi\u00e7\u00e3o\"><\/p>\n<h2>Veda\u00e7\u00e3o e Lubrifica\u00e7\u00e3o do Cilindro da Lan\u00e7a<\/h2>\n<p>Para garantir a longevidade e o desempenho dos cilindros da lan\u00e7a, s\u00e3o utilizados diversos componentes de veda\u00e7\u00e3o, como veda\u00e7\u00f5es de pist\u00e3o e veda\u00e7\u00f5es de haste. A sele\u00e7\u00e3o de materiais como poliuretano e borracha nitr\u00edlica \u00e9 crucial, pois estes proporcionam excelente resist\u00eancia ao desgaste e durabilidade. O corpo do cilindro e as extremidades roscadas s\u00e3o processados \u200b\u200bcom precis\u00e3o para melhorar a resist\u00eancia ao desgaste, garantindo uma veda\u00e7\u00e3o herm\u00e9tica e prevenindo vazamentos. A lubrifica\u00e7\u00e3o regular com o \u00f3leo hidr\u00e1ulico apropriado \u00e9 necess\u00e1ria para manter o funcionamento ideal e reduzir o atrito entre as pe\u00e7as m\u00f3veis. Pr\u00e1ticas adequadas de lubrifica\u00e7\u00e3o ajudam a prolongar a vida \u00fatil do cilindro e a manter seu desempenho.<\/p>\n<h2>Inspe\u00e7\u00f5es regulares e medidas de manuten\u00e7\u00e3o preventiva<\/h2>\n<ul>\n<li><strong>Inspe\u00e7\u00f5es de rotina:<\/strong> Realize inspe\u00e7\u00f5es visuais regulares para identificar quaisquer sinais de desgaste, vazamento ou danos. Essa abordagem proativa ajuda a detectar problemas potenciais precocemente, evitando problemas mais graves no futuro.<\/li>\n<li><strong>Lubrifica\u00e7\u00e3o adequada:<\/strong> Assegure-se de que os cronogramas de lubrifica\u00e7\u00e3o sejam seguidos e que o tipo correto de \u00f3leo hidr\u00e1ulico seja utilizado. Verifique regularmente os n\u00edveis de \u00f3leo e complete conforme necess\u00e1rio para manter o funcionamento adequado.<\/li>\n<li><strong>Substitui\u00e7\u00e3o da veda\u00e7\u00e3o:<\/strong> Verifique regularmente o desgaste das veda\u00e7\u00f5es e substitua-as conforme necess\u00e1rio para evitar vazamentos de fluido hidr\u00e1ulico. A manuten\u00e7\u00e3o adequada das veda\u00e7\u00f5es \u00e9 crucial para o funcionamento eficiente do sistema hidr\u00e1ulico.<\/li>\n<\/ul>\n<h2>Diretrizes de instala\u00e7\u00e3o corretas<\/h2>\n<p>Proper installation of a boom cylinder is critical for ensuring optimal performance. Begin by ensuring that the mounting surfaces are clean and free from debris. Use appropriate installation brackets to secure the cylinder in place, ensuring that it is correctly aligned with the machinery. Misalignment can lead to premature wear and potential failure. During installation, check that all fittings are tight and leak-proof. After installation, perform a thorough inspection of the connections and hydraulic lines to ensure that there are no leaks and that the system is functioning correctly. Regularly consult the manufacturer&#8217;s guidelines for specific installation procedures and torque specifications.<\/p>\n<p><img decoding=\"async\" src=\"https:\/\/www.hydraulic-cylinders.net\/wp-content\/uploads\/2025\/04\/songte-chushion-collar.webp\" alt=\"Imagem de gola almofadada\"><\/p>\n<h2>Considera\u00e7\u00f5es de seguran\u00e7a e fatores ambientais<\/h2>\n<p>Ao trabalhar com cilindros hidr\u00e1ulicos, as medidas de seguran\u00e7a s\u00e3o de extrema import\u00e2ncia. Os operadores devem ser treinados no uso correto das m\u00e1quinas e estar cientes dos riscos potenciais associados aos sistemas hidr\u00e1ulicos. \u00c9 crucial usar os equipamentos de prote\u00e7\u00e3o individual (EPIs) adequados para evitar les\u00f5es em caso de falha do equipamento. Al\u00e9m disso, fatores ambientais como flutua\u00e7\u00f5es de press\u00e3o e temperaturas extremas devem ser considerados durante a opera\u00e7\u00e3o, pois podem afetar o desempenho e a seguran\u00e7a dos sistemas hidr\u00e1ulicos. Verifica\u00e7\u00f5es regulares e o cumprimento dos protocolos de seguran\u00e7a ajudar\u00e3o a mitigar os riscos e a manter a seguran\u00e7a no local de trabalho.<\/p>\n<h2>Solu\u00e7\u00e3o de problemas e problemas comuns<\/h2>\n<ul>\n<li><strong>Vazamentos hidr\u00e1ulicos:<\/strong> Se houver vazamentos vis\u00edveis, verifique se as veda\u00e7\u00f5es e conex\u00f5es est\u00e3o danificadas ou soltas. Substitua quaisquer veda\u00e7\u00f5es desgastadas e certifique-se de que as conex\u00f5es estejam devidamente apertadas.<\/li>\n<li><strong>Desempenho reduzido do cilindro:<\/strong> Se o cilindro da lan\u00e7a n\u00e3o estiver respondendo como esperado, verifique os n\u00edveis do fluido hidr\u00e1ulico e certifique-se de que n\u00e3o haja obstru\u00e7\u00f5es nas linhas hidr\u00e1ulicas.<\/li>\n<li><strong>Ru\u00eddos incomuns:<\/strong> Se ocorrerem ru\u00eddos de rangido ou chiado, isso pode indicar danos internos ou ar no sistema hidr\u00e1ulico. Inspecione o sistema em busca de sinais de desgaste e fa\u00e7a a sangria, se necess\u00e1rio.<\/li>\n<\/ul>\n<p>Para diagnosticar e solucionar esses problemas de forma eficaz, \u00e9 essencial manter um cronograma de manuten\u00e7\u00e3o abrangente e estar familiarizado com as diretrizes operacionais das m\u00e1quinas utilizadas. Medidas preventivas devem ser implementadas para minimizar o risco desses problemas comuns.<\/p>\n<p><img decoding=\"async\" src=\"https:\/\/www.hydraulic-cylinders.net\/wp-content\/uploads\/2025\/04\/songte-bushings-with-all-kinds-of-excavator-models.webp\" alt=\"Buchas com modelos de escavadeira\"><\/p>\n<h2>Sobre nossa empresa<\/h2>\n<p>Somos fabricantes de cilindros hidr\u00e1ulicos de reposi\u00e7\u00e3o, com uma linha completa de produtos que nos torna l\u00edderes na fabrica\u00e7\u00e3o e distribui\u00e7\u00e3o atacadista de cilindros hidr\u00e1ulicos nos mercados nacional e internacional. Primamos pela excel\u00eancia em qualidade, apoiando-nos em uma estrat\u00e9gia refinada de gest\u00e3o da produ\u00e7\u00e3o industrial. Nossa empresa aprimora continuamente sua plataforma de fabrica\u00e7\u00e3o por meio da contrata\u00e7\u00e3o de pessoal t\u00e9cnico qualificado, equipamentos de fabrica\u00e7\u00e3o digital de ponta e sistemas de inspe\u00e7\u00e3o profissionais. Com forte capacidade de inova\u00e7\u00e3o, priorizamos alta efici\u00eancia, precis\u00e3o e qualidade para atender \u00e0s diversas necessidades de nossos clientes.<\/p>\n<p><img decoding=\"async\" src=\"https:\/\/www.hydraulic-cylinders.net\/wp-content\/uploads\/2025\/04\/songte-company-4.webp\" alt=\"Imagem das Opera\u00e7\u00f5es da Empresa\"><br \/>\n<img decoding=\"async\" src=\"https:\/\/www.hydraulic-cylinders.net\/wp-content\/uploads\/2025\/04\/songte-company-3.webp\" alt=\"Imagem do processo de fabrica\u00e7\u00e3o\"><\/p>\n<p>Al\u00e9m disso, oferecemos servi\u00e7os profissionais, certifica\u00e7\u00f5es internacionais, solu\u00e7\u00f5es personaliz\u00e1veis, equipamentos de produ\u00e7\u00e3o de \u00faltima gera\u00e7\u00e3o e suporte p\u00f3s-venda confi\u00e1vel para garantir a total satisfa\u00e7\u00e3o do cliente.<\/p>\n<p>Autor: lyl<\/p>","protected":false},"excerpt":{"rendered":"<p>Boom Cylinder For John Deere E360LC What is a Boom Cylinder? A boom cylinder is a type of hydraulic cylinder specifically designed for controlling the movement of the boom in heavy machinery such as excavators, backhoe loaders, and front-end loaders. This hydraulic cylinder allows the boom to raise, lower, and tilt, facilitating material handling tasks [&hellip;]<\/p>","protected":false},"featured_media":17881,"comment_status":"open","ping_status":"closed","template":"","meta":{"_et_pb_use_builder":"","_et_pb_old_content":"","_et_gb_content_width":""},"product_brand":[],"product_cat":[1546],"product_tag":[1547,1496],"class_list":{"0":"post-19573","1":"product","2":"type-product","3":"status-publish","4":"has-post-thumbnail","6":"product_cat-boom-cylinders","7":"product_tag-boom-cylinders","8":"product_tag-hydraulic-cylinders","10":"first","11":"instock","12":"shipping-taxable","13":"product-type-simple"},"amp_enabled":true,"_links":{"self":[{"href":"https:\/\/www.hydraulic-cylinders.net\/pt\/wp-json\/wp\/v2\/product\/19573","targetHints":{"allow":["GET"]}}],"collection":[{"href":"https:\/\/www.hydraulic-cylinders.net\/pt\/wp-json\/wp\/v2\/product"}],"about":[{"href":"https:\/\/www.hydraulic-cylinders.net\/pt\/wp-json\/wp\/v2\/types\/product"}],"replies":[{"embeddable":true,"href":"https:\/\/www.hydraulic-cylinders.net\/pt\/wp-json\/wp\/v2\/comments?post=19573"}],"wp:featuredmedia":[{"embeddable":true,"href":"https:\/\/www.hydraulic-cylinders.net\/pt\/wp-json\/wp\/v2\/media\/17881"}],"wp:attachment":[{"href":"https:\/\/www.hydraulic-cylinders.net\/pt\/wp-json\/wp\/v2\/media?parent=19573"}],"wp:term":[{"taxonomy":"product_brand","embeddable":true,"href":"https:\/\/www.hydraulic-cylinders.net\/pt\/wp-json\/wp\/v2\/product_brand?post=19573"},{"taxonomy":"product_cat","embeddable":true,"href":"https:\/\/www.hydraulic-cylinders.net\/pt\/wp-json\/wp\/v2\/product_cat?post=19573"},{"taxonomy":"product_tag","embeddable":true,"href":"https:\/\/www.hydraulic-cylinders.net\/pt\/wp-json\/wp\/v2\/product_tag?post=19573"}],"curies":[{"name":"wp","href":"https:\/\/api.w.org\/{rel}","templated":true}]}}