{"id":19574,"date":"2025-04-07T06:55:18","date_gmt":"2025-04-07T06:55:18","guid":{"rendered":"https:\/\/www.hydraulic-cylinders.net\/product\/boom-cylinder-for-yuchai-yc08-8\/"},"modified":"2025-04-07T06:55:20","modified_gmt":"2025-04-07T06:55:20","slug":"boom-cylinder-for-yuchai-yc08-8","status":"publish","type":"product","link":"https:\/\/www.hydraulic-cylinders.net\/pt\/produto\/boom-cylinder-for-yuchai-yc08-8\/","title":{"rendered":"Cilindro da lan\u00e7a para Yuchai YC08-8"},"content":{"rendered":"<h1>Cilindro da lan\u00e7a para Yuchai YC08-8<\/h1>\n<h2>Vis\u00e3o geral do produto<\/h2>\n<p>O cilindro da lan\u00e7a para Yuchai YC08-8 \u00e9 um componente essencial em sistemas hidr\u00e1ulicos utilizados em m\u00e1quinas pesadas. Como um tipo de cilindro hidr\u00e1ulico, ele \u00e9 projetado especificamente para controlar o movimento das ca\u00e7ambas em diversos equipamentos, como escavadeiras, retroescavadeiras e p\u00e1s carregadeiras. A principal fun\u00e7\u00e3o do cilindro da lan\u00e7a \u00e9 permitir o levantamento, abaixamento e inclina\u00e7\u00e3o da ca\u00e7amba, facilitando as tarefas de movimenta\u00e7\u00e3o de materiais com efici\u00eancia.<\/p>\n<p>O funcionamento do cilindro da lan\u00e7a \u00e9 crucial em m\u00e1quinas de constru\u00e7\u00e3o e agr\u00edcolas, onde controle preciso e desempenho potente s\u00e3o necess\u00e1rios. Ele permite movimentos suaves e fornece a for\u00e7a necess\u00e1ria para lidar com cargas pesadas de forma eficaz. O sistema hidr\u00e1ulico utiliza press\u00e3o de fluido, o que permite que o cilindro da lan\u00e7a se estenda e retraia suavemente. Essa funcionalidade \u00e9 vital para a execu\u00e7\u00e3o de diversas opera\u00e7\u00f5es, incluindo escava\u00e7\u00e3o, eleva\u00e7\u00e3o e transporte de materiais.<\/p>\n<p><img decoding=\"async\" src=\"https:\/\/www.hydraulic-cylinders.net\/wp-content\/uploads\/2025\/04\/songte-company-1.webp\" alt=\"Cilindro de lan\u00e7a\"><\/p>\n<h2>Principais caracter\u00edsticas<\/h2>\n<ul>\n<li>\n<h3>Alta resist\u00eancia e durabilidade<\/h3>\n<p>Fabricado em a\u00e7o de alta resist\u00eancia ou alum\u00ednio, o cilindro da lan\u00e7a foi projetado para suportar alta press\u00e3o e cargas pesadas. Seu design considera a resist\u00eancia ao desgaste e a preven\u00e7\u00e3o da corros\u00e3o, garantindo uma longa vida \u00fatil mesmo em ambientes de trabalho severos.<\/p>\n<\/li>\n<li>\n<h3>Opera\u00e7\u00e3o Hidr\u00e1ulica Eficiente<\/h3>\n<p>O cilindro da lan\u00e7a utiliza press\u00e3o de \u00f3leo hidr\u00e1ulico para realizar movimentos suaves de extens\u00e3o e retra\u00e7\u00e3o. Ele responde rapidamente aos comandos do operador, fornecendo for\u00e7as robustas de empurrar e puxar, adequadas para manusear objetos pesados \u200b\u200be realizar tarefas complexas.<\/p>\n<\/li>\n<li>\n<h3>Variedade de tipos<\/h3>\n<p>Dependendo das necessidades da aplica\u00e7\u00e3o, o cilindro da lan\u00e7a pode ser selecionado como de a\u00e7\u00e3o simples (operando em uma dire\u00e7\u00e3o) ou de a\u00e7\u00e3o dupla (operando em duas dire\u00e7\u00f5es). Alguns modelos s\u00e3o telesc\u00f3picos, permitindo maior extens\u00e3o sem aumentar as dimens\u00f5es externas, o que os torna adequados para espa\u00e7os confinados.<\/p>\n<\/li>\n<li>\n<h3>Fabrica\u00e7\u00e3o personalizada<\/h3>\n<p>Nossa empresa \u00e9 especializada na produ\u00e7\u00e3o de cilindros de lan\u00e7a hidr\u00e1ulicos personalizados para atender a requisitos espec\u00edficos. Nossos produtos podem substituir perfeitamente os cilindros hidr\u00e1ulicos existentes, garantindo compatibilidade e desempenho.<\/p>\n<\/li>\n<li>\n<h3>Integra\u00e7\u00e3o de Tecnologia Avan\u00e7ada<\/h3>\n<p>Utilizamos tecnologia de ponta em nossos processos de fabrica\u00e7\u00e3o, aprimorando a precis\u00e3o e a qualidade de nossos cilindros de lan\u00e7a.<\/p>\n<\/li>\n<\/ul>\n<p><img decoding=\"async\" src=\"https:\/\/www.hydraulic-cylinders.net\/wp-content\/uploads\/2025\/04\/songte-cylinder-head-with-all-kinds-excavator-models.webp\" alt=\"Cabe\u00e7ote de cilindro hidr\u00e1ulico\"><\/p>\n<h2>Cen\u00e1rios de Aplica\u00e7\u00e3o<\/h2>\n<h3>Equipamentos de constru\u00e7\u00e3o<\/h3>\n<p>Em escavadeiras, os cilindros da lan\u00e7a desempenham um papel crucial na escava\u00e7\u00e3o, carregamento e movimenta\u00e7\u00e3o de solo ou entulho. Eles permitem que a ca\u00e7amba penetre no solo de forma eficaz, possibilitando que os operadores executem tarefas de escava\u00e7\u00e3o com efici\u00eancia. Em retroescavadeiras, esses cilindros auxiliam n\u00e3o apenas na escava\u00e7\u00e3o, mas tamb\u00e9m no levantamento de materiais, garantindo versatilidade nas opera\u00e7\u00f5es de constru\u00e7\u00e3o.<\/p>\n<h3>Maquinaria agr\u00edcola<\/h3>\n<p>Em carregadeiras frontais, os cilindros da lan\u00e7a s\u00e3o essenciais para escavar, levantar e transportar terra, feno e outros materiais. Sua pot\u00eancia hidr\u00e1ulica garante que grandes volumes possam ser movimentados de forma r\u00e1pida e eficaz, aumentando a produtividade em fazendas e \u00e1reas agr\u00edcolas.<\/p>\n<h3>Escavadeiras<\/h3>\n<p>As escavadeiras dependem de cilindros na lan\u00e7a para facilitar as opera\u00e7\u00f5es de escava\u00e7\u00e3o, permitindo que a ca\u00e7amba penetre no solo de forma eficaz. Essa capacidade \u00e9 vital para diversas tarefas, incluindo abertura de valas, nivelamento e prepara\u00e7\u00e3o do terreno, onde precis\u00e3o e pot\u00eancia s\u00e3o essenciais.<\/p>\n<h3>Carregadores<\/h3>\n<p>Em carregadeiras frontais, os cilindros da lan\u00e7a contribuem significativamente para o levantamento e despejo eficientes de cargas. Eles s\u00e3o projetados para suportar as demandas de levantamento de cargas pesadas, mantendo a estabilidade e o controle, o que os torna indispens\u00e1veis \u200b\u200bem opera\u00e7\u00f5es de movimenta\u00e7\u00e3o de materiais.<\/p>\n<h2>Considera\u00e7\u00f5es de design<\/h2>\n<h3>Capacidade de carga<\/h3>\n<p>A capacidade de carga de um cilindro de lan\u00e7a \u00e9 um fator crucial em seu projeto. Ele deve ser projetado para suportar o peso m\u00e1ximo que encontrar\u00e1 sem comprometer a seguran\u00e7a ou o desempenho. Isso envolve a sele\u00e7\u00e3o de materiais e dimens\u00f5es adequados para garantir a integridade estrutural sob carga.<\/p>\n<h3>Selagem<\/h3>\n<p>A veda\u00e7\u00e3o eficaz \u00e9 essencial em cilindros hidr\u00e1ulicos para evitar vazamentos e contamina\u00e7\u00e3o do fluido. Veda\u00e7\u00f5es de alta qualidade devem ser utilizadas para manter a press\u00e3o dentro do sistema, garantindo o desempenho ideal e a longevidade do cilindro. O projeto deve contemplar diversos tipos de veda\u00e7\u00e3o para atender \u00e0s condi\u00e7\u00f5es operacionais espec\u00edficas.<\/p>\n<h3>Durabilidade<\/h3>\n<p>A durabilidade \u00e9 fundamental para os cilindros de lan\u00e7as, pois operam em ambientes agressivos. Os materiais utilizados devem resistir ao desgaste e \u00e0 corros\u00e3o, prolongando a vida \u00fatil do cilindro. A manuten\u00e7\u00e3o regular e as verifica\u00e7\u00f5es de qualidade durante a fabrica\u00e7\u00e3o ajudam a garantir que os cilindros atendam aos padr\u00f5es de durabilidade.<\/p>\n<h3>Seguran\u00e7a<\/h3>\n<p>Incorporar recursos de seguran\u00e7a no projeto de cilindros hidr\u00e1ulicos \u00e9 essencial para prevenir acidentes e garantir a opera\u00e7\u00e3o segura de m\u00e1quinas pesadas. Isso inclui v\u00e1lvulas de al\u00edvio de press\u00e3o e mecanismos de seguran\u00e7a que s\u00e3o ativados em caso de mau funcionamento.<\/p>\n<h3>Manutenibilidade<\/h3>\n<p>O projeto dos cilindros da lan\u00e7a deve facilitar a manuten\u00e7\u00e3o e o reparo. Isso inclui a acessibilidade para a substitui\u00e7\u00e3o de veda\u00e7\u00f5es e lubrifica\u00e7\u00e3o de pe\u00e7as, bem como o fornecimento de diretrizes claras para a manuten\u00e7\u00e3o. Procedimentos de manuten\u00e7\u00e3o bem elaborados ajudam a prolongar a vida \u00fatil do sistema hidr\u00e1ulico.<\/p>\n<p><img decoding=\"async\" src=\"https:\/\/www.hydraulic-cylinders.net\/wp-content\/uploads\/2025\/04\/songte-oil-pipes-and-spare-parts.webp\" alt=\"Pe\u00e7as Hidr\u00e1ulicas\"><\/p>\n<h2>Veda\u00e7\u00e3o e Lubrifica\u00e7\u00e3o<\/h2>\n<p>A veda\u00e7\u00e3o e a lubrifica\u00e7\u00e3o s\u00e3o componentes essenciais para manter o desempenho dos cilindros hidr\u00e1ulicos. Diversos elementos de veda\u00e7\u00e3o, como veda\u00e7\u00f5es de pist\u00e3o e veda\u00e7\u00f5es de haste, s\u00e3o utilizados para garantir que o fluido n\u00e3o vaze, mantendo a press\u00e3o do sistema. Veda\u00e7\u00f5es feitas de materiais como poliuretano e borracha nitr\u00edlica s\u00e3o preferidas devido \u00e0 sua resist\u00eancia ao desgaste e durabilidade.<\/p>\n<p>The cylinder body and threaded end surfaces are typically finely processed to enhance wear resistance. Regular lubrication with appropriate hydraulic oil is necessary to minimize friction and wear on moving parts, thus ensuring smooth operation. Implementing a regular lubrication schedule is vital for maintaining the hydraulic system&#8217;s efficiency and longevity.<\/p>\n<h2>Inspe\u00e7\u00e3o regular e manuten\u00e7\u00e3o preventiva<\/h2>\n<ul>\n<li>\n<h3>Inspe\u00e7\u00f5es de rotina<\/h3>\n<p>Realizar inspe\u00e7\u00f5es regulares no cilindro da lan\u00e7a \u00e9 crucial para identificar problemas potenciais antes que se agravem. Os operadores devem verificar se h\u00e1 sinais de vazamentos, corros\u00e3o ou desgaste nas veda\u00e7\u00f5es e em outros componentes. A detec\u00e7\u00e3o precoce pode evitar reparos dispendiosos e prolongar a vida \u00fatil do equipamento.<\/p>\n<\/li>\n<li>\n<h3>Lubrifica\u00e7\u00e3o adequada<\/h3>\n<p>Garantir que o cilindro da lan\u00e7a esteja adequadamente lubrificado \u00e9 essencial para seu funcionamento eficiente. Os operadores devem seguir as orienta\u00e7\u00f5es do fabricante quanto \u00e0 frequ\u00eancia de lubrifica\u00e7\u00e3o e aos tipos de \u00f3leo hidr\u00e1ulico a serem utilizados. A lubrifica\u00e7\u00e3o insuficiente pode levar ao aumento do atrito e ao desgaste prematuro.<\/p>\n<\/li>\n<li>\n<h3>Substitui\u00e7\u00e3o da veda\u00e7\u00e3o<\/h3>\n<p>Com o tempo, as veda\u00e7\u00f5es podem se degradar e precisar ser substitu\u00eddas para manter a integridade do sistema. A manuten\u00e7\u00e3o programada regularmente deve incluir a verifica\u00e7\u00e3o do desgaste das veda\u00e7\u00f5es e a substitui\u00e7\u00e3o delas, quando necess\u00e1rio, para evitar vazamentos de fluido e garantir o desempenho ideal.<\/p>\n<\/li>\n<\/ul>\n<h2>Diretrizes de instala\u00e7\u00e3o<\/h2>\n<p>A instala\u00e7\u00e3o correta do cilindro da lan\u00e7a \u00e9 fundamental para garantir seu desempenho ideal e longa vida \u00fatil. Comece certificando-se de que a \u00e1rea de trabalho esteja limpa e livre de detritos. Alinhe o cilindro com precis\u00e3o aos pontos de montagem, utilizando suportes adequados para fix\u00e1-lo no lugar. \u00c9 essencial verificar se todas as conex\u00f5es est\u00e3o firmes e se as mangueiras hidr\u00e1ulicas est\u00e3o corretamente instaladas para evitar dobras ou perda de press\u00e3o.<\/p>\n<p>Ao conectar as mangueiras, certifique-se de que n\u00e3o haja vazamentos, verificando todas as conex\u00f5es e encaixes. Ap\u00f3s a instala\u00e7\u00e3o, teste o cilindro, acionando-o em toda a sua amplitude de movimento para verificar se funciona corretamente e sem obstru\u00e7\u00f5es. Verifique regularmente o alinhamento e a seguran\u00e7a da montagem para evitar problemas de funcionamento.<\/p>\n<h2>Tarefas comuns de manuten\u00e7\u00e3o<\/h2>\n<ul>\n<li>\n<h3>Inspe\u00e7\u00f5es regulares<\/h3>\n<p>Inspe\u00e7\u00f5es programadas devem ser realizadas para monitorar a condi\u00e7\u00e3o do cilindro da lan\u00e7a. Isso inclui verificar sinais de desgaste, avaliar os n\u00edveis de fluido e garantir que todos os componentes estejam seguros e funcionando corretamente.<\/p>\n<\/li>\n<li>\n<h3>Lubrifica\u00e7\u00e3o adequada<\/h3>\n<p>Establishing a lubrication schedule is essential. Utilize the recommended hydraulic oils and ensure that the cylinder is lubricated according to the manufacturer&#8217;s specifications to prevent excessive wear and maintain efficiency.<\/p>\n<\/li>\n<li>\n<h3>Substitui\u00e7\u00e3o de selos e verifica\u00e7\u00f5es de calibra\u00e7\u00e3o<\/h3>\n<p>Fique atento aos retentores para detectar quaisquer sinais de deteriora\u00e7\u00e3o. Ao substituir os retentores, certifique-se de que todos os componentes estejam calibrados corretamente para manter o desempenho ideal do sistema hidr\u00e1ulico.<\/p>\n<\/li>\n<\/ul>\n<p><img decoding=\"async\" src=\"https:\/\/www.hydraulic-cylinders.net\/wp-content\/uploads\/2025\/04\/songte-chushion-collar.webp\" alt=\"Colarinho de amortecimento hidr\u00e1ulico\"><\/p>\n<h2>Considera\u00e7\u00f5es de seguran\u00e7a e fatores ambientais<\/h2>\n<p>Ao operar sistemas hidr\u00e1ulicos, as medidas de seguran\u00e7a s\u00e3o fundamentais. Os operadores devem usar equipamentos de prote\u00e7\u00e3o individual adequados e garantir que todos os protocolos de seguran\u00e7a sejam seguidos durante a opera\u00e7\u00e3o e a manuten\u00e7\u00e3o. Treinamentos regulares e simula\u00e7\u00f5es de seguran\u00e7a podem ajudar a reduzir o risco de acidentes no local de trabalho. Al\u00e9m disso, devem ser consideradas as medidas ambientais para evitar derramamentos e vazamentos de fluido hidr\u00e1ulico que possam prejudicar o meio ambiente.<\/p>\n<h2>Diagn\u00f3stico de falhas e problemas comuns<\/h2>\n<ul>\n<li>\n<h3>Vazamentos de fluidos<\/h3>\n<p>Vazamentos de fluido s\u00e3o um dos problemas mais comuns em cilindros hidr\u00e1ulicos. Os sinais incluem po\u00e7as de fluido sob a m\u00e1quina ou queda na press\u00e3o hidr\u00e1ulica. Inspecione veda\u00e7\u00f5es, conex\u00f5es e mangueiras para identificar e solucionar a origem do vazamento.<\/p>\n<\/li>\n<li>\n<h3>Desempenho reduzido<\/h3>\n<p>Se o cilindro da lan\u00e7a n\u00e3o estiver levantando ou funcionando como esperado, verifique se h\u00e1 n\u00edveis baixos de fluido hidr\u00e1ulico, obstru\u00e7\u00f5es nas mangueiras ou veda\u00e7\u00f5es desgastadas. Garantir os n\u00edveis adequados de fluido hidr\u00e1ulico e verificar se h\u00e1 obstru\u00e7\u00f5es geralmente resolve problemas de desempenho.<\/p>\n<\/li>\n<li>\n<h3>Superaquecimento<\/h3>\n<p>Overheating can occur due to excessive usage, insufficient lubrication, or a malfunctioning hydraulic system. Ensure regular maintenance is performed and that the hydraulic oil is replaced per the manufacturer&#8217;s recommendations to avoid overheating issues.<\/p>\n<\/li>\n<\/ul>\n<p>Para diagnosticar e resolver problemas com efic\u00e1cia, os operadores devem ser treinados para reconhecer os sintomas e realizar a solu\u00e7\u00e3o de problemas b\u00e1sicos. Medidas preventivas, como manuten\u00e7\u00e3o regular e monitoramento dos n\u00edveis de fluidos, podem ajudar a minimizar poss\u00edveis problemas.<\/p>\n<p><img decoding=\"async\" src=\"https:\/\/www.hydraulic-cylinders.net\/wp-content\/uploads\/2025\/04\/songte-bushings-with-all-kinds-of-excavator-models.webp\" alt=\"Buchas hidr\u00e1ulicas\"><\/p>\n<h2>Sobre nossa empresa<\/h2>\n<p>Somos um fabricante l\u00edder de cilindros hidr\u00e1ulicos de reposi\u00e7\u00e3o, oferecendo uma gama completa de produtos para os mercados nacional e internacional. Nosso compromisso com a excel\u00eancia em qualidade \u00e9 sustentado por nossas refinadas estrat\u00e9gias de gest\u00e3o de produ\u00e7\u00e3o. Aprimoramos continuamente nossas capacidades produtivas empregando tecnologia de ponta, m\u00e3o de obra qualificada e sistemas de teste profissionais, garantindo resultados de alta efici\u00eancia, precis\u00e3o e qualidade que atendem \u00e0s diversas necessidades dos clientes.<\/p>\n<p>Nossa especializa\u00e7\u00e3o abrange servi\u00e7os profissionais, certifica\u00e7\u00f5es internacionais e solu\u00e7\u00f5es personalizadas que atendem a diversas necessidades da ind\u00fastria. Nossos equipamentos de fabrica\u00e7\u00e3o de \u00faltima gera\u00e7\u00e3o e nosso s\u00f3lido servi\u00e7o p\u00f3s-venda refor\u00e7am ainda mais nosso compromisso com a satisfa\u00e7\u00e3o do cliente.<\/p>\n<p><img decoding=\"async\" src=\"https:\/\/www.hydraulic-cylinders.net\/wp-content\/uploads\/2025\/04\/songte-company-4.webp\" alt=\"Instala\u00e7\u00f5es da empresa\"><br \/>\n<img decoding=\"async\" src=\"https:\/\/www.hydraulic-cylinders.net\/wp-content\/uploads\/2025\/04\/songte-company-3.webp\" alt=\"Produ\u00e7\u00e3o da Empresa\"><\/p>\n<p>Autor: lyl<\/p>","protected":false},"excerpt":{"rendered":"<p>Boom Cylinder For Yuchai YC08-8 Product Overview The Boom Cylinder for Yuchai YC08-8 is an essential component in hydraulic systems used in heavy machinery. As a type of hydraulic cylinder, it is specifically designed to control the movement of buckets in various equipment such as excavators, backhoe loaders, and front-end loaders. The primary function of [&hellip;]<\/p>","protected":false},"featured_media":17867,"comment_status":"open","ping_status":"closed","template":"","meta":{"_et_pb_use_builder":"","_et_pb_old_content":"","_et_gb_content_width":""},"product_brand":[],"product_cat":[1546],"product_tag":[1547,1496],"class_list":{"0":"post-19574","1":"product","2":"type-product","3":"status-publish","4":"has-post-thumbnail","6":"product_cat-boom-cylinders","7":"product_tag-boom-cylinders","8":"product_tag-hydraulic-cylinders","10":"first","11":"instock","12":"shipping-taxable","13":"product-type-simple"},"amp_enabled":true,"_links":{"self":[{"href":"https:\/\/www.hydraulic-cylinders.net\/pt\/wp-json\/wp\/v2\/product\/19574","targetHints":{"allow":["GET"]}}],"collection":[{"href":"https:\/\/www.hydraulic-cylinders.net\/pt\/wp-json\/wp\/v2\/product"}],"about":[{"href":"https:\/\/www.hydraulic-cylinders.net\/pt\/wp-json\/wp\/v2\/types\/product"}],"replies":[{"embeddable":true,"href":"https:\/\/www.hydraulic-cylinders.net\/pt\/wp-json\/wp\/v2\/comments?post=19574"}],"wp:featuredmedia":[{"embeddable":true,"href":"https:\/\/www.hydraulic-cylinders.net\/pt\/wp-json\/wp\/v2\/media\/17867"}],"wp:attachment":[{"href":"https:\/\/www.hydraulic-cylinders.net\/pt\/wp-json\/wp\/v2\/media?parent=19574"}],"wp:term":[{"taxonomy":"product_brand","embeddable":true,"href":"https:\/\/www.hydraulic-cylinders.net\/pt\/wp-json\/wp\/v2\/product_brand?post=19574"},{"taxonomy":"product_cat","embeddable":true,"href":"https:\/\/www.hydraulic-cylinders.net\/pt\/wp-json\/wp\/v2\/product_cat?post=19574"},{"taxonomy":"product_tag","embeddable":true,"href":"https:\/\/www.hydraulic-cylinders.net\/pt\/wp-json\/wp\/v2\/product_tag?post=19574"}],"curies":[{"name":"wp","href":"https:\/\/api.w.org\/{rel}","templated":true}]}}