{"id":19601,"date":"2025-04-07T06:56:53","date_gmt":"2025-04-07T06:56:53","guid":{"rendered":"https:\/\/www.hydraulic-cylinders.net\/product\/boom-cylinder-for-volwa-small-excavator-dls818-9b\/"},"modified":"2025-04-07T06:56:55","modified_gmt":"2025-04-07T06:56:55","slug":"boom-cylinder-for-volwa-small-excavator-dls818-9b","status":"publish","type":"product","link":"https:\/\/www.hydraulic-cylinders.net\/pt\/produto\/boom-cylinder-for-volwa-small-excavator-dls818-9b\/","title":{"rendered":"Cilindro da lan\u00e7a para mini escavadeira Volwa DLS818-9B"},"content":{"rendered":"<h1>Cilindro da lan\u00e7a para mini escavadeira Volwa DLS818-9B<\/h1>\n<h2>Vis\u00e3o geral do produto<\/h2>\n<p>O cilindro da lan\u00e7a para a miniescavadeira Volwa DLS818-9B \u00e9 um componente crucial no sistema hidr\u00e1ulico de escavadeiras. Ele foi projetado para controlar o movimento da lan\u00e7a da escavadeira, permitindo a\u00e7\u00f5es de eleva\u00e7\u00e3o, abaixamento e inclina\u00e7\u00e3o essenciais para tarefas eficientes de movimenta\u00e7\u00e3o de materiais. Este cilindro hidr\u00e1ulico, projetado especificamente para m\u00e1quinas pesadas, desempenha um papel vital na opera\u00e7\u00e3o e funcionalidade de escavadeiras, retroescavadeiras e p\u00e1s carregadeiras.<\/p>\n<p><img decoding=\"async\" src=\"https:\/\/www.hydraulic-cylinders.net\/wp-content\/uploads\/2025\/04\/songte-company-1.webp\" alt=\"Cilindro da lan\u00e7a para escavadeiras\"><\/p>\n<h3>Entendendo os Cilindros da Lan\u00e7a<\/h3>\n<p>Um cilindro de lan\u00e7a \u00e9 um cilindro hidr\u00e1ulico usado para controlar o movimento da ca\u00e7amba ou da lan\u00e7a em m\u00e1quinas pesadas. Esses cilindros s\u00e3o essenciais para a opera\u00e7\u00e3o de escavadeiras, retroescavadeiras e p\u00e1s carregadeiras. Eles permitem que a lan\u00e7a se levante, abaixe e incline, facilitando diversas tarefas de movimenta\u00e7\u00e3o de materiais com efici\u00eancia. O projeto desses cilindros permite movimentos suaves e controlados, que s\u00e3o fundamentais para garantir a seguran\u00e7a e a efici\u00eancia de opera\u00e7\u00f5es pesadas.<\/p>\n<h2>Caracter\u00edsticas do Cilindro de Lan\u00e7a<\/h2>\n<ul>\n<li><strong>Alta resist\u00eancia e durabilidade:<\/strong> Fabricado em a\u00e7o de alta resist\u00eancia ou alum\u00ednio, o cilindro da lan\u00e7a \u00e9 projetado para suportar altas press\u00f5es e cargas pesadas, tornando-o adequado para condi\u00e7\u00f5es de trabalho severas. Seu design incorpora resist\u00eancia ao desgaste e prote\u00e7\u00e3o contra corros\u00e3o para prolongar sua vida \u00fatil.<\/li>\n<li><strong>Opera\u00e7\u00e3o hidr\u00e1ulica eficiente:<\/strong> O cilindro utiliza press\u00e3o de \u00f3leo hidr\u00e1ulico para extens\u00e3o e retra\u00e7\u00e3o suaves, garantindo resposta imediata aos comandos do operador. Isso proporciona capacidades poderosas de empurrar e puxar, ideais para manusear materiais pesados \u200b\u200be realizar tarefas complexas.<\/li>\n<li><strong>Tipos diversos:<\/strong> Est\u00e3o dispon\u00edveis op\u00e7\u00f5es de cilindros de a\u00e7\u00e3o simples (a\u00e7\u00e3o hidr\u00e1ulica em uma dire\u00e7\u00e3o) ou de a\u00e7\u00e3o dupla (a\u00e7\u00e3o hidr\u00e1ulica em ambas as dire\u00e7\u00f5es), atendendo a diversas necessidades operacionais. Alguns modelos apresentam designs telesc\u00f3picos que permitem maior extens\u00e3o sem aumentar as dimens\u00f5es externas, perfeitos para aplica\u00e7\u00f5es com espa\u00e7o limitado.<\/li>\n<li><strong>Fabrica\u00e7\u00e3o personalizada:<\/strong> Somos especializados na produ\u00e7\u00e3o deste produto, garantindo que nossos cilindros possam substituir perfeitamente os cilindros hidr\u00e1ulicos existentes em diversas m\u00e1quinas.<\/li>\n<\/ul>\n<p><img decoding=\"async\" src=\"https:\/\/www.hydraulic-cylinders.net\/wp-content\/uploads\/2025\/04\/songte-cylinder-head-with-all-kinds-excavator-models.webp\" alt=\"Modelos de Escavadeiras\"><\/p>\n<h2>Aplica\u00e7\u00f5es do Cilindro de Lan\u00e7a<\/h2>\n<h3>1. Equipamentos de Constru\u00e7\u00e3o<\/h3>\n<p>Em escavadeiras, os cilindros da lan\u00e7a s\u00e3o essenciais para escavar, carregar e movimentar terra ou entulho. Eles permitem que a m\u00e1quina execute diversas tarefas com efici\u00eancia, garantindo o bom funcionamento das opera\u00e7\u00f5es. Em retroescavadeiras, o cilindro da lan\u00e7a n\u00e3o s\u00f3 auxilia na escava\u00e7\u00e3o, como tamb\u00e9m ajuda a levantar materiais, demonstrando sua versatilidade em tarefas de constru\u00e7\u00e3o.<\/p>\n<h3>2. M\u00e1quinas Agr\u00edcolas<\/h3>\n<p>Utilizados em p\u00e1s carregadeiras, os cilindros da lan\u00e7a facilitam a coleta, o levantamento e o transporte de terra, feno e outros materiais. Sua resist\u00eancia e precis\u00e3o s\u00e3o vitais para as tarefas agr\u00edcolas, tornando-os indispens\u00e1veis \u200b\u200bnas opera\u00e7\u00f5es no campo.<\/p>\n<h3>3. Escavadeiras<\/h3>\n<p>Em escavadeiras, o cilindro da lan\u00e7a permite que a ca\u00e7amba penetre no solo de forma eficaz, contribuindo para o sucesso das opera\u00e7\u00f5es de escava\u00e7\u00e3o. Esse mecanismo hidr\u00e1ulico \u00e9 crucial para manter a pot\u00eancia necess\u00e1ria para lidar com condi\u00e7\u00f5es de solo dif\u00edceis.<\/p>\n<h3>4. Carregadeiras<\/h3>\n<p>Em carregadeiras frontais, os cilindros da lan\u00e7a auxiliam no levantamento e despejo eficientes de cargas. Seu design garante o manuseio f\u00e1cil de materiais pesados, ampliando as capacidades operacionais da carregadeira.<\/p>\n<h2>Considera\u00e7\u00f5es de projeto e padr\u00f5es de sele\u00e7\u00e3o<\/h2>\n<h3>Capacidade de carga<\/h3>\n<p>A capacidade de carga do cilindro da lan\u00e7a \u00e9 fundamental. Ele deve ser capaz de suportar a carga m\u00e1xima encontrada durante as opera\u00e7\u00f5es sem comprometer a seguran\u00e7a ou o desempenho. Os fabricantes devem considerar os limites de peso com base no equipamento em que ser\u00e1 utilizado.<\/p>\n<h3>Selagem<\/h3>\n<p>Uma veda\u00e7\u00e3o eficaz \u00e9 fundamental para evitar vazamentos de fluido hidr\u00e1ulico, que podem levar a falhas no sistema e reduzir a efici\u00eancia da m\u00e1quina. As veda\u00e7\u00f5es devem ser escolhidas com base em sua capacidade de resistir ao desgaste causado por fatores ambientais.<\/p>\n<h3>Durabilidade<\/h3>\n<p>A durabilidade \u00e9 essencial para os cilindros da lan\u00e7a, pois operam em condi\u00e7\u00f5es extremas. Os materiais utilizados devem ser resistentes \u00e0 corros\u00e3o e ao desgaste, garantindo longa vida \u00fatil e desempenho confi\u00e1vel em diversos ambientes.<\/p>\n<h3>Seguran\u00e7a<\/h3>\n<p>Os recursos de seguran\u00e7a s\u00e3o vitais em sistemas hidr\u00e1ulicos. Isso inclui a incorpora\u00e7\u00e3o de v\u00e1lvulas de al\u00edvio de press\u00e3o e travas de seguran\u00e7a para evitar descargas acidentais e garantir a seguran\u00e7a do operador durante as opera\u00e7\u00f5es.<\/p>\n<h3>Manuten\u00e7\u00e3o<\/h3>\n<p>A facilidade de manuten\u00e7\u00e3o \u00e9 um fator significativo no projeto dos cilindros da lan\u00e7a. Os componentes devem ser acess\u00edveis para verifica\u00e7\u00f5es e reparos de rotina, tornando mais conveniente para os operadores manterem a m\u00e1quina em \u00f3timas condi\u00e7\u00f5es de funcionamento.<\/p>\n<p><img decoding=\"async\" src=\"https:\/\/www.hydraulic-cylinders.net\/wp-content\/uploads\/2025\/04\/songte-oil-pipes-and-spare-parts.webp\" alt=\"Componentes hidr\u00e1ulicos\"><\/p>\n<h2>Veda\u00e7\u00e3o e Lubrifica\u00e7\u00e3o<\/h2>\n<p>A veda\u00e7\u00e3o e a lubrifica\u00e7\u00e3o s\u00e3o cruciais para a longevidade e o desempenho do cilindro da lan\u00e7a. Diversos tipos de veda\u00e7\u00f5es, como veda\u00e7\u00f5es de pist\u00e3o e de haste, s\u00e3o utilizados para manter a press\u00e3o hidr\u00e1ulica e evitar vazamentos. Veda\u00e7\u00f5es feitas de materiais como poliuretano e borracha nitr\u00edlica s\u00e3o preferidas devido \u00e0 sua durabilidade e resist\u00eancia ao desgaste. Al\u00e9m disso, o corpo do cilindro e as superf\u00edcies roscadas passam por processos de usinagem de precis\u00e3o para aumentar sua resist\u00eancia ao desgaste e garantir um encaixe perfeito. A lubrifica\u00e7\u00e3o regular com \u00f3leo hidr\u00e1ulico \u00e9 essencial para reduzir o atrito e o desgaste, mantendo a opera\u00e7\u00e3o eficiente.<\/p>\n<h2>Inspe\u00e7\u00e3o regular e manuten\u00e7\u00e3o preventiva<\/h2>\n<ul>\n<li><strong>Inspe\u00e7\u00f5es frequentes:<\/strong> Verifique regularmente o cilindro hidr\u00e1ulico quanto a vazamentos, desgaste e funcionamento geral. Isso ajuda a identificar problemas potenciais antes que se agravem, garantindo seguran\u00e7a e efici\u00eancia operacional.<\/li>\n<li><strong>Lubrifica\u00e7\u00e3o adequada:<\/strong> Certifique-se de que o n\u00edvel do \u00f3leo hidr\u00e1ulico esteja adequado e que o \u00f3leo utilizado seja apropriado para as condi\u00e7\u00f5es de opera\u00e7\u00e3o. A lubrifica\u00e7\u00e3o adequada minimiza o atrito e prolonga a vida \u00fatil do cilindro.<\/li>\n<li><strong>Substitui\u00e7\u00e3o da veda\u00e7\u00e3o:<\/strong> Monitore as veda\u00e7\u00f5es quanto a sinais de desgaste ou danos. A substitui\u00e7\u00e3o regular das veda\u00e7\u00f5es, conforme necess\u00e1rio, \u00e9 vital para evitar vazamentos de fluido hidr\u00e1ulico e manter a integridade do sistema.<\/li>\n<\/ul>\n<h2>Diretrizes de instala\u00e7\u00e3o<\/h2>\n<p>A instala\u00e7\u00e3o correta do cilindro da lan\u00e7a \u00e9 fundamental para o desempenho ideal. Comece certificando-se de que a \u00e1rea de instala\u00e7\u00e3o esteja limpa e livre de detritos. Alinhe o cilindro com precis\u00e3o com os pontos de fixa\u00e7\u00e3o na escavadeira. O uso de suportes de montagem adequados para fixar o cilindro \u00e9 essencial; isso evita desalinhamentos durante a opera\u00e7\u00e3o. Ap\u00f3s o posicionamento, certifique-se de que todos os parafusos e porcas estejam apertados de acordo com as especifica\u00e7\u00f5es do fabricante. Por fim, teste o funcionamento do cilindro para confirmar o movimento suave e verificar se h\u00e1 vazamentos.<\/p>\n<h2>Tarefas comuns de manuten\u00e7\u00e3o<\/h2>\n<h3>1. Inspe\u00e7\u00f5es regulares<\/h3>\n<p>Realizar inspe\u00e7\u00f5es regulares \u00e9 crucial para garantir o funcionamento correto do cilindro. Procure por sinais de desgaste, vazamentos ou ru\u00eddos incomuns durante a opera\u00e7\u00e3o. A detec\u00e7\u00e3o precoce de problemas pode evitar reparos dispendiosos e tempo de inatividade. Agende inspe\u00e7\u00f5es nos intervalos recomendados ou ap\u00f3s uso intenso para manter o desempenho ideal.<\/p>\n<h3>2. Lubrifica\u00e7\u00e3o adequada<\/h3>\n<p>Certifique-se de que o cilindro da lan\u00e7a esteja lubrificado com o \u00f3leo hidr\u00e1ulico correto. Isso reduz o atrito e o desgaste das pe\u00e7as m\u00f3veis, contribuindo para sua maior vida \u00fatil. Estabele\u00e7a um cronograma de lubrifica\u00e7\u00e3o com base no uso e nas condi\u00e7\u00f5es ambientais e siga sempre as recomenda\u00e7\u00f5es do fabricante quanto ao tipo e \u00e0 quantidade de \u00f3leo.<\/p>\n<h3>3. Substitui\u00e7\u00e3o da veda\u00e7\u00e3o e verifica\u00e7\u00f5es de calibra\u00e7\u00e3o<\/h3>\n<p>A substitui\u00e7\u00e3o das veda\u00e7\u00f5es ao primeiro sinal de desgaste pode prevenir vazamentos e garantir o funcionamento eficiente. Verifica\u00e7\u00f5es regulares de calibra\u00e7\u00e3o tamb\u00e9m s\u00e3o necess\u00e1rias para manter a precis\u00e3o dos movimentos hidr\u00e1ulicos. Siga as orienta\u00e7\u00f5es do fabricante quanto aos intervalos de substitui\u00e7\u00e3o e aos procedimentos de calibra\u00e7\u00e3o para manter o desempenho e a confiabilidade do cilindro.<\/p>\n<p><img decoding=\"async\" src=\"https:\/\/www.hydraulic-cylinders.net\/wp-content\/uploads\/2025\/04\/songte-chushion-collar.webp\" alt=\"Coleira almofadada\"><\/p>\n<h2>Considera\u00e7\u00f5es de seguran\u00e7a e fatores ambientais<\/h2>\n<p>Implementar medidas de seguran\u00e7a ao usar cilindros de lan\u00e7a \u00e9 crucial. Os operadores devem ser treinados para compreender o funcionamento do sistema hidr\u00e1ulico e os riscos potenciais. Verifica\u00e7\u00f5es de seguran\u00e7a regulares podem prevenir acidentes, garantindo que o equipamento opere dentro dos limites de seguran\u00e7a. Al\u00e9m disso, considere o impacto ambiental dos fluidos hidr\u00e1ulicos e outros materiais utilizados, optando por alternativas ecol\u00f3gicas sempre que poss\u00edvel.<\/p>\n<h2>Diagn\u00f3stico de falhas e problemas comuns<\/h2>\n<h3>Diagn\u00f3stico e Solu\u00e7\u00f5es<\/h3>\n<ul>\n<li><strong>Vazamentos:<\/strong> Se houver vazamento de fluido hidr\u00e1ulico, verifique se h\u00e1 veda\u00e7\u00f5es danificadas ou conex\u00f5es soltas. Substitua as veda\u00e7\u00f5es conforme necess\u00e1rio e aperte as conex\u00f5es para estancar o vazamento.<\/li>\n<li><strong>Movimento insuficiente:<\/strong> Se o cilindro da lan\u00e7a n\u00e3o estiver se movendo como esperado, verifique os n\u00edveis do fluido hidr\u00e1ulico e certifique-se de que n\u00e3o haja obstru\u00e7\u00f5es nas linhas hidr\u00e1ulicas.<\/li>\n<li><strong>Ru\u00eddos estranhos:<\/strong> Sons incomuns durante o funcionamento podem indicar danos internos ou desgaste. Inspecione o cilindro em busca de sinais de falha e consulte um profissional, se necess\u00e1rio.<\/li>\n<\/ul>\n<h2>Medidas preventivas<\/h2>\n<p>Para minimizar poss\u00edveis problemas com os cilindros da lan\u00e7a, implemente medidas preventivas como manuten\u00e7\u00e3o regular, inspe\u00e7\u00f5es oportunas e reparos imediatos de quaisquer problemas identificados. Manter um registro de manuten\u00e7\u00e3o pode ajudar a monitorar o desempenho e agendar as verifica\u00e7\u00f5es necess\u00e1rias. Instruir os operadores sobre o manuseio e a opera\u00e7\u00e3o seguros tamb\u00e9m reduzir\u00e1 o risco de danos e aumentar\u00e1 a vida \u00fatil do equipamento.<\/p>\n<p><img decoding=\"async\" src=\"https:\/\/www.hydraulic-cylinders.net\/wp-content\/uploads\/2025\/04\/songte-bushings-with-all-kinds-of-excavator-models.webp\" alt=\"Buchas de escavadeira\"><\/p>\n<h2>Sobre nossa empresa<\/h2>\n<p>Somos um dos principais fabricantes e distribuidores atacadistas de cilindros hidr\u00e1ulicos de reposi\u00e7\u00e3o, tanto no mercado nacional quanto internacional. Nossa ampla gama de produtos, compromisso com a qualidade e estrat\u00e9gias de fabrica\u00e7\u00e3o avan\u00e7adas nos consolidaram como um dos principais fabricantes do setor. Ao alavancar nossa expertise t\u00e9cnica, equipamentos de fabrica\u00e7\u00e3o digital de ponta e um robusto sistema de garantia da qualidade, aprimoramos continuamente nossa plataforma de produ\u00e7\u00e3o para atender com efici\u00eancia \u00e0s diversas necessidades de nossos clientes.<\/p>\n<p><img decoding=\"async\" src=\"https:\/\/www.hydraulic-cylinders.net\/wp-content\/uploads\/2025\/04\/songte-company-4.webp\" alt=\"Vis\u00e3o geral da empresa\"><br \/>\n<img decoding=\"async\" src=\"https:\/\/www.hydraulic-cylinders.net\/wp-content\/uploads\/2025\/04\/songte-company-3.webp\" alt=\"Instala\u00e7\u00e3o de Fabrica\u00e7\u00e3o\"><\/p>\n<p>Nosso comprometimento com o profissionalismo, as certifica\u00e7\u00f5es internacionais, os servi\u00e7os personalizados, os equipamentos de produ\u00e7\u00e3o avan\u00e7ados e o suporte p\u00f3s-venda confi\u00e1vel nos diferenciam no mercado. Priorizamos a satisfa\u00e7\u00e3o do cliente e estamos comprometidos em fornecer produtos de alta qualidade, feitos sob medida para atender \u00e0s necessidades operacionais espec\u00edficas.<\/p>\n<p>Autor: lyl<\/p>","protected":false},"excerpt":{"rendered":"<p>Boom Cylinder For Volwa Small Excavator DLS818-9B Product Overview The Boom Cylinder for Volwa Small Excavator DLS818-9B is a crucial component in the hydraulic system of excavators. It is designed to control the movement of the excavator&#8217;s boom, allowing for lifting, lowering, and tilting actions essential for efficient material handling tasks. This hydraulic cylinder, specifically [&hellip;]<\/p>","protected":false},"featured_media":17879,"comment_status":"open","ping_status":"closed","template":"","meta":{"_et_pb_use_builder":"","_et_pb_old_content":"","_et_gb_content_width":""},"product_brand":[],"product_cat":[1546],"product_tag":[1547,1496],"class_list":{"0":"post-19601","1":"product","2":"type-product","3":"status-publish","4":"has-post-thumbnail","6":"product_cat-boom-cylinders","7":"product_tag-boom-cylinders","8":"product_tag-hydraulic-cylinders","10":"first","11":"instock","12":"shipping-taxable","13":"product-type-simple"},"amp_enabled":true,"_links":{"self":[{"href":"https:\/\/www.hydraulic-cylinders.net\/pt\/wp-json\/wp\/v2\/product\/19601","targetHints":{"allow":["GET"]}}],"collection":[{"href":"https:\/\/www.hydraulic-cylinders.net\/pt\/wp-json\/wp\/v2\/product"}],"about":[{"href":"https:\/\/www.hydraulic-cylinders.net\/pt\/wp-json\/wp\/v2\/types\/product"}],"replies":[{"embeddable":true,"href":"https:\/\/www.hydraulic-cylinders.net\/pt\/wp-json\/wp\/v2\/comments?post=19601"}],"wp:featuredmedia":[{"embeddable":true,"href":"https:\/\/www.hydraulic-cylinders.net\/pt\/wp-json\/wp\/v2\/media\/17879"}],"wp:attachment":[{"href":"https:\/\/www.hydraulic-cylinders.net\/pt\/wp-json\/wp\/v2\/media?parent=19601"}],"wp:term":[{"taxonomy":"product_brand","embeddable":true,"href":"https:\/\/www.hydraulic-cylinders.net\/pt\/wp-json\/wp\/v2\/product_brand?post=19601"},{"taxonomy":"product_cat","embeddable":true,"href":"https:\/\/www.hydraulic-cylinders.net\/pt\/wp-json\/wp\/v2\/product_cat?post=19601"},{"taxonomy":"product_tag","embeddable":true,"href":"https:\/\/www.hydraulic-cylinders.net\/pt\/wp-json\/wp\/v2\/product_tag?post=19601"}],"curies":[{"name":"wp","href":"https:\/\/api.w.org\/{rel}","templated":true}]}}