{"id":19608,"date":"2025-04-07T06:57:10","date_gmt":"2025-04-07T06:57:10","guid":{"rendered":"https:\/\/www.hydraulic-cylinders.net\/product\/boom-cylinder-for-volwa-middle-excavator-dls200-8b\/"},"modified":"2025-04-07T06:57:13","modified_gmt":"2025-04-07T06:57:13","slug":"boom-cylinder-for-volwa-middle-excavator-dls200-8b","status":"publish","type":"product","link":"https:\/\/www.hydraulic-cylinders.net\/pt\/produto\/boom-cylinder-for-volwa-middle-excavator-dls200-8b\/","title":{"rendered":"Cilindro da lan\u00e7a para escavadeira m\u00e9dia Volwa DLS200-8B"},"content":{"rendered":"<h1>Cilindro da lan\u00e7a para escavadeira m\u00e9dia Volwa DLS200-8B<\/h1>\n<h2>Defini\u00e7\u00e3o do Cilindro de Balde<\/h2>\n<p>O cilindro da lan\u00e7a, tamb\u00e9m conhecido como cilindro da ca\u00e7amba, \u00e9 um componente crucial em sistemas hidr\u00e1ulicos, projetado especificamente para controlar o movimento de diversas ca\u00e7ambas de m\u00e1quinas pesadas, como as encontradas em escavadeiras, retroescavadeiras e p\u00e1s carregadeiras. Este cilindro hidr\u00e1ulico permite que a ca\u00e7amba suba, des\u00e7a e incline, facilitando tarefas eficientes de movimenta\u00e7\u00e3o de materiais. O cilindro da ca\u00e7amba desempenha um papel vital no aumento da efici\u00eancia operacional dessas m\u00e1quinas, permitindo que elas executem fun\u00e7\u00f5es complexas de escava\u00e7\u00e3o, eleva\u00e7\u00e3o e transporte.<\/p>\n<p>Normalmente, o cilindro da ca\u00e7amba \u00e9 constru\u00eddo com materiais de alta resist\u00eancia para suportar as condi\u00e7\u00f5es exigentes de aplica\u00e7\u00f5es pesadas. Seu projeto prioriza a durabilidade, garantindo que ele suporte as altas press\u00f5es e cargas encontradas durante a opera\u00e7\u00e3o. Devido \u00e0 sua fun\u00e7\u00e3o essencial, o cilindro da ca\u00e7amba \u00e9 projetado para proporcionar movimentos suaves e controlados, permitindo o manuseio preciso de materiais em canteiros de obras e outros ambientes industriais.<\/p>\n<p><img decoding=\"async\" src=\"https:\/\/www.hydraulic-cylinders.net\/wp-content\/uploads\/2025\/04\/songte-company-1.webp\" alt=\"Imagem do Cilindro da Lan\u00e7a\"><\/p>\n<h2>Caracter\u00edsticas do Cilindro de Lan\u00e7a<\/h2>\n<ul>\n<li>\n<h3>Alta resist\u00eancia e durabilidade<\/h3>\n<p>Normalmente fabricado em a\u00e7o de alta resist\u00eancia ou alum\u00ednio, o cilindro da lan\u00e7a \u00e9 projetado para suportar alta press\u00e3o e cargas pesadas. Sua constru\u00e7\u00e3o leva em considera\u00e7\u00e3o a resist\u00eancia ao desgaste e \u00e0 corros\u00e3o, o que prolonga sua vida \u00fatil mesmo em ambientes de trabalho severos.<\/p>\n<\/li>\n<li>\n<h3>Opera\u00e7\u00e3o Hidr\u00e1ulica Eficiente<\/h3>\n<p>Utilizando press\u00e3o de \u00f3leo hidr\u00e1ulico, o cilindro da lan\u00e7a realiza extens\u00e3o e retra\u00e7\u00e3o suaves. Isso permite uma resposta r\u00e1pida aos comandos de controle, ao mesmo tempo que proporciona for\u00e7as consider\u00e1veis \u200b\u200bde empuxo e tra\u00e7\u00e3o, tornando-a adequada para o manuseio de objetos pesados \u200b\u200be tarefas complexas.<\/p>\n<\/li>\n<li>\n<h3>Tipos diversos<\/h3>\n<p>O cilindro da lan\u00e7a pode ser selecionado como de a\u00e7\u00e3o simples (utilizando press\u00e3o hidr\u00e1ulica em uma dire\u00e7\u00e3o) ou de a\u00e7\u00e3o dupla (utilizando press\u00e3o hidr\u00e1ulica em ambas as dire\u00e7\u00f5es) para atender a diferentes necessidades operacionais. Alguns modelos s\u00e3o telesc\u00f3picos, permitindo maior extens\u00e3o sem aumentar as dimens\u00f5es externas, o que os torna ideais para aplica\u00e7\u00f5es com espa\u00e7o limitado.<\/p>\n<\/li>\n<\/ul>\n<p>Nossa empresa tem capacidade para fabricar este produto, e nossos produtos podem substituir perfeitamente esses cilindros hidr\u00e1ulicos.<\/p>\n<p><img decoding=\"async\" src=\"https:\/\/www.hydraulic-cylinders.net\/wp-content\/uploads\/2025\/04\/songte-cylinder-head-with-all-kinds-excavator-models.webp\" alt=\"Modelos de Escavadeiras\"><\/p>\n<h2>Aplica\u00e7\u00f5es do Cilindro Hidr\u00e1ulico<\/h2>\n<ul>\n<li>\n<h3>Equipamentos de constru\u00e7\u00e3o<\/h3>\n<p>Em escavadeiras, os cilindros da lan\u00e7a s\u00e3o essenciais para escavar, carregar e movimentar terra ou entulho. Eles permitem que a ca\u00e7amba penetre no solo de forma eficaz, possibilitando escava\u00e7\u00e3o e movimenta\u00e7\u00e3o de materiais eficientes. Em retroescavadeiras, esses cilindros facilitam tanto a escava\u00e7\u00e3o quanto o levantamento, tornando-as m\u00e1quinas vers\u00e1teis para diversas tarefas de constru\u00e7\u00e3o.<\/p>\n<\/li>\n<li>\n<h3>Maquinaria agr\u00edcola<\/h3>\n<p>Em carregadeiras frontais, os cilindros da lan\u00e7a s\u00e3o cruciais para raspar, levantar e transportar terra, feno e outros materiais. Esses cilindros hidr\u00e1ulicos permitem que as m\u00e1quinas agr\u00edcolas operem com efici\u00eancia, contribuindo para uma maior produtividade nas atividades agr\u00edcolas.<\/p>\n<\/li>\n<li>\n<h3>Escavadeiras<\/h3>\n<p>O cilindro da lan\u00e7a das escavadeiras fornece a for\u00e7a necess\u00e1ria para que a ca\u00e7amba penetre no solo, realizando escava\u00e7\u00f5es eficazes. Essa capacidade \u00e9 vital para os setores de constru\u00e7\u00e3o e terraplenagem, onde precis\u00e3o e pot\u00eancia s\u00e3o essenciais para a opera\u00e7\u00e3o.<\/p>\n<\/li>\n<li>\n<h3>Carregadores<\/h3>\n<p>Em carregadeiras frontais, os cilindros da lan\u00e7a auxiliam no levantamento e despejo eficientes de cargas. Eles permitem que os operadores manuseiem os materiais com facilidade, contribuindo para a produtividade geral da m\u00e1quina em diversos cen\u00e1rios operacionais.<\/p>\n<\/li>\n<\/ul>\n<h2>Considera\u00e7\u00f5es de design e crit\u00e9rios de sele\u00e7\u00e3o<\/h2>\n<ul>\n<li>\n<h3>Capacidade de carga<\/h3>\n<p>A capacidade de carga de um cilindro hidr\u00e1ulico \u00e9 um fator cr\u00edtico em seu projeto. Ele deve ser projetado para suportar as cargas m\u00e1ximas esperadas durante as opera\u00e7\u00f5es, sem risco de falha. Isso envolve c\u00e1lculos cuidadosos e sele\u00e7\u00e3o criteriosa de materiais para garantir seguran\u00e7a e confiabilidade.<\/p>\n<\/li>\n<li>\n<h3>Selagem<\/h3>\n<p>Uma veda\u00e7\u00e3o eficaz \u00e9 essencial para evitar vazamentos de fluido hidr\u00e1ulico e manter a press\u00e3o dentro do sistema. Veda\u00e7\u00f5es de alta qualidade, feitas de materiais dur\u00e1veis \u200b\u200bcomo poliuretano ou borracha nitr\u00edlica, s\u00e3o utilizadas para aumentar a vida \u00fatil e o desempenho do cilindro.<\/p>\n<\/li>\n<li>\n<h3>Durabilidade<\/h3>\n<p>A durabilidade do cilindro da lan\u00e7a \u00e9 fundamental, pois est\u00e1 sujeito a desgaste constante. Os fabricantes frequentemente aplicam tratamentos e revestimentos de superf\u00edcie para melhorar a resist\u00eancia \u00e0 abras\u00e3o e \u00e0 corros\u00e3o, garantindo funcionalidade a longo prazo mesmo em ambientes exigentes.<\/p>\n<\/li>\n<li>\n<h3>Seguran\u00e7a<\/h3>\n<p>A seguran\u00e7a \u00e9 uma prioridade m\u00e1xima no projeto de cilindros hidr\u00e1ulicos. Isso envolve a implementa\u00e7\u00e3o de recursos que previnem a sobre-extens\u00e3o, limitam os n\u00edveis de press\u00e3o e incluem mecanismos de libera\u00e7\u00e3o de emerg\u00eancia para proteger os operadores e as m\u00e1quinas.<\/p>\n<\/li>\n<li>\n<h3>Manuten\u00e7\u00e3o<\/h3>\n<p>Projetar cilindros hidr\u00e1ulicos pensando na manuten\u00e7\u00e3o \u00e9 essencial. Isso inclui f\u00e1cil acesso a veda\u00e7\u00f5es, pontos de lubrifica\u00e7\u00e3o e outros componentes que exigem verifica\u00e7\u00f5es e revis\u00f5es regulares para garantir desempenho ideal e longa vida \u00fatil.<\/p>\n<\/li>\n<\/ul>\n<p><img decoding=\"async\" src=\"https:\/\/www.hydraulic-cylinders.net\/wp-content\/uploads\/2025\/04\/songte-oil-pipes-and-spare-parts.webp\" alt=\"Pe\u00e7as Hidr\u00e1ulicas\"><\/p>\n<h2>Veda\u00e7\u00e3o e lubrifica\u00e7\u00e3o do produto<\/h2>\n<p>Para garantir o funcionamento eficiente dos cilindros da lan\u00e7a, s\u00e3o utilizados diversos componentes de veda\u00e7\u00e3o, incluindo veda\u00e7\u00f5es de pist\u00e3o e veda\u00e7\u00f5es de haste. As veda\u00e7\u00f5es s\u00e3o geralmente fabricadas com materiais resistentes ao desgaste, como poliuretano ou borracha nitr\u00edlica, o que aumenta sua durabilidade e efic\u00e1cia. O corpo do cilindro e as superf\u00edcies roscadas das extremidades passam por usinagem de precis\u00e3o para aumentar a resist\u00eancia ao desgaste e a funcionalidade.<\/p>\n<p>A lubrifica\u00e7\u00e3o regular com \u00f3leo hidr\u00e1ulico \u00e9 essencial para o bom funcionamento do sistema. Uma lubrifica\u00e7\u00e3o adequada reduz o atrito entre as pe\u00e7as m\u00f3veis, minimizando o desgaste e prolongando a vida \u00fatil do cilindro. Os operadores devem seguir os cronogramas de manuten\u00e7\u00e3o para manter o sistema hidr\u00e1ulico funcionando de forma otimizada.<\/p>\n<h2>Medidas de inspe\u00e7\u00e3o regular e manuten\u00e7\u00e3o preventiva<\/h2>\n<ul>\n<li>\n<h3>Inspe\u00e7\u00f5es regulares<\/h3>\n<p>A realiza\u00e7\u00e3o de inspe\u00e7\u00f5es de rotina \u00e9 crucial para identificar problemas potenciais antes que se agravem. Os operadores devem verificar vazamentos, desgaste das veda\u00e7\u00f5es e o estado geral dos cilindros para manter a efici\u00eancia operacional.<\/p>\n<\/li>\n<li>\n<h3>Lubrifica\u00e7\u00e3o adequada<\/h3>\n<p>Garantir que o cilindro hidr\u00e1ulico esteja adequadamente lubrificado \u00e9 fundamental. Os operadores devem verificar e completar os n\u00edveis de \u00f3leo hidr\u00e1ulico rotineiramente, seguindo as recomenda\u00e7\u00f5es do fabricante quanto aos intervalos de manuten\u00e7\u00e3o.<\/p>\n<\/li>\n<li>\n<h3>Substitui\u00e7\u00e3o da veda\u00e7\u00e3o<\/h3>\n<p>Com o tempo, as veda\u00e7\u00f5es podem se degradar devido ao desgaste e \u00e0 exposi\u00e7\u00e3o ao fluido hidr\u00e1ulico. Os operadores devem monitorar a condi\u00e7\u00e3o das veda\u00e7\u00f5es e substitu\u00ed-las conforme necess\u00e1rio para evitar vazamentos e garantir o funcionamento eficiente.<\/p>\n<\/li>\n<\/ul>\n<h2>Diretrizes de instala\u00e7\u00e3o<\/h2>\n<p>A instala\u00e7\u00e3o correta \u00e9 fundamental para o desempenho do cilindro da lan\u00e7a. Comece certificando-se de que os suportes de montagem estejam alinhados corretamente para evitar tens\u00e3o excessiva no cilindro. Utilize as ferramentas de instala\u00e7\u00e3o apropriadas para fixar o cilindro no lugar e certifique-se de que todas as conex\u00f5es hidr\u00e1ulicas estejam bem apertadas para evitar vazamentos.<\/p>\n<p>\u00c9 crucial seguir as especifica\u00e7\u00f5es do fabricante quanto aos valores de torque e procedimentos de alinhamento. O uso de suportes e dispositivos de fixa\u00e7\u00e3o adequados pode aumentar a estabilidade e a seguran\u00e7a durante a opera\u00e7\u00e3o. Ap\u00f3s a instala\u00e7\u00e3o, realize uma inspe\u00e7\u00e3o completa para verificar se os n\u00edveis de fluido hidr\u00e1ulico est\u00e3o corretos e se o sistema est\u00e1 livre de vazamentos antes de iniciar a opera\u00e7\u00e3o.<\/p>\n<h2>Tarefas comuns de manuten\u00e7\u00e3o<\/h2>\n<ul>\n<li>\n<h3>Inspe\u00e7\u00f5es regulares<\/h3>\n<p>Inspecionar regularmente o cilindro da lan\u00e7a \u00e9 essencial para detectar problemas potenciais precocemente. Verifique sinais de desgaste, vazamentos e alinhamento adequado. A detec\u00e7\u00e3o precoce de problemas pode evitar falhas mais graves e reparos dispendiosos.<\/p>\n<\/li>\n<li>\n<h3>Lubrifica\u00e7\u00e3o adequada<\/h3>\n<p>A lubrifica\u00e7\u00e3o deve ser realizada conforme o cronograma de manuten\u00e7\u00e3o. Certifique-se de que todos os pontos de lubrifica\u00e7\u00e3o estejam acess\u00edveis e que o \u00f3leo hidr\u00e1ulico correto seja utilizado. Isso ajuda a reduzir o atrito e o desgaste, prolongando assim a vida \u00fatil do cilindro.<\/p>\n<\/li>\n<li>\n<h3>Substitui\u00e7\u00e3o de selos e verifica\u00e7\u00f5es de calibra\u00e7\u00e3o<\/h3>\n<p>As veda\u00e7\u00f5es devem ser substitu\u00eddas regularmente para evitar vazamentos. As verifica\u00e7\u00f5es de calibra\u00e7\u00e3o tamb\u00e9m s\u00e3o importantes para garantir o funcionamento correto do cilindro. Os procedimentos de manuten\u00e7\u00e3o regular devem ser documentados para refer\u00eancia e melhoria cont\u00ednua.<\/p>\n<\/li>\n<\/ul>\n<p><img decoding=\"async\" src=\"https:\/\/www.hydraulic-cylinders.net\/wp-content\/uploads\/2025\/04\/songte-chushion-collar.webp\" alt=\"Instala\u00e7\u00e3o do cilindro\"><\/p>\n<h2>Considera\u00e7\u00f5es de seguran\u00e7a e fatores ambientais<\/h2>\n<p>Ao utilizar cilindros hidr\u00e1ulicos, a implementa\u00e7\u00e3o de medidas de seguran\u00e7a \u00e9 fundamental. Os operadores devem ser treinados para compreender os riscos potenciais associados aos sistemas hidr\u00e1ulicos, incluindo os riscos de vazamentos de fluidos de alta press\u00e3o e falhas de equipamentos. O uso de equipamentos de prote\u00e7\u00e3o individual (EPI) adequados pode reduzir o risco de les\u00f5es durante a opera\u00e7\u00e3o.<\/p>\n<p>Al\u00e9m disso, \u00e9 essencial considerar fatores ambientais, como conten\u00e7\u00e3o de derramamentos e descarte adequado de fluidos hidr\u00e1ulicos. A ades\u00e3o \u00e0s normas e regulamenta\u00e7\u00f5es de seguran\u00e7a garante que os sistemas hidr\u00e1ulicos operem com efic\u00e1cia, protegendo tanto o pessoal quanto o meio ambiente.<\/p>\n<h2>Diagn\u00f3stico de falhas e problemas comuns<\/h2>\n<ul>\n<li>\n<h3>Vazamento<\/h3>\n<p>Vazamentos de fluido hidr\u00e1ulico podem ocorrer devido a veda\u00e7\u00f5es desgastadas ou componentes danificados. Identificar a origem do vazamento \u00e9 crucial, e as pe\u00e7as afetadas devem ser substitu\u00eddas imediatamente para evitar problemas operacionais.<\/p>\n<\/li>\n<li>\n<h3>Problemas de desempenho<\/h3>\n<p>A diminui\u00e7\u00e3o do desempenho pode indicar problemas no sistema hidr\u00e1ulico, como n\u00edveis baixos de fluido ou ar preso nas tubula\u00e7\u00f5es. A solu\u00e7\u00e3o de problemas deve incluir a verifica\u00e7\u00e3o dos n\u00edveis de fluido e a elimina\u00e7\u00e3o do ar do sistema para restaurar a funcionalidade.<\/p>\n<\/li>\n<li>\n<h3>Superaquecimento<\/h3>\n<p>Se o sistema hidr\u00e1ulico estiver superaquecendo, isso pode ser devido \u00e0 lubrifica\u00e7\u00e3o inadequada ou \u00e0 carga excessiva. Monitorar a temperatura do sistema e garantir a lubrifica\u00e7\u00e3o adequada pode ajudar a prevenir problemas de superaquecimento.<\/p>\n<\/li>\n<\/ul>\n<h2>Dicas de resolu\u00e7\u00e3o de problemas e medidas preventivas<\/h2>\n<p>Para diagnosticar e resolver problemas com o cilindro da lan\u00e7a de forma eficaz, os operadores devem seguir uma abordagem sistem\u00e1tica. Comece verificando se h\u00e1 vazamentos e certifique-se de que todas as veda\u00e7\u00f5es estejam intactas. Se surgirem problemas de desempenho, verifique se os n\u00edveis de fluido hidr\u00e1ulico est\u00e3o adequados e inspecione a presen\u00e7a de ar nas linhas.<\/p>\n<p>A implementa\u00e7\u00e3o de medidas preventivas, como manuten\u00e7\u00e3o e inspe\u00e7\u00f5es regulares, pode reduzir significativamente a probabilidade de ocorr\u00eancia de problemas. Os operadores devem manter um registro detalhado das atividades de manuten\u00e7\u00e3o, o que ajuda a identificar padr\u00f5es e aprimorar as pr\u00e1ticas de manuten\u00e7\u00e3o futuras.<\/p>\n<p><img decoding=\"async\" src=\"https:\/\/www.hydraulic-cylinders.net\/wp-content\/uploads\/2025\/04\/songte-bushings-with-all-kinds-of-excavator-models.webp\" alt=\"Buchas de escavadeira\"><\/p>\n<h2>Vis\u00e3o geral da empresa<\/h2>\n<p>Somos fabricantes de cilindros hidr\u00e1ulicos de reposi\u00e7\u00e3o, reconhecidos como um dos principais produtores e distribuidores nos mercados nacional e internacional. Nosso compromisso com a excel\u00eancia se reflete em nossa diversificada linha de produtos, que atende a v\u00e1rias aplica\u00e7\u00f5es industriais.<\/p>\n<p>Nossa empresa adere a altos padr\u00f5es de qualidade, utilizando um processo de fabrica\u00e7\u00e3o meticulosamente ajustado, guiado por equipamentos digitais avan\u00e7ados e sistemas de teste profissionais. Com uma plataforma de fabrica\u00e7\u00e3o robusta, aprimoramos continuamente nossas capacidades de produ\u00e7\u00e3o, garantindo que atendemos \u00e0s diversas necessidades de nossos clientes com alta efici\u00eancia, precis\u00e3o e qualidade.<\/p>\n<p>Oferecemos servi\u00e7os profissionais, certifica\u00e7\u00f5es internacionais para nossos produtos e op\u00e7\u00f5es de personaliza\u00e7\u00e3o para atender \u00e0s necessidades espec\u00edficas de cada cliente. Nosso servi\u00e7o p\u00f3s-venda foi projetado para garantir a satisfa\u00e7\u00e3o e o suporte do cliente durante todo o ciclo de vida de nossos produtos.<\/p>\n<p><img decoding=\"async\" src=\"https:\/\/www.hydraulic-cylinders.net\/wp-content\/uploads\/2025\/04\/songte-company-4.webp\" alt=\"Vis\u00e3o geral da empresa\"><br \/>\n<img decoding=\"async\" src=\"https:\/\/www.hydraulic-cylinders.net\/wp-content\/uploads\/2025\/04\/songte-company-3.webp\" alt=\"Processos de fabrica\u00e7\u00e3o\"><\/p>\n<p>Autor: lyl<\/p>","protected":false},"excerpt":{"rendered":"<p>Boom Cylinder For Volwa Middle Excavator DLS200-8B Definition of the Bucket Cylinder The boom cylinder, also known as the bucket cylinder, is a crucial component in hydraulic systems, specifically designed to control the movement of various heavy machinery buckets, such as those found in excavators, backhoe loaders, and front-end loaders. This hydraulic cylinder allows the [&hellip;]<\/p>","protected":false},"featured_media":17871,"comment_status":"open","ping_status":"closed","template":"","meta":{"_et_pb_use_builder":"","_et_pb_old_content":"","_et_gb_content_width":""},"product_brand":[],"product_cat":[1546],"product_tag":[1547,1496],"class_list":{"0":"post-19608","1":"product","2":"type-product","3":"status-publish","4":"has-post-thumbnail","6":"product_cat-boom-cylinders","7":"product_tag-boom-cylinders","8":"product_tag-hydraulic-cylinders","10":"first","11":"instock","12":"shipping-taxable","13":"product-type-simple"},"amp_enabled":true,"_links":{"self":[{"href":"https:\/\/www.hydraulic-cylinders.net\/pt\/wp-json\/wp\/v2\/product\/19608","targetHints":{"allow":["GET"]}}],"collection":[{"href":"https:\/\/www.hydraulic-cylinders.net\/pt\/wp-json\/wp\/v2\/product"}],"about":[{"href":"https:\/\/www.hydraulic-cylinders.net\/pt\/wp-json\/wp\/v2\/types\/product"}],"replies":[{"embeddable":true,"href":"https:\/\/www.hydraulic-cylinders.net\/pt\/wp-json\/wp\/v2\/comments?post=19608"}],"wp:featuredmedia":[{"embeddable":true,"href":"https:\/\/www.hydraulic-cylinders.net\/pt\/wp-json\/wp\/v2\/media\/17871"}],"wp:attachment":[{"href":"https:\/\/www.hydraulic-cylinders.net\/pt\/wp-json\/wp\/v2\/media?parent=19608"}],"wp:term":[{"taxonomy":"product_brand","embeddable":true,"href":"https:\/\/www.hydraulic-cylinders.net\/pt\/wp-json\/wp\/v2\/product_brand?post=19608"},{"taxonomy":"product_cat","embeddable":true,"href":"https:\/\/www.hydraulic-cylinders.net\/pt\/wp-json\/wp\/v2\/product_cat?post=19608"},{"taxonomy":"product_tag","embeddable":true,"href":"https:\/\/www.hydraulic-cylinders.net\/pt\/wp-json\/wp\/v2\/product_tag?post=19608"}],"curies":[{"name":"wp","href":"https:\/\/api.w.org\/{rel}","templated":true}]}}